{"id":28418,"date":"2025-02-12T12:25:53","date_gmt":"2025-02-12T11:25:53","guid":{"rendered":"https:\/\/somo-sam.com\/?page_id=28418"},"modified":"2025-02-12T12:32:05","modified_gmt":"2025-02-12T11:32:05","slug":"conditions-generales-dutilisation-cgu-2","status":"publish","type":"page","link":"https:\/\/somo-sam.com\/?page_id=28418","title":{"rendered":"Conditions G\u00e9n\u00e9rales d\u2019Utilisation (CGU)"},"content":{"rendered":"\t\t<div data-elementor-type=\"wp-page\" data-elementor-id=\"28418\" class=\"elementor elementor-28418\" data-elementor-post-type=\"page\">\n\t\t\t\t\t\t<section class=\"elementor-section elementor-top-section elementor-element elementor-element-6a3b3d8 elementor-section-full_width elementor-section-height-min-height wd-section-stretch elementor-section-height-default elementor-section-items-middle\" data-id=\"6a3b3d8\" data-element_type=\"section\" data-settings=\"{&quot;background_background&quot;:&quot;classic&quot;}\">\n\t\t\t\t\t\t<div class=\"elementor-container elementor-column-gap-default\">\n\t\t\t\t\t<div class=\"elementor-column elementor-col-100 elementor-top-column elementor-element elementor-element-693758c1 color-scheme-light\" data-id=\"693758c1\" data-element_type=\"column\">\n\t\t\t<div class=\"elementor-widget-wrap\">\n\t\t\t\t\t\t\t<\/div>\n\t\t<\/div>\n\t\t\t\t\t<\/div>\n\t\t<\/section>\n\t\t\t\t<section class=\"wd-negative-gap elementor-section elementor-top-section elementor-element elementor-element-4dfdf0a2 elementor-section-boxed elementor-section-height-default elementor-section-height-default\" data-id=\"4dfdf0a2\" data-element_type=\"section\">\n\t\t\t\t\t\t<div class=\"elementor-container elementor-column-gap-default\">\n\t\t\t\t\t<div class=\"elementor-column elementor-col-100 elementor-top-column elementor-element elementor-element-2f9ad80\" data-id=\"2f9ad80\" data-element_type=\"column\">\n\t\t\t<div class=\"elementor-widget-wrap elementor-element-populated\">\n\t\t\t\t\t\t<div class=\"elementor-element elementor-element-7f7835ac wd-width-100 elementor-widget elementor-widget-wd_title\" data-id=\"7f7835ac\" data-element_type=\"widget\" data-widget_type=\"wd_title.default\">\n\t\t\t\t<div class=\"elementor-widget-container\">\n\t\t\t\t\t\t\t<div class=\"title-wrapper wd-set-mb reset-last-child wd-title-color-default wd-title-style-underlined wd-title-size-default text-left\">\n\n\t\t\t\n\t\t\t<div class=\"liner-continer\">\n\t\t\t\t<h4 class=\"woodmart-title-container title wd-fontsize-l\">Conditions G\u00e9n\u00e9rales d\u2019Utilisation (CGU)<br \/>\n<\/h4> \n\t\t\t\t\t\t\t<\/div>\n\n\t\t\t\t\t<\/div>\n\t\t\t\t\t\t<\/div>\n\t\t\t\t<\/div>\n\t\t\t\t<section class=\"wd-negative-gap elementor-section elementor-inner-section elementor-element elementor-element-6bb6390f elementor-section-boxed elementor-section-height-default elementor-section-height-default\" data-id=\"6bb6390f\" data-element_type=\"section\">\n\t\t\t\t\t\t<div class=\"elementor-container elementor-column-gap-extended\">\n\t\t\t\t\t<div class=\"elementor-column elementor-col-100 elementor-inner-column elementor-element elementor-element-55006199\" data-id=\"55006199\" data-element_type=\"column\">\n\t\t\t<div class=\"elementor-widget-wrap elementor-element-populated\">\n\t\t\t\t\t\t<div class=\"elementor-element elementor-element-4a06a5bc elementor-widget elementor-widget-wd_text_block\" data-id=\"4a06a5bc\" data-element_type=\"widget\" data-widget_type=\"wd_text_block.default\">\n\t\t\t\t<div class=\"elementor-widget-container\">\n\t\t\t\t\t\t\t<div class=\"wd-text-block reset-last-child text-left\">\n\t\t\t\n\t\t\t<h5><strong style=\"color: var(--wd-title-color); font-family: var(--wd-title-font); font-size: 18px; font-style: var(--wd-title-font-style); text-transform: var(--wd-title-transform); text-align: var(--text-align); background-color: var(--wd-main-bgcolor);\">1. PROPRI\u00c9T\u00c9 DU SITE ET DES CONTENUS<\/strong><\/h5> <p>Le site www.somo-sam.com est la propri\u00e9t\u00e9 de SOMO S.A.M., soci\u00e9t\u00e9 anonyme enregistr\u00e9e sous le num\u00e9ro 57S00479. Toute reproduction, distribution, modification ou exploitation non autoris\u00e9e des contenus est strictement interdite.<\/p> <h5><strong style=\"color: var(--wd-title-color); font-family: var(--wd-title-font); font-size: 18px; font-style: var(--wd-title-font-style); text-transform: var(--wd-title-transform); text-align: var(--text-align); background-color: var(--wd-main-bgcolor);\">2. COLLECTE ET TRAITEMENT DES DONN\u00c9ES PERSONNELLES<\/strong><\/h5> <p>SOMO S.A.M. s\u2019engage \u00e0 prot\u00e9ger vos donn\u00e9es personnelles conform\u00e9ment \u00e0 la l\u00e9gislation en vigueur. Pour plus d\u2019informations, veuillez consulter notre Politique de Confidentialit\u00e9.<\/p> <h5><strong style=\"color: var(--wd-title-color); font-family: var(--wd-title-font); font-size: 18px; font-style: var(--wd-title-font-style); text-transform: var(--wd-title-transform); text-align: var(--text-align); background-color: var(--wd-main-bgcolor);\">3. UTILISATION DU SITE<\/strong><\/h5> <p>L\u2019utilisateur s\u2019engage \u00e0 utiliser le site conform\u00e9ment aux lois en vigueur. Toute tentative d\u2019acc\u00e8s non autoris\u00e9, collecte de donn\u00e9es personnelles ou perturbation de l\u2019acc\u00e8s au site est interdite.<\/p> <h5><strong style=\"color: var(--wd-title-color); font-family: var(--wd-title-font); font-size: 18px; font-style: var(--wd-title-font-style); text-transform: var(--wd-title-transform); text-align: var(--text-align); background-color: var(--wd-main-bgcolor);\">4. COOKIES<\/strong><\/h5> <p>Le site utilise des cookies pour am\u00e9liorer l\u2019exp\u00e9rience utilisateur et analyser l\u2019utilisation du site. Pour plus d\u2019informations, veuillez consulter notre Politique de Confidentialit\u00e9.<\/p> <h5><strong style=\"color: var(--wd-title-color); font-family: var(--wd-title-font); font-size: 18px; font-style: var(--wd-title-font-style); text-transform: var(--wd-title-transform); text-align: var(--text-align); background-color: var(--wd-main-bgcolor);\">5. RESPONSABILIT\u00c9<\/strong><\/h5> <p>SOMO S.A.M. met tout en \u0153uvre pour garantir l\u2019exactitude des informations sur le site, mais ne peut \u00eatre tenue responsable d\u2019\u00e9ventuelles erreurs ou interruptions de service. L\u2019utilisation du site se fait aux risques de l\u2019utilisateur.<\/p> <h5><strong style=\"color: var(--wd-title-color); font-family: var(--wd-title-font); font-size: 18px; font-style: var(--wd-title-font-style); text-transform: var(--wd-title-transform); text-align: var(--text-align); background-color: var(--wd-main-bgcolor);\">6. LIENS EXTERNES<\/strong><\/h5> <p>Le site peut contenir des liens vers des sites tiers. SOMO S.A.M. ne contr\u00f4le pas ces sites et d\u00e9cline toute responsabilit\u00e9 quant \u00e0 leur contenu ou \u00e0 leurs pratiques de confidentialit\u00e9.<\/p> <h5><strong style=\"color: var(--wd-title-color); font-family: var(--wd-title-font); font-size: 18px; font-style: var(--wd-title-font-style); text-transform: var(--wd-title-transform); text-align: var(--text-align); background-color: var(--wd-main-bgcolor);\">7. MODIFICATIONS DES CGU<\/strong><\/h5> <p>SOMO S.A.M. se r\u00e9serve le droit de modifier ces CGU \u00e0 tout moment. Les modifications seront publi\u00e9es sur cette page et entreront en vigueur d\u00e8s leur publication.<\/p> <h5><strong style=\"color: var(--wd-title-color); font-family: var(--wd-title-font); font-size: 18px; font-style: var(--wd-title-font-style); text-transform: var(--wd-title-transform); text-align: var(--text-align); background-color: var(--wd-main-bgcolor);\">8. DROIT APPLICABLE ET JURIDICTION COMP\u00c9TENTE<\/strong><\/h5> <p>Ces CGU sont r\u00e9gies par les lois de Monaco. Tout litige rel\u00e8ve de la comp\u00e9tence exclusive des tribunaux de Monaco.<\/p> <h5><strong style=\"color: var(--wd-title-color); font-family: var(--wd-title-font); font-size: 18px; font-style: var(--wd-title-font-style); text-transform: var(--wd-title-transform); text-align: var(--text-align); background-color: var(--wd-main-bgcolor);\">9. CONTACT<\/strong><\/h5> <p><strong>SOMO S.A.M.<\/strong><br> 30, Boulevard Princesse Charlotte \u2013 98000 Monaco<br> Tel : +377 9797 5252<br> Email : <a href=\"mailto:info@somo-sam.com\">info@somo-sam.com<\/a><\/p>\n\t\t\t\t\t<\/div>\n\t\t\t\t\t\t<\/div>\n\t\t\t\t<\/div>\n\t\t\t\t\t<\/div>\n\t\t<\/div>\n\t\t\t\t\t<\/div>\n\t\t<\/section>\n\t\t\t\t\t<\/div>\n\t\t<\/div>\n\t\t\t\t\t<\/div>\n\t\t<\/section>\n\t\t\t\t<\/div>\n\t\t","protected":false},"excerpt":{"rendered":"<p>Conditions G\u00e9n\u00e9rales d\u2019Utilisation (CGU) 1. PROPRI\u00c9T\u00c9 DU SITE ET DES CONTENUS Le site www.somo-sam.com est la propri\u00e9t\u00e9 de SOMO S.A.M.,<\/p>\n","protected":false},"author":1,"featured_media":0,"parent":0,"menu_order":0,"comment_status":"closed","ping_status":"closed","template":"elementor_header_footer","meta":{"_acf_changed":false,"_monsterinsights_skip_tracking":false,"_monsterinsights_sitenote_active":false,"_monsterinsights_sitenote_note":"","_monsterinsights_sitenote_category":0,"footnotes":""},"class_list":["post-28418","page","type-page","status-publish","hentry"],"acf":[],"yoast_head":"<!-- This site is optimized with the Yoast SEO plugin v23.6 - https:\/\/yoast.com\/wordpress\/plugins\/seo\/ -->\n<title>Conditions G\u00e9n\u00e9rales d\u2019Utilisation (CGU) - SOMO S.A.M<\/title>\n<meta name=\"robots\" content=\"index, follow, max-snippet:-1, max-image-preview:large, max-video-preview:-1\" \/>\n<link rel=\"canonical\" href=\"https:\/\/somo-sam.com\/?page_id=28418\" \/>\n<meta property=\"og:locale\" content=\"fr_FR\" \/>\n<meta property=\"og:type\" content=\"article\" \/>\n<meta property=\"og:title\" content=\"Conditions G\u00e9n\u00e9rales d\u2019Utilisation (CGU) - SOMO S.A.M\" \/>\n<meta property=\"og:description\" content=\"Conditions G\u00e9n\u00e9rales d\u2019Utilisation (CGU) 1. PROPRI\u00c9T\u00c9 DU SITE ET DES CONTENUS Le site www.somo-sam.com est la propri\u00e9t\u00e9 de SOMO S.A.M.,\" \/>\n<meta property=\"og:url\" content=\"https:\/\/somo-sam.com\/?page_id=28418\" \/>\n<meta property=\"og:site_name\" content=\"SOMO S.A.M\" \/>\n<meta property=\"article:modified_time\" content=\"2025-02-12T11:32:05+00:00\" \/>\n<meta name=\"twitter:card\" content=\"summary_large_image\" \/>\n<meta name=\"twitter:label1\" content=\"Dur\u00e9e de lecture estim\u00e9e\" \/>\n\t<meta name=\"twitter:data1\" content=\"2 minutes\" \/>\n<script type=\"application\/ld+json\" class=\"yoast-schema-graph\">{\"@context\":\"https:\/\/schema.org\",\"@graph\":[{\"@type\":\"WebPage\",\"@id\":\"https:\/\/somo-sam.com\/?page_id=28418\",\"url\":\"https:\/\/somo-sam.com\/?page_id=28418\",\"name\":\"Conditions G\u00e9n\u00e9rales d\u2019Utilisation (CGU) - SOMO S.A.M\",\"isPartOf\":{\"@id\":\"http:\/\/somo-sam.com\/#website\"},\"datePublished\":\"2025-02-12T11:25:53+00:00\",\"dateModified\":\"2025-02-12T11:32:05+00:00\",\"breadcrumb\":{\"@id\":\"https:\/\/somo-sam.com\/?page_id=28418#breadcrumb\"},\"inLanguage\":\"fr-FR\",\"potentialAction\":[{\"@type\":\"ReadAction\",\"target\":[\"https:\/\/somo-sam.com\/?page_id=28418\"]}]},{\"@type\":\"BreadcrumbList\",\"@id\":\"https:\/\/somo-sam.com\/?page_id=28418#breadcrumb\",\"itemListElement\":[{\"@type\":\"ListItem\",\"position\":1,\"name\":\"Accueil\",\"item\":\"http:\/\/somo-sam.com\/\"},{\"@type\":\"ListItem\",\"position\":2,\"name\":\"Conditions G\u00e9n\u00e9rales d\u2019Utilisation (CGU)\"}]},{\"@type\":\"WebSite\",\"@id\":\"http:\/\/somo-sam.com\/#website\",\"url\":\"http:\/\/somo-sam.com\/\",\"name\":\"SOMO S.A.M\",\"description\":\"Votre partenaire en \u00e9quipements h\u00f4teliers et de restauration\",\"potentialAction\":[{\"@type\":\"SearchAction\",\"target\":{\"@type\":\"EntryPoint\",\"urlTemplate\":\"http:\/\/somo-sam.com\/?s={search_term_string}\"},\"query-input\":{\"@type\":\"PropertyValueSpecification\",\"valueRequired\":true,\"valueName\":\"search_term_string\"}}],\"inLanguage\":\"fr-FR\"}]}<\/script>\n<!-- \/ Yoast SEO plugin. -->","yoast_head_json":{"title":"Conditions G\u00e9n\u00e9rales d\u2019Utilisation (CGU) - SOMO S.A.M","robots":{"index":"index","follow":"follow","max-snippet":"max-snippet:-1","max-image-preview":"max-image-preview:large","max-video-preview":"max-video-preview:-1"},"canonical":"https:\/\/somo-sam.com\/?page_id=28418","og_locale":"fr_FR","og_type":"article","og_title":"Conditions G\u00e9n\u00e9rales d\u2019Utilisation (CGU) - SOMO S.A.M","og_description":"Conditions G\u00e9n\u00e9rales d\u2019Utilisation (CGU) 1. PROPRI\u00c9T\u00c9 DU SITE ET DES CONTENUS Le site www.somo-sam.com est la propri\u00e9t\u00e9 de SOMO S.A.M.,","og_url":"https:\/\/somo-sam.com\/?page_id=28418","og_site_name":"SOMO S.A.M","article_modified_time":"2025-02-12T11:32:05+00:00","twitter_card":"summary_large_image","twitter_misc":{"Dur\u00e9e de lecture estim\u00e9e":"2 minutes"},"schema":{"@context":"https:\/\/schema.org","@graph":[{"@type":"WebPage","@id":"https:\/\/somo-sam.com\/?page_id=28418","url":"https:\/\/somo-sam.com\/?page_id=28418","name":"Conditions G\u00e9n\u00e9rales d\u2019Utilisation (CGU) - SOMO S.A.M","isPartOf":{"@id":"http:\/\/somo-sam.com\/#website"},"datePublished":"2025-02-12T11:25:53+00:00","dateModified":"2025-02-12T11:32:05+00:00","breadcrumb":{"@id":"https:\/\/somo-sam.com\/?page_id=28418#breadcrumb"},"inLanguage":"fr-FR","potentialAction":[{"@type":"ReadAction","target":["https:\/\/somo-sam.com\/?page_id=28418"]}]},{"@type":"BreadcrumbList","@id":"https:\/\/somo-sam.com\/?page_id=28418#breadcrumb","itemListElement":[{"@type":"ListItem","position":1,"name":"Accueil","item":"http:\/\/somo-sam.com\/"},{"@type":"ListItem","position":2,"name":"Conditions G\u00e9n\u00e9rales d\u2019Utilisation (CGU)"}]},{"@type":"WebSite","@id":"http:\/\/somo-sam.com\/#website","url":"http:\/\/somo-sam.com\/","name":"SOMO S.A.M","description":"Votre partenaire en \u00e9quipements h\u00f4teliers et de restauration","potentialAction":[{"@type":"SearchAction","target":{"@type":"EntryPoint","urlTemplate":"http:\/\/somo-sam.com\/?s={search_term_string}"},"query-input":{"@type":"PropertyValueSpecification","valueRequired":true,"valueName":"search_term_string"}}],"inLanguage":"fr-FR"}]}},"_links":{"self":[{"href":"https:\/\/somo-sam.com\/index.php?rest_route=\/wp\/v2\/pages\/28418","targetHints":{"allow":["GET"]}}],"collection":[{"href":"https:\/\/somo-sam.com\/index.php?rest_route=\/wp\/v2\/pages"}],"about":[{"href":"https:\/\/somo-sam.com\/index.php?rest_route=\/wp\/v2\/types\/page"}],"author":[{"embeddable":true,"href":"https:\/\/somo-sam.com\/index.php?rest_route=\/wp\/v2\/users\/1"}],"replies":[{"embeddable":true,"href":"https:\/\/somo-sam.com\/index.php?rest_route=%2Fwp%2Fv2%2Fcomments&post=28418"}],"version-history":[{"count":8,"href":"https:\/\/somo-sam.com\/index.php?rest_route=\/wp\/v2\/pages\/28418\/revisions"}],"predecessor-version":[{"id":28428,"href":"https:\/\/somo-sam.com\/index.php?rest_route=\/wp\/v2\/pages\/28418\/revisions\/28428"}],"wp:attachment":[{"href":"https:\/\/somo-sam.com\/index.php?rest_route=%2Fwp%2Fv2%2Fmedia&parent=28418"}],"curies":[{"name":"wp","href":"https:\/\/api.w.org\/{rel}","templated":true}]}}