{"id":28641,"date":"2025-02-14T11:17:54","date_gmt":"2025-02-14T10:17:54","guid":{"rendered":"https:\/\/somo-sam.com\/?page_id=28641"},"modified":"2025-03-24T10:48:03","modified_gmt":"2025-03-24T09:48:03","slug":"comment-demander-un-devis","status":"publish","type":"page","link":"https:\/\/somo-sam.com\/?page_id=28641","title":{"rendered":"Comment demander un devis ?"},"content":{"rendered":"\t\t<div data-elementor-type=\"wp-page\" data-elementor-id=\"28641\" class=\"elementor elementor-28641\" data-elementor-post-type=\"page\">\n\t\t\t\t\t\t<section class=\"elementor-section elementor-top-section elementor-element elementor-element-52433815 elementor-section-full_width elementor-section-height-min-height wd-section-stretch elementor-section-height-default elementor-section-items-middle\" data-id=\"52433815\" data-element_type=\"section\" data-settings=\"{&quot;background_background&quot;:&quot;classic&quot;}\">\n\t\t\t\t\t\t<div class=\"elementor-container elementor-column-gap-default\">\n\t\t\t\t\t<div class=\"elementor-column elementor-col-100 elementor-top-column elementor-element elementor-element-263ff3cb color-scheme-light\" data-id=\"263ff3cb\" data-element_type=\"column\">\n\t\t\t<div class=\"elementor-widget-wrap\">\n\t\t\t\t\t\t\t<\/div>\n\t\t<\/div>\n\t\t\t\t\t<\/div>\n\t\t<\/section>\n\t\t\t\t<section class=\"wd-negative-gap elementor-section elementor-top-section elementor-element elementor-element-10e326ec elementor-section-boxed elementor-section-height-default elementor-section-height-default\" data-id=\"10e326ec\" data-element_type=\"section\">\n\t\t\t\t\t\t<div class=\"elementor-container elementor-column-gap-default\">\n\t\t\t\t\t<div class=\"elementor-column elementor-col-100 elementor-top-column elementor-element elementor-element-1c57d406\" data-id=\"1c57d406\" data-element_type=\"column\">\n\t\t\t<div class=\"elementor-widget-wrap elementor-element-populated\">\n\t\t\t\t\t\t<div class=\"elementor-element elementor-element-53cbe914 wd-width-100 elementor-widget elementor-widget-wd_title\" data-id=\"53cbe914\" data-element_type=\"widget\" data-widget_type=\"wd_title.default\">\n\t\t\t\t<div class=\"elementor-widget-container\">\n\t\t\t\t\t\t\t<div class=\"title-wrapper wd-set-mb reset-last-child wd-title-color-default wd-title-style-underlined wd-title-size-default text-left\">\n\n\t\t\t\n\t\t\t<div class=\"liner-continer\">\n\t\t\t\t<h4 class=\"woodmart-title-container title wd-fontsize-l\">Comment demander un devis ?<\/h4> \n\t\t\t\t\t\t\t<\/div>\n\n\t\t\t\t\t<\/div>\n\t\t\t\t\t\t<\/div>\n\t\t\t\t<\/div>\n\t\t\t\t<section class=\"wd-negative-gap elementor-section elementor-inner-section elementor-element elementor-element-5c6eab4d elementor-section-boxed elementor-section-height-default elementor-section-height-default\" data-id=\"5c6eab4d\" data-element_type=\"section\">\n\t\t\t\t\t\t<div class=\"elementor-container elementor-column-gap-extended\">\n\t\t\t\t\t<div class=\"elementor-column elementor-col-100 elementor-inner-column elementor-element elementor-element-7037d43b\" data-id=\"7037d43b\" data-element_type=\"column\">\n\t\t\t<div class=\"elementor-widget-wrap elementor-element-populated\">\n\t\t\t\t\t\t<div class=\"elementor-element elementor-element-38cabb02 elementor-widget elementor-widget-wd_text_block\" data-id=\"38cabb02\" data-element_type=\"widget\" data-widget_type=\"wd_text_block.default\">\n\t\t\t\t<div class=\"elementor-widget-container\">\n\t\t\t\t\t\t\t<div class=\"wd-text-block reset-last-child text-left\">\n\t\t\t\n\t\t\t<p data-start=\"144\" data-end=\"217\">Obtenez rapidement une offre personnalis\u00e9e en quelques \u00e9tapes simples :<\/p><h3 data-start=\"219\" data-end=\"262\"><strong data-start=\"223\" data-end=\"260\">1. Ajoutez vos produits au panier<\/strong><\/h3><p data-start=\"263\" data-end=\"439\">S\u00e9lectionnez les produits et indiquez les quantit\u00e9s souhait\u00e9es. Une fois votre s\u00e9lection termin\u00e9e, cliquez sur <strong data-start=\"374\" data-end=\"398\">\"Envoyer mon panier\"<\/strong> pour soumettre votre demande de devis.<\/p><h3 data-start=\"441\" data-end=\"496\"><strong data-start=\"445\" data-end=\"494\">2. Identifiez-vous pour un tarif personnalis\u00e9<\/strong><\/h3><p data-start=\"497\" data-end=\"735\">Si vous \u00eates une entreprise, identifiez-vous afin d\u2019acc\u00e9der \u00e0 vos conditions tarifaires sp\u00e9cifiques. Si vous \u00eates un nouveau client, nous analyserons votre demande et vous proposerons un prix adapt\u00e9.<\/p><h3 data-start=\"737\" data-end=\"773\"><strong data-start=\"741\" data-end=\"771\">3. Compl\u00e9tez le formulaire<\/strong><\/h3><p data-start=\"774\" data-end=\"858\">Lors de l'envoi de votre demande, veuillez renseigner les informations suivantes :<\/p><ul data-start=\"859\" data-end=\"999\"><li data-start=\"859\" data-end=\"880\"><strong data-start=\"861\" data-end=\"878\">Nom et pr\u00e9nom<\/strong><\/li><li data-start=\"881\" data-end=\"924\"><strong data-start=\"883\" data-end=\"922\">Nom de l\u2019entreprise (si applicable)<\/strong><\/li><li data-start=\"925\" data-end=\"952\"><strong data-start=\"927\" data-end=\"950\">Num\u00e9ro de t\u00e9l\u00e9phone<\/strong><\/li><li data-start=\"953\" data-end=\"975\"><strong data-start=\"955\" data-end=\"973\">Adresse e-mail<\/strong><\/li><li data-start=\"976\" data-end=\"999\"><strong data-start=\"978\" data-end=\"997\">Adresse postale<\/strong><\/li><\/ul><h3 data-start=\"1245\" data-end=\"1296\"><strong data-start=\"1249\" data-end=\"1294\">4. R\u00e9ception et validation de votre offre<\/strong><\/h3><p data-start=\"1297\" data-end=\"1510\">Sous 48h maximum, nous vous enverrons une proposition d\u00e9taill\u00e9e avec les prix et les d\u00e9lais de livraison. Pour valider votre commande, il vous suffira de nous retourner par mail l\u2019offre sign\u00e9e avec votre bon pour accord.<\/p><h3 data-start=\"1512\" data-end=\"1547\"><strong data-start=\"1516\" data-end=\"1545\">5. Exp\u00e9dition et paiement<\/strong><\/h3><p data-start=\"1548\" data-end=\"1718\">Une fois votre commande confirm\u00e9e, la marchandise sera exp\u00e9di\u00e9e dans le d\u00e9lai indiqu\u00e9. Le r\u00e8glement devra s\u2019effectuer selon les modalit\u00e9s d\u00e9finies dans l\u2019offre de prix.<\/p><p data-start=\"1720\" data-end=\"1810\">\ud83d\udce9 <strong data-start=\"1723\" data-end=\"1742\">Besoin d\u2019aide ?<\/strong> Contactez-nous pour toute question ou information compl\u00e9mentaire.<span style=\"font-size: 14px; text-align: var(--text-align); background-color: var(--wd-main-bgcolor); color: var(--wd-text-color);\"><\/span><\/p>\n\t\t\t\t\t<\/div>\n\t\t\t\t\t\t<\/div>\n\t\t\t\t<\/div>\n\t\t\t\t\t<\/div>\n\t\t<\/div>\n\t\t\t\t\t<\/div>\n\t\t<\/section>\n\t\t\t\t\t<\/div>\n\t\t<\/div>\n\t\t\t\t\t<\/div>\n\t\t<\/section>\n\t\t<div class=\"wd-negative-gap elementor-element elementor-element-6dba59d e-flex e-con-boxed e-con e-parent\" data-id=\"6dba59d\" data-element_type=\"container\">\n\t\t\t\t\t<div class=\"e-con-inner\">\n\t\t<div class=\"elementor-element elementor-element-94352e7 e-con-full e-flex e-con e-child\" data-id=\"94352e7\" data-element_type=\"container\">\n\t\t\t\t<div class=\"elementor-element elementor-element-2a1d91a wd-width-100 elementor-widget elementor-widget-wd_title\" data-id=\"2a1d91a\" data-element_type=\"widget\" data-widget_type=\"wd_title.default\">\n\t\t\t\t<div class=\"elementor-widget-container\">\n\t\t\t\t\t\t\t<div class=\"title-wrapper wd-set-mb reset-last-child wd-title-color-default wd-title-style-default wd-title-size-default text-left\">\n\n\t\t\t\n\t\t\t<div class=\"liner-continer\">\n\t\t\t\t<h4 class=\"woodmart-title-container title wd-fontsize-l\">Pour toute question, veuillez nous contacter en remplissant ce formulaire.<\/h4> \n\t\t\t\t\t\t\t<\/div>\n\n\t\t\t\t\t<\/div>\n\t\t\t\t\t\t<\/div>\n\t\t\t\t<\/div>\n\t\t\t\t<div class=\"elementor-element elementor-element-94affe5 elementor-widget elementor-widget-wd_contact_form_7\" data-id=\"94affe5\" data-element_type=\"widget\" data-widget_type=\"wd_contact_form_7.default\">\n\t\t\t\t<div class=\"elementor-widget-container\">\n\t\t\t\t\t\n<div class=\"wpcf7 no-js\" id=\"wpcf7-f27803-o1\" lang=\"fr-FR\" dir=\"ltr\" data-wpcf7-id=\"27803\">\n<div class=\"screen-reader-response\"><p role=\"status\" aria-live=\"polite\" aria-atomic=\"true\"><\/p> <ul><\/ul><\/div>\n<form action=\"\/index.php?rest_route=%2Fwp%2Fv2%2Fpages%2F28641#wpcf7-f27803-o1\" method=\"post\" class=\"wpcf7-form init\" aria-label=\"Formulaire de contact\" novalidate=\"novalidate\" data-status=\"init\">\n<div style=\"display: none;\">\n<input type=\"hidden\" name=\"_wpcf7\" value=\"27803\" \/>\n<input type=\"hidden\" name=\"_wpcf7_version\" value=\"6.0.5\" \/>\n<input type=\"hidden\" name=\"_wpcf7_locale\" value=\"fr_FR\" \/>\n<input type=\"hidden\" name=\"_wpcf7_unit_tag\" value=\"wpcf7-f27803-o1\" \/>\n<input type=\"hidden\" name=\"_wpcf7_container_post\" value=\"0\" \/>\n<input type=\"hidden\" name=\"_wpcf7_posted_data_hash\" value=\"\" \/>\n<\/div>\n<style>\n .form-container {\n display: flex;\n flex-wrap: wrap;\n gap: 10px;\n }\n\n .form-group {\n width: 48%;\n }\n\n .form-full {\n width: 100%;\n }\n\n label {\n font-weight: bold;\n }\n<\/style>\n<div class=\"form-container\">\n\t<div class=\"form-group\">\n\t\t<p><label for=\"first-name\">Pr\u00e9nom :<\/label><br \/>\n<span class=\"wpcf7-form-control-wrap\" data-name=\"first-name\"><input size=\"40\" maxlength=\"400\" class=\"wpcf7-form-control wpcf7-text wpcf7-validates-as-required\" id=\"first-name\" autocomplete=\"given-name\" aria-required=\"true\" aria-invalid=\"false\" value=\"\" type=\"text\" name=\"first-name\" \/><\/span>\n\t\t<\/p>\n\t<\/div>\n\t<div class=\"form-group\">\n\t\t<p><label for=\"last-name\">Nom :<\/label><br \/>\n<span class=\"wpcf7-form-control-wrap\" data-name=\"last-name\"><input size=\"40\" maxlength=\"400\" class=\"wpcf7-form-control wpcf7-text wpcf7-validates-as-required\" id=\"last-name\" autocomplete=\"family-name\" aria-required=\"true\" aria-invalid=\"false\" value=\"\" type=\"text\" name=\"last-name\" \/><\/span>\n\t\t<\/p>\n\t<\/div>\n\t<div class=\"form-group\">\n\t\t<p><label for=\"your-email\">Email :<\/label><br \/>\n<span class=\"wpcf7-form-control-wrap\" data-name=\"your-email\"><input size=\"40\" maxlength=\"400\" class=\"wpcf7-form-control wpcf7-email wpcf7-validates-as-required wpcf7-text wpcf7-validates-as-email\" id=\"your-email\" autocomplete=\"email\" aria-required=\"true\" aria-invalid=\"false\" value=\"\" type=\"email\" name=\"your-email\" \/><\/span>\n\t\t<\/p>\n\t<\/div>\n\t<div class=\"form-group\">\n\t\t<p><label for=\"your-phone\">T\u00e9l\u00e9phone :<\/label><br \/>\n<span class=\"wpcf7-form-control-wrap\" data-name=\"your-phone\"><input size=\"40\" maxlength=\"400\" class=\"wpcf7-form-control wpcf7-tel wpcf7-validates-as-required wpcf7-text wpcf7-validates-as-tel\" id=\"your-phone\" autocomplete=\"tel\" aria-required=\"true\" aria-invalid=\"false\" value=\"\" type=\"tel\" name=\"your-phone\" \/><\/span>\n\t\t<\/p>\n\t<\/div>\n\t<div class=\"form-group\">\n\t\t<p><label for=\"company-name\">Soci\u00e9t\u00e9 :<\/label><br \/>\n<span class=\"wpcf7-form-control-wrap\" data-name=\"company-name\"><input size=\"40\" maxlength=\"400\" class=\"wpcf7-form-control wpcf7-text\" id=\"company-name\" aria-invalid=\"false\" value=\"\" type=\"text\" name=\"company-name\" \/><\/span>\n\t\t<\/p>\n\t<\/div>\n\t<div class=\"form-group\">\n\t\t<p><label for=\"postal-code\">Code postal :<\/label><br \/>\n<span class=\"wpcf7-form-control-wrap\" data-name=\"postal-code\"><input size=\"40\" maxlength=\"400\" class=\"wpcf7-form-control wpcf7-text wpcf7-validates-as-required\" id=\"postal-code\" autocomplete=\"postal-code\" aria-required=\"true\" aria-invalid=\"false\" value=\"\" type=\"text\" name=\"postal-code\" \/><\/span>\n\t\t<\/p>\n\t<\/div>\n\t<div class=\"form-full\">\n\t\t<p><label for=\"address\">Adresse compl\u00e8te :<\/label><br \/>\n<span class=\"wpcf7-form-control-wrap\" data-name=\"address\"><input size=\"40\" maxlength=\"400\" class=\"wpcf7-form-control wpcf7-text wpcf7-validates-as-required\" id=\"address\" autocomplete=\"street-address\" aria-required=\"true\" aria-invalid=\"false\" value=\"\" type=\"text\" name=\"address\" \/><\/span>\n\t\t<\/p>\n\t<\/div>\n\t<div class=\"form-full\">\n\t\t<p><label for=\"business-sector\">Secteur d'activit\u00e9 :<\/label><br \/>\n<span class=\"wpcf7-form-control-wrap\" data-name=\"business-sector\"><select class=\"wpcf7-form-control wpcf7-select wpcf7-validates-as-required\" id=\"business-sector\" aria-required=\"true\" aria-invalid=\"false\" name=\"business-sector\"><option value=\"-- s\u00e9lectionner --\">-- s\u00e9lectionner --<\/option><option value=\"Solution digitale\">Solution digitale<\/option><option value=\"Equipement Hotel\">Equipement Hotel<\/option><option value=\"Salon de coiffure\">Salon de coiffure<\/option><option value=\"Automatisme\">Automatisme<\/option><option value=\"Technique fermeture\">Technique fermeture<\/option><option value=\"Autre\">Autre<\/option><\/select><\/span>\n\t\t<\/p>\n\t<\/div>\n\t<div class=\"form-full\">\n\t\t<p><label for=\"subject\">Objet de la demande :<\/label><br \/>\n<span class=\"wpcf7-form-control-wrap\" data-name=\"subject\"><select class=\"wpcf7-form-control wpcf7-select wpcf7-validates-as-required\" id=\"subject\" aria-required=\"true\" aria-invalid=\"false\" name=\"subject\"><option value=\"Demande d&#039;information\">Demande d&#039;information<\/option><option value=\"Demande de prix\">Demande de prix<\/option><option value=\"Prise de rendez-vous\">Prise de rendez-vous<\/option><option value=\"Envoi de documentation\">Envoi de documentation<\/option><option value=\"Service apr\u00e8s-vente (SAV)\">Service apr\u00e8s-vente (SAV)<\/option><option value=\"Autre\">Autre<\/option><\/select><\/span>\n\t\t<\/p>\n\t<\/div>\n\t<div class=\"form-full\">\n\t\t<p><label for=\"message\">Description de votre demande :<\/label><br \/>\n<span class=\"wpcf7-form-control-wrap\" data-name=\"message\"><textarea cols=\"40\" rows=\"10\" maxlength=\"2000\" class=\"wpcf7-form-control wpcf7-textarea wpcf7-validates-as-required\" id=\"message\" aria-required=\"true\" aria-invalid=\"false\" name=\"message\"><\/textarea><\/span>\n\t\t<\/p>\n\t<\/div>\n<\/div>\n<p><strong>* En soumettant ce formulaire, j'accepte<\/strong>\n<\/p>\n<p><a href=\"https:\/\/somo-sam.com\/?page_id=27805\" target=\"_blank\">CGU & Politique de confidentialit\u00e9<\/a>\n<\/p>\n<p><strong>Je souhaite \u00eatre inform\u00e9(e) des offres et nouveaut\u00e9s :<\/strong>\n<\/p>\n<p><span class=\"wpcf7-form-control-wrap\" data-name=\"newsletter\"><span class=\"wpcf7-form-control wpcf7-radio\"><span class=\"wpcf7-list-item first\"><input type=\"radio\" name=\"newsletter\" value=\"Oui, j\u2019accepte\" checked=\"checked\" \/><span class=\"wpcf7-list-item-label\">Oui, j\u2019accepte<\/span><\/span><span class=\"wpcf7-list-item last\"><input type=\"radio\" name=\"newsletter\" value=\"Non, je refuse\" \/><span class=\"wpcf7-list-item-label\">Non, je refuse<\/span><\/span><\/span><\/span>\n<\/p>\n<p><input class=\"wpcf7-form-control wpcf7-submit has-spinner\" type=\"submit\" value=\"Envoyer\" \/>\n<\/p><div class=\"wpcf7-response-output\" aria-hidden=\"true\"><\/div>\n<\/form>\n<\/div>\n\t\t\t\t<\/div>\n\t\t\t\t<\/div>\n\t\t\t\t<\/div>\n\t\t\t\t\t<\/div>\n\t\t\t\t<\/div>\n\t\t\t\t<\/div>\n\t\t","protected":false},"excerpt":{"rendered":"<p>Comment demander un devis ? Obtenez rapidement une offre personnalis\u00e9e en quelques \u00e9tapes simples : 1. Ajoutez vos produits au<\/p>\n","protected":false},"author":1,"featured_media":0,"parent":0,"menu_order":0,"comment_status":"closed","ping_status":"closed","template":"elementor_header_footer","meta":{"_acf_changed":false,"_monsterinsights_skip_tracking":false,"_monsterinsights_sitenote_active":false,"_monsterinsights_sitenote_note":"","_monsterinsights_sitenote_category":0,"footnotes":""},"class_list":["post-28641","page","type-page","status-publish","hentry"],"acf":[],"yoast_head":"<!-- This site is optimized with the Yoast SEO plugin v23.6 - https:\/\/yoast.com\/wordpress\/plugins\/seo\/ -->\n<title>Comment demander un devis ? - SOMO S.A.M<\/title>\n<meta name=\"robots\" content=\"index, follow, max-snippet:-1, max-image-preview:large, max-video-preview:-1\" \/>\n<link rel=\"canonical\" href=\"https:\/\/somo-sam.com\/?page_id=28641\" \/>\n<meta property=\"og:locale\" content=\"fr_FR\" \/>\n<meta property=\"og:type\" content=\"article\" \/>\n<meta property=\"og:title\" content=\"Comment demander un devis ? - SOMO S.A.M\" \/>\n<meta property=\"og:description\" content=\"Comment demander un devis ? Obtenez rapidement une offre personnalis\u00e9e en quelques \u00e9tapes simples : 1. Ajoutez vos produits au\" \/>\n<meta property=\"og:url\" content=\"https:\/\/somo-sam.com\/?page_id=28641\" \/>\n<meta property=\"og:site_name\" content=\"SOMO S.A.M\" \/>\n<meta property=\"article:modified_time\" content=\"2025-03-24T09:48:03+00:00\" \/>\n<meta name=\"twitter:card\" content=\"summary_large_image\" \/>\n<meta name=\"twitter:label1\" content=\"Dur\u00e9e de lecture estim\u00e9e\" \/>\n\t<meta name=\"twitter:data1\" content=\"2 minutes\" \/>\n<script type=\"application\/ld+json\" class=\"yoast-schema-graph\">{\"@context\":\"https:\/\/schema.org\",\"@graph\":[{\"@type\":\"WebPage\",\"@id\":\"https:\/\/somo-sam.com\/?page_id=28641\",\"url\":\"https:\/\/somo-sam.com\/?page_id=28641\",\"name\":\"Comment demander un devis ? - SOMO S.A.M\",\"isPartOf\":{\"@id\":\"http:\/\/somo-sam.com\/#website\"},\"datePublished\":\"2025-02-14T10:17:54+00:00\",\"dateModified\":\"2025-03-24T09:48:03+00:00\",\"breadcrumb\":{\"@id\":\"https:\/\/somo-sam.com\/?page_id=28641#breadcrumb\"},\"inLanguage\":\"fr-FR\",\"potentialAction\":[{\"@type\":\"ReadAction\",\"target\":[\"https:\/\/somo-sam.com\/?page_id=28641\"]}]},{\"@type\":\"BreadcrumbList\",\"@id\":\"https:\/\/somo-sam.com\/?page_id=28641#breadcrumb\",\"itemListElement\":[{\"@type\":\"ListItem\",\"position\":1,\"name\":\"Accueil\",\"item\":\"http:\/\/somo-sam.com\/\"},{\"@type\":\"ListItem\",\"position\":2,\"name\":\"Comment demander un devis ?\"}]},{\"@type\":\"WebSite\",\"@id\":\"http:\/\/somo-sam.com\/#website\",\"url\":\"http:\/\/somo-sam.com\/\",\"name\":\"SOMO S.A.M\",\"description\":\"Votre partenaire en \u00e9quipements h\u00f4teliers et de restauration\",\"potentialAction\":[{\"@type\":\"SearchAction\",\"target\":{\"@type\":\"EntryPoint\",\"urlTemplate\":\"http:\/\/somo-sam.com\/?s={search_term_string}\"},\"query-input\":{\"@type\":\"PropertyValueSpecification\",\"valueRequired\":true,\"valueName\":\"search_term_string\"}}],\"inLanguage\":\"fr-FR\"}]}<\/script>\n<!-- \/ Yoast SEO plugin. -->","yoast_head_json":{"title":"Comment demander un devis ? - SOMO S.A.M","robots":{"index":"index","follow":"follow","max-snippet":"max-snippet:-1","max-image-preview":"max-image-preview:large","max-video-preview":"max-video-preview:-1"},"canonical":"https:\/\/somo-sam.com\/?page_id=28641","og_locale":"fr_FR","og_type":"article","og_title":"Comment demander un devis ? - SOMO S.A.M","og_description":"Comment demander un devis ? Obtenez rapidement une offre personnalis\u00e9e en quelques \u00e9tapes simples : 1. Ajoutez vos produits au","og_url":"https:\/\/somo-sam.com\/?page_id=28641","og_site_name":"SOMO S.A.M","article_modified_time":"2025-03-24T09:48:03+00:00","twitter_card":"summary_large_image","twitter_misc":{"Dur\u00e9e de lecture estim\u00e9e":"2 minutes"},"schema":{"@context":"https:\/\/schema.org","@graph":[{"@type":"WebPage","@id":"https:\/\/somo-sam.com\/?page_id=28641","url":"https:\/\/somo-sam.com\/?page_id=28641","name":"Comment demander un devis ? - SOMO S.A.M","isPartOf":{"@id":"http:\/\/somo-sam.com\/#website"},"datePublished":"2025-02-14T10:17:54+00:00","dateModified":"2025-03-24T09:48:03+00:00","breadcrumb":{"@id":"https:\/\/somo-sam.com\/?page_id=28641#breadcrumb"},"inLanguage":"fr-FR","potentialAction":[{"@type":"ReadAction","target":["https:\/\/somo-sam.com\/?page_id=28641"]}]},{"@type":"BreadcrumbList","@id":"https:\/\/somo-sam.com\/?page_id=28641#breadcrumb","itemListElement":[{"@type":"ListItem","position":1,"name":"Accueil","item":"http:\/\/somo-sam.com\/"},{"@type":"ListItem","position":2,"name":"Comment demander un devis ?"}]},{"@type":"WebSite","@id":"http:\/\/somo-sam.com\/#website","url":"http:\/\/somo-sam.com\/","name":"SOMO S.A.M","description":"Votre partenaire en \u00e9quipements h\u00f4teliers et de restauration","potentialAction":[{"@type":"SearchAction","target":{"@type":"EntryPoint","urlTemplate":"http:\/\/somo-sam.com\/?s={search_term_string}"},"query-input":{"@type":"PropertyValueSpecification","valueRequired":true,"valueName":"search_term_string"}}],"inLanguage":"fr-FR"}]}},"_links":{"self":[{"href":"https:\/\/somo-sam.com\/index.php?rest_route=\/wp\/v2\/pages\/28641","targetHints":{"allow":["GET"]}}],"collection":[{"href":"https:\/\/somo-sam.com\/index.php?rest_route=\/wp\/v2\/pages"}],"about":[{"href":"https:\/\/somo-sam.com\/index.php?rest_route=\/wp\/v2\/types\/page"}],"author":[{"embeddable":true,"href":"https:\/\/somo-sam.com\/index.php?rest_route=\/wp\/v2\/users\/1"}],"replies":[{"embeddable":true,"href":"https:\/\/somo-sam.com\/index.php?rest_route=%2Fwp%2Fv2%2Fcomments&post=28641"}],"version-history":[{"count":17,"href":"https:\/\/somo-sam.com\/index.php?rest_route=\/wp\/v2\/pages\/28641\/revisions"}],"predecessor-version":[{"id":31041,"href":"https:\/\/somo-sam.com\/index.php?rest_route=\/wp\/v2\/pages\/28641\/revisions\/31041"}],"wp:attachment":[{"href":"https:\/\/somo-sam.com\/index.php?rest_route=%2Fwp%2Fv2%2Fmedia&parent=28641"}],"curies":[{"name":"wp","href":"https:\/\/api.w.org\/{rel}","templated":true}]}}