{"id":4439,"date":"2021-10-12T16:27:24","date_gmt":"2021-10-12T16:27:24","guid":{"rendered":"http:\/\/dummy.xtemos.com\/woodmart2\/elementor\/?page_id=4439"},"modified":"2025-02-07T02:07:31","modified_gmt":"2025-02-07T01:07:31","slug":"contact-us","status":"publish","type":"page","link":"https:\/\/somo-sam.com\/?page_id=4439","title":{"rendered":"Contact us"},"content":{"rendered":"\t\t<div data-elementor-type=\"wp-page\" data-elementor-id=\"4439\" class=\"elementor elementor-4439\" data-elementor-post-type=\"page\">\n\t\t\t\t\t\t<section class=\"wd-negative-gap elementor-section elementor-top-section elementor-element elementor-element-24754fa9 wd-section-stretch elementor-section-boxed elementor-section-height-default elementor-section-height-default\" data-id=\"24754fa9\" data-element_type=\"section\" data-settings=\"{&quot;background_background&quot;:&quot;classic&quot;}\">\n\t\t\t\t\t\t<div class=\"elementor-container elementor-column-gap-default\">\n\t\t\t\t\t<div class=\"elementor-column elementor-col-50 elementor-top-column elementor-element elementor-element-605391b8\" data-id=\"605391b8\" data-element_type=\"column\">\n\t\t\t<div class=\"elementor-widget-wrap elementor-element-populated\">\n\t\t\t\t\t\t<div class=\"elementor-element elementor-element-6fe81821 wd-width-100 elementor-widget elementor-widget-wd_title\" data-id=\"6fe81821\" data-element_type=\"widget\" data-widget_type=\"wd_title.default\">\n\t\t\t\t<div class=\"elementor-widget-container\">\n\t\t\t\t\t\t\t<div class=\"title-wrapper wd-set-mb reset-last-child wd-title-color-primary wd-title-style-default wd-title-size-default text-left\">\n\n\t\t\t\n\t\t\t<div class=\"liner-continer\">\n\t\t\t\t<h4 class=\"woodmart-title-container title wd-fontsize-l\">Contactez SOMO <\/h4> \n\t\t\t\t\t\t\t<\/div>\n\n\t\t\t\t\t\t\t<div class=\"title-after_title reset-last-child wd-fontsize-xs\">\n\t\t\t\t\t<p>Pour toute demande d'information, devis ou assistance, notre \u00e9quipe est \u00e0 votre disposition. N'h\u00e9sitez pas \u00e0 nous contacter pour en savoir plus sur nos solutions innovantes et nos produits de qualit\u00e9.<\/p>\t\t\t\t<\/div>\n\t\t\t\t\t<\/div>\n\t\t\t\t\t\t<\/div>\n\t\t\t\t<\/div>\n\t\t\t\t\t<\/div>\n\t\t<\/div>\n\t\t\t\t<div class=\"elementor-column elementor-col-25 elementor-top-column elementor-element elementor-element-231b63ce elementor-hidden-mobile\" data-id=\"231b63ce\" data-element_type=\"column\">\n\t\t\t<div class=\"elementor-widget-wrap elementor-element-populated\">\n\t\t\t\t\t\t<div class=\"elementor-element elementor-element-5546d99a elementor-widget elementor-widget-wd_image_or_svg\" data-id=\"5546d99a\" data-element_type=\"widget\" data-widget_type=\"wd_image_or_svg.default\">\n\t\t\t\t<div class=\"elementor-widget-container\">\n\t\t\t\t\t\n\t\t<div class=\"wd-image text-left\">\n\t\t\t\t\t\t\t\t<img fetchpriority=\"high\" decoding=\"async\" width=\"1920\" height=\"1080\" src=\"https:\/\/somo-sam.com\/wp-content\/uploads\/2025\/02\/Presentation-Entreprise-Batiment-Minimaliste-Moderne-Gris-et-Bleu-1.png\" class=\"attachment-full size-full\" alt=\"\" srcset=\"https:\/\/somo-sam.com\/wp-content\/uploads\/2025\/02\/Presentation-Entreprise-Batiment-Minimaliste-Moderne-Gris-et-Bleu-1.png 1920w, https:\/\/somo-sam.com\/wp-content\/uploads\/2025\/02\/Presentation-Entreprise-Batiment-Minimaliste-Moderne-Gris-et-Bleu-1-400x225.png 400w, https:\/\/somo-sam.com\/wp-content\/uploads\/2025\/02\/Presentation-Entreprise-Batiment-Minimaliste-Moderne-Gris-et-Bleu-1-1300x731.png 1300w, https:\/\/somo-sam.com\/wp-content\/uploads\/2025\/02\/Presentation-Entreprise-Batiment-Minimaliste-Moderne-Gris-et-Bleu-1-768x432.png 768w, https:\/\/somo-sam.com\/wp-content\/uploads\/2025\/02\/Presentation-Entreprise-Batiment-Minimaliste-Moderne-Gris-et-Bleu-1-1536x864.png 1536w, https:\/\/somo-sam.com\/wp-content\/uploads\/2025\/02\/Presentation-Entreprise-Batiment-Minimaliste-Moderne-Gris-et-Bleu-1-1320x743.png 1320w, https:\/\/somo-sam.com\/wp-content\/uploads\/2025\/02\/Presentation-Entreprise-Batiment-Minimaliste-Moderne-Gris-et-Bleu-1-430x242.png 430w, https:\/\/somo-sam.com\/wp-content\/uploads\/2025\/02\/Presentation-Entreprise-Batiment-Minimaliste-Moderne-Gris-et-Bleu-1-700x394.png 700w, https:\/\/somo-sam.com\/wp-content\/uploads\/2025\/02\/Presentation-Entreprise-Batiment-Minimaliste-Moderne-Gris-et-Bleu-1-150x84.png 150w\" sizes=\"(max-width: 1920px) 100vw, 1920px\" \/>\t\t\t\t\t<\/div>\n\n\t\t\t\t\t\t<\/div>\n\t\t\t\t<\/div>\n\t\t\t\t<div class=\"elementor-element elementor-element-18566036 elementor-widget elementor-widget-wd_image_or_svg\" data-id=\"18566036\" data-element_type=\"widget\" data-widget_type=\"wd_image_or_svg.default\">\n\t\t\t\t<div class=\"elementor-widget-container\">\n\t\t\t\t\t\n\t\t<div class=\"wd-image text-left\">\n\t\t\t\t\t\t\t\t<img decoding=\"async\" width=\"1080\" height=\"1080\" src=\"https:\/\/somo-sam.com\/wp-content\/uploads\/2025\/02\/Post-Instagram-Rappel.png\" class=\"attachment-full size-full\" alt=\"\" srcset=\"https:\/\/somo-sam.com\/wp-content\/uploads\/2025\/02\/Post-Instagram-Rappel.png 1080w, https:\/\/somo-sam.com\/wp-content\/uploads\/2025\/02\/Post-Instagram-Rappel-300x300.png 300w, https:\/\/somo-sam.com\/wp-content\/uploads\/2025\/02\/Post-Instagram-Rappel-800x800.png 800w, https:\/\/somo-sam.com\/wp-content\/uploads\/2025\/02\/Post-Instagram-Rappel-150x150.png 150w, https:\/\/somo-sam.com\/wp-content\/uploads\/2025\/02\/Post-Instagram-Rappel-768x768.png 768w, https:\/\/somo-sam.com\/wp-content\/uploads\/2025\/02\/Post-Instagram-Rappel-430x430.png 430w, https:\/\/somo-sam.com\/wp-content\/uploads\/2025\/02\/Post-Instagram-Rappel-700x700.png 700w\" sizes=\"(max-width: 1080px) 100vw, 1080px\" \/>\t\t\t\t\t<\/div>\n\n\t\t\t\t\t\t<\/div>\n\t\t\t\t<\/div>\n\t\t\t\t\t<\/div>\n\t\t<\/div>\n\t\t\t\t<div class=\"elementor-column elementor-col-25 elementor-top-column elementor-element elementor-element-7a5585b5\" data-id=\"7a5585b5\" data-element_type=\"column\">\n\t\t\t<div class=\"elementor-widget-wrap elementor-element-populated\">\n\t\t\t\t\t\t<section class=\"wd-negative-gap elementor-section elementor-inner-section elementor-element elementor-element-6b12a918 elementor-section-boxed elementor-section-height-default elementor-section-height-default\" data-id=\"6b12a918\" data-element_type=\"section\" data-settings=\"{&quot;background_background&quot;:&quot;classic&quot;}\">\n\t\t\t\t\t\t<div class=\"elementor-container elementor-column-gap-default\">\n\t\t\t\t\t<div class=\"elementor-column elementor-col-100 elementor-inner-column elementor-element elementor-element-951c9ed\" data-id=\"951c9ed\" data-element_type=\"column\">\n\t\t\t<div class=\"elementor-widget-wrap elementor-element-populated\">\n\t\t\t\t\t\t<div class=\"elementor-element elementor-element-14ca6169 elementor-widget elementor-widget-wd_text_block\" data-id=\"14ca6169\" data-element_type=\"widget\" data-widget_type=\"wd_text_block.default\">\n\t\t\t\t<div class=\"elementor-widget-container\">\n\t\t\t\t\t\t\t<div class=\"wd-text-block reset-last-child text-left color-scheme-light\">\n\t\t\t\n\t\t\t<p>Notre \u00e9quipe d'experts est disponible pour r\u00e9pondre \u00e0 toutes vos questions et vous guider dans la r\u00e9alisation de vos projets. Nous nous engageons \u00e0 vous fournir des solutions sur mesure. Faites-nous confiance, nous sommes l\u00e0 pour vous !<\/p>\n\t\t\t\t\t<\/div>\n\t\t\t\t\t\t<\/div>\n\t\t\t\t<\/div>\n\t\t\t\t\t<\/div>\n\t\t<\/div>\n\t\t\t\t\t<\/div>\n\t\t<\/section>\n\t\t\t\t<div class=\"elementor-element elementor-element-50fec636 elementor-widget elementor-widget-wd_image_or_svg\" data-id=\"50fec636\" data-element_type=\"widget\" data-widget_type=\"wd_image_or_svg.default\">\n\t\t\t\t<div class=\"elementor-widget-container\">\n\t\t\t\t\t\n\t\t<div class=\"wd-image text-left\">\n\t\t\t\t\t\t\t\t<img decoding=\"async\" width=\"1920\" height=\"1080\" src=\"https:\/\/somo-sam.com\/wp-content\/uploads\/2025\/02\/Presentation-Entreprise-Batiment-Minimaliste-Moderne-Gris-et-Bleu-3.png\" class=\"attachment-full size-full\" alt=\"\" srcset=\"https:\/\/somo-sam.com\/wp-content\/uploads\/2025\/02\/Presentation-Entreprise-Batiment-Minimaliste-Moderne-Gris-et-Bleu-3.png 1920w, https:\/\/somo-sam.com\/wp-content\/uploads\/2025\/02\/Presentation-Entreprise-Batiment-Minimaliste-Moderne-Gris-et-Bleu-3-400x225.png 400w, https:\/\/somo-sam.com\/wp-content\/uploads\/2025\/02\/Presentation-Entreprise-Batiment-Minimaliste-Moderne-Gris-et-Bleu-3-1300x731.png 1300w, https:\/\/somo-sam.com\/wp-content\/uploads\/2025\/02\/Presentation-Entreprise-Batiment-Minimaliste-Moderne-Gris-et-Bleu-3-768x432.png 768w, https:\/\/somo-sam.com\/wp-content\/uploads\/2025\/02\/Presentation-Entreprise-Batiment-Minimaliste-Moderne-Gris-et-Bleu-3-1536x864.png 1536w, https:\/\/somo-sam.com\/wp-content\/uploads\/2025\/02\/Presentation-Entreprise-Batiment-Minimaliste-Moderne-Gris-et-Bleu-3-1320x743.png 1320w, https:\/\/somo-sam.com\/wp-content\/uploads\/2025\/02\/Presentation-Entreprise-Batiment-Minimaliste-Moderne-Gris-et-Bleu-3-430x242.png 430w, https:\/\/somo-sam.com\/wp-content\/uploads\/2025\/02\/Presentation-Entreprise-Batiment-Minimaliste-Moderne-Gris-et-Bleu-3-700x394.png 700w, https:\/\/somo-sam.com\/wp-content\/uploads\/2025\/02\/Presentation-Entreprise-Batiment-Minimaliste-Moderne-Gris-et-Bleu-3-150x84.png 150w\" sizes=\"(max-width: 1920px) 100vw, 1920px\" \/>\t\t\t\t\t<\/div>\n\n\t\t\t\t\t\t<\/div>\n\t\t\t\t<\/div>\n\t\t\t\t\t<\/div>\n\t\t<\/div>\n\t\t\t\t\t<\/div>\n\t\t<\/section>\n\t\t<div class=\"wd-negative-gap elementor-element elementor-element-cb322d0 e-flex e-con-boxed e-con e-parent\" data-id=\"cb322d0\" data-element_type=\"container\">\n\t\t\t\t\t<div class=\"e-con-inner\">\n\t\t<div class=\"elementor-element elementor-element-789122a e-con-full e-flex e-con e-child\" data-id=\"789122a\" data-element_type=\"container\">\n\t\t\t\t<div class=\"elementor-element elementor-element-775ddc4 wd-width-100 elementor-widget elementor-widget-wd_title\" data-id=\"775ddc4\" data-element_type=\"widget\" data-widget_type=\"wd_title.default\">\n\t\t\t\t<div class=\"elementor-widget-container\">\n\t\t\t\t\t\t\t<div class=\"title-wrapper wd-set-mb reset-last-child wd-title-color-default wd-title-style-default wd-title-size-default text-left\">\n\n\t\t\t\n\t\t\t<div class=\"liner-continer\">\n\t\t\t\t<h4 class=\"woodmart-title-container title wd-fontsize-l\">CONTACTEZ-NOUS<\/h4> \n\t\t\t\t\t\t\t<\/div>\n\n\t\t\t\t\t<\/div>\n\t\t\t\t\t\t<\/div>\n\t\t\t\t<\/div>\n\t\t\t\t<div class=\"elementor-element elementor-element-3c67846 elementor-widget elementor-widget-wd_contact_form_7\" data-id=\"3c67846\" data-element_type=\"widget\" data-widget_type=\"wd_contact_form_7.default\">\n\t\t\t\t<div class=\"elementor-widget-container\">\n\t\t\t\t\t\n<div class=\"wpcf7 no-js\" id=\"wpcf7-f27803-o1\" lang=\"fr-FR\" dir=\"ltr\" data-wpcf7-id=\"27803\">\n<div class=\"screen-reader-response\"><p role=\"status\" aria-live=\"polite\" aria-atomic=\"true\"><\/p> <ul><\/ul><\/div>\n<form action=\"\/index.php?rest_route=%2Fwp%2Fv2%2Fpages%2F4439#wpcf7-f27803-o1\" method=\"post\" class=\"wpcf7-form init\" aria-label=\"Formulaire de contact\" novalidate=\"novalidate\" data-status=\"init\">\n<div style=\"display: none;\">\n<input type=\"hidden\" name=\"_wpcf7\" value=\"27803\" \/>\n<input type=\"hidden\" name=\"_wpcf7_version\" value=\"6.0.5\" \/>\n<input type=\"hidden\" name=\"_wpcf7_locale\" value=\"fr_FR\" \/>\n<input type=\"hidden\" name=\"_wpcf7_unit_tag\" value=\"wpcf7-f27803-o1\" \/>\n<input type=\"hidden\" name=\"_wpcf7_container_post\" value=\"0\" \/>\n<input type=\"hidden\" name=\"_wpcf7_posted_data_hash\" value=\"\" \/>\n<\/div>\n<style>\n .form-container {\n display: flex;\n flex-wrap: wrap;\n gap: 10px;\n }\n\n .form-group {\n width: 48%;\n }\n\n .form-full {\n width: 100%;\n }\n\n label {\n font-weight: bold;\n }\n<\/style>\n<div class=\"form-container\">\n\t<div class=\"form-group\">\n\t\t<p><label for=\"first-name\">Pr\u00e9nom :<\/label><br \/>\n<span class=\"wpcf7-form-control-wrap\" data-name=\"first-name\"><input size=\"40\" maxlength=\"400\" class=\"wpcf7-form-control wpcf7-text wpcf7-validates-as-required\" id=\"first-name\" autocomplete=\"given-name\" aria-required=\"true\" aria-invalid=\"false\" value=\"\" type=\"text\" name=\"first-name\" \/><\/span>\n\t\t<\/p>\n\t<\/div>\n\t<div class=\"form-group\">\n\t\t<p><label for=\"last-name\">Nom :<\/label><br \/>\n<span class=\"wpcf7-form-control-wrap\" data-name=\"last-name\"><input size=\"40\" maxlength=\"400\" class=\"wpcf7-form-control wpcf7-text wpcf7-validates-as-required\" id=\"last-name\" autocomplete=\"family-name\" aria-required=\"true\" aria-invalid=\"false\" value=\"\" type=\"text\" name=\"last-name\" \/><\/span>\n\t\t<\/p>\n\t<\/div>\n\t<div class=\"form-group\">\n\t\t<p><label for=\"your-email\">Email :<\/label><br \/>\n<span class=\"wpcf7-form-control-wrap\" data-name=\"your-email\"><input size=\"40\" maxlength=\"400\" class=\"wpcf7-form-control wpcf7-email wpcf7-validates-as-required wpcf7-text wpcf7-validates-as-email\" id=\"your-email\" autocomplete=\"email\" aria-required=\"true\" aria-invalid=\"false\" value=\"\" type=\"email\" name=\"your-email\" \/><\/span>\n\t\t<\/p>\n\t<\/div>\n\t<div class=\"form-group\">\n\t\t<p><label for=\"your-phone\">T\u00e9l\u00e9phone :<\/label><br \/>\n<span class=\"wpcf7-form-control-wrap\" data-name=\"your-phone\"><input size=\"40\" maxlength=\"400\" class=\"wpcf7-form-control wpcf7-tel wpcf7-validates-as-required wpcf7-text wpcf7-validates-as-tel\" id=\"your-phone\" autocomplete=\"tel\" aria-required=\"true\" aria-invalid=\"false\" value=\"\" type=\"tel\" name=\"your-phone\" \/><\/span>\n\t\t<\/p>\n\t<\/div>\n\t<div class=\"form-group\">\n\t\t<p><label for=\"company-name\">Soci\u00e9t\u00e9 :<\/label><br \/>\n<span class=\"wpcf7-form-control-wrap\" data-name=\"company-name\"><input size=\"40\" maxlength=\"400\" class=\"wpcf7-form-control wpcf7-text\" id=\"company-name\" aria-invalid=\"false\" value=\"\" type=\"text\" name=\"company-name\" \/><\/span>\n\t\t<\/p>\n\t<\/div>\n\t<div class=\"form-group\">\n\t\t<p><label for=\"postal-code\">Code postal :<\/label><br \/>\n<span class=\"wpcf7-form-control-wrap\" data-name=\"postal-code\"><input size=\"40\" maxlength=\"400\" class=\"wpcf7-form-control wpcf7-text wpcf7-validates-as-required\" id=\"postal-code\" autocomplete=\"postal-code\" aria-required=\"true\" aria-invalid=\"false\" value=\"\" type=\"text\" name=\"postal-code\" \/><\/span>\n\t\t<\/p>\n\t<\/div>\n\t<div class=\"form-full\">\n\t\t<p><label for=\"address\">Adresse compl\u00e8te :<\/label><br \/>\n<span class=\"wpcf7-form-control-wrap\" data-name=\"address\"><input size=\"40\" maxlength=\"400\" class=\"wpcf7-form-control wpcf7-text wpcf7-validates-as-required\" id=\"address\" autocomplete=\"street-address\" aria-required=\"true\" aria-invalid=\"false\" value=\"\" type=\"text\" name=\"address\" \/><\/span>\n\t\t<\/p>\n\t<\/div>\n\t<div class=\"form-full\">\n\t\t<p><label for=\"business-sector\">Secteur d'activit\u00e9 :<\/label><br \/>\n<span class=\"wpcf7-form-control-wrap\" data-name=\"business-sector\"><select class=\"wpcf7-form-control wpcf7-select wpcf7-validates-as-required\" id=\"business-sector\" aria-required=\"true\" aria-invalid=\"false\" name=\"business-sector\"><option value=\"-- s\u00e9lectionner --\">-- s\u00e9lectionner --<\/option><option value=\"Solution digitale\">Solution digitale<\/option><option value=\"Equipement Hotel\">Equipement Hotel<\/option><option value=\"Salon de coiffure\">Salon de coiffure<\/option><option value=\"Automatisme\">Automatisme<\/option><option value=\"Technique fermeture\">Technique fermeture<\/option><option value=\"Autre\">Autre<\/option><\/select><\/span>\n\t\t<\/p>\n\t<\/div>\n\t<div class=\"form-full\">\n\t\t<p><label for=\"subject\">Objet de la demande :<\/label><br \/>\n<span class=\"wpcf7-form-control-wrap\" data-name=\"subject\"><select class=\"wpcf7-form-control wpcf7-select wpcf7-validates-as-required\" id=\"subject\" aria-required=\"true\" aria-invalid=\"false\" name=\"subject\"><option value=\"Demande d&#039;information\">Demande d&#039;information<\/option><option value=\"Demande de prix\">Demande de prix<\/option><option value=\"Prise de rendez-vous\">Prise de rendez-vous<\/option><option value=\"Envoi de documentation\">Envoi de documentation<\/option><option value=\"Service apr\u00e8s-vente (SAV)\">Service apr\u00e8s-vente (SAV)<\/option><option value=\"Autre\">Autre<\/option><\/select><\/span>\n\t\t<\/p>\n\t<\/div>\n\t<div class=\"form-full\">\n\t\t<p><label for=\"message\">Description de votre demande :<\/label><br \/>\n<span class=\"wpcf7-form-control-wrap\" data-name=\"message\"><textarea cols=\"40\" rows=\"10\" maxlength=\"2000\" class=\"wpcf7-form-control wpcf7-textarea wpcf7-validates-as-required\" id=\"message\" aria-required=\"true\" aria-invalid=\"false\" name=\"message\"><\/textarea><\/span>\n\t\t<\/p>\n\t<\/div>\n<\/div>\n<p><strong>* En soumettant ce formulaire, j'accepte<\/strong>\n<\/p>\n<p><a href=\"https:\/\/somo-sam.com\/?page_id=27805\" target=\"_blank\">CGU & Politique de confidentialit\u00e9<\/a>\n<\/p>\n<p><strong>Je souhaite \u00eatre inform\u00e9(e) des offres et nouveaut\u00e9s :<\/strong>\n<\/p>\n<p><span class=\"wpcf7-form-control-wrap\" data-name=\"newsletter\"><span class=\"wpcf7-form-control wpcf7-radio\"><span class=\"wpcf7-list-item first\"><input type=\"radio\" name=\"newsletter\" value=\"Oui, j\u2019accepte\" checked=\"checked\" \/><span class=\"wpcf7-list-item-label\">Oui, j\u2019accepte<\/span><\/span><span class=\"wpcf7-list-item last\"><input type=\"radio\" name=\"newsletter\" value=\"Non, je refuse\" \/><span class=\"wpcf7-list-item-label\">Non, je refuse<\/span><\/span><\/span><\/span>\n<\/p>\n<p><input class=\"wpcf7-form-control wpcf7-submit has-spinner\" type=\"submit\" value=\"Envoyer\" \/>\n<\/p><div class=\"wpcf7-response-output\" aria-hidden=\"true\"><\/div>\n<\/form>\n<\/div>\n\t\t\t\t<\/div>\n\t\t\t\t<\/div>\n\t\t\t\t<\/div>\n\t\t\t\t\t<\/div>\n\t\t\t\t<\/div>\n\t\t\t\t<\/div>\n\t\t","protected":false},"excerpt":{"rendered":"<p>Contactez SOMO Pour toute demande d&#8217;information, devis ou assistance, notre \u00e9quipe est \u00e0 votre disposition. N&#8217;h\u00e9sitez pas \u00e0 nous contacter<\/p>\n","protected":false},"author":1,"featured_media":0,"parent":0,"menu_order":0,"comment_status":"closed","ping_status":"closed","template":"","meta":{"_acf_changed":false,"_monsterinsights_skip_tracking":false,"_monsterinsights_sitenote_active":false,"_monsterinsights_sitenote_note":"","_monsterinsights_sitenote_category":0,"footnotes":""},"class_list":["post-4439","page","type-page","status-publish","hentry"],"acf":[],"yoast_head":"<!-- This site is optimized with the Yoast SEO plugin v23.6 - https:\/\/yoast.com\/wordpress\/plugins\/seo\/ -->\n<title>Contact us - SOMO S.A.M<\/title>\n<meta name=\"robots\" content=\"index, follow, max-snippet:-1, max-image-preview:large, max-video-preview:-1\" \/>\n<link rel=\"canonical\" href=\"https:\/\/somo-sam.com\/?page_id=4439\" \/>\n<meta property=\"og:locale\" content=\"fr_FR\" \/>\n<meta property=\"og:type\" content=\"article\" \/>\n<meta property=\"og:title\" content=\"Contact us - SOMO S.A.M\" \/>\n<meta property=\"og:description\" content=\"Contactez SOMO Pour toute demande d&#8217;information, devis ou assistance, notre \u00e9quipe est \u00e0 votre disposition. N&#8217;h\u00e9sitez pas \u00e0 nous contacter\" \/>\n<meta property=\"og:url\" content=\"https:\/\/somo-sam.com\/?page_id=4439\" \/>\n<meta property=\"og:site_name\" content=\"SOMO S.A.M\" \/>\n<meta property=\"article:modified_time\" content=\"2025-02-07T01:07:31+00:00\" \/>\n<meta property=\"og:image\" content=\"http:\/\/somo-sam.com\/wp-content\/uploads\/2025\/02\/Presentation-Entreprise-Batiment-Minimaliste-Moderne-Gris-et-Bleu-1.png\" \/>\n<meta name=\"twitter:card\" content=\"summary_large_image\" \/>\n<meta name=\"twitter:label1\" content=\"Dur\u00e9e de lecture estim\u00e9e\" \/>\n\t<meta name=\"twitter:data1\" content=\"2 minutes\" \/>\n<script type=\"application\/ld+json\" class=\"yoast-schema-graph\">{\"@context\":\"https:\/\/schema.org\",\"@graph\":[{\"@type\":\"WebPage\",\"@id\":\"https:\/\/somo-sam.com\/?page_id=4439\",\"url\":\"https:\/\/somo-sam.com\/?page_id=4439\",\"name\":\"Contact us - SOMO S.A.M\",\"isPartOf\":{\"@id\":\"http:\/\/somo-sam.com\/#website\"},\"primaryImageOfPage\":{\"@id\":\"https:\/\/somo-sam.com\/?page_id=4439#primaryimage\"},\"image\":{\"@id\":\"https:\/\/somo-sam.com\/?page_id=4439#primaryimage\"},\"thumbnailUrl\":\"http:\/\/somo-sam.com\/wp-content\/uploads\/2025\/02\/Presentation-Entreprise-Batiment-Minimaliste-Moderne-Gris-et-Bleu-1.png\",\"datePublished\":\"2021-10-12T16:27:24+00:00\",\"dateModified\":\"2025-02-07T01:07:31+00:00\",\"breadcrumb\":{\"@id\":\"https:\/\/somo-sam.com\/?page_id=4439#breadcrumb\"},\"inLanguage\":\"fr-FR\",\"potentialAction\":[{\"@type\":\"ReadAction\",\"target\":[\"https:\/\/somo-sam.com\/?page_id=4439\"]}]},{\"@type\":\"ImageObject\",\"inLanguage\":\"fr-FR\",\"@id\":\"https:\/\/somo-sam.com\/?page_id=4439#primaryimage\",\"url\":\"http:\/\/somo-sam.com\/wp-content\/uploads\/2025\/02\/Presentation-Entreprise-Batiment-Minimaliste-Moderne-Gris-et-Bleu-1.png\",\"contentUrl\":\"http:\/\/somo-sam.com\/wp-content\/uploads\/2025\/02\/Presentation-Entreprise-Batiment-Minimaliste-Moderne-Gris-et-Bleu-1.png\"},{\"@type\":\"BreadcrumbList\",\"@id\":\"https:\/\/somo-sam.com\/?page_id=4439#breadcrumb\",\"itemListElement\":[{\"@type\":\"ListItem\",\"position\":1,\"name\":\"Accueil\",\"item\":\"http:\/\/somo-sam.com\/\"},{\"@type\":\"ListItem\",\"position\":2,\"name\":\"Contact us\"}]},{\"@type\":\"WebSite\",\"@id\":\"http:\/\/somo-sam.com\/#website\",\"url\":\"http:\/\/somo-sam.com\/\",\"name\":\"SOMO S.A.M\",\"description\":\"Votre partenaire en \u00e9quipements h\u00f4teliers et de restauration\",\"potentialAction\":[{\"@type\":\"SearchAction\",\"target\":{\"@type\":\"EntryPoint\",\"urlTemplate\":\"http:\/\/somo-sam.com\/?s={search_term_string}\"},\"query-input\":{\"@type\":\"PropertyValueSpecification\",\"valueRequired\":true,\"valueName\":\"search_term_string\"}}],\"inLanguage\":\"fr-FR\"}]}<\/script>\n<!-- \/ Yoast SEO plugin. -->","yoast_head_json":{"title":"Contact us - SOMO S.A.M","robots":{"index":"index","follow":"follow","max-snippet":"max-snippet:-1","max-image-preview":"max-image-preview:large","max-video-preview":"max-video-preview:-1"},"canonical":"https:\/\/somo-sam.com\/?page_id=4439","og_locale":"fr_FR","og_type":"article","og_title":"Contact us - SOMO S.A.M","og_description":"Contactez SOMO Pour toute demande d&#8217;information, devis ou assistance, notre \u00e9quipe est \u00e0 votre disposition. N&#8217;h\u00e9sitez pas \u00e0 nous contacter","og_url":"https:\/\/somo-sam.com\/?page_id=4439","og_site_name":"SOMO S.A.M","article_modified_time":"2025-02-07T01:07:31+00:00","og_image":[{"url":"http:\/\/somo-sam.com\/wp-content\/uploads\/2025\/02\/Presentation-Entreprise-Batiment-Minimaliste-Moderne-Gris-et-Bleu-1.png"}],"twitter_card":"summary_large_image","twitter_misc":{"Dur\u00e9e de lecture estim\u00e9e":"2 minutes"},"schema":{"@context":"https:\/\/schema.org","@graph":[{"@type":"WebPage","@id":"https:\/\/somo-sam.com\/?page_id=4439","url":"https:\/\/somo-sam.com\/?page_id=4439","name":"Contact us - SOMO S.A.M","isPartOf":{"@id":"http:\/\/somo-sam.com\/#website"},"primaryImageOfPage":{"@id":"https:\/\/somo-sam.com\/?page_id=4439#primaryimage"},"image":{"@id":"https:\/\/somo-sam.com\/?page_id=4439#primaryimage"},"thumbnailUrl":"http:\/\/somo-sam.com\/wp-content\/uploads\/2025\/02\/Presentation-Entreprise-Batiment-Minimaliste-Moderne-Gris-et-Bleu-1.png","datePublished":"2021-10-12T16:27:24+00:00","dateModified":"2025-02-07T01:07:31+00:00","breadcrumb":{"@id":"https:\/\/somo-sam.com\/?page_id=4439#breadcrumb"},"inLanguage":"fr-FR","potentialAction":[{"@type":"ReadAction","target":["https:\/\/somo-sam.com\/?page_id=4439"]}]},{"@type":"ImageObject","inLanguage":"fr-FR","@id":"https:\/\/somo-sam.com\/?page_id=4439#primaryimage","url":"http:\/\/somo-sam.com\/wp-content\/uploads\/2025\/02\/Presentation-Entreprise-Batiment-Minimaliste-Moderne-Gris-et-Bleu-1.png","contentUrl":"http:\/\/somo-sam.com\/wp-content\/uploads\/2025\/02\/Presentation-Entreprise-Batiment-Minimaliste-Moderne-Gris-et-Bleu-1.png"},{"@type":"BreadcrumbList","@id":"https:\/\/somo-sam.com\/?page_id=4439#breadcrumb","itemListElement":[{"@type":"ListItem","position":1,"name":"Accueil","item":"http:\/\/somo-sam.com\/"},{"@type":"ListItem","position":2,"name":"Contact us"}]},{"@type":"WebSite","@id":"http:\/\/somo-sam.com\/#website","url":"http:\/\/somo-sam.com\/","name":"SOMO S.A.M","description":"Votre partenaire en \u00e9quipements h\u00f4teliers et de restauration","potentialAction":[{"@type":"SearchAction","target":{"@type":"EntryPoint","urlTemplate":"http:\/\/somo-sam.com\/?s={search_term_string}"},"query-input":{"@type":"PropertyValueSpecification","valueRequired":true,"valueName":"search_term_string"}}],"inLanguage":"fr-FR"}]}},"_links":{"self":[{"href":"https:\/\/somo-sam.com\/index.php?rest_route=\/wp\/v2\/pages\/4439","targetHints":{"allow":["GET"]}}],"collection":[{"href":"https:\/\/somo-sam.com\/index.php?rest_route=\/wp\/v2\/pages"}],"about":[{"href":"https:\/\/somo-sam.com\/index.php?rest_route=\/wp\/v2\/types\/page"}],"author":[{"embeddable":true,"href":"https:\/\/somo-sam.com\/index.php?rest_route=\/wp\/v2\/users\/1"}],"replies":[{"embeddable":true,"href":"https:\/\/somo-sam.com\/index.php?rest_route=%2Fwp%2Fv2%2Fcomments&post=4439"}],"version-history":[{"count":21,"href":"https:\/\/somo-sam.com\/index.php?rest_route=\/wp\/v2\/pages\/4439\/revisions"}],"predecessor-version":[{"id":27852,"href":"https:\/\/somo-sam.com\/index.php?rest_route=\/wp\/v2\/pages\/4439\/revisions\/27852"}],"wp:attachment":[{"href":"https:\/\/somo-sam.com\/index.php?rest_route=%2Fwp%2Fv2%2Fmedia&parent=4439"}],"curies":[{"name":"wp","href":"https:\/\/api.w.org\/{rel}","templated":true}]}}