{"id":16514,"date":"2021-08-27T12:11:46","date_gmt":"2021-08-27T12:11:46","guid":{"rendered":"https:\/\/somo-sam.com\/index.php\/\/produit\/ornare-auctor\/"},"modified":"2021-08-27T12:11:46","modified_gmt":"2021-08-27T12:11:46","slug":"ornare-auctor","status":"publish","type":"product","link":"https:\/\/somo-sam.com\/?product=ornare-auctor","title":{"rendered":"Ornare auctor"},"content":{"rendered":"<p>Cubilia vestibulum interdum nisl a parturient a auctor vestibulum taciti vel bibendum tempor adipiscing suspendisse posuere libero penatibus lorem at interdum tristique iaculis redosan condimentum a ac rutrum mollis consectetur. Aenean nascetur vehicula egestas a adipiscing a est egestas suspendisse parturient diam adipiscing mattis elementum velit pulvinar suscipit sagittis facilisis facilisi tortor morbi at aliquam.<\/p>\n<blockquote><p>Netus nisi volutpat donec condimentum nunc eu sem odio condimentum hendrerit nisl mollis scelerisque ad vitae a eu.<\/p><\/blockquote>\n<p>Etiam dictumst congue a non class risus sed a. Diam adipiscing a condimentum in a nisl a maecenas libero pharetra tincidunt phasellus justo molestie bibendum. Vestibulum penatibus vestibulum lobortis vehicula euismod a platea taciti a eget in nec cum eget curabitur justo id enim mi velit at cum. Eu amet ut elit a sociis himenaeos eros nunc at pharetra magna suscipit.<\/p>\n<p>&nbsp;<\/p>\n<h4 class=\"info-box-title title box-title-style-default wd-fontsize-s\" data-elementor-setting-key=\"title\">SAGITTIS MALESUAD<\/h4>\n<p style=\"text-align: center;\">Ridiculus facilisi\u00a0condimentum ridiculus tristique nostra litora parturient risus<\/p>\n<p>&nbsp;<\/p>\n<h4 class=\"info-box-title title box-title-style-default wd-fontsize-s\" data-elementor-setting-key=\"title\">NISI VOLUTPAT<\/h4>\n<p style=\"text-align: center;\">Ridiculus facilisi\u00a0condimentum ridiculus tristique nostra litora parturient risus<\/p>\n<p>&nbsp;<\/p>\n<h4 class=\"info-box-title title box-title-style-default wd-fontsize-s\" data-elementor-setting-key=\"title\">LITORA PARTURIENT<\/h4>\n<p style=\"text-align: center;\">Ridiculus facilisi\u00a0condimentum ridiculus tristique nostra litora parturient risus<\/p>\n<p>&nbsp;<\/p>\n<h4 class=\"info-box-title title box-title-style-default wd-fontsize-s\" data-elementor-setting-key=\"title\">TRISTIQUE IACULIS<\/h4>\n<p style=\"text-align: center;\">Ridiculus facilisi\u00a0condimentum ridiculus tristique nostra litora parturient risus<\/p>\n","protected":false},"excerpt":{"rendered":"<div class=\"flex max-w-full flex-col flex-grow\">\n<div class=\"min-h-8 text-message flex w-full flex-col items-end gap-2 whitespace-normal break-words text-start [.text-message+&amp;]:mt-5\" dir=\"auto\" data-message-author-role=\"assistant\" data-message-id=\"d8ef1571-514f-481c-827c-9e37decfdc01\" data-message-model-slug=\"gpt-4o\">\n<div class=\"flex w-full flex-col gap-1 empty:hidden first:pt-[3px]\">\n<div class=\"markdown prose w-full break-words dark:prose-invert light\">\n<p>Id\u00e9ale pour les salles de bains d\u2019h\u00f4tels et d\u2019h\u00e9bergements, cette poubelle \u00e0 p\u00e9dale allie design \u00e9l\u00e9gant et fonctionnalit\u00e9s avanc\u00e9es.<\/p>\n<p>Sa conception en acier inoxydable 410 garantit durabilit\u00e9 et robustesse, tandis que le rev\u00eatement int\u00e9rieur en plastique facilite le nettoyage et le maintien de l\u2019hygi\u00e8ne.<br \/>\nAvec une capacit\u00e9 de 3 litres et un poids de 0,6 kg, elle est compacte tout en offrant un espace suffisant pour une utilisation quotidienne.<br \/>\nLe syst\u00e8me de fermeture douce du couvercle assure une fermeture silencieuse, \u00e9vitant les bruits d\u00e9sagr\u00e9ables.<\/p>\n<p>Ce mod\u00e8le associe praticit\u00e9 et style, apportant une touche fonctionnelle et raffin\u00e9e \u00e0 tout environnement de salle de bains.<\/p>\n<\/div>\n<\/div>\n<\/div>\n<\/div>\n<div class=\"mb-2 flex gap-3 empty:hidden -ml-2\">\n<div class=\"items-center justify-start rounded-xl p-1 flex\">\n<div class=\"flex items-center\">\n<p>&nbsp;<\/p>\n<div class=\"flex items-center pb-0\"><span class=\"overflow-hidden text-clip whitespace-nowrap text-sm\">4o<\/span><\/div>\n<\/div>\n<\/div>\n<\/div>\n","protected":false},"featured_media":16421,"template":"","meta":{"_acf_changed":false,"_monsterinsights_skip_tracking":false,"_monsterinsights_sitenote_active":false,"_monsterinsights_sitenote_note":"","_monsterinsights_sitenote_category":0},"product_brand":[],"product_cat":[30],"product_tag":[],"class_list":{"0":"post-16514","1":"product","2":"type-product","3":"status-publish","4":"has-post-thumbnail","6":"product_cat-accessoires-de-bains","8":"first","9":"instock","10":"taxable","11":"shipping-taxable","12":"product-type-variable","13":"add-to-wishlist-after_add_to_cart"},"acf":[],"yoast_head":"<!-- This site is optimized with the Yoast SEO plugin v23.6 - https:\/\/yoast.com\/wordpress\/plugins\/seo\/ -->\n<title>Ornare auctor - SOMO S.A.M<\/title>\n<meta name=\"robots\" content=\"index, follow, max-snippet:-1, max-image-preview:large, max-video-preview:-1\" \/>\n<link rel=\"canonical\" href=\"http:\/\/somo-sam.com\/?product=ornare-auctor\" \/>\n<meta property=\"og:locale\" content=\"fr_FR\" \/>\n<meta property=\"og:type\" content=\"article\" \/>\n<meta property=\"og:title\" content=\"Ornare auctor - SOMO S.A.M\" \/>\n<meta property=\"og:description\" content=\"Id\u00e9ale pour les salles de bains d\u2019h\u00f4tels et d\u2019h\u00e9bergements, cette poubelle \u00e0 p\u00e9dale allie design \u00e9l\u00e9gant et fonctionnalit\u00e9s avanc\u00e9es.  Sa conception en acier inoxydable 410 garantit durabilit\u00e9 et robustesse, tandis que le rev\u00eatement int\u00e9rieur en plastique facilite le nettoyage et le maintien de l\u2019hygi\u00e8ne. Avec une capacit\u00e9 de 3 litres et un poids de 0,6 kg, elle est compacte tout en offrant un espace suffisant pour une utilisation quotidienne. Le syst\u00e8me de fermeture douce du couvercle assure une fermeture silencieuse, \u00e9vitant les bruits d\u00e9sagr\u00e9ables.  Ce mod\u00e8le associe praticit\u00e9 et style, apportant une touche fonctionnelle et raffin\u00e9e \u00e0 tout environnement de salle de bains.          &nbsp; 4o\" \/>\n<meta property=\"og:url\" content=\"http:\/\/somo-sam.com\/?product=ornare-auctor\" \/>\n<meta property=\"og:site_name\" content=\"SOMO S.A.M\" \/>\n<meta property=\"og:image\" content=\"http:\/\/somo-sam.com\/wp-content\/uploads\/2021\/08\/pattumiera-a-pedale-in-acciaio-inox-con-chiusura-rallentata-3-litri-0.png\" \/>\n\t<meta property=\"og:image:width\" content=\"1200\" \/>\n\t<meta property=\"og:image:height\" content=\"1200\" \/>\n\t<meta property=\"og:image:type\" content=\"image\/png\" \/>\n<meta name=\"twitter:card\" content=\"summary_large_image\" \/>\n<meta name=\"twitter:label1\" content=\"Dur\u00e9e de lecture estim\u00e9e\" \/>\n\t<meta name=\"twitter:data1\" content=\"1 minute\" \/>\n<script type=\"application\/ld+json\" class=\"yoast-schema-graph\">{\"@context\":\"https:\/\/schema.org\",\"@graph\":[{\"@type\":\"WebPage\",\"@id\":\"http:\/\/somo-sam.com\/?product=ornare-auctor\",\"url\":\"http:\/\/somo-sam.com\/?product=ornare-auctor\",\"name\":\"Ornare auctor - SOMO S.A.M\",\"isPartOf\":{\"@id\":\"http:\/\/somo-sam.com\/#website\"},\"primaryImageOfPage\":{\"@id\":\"http:\/\/somo-sam.com\/?product=ornare-auctor#primaryimage\"},\"image\":{\"@id\":\"http:\/\/somo-sam.com\/?product=ornare-auctor#primaryimage\"},\"thumbnailUrl\":\"https:\/\/somo-sam.com\/wp-content\/uploads\/2021\/08\/pattumiera-a-pedale-in-acciaio-inox-con-chiusura-rallentata-3-litri-0.png\",\"datePublished\":\"2021-08-27T12:11:46+00:00\",\"dateModified\":\"2021-08-27T12:11:46+00:00\",\"breadcrumb\":{\"@id\":\"http:\/\/somo-sam.com\/?product=ornare-auctor#breadcrumb\"},\"inLanguage\":\"fr-FR\",\"potentialAction\":[{\"@type\":\"ReadAction\",\"target\":[\"http:\/\/somo-sam.com\/?product=ornare-auctor\"]}]},{\"@type\":\"ImageObject\",\"inLanguage\":\"fr-FR\",\"@id\":\"http:\/\/somo-sam.com\/?product=ornare-auctor#primaryimage\",\"url\":\"https:\/\/somo-sam.com\/wp-content\/uploads\/2021\/08\/pattumiera-a-pedale-in-acciaio-inox-con-chiusura-rallentata-3-litri-0.png\",\"contentUrl\":\"https:\/\/somo-sam.com\/wp-content\/uploads\/2021\/08\/pattumiera-a-pedale-in-acciaio-inox-con-chiusura-rallentata-3-litri-0.png\",\"width\":1200,\"height\":1200},{\"@type\":\"BreadcrumbList\",\"@id\":\"http:\/\/somo-sam.com\/?product=ornare-auctor#breadcrumb\",\"itemListElement\":[{\"@type\":\"ListItem\",\"position\":1,\"name\":\"Accueil\",\"item\":\"http:\/\/somo-sam.com\/\"},{\"@type\":\"ListItem\",\"position\":2,\"name\":\"Shop\",\"item\":\"https:\/\/somo-sam.com\/?page_id=413\"},{\"@type\":\"ListItem\",\"position\":3,\"name\":\"Ornare auctor\"}]},{\"@type\":\"WebSite\",\"@id\":\"http:\/\/somo-sam.com\/#website\",\"url\":\"http:\/\/somo-sam.com\/\",\"name\":\"SOMO S.A.M\",\"description\":\"Votre partenaire en \u00e9quipements h\u00f4teliers et de restauration\",\"potentialAction\":[{\"@type\":\"SearchAction\",\"target\":{\"@type\":\"EntryPoint\",\"urlTemplate\":\"http:\/\/somo-sam.com\/?s={search_term_string}\"},\"query-input\":{\"@type\":\"PropertyValueSpecification\",\"valueRequired\":true,\"valueName\":\"search_term_string\"}}],\"inLanguage\":\"fr-FR\"}]}<\/script>\n<!-- \/ Yoast SEO plugin. -->","yoast_head_json":{"title":"Ornare auctor - SOMO S.A.M","robots":{"index":"index","follow":"follow","max-snippet":"max-snippet:-1","max-image-preview":"max-image-preview:large","max-video-preview":"max-video-preview:-1"},"canonical":"http:\/\/somo-sam.com\/?product=ornare-auctor","og_locale":"fr_FR","og_type":"article","og_title":"Ornare auctor - SOMO S.A.M","og_description":"Id\u00e9ale pour les salles de bains d\u2019h\u00f4tels et d\u2019h\u00e9bergements, cette poubelle \u00e0 p\u00e9dale allie design \u00e9l\u00e9gant et fonctionnalit\u00e9s avanc\u00e9es.  Sa conception en acier inoxydable 410 garantit durabilit\u00e9 et robustesse, tandis que le rev\u00eatement int\u00e9rieur en plastique facilite le nettoyage et le maintien de l\u2019hygi\u00e8ne. Avec une capacit\u00e9 de 3 litres et un poids de 0,6 kg, elle est compacte tout en offrant un espace suffisant pour une utilisation quotidienne. Le syst\u00e8me de fermeture douce du couvercle assure une fermeture silencieuse, \u00e9vitant les bruits d\u00e9sagr\u00e9ables.  Ce mod\u00e8le associe praticit\u00e9 et style, apportant une touche fonctionnelle et raffin\u00e9e \u00e0 tout environnement de salle de bains.          &nbsp; 4o","og_url":"http:\/\/somo-sam.com\/?product=ornare-auctor","og_site_name":"SOMO S.A.M","og_image":[{"width":1200,"height":1200,"url":"http:\/\/somo-sam.com\/wp-content\/uploads\/2021\/08\/pattumiera-a-pedale-in-acciaio-inox-con-chiusura-rallentata-3-litri-0.png","type":"image\/png"}],"twitter_card":"summary_large_image","twitter_misc":{"Dur\u00e9e de lecture estim\u00e9e":"1 minute"},"schema":{"@context":"https:\/\/schema.org","@graph":[{"@type":"WebPage","@id":"http:\/\/somo-sam.com\/?product=ornare-auctor","url":"http:\/\/somo-sam.com\/?product=ornare-auctor","name":"Ornare auctor - SOMO S.A.M","isPartOf":{"@id":"http:\/\/somo-sam.com\/#website"},"primaryImageOfPage":{"@id":"http:\/\/somo-sam.com\/?product=ornare-auctor#primaryimage"},"image":{"@id":"http:\/\/somo-sam.com\/?product=ornare-auctor#primaryimage"},"thumbnailUrl":"https:\/\/somo-sam.com\/wp-content\/uploads\/2021\/08\/pattumiera-a-pedale-in-acciaio-inox-con-chiusura-rallentata-3-litri-0.png","datePublished":"2021-08-27T12:11:46+00:00","dateModified":"2021-08-27T12:11:46+00:00","breadcrumb":{"@id":"http:\/\/somo-sam.com\/?product=ornare-auctor#breadcrumb"},"inLanguage":"fr-FR","potentialAction":[{"@type":"ReadAction","target":["http:\/\/somo-sam.com\/?product=ornare-auctor"]}]},{"@type":"ImageObject","inLanguage":"fr-FR","@id":"http:\/\/somo-sam.com\/?product=ornare-auctor#primaryimage","url":"https:\/\/somo-sam.com\/wp-content\/uploads\/2021\/08\/pattumiera-a-pedale-in-acciaio-inox-con-chiusura-rallentata-3-litri-0.png","contentUrl":"https:\/\/somo-sam.com\/wp-content\/uploads\/2021\/08\/pattumiera-a-pedale-in-acciaio-inox-con-chiusura-rallentata-3-litri-0.png","width":1200,"height":1200},{"@type":"BreadcrumbList","@id":"http:\/\/somo-sam.com\/?product=ornare-auctor#breadcrumb","itemListElement":[{"@type":"ListItem","position":1,"name":"Accueil","item":"http:\/\/somo-sam.com\/"},{"@type":"ListItem","position":2,"name":"Shop","item":"https:\/\/somo-sam.com\/?page_id=413"},{"@type":"ListItem","position":3,"name":"Ornare auctor"}]},{"@type":"WebSite","@id":"http:\/\/somo-sam.com\/#website","url":"http:\/\/somo-sam.com\/","name":"SOMO S.A.M","description":"Votre partenaire en \u00e9quipements h\u00f4teliers et de restauration","potentialAction":[{"@type":"SearchAction","target":{"@type":"EntryPoint","urlTemplate":"http:\/\/somo-sam.com\/?s={search_term_string}"},"query-input":{"@type":"PropertyValueSpecification","valueRequired":true,"valueName":"search_term_string"}}],"inLanguage":"fr-FR"}]}},"_links":{"self":[{"href":"https:\/\/somo-sam.com\/index.php?rest_route=\/wp\/v2\/product\/16514","targetHints":{"allow":["GET"]}}],"collection":[{"href":"https:\/\/somo-sam.com\/index.php?rest_route=\/wp\/v2\/product"}],"about":[{"href":"https:\/\/somo-sam.com\/index.php?rest_route=\/wp\/v2\/types\/product"}],"version-history":[{"count":0,"href":"https:\/\/somo-sam.com\/index.php?rest_route=\/wp\/v2\/product\/16514\/revisions"}],"wp:featuredmedia":[{"embeddable":true,"href":"https:\/\/somo-sam.com\/index.php?rest_route=\/wp\/v2\/media\/16421"}],"wp:attachment":[{"href":"https:\/\/somo-sam.com\/index.php?rest_route=%2Fwp%2Fv2%2Fmedia&parent=16514"}],"wp:term":[{"taxonomy":"product_brand","embeddable":true,"href":"https:\/\/somo-sam.com\/index.php?rest_route=%2Fwp%2Fv2%2Fproduct_brand&post=16514"},{"taxonomy":"product_cat","embeddable":true,"href":"https:\/\/somo-sam.com\/index.php?rest_route=%2Fwp%2Fv2%2Fproduct_cat&post=16514"},{"taxonomy":"product_tag","embeddable":true,"href":"https:\/\/somo-sam.com\/index.php?rest_route=%2Fwp%2Fv2%2Fproduct_tag&post=16514"}],"curies":[{"name":"wp","href":"https:\/\/api.w.org\/{rel}","templated":true}]}}