{"id":16666,"date":"2025-01-24T11:19:06","date_gmt":"2025-01-24T10:19:06","guid":{"rendered":"https:\/\/somo-sam.com\/?post_type=product&#038;p=16666"},"modified":"2025-02-27T15:47:17","modified_gmt":"2025-02-27T14:47:17","slug":"coffre-a-poser-7-l-a-cle","status":"publish","type":"product","link":"https:\/\/somo-sam.com\/?product=coffre-a-poser-7-l-a-cle","title":{"rendered":"COFFRE A POSER 7 L &#8211; A CLE"},"content":{"rendered":"<p>Convient aux h\u00f4tels, complexes touristiques, chambres d\u2019h\u00f4tes et r\u00e9sidences, ce coffre-fort offre un niveau de s\u00e9curit\u00e9 \u00e9lev\u00e9 gr\u00e2ce \u00e0 sa construction d\u00e9coup\u00e9e au laser et \u00e0 son cylindre de serrure m\u00e9canique haute s\u00e9curit\u00e9.<\/p>\n<p>La technologie de cylindre ma\u00eetris\u00e9 permet l\u2019utilisation de deux types de cl\u00e9s : une cl\u00e9 client (bleue) destin\u00e9e aux invit\u00e9s et une cl\u00e9 passe-partout directionnelle (rouge) pour la gestion par le personnel, garantissant un acc\u00e8s et un contr\u00f4le optimaux.<br \/>\nOpter pour un coffre-fort \u00e0 cl\u00e9 avec serrure m\u00e9canique offre une solution fiable et durable, id\u00e9ale pour ceux qui privil\u00e9gient une s\u00e9curit\u00e9 traditionnelle sans recourir \u00e0 des codes ou \u00e0 une alimentation \u00e9lectrique.<\/p>\n<p>Ce coffre-fort \u00e0 cl\u00e9 s\u2019int\u00e8gre facilement dans n\u2019importe quel environnement h\u00f4telier.<\/p>\n","protected":false},"excerpt":{"rendered":"<p>Convient aux h\u00f4tels, complexes touristiques, chambres d\u2019h\u00f4tes et r\u00e9sidences, ce coffre-fort offre un niveau de s\u00e9curit\u00e9 \u00e9lev\u00e9 gr\u00e2ce \u00e0 sa<\/p>\n","protected":false},"featured_media":16667,"template":"","meta":{"_acf_changed":false,"_monsterinsights_skip_tracking":false,"_monsterinsights_sitenote_active":false,"_monsterinsights_sitenote_note":"","_monsterinsights_sitenote_category":0},"product_brand":[],"product_cat":[35],"product_tag":[129],"class_list":{"0":"post-16666","1":"product","2":"type-product","3":"status-publish","4":"has-post-thumbnail","6":"product_cat-coffre-forts","7":"product_tag-stark","9":"first","10":"instock","11":"taxable","12":"shipping-taxable","13":"purchasable","14":"product-type-simple","15":"add-to-wishlist-after_add_to_cart"},"acf":[],"yoast_head":"<!-- This site is optimized with the Yoast SEO plugin v23.6 - https:\/\/yoast.com\/wordpress\/plugins\/seo\/ -->\n<title>COFFRE A POSER 7 L - A CLE - SOMO S.A.M<\/title>\n<meta name=\"description\" content=\"Convient aux h\u00f4tels, complexes touristiques, chambres d\u2019h\u00f4tes et r\u00e9sidences, ce coffre-fort offre un niveau de s\u00e9curit\u00e9 \u00e9lev\u00e9 gr\u00e2ce \u00e0 sa construction d\u00e9coup\u00e9e au laser et \u00e0 son cylindre de serrure m\u00e9canique haute s\u00e9curit\u00e9.\" \/>\n<meta name=\"robots\" content=\"index, follow, max-snippet:-1, max-image-preview:large, max-video-preview:-1\" \/>\n<link rel=\"canonical\" href=\"https:\/\/somo-sam.com\/?product=coffre-a-poser-7-l-a-cle\" \/>\n<meta property=\"og:locale\" content=\"fr_FR\" \/>\n<meta property=\"og:type\" content=\"article\" \/>\n<meta property=\"og:title\" content=\"COFFRE A POSER 7 L - A CLE - SOMO S.A.M\" \/>\n<meta property=\"og:description\" content=\"Convient aux h\u00f4tels, complexes touristiques, chambres d\u2019h\u00f4tes et r\u00e9sidences, ce coffre-fort offre un niveau de s\u00e9curit\u00e9 \u00e9lev\u00e9 gr\u00e2ce \u00e0 sa construction d\u00e9coup\u00e9e au laser et \u00e0 son cylindre de serrure m\u00e9canique haute s\u00e9curit\u00e9.\" \/>\n<meta property=\"og:url\" content=\"https:\/\/somo-sam.com\/?product=coffre-a-poser-7-l-a-cle\" \/>\n<meta property=\"og:site_name\" content=\"SOMO S.A.M\" \/>\n<meta property=\"article:modified_time\" content=\"2025-02-27T14:47:17+00:00\" \/>\n<meta property=\"og:image\" content=\"https:\/\/somo-sam.com\/wp-content\/uploads\/2025\/01\/Design-sans-titre.png\" \/>\n\t<meta property=\"og:image:width\" content=\"1080\" \/>\n\t<meta property=\"og:image:height\" content=\"1080\" \/>\n\t<meta property=\"og:image:type\" content=\"image\/png\" \/>\n<meta name=\"twitter:card\" content=\"summary_large_image\" \/>\n<meta name=\"twitter:label1\" content=\"Dur\u00e9e de lecture estim\u00e9e\" \/>\n\t<meta name=\"twitter:data1\" content=\"1 minute\" \/>\n<script type=\"application\/ld+json\" class=\"yoast-schema-graph\">{\"@context\":\"https:\/\/schema.org\",\"@graph\":[{\"@type\":\"WebPage\",\"@id\":\"https:\/\/somo-sam.com\/?product=coffre-a-poser-7-l-a-cle\",\"url\":\"https:\/\/somo-sam.com\/?product=coffre-a-poser-7-l-a-cle\",\"name\":\"COFFRE A POSER 7 L - A CLE - SOMO S.A.M\",\"isPartOf\":{\"@id\":\"http:\/\/somo-sam.com\/#website\"},\"primaryImageOfPage\":{\"@id\":\"https:\/\/somo-sam.com\/?product=coffre-a-poser-7-l-a-cle#primaryimage\"},\"image\":{\"@id\":\"https:\/\/somo-sam.com\/?product=coffre-a-poser-7-l-a-cle#primaryimage\"},\"thumbnailUrl\":\"https:\/\/somo-sam.com\/wp-content\/uploads\/2025\/01\/Design-sans-titre.png\",\"datePublished\":\"2025-01-24T10:19:06+00:00\",\"dateModified\":\"2025-02-27T14:47:17+00:00\",\"description\":\"Convient aux h\u00f4tels, complexes touristiques, chambres d\u2019h\u00f4tes et r\u00e9sidences, ce coffre-fort offre un niveau de s\u00e9curit\u00e9 \u00e9lev\u00e9 gr\u00e2ce \u00e0 sa construction d\u00e9coup\u00e9e au laser et \u00e0 son cylindre de serrure m\u00e9canique haute s\u00e9curit\u00e9.\",\"breadcrumb\":{\"@id\":\"https:\/\/somo-sam.com\/?product=coffre-a-poser-7-l-a-cle#breadcrumb\"},\"inLanguage\":\"fr-FR\",\"potentialAction\":[{\"@type\":\"ReadAction\",\"target\":[\"https:\/\/somo-sam.com\/?product=coffre-a-poser-7-l-a-cle\"]}]},{\"@type\":\"ImageObject\",\"inLanguage\":\"fr-FR\",\"@id\":\"https:\/\/somo-sam.com\/?product=coffre-a-poser-7-l-a-cle#primaryimage\",\"url\":\"https:\/\/somo-sam.com\/wp-content\/uploads\/2025\/01\/Design-sans-titre.png\",\"contentUrl\":\"https:\/\/somo-sam.com\/wp-content\/uploads\/2025\/01\/Design-sans-titre.png\",\"width\":1080,\"height\":1080},{\"@type\":\"BreadcrumbList\",\"@id\":\"https:\/\/somo-sam.com\/?product=coffre-a-poser-7-l-a-cle#breadcrumb\",\"itemListElement\":[{\"@type\":\"ListItem\",\"position\":1,\"name\":\"Accueil\",\"item\":\"http:\/\/somo-sam.com\/\"},{\"@type\":\"ListItem\",\"position\":2,\"name\":\"Shop\",\"item\":\"https:\/\/somo-sam.com\/?page_id=413\"},{\"@type\":\"ListItem\",\"position\":3,\"name\":\"COFFRE A POSER 7 L &#8211; A CLE\"}]},{\"@type\":\"WebSite\",\"@id\":\"http:\/\/somo-sam.com\/#website\",\"url\":\"http:\/\/somo-sam.com\/\",\"name\":\"SOMO S.A.M\",\"description\":\"Votre partenaire en \u00e9quipements h\u00f4teliers et de restauration\",\"potentialAction\":[{\"@type\":\"SearchAction\",\"target\":{\"@type\":\"EntryPoint\",\"urlTemplate\":\"http:\/\/somo-sam.com\/?s={search_term_string}\"},\"query-input\":{\"@type\":\"PropertyValueSpecification\",\"valueRequired\":true,\"valueName\":\"search_term_string\"}}],\"inLanguage\":\"fr-FR\"}]}<\/script>\n<!-- \/ Yoast SEO plugin. -->","yoast_head_json":{"title":"COFFRE A POSER 7 L - A CLE - SOMO S.A.M","description":"Convient aux h\u00f4tels, complexes touristiques, chambres d\u2019h\u00f4tes et r\u00e9sidences, ce coffre-fort offre un niveau de s\u00e9curit\u00e9 \u00e9lev\u00e9 gr\u00e2ce \u00e0 sa construction d\u00e9coup\u00e9e au laser et \u00e0 son cylindre de serrure m\u00e9canique haute s\u00e9curit\u00e9.","robots":{"index":"index","follow":"follow","max-snippet":"max-snippet:-1","max-image-preview":"max-image-preview:large","max-video-preview":"max-video-preview:-1"},"canonical":"https:\/\/somo-sam.com\/?product=coffre-a-poser-7-l-a-cle","og_locale":"fr_FR","og_type":"article","og_title":"COFFRE A POSER 7 L - A CLE - SOMO S.A.M","og_description":"Convient aux h\u00f4tels, complexes touristiques, chambres d\u2019h\u00f4tes et r\u00e9sidences, ce coffre-fort offre un niveau de s\u00e9curit\u00e9 \u00e9lev\u00e9 gr\u00e2ce \u00e0 sa construction d\u00e9coup\u00e9e au laser et \u00e0 son cylindre de serrure m\u00e9canique haute s\u00e9curit\u00e9.","og_url":"https:\/\/somo-sam.com\/?product=coffre-a-poser-7-l-a-cle","og_site_name":"SOMO S.A.M","article_modified_time":"2025-02-27T14:47:17+00:00","og_image":[{"width":1080,"height":1080,"url":"https:\/\/somo-sam.com\/wp-content\/uploads\/2025\/01\/Design-sans-titre.png","type":"image\/png"}],"twitter_card":"summary_large_image","twitter_misc":{"Dur\u00e9e de lecture estim\u00e9e":"1 minute"},"schema":{"@context":"https:\/\/schema.org","@graph":[{"@type":"WebPage","@id":"https:\/\/somo-sam.com\/?product=coffre-a-poser-7-l-a-cle","url":"https:\/\/somo-sam.com\/?product=coffre-a-poser-7-l-a-cle","name":"COFFRE A POSER 7 L - A CLE - SOMO S.A.M","isPartOf":{"@id":"http:\/\/somo-sam.com\/#website"},"primaryImageOfPage":{"@id":"https:\/\/somo-sam.com\/?product=coffre-a-poser-7-l-a-cle#primaryimage"},"image":{"@id":"https:\/\/somo-sam.com\/?product=coffre-a-poser-7-l-a-cle#primaryimage"},"thumbnailUrl":"https:\/\/somo-sam.com\/wp-content\/uploads\/2025\/01\/Design-sans-titre.png","datePublished":"2025-01-24T10:19:06+00:00","dateModified":"2025-02-27T14:47:17+00:00","description":"Convient aux h\u00f4tels, complexes touristiques, chambres d\u2019h\u00f4tes et r\u00e9sidences, ce coffre-fort offre un niveau de s\u00e9curit\u00e9 \u00e9lev\u00e9 gr\u00e2ce \u00e0 sa construction d\u00e9coup\u00e9e au laser et \u00e0 son cylindre de serrure m\u00e9canique haute s\u00e9curit\u00e9.","breadcrumb":{"@id":"https:\/\/somo-sam.com\/?product=coffre-a-poser-7-l-a-cle#breadcrumb"},"inLanguage":"fr-FR","potentialAction":[{"@type":"ReadAction","target":["https:\/\/somo-sam.com\/?product=coffre-a-poser-7-l-a-cle"]}]},{"@type":"ImageObject","inLanguage":"fr-FR","@id":"https:\/\/somo-sam.com\/?product=coffre-a-poser-7-l-a-cle#primaryimage","url":"https:\/\/somo-sam.com\/wp-content\/uploads\/2025\/01\/Design-sans-titre.png","contentUrl":"https:\/\/somo-sam.com\/wp-content\/uploads\/2025\/01\/Design-sans-titre.png","width":1080,"height":1080},{"@type":"BreadcrumbList","@id":"https:\/\/somo-sam.com\/?product=coffre-a-poser-7-l-a-cle#breadcrumb","itemListElement":[{"@type":"ListItem","position":1,"name":"Accueil","item":"http:\/\/somo-sam.com\/"},{"@type":"ListItem","position":2,"name":"Shop","item":"https:\/\/somo-sam.com\/?page_id=413"},{"@type":"ListItem","position":3,"name":"COFFRE A POSER 7 L &#8211; A CLE"}]},{"@type":"WebSite","@id":"http:\/\/somo-sam.com\/#website","url":"http:\/\/somo-sam.com\/","name":"SOMO S.A.M","description":"Votre partenaire en \u00e9quipements h\u00f4teliers et de restauration","potentialAction":[{"@type":"SearchAction","target":{"@type":"EntryPoint","urlTemplate":"http:\/\/somo-sam.com\/?s={search_term_string}"},"query-input":{"@type":"PropertyValueSpecification","valueRequired":true,"valueName":"search_term_string"}}],"inLanguage":"fr-FR"}]}},"_links":{"self":[{"href":"https:\/\/somo-sam.com\/index.php?rest_route=\/wp\/v2\/product\/16666","targetHints":{"allow":["GET"]}}],"collection":[{"href":"https:\/\/somo-sam.com\/index.php?rest_route=\/wp\/v2\/product"}],"about":[{"href":"https:\/\/somo-sam.com\/index.php?rest_route=\/wp\/v2\/types\/product"}],"version-history":[{"count":4,"href":"https:\/\/somo-sam.com\/index.php?rest_route=\/wp\/v2\/product\/16666\/revisions"}],"predecessor-version":[{"id":29507,"href":"https:\/\/somo-sam.com\/index.php?rest_route=\/wp\/v2\/product\/16666\/revisions\/29507"}],"wp:featuredmedia":[{"embeddable":true,"href":"https:\/\/somo-sam.com\/index.php?rest_route=\/wp\/v2\/media\/16667"}],"wp:attachment":[{"href":"https:\/\/somo-sam.com\/index.php?rest_route=%2Fwp%2Fv2%2Fmedia&parent=16666"}],"wp:term":[{"taxonomy":"product_brand","embeddable":true,"href":"https:\/\/somo-sam.com\/index.php?rest_route=%2Fwp%2Fv2%2Fproduct_brand&post=16666"},{"taxonomy":"product_cat","embeddable":true,"href":"https:\/\/somo-sam.com\/index.php?rest_route=%2Fwp%2Fv2%2Fproduct_cat&post=16666"},{"taxonomy":"product_tag","embeddable":true,"href":"https:\/\/somo-sam.com\/index.php?rest_route=%2Fwp%2Fv2%2Fproduct_tag&post=16666"}],"curies":[{"name":"wp","href":"https:\/\/api.w.org\/{rel}","templated":true}]}}