{"id":16684,"date":"2025-01-24T11:32:09","date_gmt":"2025-01-24T10:32:09","guid":{"rendered":"https:\/\/somo-sam.com\/?post_type=product&#038;p=16684"},"modified":"2025-02-27T15:42:57","modified_gmt":"2025-02-27T14:42:57","slug":"coffre-a-poser-245l-code-electronique-ecran-lcd","status":"publish","type":"product","link":"https:\/\/somo-sam.com\/?product=coffre-a-poser-245l-code-electronique-ecran-lcd","title":{"rendered":"COFFRE A POSER 24,5L &#8211; CODE ELECTRONIQUE ECRAN LCD"},"content":{"rendered":"<p>Con\u00e7u pour offrir une s\u00e9curit\u00e9 sup\u00e9rieure dans les chambres de tout \u00e9tablissement h\u00f4telier, ce coffre-fort est dot\u00e9 d\u2019une serrure digitale motoris\u00e9e et d\u2019un \u00e9clairage LED int\u00e9rieur pour une meilleure visibilit\u00e9 de son contenu.<\/p>\n<p>Id\u00e9al pour le stockage s\u00e9curis\u00e9 des ordinateurs portables jusqu\u2019\u00e0 17&#8243;, il se distingue par ses dimensions optimis\u00e9es et sa construction robuste.<br \/>\nGr\u00e2ce \u00e0 son \u00e9cran int\u00e9gr\u00e9, il permet de consulter l\u2019historique des 100 derni\u00e8res op\u00e9rations, offrant un contr\u00f4le avanc\u00e9 des acc\u00e8s.<br \/>\nUne cl\u00e9 passe-partout m\u00e9canique assure une solution de d\u00e9verrouillage d\u2019urgence, tandis qu\u2019un port USB permet de t\u00e9l\u00e9charger l\u2019historique des op\u00e9rations, facilitant ainsi la gestion.<br \/>\nL\u2019option PLUG pour une alimentation en 220 V garantit un fonctionnement continu sans soucis de batterie. De plus, les trous d\u2019ancrage \u00e0 l\u2019arri\u00e8re et \u00e0 la base assurent une installation s\u00e9curis\u00e9e et anti-effraction.<\/p>\n<p>Ce coffre-fort est parfait pour les h\u00f4tels, complexes touristiques, chambres d\u2019h\u00f4tes et r\u00e9sidences qui souhaitent offrir \u00e0 leurs clients une solution de stockage fiable pour leurs appareils \u00e9lectroniques et objets de valeur.<\/p>\n","protected":false},"excerpt":{"rendered":"<p>Con\u00e7u pour offrir une s\u00e9curit\u00e9 sup\u00e9rieure dans les chambres de tout \u00e9tablissement h\u00f4telier, ce coffre-fort est dot\u00e9 d\u2019une serrure digitale<\/p>\n","protected":false},"featured_media":16685,"template":"","meta":{"_acf_changed":false,"_monsterinsights_skip_tracking":false,"_monsterinsights_sitenote_active":false,"_monsterinsights_sitenote_note":"","_monsterinsights_sitenote_category":0},"product_brand":[282],"product_cat":[35],"product_tag":[],"class_list":{"0":"post-16684","1":"product","2":"type-product","3":"status-publish","4":"has-post-thumbnail","6":"product_brand-stark","7":"product_cat-coffre-forts","9":"first","10":"instock","11":"taxable","12":"shipping-taxable","13":"purchasable","14":"product-type-simple","15":"add-to-wishlist-after_add_to_cart"},"acf":[],"yoast_head":"<!-- This site is optimized with the Yoast SEO plugin v23.6 - https:\/\/yoast.com\/wordpress\/plugins\/seo\/ -->\n<title>COFFRE A POSER 24,5L - CODE ELECTRONIQUE ECRAN LCD - SOMO S.A.M<\/title>\n<meta name=\"description\" content=\"Id\u00e9al pour le stockage s\u00e9curis\u00e9 des ordinateurs portables jusqu\u2019\u00e0 17&quot;, il se distingue par ses dimensions optimis\u00e9es et sa construction robuste.Gr\u00e2ce \u00e0 son \u00e9cran int\u00e9gr\u00e9, il permet de consulter l\u2019historique des 100 derni\u00e8res op\u00e9rations, offrant un contr\u00f4le avanc\u00e9 des acc\u00e8s.\" \/>\n<meta name=\"robots\" content=\"index, follow, max-snippet:-1, max-image-preview:large, max-video-preview:-1\" \/>\n<link rel=\"canonical\" href=\"https:\/\/somo-sam.com\/?product=coffre-a-poser-245l-code-electronique-ecran-lcd\" \/>\n<meta property=\"og:locale\" content=\"fr_FR\" \/>\n<meta property=\"og:type\" content=\"article\" \/>\n<meta property=\"og:title\" content=\"COFFRE A POSER 24,5L - CODE ELECTRONIQUE ECRAN LCD - SOMO S.A.M\" \/>\n<meta property=\"og:description\" content=\"Id\u00e9al pour le stockage s\u00e9curis\u00e9 des ordinateurs portables jusqu\u2019\u00e0 17&quot;, il se distingue par ses dimensions optimis\u00e9es et sa construction robuste.Gr\u00e2ce \u00e0 son \u00e9cran int\u00e9gr\u00e9, il permet de consulter l\u2019historique des 100 derni\u00e8res op\u00e9rations, offrant un contr\u00f4le avanc\u00e9 des acc\u00e8s.\" \/>\n<meta property=\"og:url\" content=\"https:\/\/somo-sam.com\/?product=coffre-a-poser-245l-code-electronique-ecran-lcd\" \/>\n<meta property=\"og:site_name\" content=\"SOMO S.A.M\" \/>\n<meta property=\"article:modified_time\" content=\"2025-02-27T14:42:57+00:00\" \/>\n<meta property=\"og:image\" content=\"https:\/\/somo-sam.com\/wp-content\/uploads\/2025\/01\/Design-sans-titre-7.png\" \/>\n\t<meta property=\"og:image:width\" content=\"1080\" \/>\n\t<meta property=\"og:image:height\" content=\"1080\" \/>\n\t<meta property=\"og:image:type\" content=\"image\/png\" \/>\n<meta name=\"twitter:card\" content=\"summary_large_image\" \/>\n<meta name=\"twitter:label1\" content=\"Dur\u00e9e de lecture estim\u00e9e\" \/>\n\t<meta name=\"twitter:data1\" content=\"2 minutes\" \/>\n<script type=\"application\/ld+json\" class=\"yoast-schema-graph\">{\"@context\":\"https:\/\/schema.org\",\"@graph\":[{\"@type\":\"WebPage\",\"@id\":\"https:\/\/somo-sam.com\/?product=coffre-a-poser-245l-code-electronique-ecran-lcd\",\"url\":\"https:\/\/somo-sam.com\/?product=coffre-a-poser-245l-code-electronique-ecran-lcd\",\"name\":\"COFFRE A POSER 24,5L - CODE ELECTRONIQUE ECRAN LCD - SOMO S.A.M\",\"isPartOf\":{\"@id\":\"http:\/\/somo-sam.com\/#website\"},\"primaryImageOfPage\":{\"@id\":\"https:\/\/somo-sam.com\/?product=coffre-a-poser-245l-code-electronique-ecran-lcd#primaryimage\"},\"image\":{\"@id\":\"https:\/\/somo-sam.com\/?product=coffre-a-poser-245l-code-electronique-ecran-lcd#primaryimage\"},\"thumbnailUrl\":\"https:\/\/somo-sam.com\/wp-content\/uploads\/2025\/01\/Design-sans-titre-7.png\",\"datePublished\":\"2025-01-24T10:32:09+00:00\",\"dateModified\":\"2025-02-27T14:42:57+00:00\",\"description\":\"Id\u00e9al pour le stockage s\u00e9curis\u00e9 des ordinateurs portables jusqu\u2019\u00e0 17\\\", il se distingue par ses dimensions optimis\u00e9es et sa construction robuste.Gr\u00e2ce \u00e0 son \u00e9cran int\u00e9gr\u00e9, il permet de consulter l\u2019historique des 100 derni\u00e8res op\u00e9rations, offrant un contr\u00f4le avanc\u00e9 des acc\u00e8s.\",\"breadcrumb\":{\"@id\":\"https:\/\/somo-sam.com\/?product=coffre-a-poser-245l-code-electronique-ecran-lcd#breadcrumb\"},\"inLanguage\":\"fr-FR\",\"potentialAction\":[{\"@type\":\"ReadAction\",\"target\":[\"https:\/\/somo-sam.com\/?product=coffre-a-poser-245l-code-electronique-ecran-lcd\"]}]},{\"@type\":\"ImageObject\",\"inLanguage\":\"fr-FR\",\"@id\":\"https:\/\/somo-sam.com\/?product=coffre-a-poser-245l-code-electronique-ecran-lcd#primaryimage\",\"url\":\"https:\/\/somo-sam.com\/wp-content\/uploads\/2025\/01\/Design-sans-titre-7.png\",\"contentUrl\":\"https:\/\/somo-sam.com\/wp-content\/uploads\/2025\/01\/Design-sans-titre-7.png\",\"width\":1080,\"height\":1080},{\"@type\":\"BreadcrumbList\",\"@id\":\"https:\/\/somo-sam.com\/?product=coffre-a-poser-245l-code-electronique-ecran-lcd#breadcrumb\",\"itemListElement\":[{\"@type\":\"ListItem\",\"position\":1,\"name\":\"Accueil\",\"item\":\"http:\/\/somo-sam.com\/\"},{\"@type\":\"ListItem\",\"position\":2,\"name\":\"Shop\",\"item\":\"https:\/\/somo-sam.com\/?page_id=413\"},{\"@type\":\"ListItem\",\"position\":3,\"name\":\"COFFRE A POSER 24,5L &#8211; CODE ELECTRONIQUE ECRAN LCD\"}]},{\"@type\":\"WebSite\",\"@id\":\"http:\/\/somo-sam.com\/#website\",\"url\":\"http:\/\/somo-sam.com\/\",\"name\":\"SOMO S.A.M\",\"description\":\"Votre partenaire en \u00e9quipements h\u00f4teliers et de restauration\",\"potentialAction\":[{\"@type\":\"SearchAction\",\"target\":{\"@type\":\"EntryPoint\",\"urlTemplate\":\"http:\/\/somo-sam.com\/?s={search_term_string}\"},\"query-input\":{\"@type\":\"PropertyValueSpecification\",\"valueRequired\":true,\"valueName\":\"search_term_string\"}}],\"inLanguage\":\"fr-FR\"}]}<\/script>\n<!-- \/ Yoast SEO plugin. -->","yoast_head_json":{"title":"COFFRE A POSER 24,5L - CODE ELECTRONIQUE ECRAN LCD - SOMO S.A.M","description":"Id\u00e9al pour le stockage s\u00e9curis\u00e9 des ordinateurs portables jusqu\u2019\u00e0 17\", il se distingue par ses dimensions optimis\u00e9es et sa construction robuste.Gr\u00e2ce \u00e0 son \u00e9cran int\u00e9gr\u00e9, il permet de consulter l\u2019historique des 100 derni\u00e8res op\u00e9rations, offrant un contr\u00f4le avanc\u00e9 des acc\u00e8s.","robots":{"index":"index","follow":"follow","max-snippet":"max-snippet:-1","max-image-preview":"max-image-preview:large","max-video-preview":"max-video-preview:-1"},"canonical":"https:\/\/somo-sam.com\/?product=coffre-a-poser-245l-code-electronique-ecran-lcd","og_locale":"fr_FR","og_type":"article","og_title":"COFFRE A POSER 24,5L - CODE ELECTRONIQUE ECRAN LCD - SOMO S.A.M","og_description":"Id\u00e9al pour le stockage s\u00e9curis\u00e9 des ordinateurs portables jusqu\u2019\u00e0 17\", il se distingue par ses dimensions optimis\u00e9es et sa construction robuste.Gr\u00e2ce \u00e0 son \u00e9cran int\u00e9gr\u00e9, il permet de consulter l\u2019historique des 100 derni\u00e8res op\u00e9rations, offrant un contr\u00f4le avanc\u00e9 des acc\u00e8s.","og_url":"https:\/\/somo-sam.com\/?product=coffre-a-poser-245l-code-electronique-ecran-lcd","og_site_name":"SOMO S.A.M","article_modified_time":"2025-02-27T14:42:57+00:00","og_image":[{"width":1080,"height":1080,"url":"https:\/\/somo-sam.com\/wp-content\/uploads\/2025\/01\/Design-sans-titre-7.png","type":"image\/png"}],"twitter_card":"summary_large_image","twitter_misc":{"Dur\u00e9e de lecture estim\u00e9e":"2 minutes"},"schema":{"@context":"https:\/\/schema.org","@graph":[{"@type":"WebPage","@id":"https:\/\/somo-sam.com\/?product=coffre-a-poser-245l-code-electronique-ecran-lcd","url":"https:\/\/somo-sam.com\/?product=coffre-a-poser-245l-code-electronique-ecran-lcd","name":"COFFRE A POSER 24,5L - CODE ELECTRONIQUE ECRAN LCD - SOMO S.A.M","isPartOf":{"@id":"http:\/\/somo-sam.com\/#website"},"primaryImageOfPage":{"@id":"https:\/\/somo-sam.com\/?product=coffre-a-poser-245l-code-electronique-ecran-lcd#primaryimage"},"image":{"@id":"https:\/\/somo-sam.com\/?product=coffre-a-poser-245l-code-electronique-ecran-lcd#primaryimage"},"thumbnailUrl":"https:\/\/somo-sam.com\/wp-content\/uploads\/2025\/01\/Design-sans-titre-7.png","datePublished":"2025-01-24T10:32:09+00:00","dateModified":"2025-02-27T14:42:57+00:00","description":"Id\u00e9al pour le stockage s\u00e9curis\u00e9 des ordinateurs portables jusqu\u2019\u00e0 17\", il se distingue par ses dimensions optimis\u00e9es et sa construction robuste.Gr\u00e2ce \u00e0 son \u00e9cran int\u00e9gr\u00e9, il permet de consulter l\u2019historique des 100 derni\u00e8res op\u00e9rations, offrant un contr\u00f4le avanc\u00e9 des acc\u00e8s.","breadcrumb":{"@id":"https:\/\/somo-sam.com\/?product=coffre-a-poser-245l-code-electronique-ecran-lcd#breadcrumb"},"inLanguage":"fr-FR","potentialAction":[{"@type":"ReadAction","target":["https:\/\/somo-sam.com\/?product=coffre-a-poser-245l-code-electronique-ecran-lcd"]}]},{"@type":"ImageObject","inLanguage":"fr-FR","@id":"https:\/\/somo-sam.com\/?product=coffre-a-poser-245l-code-electronique-ecran-lcd#primaryimage","url":"https:\/\/somo-sam.com\/wp-content\/uploads\/2025\/01\/Design-sans-titre-7.png","contentUrl":"https:\/\/somo-sam.com\/wp-content\/uploads\/2025\/01\/Design-sans-titre-7.png","width":1080,"height":1080},{"@type":"BreadcrumbList","@id":"https:\/\/somo-sam.com\/?product=coffre-a-poser-245l-code-electronique-ecran-lcd#breadcrumb","itemListElement":[{"@type":"ListItem","position":1,"name":"Accueil","item":"http:\/\/somo-sam.com\/"},{"@type":"ListItem","position":2,"name":"Shop","item":"https:\/\/somo-sam.com\/?page_id=413"},{"@type":"ListItem","position":3,"name":"COFFRE A POSER 24,5L &#8211; CODE ELECTRONIQUE ECRAN LCD"}]},{"@type":"WebSite","@id":"http:\/\/somo-sam.com\/#website","url":"http:\/\/somo-sam.com\/","name":"SOMO S.A.M","description":"Votre partenaire en \u00e9quipements h\u00f4teliers et de restauration","potentialAction":[{"@type":"SearchAction","target":{"@type":"EntryPoint","urlTemplate":"http:\/\/somo-sam.com\/?s={search_term_string}"},"query-input":{"@type":"PropertyValueSpecification","valueRequired":true,"valueName":"search_term_string"}}],"inLanguage":"fr-FR"}]}},"_links":{"self":[{"href":"https:\/\/somo-sam.com\/index.php?rest_route=\/wp\/v2\/product\/16684","targetHints":{"allow":["GET"]}}],"collection":[{"href":"https:\/\/somo-sam.com\/index.php?rest_route=\/wp\/v2\/product"}],"about":[{"href":"https:\/\/somo-sam.com\/index.php?rest_route=\/wp\/v2\/types\/product"}],"version-history":[{"count":3,"href":"https:\/\/somo-sam.com\/index.php?rest_route=\/wp\/v2\/product\/16684\/revisions"}],"predecessor-version":[{"id":29502,"href":"https:\/\/somo-sam.com\/index.php?rest_route=\/wp\/v2\/product\/16684\/revisions\/29502"}],"wp:featuredmedia":[{"embeddable":true,"href":"https:\/\/somo-sam.com\/index.php?rest_route=\/wp\/v2\/media\/16685"}],"wp:attachment":[{"href":"https:\/\/somo-sam.com\/index.php?rest_route=%2Fwp%2Fv2%2Fmedia&parent=16684"}],"wp:term":[{"taxonomy":"product_brand","embeddable":true,"href":"https:\/\/somo-sam.com\/index.php?rest_route=%2Fwp%2Fv2%2Fproduct_brand&post=16684"},{"taxonomy":"product_cat","embeddable":true,"href":"https:\/\/somo-sam.com\/index.php?rest_route=%2Fwp%2Fv2%2Fproduct_cat&post=16684"},{"taxonomy":"product_tag","embeddable":true,"href":"https:\/\/somo-sam.com\/index.php?rest_route=%2Fwp%2Fv2%2Fproduct_tag&post=16684"}],"curies":[{"name":"wp","href":"https:\/\/api.w.org\/{rel}","templated":true}]}}