{"id":16740,"date":"2025-01-24T14:12:43","date_gmt":"2025-01-24T13:12:43","guid":{"rendered":"https:\/\/somo-sam.com\/?post_type=product&#038;p=16740"},"modified":"2025-02-25T15:15:41","modified_gmt":"2025-02-25T14:15:41","slug":"valera-excel-2000-ionic-tf","status":"publish","type":"product","link":"https:\/\/somo-sam.com\/?product=valera-excel-2000-ionic-tf","title":{"rendered":"Valera Excel"},"content":{"rendered":"<h2>Valera Excel 1600 Push<\/h2>\n<p data-pm-slice=\"1 1 []\">El\u00e9ment chauffant \u00e0 onde Security<\/p>\n<p>Bouton poussoir on\/off<\/p>\n<p>6 combinaisons de commutation temp\u00e9rature\/flux d&#8217;air, y compris niveau de refroidissement Cool<\/p>\n<p>Filtre amovible<\/p>\n<p>Concentrateur d\u2019air<\/p>\n<p>C\u00e2ble en spirale<\/p>\n<p>&nbsp;<\/p>\n<p>Donn\u00e9es Techniques<\/p>\n<p>Puissance 1600 W<\/p>\n<p>Poids 550 g (sans c\u00e2ble)<\/p>\n<h2>Valera Excel 1875 Push<\/h2>\n<p data-pm-slice=\"1 1 []\">Bouton poussoir on\/off<\/p>\n<p>6 combinaisons de commutation<\/p>\n<p>Niveau de refroidissement Cool<\/p>\n<p>Filtre \u00e0 cheveux amovible<\/p>\n<p>C\u00e2ble en spirale<\/p>\n<p>Concentrateur d\u2019air<\/p>\n<p>&nbsp;<\/p>\n<p>Donn\u00e9es Techniques<\/p>\n<p>Puissance 1875 W<\/p>\n<p>Poids 560 g (sans c\u00e2ble)<\/p>\n<h2>Valera Excel 2000 Ionic TF<\/h2>\n<p data-pm-slice=\"1 1 []\">Le s\u00e8che-cheveux ultra-l\u00e9ger pour une utilisation quotidienne et pour toute la famille. Un puissant g\u00e9n\u00e9rateur d&#8217;ions enrichit le flux d&#8217;air en ions n\u00e9gatifs et garantit des cheveux brillants sans accumulation d&#8217;\u00e9lectricit\u00e9 statique.<\/p>\n<p>&nbsp;<\/p>\n<p>G\u00e9n\u00e9rateur d&#8217;ions<\/p>\n<p>El\u00e9ment chauffant \u00e0 onde Security<\/p>\n<p>6 combinaisons de r\u00e9glage de la temp\u00e9rature et du d\u00e9bit d&#8217;air, y compris le niveau de refroidissement froid<\/p>\n<p>Concentrateur d\u2019air<\/p>\n<p>Filtre amovible<\/p>\n<p>&nbsp;<\/p>\n<p>Donn\u00e9es Techniques<\/p>\n<p>Puissance 2000 W<\/p>\n<p>Poids 360 g (sans c\u00e2ble)<\/p>\n<h2>Valera Excel 1800 TF<\/h2>\n<p data-pm-slice=\"1 1 []\">Tout simplement pratique pour tous les jours. Le design l\u00e9ger comme une plume assure un maniement confortable, la bonne performance de s\u00e9chage avec six combinaisons de temp\u00e9rature et de flux d&#8217;air r\u00e9pond aux souhaits individuels.<\/p>\n<p>&nbsp;<\/p>\n<p>Avec support mural mod. 034<\/p>\n<p>Fusible thermique<\/p>\n<p>El\u00e9ment chauffant \u00e0 onde Security<\/p>\n<p>6 combinaisons de commutation temp\u00e9rature\/flux d&#8217;air<\/p>\n<p>bouton de refroidissement<\/p>\n<p>Concentrateur d\u2019air<\/p>\n<p>Filtre amovible<\/p>\n<p>&nbsp;<\/p>\n<p>Donn\u00e9es Techniques<\/p>\n<p>Puissance 1800 W<\/p>\n<p>Poids 354 g (sans c\u00e2ble)<\/p>\n<p>&nbsp;<\/p>\n","protected":false},"excerpt":{"rendered":"<div>Le s\u00e8che-cheveux ultra-l\u00e9ger pour une utilisation quotidienne et pour toute la famille. Un puissant g\u00e9n\u00e9rateur d&#8217;ions enrichit le flux d&#8217;air en ions n\u00e9gatifs et garantit des cheveux brillants sans accumulation d&#8217;\u00e9lectricit\u00e9 statique.<\/div>\n<p>&nbsp;<\/p>\n<p data-pm-slice=\"1 1 []\">G\u00e9n\u00e9rateur d&#8217;ions<\/p>\n<p>El\u00e9ment chauffant \u00e0 onde Security<\/p>\n<p>6 combinaisons de r\u00e9glage de la temp\u00e9rature et du d\u00e9bit d&#8217;air, y compris le niveau de refroidissement froid<\/p>\n<p>Concentrateur d\u2019air<\/p>\n<p>Filtre amovible<\/p>\n<table border=\"0\" cellspacing=\"1\" cellpadding=\"5\">\n<tbody>\n<tr>\n<td colspan=\"2\" bgcolor=\"#F5F5F5\"><b>Donn\u00e9es Techniques<\/b><\/td>\n<\/tr>\n<tr>\n<td valign=\"top\">Puissance<\/td>\n<td valign=\"top\">2000 W<\/td>\n<\/tr>\n<tr>\n<td valign=\"top\">Poids<\/td>\n<td valign=\"top\">360 g (sans c\u00e2ble)<\/td>\n<\/tr>\n<\/tbody>\n<\/table>\n","protected":false},"featured_media":16741,"template":"","meta":{"_acf_changed":false,"_monsterinsights_skip_tracking":false,"_monsterinsights_sitenote_active":false,"_monsterinsights_sitenote_note":"","_monsterinsights_sitenote_category":0},"product_brand":[279],"product_cat":[252,247,66,130,125],"product_tag":[],"class_list":{"0":"post-16740","1":"product","2":"type-product","3":"status-publish","4":"has-post-thumbnail","6":"product_brand-valera","7":"product_cat-hotellerie","8":"product_cat-salle-de-bains","9":"product_cat-seche-cheveux","10":"product_cat-seche-cheveux-salon-exclusive","11":"product_cat-seche-cheveux-pistolets","13":"first","14":"instock","15":"taxable","16":"shipping-taxable","17":"purchasable","18":"product-type-variable","19":"add-to-wishlist-after_add_to_cart"},"acf":[],"yoast_head":"<!-- This site is optimized with the Yoast SEO plugin v23.6 - https:\/\/yoast.com\/wordpress\/plugins\/seo\/ -->\n<title>Valera Excel - SOMO S.A.M<\/title>\n<meta name=\"description\" content=\"Le design l\u00e9ger comme une plume assure un maniement confortable, la bonne performance de s\u00e9chage avec six combinaisons de temp\u00e9rature et de flux d&#039;air r\u00e9pond aux souhaits individuels.\" \/>\n<meta name=\"robots\" content=\"index, follow, max-snippet:-1, max-image-preview:large, max-video-preview:-1\" \/>\n<link rel=\"canonical\" href=\"https:\/\/somo-sam.com\/?product=valera-excel-2000-ionic-tf\" \/>\n<meta property=\"og:locale\" content=\"fr_FR\" \/>\n<meta property=\"og:type\" content=\"article\" \/>\n<meta property=\"og:title\" content=\"Valera Excel - SOMO S.A.M\" \/>\n<meta property=\"og:description\" content=\"Le design l\u00e9ger comme une plume assure un maniement confortable, la bonne performance de s\u00e9chage avec six combinaisons de temp\u00e9rature et de flux d&#039;air r\u00e9pond aux souhaits individuels.\" \/>\n<meta property=\"og:url\" content=\"https:\/\/somo-sam.com\/?product=valera-excel-2000-ionic-tf\" \/>\n<meta property=\"og:site_name\" content=\"SOMO S.A.M\" \/>\n<meta property=\"article:modified_time\" content=\"2025-02-25T14:15:41+00:00\" \/>\n<meta property=\"og:image\" content=\"https:\/\/somo-sam.com\/wp-content\/uploads\/2025\/01\/Design-sans-titre-4-1.png\" \/>\n\t<meta property=\"og:image:width\" content=\"1080\" \/>\n\t<meta property=\"og:image:height\" content=\"1080\" \/>\n\t<meta property=\"og:image:type\" content=\"image\/png\" \/>\n<meta name=\"twitter:card\" content=\"summary_large_image\" \/>\n<meta name=\"twitter:label1\" content=\"Dur\u00e9e de lecture estim\u00e9e\" \/>\n\t<meta name=\"twitter:data1\" content=\"2 minutes\" \/>\n<script type=\"application\/ld+json\" class=\"yoast-schema-graph\">{\"@context\":\"https:\/\/schema.org\",\"@graph\":[{\"@type\":\"WebPage\",\"@id\":\"https:\/\/somo-sam.com\/?product=valera-excel-2000-ionic-tf\",\"url\":\"https:\/\/somo-sam.com\/?product=valera-excel-2000-ionic-tf\",\"name\":\"Valera Excel - SOMO S.A.M\",\"isPartOf\":{\"@id\":\"http:\/\/somo-sam.com\/#website\"},\"primaryImageOfPage\":{\"@id\":\"https:\/\/somo-sam.com\/?product=valera-excel-2000-ionic-tf#primaryimage\"},\"image\":{\"@id\":\"https:\/\/somo-sam.com\/?product=valera-excel-2000-ionic-tf#primaryimage\"},\"thumbnailUrl\":\"https:\/\/somo-sam.com\/wp-content\/uploads\/2025\/01\/Design-sans-titre-4-1.png\",\"datePublished\":\"2025-01-24T13:12:43+00:00\",\"dateModified\":\"2025-02-25T14:15:41+00:00\",\"description\":\"Le design l\u00e9ger comme une plume assure un maniement confortable, la bonne performance de s\u00e9chage avec six combinaisons de temp\u00e9rature et de flux d'air r\u00e9pond aux souhaits individuels.\",\"breadcrumb\":{\"@id\":\"https:\/\/somo-sam.com\/?product=valera-excel-2000-ionic-tf#breadcrumb\"},\"inLanguage\":\"fr-FR\",\"potentialAction\":[{\"@type\":\"ReadAction\",\"target\":[\"https:\/\/somo-sam.com\/?product=valera-excel-2000-ionic-tf\"]}]},{\"@type\":\"ImageObject\",\"inLanguage\":\"fr-FR\",\"@id\":\"https:\/\/somo-sam.com\/?product=valera-excel-2000-ionic-tf#primaryimage\",\"url\":\"https:\/\/somo-sam.com\/wp-content\/uploads\/2025\/01\/Design-sans-titre-4-1.png\",\"contentUrl\":\"https:\/\/somo-sam.com\/wp-content\/uploads\/2025\/01\/Design-sans-titre-4-1.png\",\"width\":1080,\"height\":1080},{\"@type\":\"BreadcrumbList\",\"@id\":\"https:\/\/somo-sam.com\/?product=valera-excel-2000-ionic-tf#breadcrumb\",\"itemListElement\":[{\"@type\":\"ListItem\",\"position\":1,\"name\":\"Accueil\",\"item\":\"http:\/\/somo-sam.com\/\"},{\"@type\":\"ListItem\",\"position\":2,\"name\":\"Shop\",\"item\":\"https:\/\/somo-sam.com\/?page_id=413\"},{\"@type\":\"ListItem\",\"position\":3,\"name\":\"Valera Excel\"}]},{\"@type\":\"WebSite\",\"@id\":\"http:\/\/somo-sam.com\/#website\",\"url\":\"http:\/\/somo-sam.com\/\",\"name\":\"SOMO S.A.M\",\"description\":\"Votre partenaire en \u00e9quipements h\u00f4teliers et de restauration\",\"potentialAction\":[{\"@type\":\"SearchAction\",\"target\":{\"@type\":\"EntryPoint\",\"urlTemplate\":\"http:\/\/somo-sam.com\/?s={search_term_string}\"},\"query-input\":{\"@type\":\"PropertyValueSpecification\",\"valueRequired\":true,\"valueName\":\"search_term_string\"}}],\"inLanguage\":\"fr-FR\"}]}<\/script>\n<!-- \/ Yoast SEO plugin. -->","yoast_head_json":{"title":"Valera Excel - SOMO S.A.M","description":"Le design l\u00e9ger comme une plume assure un maniement confortable, la bonne performance de s\u00e9chage avec six combinaisons de temp\u00e9rature et de flux d'air r\u00e9pond aux souhaits individuels.","robots":{"index":"index","follow":"follow","max-snippet":"max-snippet:-1","max-image-preview":"max-image-preview:large","max-video-preview":"max-video-preview:-1"},"canonical":"https:\/\/somo-sam.com\/?product=valera-excel-2000-ionic-tf","og_locale":"fr_FR","og_type":"article","og_title":"Valera Excel - SOMO S.A.M","og_description":"Le design l\u00e9ger comme une plume assure un maniement confortable, la bonne performance de s\u00e9chage avec six combinaisons de temp\u00e9rature et de flux d'air r\u00e9pond aux souhaits individuels.","og_url":"https:\/\/somo-sam.com\/?product=valera-excel-2000-ionic-tf","og_site_name":"SOMO S.A.M","article_modified_time":"2025-02-25T14:15:41+00:00","og_image":[{"width":1080,"height":1080,"url":"https:\/\/somo-sam.com\/wp-content\/uploads\/2025\/01\/Design-sans-titre-4-1.png","type":"image\/png"}],"twitter_card":"summary_large_image","twitter_misc":{"Dur\u00e9e de lecture estim\u00e9e":"2 minutes"},"schema":{"@context":"https:\/\/schema.org","@graph":[{"@type":"WebPage","@id":"https:\/\/somo-sam.com\/?product=valera-excel-2000-ionic-tf","url":"https:\/\/somo-sam.com\/?product=valera-excel-2000-ionic-tf","name":"Valera Excel - SOMO S.A.M","isPartOf":{"@id":"http:\/\/somo-sam.com\/#website"},"primaryImageOfPage":{"@id":"https:\/\/somo-sam.com\/?product=valera-excel-2000-ionic-tf#primaryimage"},"image":{"@id":"https:\/\/somo-sam.com\/?product=valera-excel-2000-ionic-tf#primaryimage"},"thumbnailUrl":"https:\/\/somo-sam.com\/wp-content\/uploads\/2025\/01\/Design-sans-titre-4-1.png","datePublished":"2025-01-24T13:12:43+00:00","dateModified":"2025-02-25T14:15:41+00:00","description":"Le design l\u00e9ger comme une plume assure un maniement confortable, la bonne performance de s\u00e9chage avec six combinaisons de temp\u00e9rature et de flux d'air r\u00e9pond aux souhaits individuels.","breadcrumb":{"@id":"https:\/\/somo-sam.com\/?product=valera-excel-2000-ionic-tf#breadcrumb"},"inLanguage":"fr-FR","potentialAction":[{"@type":"ReadAction","target":["https:\/\/somo-sam.com\/?product=valera-excel-2000-ionic-tf"]}]},{"@type":"ImageObject","inLanguage":"fr-FR","@id":"https:\/\/somo-sam.com\/?product=valera-excel-2000-ionic-tf#primaryimage","url":"https:\/\/somo-sam.com\/wp-content\/uploads\/2025\/01\/Design-sans-titre-4-1.png","contentUrl":"https:\/\/somo-sam.com\/wp-content\/uploads\/2025\/01\/Design-sans-titre-4-1.png","width":1080,"height":1080},{"@type":"BreadcrumbList","@id":"https:\/\/somo-sam.com\/?product=valera-excel-2000-ionic-tf#breadcrumb","itemListElement":[{"@type":"ListItem","position":1,"name":"Accueil","item":"http:\/\/somo-sam.com\/"},{"@type":"ListItem","position":2,"name":"Shop","item":"https:\/\/somo-sam.com\/?page_id=413"},{"@type":"ListItem","position":3,"name":"Valera Excel"}]},{"@type":"WebSite","@id":"http:\/\/somo-sam.com\/#website","url":"http:\/\/somo-sam.com\/","name":"SOMO S.A.M","description":"Votre partenaire en \u00e9quipements h\u00f4teliers et de restauration","potentialAction":[{"@type":"SearchAction","target":{"@type":"EntryPoint","urlTemplate":"http:\/\/somo-sam.com\/?s={search_term_string}"},"query-input":{"@type":"PropertyValueSpecification","valueRequired":true,"valueName":"search_term_string"}}],"inLanguage":"fr-FR"}]}},"_links":{"self":[{"href":"https:\/\/somo-sam.com\/index.php?rest_route=\/wp\/v2\/product\/16740","targetHints":{"allow":["GET"]}}],"collection":[{"href":"https:\/\/somo-sam.com\/index.php?rest_route=\/wp\/v2\/product"}],"about":[{"href":"https:\/\/somo-sam.com\/index.php?rest_route=\/wp\/v2\/types\/product"}],"version-history":[{"count":3,"href":"https:\/\/somo-sam.com\/index.php?rest_route=\/wp\/v2\/product\/16740\/revisions"}],"predecessor-version":[{"id":29165,"href":"https:\/\/somo-sam.com\/index.php?rest_route=\/wp\/v2\/product\/16740\/revisions\/29165"}],"wp:featuredmedia":[{"embeddable":true,"href":"https:\/\/somo-sam.com\/index.php?rest_route=\/wp\/v2\/media\/16741"}],"wp:attachment":[{"href":"https:\/\/somo-sam.com\/index.php?rest_route=%2Fwp%2Fv2%2Fmedia&parent=16740"}],"wp:term":[{"taxonomy":"product_brand","embeddable":true,"href":"https:\/\/somo-sam.com\/index.php?rest_route=%2Fwp%2Fv2%2Fproduct_brand&post=16740"},{"taxonomy":"product_cat","embeddable":true,"href":"https:\/\/somo-sam.com\/index.php?rest_route=%2Fwp%2Fv2%2Fproduct_cat&post=16740"},{"taxonomy":"product_tag","embeddable":true,"href":"https:\/\/somo-sam.com\/index.php?rest_route=%2Fwp%2Fv2%2Fproduct_tag&post=16740"}],"curies":[{"name":"wp","href":"https:\/\/api.w.org\/{rel}","templated":true}]}}