{"id":16757,"date":"2025-01-24T14:44:07","date_gmt":"2025-01-24T13:44:07","guid":{"rendered":"https:\/\/somo-sam.com\/?post_type=product&#038;p=16757"},"modified":"2026-04-10T14:51:19","modified_gmt":"2026-04-10T12:51:19","slug":"seche-cheveux-pistolets-avec-support-mural","status":"publish","type":"product","link":"https:\/\/somo-sam.com\/?product=seche-cheveux-pistolets-avec-support-mural","title":{"rendered":"SILENT JET PROTECT VALERA"},"content":{"rendered":"<h3 data-start=\"135\" data-end=\"227\"><strong data-start=\"139\" data-end=\"227\">S\u00e8che-Cheveux Professionnel avec Technologie Smart Airflow et Protection Electrostop<\/strong><\/h3>\n<p data-start=\"229\" data-end=\"670\">Le <strong data-start=\"232\" data-end=\"270\">s\u00e8che-cheveux professionnel Valera<\/strong> est con\u00e7u pour allier performance, s\u00e9curit\u00e9 et praticit\u00e9. Avec un <strong data-start=\"337\" data-end=\"361\">moteur collecteur AC LONG-LIFE <\/strong>puissant et la <strong data-start=\"377\" data-end=\"406\">technologie Smart Airflow<\/strong>, il offre jusqu&#8217;\u00e0 <strong data-start=\"425\" data-end=\"475\">6 combinaisons de temp\u00e9rature et de flux d&#8217;air<\/strong>, garantissant un s\u00e9chage rapide et adapt\u00e9 \u00e0 chaque type de cheveux. Son <strong data-start=\"548\" data-end=\"578\">filtre m\u00e9tallique amovible<\/strong> permet un entretien facile, tandis que le <strong data-start=\"621\" data-end=\"644\">concentrateur d\u2019air<\/strong> assure un s\u00e9chage pr\u00e9cis.<\/p>\n<p data-start=\"672\" data-end=\"1144\">Le produit est \u00e9quip\u00e9 de plusieurs fonctionnalit\u00e9s de s\u00e9curit\u00e9, dont un <strong data-start=\"744\" data-end=\"784\">interrupteur de s\u00e9curit\u00e9 automatique<\/strong> et un <strong data-start=\"791\" data-end=\"828\">\u00e9l\u00e9ment chauffant \u00e0 onde Security<\/strong> pour \u00e9viter la surchauffe. Le syst\u00e8me <strong data-start=\"867\" data-end=\"882\">Electrostop<\/strong>, un disjoncteur diff\u00e9rentiel int\u00e9gr\u00e9 dans le support mural, prot\u00e8ge contre les risques de choc \u00e9lectrique en cas de contact accidentel avec de l&#8217;eau. Gr\u00e2ce \u00e0 un courant diff\u00e9rentiel de 10mA, il est bien plus sensible et efficace que les disjoncteurs classiques.<\/p>\n<p>Existe en version avec une <strong data-start=\"1337\" data-end=\"1353\">prise rasoir<\/strong> compatible pour des tensions de <strong data-start=\"1386\" data-end=\"1399\">110-120 V<\/strong> et <strong data-start=\"1403\" data-end=\"1416\">220-240 V<\/strong>, il est parfait pour des <strong data-start=\"1442\" data-end=\"1466\">petits lieux publics<\/strong> tels que les <strong data-start=\"1480\" data-end=\"1510\">piscines des petits h\u00f4tels<\/strong>, les <strong data-start=\"1516\" data-end=\"1524\">spas<\/strong> ou les <strong data-start=\"1532\" data-end=\"1554\">clubs de bien-\u00eatre<\/strong>.<\/p>\n<h3 data-start=\"1557\" data-end=\"1595\"><strong data-start=\"1561\" data-end=\"1593\">Caract\u00e9ristiques principales<\/strong> :<\/h3>\n<ul data-start=\"1596\" data-end=\"2140\">\n<li data-start=\"1596\" data-end=\"1631\"><strong data-start=\"1598\" data-end=\"1611\">Puissance<\/strong> : 2000 W<\/li>\n<li data-start=\"1632\" data-end=\"1689\"><strong data-start=\"1634\" data-end=\"1658\">Moteur collecteur AC<\/strong> <strong>LONG-LIFE<\/strong> pour une performance durable<\/li>\n<li data-start=\"1690\" data-end=\"1766\"><strong data-start=\"1692\" data-end=\"1721\">Technologie Smart Airflow<\/strong> avec 6 combinaisons temp\u00e9rature\/flux d&#8217;air<\/li>\n<li data-start=\"1767\" data-end=\"1826\"><strong data-start=\"1769\" data-end=\"1799\">Filtre m\u00e9tallique amovible<\/strong> pour un nettoyage facile<\/li>\n<li data-start=\"1827\" data-end=\"1876\"><strong data-start=\"1829\" data-end=\"1852\">Concentrateur d\u2019air<\/strong> pour un s\u00e9chage cibl\u00e9<\/li>\n<li data-start=\"1877\" data-end=\"1934\"><strong data-start=\"1879\" data-end=\"1919\">Interrupteur de s\u00e9curit\u00e9 automatique<\/strong> marche\/arr\u00eat<\/li>\n<li data-start=\"1935\" data-end=\"2012\"><strong data-start=\"1937\" data-end=\"1952\">Electrostop<\/strong> pour une protection contre les courants de d\u00e9faut (10 mA)<\/li>\n<li data-start=\"2013\" data-end=\"2076\"><strong data-start=\"2015\" data-end=\"2052\">El\u00e9ment chauffant \u00e0 onde Security<\/strong> pour plus de s\u00e9curit\u00e9<\/li>\n<li data-start=\"2077\" data-end=\"2140\"><strong data-start=\"2079\" data-end=\"2096\">Support mural<\/strong> avec transformateur d&#8217;isolement de s\u00e9curit\u00e9<\/li>\n<li data-start=\"2077\" data-end=\"2140\"><strong>IP20<\/strong><\/li>\n<li data-start=\"2077\" data-end=\"2140\"><strong>2 options<\/strong> : Avec ou sans prise rasoir<\/li>\n<\/ul>\n<ul data-start=\"2171\" data-end=\"2245\">\n<li data-start=\"2207\" data-end=\"2245\"><strong data-start=\"2209\" data-end=\"2220\">Tension<\/strong> : 110-120 V et 220-240 V<\/li>\n<\/ul>\n","protected":false},"excerpt":{"rendered":"<h3>SILENT JET PROTECT VALERA<\/h3>\n","protected":false},"featured_media":28754,"template":"","meta":{"_acf_changed":false,"_monsterinsights_skip_tracking":false,"_monsterinsights_sitenote_active":false,"_monsterinsights_sitenote_note":"","_monsterinsights_sitenote_category":0},"product_brand":[279],"product_cat":[252,247,248],"product_tag":[],"class_list":{"0":"post-16757","1":"product","2":"type-product","3":"status-publish","4":"has-post-thumbnail","6":"product_brand-valera","7":"product_cat-hotellerie","8":"product_cat-salle-de-bains","9":"product_cat-seche-cheveux-pistolets-avec-support-mural","11":"first","12":"instock","13":"taxable","14":"shipping-taxable","15":"purchasable","16":"product-type-variable","17":"add-to-wishlist-after_add_to_cart"},"acf":[],"yoast_head":"<!-- This site is optimized with the Yoast SEO plugin v23.6 - https:\/\/yoast.com\/wordpress\/plugins\/seo\/ -->\n<title>SILENT JET PROTECT VALERA - SOMO S.A.M<\/title>\n<meta name=\"description\" content=\"D\u00e9couvrez le s\u00e8che-cheveux professionnel Valera avec technologie Smart Airflow, 6 combinaisons de temp\u00e9rature, s\u00e9curit\u00e9 renforc\u00e9e (Electrostop) et puissance 2000W. Id\u00e9al pour les petits lieux publics.\" \/>\n<meta name=\"robots\" content=\"index, follow, max-snippet:-1, max-image-preview:large, max-video-preview:-1\" \/>\n<link rel=\"canonical\" href=\"https:\/\/somo-sam.com\/?product=seche-cheveux-pistolets-avec-support-mural\" \/>\n<meta property=\"og:locale\" content=\"fr_FR\" \/>\n<meta property=\"og:type\" content=\"article\" \/>\n<meta property=\"og:title\" content=\"SILENT JET PROTECT VALERA - SOMO S.A.M\" \/>\n<meta property=\"og:description\" content=\"D\u00e9couvrez le s\u00e8che-cheveux professionnel Valera avec technologie Smart Airflow, 6 combinaisons de temp\u00e9rature, s\u00e9curit\u00e9 renforc\u00e9e (Electrostop) et puissance 2000W. Id\u00e9al pour les petits lieux publics.\" \/>\n<meta property=\"og:url\" content=\"https:\/\/somo-sam.com\/?product=seche-cheveux-pistolets-avec-support-mural\" \/>\n<meta property=\"og:site_name\" content=\"SOMO S.A.M\" \/>\n<meta property=\"article:modified_time\" content=\"2026-04-10T12:51:19+00:00\" \/>\n<meta property=\"og:image\" content=\"https:\/\/somo-sam.com\/wp-content\/uploads\/2025\/01\/Ajouter-un-titre.png\" \/>\n\t<meta property=\"og:image:width\" content=\"1080\" \/>\n\t<meta property=\"og:image:height\" content=\"1080\" \/>\n\t<meta property=\"og:image:type\" content=\"image\/png\" \/>\n<meta name=\"twitter:card\" content=\"summary_large_image\" \/>\n<meta name=\"twitter:label1\" content=\"Dur\u00e9e de lecture estim\u00e9e\" \/>\n\t<meta name=\"twitter:data1\" content=\"2 minutes\" \/>\n<script type=\"application\/ld+json\" class=\"yoast-schema-graph\">{\"@context\":\"https:\/\/schema.org\",\"@graph\":[{\"@type\":\"WebPage\",\"@id\":\"https:\/\/somo-sam.com\/?product=seche-cheveux-pistolets-avec-support-mural\",\"url\":\"https:\/\/somo-sam.com\/?product=seche-cheveux-pistolets-avec-support-mural\",\"name\":\"SILENT JET PROTECT VALERA - SOMO S.A.M\",\"isPartOf\":{\"@id\":\"http:\/\/somo-sam.com\/#website\"},\"primaryImageOfPage\":{\"@id\":\"https:\/\/somo-sam.com\/?product=seche-cheveux-pistolets-avec-support-mural#primaryimage\"},\"image\":{\"@id\":\"https:\/\/somo-sam.com\/?product=seche-cheveux-pistolets-avec-support-mural#primaryimage\"},\"thumbnailUrl\":\"https:\/\/somo-sam.com\/wp-content\/uploads\/2025\/01\/Ajouter-un-titre.png\",\"datePublished\":\"2025-01-24T13:44:07+00:00\",\"dateModified\":\"2026-04-10T12:51:19+00:00\",\"description\":\"D\u00e9couvrez le s\u00e8che-cheveux professionnel Valera avec technologie Smart Airflow, 6 combinaisons de temp\u00e9rature, s\u00e9curit\u00e9 renforc\u00e9e (Electrostop) et puissance 2000W. Id\u00e9al pour les petits lieux publics.\",\"breadcrumb\":{\"@id\":\"https:\/\/somo-sam.com\/?product=seche-cheveux-pistolets-avec-support-mural#breadcrumb\"},\"inLanguage\":\"fr-FR\",\"potentialAction\":[{\"@type\":\"ReadAction\",\"target\":[\"https:\/\/somo-sam.com\/?product=seche-cheveux-pistolets-avec-support-mural\"]}]},{\"@type\":\"ImageObject\",\"inLanguage\":\"fr-FR\",\"@id\":\"https:\/\/somo-sam.com\/?product=seche-cheveux-pistolets-avec-support-mural#primaryimage\",\"url\":\"https:\/\/somo-sam.com\/wp-content\/uploads\/2025\/01\/Ajouter-un-titre.png\",\"contentUrl\":\"https:\/\/somo-sam.com\/wp-content\/uploads\/2025\/01\/Ajouter-un-titre.png\",\"width\":1080,\"height\":1080},{\"@type\":\"BreadcrumbList\",\"@id\":\"https:\/\/somo-sam.com\/?product=seche-cheveux-pistolets-avec-support-mural#breadcrumb\",\"itemListElement\":[{\"@type\":\"ListItem\",\"position\":1,\"name\":\"Accueil\",\"item\":\"http:\/\/somo-sam.com\/\"},{\"@type\":\"ListItem\",\"position\":2,\"name\":\"Shop\",\"item\":\"https:\/\/somo-sam.com\/?page_id=413\"},{\"@type\":\"ListItem\",\"position\":3,\"name\":\"SILENT JET PROTECT VALERA\"}]},{\"@type\":\"WebSite\",\"@id\":\"http:\/\/somo-sam.com\/#website\",\"url\":\"http:\/\/somo-sam.com\/\",\"name\":\"SOMO S.A.M\",\"description\":\"Votre partenaire en \u00e9quipements h\u00f4teliers et de restauration\",\"potentialAction\":[{\"@type\":\"SearchAction\",\"target\":{\"@type\":\"EntryPoint\",\"urlTemplate\":\"http:\/\/somo-sam.com\/?s={search_term_string}\"},\"query-input\":{\"@type\":\"PropertyValueSpecification\",\"valueRequired\":true,\"valueName\":\"search_term_string\"}}],\"inLanguage\":\"fr-FR\"}]}<\/script>\n<!-- \/ Yoast SEO plugin. -->","yoast_head_json":{"title":"SILENT JET PROTECT VALERA - SOMO S.A.M","description":"D\u00e9couvrez le s\u00e8che-cheveux professionnel Valera avec technologie Smart Airflow, 6 combinaisons de temp\u00e9rature, s\u00e9curit\u00e9 renforc\u00e9e (Electrostop) et puissance 2000W. Id\u00e9al pour les petits lieux publics.","robots":{"index":"index","follow":"follow","max-snippet":"max-snippet:-1","max-image-preview":"max-image-preview:large","max-video-preview":"max-video-preview:-1"},"canonical":"https:\/\/somo-sam.com\/?product=seche-cheveux-pistolets-avec-support-mural","og_locale":"fr_FR","og_type":"article","og_title":"SILENT JET PROTECT VALERA - SOMO S.A.M","og_description":"D\u00e9couvrez le s\u00e8che-cheveux professionnel Valera avec technologie Smart Airflow, 6 combinaisons de temp\u00e9rature, s\u00e9curit\u00e9 renforc\u00e9e (Electrostop) et puissance 2000W. Id\u00e9al pour les petits lieux publics.","og_url":"https:\/\/somo-sam.com\/?product=seche-cheveux-pistolets-avec-support-mural","og_site_name":"SOMO S.A.M","article_modified_time":"2026-04-10T12:51:19+00:00","og_image":[{"width":1080,"height":1080,"url":"https:\/\/somo-sam.com\/wp-content\/uploads\/2025\/01\/Ajouter-un-titre.png","type":"image\/png"}],"twitter_card":"summary_large_image","twitter_misc":{"Dur\u00e9e de lecture estim\u00e9e":"2 minutes"},"schema":{"@context":"https:\/\/schema.org","@graph":[{"@type":"WebPage","@id":"https:\/\/somo-sam.com\/?product=seche-cheveux-pistolets-avec-support-mural","url":"https:\/\/somo-sam.com\/?product=seche-cheveux-pistolets-avec-support-mural","name":"SILENT JET PROTECT VALERA - SOMO S.A.M","isPartOf":{"@id":"http:\/\/somo-sam.com\/#website"},"primaryImageOfPage":{"@id":"https:\/\/somo-sam.com\/?product=seche-cheveux-pistolets-avec-support-mural#primaryimage"},"image":{"@id":"https:\/\/somo-sam.com\/?product=seche-cheveux-pistolets-avec-support-mural#primaryimage"},"thumbnailUrl":"https:\/\/somo-sam.com\/wp-content\/uploads\/2025\/01\/Ajouter-un-titre.png","datePublished":"2025-01-24T13:44:07+00:00","dateModified":"2026-04-10T12:51:19+00:00","description":"D\u00e9couvrez le s\u00e8che-cheveux professionnel Valera avec technologie Smart Airflow, 6 combinaisons de temp\u00e9rature, s\u00e9curit\u00e9 renforc\u00e9e (Electrostop) et puissance 2000W. Id\u00e9al pour les petits lieux publics.","breadcrumb":{"@id":"https:\/\/somo-sam.com\/?product=seche-cheveux-pistolets-avec-support-mural#breadcrumb"},"inLanguage":"fr-FR","potentialAction":[{"@type":"ReadAction","target":["https:\/\/somo-sam.com\/?product=seche-cheveux-pistolets-avec-support-mural"]}]},{"@type":"ImageObject","inLanguage":"fr-FR","@id":"https:\/\/somo-sam.com\/?product=seche-cheveux-pistolets-avec-support-mural#primaryimage","url":"https:\/\/somo-sam.com\/wp-content\/uploads\/2025\/01\/Ajouter-un-titre.png","contentUrl":"https:\/\/somo-sam.com\/wp-content\/uploads\/2025\/01\/Ajouter-un-titre.png","width":1080,"height":1080},{"@type":"BreadcrumbList","@id":"https:\/\/somo-sam.com\/?product=seche-cheveux-pistolets-avec-support-mural#breadcrumb","itemListElement":[{"@type":"ListItem","position":1,"name":"Accueil","item":"http:\/\/somo-sam.com\/"},{"@type":"ListItem","position":2,"name":"Shop","item":"https:\/\/somo-sam.com\/?page_id=413"},{"@type":"ListItem","position":3,"name":"SILENT JET PROTECT VALERA"}]},{"@type":"WebSite","@id":"http:\/\/somo-sam.com\/#website","url":"http:\/\/somo-sam.com\/","name":"SOMO S.A.M","description":"Votre partenaire en \u00e9quipements h\u00f4teliers et de restauration","potentialAction":[{"@type":"SearchAction","target":{"@type":"EntryPoint","urlTemplate":"http:\/\/somo-sam.com\/?s={search_term_string}"},"query-input":{"@type":"PropertyValueSpecification","valueRequired":true,"valueName":"search_term_string"}}],"inLanguage":"fr-FR"}]}},"_links":{"self":[{"href":"https:\/\/somo-sam.com\/index.php?rest_route=\/wp\/v2\/product\/16757","targetHints":{"allow":["GET"]}}],"collection":[{"href":"https:\/\/somo-sam.com\/index.php?rest_route=\/wp\/v2\/product"}],"about":[{"href":"https:\/\/somo-sam.com\/index.php?rest_route=\/wp\/v2\/types\/product"}],"version-history":[{"count":7,"href":"https:\/\/somo-sam.com\/index.php?rest_route=\/wp\/v2\/product\/16757\/revisions"}],"predecessor-version":[{"id":32238,"href":"https:\/\/somo-sam.com\/index.php?rest_route=\/wp\/v2\/product\/16757\/revisions\/32238"}],"wp:featuredmedia":[{"embeddable":true,"href":"https:\/\/somo-sam.com\/index.php?rest_route=\/wp\/v2\/media\/28754"}],"wp:attachment":[{"href":"https:\/\/somo-sam.com\/index.php?rest_route=%2Fwp%2Fv2%2Fmedia&parent=16757"}],"wp:term":[{"taxonomy":"product_brand","embeddable":true,"href":"https:\/\/somo-sam.com\/index.php?rest_route=%2Fwp%2Fv2%2Fproduct_brand&post=16757"},{"taxonomy":"product_cat","embeddable":true,"href":"https:\/\/somo-sam.com\/index.php?rest_route=%2Fwp%2Fv2%2Fproduct_cat&post=16757"},{"taxonomy":"product_tag","embeddable":true,"href":"https:\/\/somo-sam.com\/index.php?rest_route=%2Fwp%2Fv2%2Fproduct_tag&post=16757"}],"curies":[{"name":"wp","href":"https:\/\/api.w.org\/{rel}","templated":true}]}}