{"id":16780,"date":"2025-01-28T11:00:24","date_gmt":"2025-01-28T10:00:24","guid":{"rendered":"https:\/\/somo-sam.com\/?post_type=product&#038;p=16780"},"modified":"2025-02-26T16:58:26","modified_gmt":"2025-02-26T15:58:26","slug":"minibar-a-systeme-peltier-avec-porte-en-verre-40-litres","status":"publish","type":"product","link":"https:\/\/somo-sam.com\/?product=minibar-a-systeme-peltier-avec-porte-en-verre-40-litres","title":{"rendered":"Minibar \u00e0 syst\u00e8me Peltier avec porte en verre \u2013 40 litres"},"content":{"rendered":"<p>Ce minibar, dot\u00e9 d\u2019une porte en verre noire double et r\u00e9versible, constitue une solution id\u00e9ale pour conserver boissons et collations \u00e0 une temp\u00e9rature parfaite.<\/p>\n<ul>\n<li><strong>Refroidissement performant et \u00e9cologique<\/strong><br \/>\nGr\u00e2ce \u00e0 son syst\u00e8me Peltier et \u00e0 la r\u00e9frig\u00e9ration R600a, il maintient une temp\u00e9rature moyenne comprise entre 5 et 12 \u2103, id\u00e9ale pour une large gamme de produits.<\/li>\n<li><strong>Capacit\u00e9 et efficacit\u00e9 \u00e9nerg\u00e9tique<\/strong><br \/>\nAvec une capacit\u00e9 de 40 litres, une classification \u00e9nerg\u00e9tique D, une consommation annuelle de seulement 60 kWh et une consommation journali\u00e8re de 0,164 kWh, ce minibar allie efficacit\u00e9 et durabilit\u00e9. De plus, son fonctionnement silencieux (0 dB) garantit un confort optimal sans d\u00e9ranger le sommeil des invit\u00e9s.<\/li>\n<li><strong>Polyvalence et praticit\u00e9<\/strong><br \/>\nFonctionnant sur des tensions de 100V-127V et 220V-240V~50-60 Hz, il s\u2019adapte \u00e0 diff\u00e9rentes installations \u00e9lectriques. Son \u00e9clairage LED int\u00e9rieur assure une visibilit\u00e9 optimale, tandis que les 2 \u00e9tag\u00e8res permettent une organisation pratique de l\u2019espace.<\/li>\n<li><strong>Conformit\u00e9 et adaptabilit\u00e9<\/strong><br \/>\nCertifi\u00e9 CE et \u00e9quip\u00e9 d\u2019une prise Schuko, ce minibar est le compl\u00e9ment id\u00e9al pour toute chambre d\u2019h\u00f4tel, r\u00e9sidence ou \u00e9tablissement souhaitant offrir un service de qualit\u00e9 \u00e0 ses invit\u00e9s.<\/li>\n<\/ul>\n","protected":false},"excerpt":{"rendered":"<h2>Minibar \u00e0 syst\u00e8me Peltier avec porte en verre \u2013 40 litres<\/h2>\n","protected":false},"featured_media":16781,"template":"","meta":{"_acf_changed":false,"_monsterinsights_skip_tracking":false,"_monsterinsights_sitenote_active":false,"_monsterinsights_sitenote_note":"","_monsterinsights_sitenote_category":0},"product_brand":[281],"product_cat":[65],"product_tag":[],"class_list":{"0":"post-16780","1":"product","2":"type-product","3":"status-publish","4":"has-post-thumbnail","6":"product_brand-dometic","7":"product_cat-minibars","9":"first","10":"instock","11":"taxable","12":"shipping-taxable","13":"purchasable","14":"product-type-simple","15":"add-to-wishlist-after_add_to_cart"},"acf":[],"yoast_head":"<!-- This site is optimized with the Yoast SEO plugin v23.6 - https:\/\/yoast.com\/wordpress\/plugins\/seo\/ -->\n<title>Minibar \u00e0 syst\u00e8me Peltier avec porte en verre \u2013 40 litres - SOMO S.A.M<\/title>\n<meta name=\"description\" content=\"Ce minibar, dot\u00e9 d\u2019une porte en verre noire double et r\u00e9versible, constitue une solution id\u00e9ale pour conserver boissons et collations \u00e0 une temp\u00e9rature parfaite.\" \/>\n<meta name=\"robots\" content=\"index, follow, max-snippet:-1, max-image-preview:large, max-video-preview:-1\" \/>\n<link rel=\"canonical\" href=\"https:\/\/somo-sam.com\/?product=minibar-a-systeme-peltier-avec-porte-en-verre-40-litres\" \/>\n<meta property=\"og:locale\" content=\"fr_FR\" \/>\n<meta property=\"og:type\" content=\"article\" \/>\n<meta property=\"og:title\" content=\"Minibar \u00e0 syst\u00e8me Peltier avec porte en verre \u2013 40 litres - SOMO S.A.M\" \/>\n<meta property=\"og:description\" content=\"Ce minibar, dot\u00e9 d\u2019une porte en verre noire double et r\u00e9versible, constitue une solution id\u00e9ale pour conserver boissons et collations \u00e0 une temp\u00e9rature parfaite.\" \/>\n<meta property=\"og:url\" content=\"https:\/\/somo-sam.com\/?product=minibar-a-systeme-peltier-avec-porte-en-verre-40-litres\" \/>\n<meta property=\"og:site_name\" content=\"SOMO S.A.M\" \/>\n<meta property=\"article:modified_time\" content=\"2025-02-26T15:58:26+00:00\" \/>\n<meta property=\"og:image\" content=\"https:\/\/somo-sam.com\/wp-content\/uploads\/2025\/01\/minibar-sistema-peltier-con-porta-a-vetro-40-litri-2-0.png\" \/>\n\t<meta property=\"og:image:width\" content=\"1200\" \/>\n\t<meta property=\"og:image:height\" content=\"1228\" \/>\n\t<meta property=\"og:image:type\" content=\"image\/png\" \/>\n<meta name=\"twitter:card\" content=\"summary_large_image\" \/>\n<meta name=\"twitter:label1\" content=\"Dur\u00e9e de lecture estim\u00e9e\" \/>\n\t<meta name=\"twitter:data1\" content=\"2 minutes\" \/>\n<script type=\"application\/ld+json\" class=\"yoast-schema-graph\">{\"@context\":\"https:\/\/schema.org\",\"@graph\":[{\"@type\":\"WebPage\",\"@id\":\"https:\/\/somo-sam.com\/?product=minibar-a-systeme-peltier-avec-porte-en-verre-40-litres\",\"url\":\"https:\/\/somo-sam.com\/?product=minibar-a-systeme-peltier-avec-porte-en-verre-40-litres\",\"name\":\"Minibar \u00e0 syst\u00e8me Peltier avec porte en verre \u2013 40 litres - SOMO S.A.M\",\"isPartOf\":{\"@id\":\"http:\/\/somo-sam.com\/#website\"},\"primaryImageOfPage\":{\"@id\":\"https:\/\/somo-sam.com\/?product=minibar-a-systeme-peltier-avec-porte-en-verre-40-litres#primaryimage\"},\"image\":{\"@id\":\"https:\/\/somo-sam.com\/?product=minibar-a-systeme-peltier-avec-porte-en-verre-40-litres#primaryimage\"},\"thumbnailUrl\":\"https:\/\/somo-sam.com\/wp-content\/uploads\/2025\/01\/minibar-sistema-peltier-con-porta-a-vetro-40-litri-2-0.png\",\"datePublished\":\"2025-01-28T10:00:24+00:00\",\"dateModified\":\"2025-02-26T15:58:26+00:00\",\"description\":\"Ce minibar, dot\u00e9 d\u2019une porte en verre noire double et r\u00e9versible, constitue une solution id\u00e9ale pour conserver boissons et collations \u00e0 une temp\u00e9rature parfaite.\",\"breadcrumb\":{\"@id\":\"https:\/\/somo-sam.com\/?product=minibar-a-systeme-peltier-avec-porte-en-verre-40-litres#breadcrumb\"},\"inLanguage\":\"fr-FR\",\"potentialAction\":[{\"@type\":\"ReadAction\",\"target\":[\"https:\/\/somo-sam.com\/?product=minibar-a-systeme-peltier-avec-porte-en-verre-40-litres\"]}]},{\"@type\":\"ImageObject\",\"inLanguage\":\"fr-FR\",\"@id\":\"https:\/\/somo-sam.com\/?product=minibar-a-systeme-peltier-avec-porte-en-verre-40-litres#primaryimage\",\"url\":\"https:\/\/somo-sam.com\/wp-content\/uploads\/2025\/01\/minibar-sistema-peltier-con-porta-a-vetro-40-litri-2-0.png\",\"contentUrl\":\"https:\/\/somo-sam.com\/wp-content\/uploads\/2025\/01\/minibar-sistema-peltier-con-porta-a-vetro-40-litri-2-0.png\",\"width\":1200,\"height\":1228},{\"@type\":\"BreadcrumbList\",\"@id\":\"https:\/\/somo-sam.com\/?product=minibar-a-systeme-peltier-avec-porte-en-verre-40-litres#breadcrumb\",\"itemListElement\":[{\"@type\":\"ListItem\",\"position\":1,\"name\":\"Accueil\",\"item\":\"http:\/\/somo-sam.com\/\"},{\"@type\":\"ListItem\",\"position\":2,\"name\":\"Shop\",\"item\":\"https:\/\/somo-sam.com\/?page_id=413\"},{\"@type\":\"ListItem\",\"position\":3,\"name\":\"Minibar \u00e0 syst\u00e8me Peltier avec porte en verre \u2013 40 litres\"}]},{\"@type\":\"WebSite\",\"@id\":\"http:\/\/somo-sam.com\/#website\",\"url\":\"http:\/\/somo-sam.com\/\",\"name\":\"SOMO S.A.M\",\"description\":\"Votre partenaire en \u00e9quipements h\u00f4teliers et de restauration\",\"potentialAction\":[{\"@type\":\"SearchAction\",\"target\":{\"@type\":\"EntryPoint\",\"urlTemplate\":\"http:\/\/somo-sam.com\/?s={search_term_string}\"},\"query-input\":{\"@type\":\"PropertyValueSpecification\",\"valueRequired\":true,\"valueName\":\"search_term_string\"}}],\"inLanguage\":\"fr-FR\"}]}<\/script>\n<!-- \/ Yoast SEO plugin. -->","yoast_head_json":{"title":"Minibar \u00e0 syst\u00e8me Peltier avec porte en verre \u2013 40 litres - SOMO S.A.M","description":"Ce minibar, dot\u00e9 d\u2019une porte en verre noire double et r\u00e9versible, constitue une solution id\u00e9ale pour conserver boissons et collations \u00e0 une temp\u00e9rature parfaite.","robots":{"index":"index","follow":"follow","max-snippet":"max-snippet:-1","max-image-preview":"max-image-preview:large","max-video-preview":"max-video-preview:-1"},"canonical":"https:\/\/somo-sam.com\/?product=minibar-a-systeme-peltier-avec-porte-en-verre-40-litres","og_locale":"fr_FR","og_type":"article","og_title":"Minibar \u00e0 syst\u00e8me Peltier avec porte en verre \u2013 40 litres - SOMO S.A.M","og_description":"Ce minibar, dot\u00e9 d\u2019une porte en verre noire double et r\u00e9versible, constitue une solution id\u00e9ale pour conserver boissons et collations \u00e0 une temp\u00e9rature parfaite.","og_url":"https:\/\/somo-sam.com\/?product=minibar-a-systeme-peltier-avec-porte-en-verre-40-litres","og_site_name":"SOMO S.A.M","article_modified_time":"2025-02-26T15:58:26+00:00","og_image":[{"width":1200,"height":1228,"url":"https:\/\/somo-sam.com\/wp-content\/uploads\/2025\/01\/minibar-sistema-peltier-con-porta-a-vetro-40-litri-2-0.png","type":"image\/png"}],"twitter_card":"summary_large_image","twitter_misc":{"Dur\u00e9e de lecture estim\u00e9e":"2 minutes"},"schema":{"@context":"https:\/\/schema.org","@graph":[{"@type":"WebPage","@id":"https:\/\/somo-sam.com\/?product=minibar-a-systeme-peltier-avec-porte-en-verre-40-litres","url":"https:\/\/somo-sam.com\/?product=minibar-a-systeme-peltier-avec-porte-en-verre-40-litres","name":"Minibar \u00e0 syst\u00e8me Peltier avec porte en verre \u2013 40 litres - SOMO S.A.M","isPartOf":{"@id":"http:\/\/somo-sam.com\/#website"},"primaryImageOfPage":{"@id":"https:\/\/somo-sam.com\/?product=minibar-a-systeme-peltier-avec-porte-en-verre-40-litres#primaryimage"},"image":{"@id":"https:\/\/somo-sam.com\/?product=minibar-a-systeme-peltier-avec-porte-en-verre-40-litres#primaryimage"},"thumbnailUrl":"https:\/\/somo-sam.com\/wp-content\/uploads\/2025\/01\/minibar-sistema-peltier-con-porta-a-vetro-40-litri-2-0.png","datePublished":"2025-01-28T10:00:24+00:00","dateModified":"2025-02-26T15:58:26+00:00","description":"Ce minibar, dot\u00e9 d\u2019une porte en verre noire double et r\u00e9versible, constitue une solution id\u00e9ale pour conserver boissons et collations \u00e0 une temp\u00e9rature parfaite.","breadcrumb":{"@id":"https:\/\/somo-sam.com\/?product=minibar-a-systeme-peltier-avec-porte-en-verre-40-litres#breadcrumb"},"inLanguage":"fr-FR","potentialAction":[{"@type":"ReadAction","target":["https:\/\/somo-sam.com\/?product=minibar-a-systeme-peltier-avec-porte-en-verre-40-litres"]}]},{"@type":"ImageObject","inLanguage":"fr-FR","@id":"https:\/\/somo-sam.com\/?product=minibar-a-systeme-peltier-avec-porte-en-verre-40-litres#primaryimage","url":"https:\/\/somo-sam.com\/wp-content\/uploads\/2025\/01\/minibar-sistema-peltier-con-porta-a-vetro-40-litri-2-0.png","contentUrl":"https:\/\/somo-sam.com\/wp-content\/uploads\/2025\/01\/minibar-sistema-peltier-con-porta-a-vetro-40-litri-2-0.png","width":1200,"height":1228},{"@type":"BreadcrumbList","@id":"https:\/\/somo-sam.com\/?product=minibar-a-systeme-peltier-avec-porte-en-verre-40-litres#breadcrumb","itemListElement":[{"@type":"ListItem","position":1,"name":"Accueil","item":"http:\/\/somo-sam.com\/"},{"@type":"ListItem","position":2,"name":"Shop","item":"https:\/\/somo-sam.com\/?page_id=413"},{"@type":"ListItem","position":3,"name":"Minibar \u00e0 syst\u00e8me Peltier avec porte en verre \u2013 40 litres"}]},{"@type":"WebSite","@id":"http:\/\/somo-sam.com\/#website","url":"http:\/\/somo-sam.com\/","name":"SOMO S.A.M","description":"Votre partenaire en \u00e9quipements h\u00f4teliers et de restauration","potentialAction":[{"@type":"SearchAction","target":{"@type":"EntryPoint","urlTemplate":"http:\/\/somo-sam.com\/?s={search_term_string}"},"query-input":{"@type":"PropertyValueSpecification","valueRequired":true,"valueName":"search_term_string"}}],"inLanguage":"fr-FR"}]}},"_links":{"self":[{"href":"https:\/\/somo-sam.com\/index.php?rest_route=\/wp\/v2\/product\/16780","targetHints":{"allow":["GET"]}}],"collection":[{"href":"https:\/\/somo-sam.com\/index.php?rest_route=\/wp\/v2\/product"}],"about":[{"href":"https:\/\/somo-sam.com\/index.php?rest_route=\/wp\/v2\/types\/product"}],"version-history":[{"count":2,"href":"https:\/\/somo-sam.com\/index.php?rest_route=\/wp\/v2\/product\/16780\/revisions"}],"predecessor-version":[{"id":29420,"href":"https:\/\/somo-sam.com\/index.php?rest_route=\/wp\/v2\/product\/16780\/revisions\/29420"}],"wp:featuredmedia":[{"embeddable":true,"href":"https:\/\/somo-sam.com\/index.php?rest_route=\/wp\/v2\/media\/16781"}],"wp:attachment":[{"href":"https:\/\/somo-sam.com\/index.php?rest_route=%2Fwp%2Fv2%2Fmedia&parent=16780"}],"wp:term":[{"taxonomy":"product_brand","embeddable":true,"href":"https:\/\/somo-sam.com\/index.php?rest_route=%2Fwp%2Fv2%2Fproduct_brand&post=16780"},{"taxonomy":"product_cat","embeddable":true,"href":"https:\/\/somo-sam.com\/index.php?rest_route=%2Fwp%2Fv2%2Fproduct_cat&post=16780"},{"taxonomy":"product_tag","embeddable":true,"href":"https:\/\/somo-sam.com\/index.php?rest_route=%2Fwp%2Fv2%2Fproduct_tag&post=16780"}],"curies":[{"name":"wp","href":"https:\/\/api.w.org\/{rel}","templated":true}]}}