{"id":16786,"date":"2025-01-28T11:04:16","date_gmt":"2025-01-28T10:04:16","guid":{"rendered":"https:\/\/somo-sam.com\/?post_type=product&#038;p=16786"},"modified":"2025-02-26T18:24:26","modified_gmt":"2025-02-26T17:24:26","slug":"minibar-avec-porte-en-verre-et-interieur-noir-40-litres","status":"publish","type":"product","link":"https:\/\/somo-sam.com\/?product=minibar-avec-porte-en-verre-et-interieur-noir-40-litres","title":{"rendered":"Minibar avec porte en verre et int\u00e9rieur noir \u2013 40 litres"},"content":{"rendered":"<p>Ce minibar, dot\u00e9 d\u2019un syst\u00e8me Peltier performant et d\u2019un design \u00e9l\u00e9gant avec une porte en verre r\u00e9versible et une finition enti\u00e8rement noire, allie modernit\u00e9 et fonctionnalit\u00e9 pour r\u00e9pondre aux besoins de l\u2019h\u00f4tellerie.<\/p>\n<ul>\n<li><strong>Capacit\u00e9 et performances thermiques<\/strong><br \/>\nAvec une capacit\u00e9 de 40 litres, il est id\u00e9al pour conserver boissons et collations \u00e0 une temp\u00e9rature moyenne comprise entre 5 et 12 \u2103, offrant ainsi une solution efficace et pratique.<\/li>\n<li><strong>Efficacit\u00e9 \u00e9nerg\u00e9tique et silence absolu<\/strong><br \/>\nClass\u00e9 en cat\u00e9gorie \u00e9nerg\u00e9tique D, il assure une faible consommation avec seulement 60 kWh par an (0,164 kWh par jour). Son fonctionnement ultra-silencieux (0 dB) en fait le choix parfait, m\u00eame pour les espaces les plus restreints, sans perturber le repos des invit\u00e9s.<\/li>\n<li><strong>Polyvalence et adaptabilit\u00e9<\/strong><br \/>\nAvec une puissance de 63 W et une double option de tension (100V-240V~50-60Hz), ce minibar s\u2019adapte facilement aux exigences \u00e9lectriques de diff\u00e9rentes r\u00e9gions.<\/li>\n<li><strong>Confort et organisation int\u00e9rieure<\/strong><br \/>\nL\u2019\u00e9clairage LED int\u00e9rieur garantit une visibilit\u00e9 optimale, tandis que les 2 \u00e9tag\u00e8res int\u00e9gr\u00e9es permettent une organisation pratique des produits.<\/li>\n<li><strong>Certification et praticit\u00e9<\/strong><br \/>\nCertifi\u00e9 CE, \u00e9quip\u00e9 de pieds de fixation et d\u2019une prise Schuko, ce minibar constitue un choix id\u00e9al pour les h\u00f4tels, maisons d\u2019h\u00f4tes, complexes h\u00f4teliers et r\u00e9sidences, offrant une solution haut de gamme \u00e0 leurs clients.<\/li>\n<\/ul>\n","protected":false},"excerpt":{"rendered":"<h2>Minibar avec porte en verre et int\u00e9rieur noir \u2013 40 litres<\/h2>\n","protected":false},"featured_media":16787,"template":"","meta":{"_acf_changed":false,"_monsterinsights_skip_tracking":false,"_monsterinsights_sitenote_active":false,"_monsterinsights_sitenote_note":"","_monsterinsights_sitenote_category":0},"product_brand":[282],"product_cat":[65],"product_tag":[],"class_list":{"0":"post-16786","1":"product","2":"type-product","3":"status-publish","4":"has-post-thumbnail","6":"product_brand-stark","7":"product_cat-minibars","9":"first","10":"instock","11":"taxable","12":"shipping-taxable","13":"product-type-simple","14":"add-to-wishlist-after_add_to_cart"},"acf":[],"yoast_head":"<!-- This site is optimized with the Yoast SEO plugin v23.6 - https:\/\/yoast.com\/wordpress\/plugins\/seo\/ -->\n<title>Minibar avec porte en verre et int\u00e9rieur noir \u2013 40 litres - SOMO S.A.M<\/title>\n<meta name=\"description\" content=\"Capacit\u00e9 et performances thermiques. Avec une capacit\u00e9 de 40 litres, offrant ainsi une solution efficace et pratique. Efficacit\u00e9 \u00e9nerg\u00e9tique et silence absolu.\" \/>\n<meta name=\"robots\" content=\"index, follow, max-snippet:-1, max-image-preview:large, max-video-preview:-1\" \/>\n<link rel=\"canonical\" href=\"https:\/\/somo-sam.com\/?product=minibar-avec-porte-en-verre-et-interieur-noir-40-litres\" \/>\n<meta property=\"og:locale\" content=\"fr_FR\" \/>\n<meta property=\"og:type\" content=\"article\" \/>\n<meta property=\"og:title\" content=\"Minibar avec porte en verre et int\u00e9rieur noir \u2013 40 litres - SOMO S.A.M\" \/>\n<meta property=\"og:description\" content=\"Capacit\u00e9 et performances thermiques. Avec une capacit\u00e9 de 40 litres, offrant ainsi une solution efficace et pratique. Efficacit\u00e9 \u00e9nerg\u00e9tique et silence absolu.\" \/>\n<meta property=\"og:url\" content=\"https:\/\/somo-sam.com\/?product=minibar-avec-porte-en-verre-et-interieur-noir-40-litres\" \/>\n<meta property=\"og:site_name\" content=\"SOMO S.A.M\" \/>\n<meta property=\"article:modified_time\" content=\"2025-02-26T17:24:26+00:00\" \/>\n<meta property=\"og:image\" content=\"https:\/\/somo-sam.com\/wp-content\/uploads\/2025\/01\/minibar-sistema-peltier-con-porta-a-vetro-e-interno-nero-40-litri-0.png\" \/>\n\t<meta property=\"og:image:width\" content=\"1200\" \/>\n\t<meta property=\"og:image:height\" content=\"1200\" \/>\n\t<meta property=\"og:image:type\" content=\"image\/png\" \/>\n<meta name=\"twitter:card\" content=\"summary_large_image\" \/>\n<meta name=\"twitter:label1\" content=\"Dur\u00e9e de lecture estim\u00e9e\" \/>\n\t<meta name=\"twitter:data1\" content=\"2 minutes\" \/>\n<script type=\"application\/ld+json\" class=\"yoast-schema-graph\">{\"@context\":\"https:\/\/schema.org\",\"@graph\":[{\"@type\":\"WebPage\",\"@id\":\"https:\/\/somo-sam.com\/?product=minibar-avec-porte-en-verre-et-interieur-noir-40-litres\",\"url\":\"https:\/\/somo-sam.com\/?product=minibar-avec-porte-en-verre-et-interieur-noir-40-litres\",\"name\":\"Minibar avec porte en verre et int\u00e9rieur noir \u2013 40 litres - SOMO S.A.M\",\"isPartOf\":{\"@id\":\"http:\/\/somo-sam.com\/#website\"},\"primaryImageOfPage\":{\"@id\":\"https:\/\/somo-sam.com\/?product=minibar-avec-porte-en-verre-et-interieur-noir-40-litres#primaryimage\"},\"image\":{\"@id\":\"https:\/\/somo-sam.com\/?product=minibar-avec-porte-en-verre-et-interieur-noir-40-litres#primaryimage\"},\"thumbnailUrl\":\"https:\/\/somo-sam.com\/wp-content\/uploads\/2025\/01\/minibar-sistema-peltier-con-porta-a-vetro-e-interno-nero-40-litri-0.png\",\"datePublished\":\"2025-01-28T10:04:16+00:00\",\"dateModified\":\"2025-02-26T17:24:26+00:00\",\"description\":\"Capacit\u00e9 et performances thermiques. Avec une capacit\u00e9 de 40 litres, offrant ainsi une solution efficace et pratique. Efficacit\u00e9 \u00e9nerg\u00e9tique et silence absolu.\",\"breadcrumb\":{\"@id\":\"https:\/\/somo-sam.com\/?product=minibar-avec-porte-en-verre-et-interieur-noir-40-litres#breadcrumb\"},\"inLanguage\":\"fr-FR\",\"potentialAction\":[{\"@type\":\"ReadAction\",\"target\":[\"https:\/\/somo-sam.com\/?product=minibar-avec-porte-en-verre-et-interieur-noir-40-litres\"]}]},{\"@type\":\"ImageObject\",\"inLanguage\":\"fr-FR\",\"@id\":\"https:\/\/somo-sam.com\/?product=minibar-avec-porte-en-verre-et-interieur-noir-40-litres#primaryimage\",\"url\":\"https:\/\/somo-sam.com\/wp-content\/uploads\/2025\/01\/minibar-sistema-peltier-con-porta-a-vetro-e-interno-nero-40-litri-0.png\",\"contentUrl\":\"https:\/\/somo-sam.com\/wp-content\/uploads\/2025\/01\/minibar-sistema-peltier-con-porta-a-vetro-e-interno-nero-40-litri-0.png\",\"width\":1200,\"height\":1200},{\"@type\":\"BreadcrumbList\",\"@id\":\"https:\/\/somo-sam.com\/?product=minibar-avec-porte-en-verre-et-interieur-noir-40-litres#breadcrumb\",\"itemListElement\":[{\"@type\":\"ListItem\",\"position\":1,\"name\":\"Accueil\",\"item\":\"http:\/\/somo-sam.com\/\"},{\"@type\":\"ListItem\",\"position\":2,\"name\":\"Shop\",\"item\":\"https:\/\/somo-sam.com\/?page_id=413\"},{\"@type\":\"ListItem\",\"position\":3,\"name\":\"Minibar avec porte en verre et int\u00e9rieur noir \u2013 40 litres\"}]},{\"@type\":\"WebSite\",\"@id\":\"http:\/\/somo-sam.com\/#website\",\"url\":\"http:\/\/somo-sam.com\/\",\"name\":\"SOMO S.A.M\",\"description\":\"Votre partenaire en \u00e9quipements h\u00f4teliers et de restauration\",\"potentialAction\":[{\"@type\":\"SearchAction\",\"target\":{\"@type\":\"EntryPoint\",\"urlTemplate\":\"http:\/\/somo-sam.com\/?s={search_term_string}\"},\"query-input\":{\"@type\":\"PropertyValueSpecification\",\"valueRequired\":true,\"valueName\":\"search_term_string\"}}],\"inLanguage\":\"fr-FR\"}]}<\/script>\n<!-- \/ Yoast SEO plugin. -->","yoast_head_json":{"title":"Minibar avec porte en verre et int\u00e9rieur noir \u2013 40 litres - SOMO S.A.M","description":"Capacit\u00e9 et performances thermiques. Avec une capacit\u00e9 de 40 litres, offrant ainsi une solution efficace et pratique. Efficacit\u00e9 \u00e9nerg\u00e9tique et silence absolu.","robots":{"index":"index","follow":"follow","max-snippet":"max-snippet:-1","max-image-preview":"max-image-preview:large","max-video-preview":"max-video-preview:-1"},"canonical":"https:\/\/somo-sam.com\/?product=minibar-avec-porte-en-verre-et-interieur-noir-40-litres","og_locale":"fr_FR","og_type":"article","og_title":"Minibar avec porte en verre et int\u00e9rieur noir \u2013 40 litres - SOMO S.A.M","og_description":"Capacit\u00e9 et performances thermiques. Avec une capacit\u00e9 de 40 litres, offrant ainsi une solution efficace et pratique. Efficacit\u00e9 \u00e9nerg\u00e9tique et silence absolu.","og_url":"https:\/\/somo-sam.com\/?product=minibar-avec-porte-en-verre-et-interieur-noir-40-litres","og_site_name":"SOMO S.A.M","article_modified_time":"2025-02-26T17:24:26+00:00","og_image":[{"width":1200,"height":1200,"url":"https:\/\/somo-sam.com\/wp-content\/uploads\/2025\/01\/minibar-sistema-peltier-con-porta-a-vetro-e-interno-nero-40-litri-0.png","type":"image\/png"}],"twitter_card":"summary_large_image","twitter_misc":{"Dur\u00e9e de lecture estim\u00e9e":"2 minutes"},"schema":{"@context":"https:\/\/schema.org","@graph":[{"@type":"WebPage","@id":"https:\/\/somo-sam.com\/?product=minibar-avec-porte-en-verre-et-interieur-noir-40-litres","url":"https:\/\/somo-sam.com\/?product=minibar-avec-porte-en-verre-et-interieur-noir-40-litres","name":"Minibar avec porte en verre et int\u00e9rieur noir \u2013 40 litres - SOMO S.A.M","isPartOf":{"@id":"http:\/\/somo-sam.com\/#website"},"primaryImageOfPage":{"@id":"https:\/\/somo-sam.com\/?product=minibar-avec-porte-en-verre-et-interieur-noir-40-litres#primaryimage"},"image":{"@id":"https:\/\/somo-sam.com\/?product=minibar-avec-porte-en-verre-et-interieur-noir-40-litres#primaryimage"},"thumbnailUrl":"https:\/\/somo-sam.com\/wp-content\/uploads\/2025\/01\/minibar-sistema-peltier-con-porta-a-vetro-e-interno-nero-40-litri-0.png","datePublished":"2025-01-28T10:04:16+00:00","dateModified":"2025-02-26T17:24:26+00:00","description":"Capacit\u00e9 et performances thermiques. Avec une capacit\u00e9 de 40 litres, offrant ainsi une solution efficace et pratique. Efficacit\u00e9 \u00e9nerg\u00e9tique et silence absolu.","breadcrumb":{"@id":"https:\/\/somo-sam.com\/?product=minibar-avec-porte-en-verre-et-interieur-noir-40-litres#breadcrumb"},"inLanguage":"fr-FR","potentialAction":[{"@type":"ReadAction","target":["https:\/\/somo-sam.com\/?product=minibar-avec-porte-en-verre-et-interieur-noir-40-litres"]}]},{"@type":"ImageObject","inLanguage":"fr-FR","@id":"https:\/\/somo-sam.com\/?product=minibar-avec-porte-en-verre-et-interieur-noir-40-litres#primaryimage","url":"https:\/\/somo-sam.com\/wp-content\/uploads\/2025\/01\/minibar-sistema-peltier-con-porta-a-vetro-e-interno-nero-40-litri-0.png","contentUrl":"https:\/\/somo-sam.com\/wp-content\/uploads\/2025\/01\/minibar-sistema-peltier-con-porta-a-vetro-e-interno-nero-40-litri-0.png","width":1200,"height":1200},{"@type":"BreadcrumbList","@id":"https:\/\/somo-sam.com\/?product=minibar-avec-porte-en-verre-et-interieur-noir-40-litres#breadcrumb","itemListElement":[{"@type":"ListItem","position":1,"name":"Accueil","item":"http:\/\/somo-sam.com\/"},{"@type":"ListItem","position":2,"name":"Shop","item":"https:\/\/somo-sam.com\/?page_id=413"},{"@type":"ListItem","position":3,"name":"Minibar avec porte en verre et int\u00e9rieur noir \u2013 40 litres"}]},{"@type":"WebSite","@id":"http:\/\/somo-sam.com\/#website","url":"http:\/\/somo-sam.com\/","name":"SOMO S.A.M","description":"Votre partenaire en \u00e9quipements h\u00f4teliers et de restauration","potentialAction":[{"@type":"SearchAction","target":{"@type":"EntryPoint","urlTemplate":"http:\/\/somo-sam.com\/?s={search_term_string}"},"query-input":{"@type":"PropertyValueSpecification","valueRequired":true,"valueName":"search_term_string"}}],"inLanguage":"fr-FR"}]}},"_links":{"self":[{"href":"https:\/\/somo-sam.com\/index.php?rest_route=\/wp\/v2\/product\/16786","targetHints":{"allow":["GET"]}}],"collection":[{"href":"https:\/\/somo-sam.com\/index.php?rest_route=\/wp\/v2\/product"}],"about":[{"href":"https:\/\/somo-sam.com\/index.php?rest_route=\/wp\/v2\/types\/product"}],"version-history":[{"count":2,"href":"https:\/\/somo-sam.com\/index.php?rest_route=\/wp\/v2\/product\/16786\/revisions"}],"predecessor-version":[{"id":29434,"href":"https:\/\/somo-sam.com\/index.php?rest_route=\/wp\/v2\/product\/16786\/revisions\/29434"}],"wp:featuredmedia":[{"embeddable":true,"href":"https:\/\/somo-sam.com\/index.php?rest_route=\/wp\/v2\/media\/16787"}],"wp:attachment":[{"href":"https:\/\/somo-sam.com\/index.php?rest_route=%2Fwp%2Fv2%2Fmedia&parent=16786"}],"wp:term":[{"taxonomy":"product_brand","embeddable":true,"href":"https:\/\/somo-sam.com\/index.php?rest_route=%2Fwp%2Fv2%2Fproduct_brand&post=16786"},{"taxonomy":"product_cat","embeddable":true,"href":"https:\/\/somo-sam.com\/index.php?rest_route=%2Fwp%2Fv2%2Fproduct_cat&post=16786"},{"taxonomy":"product_tag","embeddable":true,"href":"https:\/\/somo-sam.com\/index.php?rest_route=%2Fwp%2Fv2%2Fproduct_tag&post=16786"}],"curies":[{"name":"wp","href":"https:\/\/api.w.org\/{rel}","templated":true}]}}