{"id":16793,"date":"2025-01-28T11:08:32","date_gmt":"2025-01-28T10:08:32","guid":{"rendered":"https:\/\/somo-sam.com\/?post_type=product&#038;p=16793"},"modified":"2025-02-26T17:40:49","modified_gmt":"2025-02-26T16:40:49","slug":"minibar-avec-porte-miroir-40-litres","status":"publish","type":"product","link":"https:\/\/somo-sam.com\/?product=minibar-avec-porte-miroir-40-litres","title":{"rendered":"Minibar avec porte miroir \u2013 40 litres"},"content":{"rendered":"<p>Ce minibar de 40 litres, dot\u00e9 d&#8217;une \u00e9l\u00e9gante porte miroir et d&#8217;un cadre et corps en finition noire, apporte une touche de style \u00e0 toute chambre d&#8217;h\u00f4tel.<\/p>\n<ul>\n<li><strong>Performances thermiques<\/strong><br \/>\nGr\u00e2ce \u00e0 son syst\u00e8me Peltier et \u00e0 la r\u00e9frig\u00e9ration R600a, il maintient une temp\u00e9rature moyenne comprise entre 5 et 12 \u2103, parfaite pour une vari\u00e9t\u00e9 de produits.<\/li>\n<li><strong>Efficacit\u00e9 \u00e9nerg\u00e9tique et silence absolu<\/strong><br \/>\nClass\u00e9 en cat\u00e9gorie \u00e9nerg\u00e9tique E, il fonctionne avec une puissance de 58 W et une tension de 220-240V~50-60 Hz. Son silence total \u00e0 0 dB garantit un confort optimal sans perturber le sommeil des invit\u00e9s. Sa consommation \u00e9nerg\u00e9tique de 77 kWh par an (0,211 kWh par jour) combine praticit\u00e9 et efficacit\u00e9.<\/li>\n<li><strong>Organisation et \u00e9clairage<\/strong><br \/>\nL\u2019\u00e9clairage LED int\u00e9rieur met en valeur le contenu sans augmenter la consommation \u00e9nerg\u00e9tique, tandis que les 2 \u00e9tag\u00e8res permettent une organisation optimale de l\u2019espace.<\/li>\n<li><strong>Certification et adaptabilit\u00e9<\/strong><br \/>\nCertifi\u00e9 CE, \u00e9quip\u00e9 de pieds de fixation et d\u2019une prise Schuko, ce minibar est id\u00e9al pour les chambres d\u2019h\u00f4tel, les maisons d\u2019h\u00f4tes, les complexes h\u00f4teliers et les r\u00e9sidences qui souhaitent offrir un service de qualit\u00e9 \u00e0 leurs invit\u00e9s.<\/li>\n<\/ul>\n","protected":false},"excerpt":{"rendered":"<h2>Minibar avec porte miroir \u2013 40 litres<\/h2>\n","protected":false},"featured_media":16794,"template":"","meta":{"_acf_changed":false,"_monsterinsights_skip_tracking":false,"_monsterinsights_sitenote_active":false,"_monsterinsights_sitenote_note":"","_monsterinsights_sitenote_category":0},"product_brand":[282],"product_cat":[65],"product_tag":[],"class_list":{"0":"post-16793","1":"product","2":"type-product","3":"status-publish","4":"has-post-thumbnail","6":"product_brand-stark","7":"product_cat-minibars","9":"first","10":"instock","11":"taxable","12":"shipping-taxable","13":"purchasable","14":"product-type-simple","15":"add-to-wishlist-after_add_to_cart"},"acf":[],"yoast_head":"<!-- This site is optimized with the Yoast SEO plugin v23.6 - https:\/\/yoast.com\/wordpress\/plugins\/seo\/ -->\n<title>Minibar avec porte miroir \u2013 40 litres - SOMO S.A.M<\/title>\n<meta name=\"description\" content=\"Ce minibar de 40 litres, dot\u00e9 d&#039;une \u00e9l\u00e9gante porte miroir et d&#039;un cadre et corps en finition noire, apporte une touche de style \u00e0 toute chambre d&#039;h\u00f4tel.\" \/>\n<meta name=\"robots\" content=\"index, follow, max-snippet:-1, max-image-preview:large, max-video-preview:-1\" \/>\n<link rel=\"canonical\" href=\"https:\/\/somo-sam.com\/?product=minibar-avec-porte-miroir-40-litres\" \/>\n<meta property=\"og:locale\" content=\"fr_FR\" \/>\n<meta property=\"og:type\" content=\"article\" \/>\n<meta property=\"og:title\" content=\"Minibar avec porte miroir \u2013 40 litres - SOMO S.A.M\" \/>\n<meta property=\"og:description\" content=\"Ce minibar de 40 litres, dot\u00e9 d&#039;une \u00e9l\u00e9gante porte miroir et d&#039;un cadre et corps en finition noire, apporte une touche de style \u00e0 toute chambre d&#039;h\u00f4tel.\" \/>\n<meta property=\"og:url\" content=\"https:\/\/somo-sam.com\/?product=minibar-avec-porte-miroir-40-litres\" \/>\n<meta property=\"og:site_name\" content=\"SOMO S.A.M\" \/>\n<meta property=\"article:modified_time\" content=\"2025-02-26T16:40:49+00:00\" \/>\n<meta property=\"og:image\" content=\"https:\/\/somo-sam.com\/wp-content\/uploads\/2025\/01\/E40M.png\" \/>\n\t<meta property=\"og:image:width\" content=\"1200\" \/>\n\t<meta property=\"og:image:height\" content=\"1261\" \/>\n\t<meta property=\"og:image:type\" content=\"image\/png\" \/>\n<meta name=\"twitter:card\" content=\"summary_large_image\" \/>\n<meta name=\"twitter:label1\" content=\"Dur\u00e9e de lecture estim\u00e9e\" \/>\n\t<meta name=\"twitter:data1\" content=\"2 minutes\" \/>\n<script type=\"application\/ld+json\" class=\"yoast-schema-graph\">{\"@context\":\"https:\/\/schema.org\",\"@graph\":[{\"@type\":\"WebPage\",\"@id\":\"https:\/\/somo-sam.com\/?product=minibar-avec-porte-miroir-40-litres\",\"url\":\"https:\/\/somo-sam.com\/?product=minibar-avec-porte-miroir-40-litres\",\"name\":\"Minibar avec porte miroir \u2013 40 litres - SOMO S.A.M\",\"isPartOf\":{\"@id\":\"http:\/\/somo-sam.com\/#website\"},\"primaryImageOfPage\":{\"@id\":\"https:\/\/somo-sam.com\/?product=minibar-avec-porte-miroir-40-litres#primaryimage\"},\"image\":{\"@id\":\"https:\/\/somo-sam.com\/?product=minibar-avec-porte-miroir-40-litres#primaryimage\"},\"thumbnailUrl\":\"https:\/\/somo-sam.com\/wp-content\/uploads\/2025\/01\/E40M.png\",\"datePublished\":\"2025-01-28T10:08:32+00:00\",\"dateModified\":\"2025-02-26T16:40:49+00:00\",\"description\":\"Ce minibar de 40 litres, dot\u00e9 d'une \u00e9l\u00e9gante porte miroir et d'un cadre et corps en finition noire, apporte une touche de style \u00e0 toute chambre d'h\u00f4tel.\",\"breadcrumb\":{\"@id\":\"https:\/\/somo-sam.com\/?product=minibar-avec-porte-miroir-40-litres#breadcrumb\"},\"inLanguage\":\"fr-FR\",\"potentialAction\":[{\"@type\":\"ReadAction\",\"target\":[\"https:\/\/somo-sam.com\/?product=minibar-avec-porte-miroir-40-litres\"]}]},{\"@type\":\"ImageObject\",\"inLanguage\":\"fr-FR\",\"@id\":\"https:\/\/somo-sam.com\/?product=minibar-avec-porte-miroir-40-litres#primaryimage\",\"url\":\"https:\/\/somo-sam.com\/wp-content\/uploads\/2025\/01\/E40M.png\",\"contentUrl\":\"https:\/\/somo-sam.com\/wp-content\/uploads\/2025\/01\/E40M.png\",\"width\":1200,\"height\":1261},{\"@type\":\"BreadcrumbList\",\"@id\":\"https:\/\/somo-sam.com\/?product=minibar-avec-porte-miroir-40-litres#breadcrumb\",\"itemListElement\":[{\"@type\":\"ListItem\",\"position\":1,\"name\":\"Accueil\",\"item\":\"http:\/\/somo-sam.com\/\"},{\"@type\":\"ListItem\",\"position\":2,\"name\":\"Shop\",\"item\":\"https:\/\/somo-sam.com\/?page_id=413\"},{\"@type\":\"ListItem\",\"position\":3,\"name\":\"Minibar avec porte miroir \u2013 40 litres\"}]},{\"@type\":\"WebSite\",\"@id\":\"http:\/\/somo-sam.com\/#website\",\"url\":\"http:\/\/somo-sam.com\/\",\"name\":\"SOMO S.A.M\",\"description\":\"Votre partenaire en \u00e9quipements h\u00f4teliers et de restauration\",\"potentialAction\":[{\"@type\":\"SearchAction\",\"target\":{\"@type\":\"EntryPoint\",\"urlTemplate\":\"http:\/\/somo-sam.com\/?s={search_term_string}\"},\"query-input\":{\"@type\":\"PropertyValueSpecification\",\"valueRequired\":true,\"valueName\":\"search_term_string\"}}],\"inLanguage\":\"fr-FR\"}]}<\/script>\n<!-- \/ Yoast SEO plugin. -->","yoast_head_json":{"title":"Minibar avec porte miroir \u2013 40 litres - SOMO S.A.M","description":"Ce minibar de 40 litres, dot\u00e9 d'une \u00e9l\u00e9gante porte miroir et d'un cadre et corps en finition noire, apporte une touche de style \u00e0 toute chambre d'h\u00f4tel.","robots":{"index":"index","follow":"follow","max-snippet":"max-snippet:-1","max-image-preview":"max-image-preview:large","max-video-preview":"max-video-preview:-1"},"canonical":"https:\/\/somo-sam.com\/?product=minibar-avec-porte-miroir-40-litres","og_locale":"fr_FR","og_type":"article","og_title":"Minibar avec porte miroir \u2013 40 litres - SOMO S.A.M","og_description":"Ce minibar de 40 litres, dot\u00e9 d'une \u00e9l\u00e9gante porte miroir et d'un cadre et corps en finition noire, apporte une touche de style \u00e0 toute chambre d'h\u00f4tel.","og_url":"https:\/\/somo-sam.com\/?product=minibar-avec-porte-miroir-40-litres","og_site_name":"SOMO S.A.M","article_modified_time":"2025-02-26T16:40:49+00:00","og_image":[{"width":1200,"height":1261,"url":"https:\/\/somo-sam.com\/wp-content\/uploads\/2025\/01\/E40M.png","type":"image\/png"}],"twitter_card":"summary_large_image","twitter_misc":{"Dur\u00e9e de lecture estim\u00e9e":"2 minutes"},"schema":{"@context":"https:\/\/schema.org","@graph":[{"@type":"WebPage","@id":"https:\/\/somo-sam.com\/?product=minibar-avec-porte-miroir-40-litres","url":"https:\/\/somo-sam.com\/?product=minibar-avec-porte-miroir-40-litres","name":"Minibar avec porte miroir \u2013 40 litres - SOMO S.A.M","isPartOf":{"@id":"http:\/\/somo-sam.com\/#website"},"primaryImageOfPage":{"@id":"https:\/\/somo-sam.com\/?product=minibar-avec-porte-miroir-40-litres#primaryimage"},"image":{"@id":"https:\/\/somo-sam.com\/?product=minibar-avec-porte-miroir-40-litres#primaryimage"},"thumbnailUrl":"https:\/\/somo-sam.com\/wp-content\/uploads\/2025\/01\/E40M.png","datePublished":"2025-01-28T10:08:32+00:00","dateModified":"2025-02-26T16:40:49+00:00","description":"Ce minibar de 40 litres, dot\u00e9 d'une \u00e9l\u00e9gante porte miroir et d'un cadre et corps en finition noire, apporte une touche de style \u00e0 toute chambre d'h\u00f4tel.","breadcrumb":{"@id":"https:\/\/somo-sam.com\/?product=minibar-avec-porte-miroir-40-litres#breadcrumb"},"inLanguage":"fr-FR","potentialAction":[{"@type":"ReadAction","target":["https:\/\/somo-sam.com\/?product=minibar-avec-porte-miroir-40-litres"]}]},{"@type":"ImageObject","inLanguage":"fr-FR","@id":"https:\/\/somo-sam.com\/?product=minibar-avec-porte-miroir-40-litres#primaryimage","url":"https:\/\/somo-sam.com\/wp-content\/uploads\/2025\/01\/E40M.png","contentUrl":"https:\/\/somo-sam.com\/wp-content\/uploads\/2025\/01\/E40M.png","width":1200,"height":1261},{"@type":"BreadcrumbList","@id":"https:\/\/somo-sam.com\/?product=minibar-avec-porte-miroir-40-litres#breadcrumb","itemListElement":[{"@type":"ListItem","position":1,"name":"Accueil","item":"http:\/\/somo-sam.com\/"},{"@type":"ListItem","position":2,"name":"Shop","item":"https:\/\/somo-sam.com\/?page_id=413"},{"@type":"ListItem","position":3,"name":"Minibar avec porte miroir \u2013 40 litres"}]},{"@type":"WebSite","@id":"http:\/\/somo-sam.com\/#website","url":"http:\/\/somo-sam.com\/","name":"SOMO S.A.M","description":"Votre partenaire en \u00e9quipements h\u00f4teliers et de restauration","potentialAction":[{"@type":"SearchAction","target":{"@type":"EntryPoint","urlTemplate":"http:\/\/somo-sam.com\/?s={search_term_string}"},"query-input":{"@type":"PropertyValueSpecification","valueRequired":true,"valueName":"search_term_string"}}],"inLanguage":"fr-FR"}]}},"_links":{"self":[{"href":"https:\/\/somo-sam.com\/index.php?rest_route=\/wp\/v2\/product\/16793","targetHints":{"allow":["GET"]}}],"collection":[{"href":"https:\/\/somo-sam.com\/index.php?rest_route=\/wp\/v2\/product"}],"about":[{"href":"https:\/\/somo-sam.com\/index.php?rest_route=\/wp\/v2\/types\/product"}],"version-history":[{"count":2,"href":"https:\/\/somo-sam.com\/index.php?rest_route=\/wp\/v2\/product\/16793\/revisions"}],"predecessor-version":[{"id":29424,"href":"https:\/\/somo-sam.com\/index.php?rest_route=\/wp\/v2\/product\/16793\/revisions\/29424"}],"wp:featuredmedia":[{"embeddable":true,"href":"https:\/\/somo-sam.com\/index.php?rest_route=\/wp\/v2\/media\/16794"}],"wp:attachment":[{"href":"https:\/\/somo-sam.com\/index.php?rest_route=%2Fwp%2Fv2%2Fmedia&parent=16793"}],"wp:term":[{"taxonomy":"product_brand","embeddable":true,"href":"https:\/\/somo-sam.com\/index.php?rest_route=%2Fwp%2Fv2%2Fproduct_brand&post=16793"},{"taxonomy":"product_cat","embeddable":true,"href":"https:\/\/somo-sam.com\/index.php?rest_route=%2Fwp%2Fv2%2Fproduct_cat&post=16793"},{"taxonomy":"product_tag","embeddable":true,"href":"https:\/\/somo-sam.com\/index.php?rest_route=%2Fwp%2Fv2%2Fproduct_tag&post=16793"}],"curies":[{"name":"wp","href":"https:\/\/api.w.org\/{rel}","templated":true}]}}