{"id":16814,"date":"2025-01-28T12:30:49","date_gmt":"2025-01-28T11:30:49","guid":{"rendered":"https:\/\/somo-sam.com\/?post_type=product&#038;p=16814"},"modified":"2025-02-28T15:17:19","modified_gmt":"2025-02-28T14:17:19","slug":"ferme-porte-polyvalent-avec-bras-a-compas-serie-dc120","status":"publish","type":"product","link":"https:\/\/somo-sam.com\/?product=ferme-porte-polyvalent-avec-bras-a-compas-serie-dc120","title":{"rendered":"Ferme-porte polyvalent avec bras \u00e0 compas SERIE DC120"},"content":{"rendered":"<h3>Performance<\/h3>\n<p>\u2022 Technologie \u00e0 pignon et cr\u00e9maill\u00e8re<br \/>\n\u2022 Force variable<\/p>\n<h3>Facilit\u00e9 d\u2019installation et de r\u00e9glage<\/h3>\n<p>\u2022 Vitesse de fermeture et \u00e0-coup final r\u00e9glables, frein \u00e0 l\u2019ouverture r\u00e9glable<br \/>\n\u2022 Bras compas de maintien de porte ouverte (interdit sur porte CF\/PF)<br \/>\n\u2022 R\u00e9versible<\/p>\n<h3>Esth\u00e9tique<\/h3>\n<p>\u2022 Soign\u00e9e et design<br \/>\n\u2022 Existe en diff\u00e9rents coloris<\/p>\n<h3>R\u00e9glage et s\u00e9curit\u00e9<\/h3>\n<p>\u2022 Valves de s\u00e9curit\u00e9 contre les surpressions (utilisation abusive)<br \/>\n\u2022 R\u00e9glages tr\u00e8s peu affect\u00e9s par les fluctuations de temp\u00e9rature gr\u00e2ce \u00e0 l\u2019huile thermoconstante utilis\u00e9e<\/p>\n","protected":false},"excerpt":{"rendered":"<h2>Ferme-porte polyvalent avec bras \u00e0 compas SERIE DC120<\/h2>\n","protected":false},"featured_media":16817,"template":"","meta":{"_acf_changed":false,"_monsterinsights_skip_tracking":false,"_monsterinsights_sitenote_active":false,"_monsterinsights_sitenote_note":"","_monsterinsights_sitenote_category":0},"product_brand":[283],"product_cat":[250,257,258,37,252,256],"product_tag":[],"class_list":{"0":"post-16814","1":"product","2":"type-product","3":"status-publish","4":"has-post-thumbnail","6":"product_brand-assa-abloy","7":"product_cat-chambre","8":"product_cat-ferme-portes","9":"product_cat-ferme-portes-produit","10":"product_cat-ferme-portes-hotellerie","11":"product_cat-hotellerie","12":"product_cat-technique-fermeture","14":"first","15":"instock","16":"taxable","17":"shipping-taxable","18":"purchasable","19":"product-type-variable","20":"add-to-wishlist-after_add_to_cart"},"acf":[],"yoast_head":"<!-- This site is optimized with the Yoast SEO plugin v23.6 - https:\/\/yoast.com\/wordpress\/plugins\/seo\/ -->\n<title>Ferme-porte polyvalent avec bras \u00e0 compas SERIE DC120 - SOMO S.A.M<\/title>\n<meta name=\"description\" content=\"Technologie \u00e0 pignon et cr\u00e9maill\u00e8re\u2022 Force variableFacilit\u00e9 d\u2019installation et de r\u00e9glage\u2022 Vitesse de fermeture et \u00e0-coup final r\u00e9glables, frein \u00e0 l\u2019ouverture r\u00e9glable\u2022 Bras compas de maintien de porte ouverte (interdit sur porte CF\/PF)\u2022 R\u00e9versible\" \/>\n<meta name=\"robots\" content=\"index, follow, max-snippet:-1, max-image-preview:large, max-video-preview:-1\" \/>\n<link rel=\"canonical\" href=\"https:\/\/somo-sam.com\/?product=ferme-porte-polyvalent-avec-bras-a-compas-serie-dc120\" \/>\n<meta property=\"og:locale\" content=\"fr_FR\" \/>\n<meta property=\"og:type\" content=\"article\" \/>\n<meta property=\"og:title\" content=\"Ferme-porte polyvalent avec bras \u00e0 compas SERIE DC120 - SOMO S.A.M\" \/>\n<meta property=\"og:description\" content=\"Technologie \u00e0 pignon et cr\u00e9maill\u00e8re\u2022 Force variableFacilit\u00e9 d\u2019installation et de r\u00e9glage\u2022 Vitesse de fermeture et \u00e0-coup final r\u00e9glables, frein \u00e0 l\u2019ouverture r\u00e9glable\u2022 Bras compas de maintien de porte ouverte (interdit sur porte CF\/PF)\u2022 R\u00e9versible\" \/>\n<meta property=\"og:url\" content=\"https:\/\/somo-sam.com\/?product=ferme-porte-polyvalent-avec-bras-a-compas-serie-dc120\" \/>\n<meta property=\"og:site_name\" content=\"SOMO S.A.M\" \/>\n<meta property=\"article:modified_time\" content=\"2025-02-28T14:17:19+00:00\" \/>\n<meta property=\"og:image\" content=\"https:\/\/somo-sam.com\/wp-content\/uploads\/2025\/01\/Design-sans-titre-2-2.png\" \/>\n\t<meta property=\"og:image:width\" content=\"1080\" \/>\n\t<meta property=\"og:image:height\" content=\"1080\" \/>\n\t<meta property=\"og:image:type\" content=\"image\/png\" \/>\n<meta name=\"twitter:card\" content=\"summary_large_image\" \/>\n<meta name=\"twitter:label1\" content=\"Dur\u00e9e de lecture estim\u00e9e\" \/>\n\t<meta name=\"twitter:data1\" content=\"1 minute\" \/>\n<script type=\"application\/ld+json\" class=\"yoast-schema-graph\">{\"@context\":\"https:\/\/schema.org\",\"@graph\":[{\"@type\":\"WebPage\",\"@id\":\"https:\/\/somo-sam.com\/?product=ferme-porte-polyvalent-avec-bras-a-compas-serie-dc120\",\"url\":\"https:\/\/somo-sam.com\/?product=ferme-porte-polyvalent-avec-bras-a-compas-serie-dc120\",\"name\":\"Ferme-porte polyvalent avec bras \u00e0 compas SERIE DC120 - SOMO S.A.M\",\"isPartOf\":{\"@id\":\"http:\/\/somo-sam.com\/#website\"},\"primaryImageOfPage\":{\"@id\":\"https:\/\/somo-sam.com\/?product=ferme-porte-polyvalent-avec-bras-a-compas-serie-dc120#primaryimage\"},\"image\":{\"@id\":\"https:\/\/somo-sam.com\/?product=ferme-porte-polyvalent-avec-bras-a-compas-serie-dc120#primaryimage\"},\"thumbnailUrl\":\"https:\/\/somo-sam.com\/wp-content\/uploads\/2025\/01\/Design-sans-titre-2-2.png\",\"datePublished\":\"2025-01-28T11:30:49+00:00\",\"dateModified\":\"2025-02-28T14:17:19+00:00\",\"description\":\"Technologie \u00e0 pignon et cr\u00e9maill\u00e8re\u2022 Force variableFacilit\u00e9 d\u2019installation et de r\u00e9glage\u2022 Vitesse de fermeture et \u00e0-coup final r\u00e9glables, frein \u00e0 l\u2019ouverture r\u00e9glable\u2022 Bras compas de maintien de porte ouverte (interdit sur porte CF\/PF)\u2022 R\u00e9versible\",\"breadcrumb\":{\"@id\":\"https:\/\/somo-sam.com\/?product=ferme-porte-polyvalent-avec-bras-a-compas-serie-dc120#breadcrumb\"},\"inLanguage\":\"fr-FR\",\"potentialAction\":[{\"@type\":\"ReadAction\",\"target\":[\"https:\/\/somo-sam.com\/?product=ferme-porte-polyvalent-avec-bras-a-compas-serie-dc120\"]}]},{\"@type\":\"ImageObject\",\"inLanguage\":\"fr-FR\",\"@id\":\"https:\/\/somo-sam.com\/?product=ferme-porte-polyvalent-avec-bras-a-compas-serie-dc120#primaryimage\",\"url\":\"https:\/\/somo-sam.com\/wp-content\/uploads\/2025\/01\/Design-sans-titre-2-2.png\",\"contentUrl\":\"https:\/\/somo-sam.com\/wp-content\/uploads\/2025\/01\/Design-sans-titre-2-2.png\",\"width\":1080,\"height\":1080},{\"@type\":\"BreadcrumbList\",\"@id\":\"https:\/\/somo-sam.com\/?product=ferme-porte-polyvalent-avec-bras-a-compas-serie-dc120#breadcrumb\",\"itemListElement\":[{\"@type\":\"ListItem\",\"position\":1,\"name\":\"Accueil\",\"item\":\"http:\/\/somo-sam.com\/\"},{\"@type\":\"ListItem\",\"position\":2,\"name\":\"Shop\",\"item\":\"https:\/\/somo-sam.com\/?page_id=413\"},{\"@type\":\"ListItem\",\"position\":3,\"name\":\"Ferme-porte polyvalent avec bras \u00e0 compas SERIE DC120\"}]},{\"@type\":\"WebSite\",\"@id\":\"http:\/\/somo-sam.com\/#website\",\"url\":\"http:\/\/somo-sam.com\/\",\"name\":\"SOMO S.A.M\",\"description\":\"Votre partenaire en \u00e9quipements h\u00f4teliers et de restauration\",\"potentialAction\":[{\"@type\":\"SearchAction\",\"target\":{\"@type\":\"EntryPoint\",\"urlTemplate\":\"http:\/\/somo-sam.com\/?s={search_term_string}\"},\"query-input\":{\"@type\":\"PropertyValueSpecification\",\"valueRequired\":true,\"valueName\":\"search_term_string\"}}],\"inLanguage\":\"fr-FR\"}]}<\/script>\n<!-- \/ Yoast SEO plugin. -->","yoast_head_json":{"title":"Ferme-porte polyvalent avec bras \u00e0 compas SERIE DC120 - SOMO S.A.M","description":"Technologie \u00e0 pignon et cr\u00e9maill\u00e8re\u2022 Force variableFacilit\u00e9 d\u2019installation et de r\u00e9glage\u2022 Vitesse de fermeture et \u00e0-coup final r\u00e9glables, frein \u00e0 l\u2019ouverture r\u00e9glable\u2022 Bras compas de maintien de porte ouverte (interdit sur porte CF\/PF)\u2022 R\u00e9versible","robots":{"index":"index","follow":"follow","max-snippet":"max-snippet:-1","max-image-preview":"max-image-preview:large","max-video-preview":"max-video-preview:-1"},"canonical":"https:\/\/somo-sam.com\/?product=ferme-porte-polyvalent-avec-bras-a-compas-serie-dc120","og_locale":"fr_FR","og_type":"article","og_title":"Ferme-porte polyvalent avec bras \u00e0 compas SERIE DC120 - SOMO S.A.M","og_description":"Technologie \u00e0 pignon et cr\u00e9maill\u00e8re\u2022 Force variableFacilit\u00e9 d\u2019installation et de r\u00e9glage\u2022 Vitesse de fermeture et \u00e0-coup final r\u00e9glables, frein \u00e0 l\u2019ouverture r\u00e9glable\u2022 Bras compas de maintien de porte ouverte (interdit sur porte CF\/PF)\u2022 R\u00e9versible","og_url":"https:\/\/somo-sam.com\/?product=ferme-porte-polyvalent-avec-bras-a-compas-serie-dc120","og_site_name":"SOMO S.A.M","article_modified_time":"2025-02-28T14:17:19+00:00","og_image":[{"width":1080,"height":1080,"url":"https:\/\/somo-sam.com\/wp-content\/uploads\/2025\/01\/Design-sans-titre-2-2.png","type":"image\/png"}],"twitter_card":"summary_large_image","twitter_misc":{"Dur\u00e9e de lecture estim\u00e9e":"1 minute"},"schema":{"@context":"https:\/\/schema.org","@graph":[{"@type":"WebPage","@id":"https:\/\/somo-sam.com\/?product=ferme-porte-polyvalent-avec-bras-a-compas-serie-dc120","url":"https:\/\/somo-sam.com\/?product=ferme-porte-polyvalent-avec-bras-a-compas-serie-dc120","name":"Ferme-porte polyvalent avec bras \u00e0 compas SERIE DC120 - SOMO S.A.M","isPartOf":{"@id":"http:\/\/somo-sam.com\/#website"},"primaryImageOfPage":{"@id":"https:\/\/somo-sam.com\/?product=ferme-porte-polyvalent-avec-bras-a-compas-serie-dc120#primaryimage"},"image":{"@id":"https:\/\/somo-sam.com\/?product=ferme-porte-polyvalent-avec-bras-a-compas-serie-dc120#primaryimage"},"thumbnailUrl":"https:\/\/somo-sam.com\/wp-content\/uploads\/2025\/01\/Design-sans-titre-2-2.png","datePublished":"2025-01-28T11:30:49+00:00","dateModified":"2025-02-28T14:17:19+00:00","description":"Technologie \u00e0 pignon et cr\u00e9maill\u00e8re\u2022 Force variableFacilit\u00e9 d\u2019installation et de r\u00e9glage\u2022 Vitesse de fermeture et \u00e0-coup final r\u00e9glables, frein \u00e0 l\u2019ouverture r\u00e9glable\u2022 Bras compas de maintien de porte ouverte (interdit sur porte CF\/PF)\u2022 R\u00e9versible","breadcrumb":{"@id":"https:\/\/somo-sam.com\/?product=ferme-porte-polyvalent-avec-bras-a-compas-serie-dc120#breadcrumb"},"inLanguage":"fr-FR","potentialAction":[{"@type":"ReadAction","target":["https:\/\/somo-sam.com\/?product=ferme-porte-polyvalent-avec-bras-a-compas-serie-dc120"]}]},{"@type":"ImageObject","inLanguage":"fr-FR","@id":"https:\/\/somo-sam.com\/?product=ferme-porte-polyvalent-avec-bras-a-compas-serie-dc120#primaryimage","url":"https:\/\/somo-sam.com\/wp-content\/uploads\/2025\/01\/Design-sans-titre-2-2.png","contentUrl":"https:\/\/somo-sam.com\/wp-content\/uploads\/2025\/01\/Design-sans-titre-2-2.png","width":1080,"height":1080},{"@type":"BreadcrumbList","@id":"https:\/\/somo-sam.com\/?product=ferme-porte-polyvalent-avec-bras-a-compas-serie-dc120#breadcrumb","itemListElement":[{"@type":"ListItem","position":1,"name":"Accueil","item":"http:\/\/somo-sam.com\/"},{"@type":"ListItem","position":2,"name":"Shop","item":"https:\/\/somo-sam.com\/?page_id=413"},{"@type":"ListItem","position":3,"name":"Ferme-porte polyvalent avec bras \u00e0 compas SERIE DC120"}]},{"@type":"WebSite","@id":"http:\/\/somo-sam.com\/#website","url":"http:\/\/somo-sam.com\/","name":"SOMO S.A.M","description":"Votre partenaire en \u00e9quipements h\u00f4teliers et de restauration","potentialAction":[{"@type":"SearchAction","target":{"@type":"EntryPoint","urlTemplate":"http:\/\/somo-sam.com\/?s={search_term_string}"},"query-input":{"@type":"PropertyValueSpecification","valueRequired":true,"valueName":"search_term_string"}}],"inLanguage":"fr-FR"}]}},"_links":{"self":[{"href":"https:\/\/somo-sam.com\/index.php?rest_route=\/wp\/v2\/product\/16814","targetHints":{"allow":["GET"]}}],"collection":[{"href":"https:\/\/somo-sam.com\/index.php?rest_route=\/wp\/v2\/product"}],"about":[{"href":"https:\/\/somo-sam.com\/index.php?rest_route=\/wp\/v2\/types\/product"}],"version-history":[{"count":4,"href":"https:\/\/somo-sam.com\/index.php?rest_route=\/wp\/v2\/product\/16814\/revisions"}],"predecessor-version":[{"id":29579,"href":"https:\/\/somo-sam.com\/index.php?rest_route=\/wp\/v2\/product\/16814\/revisions\/29579"}],"wp:featuredmedia":[{"embeddable":true,"href":"https:\/\/somo-sam.com\/index.php?rest_route=\/wp\/v2\/media\/16817"}],"wp:attachment":[{"href":"https:\/\/somo-sam.com\/index.php?rest_route=%2Fwp%2Fv2%2Fmedia&parent=16814"}],"wp:term":[{"taxonomy":"product_brand","embeddable":true,"href":"https:\/\/somo-sam.com\/index.php?rest_route=%2Fwp%2Fv2%2Fproduct_brand&post=16814"},{"taxonomy":"product_cat","embeddable":true,"href":"https:\/\/somo-sam.com\/index.php?rest_route=%2Fwp%2Fv2%2Fproduct_cat&post=16814"},{"taxonomy":"product_tag","embeddable":true,"href":"https:\/\/somo-sam.com\/index.php?rest_route=%2Fwp%2Fv2%2Fproduct_tag&post=16814"}],"curies":[{"name":"wp","href":"https:\/\/api.w.org\/{rel}","templated":true}]}}