{"id":16824,"date":"2025-01-28T12:44:25","date_gmt":"2025-01-28T11:44:25","guid":{"rendered":"https:\/\/somo-sam.com\/?post_type=product&#038;p=16824"},"modified":"2025-02-28T15:06:55","modified_gmt":"2025-02-28T14:06:55","slug":"ferme-porte-avec-bras-a-glissiere-serie-dc135","status":"publish","type":"product","link":"https:\/\/somo-sam.com\/?product=ferme-porte-avec-bras-a-glissiere-serie-dc135","title":{"rendered":"Ferme-porte avec bras \u00e0 glissi\u00e8re SERIE DC135"},"content":{"rendered":"<p>Ferme-porte avec corps en aluminium et bras \u00e0 glissi\u00e8re<br \/>\n\u2022 Force fixe EN3 pour une largeur de porte de 950mm<br \/>\n\u2022 Certifi\u00e9 CE pour utilisation sur portes coupe-feu<\/p>\n<p>2 vitesses de fermeture (initiale et \u00e0-coup final) r\u00e9glables ind\u00e9pendamment par 2 valves thermostatiques<br \/>\n\u2022 Extra-plat (projection de 42mm)<br \/>\n\u2022 Vitesse de fermeture r\u00e9glable de 180\u00b0 \u00e0 15\u00b0<br \/>\n\u2022 Montage : Gauche, droite<\/p>\n<p>Finitions : Argent &#8211; Blanc &#8211; Noir<\/p>\n<p>Poids : 2,400kg<\/p>\n","protected":false},"excerpt":{"rendered":"<p>Ferme-porte avec corps en aluminium et bras \u00e0 glissi\u00e8re \u2022 Force fixe EN3 pour une largeur de porte de 950mm<\/p>\n","protected":false},"featured_media":16830,"template":"","meta":{"_acf_changed":false,"_monsterinsights_skip_tracking":false,"_monsterinsights_sitenote_active":false,"_monsterinsights_sitenote_note":"","_monsterinsights_sitenote_category":0},"product_brand":[],"product_cat":[257,258,256],"product_tag":[],"class_list":{"0":"post-16824","1":"product","2":"type-product","3":"status-publish","4":"has-post-thumbnail","6":"product_cat-ferme-portes","7":"product_cat-ferme-portes-produit","8":"product_cat-technique-fermeture","10":"first","11":"instock","12":"taxable","13":"shipping-taxable","14":"purchasable","15":"product-type-variable","16":"add-to-wishlist-after_add_to_cart"},"acf":[],"yoast_head":"<!-- This site is optimized with the Yoast SEO plugin v23.6 - https:\/\/yoast.com\/wordpress\/plugins\/seo\/ -->\n<title>Ferme-porte avec bras \u00e0 glissi\u00e8re SERIE DC135 - SOMO S.A.M<\/title>\n<meta name=\"robots\" content=\"index, follow, max-snippet:-1, max-image-preview:large, max-video-preview:-1\" \/>\n<link rel=\"canonical\" href=\"https:\/\/somo-sam.com\/?product=ferme-porte-avec-bras-a-glissiere-serie-dc135\" \/>\n<meta property=\"og:locale\" content=\"fr_FR\" \/>\n<meta property=\"og:type\" content=\"article\" \/>\n<meta property=\"og:title\" content=\"Ferme-porte avec bras \u00e0 glissi\u00e8re SERIE DC135 - SOMO S.A.M\" \/>\n<meta property=\"og:description\" content=\"Ferme-porte avec corps en aluminium et bras \u00e0 glissi\u00e8re \u2022 Force fixe EN3 pour une largeur de porte de 950mm\" \/>\n<meta property=\"og:url\" content=\"https:\/\/somo-sam.com\/?product=ferme-porte-avec-bras-a-glissiere-serie-dc135\" \/>\n<meta property=\"og:site_name\" content=\"SOMO S.A.M\" \/>\n<meta property=\"article:modified_time\" content=\"2025-02-28T14:06:55+00:00\" \/>\n<meta property=\"og:image\" content=\"https:\/\/somo-sam.com\/wp-content\/uploads\/2025\/01\/Design-sans-titre-3-2.png\" \/>\n\t<meta property=\"og:image:width\" content=\"1080\" \/>\n\t<meta property=\"og:image:height\" content=\"1080\" \/>\n\t<meta property=\"og:image:type\" content=\"image\/png\" \/>\n<meta name=\"twitter:card\" content=\"summary_large_image\" \/>\n<meta name=\"twitter:label1\" content=\"Dur\u00e9e de lecture estim\u00e9e\" \/>\n\t<meta name=\"twitter:data1\" content=\"1 minute\" \/>\n<script type=\"application\/ld+json\" class=\"yoast-schema-graph\">{\"@context\":\"https:\/\/schema.org\",\"@graph\":[{\"@type\":\"WebPage\",\"@id\":\"https:\/\/somo-sam.com\/?product=ferme-porte-avec-bras-a-glissiere-serie-dc135\",\"url\":\"https:\/\/somo-sam.com\/?product=ferme-porte-avec-bras-a-glissiere-serie-dc135\",\"name\":\"Ferme-porte avec bras \u00e0 glissi\u00e8re SERIE DC135 - SOMO S.A.M\",\"isPartOf\":{\"@id\":\"http:\/\/somo-sam.com\/#website\"},\"primaryImageOfPage\":{\"@id\":\"https:\/\/somo-sam.com\/?product=ferme-porte-avec-bras-a-glissiere-serie-dc135#primaryimage\"},\"image\":{\"@id\":\"https:\/\/somo-sam.com\/?product=ferme-porte-avec-bras-a-glissiere-serie-dc135#primaryimage\"},\"thumbnailUrl\":\"https:\/\/somo-sam.com\/wp-content\/uploads\/2025\/01\/Design-sans-titre-3-2.png\",\"datePublished\":\"2025-01-28T11:44:25+00:00\",\"dateModified\":\"2025-02-28T14:06:55+00:00\",\"breadcrumb\":{\"@id\":\"https:\/\/somo-sam.com\/?product=ferme-porte-avec-bras-a-glissiere-serie-dc135#breadcrumb\"},\"inLanguage\":\"fr-FR\",\"potentialAction\":[{\"@type\":\"ReadAction\",\"target\":[\"https:\/\/somo-sam.com\/?product=ferme-porte-avec-bras-a-glissiere-serie-dc135\"]}]},{\"@type\":\"ImageObject\",\"inLanguage\":\"fr-FR\",\"@id\":\"https:\/\/somo-sam.com\/?product=ferme-porte-avec-bras-a-glissiere-serie-dc135#primaryimage\",\"url\":\"https:\/\/somo-sam.com\/wp-content\/uploads\/2025\/01\/Design-sans-titre-3-2.png\",\"contentUrl\":\"https:\/\/somo-sam.com\/wp-content\/uploads\/2025\/01\/Design-sans-titre-3-2.png\",\"width\":1080,\"height\":1080},{\"@type\":\"BreadcrumbList\",\"@id\":\"https:\/\/somo-sam.com\/?product=ferme-porte-avec-bras-a-glissiere-serie-dc135#breadcrumb\",\"itemListElement\":[{\"@type\":\"ListItem\",\"position\":1,\"name\":\"Accueil\",\"item\":\"http:\/\/somo-sam.com\/\"},{\"@type\":\"ListItem\",\"position\":2,\"name\":\"Shop\",\"item\":\"https:\/\/somo-sam.com\/?page_id=413\"},{\"@type\":\"ListItem\",\"position\":3,\"name\":\"Ferme-porte avec bras \u00e0 glissi\u00e8re SERIE DC135\"}]},{\"@type\":\"WebSite\",\"@id\":\"http:\/\/somo-sam.com\/#website\",\"url\":\"http:\/\/somo-sam.com\/\",\"name\":\"SOMO S.A.M\",\"description\":\"Votre partenaire en \u00e9quipements h\u00f4teliers et de restauration\",\"potentialAction\":[{\"@type\":\"SearchAction\",\"target\":{\"@type\":\"EntryPoint\",\"urlTemplate\":\"http:\/\/somo-sam.com\/?s={search_term_string}\"},\"query-input\":{\"@type\":\"PropertyValueSpecification\",\"valueRequired\":true,\"valueName\":\"search_term_string\"}}],\"inLanguage\":\"fr-FR\"}]}<\/script>\n<!-- \/ Yoast SEO plugin. -->","yoast_head_json":{"title":"Ferme-porte avec bras \u00e0 glissi\u00e8re SERIE DC135 - SOMO S.A.M","robots":{"index":"index","follow":"follow","max-snippet":"max-snippet:-1","max-image-preview":"max-image-preview:large","max-video-preview":"max-video-preview:-1"},"canonical":"https:\/\/somo-sam.com\/?product=ferme-porte-avec-bras-a-glissiere-serie-dc135","og_locale":"fr_FR","og_type":"article","og_title":"Ferme-porte avec bras \u00e0 glissi\u00e8re SERIE DC135 - SOMO S.A.M","og_description":"Ferme-porte avec corps en aluminium et bras \u00e0 glissi\u00e8re \u2022 Force fixe EN3 pour une largeur de porte de 950mm","og_url":"https:\/\/somo-sam.com\/?product=ferme-porte-avec-bras-a-glissiere-serie-dc135","og_site_name":"SOMO S.A.M","article_modified_time":"2025-02-28T14:06:55+00:00","og_image":[{"width":1080,"height":1080,"url":"https:\/\/somo-sam.com\/wp-content\/uploads\/2025\/01\/Design-sans-titre-3-2.png","type":"image\/png"}],"twitter_card":"summary_large_image","twitter_misc":{"Dur\u00e9e de lecture estim\u00e9e":"1 minute"},"schema":{"@context":"https:\/\/schema.org","@graph":[{"@type":"WebPage","@id":"https:\/\/somo-sam.com\/?product=ferme-porte-avec-bras-a-glissiere-serie-dc135","url":"https:\/\/somo-sam.com\/?product=ferme-porte-avec-bras-a-glissiere-serie-dc135","name":"Ferme-porte avec bras \u00e0 glissi\u00e8re SERIE DC135 - SOMO S.A.M","isPartOf":{"@id":"http:\/\/somo-sam.com\/#website"},"primaryImageOfPage":{"@id":"https:\/\/somo-sam.com\/?product=ferme-porte-avec-bras-a-glissiere-serie-dc135#primaryimage"},"image":{"@id":"https:\/\/somo-sam.com\/?product=ferme-porte-avec-bras-a-glissiere-serie-dc135#primaryimage"},"thumbnailUrl":"https:\/\/somo-sam.com\/wp-content\/uploads\/2025\/01\/Design-sans-titre-3-2.png","datePublished":"2025-01-28T11:44:25+00:00","dateModified":"2025-02-28T14:06:55+00:00","breadcrumb":{"@id":"https:\/\/somo-sam.com\/?product=ferme-porte-avec-bras-a-glissiere-serie-dc135#breadcrumb"},"inLanguage":"fr-FR","potentialAction":[{"@type":"ReadAction","target":["https:\/\/somo-sam.com\/?product=ferme-porte-avec-bras-a-glissiere-serie-dc135"]}]},{"@type":"ImageObject","inLanguage":"fr-FR","@id":"https:\/\/somo-sam.com\/?product=ferme-porte-avec-bras-a-glissiere-serie-dc135#primaryimage","url":"https:\/\/somo-sam.com\/wp-content\/uploads\/2025\/01\/Design-sans-titre-3-2.png","contentUrl":"https:\/\/somo-sam.com\/wp-content\/uploads\/2025\/01\/Design-sans-titre-3-2.png","width":1080,"height":1080},{"@type":"BreadcrumbList","@id":"https:\/\/somo-sam.com\/?product=ferme-porte-avec-bras-a-glissiere-serie-dc135#breadcrumb","itemListElement":[{"@type":"ListItem","position":1,"name":"Accueil","item":"http:\/\/somo-sam.com\/"},{"@type":"ListItem","position":2,"name":"Shop","item":"https:\/\/somo-sam.com\/?page_id=413"},{"@type":"ListItem","position":3,"name":"Ferme-porte avec bras \u00e0 glissi\u00e8re SERIE DC135"}]},{"@type":"WebSite","@id":"http:\/\/somo-sam.com\/#website","url":"http:\/\/somo-sam.com\/","name":"SOMO S.A.M","description":"Votre partenaire en \u00e9quipements h\u00f4teliers et de restauration","potentialAction":[{"@type":"SearchAction","target":{"@type":"EntryPoint","urlTemplate":"http:\/\/somo-sam.com\/?s={search_term_string}"},"query-input":{"@type":"PropertyValueSpecification","valueRequired":true,"valueName":"search_term_string"}}],"inLanguage":"fr-FR"}]}},"_links":{"self":[{"href":"https:\/\/somo-sam.com\/index.php?rest_route=\/wp\/v2\/product\/16824","targetHints":{"allow":["GET"]}}],"collection":[{"href":"https:\/\/somo-sam.com\/index.php?rest_route=\/wp\/v2\/product"}],"about":[{"href":"https:\/\/somo-sam.com\/index.php?rest_route=\/wp\/v2\/types\/product"}],"version-history":[{"count":4,"href":"https:\/\/somo-sam.com\/index.php?rest_route=\/wp\/v2\/product\/16824\/revisions"}],"predecessor-version":[{"id":29512,"href":"https:\/\/somo-sam.com\/index.php?rest_route=\/wp\/v2\/product\/16824\/revisions\/29512"}],"wp:featuredmedia":[{"embeddable":true,"href":"https:\/\/somo-sam.com\/index.php?rest_route=\/wp\/v2\/media\/16830"}],"wp:attachment":[{"href":"https:\/\/somo-sam.com\/index.php?rest_route=%2Fwp%2Fv2%2Fmedia&parent=16824"}],"wp:term":[{"taxonomy":"product_brand","embeddable":true,"href":"https:\/\/somo-sam.com\/index.php?rest_route=%2Fwp%2Fv2%2Fproduct_brand&post=16824"},{"taxonomy":"product_cat","embeddable":true,"href":"https:\/\/somo-sam.com\/index.php?rest_route=%2Fwp%2Fv2%2Fproduct_cat&post=16824"},{"taxonomy":"product_tag","embeddable":true,"href":"https:\/\/somo-sam.com\/index.php?rest_route=%2Fwp%2Fv2%2Fproduct_tag&post=16824"}],"curies":[{"name":"wp","href":"https:\/\/api.w.org\/{rel}","templated":true}]}}