{"id":232,"date":"2021-08-26T14:39:51","date_gmt":"2021-08-26T14:39:51","guid":{"rendered":"http:\/\/dummy.xtemos.com\/woodmart2\/elementor\/?post_type=product&#038;p=232"},"modified":"2026-04-10T15:33:05","modified_gmt":"2026-04-10T13:33:05","slug":"premium-valera","status":"publish","type":"product","link":"https:\/\/somo-sam.com\/?product=premium-valera","title":{"rendered":"PREMIUM VALERA"},"content":{"rendered":"<p data-start=\"143\" data-end=\"241\"><strong data-start=\"143\" data-end=\"241\">Valera Premium<\/strong><\/p>\n<p data-start=\"243\" data-end=\"690\">D\u00e9couvrez le s\u00e8che-cheveux <strong data-start=\"270\" data-end=\"299\">Valera Premium<\/strong> avec support mural, con\u00e7u pour un s\u00e9chage rapide et efficace gr\u00e2ce \u00e0 sa puissance de <strong data-start=\"385\" data-end=\"395\">1100, 1200 ou 1600W<\/strong>.<\/p>\n<p data-start=\"1142\" data-end=\"1176\"><strong data-start=\"1142\" data-end=\"1174\">Caract\u00e9ristiques principales<\/strong> :<\/p>\n<ul data-start=\"1177\" data-end=\"1436\">\n<li data-start=\"1177\" data-end=\"1201\">El\u00e9ment chauffant \u00e0 onde SECURITY<\/li>\n<li data-start=\"1177\" data-end=\"1201\">Bouton poussoir on\/off<\/li>\n<li data-start=\"1177\" data-end=\"1201\">Concentrateur d&#8217;air<\/li>\n<li data-start=\"1177\" data-end=\"1201\">1 position de temp\u00e9rature\/flux d&#8217;air<\/li>\n<li data-start=\"1177\" data-end=\"1201\">Puissance : 1100, 1200 ou 1600 W<\/li>\n<li data-start=\"1202\" data-end=\"1234\">Poids : environ 700 g (sans c\u00e2ble)<\/li>\n<li data-start=\"1235\" data-end=\"1266\">IP20<\/li>\n<li data-start=\"1337\" data-end=\"1386\">Support mural avec interrupteur de s\u00e9curit\u00e9 on\/off<\/li>\n<li data-start=\"1337\" data-end=\"1386\">Certification europ\u00e9enne CE<\/li>\n<li data-start=\"1337\" data-end=\"1386\">Couleur blanc<\/li>\n<\/ul>\n","protected":false},"excerpt":{"rendered":"<h3 data-start=\"1142\" data-end=\"1176\">PREMIUM VALERA<\/h3>\n","protected":false},"featured_media":28887,"template":"","meta":{"_acf_changed":false,"_monsterinsights_skip_tracking":false,"_monsterinsights_sitenote_active":false,"_monsterinsights_sitenote_note":"","_monsterinsights_sitenote_category":0},"product_brand":[],"product_cat":[252,247,126,248],"product_tag":[],"class_list":{"0":"post-232","1":"product","2":"type-product","3":"status-publish","4":"has-post-thumbnail","6":"product_cat-hotellerie","7":"product_cat-salle-de-bains","8":"product_cat-seche-cheveux-haute-securite","9":"product_cat-seche-cheveux-pistolets-avec-support-mural","11":"first","12":"instock","13":"taxable","14":"shipping-taxable","15":"purchasable","16":"product-type-variable","17":"add-to-wishlist-after_add_to_cart"},"acf":[],"yoast_head":"<!-- This site is optimized with the Yoast SEO plugin v23.6 - https:\/\/yoast.com\/wordpress\/plugins\/seo\/ -->\n<title>PREMIUM VALERA - SOMO S.A.M<\/title>\n<meta name=\"description\" content=\"Le s\u00e8che-cheveux Valera Premium 1600 Super offre une puissance de 1600 W, parfait pour un s\u00e9chage rapide et efficace. Dot\u00e9 de 2 vitesses et 3 niveaux de temp\u00e9rature, il s\u2019adapte \u00e0 tous les besoins.\" \/>\n<meta name=\"robots\" content=\"index, follow, max-snippet:-1, max-image-preview:large, max-video-preview:-1\" \/>\n<link rel=\"canonical\" href=\"http:\/\/somo-sam.com\/?product=premium-valera\" \/>\n<meta property=\"og:locale\" content=\"fr_FR\" \/>\n<meta property=\"og:type\" content=\"article\" \/>\n<meta property=\"og:title\" content=\"PREMIUM VALERA - SOMO S.A.M\" \/>\n<meta property=\"og:description\" content=\"Le s\u00e8che-cheveux Valera Premium 1600 Super offre une puissance de 1600 W, parfait pour un s\u00e9chage rapide et efficace. Dot\u00e9 de 2 vitesses et 3 niveaux de temp\u00e9rature, il s\u2019adapte \u00e0 tous les besoins.\" \/>\n<meta property=\"og:url\" content=\"http:\/\/somo-sam.com\/?product=premium-valera\" \/>\n<meta property=\"og:site_name\" content=\"SOMO S.A.M\" \/>\n<meta property=\"article:modified_time\" content=\"2026-04-10T13:33:05+00:00\" \/>\n<meta property=\"og:image\" content=\"http:\/\/somo-sam.com\/wp-content\/uploads\/2025\/02\/premium-super.png\" \/>\n\t<meta property=\"og:image:width\" content=\"1080\" \/>\n\t<meta property=\"og:image:height\" content=\"1080\" \/>\n\t<meta property=\"og:image:type\" content=\"image\/png\" \/>\n<meta name=\"twitter:card\" content=\"summary_large_image\" \/>\n<meta name=\"twitter:label1\" content=\"Dur\u00e9e de lecture estim\u00e9e\" \/>\n\t<meta name=\"twitter:data1\" content=\"1 minute\" \/>\n<script type=\"application\/ld+json\" class=\"yoast-schema-graph\">{\"@context\":\"https:\/\/schema.org\",\"@graph\":[{\"@type\":\"WebPage\",\"@id\":\"http:\/\/somo-sam.com\/?product=premium-valera\",\"url\":\"http:\/\/somo-sam.com\/?product=premium-valera\",\"name\":\"PREMIUM VALERA - SOMO S.A.M\",\"isPartOf\":{\"@id\":\"http:\/\/somo-sam.com\/#website\"},\"primaryImageOfPage\":{\"@id\":\"http:\/\/somo-sam.com\/?product=premium-valera#primaryimage\"},\"image\":{\"@id\":\"http:\/\/somo-sam.com\/?product=premium-valera#primaryimage\"},\"thumbnailUrl\":\"https:\/\/somo-sam.com\/wp-content\/uploads\/2025\/02\/premium-super.png\",\"datePublished\":\"2021-08-26T14:39:51+00:00\",\"dateModified\":\"2026-04-10T13:33:05+00:00\",\"description\":\"Le s\u00e8che-cheveux Valera Premium 1600 Super offre une puissance de 1600 W, parfait pour un s\u00e9chage rapide et efficace. Dot\u00e9 de 2 vitesses et 3 niveaux de temp\u00e9rature, il s\u2019adapte \u00e0 tous les besoins.\",\"breadcrumb\":{\"@id\":\"http:\/\/somo-sam.com\/?product=premium-valera#breadcrumb\"},\"inLanguage\":\"fr-FR\",\"potentialAction\":[{\"@type\":\"ReadAction\",\"target\":[\"http:\/\/somo-sam.com\/?product=premium-valera\"]}]},{\"@type\":\"ImageObject\",\"inLanguage\":\"fr-FR\",\"@id\":\"http:\/\/somo-sam.com\/?product=premium-valera#primaryimage\",\"url\":\"https:\/\/somo-sam.com\/wp-content\/uploads\/2025\/02\/premium-super.png\",\"contentUrl\":\"https:\/\/somo-sam.com\/wp-content\/uploads\/2025\/02\/premium-super.png\",\"width\":1080,\"height\":1080},{\"@type\":\"BreadcrumbList\",\"@id\":\"http:\/\/somo-sam.com\/?product=premium-valera#breadcrumb\",\"itemListElement\":[{\"@type\":\"ListItem\",\"position\":1,\"name\":\"Accueil\",\"item\":\"http:\/\/somo-sam.com\/\"},{\"@type\":\"ListItem\",\"position\":2,\"name\":\"Shop\",\"item\":\"https:\/\/somo-sam.com\/?page_id=413\"},{\"@type\":\"ListItem\",\"position\":3,\"name\":\"PREMIUM VALERA\"}]},{\"@type\":\"WebSite\",\"@id\":\"http:\/\/somo-sam.com\/#website\",\"url\":\"http:\/\/somo-sam.com\/\",\"name\":\"SOMO S.A.M\",\"description\":\"Votre partenaire en \u00e9quipements h\u00f4teliers et de restauration\",\"potentialAction\":[{\"@type\":\"SearchAction\",\"target\":{\"@type\":\"EntryPoint\",\"urlTemplate\":\"http:\/\/somo-sam.com\/?s={search_term_string}\"},\"query-input\":{\"@type\":\"PropertyValueSpecification\",\"valueRequired\":true,\"valueName\":\"search_term_string\"}}],\"inLanguage\":\"fr-FR\"}]}<\/script>\n<!-- \/ Yoast SEO plugin. -->","yoast_head_json":{"title":"PREMIUM VALERA - SOMO S.A.M","description":"Le s\u00e8che-cheveux Valera Premium 1600 Super offre une puissance de 1600 W, parfait pour un s\u00e9chage rapide et efficace. Dot\u00e9 de 2 vitesses et 3 niveaux de temp\u00e9rature, il s\u2019adapte \u00e0 tous les besoins.","robots":{"index":"index","follow":"follow","max-snippet":"max-snippet:-1","max-image-preview":"max-image-preview:large","max-video-preview":"max-video-preview:-1"},"canonical":"http:\/\/somo-sam.com\/?product=premium-valera","og_locale":"fr_FR","og_type":"article","og_title":"PREMIUM VALERA - SOMO S.A.M","og_description":"Le s\u00e8che-cheveux Valera Premium 1600 Super offre une puissance de 1600 W, parfait pour un s\u00e9chage rapide et efficace. Dot\u00e9 de 2 vitesses et 3 niveaux de temp\u00e9rature, il s\u2019adapte \u00e0 tous les besoins.","og_url":"http:\/\/somo-sam.com\/?product=premium-valera","og_site_name":"SOMO S.A.M","article_modified_time":"2026-04-10T13:33:05+00:00","og_image":[{"width":1080,"height":1080,"url":"http:\/\/somo-sam.com\/wp-content\/uploads\/2025\/02\/premium-super.png","type":"image\/png"}],"twitter_card":"summary_large_image","twitter_misc":{"Dur\u00e9e de lecture estim\u00e9e":"1 minute"},"schema":{"@context":"https:\/\/schema.org","@graph":[{"@type":"WebPage","@id":"http:\/\/somo-sam.com\/?product=premium-valera","url":"http:\/\/somo-sam.com\/?product=premium-valera","name":"PREMIUM VALERA - SOMO S.A.M","isPartOf":{"@id":"http:\/\/somo-sam.com\/#website"},"primaryImageOfPage":{"@id":"http:\/\/somo-sam.com\/?product=premium-valera#primaryimage"},"image":{"@id":"http:\/\/somo-sam.com\/?product=premium-valera#primaryimage"},"thumbnailUrl":"https:\/\/somo-sam.com\/wp-content\/uploads\/2025\/02\/premium-super.png","datePublished":"2021-08-26T14:39:51+00:00","dateModified":"2026-04-10T13:33:05+00:00","description":"Le s\u00e8che-cheveux Valera Premium 1600 Super offre une puissance de 1600 W, parfait pour un s\u00e9chage rapide et efficace. Dot\u00e9 de 2 vitesses et 3 niveaux de temp\u00e9rature, il s\u2019adapte \u00e0 tous les besoins.","breadcrumb":{"@id":"http:\/\/somo-sam.com\/?product=premium-valera#breadcrumb"},"inLanguage":"fr-FR","potentialAction":[{"@type":"ReadAction","target":["http:\/\/somo-sam.com\/?product=premium-valera"]}]},{"@type":"ImageObject","inLanguage":"fr-FR","@id":"http:\/\/somo-sam.com\/?product=premium-valera#primaryimage","url":"https:\/\/somo-sam.com\/wp-content\/uploads\/2025\/02\/premium-super.png","contentUrl":"https:\/\/somo-sam.com\/wp-content\/uploads\/2025\/02\/premium-super.png","width":1080,"height":1080},{"@type":"BreadcrumbList","@id":"http:\/\/somo-sam.com\/?product=premium-valera#breadcrumb","itemListElement":[{"@type":"ListItem","position":1,"name":"Accueil","item":"http:\/\/somo-sam.com\/"},{"@type":"ListItem","position":2,"name":"Shop","item":"https:\/\/somo-sam.com\/?page_id=413"},{"@type":"ListItem","position":3,"name":"PREMIUM VALERA"}]},{"@type":"WebSite","@id":"http:\/\/somo-sam.com\/#website","url":"http:\/\/somo-sam.com\/","name":"SOMO S.A.M","description":"Votre partenaire en \u00e9quipements h\u00f4teliers et de restauration","potentialAction":[{"@type":"SearchAction","target":{"@type":"EntryPoint","urlTemplate":"http:\/\/somo-sam.com\/?s={search_term_string}"},"query-input":{"@type":"PropertyValueSpecification","valueRequired":true,"valueName":"search_term_string"}}],"inLanguage":"fr-FR"}]}},"_links":{"self":[{"href":"https:\/\/somo-sam.com\/index.php?rest_route=\/wp\/v2\/product\/232","targetHints":{"allow":["GET"]}}],"collection":[{"href":"https:\/\/somo-sam.com\/index.php?rest_route=\/wp\/v2\/product"}],"about":[{"href":"https:\/\/somo-sam.com\/index.php?rest_route=\/wp\/v2\/types\/product"}],"version-history":[{"count":9,"href":"https:\/\/somo-sam.com\/index.php?rest_route=\/wp\/v2\/product\/232\/revisions"}],"predecessor-version":[{"id":32248,"href":"https:\/\/somo-sam.com\/index.php?rest_route=\/wp\/v2\/product\/232\/revisions\/32248"}],"wp:featuredmedia":[{"embeddable":true,"href":"https:\/\/somo-sam.com\/index.php?rest_route=\/wp\/v2\/media\/28887"}],"wp:attachment":[{"href":"https:\/\/somo-sam.com\/index.php?rest_route=%2Fwp%2Fv2%2Fmedia&parent=232"}],"wp:term":[{"taxonomy":"product_brand","embeddable":true,"href":"https:\/\/somo-sam.com\/index.php?rest_route=%2Fwp%2Fv2%2Fproduct_brand&post=232"},{"taxonomy":"product_cat","embeddable":true,"href":"https:\/\/somo-sam.com\/index.php?rest_route=%2Fwp%2Fv2%2Fproduct_cat&post=232"},{"taxonomy":"product_tag","embeddable":true,"href":"https:\/\/somo-sam.com\/index.php?rest_route=%2Fwp%2Fv2%2Fproduct_tag&post=232"}],"curies":[{"name":"wp","href":"https:\/\/api.w.org\/{rel}","templated":true}]}}