{"id":28807,"date":"2025-02-18T17:04:24","date_gmt":"2025-02-18T16:04:24","guid":{"rendered":"https:\/\/somo-sam.com\/?post_type=product&#038;p=28807"},"modified":"2026-04-10T13:25:57","modified_gmt":"2026-04-10T11:25:57","slug":"valera-hotello-bldc-black","status":"publish","type":"product","link":"https:\/\/somo-sam.com\/?product=valera-hotello-bldc-black","title":{"rendered":"HOTELLO BLDC 1500W VALERA"},"content":{"rendered":"<p data-start=\"141\" data-end=\"551\">Le <strong data-start=\"144\" data-end=\"167\">Valera Hotello BLDC<\/strong> est un <strong data-start=\"175\" data-end=\"198\">s\u00e8che-cheveux mural<\/strong> innovant, con\u00e7u pour offrir une <strong data-start=\"231\" data-end=\"264\">puissance de s\u00e9chage optimale<\/strong> tout en garantissant une <strong data-start=\"290\" data-end=\"319\">durabilit\u00e9 exceptionnelle<\/strong>. Gr\u00e2ce \u00e0 son <strong data-start=\"333\" data-end=\"380\">moteur BLDC sans balais Enduro &#8220;Heavy Duty&#8221;<\/strong>, il offre une <strong data-start=\"395\" data-end=\"426\">long\u00e9vit\u00e9 5 fois sup\u00e9rieure<\/strong> aux moteurs classiques et ne produit <strong data-start=\"464\" data-end=\"507\">aucune \u00e9mission de poussi\u00e8re de charbon<\/strong>, rendant son utilisation plus \u00e9cologique.<\/p>\n<h3 data-start=\"553\" data-end=\"593\"><strong data-start=\"557\" data-end=\"591\">Caract\u00e9ristiques principales :<\/strong><\/h3>\n<ul>\n<li data-start=\"594\" data-end=\"1362\"><strong data-start=\"596\" data-end=\"619\">Flux d&#8217;air puissant<\/strong> pour un s\u00e9chage rapide et un coiffage efficace<\/li>\n<li data-start=\"594\" data-end=\"1362\"><strong data-start=\"672\" data-end=\"706\">Moteur BLDC Enduro sans balais<\/strong> \u2013 jusqu&#8217;\u00e0 <strong data-start=\"717\" data-end=\"734\">10 000 heures<\/strong> de fonctionnement.<\/li>\n<li data-start=\"594\" data-end=\"1362\"><strong data-start=\"758\" data-end=\"781\">\u00a0Technologie ionique<\/strong> pour des cheveux brillants et sans frisottis.<\/li>\n<li data-start=\"594\" data-end=\"1362\"><strong data-start=\"832\" data-end=\"862\">Mise en marche automatique<\/strong> d\u00e8s le retrait de la poign\u00e9e.<\/li>\n<li data-start=\"594\" data-end=\"1362\"><strong data-start=\"897\" data-end=\"935\">Minuterie de s\u00e9curit\u00e9 de 8 minutes<\/strong> pour \u00e9viter toute surchauffe.<\/li>\n<li data-start=\"594\" data-end=\"1362\"><strong data-start=\"970\" data-end=\"1001\">Poign\u00e9e rotative cool-touch<\/strong> pour une prise en main confortable.<\/li>\n<li data-start=\"594\" data-end=\"1362\"><strong data-start=\"1042\" data-end=\"1068\">Montage mural pratique<\/strong> sans avoir \u00e0 ouvrir l&#8217;appareil (<strong data-start=\"1101\" data-end=\"1130\">vis et chevilles incluses<\/strong>).<\/li>\n<li data-start=\"594\" data-end=\"1362\"><strong data-start=\"1137\" data-end=\"1169\">Deux options de raccordement<\/strong> : <strong data-start=\"1172\" data-end=\"1213\">raccordement fixe ou direct par fiche<\/strong>.<\/li>\n<li data-start=\"594\" data-end=\"1362\"><strong data-start=\"1219\" data-end=\"1238\">Protection IP34<\/strong> contre l&#8217;humidit\u00e9 et les \u00e9claboussures.<\/li>\n<li data-start=\"594\" data-end=\"1362\"><strong data-start=\"1283\" data-end=\"1320\">\u00c9l\u00e9ment chauffant \u00e0 onde Security<\/strong> pour une chaleur uniforme et s\u00e9curis\u00e9e.<\/li>\n<li data-start=\"594\" data-end=\"1362\"><strong>2 couleurs<\/strong> : Noir ou blanc<\/li>\n<\/ul>\n<h3 data-start=\"1364\" data-end=\"1428\"><strong data-start=\"1368\" data-end=\"1426\">Moteur Enduro Brushless BLDC \u2013 Puissance et Durabilit\u00e9<\/strong><\/h3>\n<p data-start=\"1429\" data-end=\"1824\">Le moteur <strong data-start=\"1439\" data-end=\"1464\">Enduro Brushless BLDC<\/strong> est con\u00e7u pour une <strong data-start=\"1484\" data-end=\"1507\">performance extr\u00eame<\/strong>, atteignant jusqu&#8217;\u00e0 <strong data-start=\"1528\" data-end=\"1563\">10 000 heures de fonctionnement<\/strong>, soit <strong data-start=\"1570\" data-end=\"1585\">5 fois plus<\/strong> que les moteurs traditionnels. Il est \u00e9galement plus <strong data-start=\"1639\" data-end=\"1648\">l\u00e9ger<\/strong>, <strong data-start=\"1650\" data-end=\"1664\">\u00e9cologique<\/strong>, et <strong data-start=\"1669\" data-end=\"1683\">silencieux<\/strong>. Contrairement aux moteurs \u00e0 balais classiques, il ne produit <strong data-start=\"1746\" data-end=\"1777\">aucune poussi\u00e8re de charbon<\/strong>, r\u00e9duisant ainsi son impact environnemental.<\/p>\n<p data-start=\"2108\" data-end=\"2486\">\n","protected":false},"excerpt":{"rendered":"<h3>HOTELLO BLDC 1500W VALERA<\/h3>\n","protected":false},"featured_media":28677,"template":"","meta":{"_acf_changed":false,"_monsterinsights_skip_tracking":false,"_monsterinsights_sitenote_active":false,"_monsterinsights_sitenote_note":"","_monsterinsights_sitenote_category":0},"product_brand":[279],"product_cat":[252,247,127],"product_tag":[],"class_list":{"0":"post-28807","1":"product","2":"type-product","3":"status-publish","4":"has-post-thumbnail","6":"product_brand-valera","7":"product_cat-hotellerie","8":"product_cat-salle-de-bains","9":"product_cat-seche-cheveux-muraux","11":"first","12":"instock","13":"taxable","14":"shipping-taxable","15":"purchasable","16":"product-type-variable","17":"add-to-wishlist-after_add_to_cart"},"acf":[],"yoast_head":"<!-- This site is optimized with the Yoast SEO plugin v23.6 - https:\/\/yoast.com\/wordpress\/plugins\/seo\/ -->\n<title>HOTELLO BLDC 1500W VALERA - SOMO S.A.M<\/title>\n<meta name=\"description\" content=\"Valera Hotello BLDC \u2013 S\u00e8che-cheveux mural 1500 W avec moteur BLDC ultra-durable (10 000 h), flux d&#039;air puissant et technologie ionique. Id\u00e9al pour h\u00f4tels et espaces priv\u00e9s.\" \/>\n<meta name=\"robots\" content=\"index, follow, max-snippet:-1, max-image-preview:large, max-video-preview:-1\" \/>\n<link rel=\"canonical\" href=\"https:\/\/somo-sam.com\/?product=valera-hotello-bldc-black\" \/>\n<meta property=\"og:locale\" content=\"fr_FR\" \/>\n<meta property=\"og:type\" content=\"article\" \/>\n<meta property=\"og:title\" content=\"HOTELLO BLDC 1500W VALERA - SOMO S.A.M\" \/>\n<meta property=\"og:description\" content=\"Valera Hotello BLDC \u2013 S\u00e8che-cheveux mural 1500 W avec moteur BLDC ultra-durable (10 000 h), flux d&#039;air puissant et technologie ionique. Id\u00e9al pour h\u00f4tels et espaces priv\u00e9s.\" \/>\n<meta property=\"og:url\" content=\"https:\/\/somo-sam.com\/?product=valera-hotello-bldc-black\" \/>\n<meta property=\"og:site_name\" content=\"SOMO S.A.M\" \/>\n<meta property=\"article:modified_time\" content=\"2026-04-10T11:25:57+00:00\" \/>\n<meta property=\"og:image\" content=\"https:\/\/somo-sam.com\/wp-content\/uploads\/2021\/08\/hotello.png\" \/>\n\t<meta property=\"og:image:width\" content=\"1080\" \/>\n\t<meta property=\"og:image:height\" content=\"1080\" \/>\n\t<meta property=\"og:image:type\" content=\"image\/png\" \/>\n<meta name=\"twitter:card\" content=\"summary_large_image\" \/>\n<meta name=\"twitter:label1\" content=\"Dur\u00e9e de lecture estim\u00e9e\" \/>\n\t<meta name=\"twitter:data1\" content=\"2 minutes\" \/>\n<script type=\"application\/ld+json\" class=\"yoast-schema-graph\">{\"@context\":\"https:\/\/schema.org\",\"@graph\":[{\"@type\":\"WebPage\",\"@id\":\"https:\/\/somo-sam.com\/?product=valera-hotello-bldc-black\",\"url\":\"https:\/\/somo-sam.com\/?product=valera-hotello-bldc-black\",\"name\":\"HOTELLO BLDC 1500W VALERA - SOMO S.A.M\",\"isPartOf\":{\"@id\":\"http:\/\/somo-sam.com\/#website\"},\"primaryImageOfPage\":{\"@id\":\"https:\/\/somo-sam.com\/?product=valera-hotello-bldc-black#primaryimage\"},\"image\":{\"@id\":\"https:\/\/somo-sam.com\/?product=valera-hotello-bldc-black#primaryimage\"},\"thumbnailUrl\":\"https:\/\/somo-sam.com\/wp-content\/uploads\/2021\/08\/hotello.png\",\"datePublished\":\"2025-02-18T16:04:24+00:00\",\"dateModified\":\"2026-04-10T11:25:57+00:00\",\"description\":\"Valera Hotello BLDC \u2013 S\u00e8che-cheveux mural 1500 W avec moteur BLDC ultra-durable (10 000 h), flux d'air puissant et technologie ionique. Id\u00e9al pour h\u00f4tels et espaces priv\u00e9s.\",\"breadcrumb\":{\"@id\":\"https:\/\/somo-sam.com\/?product=valera-hotello-bldc-black#breadcrumb\"},\"inLanguage\":\"fr-FR\",\"potentialAction\":[{\"@type\":\"ReadAction\",\"target\":[\"https:\/\/somo-sam.com\/?product=valera-hotello-bldc-black\"]}]},{\"@type\":\"ImageObject\",\"inLanguage\":\"fr-FR\",\"@id\":\"https:\/\/somo-sam.com\/?product=valera-hotello-bldc-black#primaryimage\",\"url\":\"https:\/\/somo-sam.com\/wp-content\/uploads\/2021\/08\/hotello.png\",\"contentUrl\":\"https:\/\/somo-sam.com\/wp-content\/uploads\/2021\/08\/hotello.png\",\"width\":1080,\"height\":1080},{\"@type\":\"BreadcrumbList\",\"@id\":\"https:\/\/somo-sam.com\/?product=valera-hotello-bldc-black#breadcrumb\",\"itemListElement\":[{\"@type\":\"ListItem\",\"position\":1,\"name\":\"Accueil\",\"item\":\"http:\/\/somo-sam.com\/\"},{\"@type\":\"ListItem\",\"position\":2,\"name\":\"Shop\",\"item\":\"https:\/\/somo-sam.com\/?page_id=413\"},{\"@type\":\"ListItem\",\"position\":3,\"name\":\"HOTELLO BLDC 1500W VALERA\"}]},{\"@type\":\"WebSite\",\"@id\":\"http:\/\/somo-sam.com\/#website\",\"url\":\"http:\/\/somo-sam.com\/\",\"name\":\"SOMO S.A.M\",\"description\":\"Votre partenaire en \u00e9quipements h\u00f4teliers et de restauration\",\"potentialAction\":[{\"@type\":\"SearchAction\",\"target\":{\"@type\":\"EntryPoint\",\"urlTemplate\":\"http:\/\/somo-sam.com\/?s={search_term_string}\"},\"query-input\":{\"@type\":\"PropertyValueSpecification\",\"valueRequired\":true,\"valueName\":\"search_term_string\"}}],\"inLanguage\":\"fr-FR\"}]}<\/script>\n<!-- \/ Yoast SEO plugin. -->","yoast_head_json":{"title":"HOTELLO BLDC 1500W VALERA - SOMO S.A.M","description":"Valera Hotello BLDC \u2013 S\u00e8che-cheveux mural 1500 W avec moteur BLDC ultra-durable (10 000 h), flux d'air puissant et technologie ionique. Id\u00e9al pour h\u00f4tels et espaces priv\u00e9s.","robots":{"index":"index","follow":"follow","max-snippet":"max-snippet:-1","max-image-preview":"max-image-preview:large","max-video-preview":"max-video-preview:-1"},"canonical":"https:\/\/somo-sam.com\/?product=valera-hotello-bldc-black","og_locale":"fr_FR","og_type":"article","og_title":"HOTELLO BLDC 1500W VALERA - SOMO S.A.M","og_description":"Valera Hotello BLDC \u2013 S\u00e8che-cheveux mural 1500 W avec moteur BLDC ultra-durable (10 000 h), flux d'air puissant et technologie ionique. Id\u00e9al pour h\u00f4tels et espaces priv\u00e9s.","og_url":"https:\/\/somo-sam.com\/?product=valera-hotello-bldc-black","og_site_name":"SOMO S.A.M","article_modified_time":"2026-04-10T11:25:57+00:00","og_image":[{"width":1080,"height":1080,"url":"https:\/\/somo-sam.com\/wp-content\/uploads\/2021\/08\/hotello.png","type":"image\/png"}],"twitter_card":"summary_large_image","twitter_misc":{"Dur\u00e9e de lecture estim\u00e9e":"2 minutes"},"schema":{"@context":"https:\/\/schema.org","@graph":[{"@type":"WebPage","@id":"https:\/\/somo-sam.com\/?product=valera-hotello-bldc-black","url":"https:\/\/somo-sam.com\/?product=valera-hotello-bldc-black","name":"HOTELLO BLDC 1500W VALERA - SOMO S.A.M","isPartOf":{"@id":"http:\/\/somo-sam.com\/#website"},"primaryImageOfPage":{"@id":"https:\/\/somo-sam.com\/?product=valera-hotello-bldc-black#primaryimage"},"image":{"@id":"https:\/\/somo-sam.com\/?product=valera-hotello-bldc-black#primaryimage"},"thumbnailUrl":"https:\/\/somo-sam.com\/wp-content\/uploads\/2021\/08\/hotello.png","datePublished":"2025-02-18T16:04:24+00:00","dateModified":"2026-04-10T11:25:57+00:00","description":"Valera Hotello BLDC \u2013 S\u00e8che-cheveux mural 1500 W avec moteur BLDC ultra-durable (10 000 h), flux d'air puissant et technologie ionique. Id\u00e9al pour h\u00f4tels et espaces priv\u00e9s.","breadcrumb":{"@id":"https:\/\/somo-sam.com\/?product=valera-hotello-bldc-black#breadcrumb"},"inLanguage":"fr-FR","potentialAction":[{"@type":"ReadAction","target":["https:\/\/somo-sam.com\/?product=valera-hotello-bldc-black"]}]},{"@type":"ImageObject","inLanguage":"fr-FR","@id":"https:\/\/somo-sam.com\/?product=valera-hotello-bldc-black#primaryimage","url":"https:\/\/somo-sam.com\/wp-content\/uploads\/2021\/08\/hotello.png","contentUrl":"https:\/\/somo-sam.com\/wp-content\/uploads\/2021\/08\/hotello.png","width":1080,"height":1080},{"@type":"BreadcrumbList","@id":"https:\/\/somo-sam.com\/?product=valera-hotello-bldc-black#breadcrumb","itemListElement":[{"@type":"ListItem","position":1,"name":"Accueil","item":"http:\/\/somo-sam.com\/"},{"@type":"ListItem","position":2,"name":"Shop","item":"https:\/\/somo-sam.com\/?page_id=413"},{"@type":"ListItem","position":3,"name":"HOTELLO BLDC 1500W VALERA"}]},{"@type":"WebSite","@id":"http:\/\/somo-sam.com\/#website","url":"http:\/\/somo-sam.com\/","name":"SOMO S.A.M","description":"Votre partenaire en \u00e9quipements h\u00f4teliers et de restauration","potentialAction":[{"@type":"SearchAction","target":{"@type":"EntryPoint","urlTemplate":"http:\/\/somo-sam.com\/?s={search_term_string}"},"query-input":{"@type":"PropertyValueSpecification","valueRequired":true,"valueName":"search_term_string"}}],"inLanguage":"fr-FR"}]}},"_links":{"self":[{"href":"https:\/\/somo-sam.com\/index.php?rest_route=\/wp\/v2\/product\/28807","targetHints":{"allow":["GET"]}}],"collection":[{"href":"https:\/\/somo-sam.com\/index.php?rest_route=\/wp\/v2\/product"}],"about":[{"href":"https:\/\/somo-sam.com\/index.php?rest_route=\/wp\/v2\/types\/product"}],"version-history":[{"count":5,"href":"https:\/\/somo-sam.com\/index.php?rest_route=\/wp\/v2\/product\/28807\/revisions"}],"predecessor-version":[{"id":32224,"href":"https:\/\/somo-sam.com\/index.php?rest_route=\/wp\/v2\/product\/28807\/revisions\/32224"}],"wp:featuredmedia":[{"embeddable":true,"href":"https:\/\/somo-sam.com\/index.php?rest_route=\/wp\/v2\/media\/28677"}],"wp:attachment":[{"href":"https:\/\/somo-sam.com\/index.php?rest_route=%2Fwp%2Fv2%2Fmedia&parent=28807"}],"wp:term":[{"taxonomy":"product_brand","embeddable":true,"href":"https:\/\/somo-sam.com\/index.php?rest_route=%2Fwp%2Fv2%2Fproduct_brand&post=28807"},{"taxonomy":"product_cat","embeddable":true,"href":"https:\/\/somo-sam.com\/index.php?rest_route=%2Fwp%2Fv2%2Fproduct_cat&post=28807"},{"taxonomy":"product_tag","embeddable":true,"href":"https:\/\/somo-sam.com\/index.php?rest_route=%2Fwp%2Fv2%2Fproduct_tag&post=28807"}],"curies":[{"name":"wp","href":"https:\/\/api.w.org\/{rel}","templated":true}]}}