{"id":28809,"date":"2025-02-18T17:16:14","date_gmt":"2025-02-18T16:16:14","guid":{"rendered":"https:\/\/somo-sam.com\/?post_type=product&#038;p=28809"},"modified":"2026-04-10T13:12:23","modified_gmt":"2026-04-10T11:12:23","slug":"valera-hotello-super-ac-shaver-black","status":"publish","type":"product","link":"https:\/\/somo-sam.com\/?product=valera-hotello-super-ac-shaver-black","title":{"rendered":"HOTELLO Super AC 1400W prise rasoir VALERA"},"content":{"rendered":"<p data-start=\"70\" data-end=\"532\">Le <strong data-start=\"73\" data-end=\"113\">Valera Hotello Super AC Shaver<\/strong>\u00a0est un <strong data-start=\"121\" data-end=\"164\">s\u00e8che-cheveux mural compact et puissant<\/strong>, id\u00e9al pour une utilisation dans les <strong data-start=\"202\" data-end=\"275\">h\u00f4tels, maisons d&#8217;h\u00f4tes, salles de bains priv\u00e9es et cabines de bateau<\/strong>. Con\u00e7u pour offrir une <strong data-start=\"299\" data-end=\"349\">exp\u00e9rience de s\u00e9chage performante et s\u00e9curis\u00e9e<\/strong>, il est \u00e9quip\u00e9 d&#8217;un <strong data-start=\"370\" data-end=\"412\">moteur collecteur \u00e0 courant alternatif<\/strong>, d\u2019un <strong data-start=\"419\" data-end=\"456\">\u00e9l\u00e9ment chauffant \u00e0 onde Security<\/strong>, et d\u2019une <strong data-start=\"467\" data-end=\"492\">prise rasoir int\u00e9gr\u00e9e<\/strong>, garantissant confort et polyvalence.<\/p>\n<h3 data-start=\"534\" data-end=\"574\"><strong data-start=\"538\" data-end=\"572\">Caract\u00e9ristiques principales :<\/strong><\/h3>\n<ul data-start=\"575\" data-end=\"1298\">\n<li data-start=\"575\" data-end=\"640\">Flux d&#8217;air puissant gr\u00e2ce \u00e0 un nouveau groupe de ventilation.<\/li>\n<li data-start=\"641\" data-end=\"701\">Mise en marche automatique d\u00e8s le retrait de la poign\u00e9e.<\/li>\n<li data-start=\"702\" data-end=\"770\">Minuterie de s\u00e9curit\u00e9 de 8 minutes pour \u00e9viter toute surchauffe.<\/li>\n<li data-start=\"771\" data-end=\"841\">Poign\u00e9e rotative cool-touch pour un confort d&#8217;utilisation optimal.<\/li>\n<li data-start=\"842\" data-end=\"927\">Montage mural facile sans besoin d&#8217;ouvrir l&#8217;appareil (vis et chevilles incluses).<\/li>\n<li data-start=\"928\" data-end=\"993\">Prise rasoir int\u00e9gr\u00e9e compatible avec 110-120 V et 220-240 V.<\/li>\n<li data-start=\"994\" data-end=\"1067\">Deux options de raccordement : raccordement fixe ou direct par fiche.<\/li>\n<li data-start=\"1068\" data-end=\"1127\">Protection IP34 contre l&#8217;humidit\u00e9 et les \u00e9claboussures.<\/li>\n<li data-start=\"1128\" data-end=\"1205\">\u00c9l\u00e9ment chauffant \u00e0 onde Security pour une chaleur uniforme et s\u00e9curis\u00e9e.<\/li>\n<li data-start=\"1206\" data-end=\"1298\">Moteur collecteur \u00e0 courant alternatif garantissant une performance fiable et constante.<\/li>\n<li data-start=\"1206\" data-end=\"1298\">2 couleurs : Noir ou blanc<\/li>\n<\/ul>\n","protected":false},"excerpt":{"rendered":"<h3 data-start=\"1300\" data-end=\"1344\">HOTELLO Super AC 1400W prise rasoir VALERA<\/h3>\n","protected":false},"featured_media":28788,"template":"","meta":{"_acf_changed":false,"_monsterinsights_skip_tracking":false,"_monsterinsights_sitenote_active":false,"_monsterinsights_sitenote_note":"","_monsterinsights_sitenote_category":0},"product_brand":[279],"product_cat":[252,247,127],"product_tag":[],"class_list":{"0":"post-28809","1":"product","2":"type-product","3":"status-publish","4":"has-post-thumbnail","6":"product_brand-valera","7":"product_cat-hotellerie","8":"product_cat-salle-de-bains","9":"product_cat-seche-cheveux-muraux","11":"first","12":"instock","13":"taxable","14":"shipping-taxable","15":"purchasable","16":"product-type-variable","17":"add-to-wishlist-after_add_to_cart"},"acf":[],"yoast_head":"<!-- This site is optimized with the Yoast SEO plugin v23.6 - https:\/\/yoast.com\/wordpress\/plugins\/seo\/ -->\n<title>HOTELLO Super AC 1400W prise rasoir VALERA - SOMO S.A.M<\/title>\n<meta name=\"description\" content=\"Valera Hotello Super AC Shaver \u2013 S\u00e8che-cheveux mural 1400 W avec prise rasoir int\u00e9gr\u00e9e, moteur AC puissant et s\u00e9curit\u00e9 IP34. Id\u00e9al pour h\u00f4tels .\" \/>\n<meta name=\"robots\" content=\"index, follow, max-snippet:-1, max-image-preview:large, max-video-preview:-1\" \/>\n<link rel=\"canonical\" href=\"https:\/\/somo-sam.com\/?product=valera-hotello-super-ac-shaver-black\" \/>\n<meta property=\"og:locale\" content=\"fr_FR\" \/>\n<meta property=\"og:type\" content=\"article\" \/>\n<meta property=\"og:title\" content=\"HOTELLO Super AC 1400W prise rasoir VALERA - SOMO S.A.M\" \/>\n<meta property=\"og:description\" content=\"Valera Hotello Super AC Shaver \u2013 S\u00e8che-cheveux mural 1400 W avec prise rasoir int\u00e9gr\u00e9e, moteur AC puissant et s\u00e9curit\u00e9 IP34. Id\u00e9al pour h\u00f4tels .\" \/>\n<meta property=\"og:url\" content=\"https:\/\/somo-sam.com\/?product=valera-hotello-super-ac-shaver-black\" \/>\n<meta property=\"og:site_name\" content=\"SOMO S.A.M\" \/>\n<meta property=\"article:modified_time\" content=\"2026-04-10T11:12:23+00:00\" \/>\n<meta property=\"og:image\" content=\"https:\/\/somo-sam.com\/wp-content\/uploads\/2025\/02\/Valera-Hotello-Super-AC-Shaver-avec-prise-rasoir-2.png\" \/>\n\t<meta property=\"og:image:width\" content=\"1080\" \/>\n\t<meta property=\"og:image:height\" content=\"1080\" \/>\n\t<meta property=\"og:image:type\" content=\"image\/png\" \/>\n<meta name=\"twitter:card\" content=\"summary_large_image\" \/>\n<meta name=\"twitter:label1\" content=\"Dur\u00e9e de lecture estim\u00e9e\" \/>\n\t<meta name=\"twitter:data1\" content=\"2 minutes\" \/>\n<script type=\"application\/ld+json\" class=\"yoast-schema-graph\">{\"@context\":\"https:\/\/schema.org\",\"@graph\":[{\"@type\":\"WebPage\",\"@id\":\"https:\/\/somo-sam.com\/?product=valera-hotello-super-ac-shaver-black\",\"url\":\"https:\/\/somo-sam.com\/?product=valera-hotello-super-ac-shaver-black\",\"name\":\"HOTELLO Super AC 1400W prise rasoir VALERA - SOMO S.A.M\",\"isPartOf\":{\"@id\":\"http:\/\/somo-sam.com\/#website\"},\"primaryImageOfPage\":{\"@id\":\"https:\/\/somo-sam.com\/?product=valera-hotello-super-ac-shaver-black#primaryimage\"},\"image\":{\"@id\":\"https:\/\/somo-sam.com\/?product=valera-hotello-super-ac-shaver-black#primaryimage\"},\"thumbnailUrl\":\"https:\/\/somo-sam.com\/wp-content\/uploads\/2025\/02\/Valera-Hotello-Super-AC-Shaver-avec-prise-rasoir-2.png\",\"datePublished\":\"2025-02-18T16:16:14+00:00\",\"dateModified\":\"2026-04-10T11:12:23+00:00\",\"description\":\"Valera Hotello Super AC Shaver \u2013 S\u00e8che-cheveux mural 1400 W avec prise rasoir int\u00e9gr\u00e9e, moteur AC puissant et s\u00e9curit\u00e9 IP34. Id\u00e9al pour h\u00f4tels .\",\"breadcrumb\":{\"@id\":\"https:\/\/somo-sam.com\/?product=valera-hotello-super-ac-shaver-black#breadcrumb\"},\"inLanguage\":\"fr-FR\",\"potentialAction\":[{\"@type\":\"ReadAction\",\"target\":[\"https:\/\/somo-sam.com\/?product=valera-hotello-super-ac-shaver-black\"]}]},{\"@type\":\"ImageObject\",\"inLanguage\":\"fr-FR\",\"@id\":\"https:\/\/somo-sam.com\/?product=valera-hotello-super-ac-shaver-black#primaryimage\",\"url\":\"https:\/\/somo-sam.com\/wp-content\/uploads\/2025\/02\/Valera-Hotello-Super-AC-Shaver-avec-prise-rasoir-2.png\",\"contentUrl\":\"https:\/\/somo-sam.com\/wp-content\/uploads\/2025\/02\/Valera-Hotello-Super-AC-Shaver-avec-prise-rasoir-2.png\",\"width\":1080,\"height\":1080},{\"@type\":\"BreadcrumbList\",\"@id\":\"https:\/\/somo-sam.com\/?product=valera-hotello-super-ac-shaver-black#breadcrumb\",\"itemListElement\":[{\"@type\":\"ListItem\",\"position\":1,\"name\":\"Accueil\",\"item\":\"http:\/\/somo-sam.com\/\"},{\"@type\":\"ListItem\",\"position\":2,\"name\":\"Shop\",\"item\":\"https:\/\/somo-sam.com\/?page_id=413\"},{\"@type\":\"ListItem\",\"position\":3,\"name\":\"HOTELLO Super AC 1400W prise rasoir VALERA\"}]},{\"@type\":\"WebSite\",\"@id\":\"http:\/\/somo-sam.com\/#website\",\"url\":\"http:\/\/somo-sam.com\/\",\"name\":\"SOMO S.A.M\",\"description\":\"Votre partenaire en \u00e9quipements h\u00f4teliers et de restauration\",\"potentialAction\":[{\"@type\":\"SearchAction\",\"target\":{\"@type\":\"EntryPoint\",\"urlTemplate\":\"http:\/\/somo-sam.com\/?s={search_term_string}\"},\"query-input\":{\"@type\":\"PropertyValueSpecification\",\"valueRequired\":true,\"valueName\":\"search_term_string\"}}],\"inLanguage\":\"fr-FR\"}]}<\/script>\n<!-- \/ Yoast SEO plugin. -->","yoast_head_json":{"title":"HOTELLO Super AC 1400W prise rasoir VALERA - SOMO S.A.M","description":"Valera Hotello Super AC Shaver \u2013 S\u00e8che-cheveux mural 1400 W avec prise rasoir int\u00e9gr\u00e9e, moteur AC puissant et s\u00e9curit\u00e9 IP34. Id\u00e9al pour h\u00f4tels .","robots":{"index":"index","follow":"follow","max-snippet":"max-snippet:-1","max-image-preview":"max-image-preview:large","max-video-preview":"max-video-preview:-1"},"canonical":"https:\/\/somo-sam.com\/?product=valera-hotello-super-ac-shaver-black","og_locale":"fr_FR","og_type":"article","og_title":"HOTELLO Super AC 1400W prise rasoir VALERA - SOMO S.A.M","og_description":"Valera Hotello Super AC Shaver \u2013 S\u00e8che-cheveux mural 1400 W avec prise rasoir int\u00e9gr\u00e9e, moteur AC puissant et s\u00e9curit\u00e9 IP34. Id\u00e9al pour h\u00f4tels .","og_url":"https:\/\/somo-sam.com\/?product=valera-hotello-super-ac-shaver-black","og_site_name":"SOMO S.A.M","article_modified_time":"2026-04-10T11:12:23+00:00","og_image":[{"width":1080,"height":1080,"url":"https:\/\/somo-sam.com\/wp-content\/uploads\/2025\/02\/Valera-Hotello-Super-AC-Shaver-avec-prise-rasoir-2.png","type":"image\/png"}],"twitter_card":"summary_large_image","twitter_misc":{"Dur\u00e9e de lecture estim\u00e9e":"2 minutes"},"schema":{"@context":"https:\/\/schema.org","@graph":[{"@type":"WebPage","@id":"https:\/\/somo-sam.com\/?product=valera-hotello-super-ac-shaver-black","url":"https:\/\/somo-sam.com\/?product=valera-hotello-super-ac-shaver-black","name":"HOTELLO Super AC 1400W prise rasoir VALERA - SOMO S.A.M","isPartOf":{"@id":"http:\/\/somo-sam.com\/#website"},"primaryImageOfPage":{"@id":"https:\/\/somo-sam.com\/?product=valera-hotello-super-ac-shaver-black#primaryimage"},"image":{"@id":"https:\/\/somo-sam.com\/?product=valera-hotello-super-ac-shaver-black#primaryimage"},"thumbnailUrl":"https:\/\/somo-sam.com\/wp-content\/uploads\/2025\/02\/Valera-Hotello-Super-AC-Shaver-avec-prise-rasoir-2.png","datePublished":"2025-02-18T16:16:14+00:00","dateModified":"2026-04-10T11:12:23+00:00","description":"Valera Hotello Super AC Shaver \u2013 S\u00e8che-cheveux mural 1400 W avec prise rasoir int\u00e9gr\u00e9e, moteur AC puissant et s\u00e9curit\u00e9 IP34. Id\u00e9al pour h\u00f4tels .","breadcrumb":{"@id":"https:\/\/somo-sam.com\/?product=valera-hotello-super-ac-shaver-black#breadcrumb"},"inLanguage":"fr-FR","potentialAction":[{"@type":"ReadAction","target":["https:\/\/somo-sam.com\/?product=valera-hotello-super-ac-shaver-black"]}]},{"@type":"ImageObject","inLanguage":"fr-FR","@id":"https:\/\/somo-sam.com\/?product=valera-hotello-super-ac-shaver-black#primaryimage","url":"https:\/\/somo-sam.com\/wp-content\/uploads\/2025\/02\/Valera-Hotello-Super-AC-Shaver-avec-prise-rasoir-2.png","contentUrl":"https:\/\/somo-sam.com\/wp-content\/uploads\/2025\/02\/Valera-Hotello-Super-AC-Shaver-avec-prise-rasoir-2.png","width":1080,"height":1080},{"@type":"BreadcrumbList","@id":"https:\/\/somo-sam.com\/?product=valera-hotello-super-ac-shaver-black#breadcrumb","itemListElement":[{"@type":"ListItem","position":1,"name":"Accueil","item":"http:\/\/somo-sam.com\/"},{"@type":"ListItem","position":2,"name":"Shop","item":"https:\/\/somo-sam.com\/?page_id=413"},{"@type":"ListItem","position":3,"name":"HOTELLO Super AC 1400W prise rasoir VALERA"}]},{"@type":"WebSite","@id":"http:\/\/somo-sam.com\/#website","url":"http:\/\/somo-sam.com\/","name":"SOMO S.A.M","description":"Votre partenaire en \u00e9quipements h\u00f4teliers et de restauration","potentialAction":[{"@type":"SearchAction","target":{"@type":"EntryPoint","urlTemplate":"http:\/\/somo-sam.com\/?s={search_term_string}"},"query-input":{"@type":"PropertyValueSpecification","valueRequired":true,"valueName":"search_term_string"}}],"inLanguage":"fr-FR"}]}},"_links":{"self":[{"href":"https:\/\/somo-sam.com\/index.php?rest_route=\/wp\/v2\/product\/28809","targetHints":{"allow":["GET"]}}],"collection":[{"href":"https:\/\/somo-sam.com\/index.php?rest_route=\/wp\/v2\/product"}],"about":[{"href":"https:\/\/somo-sam.com\/index.php?rest_route=\/wp\/v2\/types\/product"}],"version-history":[{"count":4,"href":"https:\/\/somo-sam.com\/index.php?rest_route=\/wp\/v2\/product\/28809\/revisions"}],"predecessor-version":[{"id":32217,"href":"https:\/\/somo-sam.com\/index.php?rest_route=\/wp\/v2\/product\/28809\/revisions\/32217"}],"wp:featuredmedia":[{"embeddable":true,"href":"https:\/\/somo-sam.com\/index.php?rest_route=\/wp\/v2\/media\/28788"}],"wp:attachment":[{"href":"https:\/\/somo-sam.com\/index.php?rest_route=%2Fwp%2Fv2%2Fmedia&parent=28809"}],"wp:term":[{"taxonomy":"product_brand","embeddable":true,"href":"https:\/\/somo-sam.com\/index.php?rest_route=%2Fwp%2Fv2%2Fproduct_brand&post=28809"},{"taxonomy":"product_cat","embeddable":true,"href":"https:\/\/somo-sam.com\/index.php?rest_route=%2Fwp%2Fv2%2Fproduct_cat&post=28809"},{"taxonomy":"product_tag","embeddable":true,"href":"https:\/\/somo-sam.com\/index.php?rest_route=%2Fwp%2Fv2%2Fproduct_tag&post=28809"}],"curies":[{"name":"wp","href":"https:\/\/api.w.org\/{rel}","templated":true}]}}