{"id":28817,"date":"2025-02-18T17:31:28","date_gmt":"2025-02-18T16:31:28","guid":{"rendered":"https:\/\/somo-sam.com\/?post_type=product&#038;p=28817"},"modified":"2026-04-10T12:58:53","modified_gmt":"2026-04-10T10:58:53","slug":"valera-hotello-shaver-black-1200w","status":"publish","type":"product","link":"https:\/\/somo-sam.com\/?product=valera-hotello-shaver-black-1200w","title":{"rendered":"HOTELLO 1200W prise rasoir VALERA"},"content":{"rendered":"<p data-start=\"61\" data-end=\"426\">Le <strong data-start=\"64\" data-end=\"95\">Valera Hotello Shaver<\/strong>\u00a0est un <strong data-start=\"103\" data-end=\"146\">s\u00e8che-cheveux mural compact et puissant<\/strong>, con\u00e7u sp\u00e9cialement pour les <strong data-start=\"176\" data-end=\"186\">h\u00f4tels<\/strong>, <strong data-start=\"188\" data-end=\"207\">maisons d&#8217;h\u00f4tes<\/strong>, <strong data-start=\"209\" data-end=\"236\">salles de bains priv\u00e9es<\/strong>, et autres <strong data-start=\"248\" data-end=\"271\">zones non publiques<\/strong>. Son design \u00e9l\u00e9gant et ses fonctionnalit\u00e9s pratiques en font un choix id\u00e9al pour un s\u00e9chage rapide et efficace tout en offrant un service haut de gamme.<\/p>\n<h3 data-start=\"428\" data-end=\"468\"><strong data-start=\"432\" data-end=\"466\">Caract\u00e9ristiques principales :<\/strong><\/h3>\n<ul data-start=\"469\" data-end=\"1323\">\n<li data-start=\"469\" data-end=\"561\"><strong data-start=\"471\" data-end=\"494\">Flux d&#8217;air puissant<\/strong> gr\u00e2ce \u00e0 un nouveau groupe de ventilation pour un s\u00e9chage rapide.<\/li>\n<li data-start=\"562\" data-end=\"657\"><strong data-start=\"564\" data-end=\"594\">Mise en marche automatique<\/strong> apr\u00e8s retrait de la poign\u00e9e pour une utilisation simplifi\u00e9e.<\/li>\n<li data-start=\"658\" data-end=\"751\"><strong data-start=\"660\" data-end=\"698\">Minuterie de s\u00e9curit\u00e9 de 8 minutes<\/strong> pour \u00e9viter la surchauffe et garantir la s\u00e9curit\u00e9.<\/li>\n<li data-start=\"752\" data-end=\"831\"><strong data-start=\"754\" data-end=\"785\">Poign\u00e9e rotative cool-touch<\/strong> pour une prise en main confortable et s\u00fbre.<\/li>\n<li data-start=\"832\" data-end=\"894\"><strong data-start=\"834\" data-end=\"858\">Montage mural facile<\/strong>, sans besoin d&#8217;ouvrir l\u2019appareil.<\/li>\n<li data-start=\"895\" data-end=\"970\"><strong data-start=\"897\" data-end=\"926\">Vis et chevilles incluses<\/strong> pour un montage mural rapide et s\u00e9curis\u00e9.<\/li>\n<li data-start=\"971\" data-end=\"1058\"><strong data-start=\"973\" data-end=\"998\">Prise rasoir int\u00e9gr\u00e9e<\/strong>, id\u00e9ale pour les rasoirs ou autres appareils de coiffure.<\/li>\n<li data-start=\"1059\" data-end=\"1155\"><strong data-start=\"1061\" data-end=\"1089\">Degr\u00e9 de protection IP34<\/strong>, offrant une protection contre l&#8217;humidit\u00e9 et les \u00e9claboussures.<\/li>\n<li data-start=\"1156\" data-end=\"1237\"><strong data-start=\"1158\" data-end=\"1195\">\u00c9l\u00e9ment chauffant \u00e0 onde Security<\/strong> pour une chaleur uniforme et contr\u00f4l\u00e9e.<\/li>\n<li data-start=\"1238\" data-end=\"1323\"><strong data-start=\"1240\" data-end=\"1269\">2 options de raccordement<\/strong> : raccordement \u00e9lectrique fixe ou direct par fiche.<\/li>\n<li data-start=\"1238\" data-end=\"1323\"><strong>2 couleurs<\/strong> : Noir ou blanc<\/li>\n<\/ul>\n","protected":false},"excerpt":{"rendered":"<h3>HOTELLO 1200W prise rasoir Valera<\/h3>\n<p data-start=\"1660\" data-end=\"2064\">\n","protected":false},"featured_media":28810,"template":"","meta":{"_acf_changed":false,"_monsterinsights_skip_tracking":false,"_monsterinsights_sitenote_active":false,"_monsterinsights_sitenote_note":"","_monsterinsights_sitenote_category":0},"product_brand":[279],"product_cat":[252,247,127],"product_tag":[],"class_list":{"0":"post-28817","1":"product","2":"type-product","3":"status-publish","4":"has-post-thumbnail","6":"product_brand-valera","7":"product_cat-hotellerie","8":"product_cat-salle-de-bains","9":"product_cat-seche-cheveux-muraux","11":"first","12":"instock","13":"taxable","14":"shipping-taxable","15":"purchasable","16":"product-type-variable","17":"add-to-wishlist-after_add_to_cart"},"acf":[],"yoast_head":"<!-- This site is optimized with the Yoast SEO plugin v23.6 - https:\/\/yoast.com\/wordpress\/plugins\/seo\/ -->\n<title>HOTELLO 1200W prise rasoir VALERA - SOMO S.A.M<\/title>\n<meta name=\"description\" content=\"Valera Hotello Shaver \u2013 S\u00e8che-cheveux mural 1200 W avec prise rasoir, montage facile et s\u00e9curit\u00e9 renforc\u00e9e.\" \/>\n<meta name=\"robots\" content=\"index, follow, max-snippet:-1, max-image-preview:large, max-video-preview:-1\" \/>\n<link rel=\"canonical\" href=\"https:\/\/somo-sam.com\/?product=valera-hotello-shaver-black-1200w\" \/>\n<meta property=\"og:locale\" content=\"fr_FR\" \/>\n<meta property=\"og:type\" content=\"article\" \/>\n<meta property=\"og:title\" content=\"HOTELLO 1200W prise rasoir VALERA - SOMO S.A.M\" \/>\n<meta property=\"og:description\" content=\"Valera Hotello Shaver \u2013 S\u00e8che-cheveux mural 1200 W avec prise rasoir, montage facile et s\u00e9curit\u00e9 renforc\u00e9e.\" \/>\n<meta property=\"og:url\" content=\"https:\/\/somo-sam.com\/?product=valera-hotello-shaver-black-1200w\" \/>\n<meta property=\"og:site_name\" content=\"SOMO S.A.M\" \/>\n<meta property=\"article:modified_time\" content=\"2026-04-10T10:58:53+00:00\" \/>\n<meta property=\"og:image\" content=\"https:\/\/somo-sam.com\/wp-content\/uploads\/2025\/02\/Valera-Hotello-Super-AC-Shaver-Black.png\" \/>\n\t<meta property=\"og:image:width\" content=\"1080\" \/>\n\t<meta property=\"og:image:height\" content=\"1080\" \/>\n\t<meta property=\"og:image:type\" content=\"image\/png\" \/>\n<meta name=\"twitter:card\" content=\"summary_large_image\" \/>\n<meta name=\"twitter:label1\" content=\"Dur\u00e9e de lecture estim\u00e9e\" \/>\n\t<meta name=\"twitter:data1\" content=\"2 minutes\" \/>\n<script type=\"application\/ld+json\" class=\"yoast-schema-graph\">{\"@context\":\"https:\/\/schema.org\",\"@graph\":[{\"@type\":\"WebPage\",\"@id\":\"https:\/\/somo-sam.com\/?product=valera-hotello-shaver-black-1200w\",\"url\":\"https:\/\/somo-sam.com\/?product=valera-hotello-shaver-black-1200w\",\"name\":\"HOTELLO 1200W prise rasoir VALERA - SOMO S.A.M\",\"isPartOf\":{\"@id\":\"http:\/\/somo-sam.com\/#website\"},\"primaryImageOfPage\":{\"@id\":\"https:\/\/somo-sam.com\/?product=valera-hotello-shaver-black-1200w#primaryimage\"},\"image\":{\"@id\":\"https:\/\/somo-sam.com\/?product=valera-hotello-shaver-black-1200w#primaryimage\"},\"thumbnailUrl\":\"https:\/\/somo-sam.com\/wp-content\/uploads\/2025\/02\/Valera-Hotello-Super-AC-Shaver-Black.png\",\"datePublished\":\"2025-02-18T16:31:28+00:00\",\"dateModified\":\"2026-04-10T10:58:53+00:00\",\"description\":\"Valera Hotello Shaver \u2013 S\u00e8che-cheveux mural 1200 W avec prise rasoir, montage facile et s\u00e9curit\u00e9 renforc\u00e9e.\",\"breadcrumb\":{\"@id\":\"https:\/\/somo-sam.com\/?product=valera-hotello-shaver-black-1200w#breadcrumb\"},\"inLanguage\":\"fr-FR\",\"potentialAction\":[{\"@type\":\"ReadAction\",\"target\":[\"https:\/\/somo-sam.com\/?product=valera-hotello-shaver-black-1200w\"]}]},{\"@type\":\"ImageObject\",\"inLanguage\":\"fr-FR\",\"@id\":\"https:\/\/somo-sam.com\/?product=valera-hotello-shaver-black-1200w#primaryimage\",\"url\":\"https:\/\/somo-sam.com\/wp-content\/uploads\/2025\/02\/Valera-Hotello-Super-AC-Shaver-Black.png\",\"contentUrl\":\"https:\/\/somo-sam.com\/wp-content\/uploads\/2025\/02\/Valera-Hotello-Super-AC-Shaver-Black.png\",\"width\":1080,\"height\":1080},{\"@type\":\"BreadcrumbList\",\"@id\":\"https:\/\/somo-sam.com\/?product=valera-hotello-shaver-black-1200w#breadcrumb\",\"itemListElement\":[{\"@type\":\"ListItem\",\"position\":1,\"name\":\"Accueil\",\"item\":\"http:\/\/somo-sam.com\/\"},{\"@type\":\"ListItem\",\"position\":2,\"name\":\"Shop\",\"item\":\"https:\/\/somo-sam.com\/?page_id=413\"},{\"@type\":\"ListItem\",\"position\":3,\"name\":\"HOTELLO 1200W prise rasoir VALERA\"}]},{\"@type\":\"WebSite\",\"@id\":\"http:\/\/somo-sam.com\/#website\",\"url\":\"http:\/\/somo-sam.com\/\",\"name\":\"SOMO S.A.M\",\"description\":\"Votre partenaire en \u00e9quipements h\u00f4teliers et de restauration\",\"potentialAction\":[{\"@type\":\"SearchAction\",\"target\":{\"@type\":\"EntryPoint\",\"urlTemplate\":\"http:\/\/somo-sam.com\/?s={search_term_string}\"},\"query-input\":{\"@type\":\"PropertyValueSpecification\",\"valueRequired\":true,\"valueName\":\"search_term_string\"}}],\"inLanguage\":\"fr-FR\"}]}<\/script>\n<!-- \/ Yoast SEO plugin. -->","yoast_head_json":{"title":"HOTELLO 1200W prise rasoir VALERA - SOMO S.A.M","description":"Valera Hotello Shaver \u2013 S\u00e8che-cheveux mural 1200 W avec prise rasoir, montage facile et s\u00e9curit\u00e9 renforc\u00e9e.","robots":{"index":"index","follow":"follow","max-snippet":"max-snippet:-1","max-image-preview":"max-image-preview:large","max-video-preview":"max-video-preview:-1"},"canonical":"https:\/\/somo-sam.com\/?product=valera-hotello-shaver-black-1200w","og_locale":"fr_FR","og_type":"article","og_title":"HOTELLO 1200W prise rasoir VALERA - SOMO S.A.M","og_description":"Valera Hotello Shaver \u2013 S\u00e8che-cheveux mural 1200 W avec prise rasoir, montage facile et s\u00e9curit\u00e9 renforc\u00e9e.","og_url":"https:\/\/somo-sam.com\/?product=valera-hotello-shaver-black-1200w","og_site_name":"SOMO S.A.M","article_modified_time":"2026-04-10T10:58:53+00:00","og_image":[{"width":1080,"height":1080,"url":"https:\/\/somo-sam.com\/wp-content\/uploads\/2025\/02\/Valera-Hotello-Super-AC-Shaver-Black.png","type":"image\/png"}],"twitter_card":"summary_large_image","twitter_misc":{"Dur\u00e9e de lecture estim\u00e9e":"2 minutes"},"schema":{"@context":"https:\/\/schema.org","@graph":[{"@type":"WebPage","@id":"https:\/\/somo-sam.com\/?product=valera-hotello-shaver-black-1200w","url":"https:\/\/somo-sam.com\/?product=valera-hotello-shaver-black-1200w","name":"HOTELLO 1200W prise rasoir VALERA - SOMO S.A.M","isPartOf":{"@id":"http:\/\/somo-sam.com\/#website"},"primaryImageOfPage":{"@id":"https:\/\/somo-sam.com\/?product=valera-hotello-shaver-black-1200w#primaryimage"},"image":{"@id":"https:\/\/somo-sam.com\/?product=valera-hotello-shaver-black-1200w#primaryimage"},"thumbnailUrl":"https:\/\/somo-sam.com\/wp-content\/uploads\/2025\/02\/Valera-Hotello-Super-AC-Shaver-Black.png","datePublished":"2025-02-18T16:31:28+00:00","dateModified":"2026-04-10T10:58:53+00:00","description":"Valera Hotello Shaver \u2013 S\u00e8che-cheveux mural 1200 W avec prise rasoir, montage facile et s\u00e9curit\u00e9 renforc\u00e9e.","breadcrumb":{"@id":"https:\/\/somo-sam.com\/?product=valera-hotello-shaver-black-1200w#breadcrumb"},"inLanguage":"fr-FR","potentialAction":[{"@type":"ReadAction","target":["https:\/\/somo-sam.com\/?product=valera-hotello-shaver-black-1200w"]}]},{"@type":"ImageObject","inLanguage":"fr-FR","@id":"https:\/\/somo-sam.com\/?product=valera-hotello-shaver-black-1200w#primaryimage","url":"https:\/\/somo-sam.com\/wp-content\/uploads\/2025\/02\/Valera-Hotello-Super-AC-Shaver-Black.png","contentUrl":"https:\/\/somo-sam.com\/wp-content\/uploads\/2025\/02\/Valera-Hotello-Super-AC-Shaver-Black.png","width":1080,"height":1080},{"@type":"BreadcrumbList","@id":"https:\/\/somo-sam.com\/?product=valera-hotello-shaver-black-1200w#breadcrumb","itemListElement":[{"@type":"ListItem","position":1,"name":"Accueil","item":"http:\/\/somo-sam.com\/"},{"@type":"ListItem","position":2,"name":"Shop","item":"https:\/\/somo-sam.com\/?page_id=413"},{"@type":"ListItem","position":3,"name":"HOTELLO 1200W prise rasoir VALERA"}]},{"@type":"WebSite","@id":"http:\/\/somo-sam.com\/#website","url":"http:\/\/somo-sam.com\/","name":"SOMO S.A.M","description":"Votre partenaire en \u00e9quipements h\u00f4teliers et de restauration","potentialAction":[{"@type":"SearchAction","target":{"@type":"EntryPoint","urlTemplate":"http:\/\/somo-sam.com\/?s={search_term_string}"},"query-input":{"@type":"PropertyValueSpecification","valueRequired":true,"valueName":"search_term_string"}}],"inLanguage":"fr-FR"}]}},"_links":{"self":[{"href":"https:\/\/somo-sam.com\/index.php?rest_route=\/wp\/v2\/product\/28817","targetHints":{"allow":["GET"]}}],"collection":[{"href":"https:\/\/somo-sam.com\/index.php?rest_route=\/wp\/v2\/product"}],"about":[{"href":"https:\/\/somo-sam.com\/index.php?rest_route=\/wp\/v2\/types\/product"}],"version-history":[{"count":9,"href":"https:\/\/somo-sam.com\/index.php?rest_route=\/wp\/v2\/product\/28817\/revisions"}],"predecessor-version":[{"id":32213,"href":"https:\/\/somo-sam.com\/index.php?rest_route=\/wp\/v2\/product\/28817\/revisions\/32213"}],"wp:featuredmedia":[{"embeddable":true,"href":"https:\/\/somo-sam.com\/index.php?rest_route=\/wp\/v2\/media\/28810"}],"wp:attachment":[{"href":"https:\/\/somo-sam.com\/index.php?rest_route=%2Fwp%2Fv2%2Fmedia&parent=28817"}],"wp:term":[{"taxonomy":"product_brand","embeddable":true,"href":"https:\/\/somo-sam.com\/index.php?rest_route=%2Fwp%2Fv2%2Fproduct_brand&post=28817"},{"taxonomy":"product_cat","embeddable":true,"href":"https:\/\/somo-sam.com\/index.php?rest_route=%2Fwp%2Fv2%2Fproduct_cat&post=28817"},{"taxonomy":"product_tag","embeddable":true,"href":"https:\/\/somo-sam.com\/index.php?rest_route=%2Fwp%2Fv2%2Fproduct_tag&post=28817"}],"curies":[{"name":"wp","href":"https:\/\/api.w.org\/{rel}","templated":true}]}}