{"id":28821,"date":"2025-02-18T17:37:45","date_gmt":"2025-02-18T16:37:45","guid":{"rendered":"https:\/\/somo-sam.com\/?post_type=product&#038;p=28821"},"modified":"2026-04-10T13:15:11","modified_gmt":"2026-04-10T11:15:11","slug":"valera-hotello-black-1200w","status":"publish","type":"product","link":"https:\/\/somo-sam.com\/?product=valera-hotello-black-1200w","title":{"rendered":"HOTELLO 1200W VALERA"},"content":{"rendered":"<p data-start=\"197\" data-end=\"556\">Le <strong data-start=\"200\" data-end=\"230\">Valera Hotello 1200W<\/strong> est un s\u00e8che-cheveux mural hautement performant, id\u00e9al pour une installation dans des zones non publiques telles que les <strong data-start=\"352\" data-end=\"372\">chambres d&#8217;h\u00f4tes<\/strong>, <strong data-start=\"374\" data-end=\"402\">salles de bains d&#8217;h\u00f4tels<\/strong>, <strong data-start=\"404\" data-end=\"423\">maisons d&#8217;h\u00f4tes<\/strong>, <strong data-start=\"425\" data-end=\"446\">cabines de bateau<\/strong> et <strong data-start=\"450\" data-end=\"469\">maisons priv\u00e9es<\/strong>. Sa conception compacte et sa puissance permettent une exp\u00e9rience de s\u00e9chage optimale.<\/p>\n<h3 data-start=\"558\" data-end=\"596\"><strong data-start=\"562\" data-end=\"596\">Caract\u00e9ristiques principales :<\/strong><\/h3>\n<ul data-start=\"597\" data-end=\"1325\">\n<li data-start=\"597\" data-end=\"701\"><strong data-start=\"599\" data-end=\"622\">Flux d&#8217;air puissant<\/strong> : Gr\u00e2ce \u00e0 un nouveau groupe de ventilation pour un s\u00e9chage rapide et efficace.<\/li>\n<li data-start=\"702\" data-end=\"775\"><strong data-start=\"704\" data-end=\"734\">Mise en marche automatique<\/strong> : Se lance d\u00e8s le retrait de la poign\u00e9e.<\/li>\n<li data-start=\"776\" data-end=\"878\"><strong data-start=\"778\" data-end=\"803\">Minuterie de s\u00e9curit\u00e9<\/strong> : Arr\u00eat automatique apr\u00e8s 8 minutes pour \u00e9viter tout risque de surchauffe.<\/li>\n<li data-start=\"879\" data-end=\"971\"><strong data-start=\"881\" data-end=\"912\">Poign\u00e9e rotative cool-touch<\/strong> : Facilit\u00e9 d\u2019utilisation sans risque de chaleur excessive.<\/li>\n<li data-start=\"972\" data-end=\"1081\"><strong data-start=\"974\" data-end=\"1000\">Montage mural pratique<\/strong> : Installation facile sans avoir \u00e0 ouvrir l\u2019appareil. Vis et chevilles incluses.<\/li>\n<li data-start=\"1082\" data-end=\"1152\"><strong data-start=\"1084\" data-end=\"1112\">Degr\u00e9 de protection IP34<\/strong> : R\u00e9sistance \u00e0 l\u2019eau et \u00e0 la poussi\u00e8re.<\/li>\n<li data-start=\"1153\" data-end=\"1239\"><strong data-start=\"1155\" data-end=\"1192\">El\u00e9ment chauffant \u00e0 onde Security<\/strong> : S\u00e9curis\u00e9 et efficace pour un s\u00e9chage rapide.<\/li>\n<li data-start=\"1240\" data-end=\"1325\"><strong data-start=\"1242\" data-end=\"1269\">Options de raccordement<\/strong> : Raccordement \u00e9lectrique fixe ou direct via une prise.<\/li>\n<li data-start=\"1240\" data-end=\"1325\"><strong>3 couleurs<\/strong> : Noir, Blanc ou Gris<\/li>\n<\/ul>\n","protected":false},"excerpt":{"rendered":"<h3 data-start=\"1327\" data-end=\"1361\">HOTELLO 1200W VALERA<\/h3>\n","protected":false},"featured_media":28781,"template":"","meta":{"_acf_changed":false,"_monsterinsights_skip_tracking":false,"_monsterinsights_sitenote_active":false,"_monsterinsights_sitenote_note":"","_monsterinsights_sitenote_category":0},"product_brand":[279],"product_cat":[252,247,127],"product_tag":[],"class_list":{"0":"post-28821","1":"product","2":"type-product","3":"status-publish","4":"has-post-thumbnail","6":"product_brand-valera","7":"product_cat-hotellerie","8":"product_cat-salle-de-bains","9":"product_cat-seche-cheveux-muraux","11":"first","12":"instock","13":"taxable","14":"shipping-taxable","15":"purchasable","16":"product-type-variable","17":"add-to-wishlist-after_add_to_cart"},"acf":[],"yoast_head":"<!-- This site is optimized with the Yoast SEO plugin v23.6 - https:\/\/yoast.com\/wordpress\/plugins\/seo\/ -->\n<title>HOTELLO 1200W VALERA - SOMO S.A.M<\/title>\n<meta name=\"description\" content=\"Le Valera Hotello 1200W est un s\u00e8che-cheveux mural compact, parfait pour les chambres d&#039;h\u00f4tes et h\u00f4tels. Profitez de sa puissance, de sa s\u00e9curit\u00e9 et de sa facilit\u00e9 d&#039;installation.\" \/>\n<meta name=\"robots\" content=\"index, follow, max-snippet:-1, max-image-preview:large, max-video-preview:-1\" \/>\n<link rel=\"canonical\" href=\"https:\/\/somo-sam.com\/?product=valera-hotello-black-1200w\" \/>\n<meta property=\"og:locale\" content=\"fr_FR\" \/>\n<meta property=\"og:type\" content=\"article\" \/>\n<meta property=\"og:title\" content=\"HOTELLO 1200W VALERA - SOMO S.A.M\" \/>\n<meta property=\"og:description\" content=\"Le Valera Hotello 1200W est un s\u00e8che-cheveux mural compact, parfait pour les chambres d&#039;h\u00f4tes et h\u00f4tels. Profitez de sa puissance, de sa s\u00e9curit\u00e9 et de sa facilit\u00e9 d&#039;installation.\" \/>\n<meta property=\"og:url\" content=\"https:\/\/somo-sam.com\/?product=valera-hotello-black-1200w\" \/>\n<meta property=\"og:site_name\" content=\"SOMO S.A.M\" \/>\n<meta property=\"article:modified_time\" content=\"2026-04-10T11:15:11+00:00\" \/>\n<meta property=\"og:image\" content=\"https:\/\/somo-sam.com\/wp-content\/uploads\/2025\/02\/Valera-Hotello-Super-AC-Black-2.png\" \/>\n\t<meta property=\"og:image:width\" content=\"1080\" \/>\n\t<meta property=\"og:image:height\" content=\"1080\" \/>\n\t<meta property=\"og:image:type\" content=\"image\/png\" \/>\n<meta name=\"twitter:card\" content=\"summary_large_image\" \/>\n<meta name=\"twitter:label1\" content=\"Dur\u00e9e de lecture estim\u00e9e\" \/>\n\t<meta name=\"twitter:data1\" content=\"1 minute\" \/>\n<script type=\"application\/ld+json\" class=\"yoast-schema-graph\">{\"@context\":\"https:\/\/schema.org\",\"@graph\":[{\"@type\":\"WebPage\",\"@id\":\"https:\/\/somo-sam.com\/?product=valera-hotello-black-1200w\",\"url\":\"https:\/\/somo-sam.com\/?product=valera-hotello-black-1200w\",\"name\":\"HOTELLO 1200W VALERA - SOMO S.A.M\",\"isPartOf\":{\"@id\":\"http:\/\/somo-sam.com\/#website\"},\"primaryImageOfPage\":{\"@id\":\"https:\/\/somo-sam.com\/?product=valera-hotello-black-1200w#primaryimage\"},\"image\":{\"@id\":\"https:\/\/somo-sam.com\/?product=valera-hotello-black-1200w#primaryimage\"},\"thumbnailUrl\":\"https:\/\/somo-sam.com\/wp-content\/uploads\/2025\/02\/Valera-Hotello-Super-AC-Black-2.png\",\"datePublished\":\"2025-02-18T16:37:45+00:00\",\"dateModified\":\"2026-04-10T11:15:11+00:00\",\"description\":\"Le Valera Hotello 1200W est un s\u00e8che-cheveux mural compact, parfait pour les chambres d'h\u00f4tes et h\u00f4tels. Profitez de sa puissance, de sa s\u00e9curit\u00e9 et de sa facilit\u00e9 d'installation.\",\"breadcrumb\":{\"@id\":\"https:\/\/somo-sam.com\/?product=valera-hotello-black-1200w#breadcrumb\"},\"inLanguage\":\"fr-FR\",\"potentialAction\":[{\"@type\":\"ReadAction\",\"target\":[\"https:\/\/somo-sam.com\/?product=valera-hotello-black-1200w\"]}]},{\"@type\":\"ImageObject\",\"inLanguage\":\"fr-FR\",\"@id\":\"https:\/\/somo-sam.com\/?product=valera-hotello-black-1200w#primaryimage\",\"url\":\"https:\/\/somo-sam.com\/wp-content\/uploads\/2025\/02\/Valera-Hotello-Super-AC-Black-2.png\",\"contentUrl\":\"https:\/\/somo-sam.com\/wp-content\/uploads\/2025\/02\/Valera-Hotello-Super-AC-Black-2.png\",\"width\":1080,\"height\":1080},{\"@type\":\"BreadcrumbList\",\"@id\":\"https:\/\/somo-sam.com\/?product=valera-hotello-black-1200w#breadcrumb\",\"itemListElement\":[{\"@type\":\"ListItem\",\"position\":1,\"name\":\"Accueil\",\"item\":\"http:\/\/somo-sam.com\/\"},{\"@type\":\"ListItem\",\"position\":2,\"name\":\"Shop\",\"item\":\"https:\/\/somo-sam.com\/?page_id=413\"},{\"@type\":\"ListItem\",\"position\":3,\"name\":\"HOTELLO 1200W VALERA\"}]},{\"@type\":\"WebSite\",\"@id\":\"http:\/\/somo-sam.com\/#website\",\"url\":\"http:\/\/somo-sam.com\/\",\"name\":\"SOMO S.A.M\",\"description\":\"Votre partenaire en \u00e9quipements h\u00f4teliers et de restauration\",\"potentialAction\":[{\"@type\":\"SearchAction\",\"target\":{\"@type\":\"EntryPoint\",\"urlTemplate\":\"http:\/\/somo-sam.com\/?s={search_term_string}\"},\"query-input\":{\"@type\":\"PropertyValueSpecification\",\"valueRequired\":true,\"valueName\":\"search_term_string\"}}],\"inLanguage\":\"fr-FR\"}]}<\/script>\n<!-- \/ Yoast SEO plugin. -->","yoast_head_json":{"title":"HOTELLO 1200W VALERA - SOMO S.A.M","description":"Le Valera Hotello 1200W est un s\u00e8che-cheveux mural compact, parfait pour les chambres d'h\u00f4tes et h\u00f4tels. Profitez de sa puissance, de sa s\u00e9curit\u00e9 et de sa facilit\u00e9 d'installation.","robots":{"index":"index","follow":"follow","max-snippet":"max-snippet:-1","max-image-preview":"max-image-preview:large","max-video-preview":"max-video-preview:-1"},"canonical":"https:\/\/somo-sam.com\/?product=valera-hotello-black-1200w","og_locale":"fr_FR","og_type":"article","og_title":"HOTELLO 1200W VALERA - SOMO S.A.M","og_description":"Le Valera Hotello 1200W est un s\u00e8che-cheveux mural compact, parfait pour les chambres d'h\u00f4tes et h\u00f4tels. Profitez de sa puissance, de sa s\u00e9curit\u00e9 et de sa facilit\u00e9 d'installation.","og_url":"https:\/\/somo-sam.com\/?product=valera-hotello-black-1200w","og_site_name":"SOMO S.A.M","article_modified_time":"2026-04-10T11:15:11+00:00","og_image":[{"width":1080,"height":1080,"url":"https:\/\/somo-sam.com\/wp-content\/uploads\/2025\/02\/Valera-Hotello-Super-AC-Black-2.png","type":"image\/png"}],"twitter_card":"summary_large_image","twitter_misc":{"Dur\u00e9e de lecture estim\u00e9e":"1 minute"},"schema":{"@context":"https:\/\/schema.org","@graph":[{"@type":"WebPage","@id":"https:\/\/somo-sam.com\/?product=valera-hotello-black-1200w","url":"https:\/\/somo-sam.com\/?product=valera-hotello-black-1200w","name":"HOTELLO 1200W VALERA - SOMO S.A.M","isPartOf":{"@id":"http:\/\/somo-sam.com\/#website"},"primaryImageOfPage":{"@id":"https:\/\/somo-sam.com\/?product=valera-hotello-black-1200w#primaryimage"},"image":{"@id":"https:\/\/somo-sam.com\/?product=valera-hotello-black-1200w#primaryimage"},"thumbnailUrl":"https:\/\/somo-sam.com\/wp-content\/uploads\/2025\/02\/Valera-Hotello-Super-AC-Black-2.png","datePublished":"2025-02-18T16:37:45+00:00","dateModified":"2026-04-10T11:15:11+00:00","description":"Le Valera Hotello 1200W est un s\u00e8che-cheveux mural compact, parfait pour les chambres d'h\u00f4tes et h\u00f4tels. Profitez de sa puissance, de sa s\u00e9curit\u00e9 et de sa facilit\u00e9 d'installation.","breadcrumb":{"@id":"https:\/\/somo-sam.com\/?product=valera-hotello-black-1200w#breadcrumb"},"inLanguage":"fr-FR","potentialAction":[{"@type":"ReadAction","target":["https:\/\/somo-sam.com\/?product=valera-hotello-black-1200w"]}]},{"@type":"ImageObject","inLanguage":"fr-FR","@id":"https:\/\/somo-sam.com\/?product=valera-hotello-black-1200w#primaryimage","url":"https:\/\/somo-sam.com\/wp-content\/uploads\/2025\/02\/Valera-Hotello-Super-AC-Black-2.png","contentUrl":"https:\/\/somo-sam.com\/wp-content\/uploads\/2025\/02\/Valera-Hotello-Super-AC-Black-2.png","width":1080,"height":1080},{"@type":"BreadcrumbList","@id":"https:\/\/somo-sam.com\/?product=valera-hotello-black-1200w#breadcrumb","itemListElement":[{"@type":"ListItem","position":1,"name":"Accueil","item":"http:\/\/somo-sam.com\/"},{"@type":"ListItem","position":2,"name":"Shop","item":"https:\/\/somo-sam.com\/?page_id=413"},{"@type":"ListItem","position":3,"name":"HOTELLO 1200W VALERA"}]},{"@type":"WebSite","@id":"http:\/\/somo-sam.com\/#website","url":"http:\/\/somo-sam.com\/","name":"SOMO S.A.M","description":"Votre partenaire en \u00e9quipements h\u00f4teliers et de restauration","potentialAction":[{"@type":"SearchAction","target":{"@type":"EntryPoint","urlTemplate":"http:\/\/somo-sam.com\/?s={search_term_string}"},"query-input":{"@type":"PropertyValueSpecification","valueRequired":true,"valueName":"search_term_string"}}],"inLanguage":"fr-FR"}]}},"_links":{"self":[{"href":"https:\/\/somo-sam.com\/index.php?rest_route=\/wp\/v2\/product\/28821","targetHints":{"allow":["GET"]}}],"collection":[{"href":"https:\/\/somo-sam.com\/index.php?rest_route=\/wp\/v2\/product"}],"about":[{"href":"https:\/\/somo-sam.com\/index.php?rest_route=\/wp\/v2\/types\/product"}],"version-history":[{"count":7,"href":"https:\/\/somo-sam.com\/index.php?rest_route=\/wp\/v2\/product\/28821\/revisions"}],"predecessor-version":[{"id":32219,"href":"https:\/\/somo-sam.com\/index.php?rest_route=\/wp\/v2\/product\/28821\/revisions\/32219"}],"wp:featuredmedia":[{"embeddable":true,"href":"https:\/\/somo-sam.com\/index.php?rest_route=\/wp\/v2\/media\/28781"}],"wp:attachment":[{"href":"https:\/\/somo-sam.com\/index.php?rest_route=%2Fwp%2Fv2%2Fmedia&parent=28821"}],"wp:term":[{"taxonomy":"product_brand","embeddable":true,"href":"https:\/\/somo-sam.com\/index.php?rest_route=%2Fwp%2Fv2%2Fproduct_brand&post=28821"},{"taxonomy":"product_cat","embeddable":true,"href":"https:\/\/somo-sam.com\/index.php?rest_route=%2Fwp%2Fv2%2Fproduct_cat&post=28821"},{"taxonomy":"product_tag","embeddable":true,"href":"https:\/\/somo-sam.com\/index.php?rest_route=%2Fwp%2Fv2%2Fproduct_tag&post=28821"}],"curies":[{"name":"wp","href":"https:\/\/api.w.org\/{rel}","templated":true}]}}