{"id":28826,"date":"2025-02-20T15:37:26","date_gmt":"2025-02-20T14:37:26","guid":{"rendered":"https:\/\/somo-sam.com\/?post_type=product&#038;p=28826"},"modified":"2025-02-20T15:37:26","modified_gmt":"2025-02-20T14:37:26","slug":"mirage-600","status":"publish","type":"product","link":"https:\/\/somo-sam.com\/?product=mirage-600","title":{"rendered":"\u00a0MIRAGE 600"},"content":{"rendered":"<p>Le miroir cosm\u00e9tique lumineux MIRAGE 600 est un ajout \u00e9l\u00e9gant et fonctionnel pour la salle de bain de votre h\u00f4tel. Avec son \u00e9clairage halog\u00e8ne , il simule la lumi\u00e8re naturelle, offrant un environnement parfait pour le maquillage et les soins personnels. Son diam\u00e8tre de 24 cm et son grossissement x2 permettent un maximum de pr\u00e9cision pour vos clients. Con\u00e7u avec des mat\u00e9riaux haut de gamme, dont un plastique auto-extinguible et une structure en acier inoxydable, il garantit s\u00e9curit\u00e9 et long\u00e9vit\u00e9. L\u2019\u00e9clairage basse tension (10W \u2013 12V) assure une lumi\u00e8re douce et s\u00e9curis\u00e9e, avec une double isolation de classe II pour une s\u00e9curit\u00e9 optimale. Orientable et compact (H320 x L240 x P130), ce miroir est parfaitement adapt\u00e9 aux salles de bain d\u2019h\u00f4tel, offrant \u00e0 vos clients un confort exceptionnel. Garantie 3 ans.<\/p>\n","protected":false},"excerpt":{"rendered":"<p data-pm-slice=\"1 1 []\">\u00a0MIRAGE 600<\/p>\n<p>\u2022 Miroir cosm\u00e9tique lumineux (technologie<\/p>\n<p>halog\u00e8ne)<\/p>\n<p>\u2022 Diam\u00e8tre 24cm &#8211; Rapport de grossissement X2<\/p>\n<p>\u2022 Finition haut de gamme avec mat\u00e9riaux<\/p>\n<p>plastique auto extinguible (classe Vo 5V)<\/p>\n<p>\u2022 Partie m\u00e9tallique en acier inox<\/p>\n<p>\u2022 Orientable<\/p>\n<p>\u2022 Eclairage halog\u00e8ne (10W \u2013 12V) basse tension<\/p>\n<p>pour une s\u00e9curit\u00e9 absolue et un rendu lumineux<\/p>\n<p>plus proche de la lumi\u00e8re solaire<\/p>\n<p>\u2022 Double isolation Classe II<\/p>\n<p>\u2022 Dimensions : H320 x L240 x P130<\/p>\n<p>\u2022 Garantie : 3 ans<\/p>\n","protected":false},"featured_media":28829,"template":"","meta":{"_acf_changed":false,"_monsterinsights_skip_tracking":false,"_monsterinsights_sitenote_active":false,"_monsterinsights_sitenote_note":"","_monsterinsights_sitenote_category":0},"product_brand":[],"product_cat":[253,252],"product_tag":[],"class_list":{"0":"post-28826","1":"product","2":"type-product","3":"status-publish","4":"has-post-thumbnail","6":"product_cat-destockage-hotellerie","7":"product_cat-hotellerie","9":"first","10":"instock","11":"taxable","12":"shipping-taxable","13":"purchasable","14":"product-type-simple","15":"add-to-wishlist-after_add_to_cart"},"acf":[],"yoast_head":"<!-- This site is optimized with the Yoast SEO plugin v23.6 - https:\/\/yoast.com\/wordpress\/plugins\/seo\/ -->\n<title>\u00a0MIRAGE 600 Destockage - SOMO S.A.M<\/title>\n<meta name=\"description\" content=\"Le miroir cosm\u00e9tique lumineux MIRAGE 600 est un ajout \u00e9l\u00e9gant et fonctionnel pour la salle de bain de votre h\u00f4tel. Avec son \u00e9clairage halog\u00e8ne , il simule la lumi\u00e8re naturelle, offrant un environnement parfait pour le maquillage et les soins personnels.\" \/>\n<meta name=\"robots\" content=\"index, follow, max-snippet:-1, max-image-preview:large, max-video-preview:-1\" \/>\n<link rel=\"canonical\" href=\"http:\/\/somo-sam.com\/?product=mirage-600\" \/>\n<meta property=\"og:locale\" content=\"fr_FR\" \/>\n<meta property=\"og:type\" content=\"article\" \/>\n<meta property=\"og:title\" content=\"\u00a0MIRAGE 600 Destockage - SOMO S.A.M\" \/>\n<meta property=\"og:description\" content=\"Le miroir cosm\u00e9tique lumineux MIRAGE 600 est un ajout \u00e9l\u00e9gant et fonctionnel pour la salle de bain de votre h\u00f4tel. Avec son \u00e9clairage halog\u00e8ne , il simule la lumi\u00e8re naturelle, offrant un environnement parfait pour le maquillage et les soins personnels.\" \/>\n<meta property=\"og:url\" content=\"http:\/\/somo-sam.com\/?product=mirage-600\" \/>\n<meta property=\"og:site_name\" content=\"SOMO S.A.M\" \/>\n<meta property=\"og:image\" content=\"http:\/\/somo-sam.com\/wp-content\/uploads\/2025\/02\/Ajouter-un-titre-2.png\" \/>\n\t<meta property=\"og:image:width\" content=\"1080\" \/>\n\t<meta property=\"og:image:height\" content=\"1080\" \/>\n\t<meta property=\"og:image:type\" content=\"image\/png\" \/>\n<meta name=\"twitter:card\" content=\"summary_large_image\" \/>\n<meta name=\"twitter:label1\" content=\"Dur\u00e9e de lecture estim\u00e9e\" \/>\n\t<meta name=\"twitter:data1\" content=\"1 minute\" \/>\n<script type=\"application\/ld+json\" class=\"yoast-schema-graph\">{\"@context\":\"https:\/\/schema.org\",\"@graph\":[{\"@type\":\"WebPage\",\"@id\":\"http:\/\/somo-sam.com\/?product=mirage-600\",\"url\":\"http:\/\/somo-sam.com\/?product=mirage-600\",\"name\":\"\u00a0MIRAGE 600 Destockage - SOMO S.A.M\",\"isPartOf\":{\"@id\":\"http:\/\/somo-sam.com\/#website\"},\"primaryImageOfPage\":{\"@id\":\"http:\/\/somo-sam.com\/?product=mirage-600#primaryimage\"},\"image\":{\"@id\":\"http:\/\/somo-sam.com\/?product=mirage-600#primaryimage\"},\"thumbnailUrl\":\"https:\/\/somo-sam.com\/wp-content\/uploads\/2025\/02\/Ajouter-un-titre-2.png\",\"datePublished\":\"2025-02-20T14:37:26+00:00\",\"dateModified\":\"2025-02-20T14:37:26+00:00\",\"description\":\"Le miroir cosm\u00e9tique lumineux MIRAGE 600 est un ajout \u00e9l\u00e9gant et fonctionnel pour la salle de bain de votre h\u00f4tel. Avec son \u00e9clairage halog\u00e8ne , il simule la lumi\u00e8re naturelle, offrant un environnement parfait pour le maquillage et les soins personnels.\",\"breadcrumb\":{\"@id\":\"http:\/\/somo-sam.com\/?product=mirage-600#breadcrumb\"},\"inLanguage\":\"fr-FR\",\"potentialAction\":[{\"@type\":\"ReadAction\",\"target\":[\"http:\/\/somo-sam.com\/?product=mirage-600\"]}]},{\"@type\":\"ImageObject\",\"inLanguage\":\"fr-FR\",\"@id\":\"http:\/\/somo-sam.com\/?product=mirage-600#primaryimage\",\"url\":\"https:\/\/somo-sam.com\/wp-content\/uploads\/2025\/02\/Ajouter-un-titre-2.png\",\"contentUrl\":\"https:\/\/somo-sam.com\/wp-content\/uploads\/2025\/02\/Ajouter-un-titre-2.png\",\"width\":1080,\"height\":1080},{\"@type\":\"BreadcrumbList\",\"@id\":\"http:\/\/somo-sam.com\/?product=mirage-600#breadcrumb\",\"itemListElement\":[{\"@type\":\"ListItem\",\"position\":1,\"name\":\"Accueil\",\"item\":\"http:\/\/somo-sam.com\/\"},{\"@type\":\"ListItem\",\"position\":2,\"name\":\"Shop\",\"item\":\"https:\/\/somo-sam.com\/?page_id=413\"},{\"@type\":\"ListItem\",\"position\":3,\"name\":\"\u00a0MIRAGE 600\"}]},{\"@type\":\"WebSite\",\"@id\":\"http:\/\/somo-sam.com\/#website\",\"url\":\"http:\/\/somo-sam.com\/\",\"name\":\"SOMO S.A.M\",\"description\":\"Votre partenaire en \u00e9quipements h\u00f4teliers et de restauration\",\"potentialAction\":[{\"@type\":\"SearchAction\",\"target\":{\"@type\":\"EntryPoint\",\"urlTemplate\":\"http:\/\/somo-sam.com\/?s={search_term_string}\"},\"query-input\":{\"@type\":\"PropertyValueSpecification\",\"valueRequired\":true,\"valueName\":\"search_term_string\"}}],\"inLanguage\":\"fr-FR\"}]}<\/script>\n<!-- \/ Yoast SEO plugin. -->","yoast_head_json":{"title":"\u00a0MIRAGE 600 Destockage - SOMO S.A.M","description":"Le miroir cosm\u00e9tique lumineux MIRAGE 600 est un ajout \u00e9l\u00e9gant et fonctionnel pour la salle de bain de votre h\u00f4tel. Avec son \u00e9clairage halog\u00e8ne , il simule la lumi\u00e8re naturelle, offrant un environnement parfait pour le maquillage et les soins personnels.","robots":{"index":"index","follow":"follow","max-snippet":"max-snippet:-1","max-image-preview":"max-image-preview:large","max-video-preview":"max-video-preview:-1"},"canonical":"http:\/\/somo-sam.com\/?product=mirage-600","og_locale":"fr_FR","og_type":"article","og_title":"\u00a0MIRAGE 600 Destockage - SOMO S.A.M","og_description":"Le miroir cosm\u00e9tique lumineux MIRAGE 600 est un ajout \u00e9l\u00e9gant et fonctionnel pour la salle de bain de votre h\u00f4tel. Avec son \u00e9clairage halog\u00e8ne , il simule la lumi\u00e8re naturelle, offrant un environnement parfait pour le maquillage et les soins personnels.","og_url":"http:\/\/somo-sam.com\/?product=mirage-600","og_site_name":"SOMO S.A.M","og_image":[{"width":1080,"height":1080,"url":"http:\/\/somo-sam.com\/wp-content\/uploads\/2025\/02\/Ajouter-un-titre-2.png","type":"image\/png"}],"twitter_card":"summary_large_image","twitter_misc":{"Dur\u00e9e de lecture estim\u00e9e":"1 minute"},"schema":{"@context":"https:\/\/schema.org","@graph":[{"@type":"WebPage","@id":"http:\/\/somo-sam.com\/?product=mirage-600","url":"http:\/\/somo-sam.com\/?product=mirage-600","name":"\u00a0MIRAGE 600 Destockage - SOMO S.A.M","isPartOf":{"@id":"http:\/\/somo-sam.com\/#website"},"primaryImageOfPage":{"@id":"http:\/\/somo-sam.com\/?product=mirage-600#primaryimage"},"image":{"@id":"http:\/\/somo-sam.com\/?product=mirage-600#primaryimage"},"thumbnailUrl":"https:\/\/somo-sam.com\/wp-content\/uploads\/2025\/02\/Ajouter-un-titre-2.png","datePublished":"2025-02-20T14:37:26+00:00","dateModified":"2025-02-20T14:37:26+00:00","description":"Le miroir cosm\u00e9tique lumineux MIRAGE 600 est un ajout \u00e9l\u00e9gant et fonctionnel pour la salle de bain de votre h\u00f4tel. Avec son \u00e9clairage halog\u00e8ne , il simule la lumi\u00e8re naturelle, offrant un environnement parfait pour le maquillage et les soins personnels.","breadcrumb":{"@id":"http:\/\/somo-sam.com\/?product=mirage-600#breadcrumb"},"inLanguage":"fr-FR","potentialAction":[{"@type":"ReadAction","target":["http:\/\/somo-sam.com\/?product=mirage-600"]}]},{"@type":"ImageObject","inLanguage":"fr-FR","@id":"http:\/\/somo-sam.com\/?product=mirage-600#primaryimage","url":"https:\/\/somo-sam.com\/wp-content\/uploads\/2025\/02\/Ajouter-un-titre-2.png","contentUrl":"https:\/\/somo-sam.com\/wp-content\/uploads\/2025\/02\/Ajouter-un-titre-2.png","width":1080,"height":1080},{"@type":"BreadcrumbList","@id":"http:\/\/somo-sam.com\/?product=mirage-600#breadcrumb","itemListElement":[{"@type":"ListItem","position":1,"name":"Accueil","item":"http:\/\/somo-sam.com\/"},{"@type":"ListItem","position":2,"name":"Shop","item":"https:\/\/somo-sam.com\/?page_id=413"},{"@type":"ListItem","position":3,"name":"\u00a0MIRAGE 600"}]},{"@type":"WebSite","@id":"http:\/\/somo-sam.com\/#website","url":"http:\/\/somo-sam.com\/","name":"SOMO S.A.M","description":"Votre partenaire en \u00e9quipements h\u00f4teliers et de restauration","potentialAction":[{"@type":"SearchAction","target":{"@type":"EntryPoint","urlTemplate":"http:\/\/somo-sam.com\/?s={search_term_string}"},"query-input":{"@type":"PropertyValueSpecification","valueRequired":true,"valueName":"search_term_string"}}],"inLanguage":"fr-FR"}]}},"_links":{"self":[{"href":"https:\/\/somo-sam.com\/index.php?rest_route=\/wp\/v2\/product\/28826","targetHints":{"allow":["GET"]}}],"collection":[{"href":"https:\/\/somo-sam.com\/index.php?rest_route=\/wp\/v2\/product"}],"about":[{"href":"https:\/\/somo-sam.com\/index.php?rest_route=\/wp\/v2\/types\/product"}],"version-history":[{"count":1,"href":"https:\/\/somo-sam.com\/index.php?rest_route=\/wp\/v2\/product\/28826\/revisions"}],"predecessor-version":[{"id":28831,"href":"https:\/\/somo-sam.com\/index.php?rest_route=\/wp\/v2\/product\/28826\/revisions\/28831"}],"wp:featuredmedia":[{"embeddable":true,"href":"https:\/\/somo-sam.com\/index.php?rest_route=\/wp\/v2\/media\/28829"}],"wp:attachment":[{"href":"https:\/\/somo-sam.com\/index.php?rest_route=%2Fwp%2Fv2%2Fmedia&parent=28826"}],"wp:term":[{"taxonomy":"product_brand","embeddable":true,"href":"https:\/\/somo-sam.com\/index.php?rest_route=%2Fwp%2Fv2%2Fproduct_brand&post=28826"},{"taxonomy":"product_cat","embeddable":true,"href":"https:\/\/somo-sam.com\/index.php?rest_route=%2Fwp%2Fv2%2Fproduct_cat&post=28826"},{"taxonomy":"product_tag","embeddable":true,"href":"https:\/\/somo-sam.com\/index.php?rest_route=%2Fwp%2Fv2%2Fproduct_tag&post=28826"}],"curies":[{"name":"wp","href":"https:\/\/api.w.org\/{rel}","templated":true}]}}