{"id":28840,"date":"2025-02-20T15:59:35","date_gmt":"2025-02-20T14:59:35","guid":{"rendered":"https:\/\/somo-sam.com\/?post_type=product&#038;p=28840"},"modified":"2025-02-20T15:59:36","modified_gmt":"2025-02-20T14:59:36","slug":"porte-bagages-bois","status":"publish","type":"product","link":"https:\/\/somo-sam.com\/?product=porte-bagages-bois","title":{"rendered":"PORTE-BAGAGES BOIS"},"content":{"rendered":"<p>Les porte-bagages en bois sont des accessoires pratiques et \u00e9l\u00e9gants pour les chambres d&#8217;h\u00f4tel, offrant une solution robuste et astucieuse pour accueillir les bagages de vos clients. Repliables et escamotables, ils se rangent facilement dans les penderies, permettant un gain de place tout en restant fonctionnels. Leur design intemporel en h\u00eatre massif (disponible en version claire ou fonc\u00e9e) s\u2019int\u00e8gre harmonieusement dans tous les types de d\u00e9coration int\u00e9rieure, tout en prot\u00e9geant efficacement les dessus de lit et les rev\u00eatements muraux. Disponibles avec ou sans dosseret, ces porte-bagages sont dot\u00e9s de 3 sangles de haute s\u00e9curit\u00e9, assorties \u00e0 la couleur du bois. Les dimensions varient selon la version : avec dosseret (H420 x L655 x P410) ou sans dosseret (H460 x L660 x P430).<\/p>\n","protected":false},"excerpt":{"rendered":"<p>Les porte-bagages en bois sont des accessoires pratiques et \u00e9l\u00e9gants pour les chambres d&#8217;h\u00f4tel, offrant une solution robuste et astucieuse<\/p>\n","protected":false},"featured_media":28841,"template":"","meta":{"_acf_changed":false,"_monsterinsights_skip_tracking":false,"_monsterinsights_sitenote_active":false,"_monsterinsights_sitenote_note":"","_monsterinsights_sitenote_category":0},"product_brand":[],"product_cat":[250,253,252],"product_tag":[],"class_list":{"0":"post-28840","1":"product","2":"type-product","3":"status-publish","4":"has-post-thumbnail","6":"product_cat-chambre","7":"product_cat-destockage-hotellerie","8":"product_cat-hotellerie","10":"first","11":"instock","12":"taxable","13":"shipping-taxable","14":"purchasable","15":"product-type-simple","16":"add-to-wishlist-after_add_to_cart"},"acf":[],"yoast_head":"<!-- This site is optimized with the Yoast SEO plugin v23.6 - https:\/\/yoast.com\/wordpress\/plugins\/seo\/ -->\n<title>PORTE-BAGAGES BOIS - SOMO S.A.M<\/title>\n<meta name=\"description\" content=\"Optez pour les porte-bagages en bois escamotables pour votre h\u00f4tel. Pratiques, robustes et esth\u00e9tiques, ils prot\u00e8gent le mobilier tout en \u00e9tant facilement repliables. Disponible avec ou sans dosseret.\" \/>\n<meta name=\"robots\" content=\"index, follow, max-snippet:-1, max-image-preview:large, max-video-preview:-1\" \/>\n<link rel=\"canonical\" href=\"https:\/\/somo-sam.com\/?product=porte-bagages-bois\" \/>\n<meta property=\"og:locale\" content=\"fr_FR\" \/>\n<meta property=\"og:type\" content=\"article\" \/>\n<meta property=\"og:title\" content=\"PORTE-BAGAGES BOIS - SOMO S.A.M\" \/>\n<meta property=\"og:description\" content=\"Optez pour les porte-bagages en bois escamotables pour votre h\u00f4tel. Pratiques, robustes et esth\u00e9tiques, ils prot\u00e8gent le mobilier tout en \u00e9tant facilement repliables. Disponible avec ou sans dosseret.\" \/>\n<meta property=\"og:url\" content=\"https:\/\/somo-sam.com\/?product=porte-bagages-bois\" \/>\n<meta property=\"og:site_name\" content=\"SOMO S.A.M\" \/>\n<meta property=\"article:modified_time\" content=\"2025-02-20T14:59:36+00:00\" \/>\n<meta property=\"og:image\" content=\"https:\/\/somo-sam.com\/wp-content\/uploads\/2025\/02\/PORTE-BAGAGES-BOIS.png\" \/>\n\t<meta property=\"og:image:width\" content=\"1080\" \/>\n\t<meta property=\"og:image:height\" content=\"1080\" \/>\n\t<meta property=\"og:image:type\" content=\"image\/png\" \/>\n<meta name=\"twitter:card\" content=\"summary_large_image\" \/>\n<meta name=\"twitter:label1\" content=\"Dur\u00e9e de lecture estim\u00e9e\" \/>\n\t<meta name=\"twitter:data1\" content=\"1 minute\" \/>\n<script type=\"application\/ld+json\" class=\"yoast-schema-graph\">{\"@context\":\"https:\/\/schema.org\",\"@graph\":[{\"@type\":\"WebPage\",\"@id\":\"https:\/\/somo-sam.com\/?product=porte-bagages-bois\",\"url\":\"https:\/\/somo-sam.com\/?product=porte-bagages-bois\",\"name\":\"PORTE-BAGAGES BOIS - SOMO S.A.M\",\"isPartOf\":{\"@id\":\"http:\/\/somo-sam.com\/#website\"},\"primaryImageOfPage\":{\"@id\":\"https:\/\/somo-sam.com\/?product=porte-bagages-bois#primaryimage\"},\"image\":{\"@id\":\"https:\/\/somo-sam.com\/?product=porte-bagages-bois#primaryimage\"},\"thumbnailUrl\":\"https:\/\/somo-sam.com\/wp-content\/uploads\/2025\/02\/PORTE-BAGAGES-BOIS.png\",\"datePublished\":\"2025-02-20T14:59:35+00:00\",\"dateModified\":\"2025-02-20T14:59:36+00:00\",\"description\":\"Optez pour les porte-bagages en bois escamotables pour votre h\u00f4tel. Pratiques, robustes et esth\u00e9tiques, ils prot\u00e8gent le mobilier tout en \u00e9tant facilement repliables. Disponible avec ou sans dosseret.\",\"breadcrumb\":{\"@id\":\"https:\/\/somo-sam.com\/?product=porte-bagages-bois#breadcrumb\"},\"inLanguage\":\"fr-FR\",\"potentialAction\":[{\"@type\":\"ReadAction\",\"target\":[\"https:\/\/somo-sam.com\/?product=porte-bagages-bois\"]}]},{\"@type\":\"ImageObject\",\"inLanguage\":\"fr-FR\",\"@id\":\"https:\/\/somo-sam.com\/?product=porte-bagages-bois#primaryimage\",\"url\":\"https:\/\/somo-sam.com\/wp-content\/uploads\/2025\/02\/PORTE-BAGAGES-BOIS.png\",\"contentUrl\":\"https:\/\/somo-sam.com\/wp-content\/uploads\/2025\/02\/PORTE-BAGAGES-BOIS.png\",\"width\":1080,\"height\":1080},{\"@type\":\"BreadcrumbList\",\"@id\":\"https:\/\/somo-sam.com\/?product=porte-bagages-bois#breadcrumb\",\"itemListElement\":[{\"@type\":\"ListItem\",\"position\":1,\"name\":\"Accueil\",\"item\":\"http:\/\/somo-sam.com\/\"},{\"@type\":\"ListItem\",\"position\":2,\"name\":\"Shop\",\"item\":\"https:\/\/somo-sam.com\/?page_id=413\"},{\"@type\":\"ListItem\",\"position\":3,\"name\":\"PORTE-BAGAGES BOIS\"}]},{\"@type\":\"WebSite\",\"@id\":\"http:\/\/somo-sam.com\/#website\",\"url\":\"http:\/\/somo-sam.com\/\",\"name\":\"SOMO S.A.M\",\"description\":\"Votre partenaire en \u00e9quipements h\u00f4teliers et de restauration\",\"potentialAction\":[{\"@type\":\"SearchAction\",\"target\":{\"@type\":\"EntryPoint\",\"urlTemplate\":\"http:\/\/somo-sam.com\/?s={search_term_string}\"},\"query-input\":{\"@type\":\"PropertyValueSpecification\",\"valueRequired\":true,\"valueName\":\"search_term_string\"}}],\"inLanguage\":\"fr-FR\"}]}<\/script>\n<!-- \/ Yoast SEO plugin. -->","yoast_head_json":{"title":"PORTE-BAGAGES BOIS - SOMO S.A.M","description":"Optez pour les porte-bagages en bois escamotables pour votre h\u00f4tel. Pratiques, robustes et esth\u00e9tiques, ils prot\u00e8gent le mobilier tout en \u00e9tant facilement repliables. Disponible avec ou sans dosseret.","robots":{"index":"index","follow":"follow","max-snippet":"max-snippet:-1","max-image-preview":"max-image-preview:large","max-video-preview":"max-video-preview:-1"},"canonical":"https:\/\/somo-sam.com\/?product=porte-bagages-bois","og_locale":"fr_FR","og_type":"article","og_title":"PORTE-BAGAGES BOIS - SOMO S.A.M","og_description":"Optez pour les porte-bagages en bois escamotables pour votre h\u00f4tel. Pratiques, robustes et esth\u00e9tiques, ils prot\u00e8gent le mobilier tout en \u00e9tant facilement repliables. Disponible avec ou sans dosseret.","og_url":"https:\/\/somo-sam.com\/?product=porte-bagages-bois","og_site_name":"SOMO S.A.M","article_modified_time":"2025-02-20T14:59:36+00:00","og_image":[{"width":1080,"height":1080,"url":"https:\/\/somo-sam.com\/wp-content\/uploads\/2025\/02\/PORTE-BAGAGES-BOIS.png","type":"image\/png"}],"twitter_card":"summary_large_image","twitter_misc":{"Dur\u00e9e de lecture estim\u00e9e":"1 minute"},"schema":{"@context":"https:\/\/schema.org","@graph":[{"@type":"WebPage","@id":"https:\/\/somo-sam.com\/?product=porte-bagages-bois","url":"https:\/\/somo-sam.com\/?product=porte-bagages-bois","name":"PORTE-BAGAGES BOIS - SOMO S.A.M","isPartOf":{"@id":"http:\/\/somo-sam.com\/#website"},"primaryImageOfPage":{"@id":"https:\/\/somo-sam.com\/?product=porte-bagages-bois#primaryimage"},"image":{"@id":"https:\/\/somo-sam.com\/?product=porte-bagages-bois#primaryimage"},"thumbnailUrl":"https:\/\/somo-sam.com\/wp-content\/uploads\/2025\/02\/PORTE-BAGAGES-BOIS.png","datePublished":"2025-02-20T14:59:35+00:00","dateModified":"2025-02-20T14:59:36+00:00","description":"Optez pour les porte-bagages en bois escamotables pour votre h\u00f4tel. Pratiques, robustes et esth\u00e9tiques, ils prot\u00e8gent le mobilier tout en \u00e9tant facilement repliables. Disponible avec ou sans dosseret.","breadcrumb":{"@id":"https:\/\/somo-sam.com\/?product=porte-bagages-bois#breadcrumb"},"inLanguage":"fr-FR","potentialAction":[{"@type":"ReadAction","target":["https:\/\/somo-sam.com\/?product=porte-bagages-bois"]}]},{"@type":"ImageObject","inLanguage":"fr-FR","@id":"https:\/\/somo-sam.com\/?product=porte-bagages-bois#primaryimage","url":"https:\/\/somo-sam.com\/wp-content\/uploads\/2025\/02\/PORTE-BAGAGES-BOIS.png","contentUrl":"https:\/\/somo-sam.com\/wp-content\/uploads\/2025\/02\/PORTE-BAGAGES-BOIS.png","width":1080,"height":1080},{"@type":"BreadcrumbList","@id":"https:\/\/somo-sam.com\/?product=porte-bagages-bois#breadcrumb","itemListElement":[{"@type":"ListItem","position":1,"name":"Accueil","item":"http:\/\/somo-sam.com\/"},{"@type":"ListItem","position":2,"name":"Shop","item":"https:\/\/somo-sam.com\/?page_id=413"},{"@type":"ListItem","position":3,"name":"PORTE-BAGAGES BOIS"}]},{"@type":"WebSite","@id":"http:\/\/somo-sam.com\/#website","url":"http:\/\/somo-sam.com\/","name":"SOMO S.A.M","description":"Votre partenaire en \u00e9quipements h\u00f4teliers et de restauration","potentialAction":[{"@type":"SearchAction","target":{"@type":"EntryPoint","urlTemplate":"http:\/\/somo-sam.com\/?s={search_term_string}"},"query-input":{"@type":"PropertyValueSpecification","valueRequired":true,"valueName":"search_term_string"}}],"inLanguage":"fr-FR"}]}},"_links":{"self":[{"href":"https:\/\/somo-sam.com\/index.php?rest_route=\/wp\/v2\/product\/28840","targetHints":{"allow":["GET"]}}],"collection":[{"href":"https:\/\/somo-sam.com\/index.php?rest_route=\/wp\/v2\/product"}],"about":[{"href":"https:\/\/somo-sam.com\/index.php?rest_route=\/wp\/v2\/types\/product"}],"version-history":[{"count":1,"href":"https:\/\/somo-sam.com\/index.php?rest_route=\/wp\/v2\/product\/28840\/revisions"}],"predecessor-version":[{"id":28843,"href":"https:\/\/somo-sam.com\/index.php?rest_route=\/wp\/v2\/product\/28840\/revisions\/28843"}],"wp:featuredmedia":[{"embeddable":true,"href":"https:\/\/somo-sam.com\/index.php?rest_route=\/wp\/v2\/media\/28841"}],"wp:attachment":[{"href":"https:\/\/somo-sam.com\/index.php?rest_route=%2Fwp%2Fv2%2Fmedia&parent=28840"}],"wp:term":[{"taxonomy":"product_brand","embeddable":true,"href":"https:\/\/somo-sam.com\/index.php?rest_route=%2Fwp%2Fv2%2Fproduct_brand&post=28840"},{"taxonomy":"product_cat","embeddable":true,"href":"https:\/\/somo-sam.com\/index.php?rest_route=%2Fwp%2Fv2%2Fproduct_cat&post=28840"},{"taxonomy":"product_tag","embeddable":true,"href":"https:\/\/somo-sam.com\/index.php?rest_route=%2Fwp%2Fv2%2Fproduct_tag&post=28840"}],"curies":[{"name":"wp","href":"https:\/\/api.w.org\/{rel}","templated":true}]}}