{"id":28850,"date":"2025-02-20T16:19:51","date_gmt":"2025-02-20T15:19:51","guid":{"rendered":"https:\/\/somo-sam.com\/?post_type=product&#038;p=28850"},"modified":"2025-02-20T16:19:52","modified_gmt":"2025-02-20T15:19:52","slug":"grand-plateau-zen","status":"publish","type":"product","link":"https:\/\/somo-sam.com\/?product=grand-plateau-zen","title":{"rendered":"GRAND PLATEAU ZEN"},"content":{"rendered":"<p>En m\u00e9lamine (r\u00e9sine de synth\u00e8se)<br \/>\n\u2022 Perc\u00e9 pour la fixation du syst\u00e8me<br \/>\nantivol de la bouilloire<br \/>\n\u2022 Dimensions : H24 x L377 x P297<\/p>\n","protected":false},"excerpt":{"rendered":"<p>En m\u00e9lamine (r\u00e9sine de synth\u00e8se) \u2022 Perc\u00e9 pour la fixation du syst\u00e8me antivol de la bouilloire \u2022 Dimensions : H24<\/p>\n","protected":false},"featured_media":28851,"template":"","meta":{"_acf_changed":false,"_monsterinsights_skip_tracking":false,"_monsterinsights_sitenote_active":false,"_monsterinsights_sitenote_note":"","_monsterinsights_sitenote_category":0},"product_brand":[],"product_cat":[253,252],"product_tag":[],"class_list":{"0":"post-28850","1":"product","2":"type-product","3":"status-publish","4":"has-post-thumbnail","6":"product_cat-destockage-hotellerie","7":"product_cat-hotellerie","9":"first","10":"instock","11":"taxable","12":"shipping-taxable","13":"purchasable","14":"product-type-variable","15":"add-to-wishlist-after_add_to_cart"},"acf":[],"yoast_head":"<!-- This site is optimized with the Yoast SEO plugin v23.6 - https:\/\/yoast.com\/wordpress\/plugins\/seo\/ -->\n<title>GRAND PLATEAU ZEN - SOMO S.A.M<\/title>\n<meta name=\"description\" content=\"En m\u00e9lamine (r\u00e9sine de synth\u00e8se)\u2022 Perc\u00e9 pour la fixation du syst\u00e8meantivol de la bouilloire\u2022 Dimensions : H24 x L377 x P297\" \/>\n<meta name=\"robots\" content=\"index, follow, max-snippet:-1, max-image-preview:large, max-video-preview:-1\" \/>\n<link rel=\"canonical\" href=\"https:\/\/somo-sam.com\/?product=grand-plateau-zen\" \/>\n<meta property=\"og:locale\" content=\"fr_FR\" \/>\n<meta property=\"og:type\" content=\"article\" \/>\n<meta property=\"og:title\" content=\"GRAND PLATEAU ZEN - SOMO S.A.M\" \/>\n<meta property=\"og:description\" content=\"En m\u00e9lamine (r\u00e9sine de synth\u00e8se)\u2022 Perc\u00e9 pour la fixation du syst\u00e8meantivol de la bouilloire\u2022 Dimensions : H24 x L377 x P297\" \/>\n<meta property=\"og:url\" content=\"https:\/\/somo-sam.com\/?product=grand-plateau-zen\" \/>\n<meta property=\"og:site_name\" content=\"SOMO S.A.M\" \/>\n<meta property=\"article:modified_time\" content=\"2025-02-20T15:19:52+00:00\" \/>\n<meta property=\"og:image\" content=\"https:\/\/somo-sam.com\/wp-content\/uploads\/2025\/02\/plateau.png\" \/>\n\t<meta property=\"og:image:width\" content=\"1080\" \/>\n\t<meta property=\"og:image:height\" content=\"1080\" \/>\n\t<meta property=\"og:image:type\" content=\"image\/png\" \/>\n<meta name=\"twitter:card\" content=\"summary_large_image\" \/>\n<meta name=\"twitter:label1\" content=\"Dur\u00e9e de lecture estim\u00e9e\" \/>\n\t<meta name=\"twitter:data1\" content=\"1 minute\" \/>\n<script type=\"application\/ld+json\" class=\"yoast-schema-graph\">{\"@context\":\"https:\/\/schema.org\",\"@graph\":[{\"@type\":\"WebPage\",\"@id\":\"https:\/\/somo-sam.com\/?product=grand-plateau-zen\",\"url\":\"https:\/\/somo-sam.com\/?product=grand-plateau-zen\",\"name\":\"GRAND PLATEAU ZEN - SOMO S.A.M\",\"isPartOf\":{\"@id\":\"https:\/\/somo-sam.com\/#website\"},\"primaryImageOfPage\":{\"@id\":\"https:\/\/somo-sam.com\/?product=grand-plateau-zen#primaryimage\"},\"image\":{\"@id\":\"https:\/\/somo-sam.com\/?product=grand-plateau-zen#primaryimage\"},\"thumbnailUrl\":\"https:\/\/somo-sam.com\/wp-content\/uploads\/2025\/02\/plateau.png\",\"datePublished\":\"2025-02-20T15:19:51+00:00\",\"dateModified\":\"2025-02-20T15:19:52+00:00\",\"description\":\"En m\u00e9lamine (r\u00e9sine de synth\u00e8se)\u2022 Perc\u00e9 pour la fixation du syst\u00e8meantivol de la bouilloire\u2022 Dimensions : H24 x L377 x P297\",\"breadcrumb\":{\"@id\":\"https:\/\/somo-sam.com\/?product=grand-plateau-zen#breadcrumb\"},\"inLanguage\":\"fr-FR\",\"potentialAction\":[{\"@type\":\"ReadAction\",\"target\":[\"https:\/\/somo-sam.com\/?product=grand-plateau-zen\"]}]},{\"@type\":\"ImageObject\",\"inLanguage\":\"fr-FR\",\"@id\":\"https:\/\/somo-sam.com\/?product=grand-plateau-zen#primaryimage\",\"url\":\"https:\/\/somo-sam.com\/wp-content\/uploads\/2025\/02\/plateau.png\",\"contentUrl\":\"https:\/\/somo-sam.com\/wp-content\/uploads\/2025\/02\/plateau.png\",\"width\":1080,\"height\":1080},{\"@type\":\"BreadcrumbList\",\"@id\":\"https:\/\/somo-sam.com\/?product=grand-plateau-zen#breadcrumb\",\"itemListElement\":[{\"@type\":\"ListItem\",\"position\":1,\"name\":\"Accueil\",\"item\":\"https:\/\/somo-sam.com\/\"},{\"@type\":\"ListItem\",\"position\":2,\"name\":\"Shop\",\"item\":\"https:\/\/somo-sam.com\/?page_id=413\"},{\"@type\":\"ListItem\",\"position\":3,\"name\":\"GRAND PLATEAU ZEN\"}]},{\"@type\":\"WebSite\",\"@id\":\"https:\/\/somo-sam.com\/#website\",\"url\":\"https:\/\/somo-sam.com\/\",\"name\":\"SOMO S.A.M\",\"description\":\"Votre partenaire en \u00e9quipements h\u00f4teliers et de restauration\",\"potentialAction\":[{\"@type\":\"SearchAction\",\"target\":{\"@type\":\"EntryPoint\",\"urlTemplate\":\"https:\/\/somo-sam.com\/?s={search_term_string}\"},\"query-input\":{\"@type\":\"PropertyValueSpecification\",\"valueRequired\":true,\"valueName\":\"search_term_string\"}}],\"inLanguage\":\"fr-FR\"}]}<\/script>\n<!-- \/ Yoast SEO plugin. -->","yoast_head_json":{"title":"GRAND PLATEAU ZEN - SOMO S.A.M","description":"En m\u00e9lamine (r\u00e9sine de synth\u00e8se)\u2022 Perc\u00e9 pour la fixation du syst\u00e8meantivol de la bouilloire\u2022 Dimensions : H24 x L377 x P297","robots":{"index":"index","follow":"follow","max-snippet":"max-snippet:-1","max-image-preview":"max-image-preview:large","max-video-preview":"max-video-preview:-1"},"canonical":"https:\/\/somo-sam.com\/?product=grand-plateau-zen","og_locale":"fr_FR","og_type":"article","og_title":"GRAND PLATEAU ZEN - SOMO S.A.M","og_description":"En m\u00e9lamine (r\u00e9sine de synth\u00e8se)\u2022 Perc\u00e9 pour la fixation du syst\u00e8meantivol de la bouilloire\u2022 Dimensions : H24 x L377 x P297","og_url":"https:\/\/somo-sam.com\/?product=grand-plateau-zen","og_site_name":"SOMO S.A.M","article_modified_time":"2025-02-20T15:19:52+00:00","og_image":[{"width":1080,"height":1080,"url":"https:\/\/somo-sam.com\/wp-content\/uploads\/2025\/02\/plateau.png","type":"image\/png"}],"twitter_card":"summary_large_image","twitter_misc":{"Dur\u00e9e de lecture estim\u00e9e":"1 minute"},"schema":{"@context":"https:\/\/schema.org","@graph":[{"@type":"WebPage","@id":"https:\/\/somo-sam.com\/?product=grand-plateau-zen","url":"https:\/\/somo-sam.com\/?product=grand-plateau-zen","name":"GRAND PLATEAU ZEN - SOMO S.A.M","isPartOf":{"@id":"https:\/\/somo-sam.com\/#website"},"primaryImageOfPage":{"@id":"https:\/\/somo-sam.com\/?product=grand-plateau-zen#primaryimage"},"image":{"@id":"https:\/\/somo-sam.com\/?product=grand-plateau-zen#primaryimage"},"thumbnailUrl":"https:\/\/somo-sam.com\/wp-content\/uploads\/2025\/02\/plateau.png","datePublished":"2025-02-20T15:19:51+00:00","dateModified":"2025-02-20T15:19:52+00:00","description":"En m\u00e9lamine (r\u00e9sine de synth\u00e8se)\u2022 Perc\u00e9 pour la fixation du syst\u00e8meantivol de la bouilloire\u2022 Dimensions : H24 x L377 x P297","breadcrumb":{"@id":"https:\/\/somo-sam.com\/?product=grand-plateau-zen#breadcrumb"},"inLanguage":"fr-FR","potentialAction":[{"@type":"ReadAction","target":["https:\/\/somo-sam.com\/?product=grand-plateau-zen"]}]},{"@type":"ImageObject","inLanguage":"fr-FR","@id":"https:\/\/somo-sam.com\/?product=grand-plateau-zen#primaryimage","url":"https:\/\/somo-sam.com\/wp-content\/uploads\/2025\/02\/plateau.png","contentUrl":"https:\/\/somo-sam.com\/wp-content\/uploads\/2025\/02\/plateau.png","width":1080,"height":1080},{"@type":"BreadcrumbList","@id":"https:\/\/somo-sam.com\/?product=grand-plateau-zen#breadcrumb","itemListElement":[{"@type":"ListItem","position":1,"name":"Accueil","item":"https:\/\/somo-sam.com\/"},{"@type":"ListItem","position":2,"name":"Shop","item":"https:\/\/somo-sam.com\/?page_id=413"},{"@type":"ListItem","position":3,"name":"GRAND PLATEAU ZEN"}]},{"@type":"WebSite","@id":"https:\/\/somo-sam.com\/#website","url":"https:\/\/somo-sam.com\/","name":"SOMO S.A.M","description":"Votre partenaire en \u00e9quipements h\u00f4teliers et de restauration","potentialAction":[{"@type":"SearchAction","target":{"@type":"EntryPoint","urlTemplate":"https:\/\/somo-sam.com\/?s={search_term_string}"},"query-input":{"@type":"PropertyValueSpecification","valueRequired":true,"valueName":"search_term_string"}}],"inLanguage":"fr-FR"}]}},"_links":{"self":[{"href":"https:\/\/somo-sam.com\/index.php?rest_route=\/wp\/v2\/product\/28850","targetHints":{"allow":["GET"]}}],"collection":[{"href":"https:\/\/somo-sam.com\/index.php?rest_route=\/wp\/v2\/product"}],"about":[{"href":"https:\/\/somo-sam.com\/index.php?rest_route=\/wp\/v2\/types\/product"}],"version-history":[{"count":1,"href":"https:\/\/somo-sam.com\/index.php?rest_route=\/wp\/v2\/product\/28850\/revisions"}],"predecessor-version":[{"id":28855,"href":"https:\/\/somo-sam.com\/index.php?rest_route=\/wp\/v2\/product\/28850\/revisions\/28855"}],"wp:featuredmedia":[{"embeddable":true,"href":"https:\/\/somo-sam.com\/index.php?rest_route=\/wp\/v2\/media\/28851"}],"wp:attachment":[{"href":"https:\/\/somo-sam.com\/index.php?rest_route=%2Fwp%2Fv2%2Fmedia&parent=28850"}],"wp:term":[{"taxonomy":"product_brand","embeddable":true,"href":"https:\/\/somo-sam.com\/index.php?rest_route=%2Fwp%2Fv2%2Fproduct_brand&post=28850"},{"taxonomy":"product_cat","embeddable":true,"href":"https:\/\/somo-sam.com\/index.php?rest_route=%2Fwp%2Fv2%2Fproduct_cat&post=28850"},{"taxonomy":"product_tag","embeddable":true,"href":"https:\/\/somo-sam.com\/index.php?rest_route=%2Fwp%2Fv2%2Fproduct_tag&post=28850"}],"curies":[{"name":"wp","href":"https:\/\/api.w.org\/{rel}","templated":true}]}}