{"id":28856,"date":"2025-02-20T16:32:38","date_gmt":"2025-02-20T15:32:38","guid":{"rendered":"https:\/\/somo-sam.com\/?post_type=product&#038;p=28856"},"modified":"2025-02-20T16:32:38","modified_gmt":"2025-02-20T15:32:38","slug":"plateau-de-service-zen","status":"publish","type":"product","link":"https:\/\/somo-sam.com\/?product=plateau-de-service-zen","title":{"rendered":"PLATEAU DE SERVICE ZEN"},"content":{"rendered":"<p>\u2022 En m\u00e9lamine (r\u00e9sine de synth\u00e8se)<\/p>\n<p>Dimensions : H10 x L295 X P155<\/p>\n<p>&nbsp;<\/p>\n","protected":false},"excerpt":{"rendered":"<p>\u2022 En m\u00e9lamine (r\u00e9sine de synth\u00e8se) Dimensions : H10 x L295 X P155 &nbsp;<\/p>\n","protected":false},"featured_media":28859,"template":"","meta":{"_acf_changed":false,"_monsterinsights_skip_tracking":false,"_monsterinsights_sitenote_active":false,"_monsterinsights_sitenote_note":"","_monsterinsights_sitenote_category":0},"product_brand":[],"product_cat":[253,252],"product_tag":[],"class_list":{"0":"post-28856","1":"product","2":"type-product","3":"status-publish","4":"has-post-thumbnail","6":"product_cat-destockage-hotellerie","7":"product_cat-hotellerie","9":"first","10":"instock","11":"taxable","12":"shipping-taxable","13":"purchasable","14":"product-type-variable","15":"add-to-wishlist-after_add_to_cart"},"acf":[],"yoast_head":"<!-- This site is optimized with the Yoast SEO plugin v23.6 - https:\/\/yoast.com\/wordpress\/plugins\/seo\/ -->\n<title>PLATEAU DE SERVICE ZEN - SOMO S.A.M<\/title>\n<meta name=\"description\" content=\"\u2022 En m\u00e9lamine (r\u00e9sine de synth\u00e8se) Dimensions : H10 x L295 X P155\" \/>\n<meta name=\"robots\" content=\"index, follow, max-snippet:-1, max-image-preview:large, max-video-preview:-1\" \/>\n<link rel=\"canonical\" href=\"https:\/\/somo-sam.com\/?product=plateau-de-service-zen\" \/>\n<meta property=\"og:locale\" content=\"fr_FR\" \/>\n<meta property=\"og:type\" content=\"article\" \/>\n<meta property=\"og:title\" content=\"PLATEAU DE SERVICE ZEN - SOMO S.A.M\" \/>\n<meta property=\"og:description\" content=\"\u2022 En m\u00e9lamine (r\u00e9sine de synth\u00e8se) Dimensions : H10 x L295 X P155\" \/>\n<meta property=\"og:url\" content=\"https:\/\/somo-sam.com\/?product=plateau-de-service-zen\" \/>\n<meta property=\"og:site_name\" content=\"SOMO S.A.M\" \/>\n<meta property=\"og:image\" content=\"https:\/\/somo-sam.com\/wp-content\/uploads\/2025\/02\/Ajouter-un-titre-1-2.png\" \/>\n\t<meta property=\"og:image:width\" content=\"1080\" \/>\n\t<meta property=\"og:image:height\" content=\"1080\" \/>\n\t<meta property=\"og:image:type\" content=\"image\/png\" \/>\n<meta name=\"twitter:card\" content=\"summary_large_image\" \/>\n<meta name=\"twitter:label1\" content=\"Dur\u00e9e de lecture estim\u00e9e\" \/>\n\t<meta name=\"twitter:data1\" content=\"1 minute\" \/>\n<script type=\"application\/ld+json\" class=\"yoast-schema-graph\">{\"@context\":\"https:\/\/schema.org\",\"@graph\":[{\"@type\":\"WebPage\",\"@id\":\"https:\/\/somo-sam.com\/?product=plateau-de-service-zen\",\"url\":\"https:\/\/somo-sam.com\/?product=plateau-de-service-zen\",\"name\":\"PLATEAU DE SERVICE ZEN - SOMO S.A.M\",\"isPartOf\":{\"@id\":\"http:\/\/somo-sam.com\/#website\"},\"primaryImageOfPage\":{\"@id\":\"https:\/\/somo-sam.com\/?product=plateau-de-service-zen#primaryimage\"},\"image\":{\"@id\":\"https:\/\/somo-sam.com\/?product=plateau-de-service-zen#primaryimage\"},\"thumbnailUrl\":\"https:\/\/somo-sam.com\/wp-content\/uploads\/2025\/02\/Ajouter-un-titre-1-2.png\",\"datePublished\":\"2025-02-20T15:32:38+00:00\",\"dateModified\":\"2025-02-20T15:32:38+00:00\",\"description\":\"\u2022 En m\u00e9lamine (r\u00e9sine de synth\u00e8se) Dimensions : H10 x L295 X P155\",\"breadcrumb\":{\"@id\":\"https:\/\/somo-sam.com\/?product=plateau-de-service-zen#breadcrumb\"},\"inLanguage\":\"fr-FR\",\"potentialAction\":[{\"@type\":\"ReadAction\",\"target\":[\"https:\/\/somo-sam.com\/?product=plateau-de-service-zen\"]}]},{\"@type\":\"ImageObject\",\"inLanguage\":\"fr-FR\",\"@id\":\"https:\/\/somo-sam.com\/?product=plateau-de-service-zen#primaryimage\",\"url\":\"https:\/\/somo-sam.com\/wp-content\/uploads\/2025\/02\/Ajouter-un-titre-1-2.png\",\"contentUrl\":\"https:\/\/somo-sam.com\/wp-content\/uploads\/2025\/02\/Ajouter-un-titre-1-2.png\",\"width\":1080,\"height\":1080},{\"@type\":\"BreadcrumbList\",\"@id\":\"https:\/\/somo-sam.com\/?product=plateau-de-service-zen#breadcrumb\",\"itemListElement\":[{\"@type\":\"ListItem\",\"position\":1,\"name\":\"Accueil\",\"item\":\"http:\/\/somo-sam.com\/\"},{\"@type\":\"ListItem\",\"position\":2,\"name\":\"Shop\",\"item\":\"https:\/\/somo-sam.com\/?page_id=413\"},{\"@type\":\"ListItem\",\"position\":3,\"name\":\"PLATEAU DE SERVICE ZEN\"}]},{\"@type\":\"WebSite\",\"@id\":\"http:\/\/somo-sam.com\/#website\",\"url\":\"http:\/\/somo-sam.com\/\",\"name\":\"SOMO S.A.M\",\"description\":\"Votre partenaire en \u00e9quipements h\u00f4teliers et de restauration\",\"potentialAction\":[{\"@type\":\"SearchAction\",\"target\":{\"@type\":\"EntryPoint\",\"urlTemplate\":\"http:\/\/somo-sam.com\/?s={search_term_string}\"},\"query-input\":{\"@type\":\"PropertyValueSpecification\",\"valueRequired\":true,\"valueName\":\"search_term_string\"}}],\"inLanguage\":\"fr-FR\"}]}<\/script>\n<!-- \/ Yoast SEO plugin. -->","yoast_head_json":{"title":"PLATEAU DE SERVICE ZEN - SOMO S.A.M","description":"\u2022 En m\u00e9lamine (r\u00e9sine de synth\u00e8se) Dimensions : H10 x L295 X P155","robots":{"index":"index","follow":"follow","max-snippet":"max-snippet:-1","max-image-preview":"max-image-preview:large","max-video-preview":"max-video-preview:-1"},"canonical":"https:\/\/somo-sam.com\/?product=plateau-de-service-zen","og_locale":"fr_FR","og_type":"article","og_title":"PLATEAU DE SERVICE ZEN - SOMO S.A.M","og_description":"\u2022 En m\u00e9lamine (r\u00e9sine de synth\u00e8se) Dimensions : H10 x L295 X P155","og_url":"https:\/\/somo-sam.com\/?product=plateau-de-service-zen","og_site_name":"SOMO S.A.M","og_image":[{"width":1080,"height":1080,"url":"https:\/\/somo-sam.com\/wp-content\/uploads\/2025\/02\/Ajouter-un-titre-1-2.png","type":"image\/png"}],"twitter_card":"summary_large_image","twitter_misc":{"Dur\u00e9e de lecture estim\u00e9e":"1 minute"},"schema":{"@context":"https:\/\/schema.org","@graph":[{"@type":"WebPage","@id":"https:\/\/somo-sam.com\/?product=plateau-de-service-zen","url":"https:\/\/somo-sam.com\/?product=plateau-de-service-zen","name":"PLATEAU DE SERVICE ZEN - SOMO S.A.M","isPartOf":{"@id":"http:\/\/somo-sam.com\/#website"},"primaryImageOfPage":{"@id":"https:\/\/somo-sam.com\/?product=plateau-de-service-zen#primaryimage"},"image":{"@id":"https:\/\/somo-sam.com\/?product=plateau-de-service-zen#primaryimage"},"thumbnailUrl":"https:\/\/somo-sam.com\/wp-content\/uploads\/2025\/02\/Ajouter-un-titre-1-2.png","datePublished":"2025-02-20T15:32:38+00:00","dateModified":"2025-02-20T15:32:38+00:00","description":"\u2022 En m\u00e9lamine (r\u00e9sine de synth\u00e8se) Dimensions : H10 x L295 X P155","breadcrumb":{"@id":"https:\/\/somo-sam.com\/?product=plateau-de-service-zen#breadcrumb"},"inLanguage":"fr-FR","potentialAction":[{"@type":"ReadAction","target":["https:\/\/somo-sam.com\/?product=plateau-de-service-zen"]}]},{"@type":"ImageObject","inLanguage":"fr-FR","@id":"https:\/\/somo-sam.com\/?product=plateau-de-service-zen#primaryimage","url":"https:\/\/somo-sam.com\/wp-content\/uploads\/2025\/02\/Ajouter-un-titre-1-2.png","contentUrl":"https:\/\/somo-sam.com\/wp-content\/uploads\/2025\/02\/Ajouter-un-titre-1-2.png","width":1080,"height":1080},{"@type":"BreadcrumbList","@id":"https:\/\/somo-sam.com\/?product=plateau-de-service-zen#breadcrumb","itemListElement":[{"@type":"ListItem","position":1,"name":"Accueil","item":"http:\/\/somo-sam.com\/"},{"@type":"ListItem","position":2,"name":"Shop","item":"https:\/\/somo-sam.com\/?page_id=413"},{"@type":"ListItem","position":3,"name":"PLATEAU DE SERVICE ZEN"}]},{"@type":"WebSite","@id":"http:\/\/somo-sam.com\/#website","url":"http:\/\/somo-sam.com\/","name":"SOMO S.A.M","description":"Votre partenaire en \u00e9quipements h\u00f4teliers et de restauration","potentialAction":[{"@type":"SearchAction","target":{"@type":"EntryPoint","urlTemplate":"http:\/\/somo-sam.com\/?s={search_term_string}"},"query-input":{"@type":"PropertyValueSpecification","valueRequired":true,"valueName":"search_term_string"}}],"inLanguage":"fr-FR"}]}},"_links":{"self":[{"href":"https:\/\/somo-sam.com\/index.php?rest_route=\/wp\/v2\/product\/28856","targetHints":{"allow":["GET"]}}],"collection":[{"href":"https:\/\/somo-sam.com\/index.php?rest_route=\/wp\/v2\/product"}],"about":[{"href":"https:\/\/somo-sam.com\/index.php?rest_route=\/wp\/v2\/types\/product"}],"version-history":[{"count":1,"href":"https:\/\/somo-sam.com\/index.php?rest_route=\/wp\/v2\/product\/28856\/revisions"}],"predecessor-version":[{"id":28861,"href":"https:\/\/somo-sam.com\/index.php?rest_route=\/wp\/v2\/product\/28856\/revisions\/28861"}],"wp:featuredmedia":[{"embeddable":true,"href":"https:\/\/somo-sam.com\/index.php?rest_route=\/wp\/v2\/media\/28859"}],"wp:attachment":[{"href":"https:\/\/somo-sam.com\/index.php?rest_route=%2Fwp%2Fv2%2Fmedia&parent=28856"}],"wp:term":[{"taxonomy":"product_brand","embeddable":true,"href":"https:\/\/somo-sam.com\/index.php?rest_route=%2Fwp%2Fv2%2Fproduct_brand&post=28856"},{"taxonomy":"product_cat","embeddable":true,"href":"https:\/\/somo-sam.com\/index.php?rest_route=%2Fwp%2Fv2%2Fproduct_cat&post=28856"},{"taxonomy":"product_tag","embeddable":true,"href":"https:\/\/somo-sam.com\/index.php?rest_route=%2Fwp%2Fv2%2Fproduct_tag&post=28856"}],"curies":[{"name":"wp","href":"https:\/\/api.w.org\/{rel}","templated":true}]}}