{"id":28886,"date":"2025-02-20T17:18:13","date_gmt":"2025-02-20T16:18:13","guid":{"rendered":"https:\/\/somo-sam.com\/?post_type=product&#038;p=28886"},"modified":"2026-04-10T15:13:06","modified_gmt":"2026-04-10T13:13:06","slug":"valera-premium-1600-super","status":"publish","type":"product","link":"https:\/\/somo-sam.com\/?product=valera-premium-1600-super","title":{"rendered":"PREMIUM SUPER VALERA"},"content":{"rendered":"<p>Ce s\u00e8che-cheveux mural est con\u00e7u pour offrir un s\u00e9chage rapide et hygi\u00e9nique dans les chambres d&#8217;h\u00f4tel. Dot\u00e9 de <strong data-start=\"204\" data-end=\"233\">2 vitesses de ventilation<\/strong> et <strong data-start=\"237\" data-end=\"265\">3 niveaux de temp\u00e9rature<\/strong>, il s\u2019adapte aux besoins de chaque utilisateur. Son mode <strong data-start=\"323\" data-end=\"331\">Cool<\/strong> permet un refroidissement efficace apr\u00e8s le s\u00e9chage. Gr\u00e2ce \u00e0 son <strong data-start=\"397\" data-end=\"439\">traitement antibact\u00e9rien au nanoargent<\/strong>, il garantit une utilisation plus hygi\u00e9nique, id\u00e9ale pour un usage en milieu h\u00f4telier. Son <strong data-start=\"531\" data-end=\"554\">concentrateur d\u2019air<\/strong> assure un coiffage pr\u00e9cis, tandis que son <strong data-start=\"597\" data-end=\"657\">support mural avec interrupteur de s\u00e9curit\u00e9 marche\/arr\u00eat<\/strong> offre un rangement pratique et s\u00e9curis\u00e9. Avec une puissance de <strong data-start=\"721\" data-end=\"738\">1200W ou 1600W<\/strong> et un poids l\u00e9ger de 7<strong data-start=\"760\" data-end=\"782\">00 g (hors c\u00e2ble)<\/strong>, ce s\u00e8che-cheveux allie performance et ergonomie.<\/p>\n","protected":false},"excerpt":{"rendered":"<h3>PREMIUM SUPER VALERA<\/h3>\n","protected":false},"featured_media":28887,"template":"","meta":{"_acf_changed":false,"_monsterinsights_skip_tracking":false,"_monsterinsights_sitenote_active":false,"_monsterinsights_sitenote_note":"","_monsterinsights_sitenote_category":0},"product_brand":[],"product_cat":[252,247,248],"product_tag":[],"class_list":{"0":"post-28886","1":"product","2":"type-product","3":"status-publish","4":"has-post-thumbnail","6":"product_cat-hotellerie","7":"product_cat-salle-de-bains","8":"product_cat-seche-cheveux-pistolets-avec-support-mural","10":"first","11":"instock","12":"taxable","13":"shipping-taxable","14":"purchasable","15":"product-type-variable","16":"add-to-wishlist-after_add_to_cart"},"acf":[],"yoast_head":"<!-- This site is optimized with the Yoast SEO plugin v23.6 - https:\/\/yoast.com\/wordpress\/plugins\/seo\/ -->\n<title>PREMIUM SUPER VALERA<\/title>\n<meta name=\"description\" content=\"S\u00e8che-cheveux mural 1600W pour h\u00f4tel avec 2 vitesses, 3 temp\u00e9ratures et traitement antibact\u00e9rien au nanoargent. S\u00e9curis\u00e9, l\u00e9ger et pratique avec support mural.\" \/>\n<meta name=\"robots\" content=\"index, follow, max-snippet:-1, max-image-preview:large, max-video-preview:-1\" \/>\n<link rel=\"canonical\" href=\"https:\/\/somo-sam.com\/?product=valera-premium-1600-super\" \/>\n<meta property=\"og:locale\" content=\"fr_FR\" \/>\n<meta property=\"og:type\" content=\"article\" \/>\n<meta property=\"og:title\" content=\"PREMIUM SUPER VALERA\" \/>\n<meta property=\"og:description\" content=\"S\u00e8che-cheveux mural 1600W pour h\u00f4tel avec 2 vitesses, 3 temp\u00e9ratures et traitement antibact\u00e9rien au nanoargent. S\u00e9curis\u00e9, l\u00e9ger et pratique avec support mural.\" \/>\n<meta property=\"og:url\" content=\"https:\/\/somo-sam.com\/?product=valera-premium-1600-super\" \/>\n<meta property=\"og:site_name\" content=\"SOMO S.A.M\" \/>\n<meta property=\"article:modified_time\" content=\"2026-04-10T13:13:06+00:00\" \/>\n<meta property=\"og:image\" content=\"https:\/\/somo-sam.com\/wp-content\/uploads\/2025\/02\/premium-super.png\" \/>\n\t<meta property=\"og:image:width\" content=\"1080\" \/>\n\t<meta property=\"og:image:height\" content=\"1080\" \/>\n\t<meta property=\"og:image:type\" content=\"image\/png\" \/>\n<meta name=\"twitter:card\" content=\"summary_large_image\" \/>\n<meta name=\"twitter:label1\" content=\"Dur\u00e9e de lecture estim\u00e9e\" \/>\n\t<meta name=\"twitter:data1\" content=\"1 minute\" \/>\n<script type=\"application\/ld+json\" class=\"yoast-schema-graph\">{\"@context\":\"https:\/\/schema.org\",\"@graph\":[{\"@type\":\"WebPage\",\"@id\":\"https:\/\/somo-sam.com\/?product=valera-premium-1600-super\",\"url\":\"https:\/\/somo-sam.com\/?product=valera-premium-1600-super\",\"name\":\"PREMIUM SUPER VALERA\",\"isPartOf\":{\"@id\":\"http:\/\/somo-sam.com\/#website\"},\"primaryImageOfPage\":{\"@id\":\"https:\/\/somo-sam.com\/?product=valera-premium-1600-super#primaryimage\"},\"image\":{\"@id\":\"https:\/\/somo-sam.com\/?product=valera-premium-1600-super#primaryimage\"},\"thumbnailUrl\":\"https:\/\/somo-sam.com\/wp-content\/uploads\/2025\/02\/premium-super.png\",\"datePublished\":\"2025-02-20T16:18:13+00:00\",\"dateModified\":\"2026-04-10T13:13:06+00:00\",\"description\":\"S\u00e8che-cheveux mural 1600W pour h\u00f4tel avec 2 vitesses, 3 temp\u00e9ratures et traitement antibact\u00e9rien au nanoargent. S\u00e9curis\u00e9, l\u00e9ger et pratique avec support mural.\",\"breadcrumb\":{\"@id\":\"https:\/\/somo-sam.com\/?product=valera-premium-1600-super#breadcrumb\"},\"inLanguage\":\"fr-FR\",\"potentialAction\":[{\"@type\":\"ReadAction\",\"target\":[\"https:\/\/somo-sam.com\/?product=valera-premium-1600-super\"]}]},{\"@type\":\"ImageObject\",\"inLanguage\":\"fr-FR\",\"@id\":\"https:\/\/somo-sam.com\/?product=valera-premium-1600-super#primaryimage\",\"url\":\"https:\/\/somo-sam.com\/wp-content\/uploads\/2025\/02\/premium-super.png\",\"contentUrl\":\"https:\/\/somo-sam.com\/wp-content\/uploads\/2025\/02\/premium-super.png\",\"width\":1080,\"height\":1080},{\"@type\":\"BreadcrumbList\",\"@id\":\"https:\/\/somo-sam.com\/?product=valera-premium-1600-super#breadcrumb\",\"itemListElement\":[{\"@type\":\"ListItem\",\"position\":1,\"name\":\"Accueil\",\"item\":\"http:\/\/somo-sam.com\/\"},{\"@type\":\"ListItem\",\"position\":2,\"name\":\"Shop\",\"item\":\"https:\/\/somo-sam.com\/?page_id=413\"},{\"@type\":\"ListItem\",\"position\":3,\"name\":\"PREMIUM SUPER VALERA\"}]},{\"@type\":\"WebSite\",\"@id\":\"http:\/\/somo-sam.com\/#website\",\"url\":\"http:\/\/somo-sam.com\/\",\"name\":\"SOMO S.A.M\",\"description\":\"Votre partenaire en \u00e9quipements h\u00f4teliers et de restauration\",\"potentialAction\":[{\"@type\":\"SearchAction\",\"target\":{\"@type\":\"EntryPoint\",\"urlTemplate\":\"http:\/\/somo-sam.com\/?s={search_term_string}\"},\"query-input\":{\"@type\":\"PropertyValueSpecification\",\"valueRequired\":true,\"valueName\":\"search_term_string\"}}],\"inLanguage\":\"fr-FR\"}]}<\/script>\n<!-- \/ Yoast SEO plugin. -->","yoast_head_json":{"title":"PREMIUM SUPER VALERA","description":"S\u00e8che-cheveux mural 1600W pour h\u00f4tel avec 2 vitesses, 3 temp\u00e9ratures et traitement antibact\u00e9rien au nanoargent. S\u00e9curis\u00e9, l\u00e9ger et pratique avec support mural.","robots":{"index":"index","follow":"follow","max-snippet":"max-snippet:-1","max-image-preview":"max-image-preview:large","max-video-preview":"max-video-preview:-1"},"canonical":"https:\/\/somo-sam.com\/?product=valera-premium-1600-super","og_locale":"fr_FR","og_type":"article","og_title":"PREMIUM SUPER VALERA","og_description":"S\u00e8che-cheveux mural 1600W pour h\u00f4tel avec 2 vitesses, 3 temp\u00e9ratures et traitement antibact\u00e9rien au nanoargent. S\u00e9curis\u00e9, l\u00e9ger et pratique avec support mural.","og_url":"https:\/\/somo-sam.com\/?product=valera-premium-1600-super","og_site_name":"SOMO S.A.M","article_modified_time":"2026-04-10T13:13:06+00:00","og_image":[{"width":1080,"height":1080,"url":"https:\/\/somo-sam.com\/wp-content\/uploads\/2025\/02\/premium-super.png","type":"image\/png"}],"twitter_card":"summary_large_image","twitter_misc":{"Dur\u00e9e de lecture estim\u00e9e":"1 minute"},"schema":{"@context":"https:\/\/schema.org","@graph":[{"@type":"WebPage","@id":"https:\/\/somo-sam.com\/?product=valera-premium-1600-super","url":"https:\/\/somo-sam.com\/?product=valera-premium-1600-super","name":"PREMIUM SUPER VALERA","isPartOf":{"@id":"http:\/\/somo-sam.com\/#website"},"primaryImageOfPage":{"@id":"https:\/\/somo-sam.com\/?product=valera-premium-1600-super#primaryimage"},"image":{"@id":"https:\/\/somo-sam.com\/?product=valera-premium-1600-super#primaryimage"},"thumbnailUrl":"https:\/\/somo-sam.com\/wp-content\/uploads\/2025\/02\/premium-super.png","datePublished":"2025-02-20T16:18:13+00:00","dateModified":"2026-04-10T13:13:06+00:00","description":"S\u00e8che-cheveux mural 1600W pour h\u00f4tel avec 2 vitesses, 3 temp\u00e9ratures et traitement antibact\u00e9rien au nanoargent. S\u00e9curis\u00e9, l\u00e9ger et pratique avec support mural.","breadcrumb":{"@id":"https:\/\/somo-sam.com\/?product=valera-premium-1600-super#breadcrumb"},"inLanguage":"fr-FR","potentialAction":[{"@type":"ReadAction","target":["https:\/\/somo-sam.com\/?product=valera-premium-1600-super"]}]},{"@type":"ImageObject","inLanguage":"fr-FR","@id":"https:\/\/somo-sam.com\/?product=valera-premium-1600-super#primaryimage","url":"https:\/\/somo-sam.com\/wp-content\/uploads\/2025\/02\/premium-super.png","contentUrl":"https:\/\/somo-sam.com\/wp-content\/uploads\/2025\/02\/premium-super.png","width":1080,"height":1080},{"@type":"BreadcrumbList","@id":"https:\/\/somo-sam.com\/?product=valera-premium-1600-super#breadcrumb","itemListElement":[{"@type":"ListItem","position":1,"name":"Accueil","item":"http:\/\/somo-sam.com\/"},{"@type":"ListItem","position":2,"name":"Shop","item":"https:\/\/somo-sam.com\/?page_id=413"},{"@type":"ListItem","position":3,"name":"PREMIUM SUPER VALERA"}]},{"@type":"WebSite","@id":"http:\/\/somo-sam.com\/#website","url":"http:\/\/somo-sam.com\/","name":"SOMO S.A.M","description":"Votre partenaire en \u00e9quipements h\u00f4teliers et de restauration","potentialAction":[{"@type":"SearchAction","target":{"@type":"EntryPoint","urlTemplate":"http:\/\/somo-sam.com\/?s={search_term_string}"},"query-input":{"@type":"PropertyValueSpecification","valueRequired":true,"valueName":"search_term_string"}}],"inLanguage":"fr-FR"}]}},"_links":{"self":[{"href":"https:\/\/somo-sam.com\/index.php?rest_route=\/wp\/v2\/product\/28886","targetHints":{"allow":["GET"]}}],"collection":[{"href":"https:\/\/somo-sam.com\/index.php?rest_route=\/wp\/v2\/product"}],"about":[{"href":"https:\/\/somo-sam.com\/index.php?rest_route=\/wp\/v2\/types\/product"}],"version-history":[{"count":5,"href":"https:\/\/somo-sam.com\/index.php?rest_route=\/wp\/v2\/product\/28886\/revisions"}],"predecessor-version":[{"id":32246,"href":"https:\/\/somo-sam.com\/index.php?rest_route=\/wp\/v2\/product\/28886\/revisions\/32246"}],"wp:featuredmedia":[{"embeddable":true,"href":"https:\/\/somo-sam.com\/index.php?rest_route=\/wp\/v2\/media\/28887"}],"wp:attachment":[{"href":"https:\/\/somo-sam.com\/index.php?rest_route=%2Fwp%2Fv2%2Fmedia&parent=28886"}],"wp:term":[{"taxonomy":"product_brand","embeddable":true,"href":"https:\/\/somo-sam.com\/index.php?rest_route=%2Fwp%2Fv2%2Fproduct_brand&post=28886"},{"taxonomy":"product_cat","embeddable":true,"href":"https:\/\/somo-sam.com\/index.php?rest_route=%2Fwp%2Fv2%2Fproduct_cat&post=28886"},{"taxonomy":"product_tag","embeddable":true,"href":"https:\/\/somo-sam.com\/index.php?rest_route=%2Fwp%2Fv2%2Fproduct_tag&post=28886"}],"curies":[{"name":"wp","href":"https:\/\/api.w.org\/{rel}","templated":true}]}}