{"id":28917,"date":"2025-02-21T14:44:39","date_gmt":"2025-02-21T13:44:39","guid":{"rendered":"https:\/\/somo-sam.com\/?post_type=product&#038;p=28917"},"modified":"2026-04-10T16:00:12","modified_gmt":"2026-04-10T14:00:12","slug":"valera-action-super-plus-all-black-1200w-1600w-1800w","status":"publish","type":"product","link":"https:\/\/somo-sam.com\/?product=valera-action-super-plus-all-black-1200w-1600w-1800w","title":{"rendered":"ACTION SUPER PLUS VALERA"},"content":{"rendered":"<ul data-start=\"95\" data-end=\"661\">\n<li data-start=\"95\" data-end=\"188\">Interrupteur \u00e0 glissi\u00e8re : 2 positions de ventilation, 3 positions de chauffe<\/li>\n<li data-start=\"532\" data-end=\"661\">Position COOL \u00e0 air ti\u00e8de<\/li>\n<li data-start=\"532\" data-end=\"661\">Concentrateur d&#8217;air<\/li>\n<li data-start=\"532\" data-end=\"661\">Bouton poussoir on\/off<\/li>\n<li data-start=\"532\" data-end=\"661\">El\u00e9ment chauffant \u00e0 onde SECURITY<\/li>\n<li data-start=\"532\" data-end=\"661\">Support mural avec interrupteur de s\u00e9curit\u00e9 on\/off<\/li>\n<li data-start=\"532\" data-end=\"661\">IP20<\/li>\n<li data-start=\"532\" data-end=\"661\">Puissances 1200, 1600 ou 1800W<\/li>\n<li data-start=\"532\" data-end=\"661\">Couleurs : Blanc, noir ou noir\/acier<\/li>\n<li data-start=\"532\" data-end=\"661\">Certification europ\u00e9enne CE<\/li>\n<\/ul>\n<p>&nbsp;<\/p>\n","protected":false},"excerpt":{"rendered":"<h3>ACTION SUPER PLUS VALERA<\/h3>\n","protected":false},"featured_media":28927,"template":"","meta":{"_acf_changed":false,"_monsterinsights_skip_tracking":false,"_monsterinsights_sitenote_active":false,"_monsterinsights_sitenote_note":"","_monsterinsights_sitenote_category":0},"product_brand":[279],"product_cat":[252,247,248],"product_tag":[],"class_list":{"0":"post-28917","1":"product","2":"type-product","3":"status-publish","4":"has-post-thumbnail","6":"product_brand-valera","7":"product_cat-hotellerie","8":"product_cat-salle-de-bains","9":"product_cat-seche-cheveux-pistolets-avec-support-mural","11":"first","12":"instock","13":"taxable","14":"shipping-taxable","15":"purchasable","16":"product-type-variable","17":"add-to-wishlist-after_add_to_cart"},"acf":[],"yoast_head":"<!-- This site is optimized with the Yoast SEO plugin v23.6 - https:\/\/yoast.com\/wordpress\/plugins\/seo\/ -->\n<title>ACTION SUPER PLUS VALERA - SOMO S.A.M<\/title>\n<meta name=\"description\" content=\"Le s\u00e8che-cheveux Valera Action Super Plus 1200W, 1600W, 1800W, con\u00e7u pour les h\u00f4tels, offre 3 r\u00e9glages de temp\u00e9rature, 2 vitesses de ventilation et une fonction Cool pour un s\u00e9chage efficace et s\u00e9curis\u00e9. Son \u00e9l\u00e9ment chauffant \u00e0 onde Security garantit une chaleur homog\u00e8ne. Puissant (1200W \/ 1600W \/ 1800W)\" \/>\n<meta name=\"robots\" content=\"index, follow, max-snippet:-1, max-image-preview:large, max-video-preview:-1\" \/>\n<link rel=\"canonical\" href=\"https:\/\/somo-sam.com\/?product=valera-action-super-plus-all-black-1200w-1600w-1800w\" \/>\n<meta property=\"og:locale\" content=\"fr_FR\" \/>\n<meta property=\"og:type\" content=\"article\" \/>\n<meta property=\"og:title\" content=\"ACTION SUPER PLUS VALERA - SOMO S.A.M\" \/>\n<meta property=\"og:description\" content=\"Le s\u00e8che-cheveux Valera Action Super Plus 1200W, 1600W, 1800W, con\u00e7u pour les h\u00f4tels, offre 3 r\u00e9glages de temp\u00e9rature, 2 vitesses de ventilation et une fonction Cool pour un s\u00e9chage efficace et s\u00e9curis\u00e9. Son \u00e9l\u00e9ment chauffant \u00e0 onde Security garantit une chaleur homog\u00e8ne. Puissant (1200W \/ 1600W \/ 1800W)\" \/>\n<meta property=\"og:url\" content=\"https:\/\/somo-sam.com\/?product=valera-action-super-plus-all-black-1200w-1600w-1800w\" \/>\n<meta property=\"og:site_name\" content=\"SOMO S.A.M\" \/>\n<meta property=\"article:modified_time\" content=\"2026-04-10T14:00:12+00:00\" \/>\n<meta property=\"og:image\" content=\"https:\/\/somo-sam.com\/wp-content\/uploads\/2025\/02\/Valera-Action-Super-Plus-1200w-1600w-1800w-All-Black.png\" \/>\n\t<meta property=\"og:image:width\" content=\"1080\" \/>\n\t<meta property=\"og:image:height\" content=\"1080\" \/>\n\t<meta property=\"og:image:type\" content=\"image\/png\" \/>\n<meta name=\"twitter:card\" content=\"summary_large_image\" \/>\n<meta name=\"twitter:label1\" content=\"Dur\u00e9e de lecture estim\u00e9e\" \/>\n\t<meta name=\"twitter:data1\" content=\"1 minute\" \/>\n<script type=\"application\/ld+json\" class=\"yoast-schema-graph\">{\"@context\":\"https:\/\/schema.org\",\"@graph\":[{\"@type\":\"WebPage\",\"@id\":\"https:\/\/somo-sam.com\/?product=valera-action-super-plus-all-black-1200w-1600w-1800w\",\"url\":\"https:\/\/somo-sam.com\/?product=valera-action-super-plus-all-black-1200w-1600w-1800w\",\"name\":\"ACTION SUPER PLUS VALERA - SOMO S.A.M\",\"isPartOf\":{\"@id\":\"http:\/\/somo-sam.com\/#website\"},\"primaryImageOfPage\":{\"@id\":\"https:\/\/somo-sam.com\/?product=valera-action-super-plus-all-black-1200w-1600w-1800w#primaryimage\"},\"image\":{\"@id\":\"https:\/\/somo-sam.com\/?product=valera-action-super-plus-all-black-1200w-1600w-1800w#primaryimage\"},\"thumbnailUrl\":\"https:\/\/somo-sam.com\/wp-content\/uploads\/2025\/02\/Valera-Action-Super-Plus-1200w-1600w-1800w-All-Black.png\",\"datePublished\":\"2025-02-21T13:44:39+00:00\",\"dateModified\":\"2026-04-10T14:00:12+00:00\",\"description\":\"Le s\u00e8che-cheveux Valera Action Super Plus 1200W, 1600W, 1800W, con\u00e7u pour les h\u00f4tels, offre 3 r\u00e9glages de temp\u00e9rature, 2 vitesses de ventilation et une fonction Cool pour un s\u00e9chage efficace et s\u00e9curis\u00e9. Son \u00e9l\u00e9ment chauffant \u00e0 onde Security garantit une chaleur homog\u00e8ne. Puissant (1200W \/ 1600W \/ 1800W)\",\"breadcrumb\":{\"@id\":\"https:\/\/somo-sam.com\/?product=valera-action-super-plus-all-black-1200w-1600w-1800w#breadcrumb\"},\"inLanguage\":\"fr-FR\",\"potentialAction\":[{\"@type\":\"ReadAction\",\"target\":[\"https:\/\/somo-sam.com\/?product=valera-action-super-plus-all-black-1200w-1600w-1800w\"]}]},{\"@type\":\"ImageObject\",\"inLanguage\":\"fr-FR\",\"@id\":\"https:\/\/somo-sam.com\/?product=valera-action-super-plus-all-black-1200w-1600w-1800w#primaryimage\",\"url\":\"https:\/\/somo-sam.com\/wp-content\/uploads\/2025\/02\/Valera-Action-Super-Plus-1200w-1600w-1800w-All-Black.png\",\"contentUrl\":\"https:\/\/somo-sam.com\/wp-content\/uploads\/2025\/02\/Valera-Action-Super-Plus-1200w-1600w-1800w-All-Black.png\",\"width\":1080,\"height\":1080},{\"@type\":\"BreadcrumbList\",\"@id\":\"https:\/\/somo-sam.com\/?product=valera-action-super-plus-all-black-1200w-1600w-1800w#breadcrumb\",\"itemListElement\":[{\"@type\":\"ListItem\",\"position\":1,\"name\":\"Accueil\",\"item\":\"http:\/\/somo-sam.com\/\"},{\"@type\":\"ListItem\",\"position\":2,\"name\":\"Shop\",\"item\":\"https:\/\/somo-sam.com\/?page_id=413\"},{\"@type\":\"ListItem\",\"position\":3,\"name\":\"ACTION SUPER PLUS VALERA\"}]},{\"@type\":\"WebSite\",\"@id\":\"http:\/\/somo-sam.com\/#website\",\"url\":\"http:\/\/somo-sam.com\/\",\"name\":\"SOMO S.A.M\",\"description\":\"Votre partenaire en \u00e9quipements h\u00f4teliers et de restauration\",\"potentialAction\":[{\"@type\":\"SearchAction\",\"target\":{\"@type\":\"EntryPoint\",\"urlTemplate\":\"http:\/\/somo-sam.com\/?s={search_term_string}\"},\"query-input\":{\"@type\":\"PropertyValueSpecification\",\"valueRequired\":true,\"valueName\":\"search_term_string\"}}],\"inLanguage\":\"fr-FR\"}]}<\/script>\n<!-- \/ Yoast SEO plugin. -->","yoast_head_json":{"title":"ACTION SUPER PLUS VALERA - SOMO S.A.M","description":"Le s\u00e8che-cheveux Valera Action Super Plus 1200W, 1600W, 1800W, con\u00e7u pour les h\u00f4tels, offre 3 r\u00e9glages de temp\u00e9rature, 2 vitesses de ventilation et une fonction Cool pour un s\u00e9chage efficace et s\u00e9curis\u00e9. Son \u00e9l\u00e9ment chauffant \u00e0 onde Security garantit une chaleur homog\u00e8ne. Puissant (1200W \/ 1600W \/ 1800W)","robots":{"index":"index","follow":"follow","max-snippet":"max-snippet:-1","max-image-preview":"max-image-preview:large","max-video-preview":"max-video-preview:-1"},"canonical":"https:\/\/somo-sam.com\/?product=valera-action-super-plus-all-black-1200w-1600w-1800w","og_locale":"fr_FR","og_type":"article","og_title":"ACTION SUPER PLUS VALERA - SOMO S.A.M","og_description":"Le s\u00e8che-cheveux Valera Action Super Plus 1200W, 1600W, 1800W, con\u00e7u pour les h\u00f4tels, offre 3 r\u00e9glages de temp\u00e9rature, 2 vitesses de ventilation et une fonction Cool pour un s\u00e9chage efficace et s\u00e9curis\u00e9. Son \u00e9l\u00e9ment chauffant \u00e0 onde Security garantit une chaleur homog\u00e8ne. Puissant (1200W \/ 1600W \/ 1800W)","og_url":"https:\/\/somo-sam.com\/?product=valera-action-super-plus-all-black-1200w-1600w-1800w","og_site_name":"SOMO S.A.M","article_modified_time":"2026-04-10T14:00:12+00:00","og_image":[{"width":1080,"height":1080,"url":"https:\/\/somo-sam.com\/wp-content\/uploads\/2025\/02\/Valera-Action-Super-Plus-1200w-1600w-1800w-All-Black.png","type":"image\/png"}],"twitter_card":"summary_large_image","twitter_misc":{"Dur\u00e9e de lecture estim\u00e9e":"1 minute"},"schema":{"@context":"https:\/\/schema.org","@graph":[{"@type":"WebPage","@id":"https:\/\/somo-sam.com\/?product=valera-action-super-plus-all-black-1200w-1600w-1800w","url":"https:\/\/somo-sam.com\/?product=valera-action-super-plus-all-black-1200w-1600w-1800w","name":"ACTION SUPER PLUS VALERA - SOMO S.A.M","isPartOf":{"@id":"http:\/\/somo-sam.com\/#website"},"primaryImageOfPage":{"@id":"https:\/\/somo-sam.com\/?product=valera-action-super-plus-all-black-1200w-1600w-1800w#primaryimage"},"image":{"@id":"https:\/\/somo-sam.com\/?product=valera-action-super-plus-all-black-1200w-1600w-1800w#primaryimage"},"thumbnailUrl":"https:\/\/somo-sam.com\/wp-content\/uploads\/2025\/02\/Valera-Action-Super-Plus-1200w-1600w-1800w-All-Black.png","datePublished":"2025-02-21T13:44:39+00:00","dateModified":"2026-04-10T14:00:12+00:00","description":"Le s\u00e8che-cheveux Valera Action Super Plus 1200W, 1600W, 1800W, con\u00e7u pour les h\u00f4tels, offre 3 r\u00e9glages de temp\u00e9rature, 2 vitesses de ventilation et une fonction Cool pour un s\u00e9chage efficace et s\u00e9curis\u00e9. Son \u00e9l\u00e9ment chauffant \u00e0 onde Security garantit une chaleur homog\u00e8ne. Puissant (1200W \/ 1600W \/ 1800W)","breadcrumb":{"@id":"https:\/\/somo-sam.com\/?product=valera-action-super-plus-all-black-1200w-1600w-1800w#breadcrumb"},"inLanguage":"fr-FR","potentialAction":[{"@type":"ReadAction","target":["https:\/\/somo-sam.com\/?product=valera-action-super-plus-all-black-1200w-1600w-1800w"]}]},{"@type":"ImageObject","inLanguage":"fr-FR","@id":"https:\/\/somo-sam.com\/?product=valera-action-super-plus-all-black-1200w-1600w-1800w#primaryimage","url":"https:\/\/somo-sam.com\/wp-content\/uploads\/2025\/02\/Valera-Action-Super-Plus-1200w-1600w-1800w-All-Black.png","contentUrl":"https:\/\/somo-sam.com\/wp-content\/uploads\/2025\/02\/Valera-Action-Super-Plus-1200w-1600w-1800w-All-Black.png","width":1080,"height":1080},{"@type":"BreadcrumbList","@id":"https:\/\/somo-sam.com\/?product=valera-action-super-plus-all-black-1200w-1600w-1800w#breadcrumb","itemListElement":[{"@type":"ListItem","position":1,"name":"Accueil","item":"http:\/\/somo-sam.com\/"},{"@type":"ListItem","position":2,"name":"Shop","item":"https:\/\/somo-sam.com\/?page_id=413"},{"@type":"ListItem","position":3,"name":"ACTION SUPER PLUS VALERA"}]},{"@type":"WebSite","@id":"http:\/\/somo-sam.com\/#website","url":"http:\/\/somo-sam.com\/","name":"SOMO S.A.M","description":"Votre partenaire en \u00e9quipements h\u00f4teliers et de restauration","potentialAction":[{"@type":"SearchAction","target":{"@type":"EntryPoint","urlTemplate":"http:\/\/somo-sam.com\/?s={search_term_string}"},"query-input":{"@type":"PropertyValueSpecification","valueRequired":true,"valueName":"search_term_string"}}],"inLanguage":"fr-FR"}]}},"_links":{"self":[{"href":"https:\/\/somo-sam.com\/index.php?rest_route=\/wp\/v2\/product\/28917","targetHints":{"allow":["GET"]}}],"collection":[{"href":"https:\/\/somo-sam.com\/index.php?rest_route=\/wp\/v2\/product"}],"about":[{"href":"https:\/\/somo-sam.com\/index.php?rest_route=\/wp\/v2\/types\/product"}],"version-history":[{"count":4,"href":"https:\/\/somo-sam.com\/index.php?rest_route=\/wp\/v2\/product\/28917\/revisions"}],"predecessor-version":[{"id":32256,"href":"https:\/\/somo-sam.com\/index.php?rest_route=\/wp\/v2\/product\/28917\/revisions\/32256"}],"wp:featuredmedia":[{"embeddable":true,"href":"https:\/\/somo-sam.com\/index.php?rest_route=\/wp\/v2\/media\/28927"}],"wp:attachment":[{"href":"https:\/\/somo-sam.com\/index.php?rest_route=%2Fwp%2Fv2%2Fmedia&parent=28917"}],"wp:term":[{"taxonomy":"product_brand","embeddable":true,"href":"https:\/\/somo-sam.com\/index.php?rest_route=%2Fwp%2Fv2%2Fproduct_brand&post=28917"},{"taxonomy":"product_cat","embeddable":true,"href":"https:\/\/somo-sam.com\/index.php?rest_route=%2Fwp%2Fv2%2Fproduct_cat&post=28917"},{"taxonomy":"product_tag","embeddable":true,"href":"https:\/\/somo-sam.com\/index.php?rest_route=%2Fwp%2Fv2%2Fproduct_tag&post=28917"}],"curies":[{"name":"wp","href":"https:\/\/api.w.org\/{rel}","templated":true}]}}