{"id":28970,"date":"2025-02-24T11:54:40","date_gmt":"2025-02-24T10:54:40","guid":{"rendered":"https:\/\/somo-sam.com\/?post_type=product&#038;p=28970"},"modified":"2025-02-24T11:54:41","modified_gmt":"2025-02-24T10:54:41","slug":"valera-action-protect-1600-shaver-avec-prise","status":"publish","type":"product","link":"https:\/\/somo-sam.com\/?product=valera-action-protect-1600-shaver-avec-prise","title":{"rendered":"Valera Action Protect 1600 Shaver avec prise"},"content":{"rendered":"<p data-start=\"101\" data-end=\"394\">Le <strong data-start=\"104\" data-end=\"141\">Valera Action Protect 1600 Shaver<\/strong> est un s\u00e8che-cheveux mural haut de gamme, con\u00e7u pour les environnements professionnels et h\u00f4teliers. Alliant puissance, ergonomie et s\u00e9curit\u00e9, il int\u00e8gre la technologie <strong data-start=\"311\" data-end=\"326\">Electrostop<\/strong>, offrant une protection renforc\u00e9e contre les risques \u00e9lectriques.<\/p>\n<h3 data-start=\"396\" data-end=\"436\"><strong data-start=\"400\" data-end=\"434\">Caract\u00e9ristiques principales :<\/strong><\/h3>\n<ul data-start=\"437\" data-end=\"1358\">\n<li data-start=\"437\" data-end=\"500\"><strong data-start=\"439\" data-end=\"462\">Puissance de 1600 W<\/strong> pour un s\u00e9chage rapide et efficace.<\/li>\n<li data-start=\"501\" data-end=\"620\"><strong data-start=\"503\" data-end=\"524\">Bouton coulissant<\/strong> avec <strong data-start=\"530\" data-end=\"559\">2 vitesses de ventilation<\/strong> et <strong data-start=\"563\" data-end=\"591\">3 niveaux de temp\u00e9rature<\/strong> pour un ajustement pr\u00e9cis.<\/li>\n<li data-start=\"621\" data-end=\"706\"><strong data-start=\"623\" data-end=\"656\">Phase de refroidissement Cool<\/strong> pour fixer la coiffure et \u00e9viter la surchauffe.<\/li>\n<li data-start=\"707\" data-end=\"779\"><strong data-start=\"709\" data-end=\"735\">Bouton poussoir on\/off<\/strong> pour une utilisation simple et s\u00e9curis\u00e9e.<\/li>\n<li data-start=\"780\" data-end=\"852\"><strong data-start=\"782\" data-end=\"805\">Concentrateur d\u2019air<\/strong> pour un flux pr\u00e9cis et un coiffage optimis\u00e9.<\/li>\n<li data-start=\"853\" data-end=\"942\"><strong data-start=\"855\" data-end=\"892\">\u00c9l\u00e9ment chauffant \u00e0 onde Security<\/strong> garantissant une chaleur uniforme et ma\u00eetris\u00e9e.<\/li>\n<li data-start=\"943\" data-end=\"1015\"><strong data-start=\"945\" data-end=\"975\">Transformateur de s\u00e9curit\u00e9<\/strong> int\u00e9gr\u00e9 pour une protection optimale.<\/li>\n<li data-start=\"1016\" data-end=\"1127\"><strong data-start=\"1018\" data-end=\"1066\">Electrostop &#8211; disjoncteur diff\u00e9rentiel 10 mA<\/strong>, pour une s\u00e9curit\u00e9 renforc\u00e9e contre les courants de fuite.<\/li>\n<li data-start=\"1128\" data-end=\"1215\"><strong data-start=\"1130\" data-end=\"1170\">Interrupteur de s\u00e9curit\u00e9 automatique<\/strong>, emp\u00eachant toute utilisation involontaire.<\/li>\n<li data-start=\"1216\" data-end=\"1358\"><strong data-start=\"1218\" data-end=\"1254\">Disponible avec une prise rasoir<\/strong>, compatible avec une tension de <strong data-start=\"1287\" data-end=\"1313\">110-120 V et 220-240 V<\/strong>, id\u00e9ale pour les voyageurs internationaux.<\/li>\n<\/ul>\n<h3 data-start=\"1360\" data-end=\"1414\"><strong data-start=\"1364\" data-end=\"1412\">Technologie Electrostop : Protection avanc\u00e9e<\/strong><\/h3>\n<p data-start=\"1415\" data-end=\"1755\">Le syst\u00e8me <strong data-start=\"1426\" data-end=\"1441\">Electrostop<\/strong> int\u00e8gre un <strong data-start=\"1453\" data-end=\"1487\">disjoncteur diff\u00e9rentiel 10 mA<\/strong> directement dans le support mural, r\u00e9duisant consid\u00e9rablement les risques d\u2019\u00e9lectrocution en cas de contact accidentel avec de l\u2019eau. Plus sensible que les disjoncteurs classiques de 30 mA, il assure une s\u00e9curit\u00e9 optimale pour une utilisation en toute tranquillit\u00e9.<\/p>\n<h3 data-start=\"1757\" data-end=\"1787\"><strong data-start=\"1761\" data-end=\"1785\">Donn\u00e9es techniques :<\/strong><\/h3>\n<ul data-start=\"1788\" data-end=\"1911\">\n<li data-start=\"1788\" data-end=\"1814\"><strong data-start=\"1790\" data-end=\"1803\">Puissance<\/strong> : 1600 W<\/li>\n<li data-start=\"1815\" data-end=\"1850\"><strong data-start=\"1817\" data-end=\"1826\">Poids<\/strong> : 1460 g (sans c\u00e2ble)<\/li>\n<li data-start=\"1851\" data-end=\"1911\"><strong data-start=\"1853\" data-end=\"1869\">Prise rasoir<\/strong> : compatible <strong data-start=\"1883\" data-end=\"1909\">110-120 V et 220-240 V<\/strong><\/li>\n<\/ul>\n<p data-start=\"1913\" data-end=\"2088\" data-is-last-node=\"\" data-is-only-node=\"\">Un s\u00e8che-cheveux fiable et \u00e9l\u00e9gant, con\u00e7u pour r\u00e9pondre aux exigences des environnements professionnels tout en garantissant un confort d\u2019utilisation et une s\u00e9curit\u00e9 maximale.<\/p>\n","protected":false},"excerpt":{"rendered":"<p>Le Valera Action Protect 1600 Shaver est un s\u00e8che-cheveux mural haut de gamme, con\u00e7u pour les environnements professionnels et h\u00f4teliers.<\/p>\n","protected":false},"featured_media":28976,"template":"","meta":{"_acf_changed":false,"_monsterinsights_skip_tracking":false,"_monsterinsights_sitenote_active":false,"_monsterinsights_sitenote_note":"","_monsterinsights_sitenote_category":0},"product_brand":[279],"product_cat":[252,247,248],"product_tag":[],"class_list":{"0":"post-28970","1":"product","2":"type-product","3":"status-publish","4":"has-post-thumbnail","6":"product_brand-valera","7":"product_cat-hotellerie","8":"product_cat-salle-de-bains","9":"product_cat-seche-cheveux-pistolets-avec-support-mural","11":"first","12":"instock","13":"taxable","14":"shipping-taxable","15":"purchasable","16":"product-type-variable","17":"add-to-wishlist-after_add_to_cart"},"acf":[],"yoast_head":"<!-- This site is optimized with the Yoast SEO plugin v23.6 - https:\/\/yoast.com\/wordpress\/plugins\/seo\/ -->\n<title>Valera Action Protect 1600 Shaver avec prise - SOMO S.A.M<\/title>\n<meta name=\"description\" content=\"Le Valera Action Protect 1600 Shaver est un s\u00e8che-cheveux mural haut de gamme, alliant puissance, ergonomie et s\u00e9curit\u00e9, il int\u00e8gre la technologie Electrostop, offrant une protection renforc\u00e9e contre les risques \u00e9lectriques.\" \/>\n<meta name=\"robots\" content=\"index, follow, max-snippet:-1, max-image-preview:large, max-video-preview:-1\" \/>\n<link rel=\"canonical\" href=\"https:\/\/somo-sam.com\/?product=valera-action-protect-1600-shaver-avec-prise\" \/>\n<meta property=\"og:locale\" content=\"fr_FR\" \/>\n<meta property=\"og:type\" content=\"article\" \/>\n<meta property=\"og:title\" content=\"Valera Action Protect 1600 Shaver avec prise - SOMO S.A.M\" \/>\n<meta property=\"og:description\" content=\"Le Valera Action Protect 1600 Shaver est un s\u00e8che-cheveux mural haut de gamme, alliant puissance, ergonomie et s\u00e9curit\u00e9, il int\u00e8gre la technologie Electrostop, offrant une protection renforc\u00e9e contre les risques \u00e9lectriques.\" \/>\n<meta property=\"og:url\" content=\"https:\/\/somo-sam.com\/?product=valera-action-protect-1600-shaver-avec-prise\" \/>\n<meta property=\"og:site_name\" content=\"SOMO S.A.M\" \/>\n<meta property=\"article:modified_time\" content=\"2025-02-24T10:54:41+00:00\" \/>\n<meta property=\"og:image\" content=\"https:\/\/somo-sam.com\/wp-content\/uploads\/2025\/02\/Valera-Action-Protect-1600-Shaver-avec-prise.png\" \/>\n\t<meta property=\"og:image:width\" content=\"1080\" \/>\n\t<meta property=\"og:image:height\" content=\"1080\" \/>\n\t<meta property=\"og:image:type\" content=\"image\/png\" \/>\n<meta name=\"twitter:card\" content=\"summary_large_image\" \/>\n<meta name=\"twitter:label1\" content=\"Dur\u00e9e de lecture estim\u00e9e\" \/>\n\t<meta name=\"twitter:data1\" content=\"2 minutes\" \/>\n<script type=\"application\/ld+json\" class=\"yoast-schema-graph\">{\"@context\":\"https:\/\/schema.org\",\"@graph\":[{\"@type\":\"WebPage\",\"@id\":\"https:\/\/somo-sam.com\/?product=valera-action-protect-1600-shaver-avec-prise\",\"url\":\"https:\/\/somo-sam.com\/?product=valera-action-protect-1600-shaver-avec-prise\",\"name\":\"Valera Action Protect 1600 Shaver avec prise - SOMO S.A.M\",\"isPartOf\":{\"@id\":\"http:\/\/somo-sam.com\/#website\"},\"primaryImageOfPage\":{\"@id\":\"https:\/\/somo-sam.com\/?product=valera-action-protect-1600-shaver-avec-prise#primaryimage\"},\"image\":{\"@id\":\"https:\/\/somo-sam.com\/?product=valera-action-protect-1600-shaver-avec-prise#primaryimage\"},\"thumbnailUrl\":\"https:\/\/somo-sam.com\/wp-content\/uploads\/2025\/02\/Valera-Action-Protect-1600-Shaver-avec-prise.png\",\"datePublished\":\"2025-02-24T10:54:40+00:00\",\"dateModified\":\"2025-02-24T10:54:41+00:00\",\"description\":\"Le Valera Action Protect 1600 Shaver est un s\u00e8che-cheveux mural haut de gamme, alliant puissance, ergonomie et s\u00e9curit\u00e9, il int\u00e8gre la technologie Electrostop, offrant une protection renforc\u00e9e contre les risques \u00e9lectriques.\",\"breadcrumb\":{\"@id\":\"https:\/\/somo-sam.com\/?product=valera-action-protect-1600-shaver-avec-prise#breadcrumb\"},\"inLanguage\":\"fr-FR\",\"potentialAction\":[{\"@type\":\"ReadAction\",\"target\":[\"https:\/\/somo-sam.com\/?product=valera-action-protect-1600-shaver-avec-prise\"]}]},{\"@type\":\"ImageObject\",\"inLanguage\":\"fr-FR\",\"@id\":\"https:\/\/somo-sam.com\/?product=valera-action-protect-1600-shaver-avec-prise#primaryimage\",\"url\":\"https:\/\/somo-sam.com\/wp-content\/uploads\/2025\/02\/Valera-Action-Protect-1600-Shaver-avec-prise.png\",\"contentUrl\":\"https:\/\/somo-sam.com\/wp-content\/uploads\/2025\/02\/Valera-Action-Protect-1600-Shaver-avec-prise.png\",\"width\":1080,\"height\":1080},{\"@type\":\"BreadcrumbList\",\"@id\":\"https:\/\/somo-sam.com\/?product=valera-action-protect-1600-shaver-avec-prise#breadcrumb\",\"itemListElement\":[{\"@type\":\"ListItem\",\"position\":1,\"name\":\"Accueil\",\"item\":\"http:\/\/somo-sam.com\/\"},{\"@type\":\"ListItem\",\"position\":2,\"name\":\"Shop\",\"item\":\"https:\/\/somo-sam.com\/?page_id=413\"},{\"@type\":\"ListItem\",\"position\":3,\"name\":\"Valera Action Protect 1600 Shaver avec prise\"}]},{\"@type\":\"WebSite\",\"@id\":\"http:\/\/somo-sam.com\/#website\",\"url\":\"http:\/\/somo-sam.com\/\",\"name\":\"SOMO S.A.M\",\"description\":\"Votre partenaire en \u00e9quipements h\u00f4teliers et de restauration\",\"potentialAction\":[{\"@type\":\"SearchAction\",\"target\":{\"@type\":\"EntryPoint\",\"urlTemplate\":\"http:\/\/somo-sam.com\/?s={search_term_string}\"},\"query-input\":{\"@type\":\"PropertyValueSpecification\",\"valueRequired\":true,\"valueName\":\"search_term_string\"}}],\"inLanguage\":\"fr-FR\"}]}<\/script>\n<!-- \/ Yoast SEO plugin. -->","yoast_head_json":{"title":"Valera Action Protect 1600 Shaver avec prise - SOMO S.A.M","description":"Le Valera Action Protect 1600 Shaver est un s\u00e8che-cheveux mural haut de gamme, alliant puissance, ergonomie et s\u00e9curit\u00e9, il int\u00e8gre la technologie Electrostop, offrant une protection renforc\u00e9e contre les risques \u00e9lectriques.","robots":{"index":"index","follow":"follow","max-snippet":"max-snippet:-1","max-image-preview":"max-image-preview:large","max-video-preview":"max-video-preview:-1"},"canonical":"https:\/\/somo-sam.com\/?product=valera-action-protect-1600-shaver-avec-prise","og_locale":"fr_FR","og_type":"article","og_title":"Valera Action Protect 1600 Shaver avec prise - SOMO S.A.M","og_description":"Le Valera Action Protect 1600 Shaver est un s\u00e8che-cheveux mural haut de gamme, alliant puissance, ergonomie et s\u00e9curit\u00e9, il int\u00e8gre la technologie Electrostop, offrant une protection renforc\u00e9e contre les risques \u00e9lectriques.","og_url":"https:\/\/somo-sam.com\/?product=valera-action-protect-1600-shaver-avec-prise","og_site_name":"SOMO S.A.M","article_modified_time":"2025-02-24T10:54:41+00:00","og_image":[{"width":1080,"height":1080,"url":"https:\/\/somo-sam.com\/wp-content\/uploads\/2025\/02\/Valera-Action-Protect-1600-Shaver-avec-prise.png","type":"image\/png"}],"twitter_card":"summary_large_image","twitter_misc":{"Dur\u00e9e de lecture estim\u00e9e":"2 minutes"},"schema":{"@context":"https:\/\/schema.org","@graph":[{"@type":"WebPage","@id":"https:\/\/somo-sam.com\/?product=valera-action-protect-1600-shaver-avec-prise","url":"https:\/\/somo-sam.com\/?product=valera-action-protect-1600-shaver-avec-prise","name":"Valera Action Protect 1600 Shaver avec prise - SOMO S.A.M","isPartOf":{"@id":"http:\/\/somo-sam.com\/#website"},"primaryImageOfPage":{"@id":"https:\/\/somo-sam.com\/?product=valera-action-protect-1600-shaver-avec-prise#primaryimage"},"image":{"@id":"https:\/\/somo-sam.com\/?product=valera-action-protect-1600-shaver-avec-prise#primaryimage"},"thumbnailUrl":"https:\/\/somo-sam.com\/wp-content\/uploads\/2025\/02\/Valera-Action-Protect-1600-Shaver-avec-prise.png","datePublished":"2025-02-24T10:54:40+00:00","dateModified":"2025-02-24T10:54:41+00:00","description":"Le Valera Action Protect 1600 Shaver est un s\u00e8che-cheveux mural haut de gamme, alliant puissance, ergonomie et s\u00e9curit\u00e9, il int\u00e8gre la technologie Electrostop, offrant une protection renforc\u00e9e contre les risques \u00e9lectriques.","breadcrumb":{"@id":"https:\/\/somo-sam.com\/?product=valera-action-protect-1600-shaver-avec-prise#breadcrumb"},"inLanguage":"fr-FR","potentialAction":[{"@type":"ReadAction","target":["https:\/\/somo-sam.com\/?product=valera-action-protect-1600-shaver-avec-prise"]}]},{"@type":"ImageObject","inLanguage":"fr-FR","@id":"https:\/\/somo-sam.com\/?product=valera-action-protect-1600-shaver-avec-prise#primaryimage","url":"https:\/\/somo-sam.com\/wp-content\/uploads\/2025\/02\/Valera-Action-Protect-1600-Shaver-avec-prise.png","contentUrl":"https:\/\/somo-sam.com\/wp-content\/uploads\/2025\/02\/Valera-Action-Protect-1600-Shaver-avec-prise.png","width":1080,"height":1080},{"@type":"BreadcrumbList","@id":"https:\/\/somo-sam.com\/?product=valera-action-protect-1600-shaver-avec-prise#breadcrumb","itemListElement":[{"@type":"ListItem","position":1,"name":"Accueil","item":"http:\/\/somo-sam.com\/"},{"@type":"ListItem","position":2,"name":"Shop","item":"https:\/\/somo-sam.com\/?page_id=413"},{"@type":"ListItem","position":3,"name":"Valera Action Protect 1600 Shaver avec prise"}]},{"@type":"WebSite","@id":"http:\/\/somo-sam.com\/#website","url":"http:\/\/somo-sam.com\/","name":"SOMO S.A.M","description":"Votre partenaire en \u00e9quipements h\u00f4teliers et de restauration","potentialAction":[{"@type":"SearchAction","target":{"@type":"EntryPoint","urlTemplate":"http:\/\/somo-sam.com\/?s={search_term_string}"},"query-input":{"@type":"PropertyValueSpecification","valueRequired":true,"valueName":"search_term_string"}}],"inLanguage":"fr-FR"}]}},"_links":{"self":[{"href":"https:\/\/somo-sam.com\/index.php?rest_route=\/wp\/v2\/product\/28970","targetHints":{"allow":["GET"]}}],"collection":[{"href":"https:\/\/somo-sam.com\/index.php?rest_route=\/wp\/v2\/product"}],"about":[{"href":"https:\/\/somo-sam.com\/index.php?rest_route=\/wp\/v2\/types\/product"}],"version-history":[{"count":1,"href":"https:\/\/somo-sam.com\/index.php?rest_route=\/wp\/v2\/product\/28970\/revisions"}],"predecessor-version":[{"id":28984,"href":"https:\/\/somo-sam.com\/index.php?rest_route=\/wp\/v2\/product\/28970\/revisions\/28984"}],"wp:featuredmedia":[{"embeddable":true,"href":"https:\/\/somo-sam.com\/index.php?rest_route=\/wp\/v2\/media\/28976"}],"wp:attachment":[{"href":"https:\/\/somo-sam.com\/index.php?rest_route=%2Fwp%2Fv2%2Fmedia&parent=28970"}],"wp:term":[{"taxonomy":"product_brand","embeddable":true,"href":"https:\/\/somo-sam.com\/index.php?rest_route=%2Fwp%2Fv2%2Fproduct_brand&post=28970"},{"taxonomy":"product_cat","embeddable":true,"href":"https:\/\/somo-sam.com\/index.php?rest_route=%2Fwp%2Fv2%2Fproduct_cat&post=28970"},{"taxonomy":"product_tag","embeddable":true,"href":"https:\/\/somo-sam.com\/index.php?rest_route=%2Fwp%2Fv2%2Fproduct_tag&post=28970"}],"curies":[{"name":"wp","href":"https:\/\/api.w.org\/{rel}","templated":true}]}}