{"id":29038,"date":"2025-02-24T15:04:49","date_gmt":"2025-02-24T14:04:49","guid":{"rendered":"https:\/\/somo-sam.com\/?post_type=product&#038;p=29038"},"modified":"2025-02-24T15:04:49","modified_gmt":"2025-02-24T14:04:49","slug":"valera-action-push","status":"publish","type":"product","link":"https:\/\/somo-sam.com\/?product=valera-action-push","title":{"rendered":"Valera Action Push"},"content":{"rendered":"<p data-start=\"91\" data-end=\"440\">Le <strong data-start=\"94\" data-end=\"121\">Valera Action\u00a0 Push<\/strong> est un s\u00e8che-cheveux haut de gamme con\u00e7u pour offrir des performances de s\u00e9chage rapides et efficaces, tout en garantissant une s\u00e9curit\u00e9 optimale. Disponible en trois couleurs \u00e9l\u00e9gantes : <strong data-start=\"310\" data-end=\"318\">noir<\/strong>, <strong data-start=\"320\" data-end=\"334\">noir m\u00e9tal<\/strong> et <strong data-start=\"338\" data-end=\"347\">blanc<\/strong>, il combine technologie avanc\u00e9e et design moderne pour une exp\u00e9rience utilisateur am\u00e9lior\u00e9e.<\/p>\n<h3 data-start=\"442\" data-end=\"482\"><strong data-start=\"446\" data-end=\"480\">Caract\u00e9ristiques principales :<\/strong><\/h3>\n<ul data-start=\"483\" data-end=\"1081\">\n<li data-start=\"483\" data-end=\"564\"><strong data-start=\"485\" data-end=\"522\">\u00c9l\u00e9ment chauffant \u00e0 onde Security<\/strong> pour une chaleur uniforme et s\u00e9curis\u00e9e.<\/li>\n<li data-start=\"565\" data-end=\"624\"><strong data-start=\"567\" data-end=\"593\">Bouton poussoir on\/off<\/strong>, facilitant son utilisation.<\/li>\n<li data-start=\"625\" data-end=\"730\"><strong data-start=\"627\" data-end=\"656\">R\u00e9glage de la ventilation<\/strong> : <strong data-start=\"659\" data-end=\"688\">2 vitesses de ventilation<\/strong> pour un contr\u00f4le optimal du flux d&#8217;air.<\/li>\n<li data-start=\"731\" data-end=\"838\"><strong data-start=\"733\" data-end=\"762\">R\u00e9glage de la temp\u00e9rature<\/strong> : <strong data-start=\"765\" data-end=\"793\">3 niveaux de temp\u00e9rature<\/strong> pour ajuster la chaleur selon les besoins.<\/li>\n<li data-start=\"839\" data-end=\"912\"><strong data-start=\"841\" data-end=\"875\">Niveau de refroidissement Cool<\/strong> pour fixer la coiffure en douceur.<\/li>\n<li data-start=\"913\" data-end=\"976\"><strong data-start=\"915\" data-end=\"938\">Concentrateur d\u2019air<\/strong> pour un s\u00e9chage pr\u00e9cis et efficace.<\/li>\n<li data-start=\"977\" data-end=\"1081\"><strong data-start=\"979\" data-end=\"999\">C\u00e2ble en spirale<\/strong>, offrant flexibilit\u00e9 et facilit\u00e9 d&#8217;utilisation tout en minimisant l&#8217;encombrement.<\/li>\n<\/ul>\n<h3 data-start=\"1083\" data-end=\"1113\"><strong data-start=\"1087\" data-end=\"1111\">Donn\u00e9es techniques :<\/strong><\/h3>\n<ul data-start=\"1114\" data-end=\"1175\">\n<li data-start=\"1114\" data-end=\"1140\"><strong data-start=\"1116\" data-end=\"1129\">Puissance<\/strong> : 1800 W, 1600W, 1200W<\/li>\n<li data-start=\"1141\" data-end=\"1175\"><strong data-start=\"1143\" data-end=\"1152\">Poids<\/strong> : 440 g (sans c\u00e2ble)<\/li>\n<\/ul>\n<p data-start=\"1177\" data-end=\"1385\" data-is-last-node=\"\" data-is-only-node=\"\">Le <strong data-start=\"1180\" data-end=\"1207\">Valera Action 1800 Push<\/strong> est un choix id\u00e9al pour ceux qui recherchent un s\u00e8che-cheveux <strong data-start=\"1270\" data-end=\"1304\">puissant, pratique et s\u00e9curis\u00e9<\/strong> pour un usage quotidien ou professionnel, avec une finition moderne et \u00e9l\u00e9gante.<\/p>\n","protected":false},"excerpt":{"rendered":"<p>Le Valera Action\u00a0 Push est un s\u00e8che-cheveux haut de gamme con\u00e7u pour offrir des performances de s\u00e9chage rapides et efficaces,<\/p>\n","protected":false},"featured_media":29048,"template":"","meta":{"_acf_changed":false,"_monsterinsights_skip_tracking":false,"_monsterinsights_sitenote_active":false,"_monsterinsights_sitenote_note":"","_monsterinsights_sitenote_category":0},"product_brand":[279],"product_cat":[252,247,125],"product_tag":[],"class_list":{"0":"post-29038","1":"product","2":"type-product","3":"status-publish","4":"has-post-thumbnail","6":"product_brand-valera","7":"product_cat-hotellerie","8":"product_cat-salle-de-bains","9":"product_cat-seche-cheveux-pistolets","11":"first","12":"instock","13":"taxable","14":"shipping-taxable","15":"purchasable","16":"product-type-variable","17":"add-to-wishlist-after_add_to_cart"},"acf":[],"yoast_head":"<!-- This site is optimized with the Yoast SEO plugin v23.6 - https:\/\/yoast.com\/wordpress\/plugins\/seo\/ -->\n<title>Valera Action Push - SOMO S.A.M<\/title>\n<meta name=\"description\" content=\"Le Valera Action\u00a0 Push est un s\u00e8che-cheveux haut de gamme con\u00e7u pour offrir des performances de s\u00e9chage rapides et efficaces, tout en garantissant une s\u00e9curit\u00e9 optimale.\" \/>\n<meta name=\"robots\" content=\"index, follow, max-snippet:-1, max-image-preview:large, max-video-preview:-1\" \/>\n<link rel=\"canonical\" href=\"https:\/\/somo-sam.com\/?product=valera-action-push\" \/>\n<meta property=\"og:locale\" content=\"fr_FR\" \/>\n<meta property=\"og:type\" content=\"article\" \/>\n<meta property=\"og:title\" content=\"Valera Action Push - SOMO S.A.M\" \/>\n<meta property=\"og:description\" content=\"Le Valera Action\u00a0 Push est un s\u00e8che-cheveux haut de gamme con\u00e7u pour offrir des performances de s\u00e9chage rapides et efficaces, tout en garantissant une s\u00e9curit\u00e9 optimale.\" \/>\n<meta property=\"og:url\" content=\"https:\/\/somo-sam.com\/?product=valera-action-push\" \/>\n<meta property=\"og:site_name\" content=\"SOMO S.A.M\" \/>\n<meta property=\"og:image\" content=\"https:\/\/somo-sam.com\/wp-content\/uploads\/2025\/02\/ACTION-PUSH-BLANC.png\" \/>\n\t<meta property=\"og:image:width\" content=\"1080\" \/>\n\t<meta property=\"og:image:height\" content=\"1080\" \/>\n\t<meta property=\"og:image:type\" content=\"image\/png\" \/>\n<meta name=\"twitter:card\" content=\"summary_large_image\" \/>\n<meta name=\"twitter:label1\" content=\"Dur\u00e9e de lecture estim\u00e9e\" \/>\n\t<meta name=\"twitter:data1\" content=\"2 minutes\" \/>\n<script type=\"application\/ld+json\" class=\"yoast-schema-graph\">{\"@context\":\"https:\/\/schema.org\",\"@graph\":[{\"@type\":\"WebPage\",\"@id\":\"https:\/\/somo-sam.com\/?product=valera-action-push\",\"url\":\"https:\/\/somo-sam.com\/?product=valera-action-push\",\"name\":\"Valera Action Push - SOMO S.A.M\",\"isPartOf\":{\"@id\":\"http:\/\/somo-sam.com\/#website\"},\"primaryImageOfPage\":{\"@id\":\"https:\/\/somo-sam.com\/?product=valera-action-push#primaryimage\"},\"image\":{\"@id\":\"https:\/\/somo-sam.com\/?product=valera-action-push#primaryimage\"},\"thumbnailUrl\":\"https:\/\/somo-sam.com\/wp-content\/uploads\/2025\/02\/ACTION-PUSH-BLANC.png\",\"datePublished\":\"2025-02-24T14:04:49+00:00\",\"dateModified\":\"2025-02-24T14:04:49+00:00\",\"description\":\"Le Valera Action\u00a0 Push est un s\u00e8che-cheveux haut de gamme con\u00e7u pour offrir des performances de s\u00e9chage rapides et efficaces, tout en garantissant une s\u00e9curit\u00e9 optimale.\",\"breadcrumb\":{\"@id\":\"https:\/\/somo-sam.com\/?product=valera-action-push#breadcrumb\"},\"inLanguage\":\"fr-FR\",\"potentialAction\":[{\"@type\":\"ReadAction\",\"target\":[\"https:\/\/somo-sam.com\/?product=valera-action-push\"]}]},{\"@type\":\"ImageObject\",\"inLanguage\":\"fr-FR\",\"@id\":\"https:\/\/somo-sam.com\/?product=valera-action-push#primaryimage\",\"url\":\"https:\/\/somo-sam.com\/wp-content\/uploads\/2025\/02\/ACTION-PUSH-BLANC.png\",\"contentUrl\":\"https:\/\/somo-sam.com\/wp-content\/uploads\/2025\/02\/ACTION-PUSH-BLANC.png\",\"width\":1080,\"height\":1080},{\"@type\":\"BreadcrumbList\",\"@id\":\"https:\/\/somo-sam.com\/?product=valera-action-push#breadcrumb\",\"itemListElement\":[{\"@type\":\"ListItem\",\"position\":1,\"name\":\"Accueil\",\"item\":\"http:\/\/somo-sam.com\/\"},{\"@type\":\"ListItem\",\"position\":2,\"name\":\"Shop\",\"item\":\"https:\/\/somo-sam.com\/?page_id=413\"},{\"@type\":\"ListItem\",\"position\":3,\"name\":\"Valera Action Push\"}]},{\"@type\":\"WebSite\",\"@id\":\"http:\/\/somo-sam.com\/#website\",\"url\":\"http:\/\/somo-sam.com\/\",\"name\":\"SOMO S.A.M\",\"description\":\"Votre partenaire en \u00e9quipements h\u00f4teliers et de restauration\",\"potentialAction\":[{\"@type\":\"SearchAction\",\"target\":{\"@type\":\"EntryPoint\",\"urlTemplate\":\"http:\/\/somo-sam.com\/?s={search_term_string}\"},\"query-input\":{\"@type\":\"PropertyValueSpecification\",\"valueRequired\":true,\"valueName\":\"search_term_string\"}}],\"inLanguage\":\"fr-FR\"}]}<\/script>\n<!-- \/ Yoast SEO plugin. -->","yoast_head_json":{"title":"Valera Action Push - SOMO S.A.M","description":"Le Valera Action\u00a0 Push est un s\u00e8che-cheveux haut de gamme con\u00e7u pour offrir des performances de s\u00e9chage rapides et efficaces, tout en garantissant une s\u00e9curit\u00e9 optimale.","robots":{"index":"index","follow":"follow","max-snippet":"max-snippet:-1","max-image-preview":"max-image-preview:large","max-video-preview":"max-video-preview:-1"},"canonical":"https:\/\/somo-sam.com\/?product=valera-action-push","og_locale":"fr_FR","og_type":"article","og_title":"Valera Action Push - SOMO S.A.M","og_description":"Le Valera Action\u00a0 Push est un s\u00e8che-cheveux haut de gamme con\u00e7u pour offrir des performances de s\u00e9chage rapides et efficaces, tout en garantissant une s\u00e9curit\u00e9 optimale.","og_url":"https:\/\/somo-sam.com\/?product=valera-action-push","og_site_name":"SOMO S.A.M","og_image":[{"width":1080,"height":1080,"url":"https:\/\/somo-sam.com\/wp-content\/uploads\/2025\/02\/ACTION-PUSH-BLANC.png","type":"image\/png"}],"twitter_card":"summary_large_image","twitter_misc":{"Dur\u00e9e de lecture estim\u00e9e":"2 minutes"},"schema":{"@context":"https:\/\/schema.org","@graph":[{"@type":"WebPage","@id":"https:\/\/somo-sam.com\/?product=valera-action-push","url":"https:\/\/somo-sam.com\/?product=valera-action-push","name":"Valera Action Push - SOMO S.A.M","isPartOf":{"@id":"http:\/\/somo-sam.com\/#website"},"primaryImageOfPage":{"@id":"https:\/\/somo-sam.com\/?product=valera-action-push#primaryimage"},"image":{"@id":"https:\/\/somo-sam.com\/?product=valera-action-push#primaryimage"},"thumbnailUrl":"https:\/\/somo-sam.com\/wp-content\/uploads\/2025\/02\/ACTION-PUSH-BLANC.png","datePublished":"2025-02-24T14:04:49+00:00","dateModified":"2025-02-24T14:04:49+00:00","description":"Le Valera Action\u00a0 Push est un s\u00e8che-cheveux haut de gamme con\u00e7u pour offrir des performances de s\u00e9chage rapides et efficaces, tout en garantissant une s\u00e9curit\u00e9 optimale.","breadcrumb":{"@id":"https:\/\/somo-sam.com\/?product=valera-action-push#breadcrumb"},"inLanguage":"fr-FR","potentialAction":[{"@type":"ReadAction","target":["https:\/\/somo-sam.com\/?product=valera-action-push"]}]},{"@type":"ImageObject","inLanguage":"fr-FR","@id":"https:\/\/somo-sam.com\/?product=valera-action-push#primaryimage","url":"https:\/\/somo-sam.com\/wp-content\/uploads\/2025\/02\/ACTION-PUSH-BLANC.png","contentUrl":"https:\/\/somo-sam.com\/wp-content\/uploads\/2025\/02\/ACTION-PUSH-BLANC.png","width":1080,"height":1080},{"@type":"BreadcrumbList","@id":"https:\/\/somo-sam.com\/?product=valera-action-push#breadcrumb","itemListElement":[{"@type":"ListItem","position":1,"name":"Accueil","item":"http:\/\/somo-sam.com\/"},{"@type":"ListItem","position":2,"name":"Shop","item":"https:\/\/somo-sam.com\/?page_id=413"},{"@type":"ListItem","position":3,"name":"Valera Action Push"}]},{"@type":"WebSite","@id":"http:\/\/somo-sam.com\/#website","url":"http:\/\/somo-sam.com\/","name":"SOMO S.A.M","description":"Votre partenaire en \u00e9quipements h\u00f4teliers et de restauration","potentialAction":[{"@type":"SearchAction","target":{"@type":"EntryPoint","urlTemplate":"http:\/\/somo-sam.com\/?s={search_term_string}"},"query-input":{"@type":"PropertyValueSpecification","valueRequired":true,"valueName":"search_term_string"}}],"inLanguage":"fr-FR"}]}},"_links":{"self":[{"href":"https:\/\/somo-sam.com\/index.php?rest_route=\/wp\/v2\/product\/29038","targetHints":{"allow":["GET"]}}],"collection":[{"href":"https:\/\/somo-sam.com\/index.php?rest_route=\/wp\/v2\/product"}],"about":[{"href":"https:\/\/somo-sam.com\/index.php?rest_route=\/wp\/v2\/types\/product"}],"version-history":[{"count":1,"href":"https:\/\/somo-sam.com\/index.php?rest_route=\/wp\/v2\/product\/29038\/revisions"}],"predecessor-version":[{"id":29074,"href":"https:\/\/somo-sam.com\/index.php?rest_route=\/wp\/v2\/product\/29038\/revisions\/29074"}],"wp:featuredmedia":[{"embeddable":true,"href":"https:\/\/somo-sam.com\/index.php?rest_route=\/wp\/v2\/media\/29048"}],"wp:attachment":[{"href":"https:\/\/somo-sam.com\/index.php?rest_route=%2Fwp%2Fv2%2Fmedia&parent=29038"}],"wp:term":[{"taxonomy":"product_brand","embeddable":true,"href":"https:\/\/somo-sam.com\/index.php?rest_route=%2Fwp%2Fv2%2Fproduct_brand&post=29038"},{"taxonomy":"product_cat","embeddable":true,"href":"https:\/\/somo-sam.com\/index.php?rest_route=%2Fwp%2Fv2%2Fproduct_cat&post=29038"},{"taxonomy":"product_tag","embeddable":true,"href":"https:\/\/somo-sam.com\/index.php?rest_route=%2Fwp%2Fv2%2Fproduct_tag&post=29038"}],"curies":[{"name":"wp","href":"https:\/\/api.w.org\/{rel}","templated":true}]}}