{"id":29089,"date":"2025-02-24T16:03:48","date_gmt":"2025-02-24T15:03:48","guid":{"rendered":"https:\/\/somo-sam.com\/?post_type=product&#038;p=29089"},"modified":"2025-02-24T16:03:49","modified_gmt":"2025-02-24T15:03:49","slug":"valera-swiss-silent-jet-et-jet-light-2000w","status":"publish","type":"product","link":"https:\/\/somo-sam.com\/?product=valera-swiss-silent-jet-et-jet-light-2000w","title":{"rendered":"Valera Swiss Silent Jet et Jet Light 2000W"},"content":{"rendered":"<p data-pm-slice=\"1 1 []\">Le Swiss Silent Jet 7500 Light dispose d&#8217;un moteur professionnel super l\u00e9ger et d&#8217;un flux d&#8217;air optimis\u00e9 pour un s\u00e9chage silencieux et puissant. Son design \u00e9l\u00e9gant, sa poign\u00e9e ergonomique et ses interrupteurs pratiques assurent un confort maximal lors de la mise en forme des cheveux, en salon ou \u00e0 la maison.<\/p>\n<p>&nbsp;<\/p>\n<p>Moteur PM Pro<\/p>\n<p>G\u00e9n\u00e9rateur d&#8217;ions<\/p>\n<p>C\u00e2ble SuperFlex 3 m avec Rotocord<\/p>\n<p>6 r\u00e9glages de flux d&#8217;air\/temp\u00e9rature<\/p>\n<p>Bouton Cool Air<\/p>\n<p>Filtre m\u00e9tallique amovible<\/p>\n<p>Buse Touch me cool (7,5 cm)<\/p>\n<p>Buse standard (6 cm)<\/p>\n<p>Diffuseur de boucles<\/p>\n<p>&nbsp;<\/p>\n<p>Donn\u00e9es Techniques<\/p>\n<p>Puissance 2000 W<\/p>\n<p>D\u00e9bit d&#8217;air 66 m3\/h<\/p>\n<p>Volume sonore 59 dB(A)<\/p>\n<p>Poids 450 g (sans c\u00e2ble)<\/p>\n","protected":false},"excerpt":{"rendered":"<p>Le Swiss Silent Jet 7500 Light dispose d&#8217;un moteur professionnel super l\u00e9ger et d&#8217;un flux d&#8217;air optimis\u00e9 pour un s\u00e9chage<\/p>\n","protected":false},"featured_media":29110,"template":"","meta":{"_acf_changed":false,"_monsterinsights_skip_tracking":false,"_monsterinsights_sitenote_active":false,"_monsterinsights_sitenote_note":"","_monsterinsights_sitenote_category":0},"product_brand":[279],"product_cat":[252,247,125],"product_tag":[],"class_list":{"0":"post-29089","1":"product","2":"type-product","3":"status-publish","4":"has-post-thumbnail","6":"product_brand-valera","7":"product_cat-hotellerie","8":"product_cat-salle-de-bains","9":"product_cat-seche-cheveux-pistolets","11":"first","12":"instock","13":"taxable","14":"shipping-taxable","15":"purchasable","16":"product-type-variable","17":"add-to-wishlist-after_add_to_cart"},"acf":[],"yoast_head":"<!-- This site is optimized with the Yoast SEO plugin v23.6 - https:\/\/yoast.com\/wordpress\/plugins\/seo\/ -->\n<title>Valera Swiss Silent Jet et Jet Light 2000W - SOMO S.A.M<\/title>\n<meta name=\"description\" content=\"Son design \u00e9l\u00e9gant, sa poign\u00e9e ergonomique et ses interrupteurs pratiques assurent un confort maximal lors de la mise en forme des cheveux, en salon ou \u00e0 la maison.\" \/>\n<meta name=\"robots\" content=\"index, follow, max-snippet:-1, max-image-preview:large, max-video-preview:-1\" \/>\n<link rel=\"canonical\" href=\"https:\/\/somo-sam.com\/?product=valera-swiss-silent-jet-et-jet-light-2000w\" \/>\n<meta property=\"og:locale\" content=\"fr_FR\" \/>\n<meta property=\"og:type\" content=\"article\" \/>\n<meta property=\"og:title\" content=\"Valera Swiss Silent Jet et Jet Light 2000W - SOMO S.A.M\" \/>\n<meta property=\"og:description\" content=\"Son design \u00e9l\u00e9gant, sa poign\u00e9e ergonomique et ses interrupteurs pratiques assurent un confort maximal lors de la mise en forme des cheveux, en salon ou \u00e0 la maison.\" \/>\n<meta property=\"og:url\" content=\"https:\/\/somo-sam.com\/?product=valera-swiss-silent-jet-et-jet-light-2000w\" \/>\n<meta property=\"og:site_name\" content=\"SOMO S.A.M\" \/>\n<meta property=\"article:modified_time\" content=\"2025-02-24T15:03:49+00:00\" \/>\n<meta property=\"og:image\" content=\"https:\/\/somo-sam.com\/wp-content\/uploads\/2025\/02\/valera-swiss-silent-jet-blanc.png\" \/>\n\t<meta property=\"og:image:width\" content=\"1080\" \/>\n\t<meta property=\"og:image:height\" content=\"1080\" \/>\n\t<meta property=\"og:image:type\" content=\"image\/png\" \/>\n<meta name=\"twitter:card\" content=\"summary_large_image\" \/>\n<meta name=\"twitter:label1\" content=\"Dur\u00e9e de lecture estim\u00e9e\" \/>\n\t<meta name=\"twitter:data1\" content=\"1 minute\" \/>\n<script type=\"application\/ld+json\" class=\"yoast-schema-graph\">{\"@context\":\"https:\/\/schema.org\",\"@graph\":[{\"@type\":\"WebPage\",\"@id\":\"https:\/\/somo-sam.com\/?product=valera-swiss-silent-jet-et-jet-light-2000w\",\"url\":\"https:\/\/somo-sam.com\/?product=valera-swiss-silent-jet-et-jet-light-2000w\",\"name\":\"Valera Swiss Silent Jet et Jet Light 2000W - SOMO S.A.M\",\"isPartOf\":{\"@id\":\"http:\/\/somo-sam.com\/#website\"},\"primaryImageOfPage\":{\"@id\":\"https:\/\/somo-sam.com\/?product=valera-swiss-silent-jet-et-jet-light-2000w#primaryimage\"},\"image\":{\"@id\":\"https:\/\/somo-sam.com\/?product=valera-swiss-silent-jet-et-jet-light-2000w#primaryimage\"},\"thumbnailUrl\":\"https:\/\/somo-sam.com\/wp-content\/uploads\/2025\/02\/valera-swiss-silent-jet-blanc.png\",\"datePublished\":\"2025-02-24T15:03:48+00:00\",\"dateModified\":\"2025-02-24T15:03:49+00:00\",\"description\":\"Son design \u00e9l\u00e9gant, sa poign\u00e9e ergonomique et ses interrupteurs pratiques assurent un confort maximal lors de la mise en forme des cheveux, en salon ou \u00e0 la maison.\",\"breadcrumb\":{\"@id\":\"https:\/\/somo-sam.com\/?product=valera-swiss-silent-jet-et-jet-light-2000w#breadcrumb\"},\"inLanguage\":\"fr-FR\",\"potentialAction\":[{\"@type\":\"ReadAction\",\"target\":[\"https:\/\/somo-sam.com\/?product=valera-swiss-silent-jet-et-jet-light-2000w\"]}]},{\"@type\":\"ImageObject\",\"inLanguage\":\"fr-FR\",\"@id\":\"https:\/\/somo-sam.com\/?product=valera-swiss-silent-jet-et-jet-light-2000w#primaryimage\",\"url\":\"https:\/\/somo-sam.com\/wp-content\/uploads\/2025\/02\/valera-swiss-silent-jet-blanc.png\",\"contentUrl\":\"https:\/\/somo-sam.com\/wp-content\/uploads\/2025\/02\/valera-swiss-silent-jet-blanc.png\",\"width\":1080,\"height\":1080},{\"@type\":\"BreadcrumbList\",\"@id\":\"https:\/\/somo-sam.com\/?product=valera-swiss-silent-jet-et-jet-light-2000w#breadcrumb\",\"itemListElement\":[{\"@type\":\"ListItem\",\"position\":1,\"name\":\"Accueil\",\"item\":\"http:\/\/somo-sam.com\/\"},{\"@type\":\"ListItem\",\"position\":2,\"name\":\"Shop\",\"item\":\"https:\/\/somo-sam.com\/?page_id=413\"},{\"@type\":\"ListItem\",\"position\":3,\"name\":\"Valera Swiss Silent Jet et Jet Light 2000W\"}]},{\"@type\":\"WebSite\",\"@id\":\"http:\/\/somo-sam.com\/#website\",\"url\":\"http:\/\/somo-sam.com\/\",\"name\":\"SOMO S.A.M\",\"description\":\"Votre partenaire en \u00e9quipements h\u00f4teliers et de restauration\",\"potentialAction\":[{\"@type\":\"SearchAction\",\"target\":{\"@type\":\"EntryPoint\",\"urlTemplate\":\"http:\/\/somo-sam.com\/?s={search_term_string}\"},\"query-input\":{\"@type\":\"PropertyValueSpecification\",\"valueRequired\":true,\"valueName\":\"search_term_string\"}}],\"inLanguage\":\"fr-FR\"}]}<\/script>\n<!-- \/ Yoast SEO plugin. -->","yoast_head_json":{"title":"Valera Swiss Silent Jet et Jet Light 2000W - SOMO S.A.M","description":"Son design \u00e9l\u00e9gant, sa poign\u00e9e ergonomique et ses interrupteurs pratiques assurent un confort maximal lors de la mise en forme des cheveux, en salon ou \u00e0 la maison.","robots":{"index":"index","follow":"follow","max-snippet":"max-snippet:-1","max-image-preview":"max-image-preview:large","max-video-preview":"max-video-preview:-1"},"canonical":"https:\/\/somo-sam.com\/?product=valera-swiss-silent-jet-et-jet-light-2000w","og_locale":"fr_FR","og_type":"article","og_title":"Valera Swiss Silent Jet et Jet Light 2000W - SOMO S.A.M","og_description":"Son design \u00e9l\u00e9gant, sa poign\u00e9e ergonomique et ses interrupteurs pratiques assurent un confort maximal lors de la mise en forme des cheveux, en salon ou \u00e0 la maison.","og_url":"https:\/\/somo-sam.com\/?product=valera-swiss-silent-jet-et-jet-light-2000w","og_site_name":"SOMO S.A.M","article_modified_time":"2025-02-24T15:03:49+00:00","og_image":[{"width":1080,"height":1080,"url":"https:\/\/somo-sam.com\/wp-content\/uploads\/2025\/02\/valera-swiss-silent-jet-blanc.png","type":"image\/png"}],"twitter_card":"summary_large_image","twitter_misc":{"Dur\u00e9e de lecture estim\u00e9e":"1 minute"},"schema":{"@context":"https:\/\/schema.org","@graph":[{"@type":"WebPage","@id":"https:\/\/somo-sam.com\/?product=valera-swiss-silent-jet-et-jet-light-2000w","url":"https:\/\/somo-sam.com\/?product=valera-swiss-silent-jet-et-jet-light-2000w","name":"Valera Swiss Silent Jet et Jet Light 2000W - SOMO S.A.M","isPartOf":{"@id":"http:\/\/somo-sam.com\/#website"},"primaryImageOfPage":{"@id":"https:\/\/somo-sam.com\/?product=valera-swiss-silent-jet-et-jet-light-2000w#primaryimage"},"image":{"@id":"https:\/\/somo-sam.com\/?product=valera-swiss-silent-jet-et-jet-light-2000w#primaryimage"},"thumbnailUrl":"https:\/\/somo-sam.com\/wp-content\/uploads\/2025\/02\/valera-swiss-silent-jet-blanc.png","datePublished":"2025-02-24T15:03:48+00:00","dateModified":"2025-02-24T15:03:49+00:00","description":"Son design \u00e9l\u00e9gant, sa poign\u00e9e ergonomique et ses interrupteurs pratiques assurent un confort maximal lors de la mise en forme des cheveux, en salon ou \u00e0 la maison.","breadcrumb":{"@id":"https:\/\/somo-sam.com\/?product=valera-swiss-silent-jet-et-jet-light-2000w#breadcrumb"},"inLanguage":"fr-FR","potentialAction":[{"@type":"ReadAction","target":["https:\/\/somo-sam.com\/?product=valera-swiss-silent-jet-et-jet-light-2000w"]}]},{"@type":"ImageObject","inLanguage":"fr-FR","@id":"https:\/\/somo-sam.com\/?product=valera-swiss-silent-jet-et-jet-light-2000w#primaryimage","url":"https:\/\/somo-sam.com\/wp-content\/uploads\/2025\/02\/valera-swiss-silent-jet-blanc.png","contentUrl":"https:\/\/somo-sam.com\/wp-content\/uploads\/2025\/02\/valera-swiss-silent-jet-blanc.png","width":1080,"height":1080},{"@type":"BreadcrumbList","@id":"https:\/\/somo-sam.com\/?product=valera-swiss-silent-jet-et-jet-light-2000w#breadcrumb","itemListElement":[{"@type":"ListItem","position":1,"name":"Accueil","item":"http:\/\/somo-sam.com\/"},{"@type":"ListItem","position":2,"name":"Shop","item":"https:\/\/somo-sam.com\/?page_id=413"},{"@type":"ListItem","position":3,"name":"Valera Swiss Silent Jet et Jet Light 2000W"}]},{"@type":"WebSite","@id":"http:\/\/somo-sam.com\/#website","url":"http:\/\/somo-sam.com\/","name":"SOMO S.A.M","description":"Votre partenaire en \u00e9quipements h\u00f4teliers et de restauration","potentialAction":[{"@type":"SearchAction","target":{"@type":"EntryPoint","urlTemplate":"http:\/\/somo-sam.com\/?s={search_term_string}"},"query-input":{"@type":"PropertyValueSpecification","valueRequired":true,"valueName":"search_term_string"}}],"inLanguage":"fr-FR"}]}},"_links":{"self":[{"href":"https:\/\/somo-sam.com\/index.php?rest_route=\/wp\/v2\/product\/29089","targetHints":{"allow":["GET"]}}],"collection":[{"href":"https:\/\/somo-sam.com\/index.php?rest_route=\/wp\/v2\/product"}],"about":[{"href":"https:\/\/somo-sam.com\/index.php?rest_route=\/wp\/v2\/types\/product"}],"version-history":[{"count":1,"href":"https:\/\/somo-sam.com\/index.php?rest_route=\/wp\/v2\/product\/29089\/revisions"}],"predecessor-version":[{"id":29113,"href":"https:\/\/somo-sam.com\/index.php?rest_route=\/wp\/v2\/product\/29089\/revisions\/29113"}],"wp:featuredmedia":[{"embeddable":true,"href":"https:\/\/somo-sam.com\/index.php?rest_route=\/wp\/v2\/media\/29110"}],"wp:attachment":[{"href":"https:\/\/somo-sam.com\/index.php?rest_route=%2Fwp%2Fv2%2Fmedia&parent=29089"}],"wp:term":[{"taxonomy":"product_brand","embeddable":true,"href":"https:\/\/somo-sam.com\/index.php?rest_route=%2Fwp%2Fv2%2Fproduct_brand&post=29089"},{"taxonomy":"product_cat","embeddable":true,"href":"https:\/\/somo-sam.com\/index.php?rest_route=%2Fwp%2Fv2%2Fproduct_cat&post=29089"},{"taxonomy":"product_tag","embeddable":true,"href":"https:\/\/somo-sam.com\/index.php?rest_route=%2Fwp%2Fv2%2Fproduct_tag&post=29089"}],"curies":[{"name":"wp","href":"https:\/\/api.w.org\/{rel}","templated":true}]}}