{"id":29114,"date":"2025-02-24T16:05:49","date_gmt":"2025-02-24T15:05:49","guid":{"rendered":"https:\/\/somo-sam.com\/?post_type=product&#038;p=29114"},"modified":"2025-02-24T16:05:49","modified_gmt":"2025-02-24T15:05:49","slug":"valera-swiss-silent-jet-ionic-2000w","status":"publish","type":"product","link":"https:\/\/somo-sam.com\/?product=valera-swiss-silent-jet-ionic-2000w","title":{"rendered":"Valera Swiss Silent Jet Ionic 2000W"},"content":{"rendered":"<div>La technologie Smart Airflow de Valera concilie harmoniseusement la puissance et le fonctionnement en douceur. Elle optimise le flux d&#8217;air pour minimiser les frottements et le bruit tout en offrant des performances \u00e9lev\u00e9es.<\/div>\n<p>&nbsp;<\/p>\n<table border=\"0\" cellspacing=\"4\" cellpadding=\"0\">\n<tbody>\n<tr>\n<td valign=\"top\"><img decoding=\"async\" src=\"https:\/\/www.valera-shop.com\/fr\/themes\/valera\/d.gif\" width=\"10\" height=\"10\" border=\"0\" \/><\/td>\n<td>Moteur collecteur AC<\/td>\n<\/tr>\n<\/tbody>\n<\/table>\n<table border=\"0\" cellspacing=\"4\" cellpadding=\"0\">\n<tbody>\n<tr>\n<td valign=\"top\"><img decoding=\"async\" src=\"https:\/\/www.valera-shop.com\/fr\/themes\/valera\/d.gif\" width=\"10\" height=\"10\" border=\"0\" \/><\/td>\n<td>Fusible thermique<\/td>\n<\/tr>\n<\/tbody>\n<\/table>\n<table border=\"0\" cellspacing=\"4\" cellpadding=\"0\">\n<tbody>\n<tr>\n<td valign=\"top\"><img decoding=\"async\" src=\"https:\/\/www.valera-shop.com\/fr\/themes\/valera\/d.gif\" width=\"10\" height=\"10\" border=\"0\" \/><\/td>\n<td>G\u00e9n\u00e9rateur d&#8217;ions<\/td>\n<\/tr>\n<\/tbody>\n<\/table>\n<table border=\"0\" cellspacing=\"4\" cellpadding=\"0\">\n<tbody>\n<tr>\n<td valign=\"top\"><img decoding=\"async\" src=\"https:\/\/www.valera-shop.com\/fr\/themes\/valera\/d.gif\" width=\"10\" height=\"10\" border=\"0\" \/><\/td>\n<td>Technologie Smart Airflow<\/td>\n<\/tr>\n<\/tbody>\n<\/table>\n<table border=\"0\" cellspacing=\"4\" cellpadding=\"0\">\n<tbody>\n<tr>\n<td valign=\"top\"><img decoding=\"async\" src=\"https:\/\/www.valera-shop.com\/fr\/themes\/valera\/d.gif\" width=\"10\" height=\"10\" border=\"0\" \/><\/td>\n<td>El\u00e9ment chauffant \u00e0 onde Security<\/td>\n<\/tr>\n<\/tbody>\n<\/table>\n<table border=\"0\" cellspacing=\"4\" cellpadding=\"0\">\n<tbody>\n<tr>\n<td valign=\"top\"><img decoding=\"async\" src=\"https:\/\/www.valera-shop.com\/fr\/themes\/valera\/d.gif\" width=\"10\" height=\"10\" border=\"0\" \/><\/td>\n<td>6 combinaisons de commutation temp\u00e9rature\/flux d&#8217;air<\/td>\n<\/tr>\n<\/tbody>\n<\/table>\n<table border=\"0\" cellspacing=\"4\" cellpadding=\"0\">\n<tbody>\n<tr>\n<td valign=\"top\"><img decoding=\"async\" src=\"https:\/\/www.valera-shop.com\/fr\/themes\/valera\/d.gif\" width=\"10\" height=\"10\" border=\"0\" \/><\/td>\n<td>Bouton d\u2019air froid<\/td>\n<\/tr>\n<\/tbody>\n<\/table>\n<p>&nbsp;<\/p>\n<div><b>Smart Airflow<\/b><\/div>\n<div>\u00c0 l&#8217;aide d&#8217;un logiciel avanc\u00e9 de simulation du comportement des flux, Valera a con\u00e7u la technologie Smart Airflow, qui optimise et comprime le flux d&#8217;air interne afin d&#8217;\u00e9liminer les frottements et les dispersions ind\u00e9sirables. Cela garantit une performance maximale avec un minimum de bruit.<\/div>\n<p>&nbsp;<\/p>\n<div>Contenu de la livraison<\/div>\n<table border=\"0\" cellspacing=\"4\" cellpadding=\"0\">\n<tbody>\n<tr>\n<td valign=\"top\"><img decoding=\"async\" src=\"https:\/\/www.valera-shop.com\/fr\/themes\/valera\/d.gif\" width=\"10\" height=\"10\" border=\"0\" \/><\/td>\n<td>Filtre m\u00e9tallique amovible<\/td>\n<\/tr>\n<\/tbody>\n<\/table>\n<table border=\"0\" cellspacing=\"4\" cellpadding=\"0\">\n<tbody>\n<tr>\n<td valign=\"top\"><img decoding=\"async\" src=\"https:\/\/www.valera-shop.com\/fr\/themes\/valera\/d.gif\" width=\"10\" height=\"10\" border=\"0\" \/><\/td>\n<td>Buse Touch me cool (7,5 cm)<\/td>\n<\/tr>\n<\/tbody>\n<\/table>\n<table border=\"0\" cellspacing=\"4\" cellpadding=\"0\">\n<tbody>\n<tr>\n<td valign=\"top\"><img decoding=\"async\" src=\"https:\/\/www.valera-shop.com\/fr\/themes\/valera\/d.gif\" width=\"10\" height=\"10\" border=\"0\" \/><\/td>\n<td>Buse standard (6 cm)<\/td>\n<\/tr>\n<\/tbody>\n<\/table>\n<table border=\"0\" cellspacing=\"4\" cellpadding=\"0\">\n<tbody>\n<tr>\n<td valign=\"top\"><img decoding=\"async\" src=\"https:\/\/www.valera-shop.com\/fr\/themes\/valera\/d.gif\" width=\"10\" height=\"10\" border=\"0\" \/><\/td>\n<td>C\u00e2ble Super-<wbr \/>Flex 3 m avec Rotocord<\/td>\n<\/tr>\n<\/tbody>\n<\/table>\n<p>&nbsp;<\/p>\n<table border=\"0\" cellspacing=\"1\" cellpadding=\"5\">\n<tbody>\n<tr>\n<td colspan=\"2\" bgcolor=\"#F5F5F5\"><b>Donn\u00e9es Techniques<\/b><\/td>\n<\/tr>\n<tr>\n<td valign=\"top\">Puissance<\/td>\n<td valign=\"top\">2000 W<\/td>\n<\/tr>\n<tr>\n<td valign=\"top\">Volume<\/td>\n<td valign=\"top\">sonore 64 db (A)<\/td>\n<\/tr>\n<tr>\n<td valign=\"top\">Poids<\/td>\n<td valign=\"top\">810 g (sans c\u00e2ble)<\/td>\n<\/tr>\n<\/tbody>\n<\/table>\n","protected":false},"excerpt":{"rendered":"<p>La technologie Smart Airflow de Valera concilie harmoniseusement la puissance et le fonctionnement en douceur. Elle optimise le flux d&#8217;air<\/p>\n","protected":false},"featured_media":29094,"template":"","meta":{"_acf_changed":false,"_monsterinsights_skip_tracking":false,"_monsterinsights_sitenote_active":false,"_monsterinsights_sitenote_note":"","_monsterinsights_sitenote_category":0},"product_brand":[279],"product_cat":[252,247,125],"product_tag":[],"class_list":{"0":"post-29114","1":"product","2":"type-product","3":"status-publish","4":"has-post-thumbnail","6":"product_brand-valera","7":"product_cat-hotellerie","8":"product_cat-salle-de-bains","9":"product_cat-seche-cheveux-pistolets","11":"first","12":"instock","13":"taxable","14":"shipping-taxable","15":"purchasable","16":"product-type-simple","17":"add-to-wishlist-after_add_to_cart"},"acf":[],"yoast_head":"<!-- This site is optimized with the Yoast SEO plugin v23.6 - https:\/\/yoast.com\/wordpress\/plugins\/seo\/ -->\n<title>Valera Swiss Silent Jet Ionic 2000W - SOMO S.A.M<\/title>\n<meta name=\"description\" content=\"La technologie Smart Airflow de Valera concilie harmoniseusement la puissance et le fonctionnement en douceur. Elle optimise le flux d&#039;air pour minimiser les frottements et le bruit tout en offrant des performances \u00e9lev\u00e9es.\" \/>\n<meta name=\"robots\" content=\"index, follow, max-snippet:-1, max-image-preview:large, max-video-preview:-1\" \/>\n<link rel=\"canonical\" href=\"https:\/\/somo-sam.com\/?product=valera-swiss-silent-jet-ionic-2000w\" \/>\n<meta property=\"og:locale\" content=\"fr_FR\" \/>\n<meta property=\"og:type\" content=\"article\" \/>\n<meta property=\"og:title\" content=\"Valera Swiss Silent Jet Ionic 2000W - SOMO S.A.M\" \/>\n<meta property=\"og:description\" content=\"La technologie Smart Airflow de Valera concilie harmoniseusement la puissance et le fonctionnement en douceur. Elle optimise le flux d&#039;air pour minimiser les frottements et le bruit tout en offrant des performances \u00e9lev\u00e9es.\" \/>\n<meta property=\"og:url\" content=\"https:\/\/somo-sam.com\/?product=valera-swiss-silent-jet-ionic-2000w\" \/>\n<meta property=\"og:site_name\" content=\"SOMO S.A.M\" \/>\n<meta property=\"og:image\" content=\"https:\/\/somo-sam.com\/wp-content\/uploads\/2025\/02\/Valera-Swiss-Silent-Jet-3.png\" \/>\n\t<meta property=\"og:image:width\" content=\"1080\" \/>\n\t<meta property=\"og:image:height\" content=\"1080\" \/>\n\t<meta property=\"og:image:type\" content=\"image\/png\" \/>\n<meta name=\"twitter:card\" content=\"summary_large_image\" \/>\n<meta name=\"twitter:label1\" content=\"Dur\u00e9e de lecture estim\u00e9e\" \/>\n\t<meta name=\"twitter:data1\" content=\"4 minutes\" \/>\n<script type=\"application\/ld+json\" class=\"yoast-schema-graph\">{\"@context\":\"https:\/\/schema.org\",\"@graph\":[{\"@type\":\"WebPage\",\"@id\":\"https:\/\/somo-sam.com\/?product=valera-swiss-silent-jet-ionic-2000w\",\"url\":\"https:\/\/somo-sam.com\/?product=valera-swiss-silent-jet-ionic-2000w\",\"name\":\"Valera Swiss Silent Jet Ionic 2000W - SOMO S.A.M\",\"isPartOf\":{\"@id\":\"http:\/\/somo-sam.com\/#website\"},\"primaryImageOfPage\":{\"@id\":\"https:\/\/somo-sam.com\/?product=valera-swiss-silent-jet-ionic-2000w#primaryimage\"},\"image\":{\"@id\":\"https:\/\/somo-sam.com\/?product=valera-swiss-silent-jet-ionic-2000w#primaryimage\"},\"thumbnailUrl\":\"https:\/\/somo-sam.com\/wp-content\/uploads\/2025\/02\/Valera-Swiss-Silent-Jet-3.png\",\"datePublished\":\"2025-02-24T15:05:49+00:00\",\"dateModified\":\"2025-02-24T15:05:49+00:00\",\"description\":\"La technologie Smart Airflow de Valera concilie harmoniseusement la puissance et le fonctionnement en douceur. Elle optimise le flux d'air pour minimiser les frottements et le bruit tout en offrant des performances \u00e9lev\u00e9es.\",\"breadcrumb\":{\"@id\":\"https:\/\/somo-sam.com\/?product=valera-swiss-silent-jet-ionic-2000w#breadcrumb\"},\"inLanguage\":\"fr-FR\",\"potentialAction\":[{\"@type\":\"ReadAction\",\"target\":[\"https:\/\/somo-sam.com\/?product=valera-swiss-silent-jet-ionic-2000w\"]}]},{\"@type\":\"ImageObject\",\"inLanguage\":\"fr-FR\",\"@id\":\"https:\/\/somo-sam.com\/?product=valera-swiss-silent-jet-ionic-2000w#primaryimage\",\"url\":\"https:\/\/somo-sam.com\/wp-content\/uploads\/2025\/02\/Valera-Swiss-Silent-Jet-3.png\",\"contentUrl\":\"https:\/\/somo-sam.com\/wp-content\/uploads\/2025\/02\/Valera-Swiss-Silent-Jet-3.png\",\"width\":1080,\"height\":1080},{\"@type\":\"BreadcrumbList\",\"@id\":\"https:\/\/somo-sam.com\/?product=valera-swiss-silent-jet-ionic-2000w#breadcrumb\",\"itemListElement\":[{\"@type\":\"ListItem\",\"position\":1,\"name\":\"Accueil\",\"item\":\"http:\/\/somo-sam.com\/\"},{\"@type\":\"ListItem\",\"position\":2,\"name\":\"Shop\",\"item\":\"https:\/\/somo-sam.com\/?page_id=413\"},{\"@type\":\"ListItem\",\"position\":3,\"name\":\"Valera Swiss Silent Jet Ionic 2000W\"}]},{\"@type\":\"WebSite\",\"@id\":\"http:\/\/somo-sam.com\/#website\",\"url\":\"http:\/\/somo-sam.com\/\",\"name\":\"SOMO S.A.M\",\"description\":\"Votre partenaire en \u00e9quipements h\u00f4teliers et de restauration\",\"potentialAction\":[{\"@type\":\"SearchAction\",\"target\":{\"@type\":\"EntryPoint\",\"urlTemplate\":\"http:\/\/somo-sam.com\/?s={search_term_string}\"},\"query-input\":{\"@type\":\"PropertyValueSpecification\",\"valueRequired\":true,\"valueName\":\"search_term_string\"}}],\"inLanguage\":\"fr-FR\"}]}<\/script>\n<!-- \/ Yoast SEO plugin. -->","yoast_head_json":{"title":"Valera Swiss Silent Jet Ionic 2000W - SOMO S.A.M","description":"La technologie Smart Airflow de Valera concilie harmoniseusement la puissance et le fonctionnement en douceur. Elle optimise le flux d'air pour minimiser les frottements et le bruit tout en offrant des performances \u00e9lev\u00e9es.","robots":{"index":"index","follow":"follow","max-snippet":"max-snippet:-1","max-image-preview":"max-image-preview:large","max-video-preview":"max-video-preview:-1"},"canonical":"https:\/\/somo-sam.com\/?product=valera-swiss-silent-jet-ionic-2000w","og_locale":"fr_FR","og_type":"article","og_title":"Valera Swiss Silent Jet Ionic 2000W - SOMO S.A.M","og_description":"La technologie Smart Airflow de Valera concilie harmoniseusement la puissance et le fonctionnement en douceur. Elle optimise le flux d'air pour minimiser les frottements et le bruit tout en offrant des performances \u00e9lev\u00e9es.","og_url":"https:\/\/somo-sam.com\/?product=valera-swiss-silent-jet-ionic-2000w","og_site_name":"SOMO S.A.M","og_image":[{"width":1080,"height":1080,"url":"https:\/\/somo-sam.com\/wp-content\/uploads\/2025\/02\/Valera-Swiss-Silent-Jet-3.png","type":"image\/png"}],"twitter_card":"summary_large_image","twitter_misc":{"Dur\u00e9e de lecture estim\u00e9e":"4 minutes"},"schema":{"@context":"https:\/\/schema.org","@graph":[{"@type":"WebPage","@id":"https:\/\/somo-sam.com\/?product=valera-swiss-silent-jet-ionic-2000w","url":"https:\/\/somo-sam.com\/?product=valera-swiss-silent-jet-ionic-2000w","name":"Valera Swiss Silent Jet Ionic 2000W - SOMO S.A.M","isPartOf":{"@id":"http:\/\/somo-sam.com\/#website"},"primaryImageOfPage":{"@id":"https:\/\/somo-sam.com\/?product=valera-swiss-silent-jet-ionic-2000w#primaryimage"},"image":{"@id":"https:\/\/somo-sam.com\/?product=valera-swiss-silent-jet-ionic-2000w#primaryimage"},"thumbnailUrl":"https:\/\/somo-sam.com\/wp-content\/uploads\/2025\/02\/Valera-Swiss-Silent-Jet-3.png","datePublished":"2025-02-24T15:05:49+00:00","dateModified":"2025-02-24T15:05:49+00:00","description":"La technologie Smart Airflow de Valera concilie harmoniseusement la puissance et le fonctionnement en douceur. Elle optimise le flux d'air pour minimiser les frottements et le bruit tout en offrant des performances \u00e9lev\u00e9es.","breadcrumb":{"@id":"https:\/\/somo-sam.com\/?product=valera-swiss-silent-jet-ionic-2000w#breadcrumb"},"inLanguage":"fr-FR","potentialAction":[{"@type":"ReadAction","target":["https:\/\/somo-sam.com\/?product=valera-swiss-silent-jet-ionic-2000w"]}]},{"@type":"ImageObject","inLanguage":"fr-FR","@id":"https:\/\/somo-sam.com\/?product=valera-swiss-silent-jet-ionic-2000w#primaryimage","url":"https:\/\/somo-sam.com\/wp-content\/uploads\/2025\/02\/Valera-Swiss-Silent-Jet-3.png","contentUrl":"https:\/\/somo-sam.com\/wp-content\/uploads\/2025\/02\/Valera-Swiss-Silent-Jet-3.png","width":1080,"height":1080},{"@type":"BreadcrumbList","@id":"https:\/\/somo-sam.com\/?product=valera-swiss-silent-jet-ionic-2000w#breadcrumb","itemListElement":[{"@type":"ListItem","position":1,"name":"Accueil","item":"http:\/\/somo-sam.com\/"},{"@type":"ListItem","position":2,"name":"Shop","item":"https:\/\/somo-sam.com\/?page_id=413"},{"@type":"ListItem","position":3,"name":"Valera Swiss Silent Jet Ionic 2000W"}]},{"@type":"WebSite","@id":"http:\/\/somo-sam.com\/#website","url":"http:\/\/somo-sam.com\/","name":"SOMO S.A.M","description":"Votre partenaire en \u00e9quipements h\u00f4teliers et de restauration","potentialAction":[{"@type":"SearchAction","target":{"@type":"EntryPoint","urlTemplate":"http:\/\/somo-sam.com\/?s={search_term_string}"},"query-input":{"@type":"PropertyValueSpecification","valueRequired":true,"valueName":"search_term_string"}}],"inLanguage":"fr-FR"}]}},"_links":{"self":[{"href":"https:\/\/somo-sam.com\/index.php?rest_route=\/wp\/v2\/product\/29114","targetHints":{"allow":["GET"]}}],"collection":[{"href":"https:\/\/somo-sam.com\/index.php?rest_route=\/wp\/v2\/product"}],"about":[{"href":"https:\/\/somo-sam.com\/index.php?rest_route=\/wp\/v2\/types\/product"}],"version-history":[{"count":1,"href":"https:\/\/somo-sam.com\/index.php?rest_route=\/wp\/v2\/product\/29114\/revisions"}],"predecessor-version":[{"id":29115,"href":"https:\/\/somo-sam.com\/index.php?rest_route=\/wp\/v2\/product\/29114\/revisions\/29115"}],"wp:featuredmedia":[{"embeddable":true,"href":"https:\/\/somo-sam.com\/index.php?rest_route=\/wp\/v2\/media\/29094"}],"wp:attachment":[{"href":"https:\/\/somo-sam.com\/index.php?rest_route=%2Fwp%2Fv2%2Fmedia&parent=29114"}],"wp:term":[{"taxonomy":"product_brand","embeddable":true,"href":"https:\/\/somo-sam.com\/index.php?rest_route=%2Fwp%2Fv2%2Fproduct_brand&post=29114"},{"taxonomy":"product_cat","embeddable":true,"href":"https:\/\/somo-sam.com\/index.php?rest_route=%2Fwp%2Fv2%2Fproduct_cat&post=29114"},{"taxonomy":"product_tag","embeddable":true,"href":"https:\/\/somo-sam.com\/index.php?rest_route=%2Fwp%2Fv2%2Fproduct_tag&post=29114"}],"curies":[{"name":"wp","href":"https:\/\/api.w.org\/{rel}","templated":true}]}}