{"id":29130,"date":"2025-02-25T13:11:50","date_gmt":"2025-02-25T12:11:50","guid":{"rendered":"https:\/\/somo-sam.com\/?post_type=product&#038;p=29130"},"modified":"2025-02-25T13:11:51","modified_gmt":"2025-02-25T12:11:51","slug":"valera-swiss-steel-master","status":"publish","type":"product","link":"https:\/\/somo-sam.com\/?product=valera-swiss-steel-master","title":{"rendered":"Valera Swiss Steel-Master"},"content":{"rendered":"<h3 data-start=\"138\" data-end=\"201\"><strong data-start=\"142\" data-end=\"199\">Puissance et technologie au service de la performance<\/strong><\/h3>\n<p data-start=\"203\" data-end=\"565\">Ce s\u00e8che-cheveux associe un design classique\u00a0 \u00e0 une technologie de pointe. \u00c9quip\u00e9 d\u2019un moteur num\u00e9rique sans balais Enduro-X, il offre une dur\u00e9e de vie prolong\u00e9e, un s\u00e9chage ultra-rapide et un fonctionnement plus \u00e9cologique. Son g\u00e9n\u00e9rateur d\u2019ions r\u00e9duit les frisottis et am\u00e9liore la brillance des cheveux, garantissant un r\u00e9sultat professionnel.<\/p>\n<h2 data-start=\"567\" data-end=\"604\"><strong data-start=\"570\" data-end=\"602\">Caract\u00e9ristiques principales<\/strong><\/h2>\n<ul data-start=\"605\" data-end=\"1258\">\n<li data-start=\"605\" data-end=\"723\"><strong data-start=\"607\" data-end=\"645\">Bo\u00eetier m\u00e9tallique en acier chrom\u00e9<\/strong> : finition haut de gamme pour une durabilit\u00e9 et une \u00e9l\u00e9gance incomparables.<\/li>\n<li data-start=\"724\" data-end=\"859\"><strong data-start=\"726\" data-end=\"772\">Moteur num\u00e9rique sans balais BLDC Enduro-X<\/strong> : dur\u00e9e de vie jusqu&#8217;\u00e0 10 000 heures, soit cinq fois plus qu\u2019un moteur traditionnel.<\/li>\n<li data-start=\"860\" data-end=\"946\"><strong data-start=\"862\" data-end=\"883\">G\u00e9n\u00e9rateur d\u2019ions<\/strong> : r\u00e9duit les frisottis et am\u00e9liore la brillance des cheveux.<\/li>\n<li data-start=\"947\" data-end=\"1058\"><strong data-start=\"949\" data-end=\"986\">\u00c9l\u00e9ment chauffant \u00e0 onde Security<\/strong> : diffusion homog\u00e8ne de la chaleur pour prot\u00e9ger la fibre capillaire.<\/li>\n<li data-start=\"1059\" data-end=\"1172\"><strong data-start=\"1061\" data-end=\"1109\">Six r\u00e9glages de temp\u00e9rature et de flux d\u2019air<\/strong> : adapt\u00e9s \u00e0 tous les types de cheveux et styles de coiffure.<\/li>\n<li data-start=\"1173\" data-end=\"1258\"><strong data-start=\"1175\" data-end=\"1197\">Bouton d\u2019air froid<\/strong> : permet de fixer la coiffure pour une tenue longue dur\u00e9e.<\/li>\n<\/ul>\n<h2 data-start=\"1260\" data-end=\"1313\"><strong data-start=\"1263\" data-end=\"1311\">Performances du moteur Enduro Brushless BLDC<\/strong><\/h2>\n<ul data-start=\"1314\" data-end=\"1527\">\n<li data-start=\"1314\" data-end=\"1403\">Fonctionnement silencieux et \u00e9co-responsable, sans \u00e9missions de poussi\u00e8re de charbon.<\/li>\n<li data-start=\"1404\" data-end=\"1473\">Flux d\u2019air puissant pour un s\u00e9chage rapide et un coiffage pr\u00e9cis.<\/li>\n<li data-start=\"1474\" data-end=\"1527\">Conception l\u00e9g\u00e8re pour une meilleure maniabilit\u00e9.<\/li>\n<\/ul>\n<h2 data-start=\"1529\" data-end=\"1556\"><strong data-start=\"1532\" data-end=\"1554\">Accessoires inclus<\/strong><\/h2>\n<ul data-start=\"1557\" data-end=\"1708\">\n<li data-start=\"1557\" data-end=\"1601\">Buse de circulation d\u2019air froid Touch Me<\/li>\n<li data-start=\"1602\" data-end=\"1632\">Filtre m\u00e9tallique amovible<\/li>\n<li data-start=\"1633\" data-end=\"1674\">C\u00e2ble Super-Flex de 3 m avec Rotocord<\/li>\n<li data-start=\"1675\" data-end=\"1708\">Diffuseur et sac de rangement<\/li>\n<\/ul>\n<h2 data-start=\"1710\" data-end=\"1737\"><strong data-start=\"1713\" data-end=\"1735\">Donn\u00e9es techniques<\/strong><\/h2>\n<ul data-start=\"1738\" data-end=\"1799\">\n<li data-start=\"1738\" data-end=\"1764\"><strong data-start=\"1740\" data-end=\"1753\">Puissance<\/strong> : 2200 W<\/li>\n<li data-start=\"1765\" data-end=\"1799\"><strong data-start=\"1767\" data-end=\"1776\">Poids<\/strong> : 878 g (hors c\u00e2ble)<\/li>\n<\/ul>\n<p data-start=\"1801\" data-end=\"1917\" data-is-last-node=\"\" data-is-only-node=\"\">Con\u00e7u pour offrir une exp\u00e9rience de coiffage optimale, ce s\u00e8che-cheveux allie performance, durabilit\u00e9 et innovation.<\/p>\n","protected":false},"excerpt":{"rendered":"<p>Puissance et technologie au service de la performance Ce s\u00e8che-cheveux associe un design classique\u00a0 \u00e0 une technologie de pointe. \u00c9quip\u00e9<\/p>\n","protected":false},"featured_media":29135,"template":"","meta":{"_acf_changed":false,"_monsterinsights_skip_tracking":false,"_monsterinsights_sitenote_active":false,"_monsterinsights_sitenote_note":"","_monsterinsights_sitenote_category":0},"product_brand":[279],"product_cat":[252,247,125],"product_tag":[],"class_list":{"0":"post-29130","1":"product","2":"type-product","3":"status-publish","4":"has-post-thumbnail","6":"product_brand-valera","7":"product_cat-hotellerie","8":"product_cat-salle-de-bains","9":"product_cat-seche-cheveux-pistolets","11":"first","12":"instock","13":"taxable","14":"shipping-taxable","15":"purchasable","16":"product-type-variable","17":"add-to-wishlist-after_add_to_cart"},"acf":[],"yoast_head":"<!-- This site is optimized with the Yoast SEO plugin v23.6 - https:\/\/yoast.com\/wordpress\/plugins\/seo\/ -->\n<title>Valera Swiss Steel-Master - SOMO S.A.M<\/title>\n<meta name=\"description\" content=\"\u00c9quip\u00e9 d\u2019un moteur num\u00e9rique sans balais Enduro-X, il offre une dur\u00e9e de vie prolong\u00e9e, un s\u00e9chage ultra-rapide et un fonctionnement plus \u00e9cologique.\" \/>\n<meta name=\"robots\" content=\"index, follow, max-snippet:-1, max-image-preview:large, max-video-preview:-1\" \/>\n<link rel=\"canonical\" href=\"https:\/\/somo-sam.com\/?product=valera-swiss-steel-master\" \/>\n<meta property=\"og:locale\" content=\"fr_FR\" \/>\n<meta property=\"og:type\" content=\"article\" \/>\n<meta property=\"og:title\" content=\"Valera Swiss Steel-Master - SOMO S.A.M\" \/>\n<meta property=\"og:description\" content=\"\u00c9quip\u00e9 d\u2019un moteur num\u00e9rique sans balais Enduro-X, il offre une dur\u00e9e de vie prolong\u00e9e, un s\u00e9chage ultra-rapide et un fonctionnement plus \u00e9cologique.\" \/>\n<meta property=\"og:url\" content=\"https:\/\/somo-sam.com\/?product=valera-swiss-steel-master\" \/>\n<meta property=\"og:site_name\" content=\"SOMO S.A.M\" \/>\n<meta property=\"article:modified_time\" content=\"2025-02-25T12:11:51+00:00\" \/>\n<meta property=\"og:image\" content=\"https:\/\/somo-sam.com\/wp-content\/uploads\/2025\/02\/SWISS-STEEL-MASTER-chrome.png\" \/>\n\t<meta property=\"og:image:width\" content=\"1080\" \/>\n\t<meta property=\"og:image:height\" content=\"1080\" \/>\n\t<meta property=\"og:image:type\" content=\"image\/png\" \/>\n<meta name=\"twitter:card\" content=\"summary_large_image\" \/>\n<meta name=\"twitter:label1\" content=\"Dur\u00e9e de lecture estim\u00e9e\" \/>\n\t<meta name=\"twitter:data1\" content=\"2 minutes\" \/>\n<script type=\"application\/ld+json\" class=\"yoast-schema-graph\">{\"@context\":\"https:\/\/schema.org\",\"@graph\":[{\"@type\":\"WebPage\",\"@id\":\"https:\/\/somo-sam.com\/?product=valera-swiss-steel-master\",\"url\":\"https:\/\/somo-sam.com\/?product=valera-swiss-steel-master\",\"name\":\"Valera Swiss Steel-Master - SOMO S.A.M\",\"isPartOf\":{\"@id\":\"http:\/\/somo-sam.com\/#website\"},\"primaryImageOfPage\":{\"@id\":\"https:\/\/somo-sam.com\/?product=valera-swiss-steel-master#primaryimage\"},\"image\":{\"@id\":\"https:\/\/somo-sam.com\/?product=valera-swiss-steel-master#primaryimage\"},\"thumbnailUrl\":\"https:\/\/somo-sam.com\/wp-content\/uploads\/2025\/02\/SWISS-STEEL-MASTER-chrome.png\",\"datePublished\":\"2025-02-25T12:11:50+00:00\",\"dateModified\":\"2025-02-25T12:11:51+00:00\",\"description\":\"\u00c9quip\u00e9 d\u2019un moteur num\u00e9rique sans balais Enduro-X, il offre une dur\u00e9e de vie prolong\u00e9e, un s\u00e9chage ultra-rapide et un fonctionnement plus \u00e9cologique.\",\"breadcrumb\":{\"@id\":\"https:\/\/somo-sam.com\/?product=valera-swiss-steel-master#breadcrumb\"},\"inLanguage\":\"fr-FR\",\"potentialAction\":[{\"@type\":\"ReadAction\",\"target\":[\"https:\/\/somo-sam.com\/?product=valera-swiss-steel-master\"]}]},{\"@type\":\"ImageObject\",\"inLanguage\":\"fr-FR\",\"@id\":\"https:\/\/somo-sam.com\/?product=valera-swiss-steel-master#primaryimage\",\"url\":\"https:\/\/somo-sam.com\/wp-content\/uploads\/2025\/02\/SWISS-STEEL-MASTER-chrome.png\",\"contentUrl\":\"https:\/\/somo-sam.com\/wp-content\/uploads\/2025\/02\/SWISS-STEEL-MASTER-chrome.png\",\"width\":1080,\"height\":1080},{\"@type\":\"BreadcrumbList\",\"@id\":\"https:\/\/somo-sam.com\/?product=valera-swiss-steel-master#breadcrumb\",\"itemListElement\":[{\"@type\":\"ListItem\",\"position\":1,\"name\":\"Accueil\",\"item\":\"http:\/\/somo-sam.com\/\"},{\"@type\":\"ListItem\",\"position\":2,\"name\":\"Shop\",\"item\":\"https:\/\/somo-sam.com\/?page_id=413\"},{\"@type\":\"ListItem\",\"position\":3,\"name\":\"Valera Swiss Steel-Master\"}]},{\"@type\":\"WebSite\",\"@id\":\"http:\/\/somo-sam.com\/#website\",\"url\":\"http:\/\/somo-sam.com\/\",\"name\":\"SOMO S.A.M\",\"description\":\"Votre partenaire en \u00e9quipements h\u00f4teliers et de restauration\",\"potentialAction\":[{\"@type\":\"SearchAction\",\"target\":{\"@type\":\"EntryPoint\",\"urlTemplate\":\"http:\/\/somo-sam.com\/?s={search_term_string}\"},\"query-input\":{\"@type\":\"PropertyValueSpecification\",\"valueRequired\":true,\"valueName\":\"search_term_string\"}}],\"inLanguage\":\"fr-FR\"}]}<\/script>\n<!-- \/ Yoast SEO plugin. -->","yoast_head_json":{"title":"Valera Swiss Steel-Master - SOMO S.A.M","description":"\u00c9quip\u00e9 d\u2019un moteur num\u00e9rique sans balais Enduro-X, il offre une dur\u00e9e de vie prolong\u00e9e, un s\u00e9chage ultra-rapide et un fonctionnement plus \u00e9cologique.","robots":{"index":"index","follow":"follow","max-snippet":"max-snippet:-1","max-image-preview":"max-image-preview:large","max-video-preview":"max-video-preview:-1"},"canonical":"https:\/\/somo-sam.com\/?product=valera-swiss-steel-master","og_locale":"fr_FR","og_type":"article","og_title":"Valera Swiss Steel-Master - SOMO S.A.M","og_description":"\u00c9quip\u00e9 d\u2019un moteur num\u00e9rique sans balais Enduro-X, il offre une dur\u00e9e de vie prolong\u00e9e, un s\u00e9chage ultra-rapide et un fonctionnement plus \u00e9cologique.","og_url":"https:\/\/somo-sam.com\/?product=valera-swiss-steel-master","og_site_name":"SOMO S.A.M","article_modified_time":"2025-02-25T12:11:51+00:00","og_image":[{"width":1080,"height":1080,"url":"https:\/\/somo-sam.com\/wp-content\/uploads\/2025\/02\/SWISS-STEEL-MASTER-chrome.png","type":"image\/png"}],"twitter_card":"summary_large_image","twitter_misc":{"Dur\u00e9e de lecture estim\u00e9e":"2 minutes"},"schema":{"@context":"https:\/\/schema.org","@graph":[{"@type":"WebPage","@id":"https:\/\/somo-sam.com\/?product=valera-swiss-steel-master","url":"https:\/\/somo-sam.com\/?product=valera-swiss-steel-master","name":"Valera Swiss Steel-Master - SOMO S.A.M","isPartOf":{"@id":"http:\/\/somo-sam.com\/#website"},"primaryImageOfPage":{"@id":"https:\/\/somo-sam.com\/?product=valera-swiss-steel-master#primaryimage"},"image":{"@id":"https:\/\/somo-sam.com\/?product=valera-swiss-steel-master#primaryimage"},"thumbnailUrl":"https:\/\/somo-sam.com\/wp-content\/uploads\/2025\/02\/SWISS-STEEL-MASTER-chrome.png","datePublished":"2025-02-25T12:11:50+00:00","dateModified":"2025-02-25T12:11:51+00:00","description":"\u00c9quip\u00e9 d\u2019un moteur num\u00e9rique sans balais Enduro-X, il offre une dur\u00e9e de vie prolong\u00e9e, un s\u00e9chage ultra-rapide et un fonctionnement plus \u00e9cologique.","breadcrumb":{"@id":"https:\/\/somo-sam.com\/?product=valera-swiss-steel-master#breadcrumb"},"inLanguage":"fr-FR","potentialAction":[{"@type":"ReadAction","target":["https:\/\/somo-sam.com\/?product=valera-swiss-steel-master"]}]},{"@type":"ImageObject","inLanguage":"fr-FR","@id":"https:\/\/somo-sam.com\/?product=valera-swiss-steel-master#primaryimage","url":"https:\/\/somo-sam.com\/wp-content\/uploads\/2025\/02\/SWISS-STEEL-MASTER-chrome.png","contentUrl":"https:\/\/somo-sam.com\/wp-content\/uploads\/2025\/02\/SWISS-STEEL-MASTER-chrome.png","width":1080,"height":1080},{"@type":"BreadcrumbList","@id":"https:\/\/somo-sam.com\/?product=valera-swiss-steel-master#breadcrumb","itemListElement":[{"@type":"ListItem","position":1,"name":"Accueil","item":"http:\/\/somo-sam.com\/"},{"@type":"ListItem","position":2,"name":"Shop","item":"https:\/\/somo-sam.com\/?page_id=413"},{"@type":"ListItem","position":3,"name":"Valera Swiss Steel-Master"}]},{"@type":"WebSite","@id":"http:\/\/somo-sam.com\/#website","url":"http:\/\/somo-sam.com\/","name":"SOMO S.A.M","description":"Votre partenaire en \u00e9quipements h\u00f4teliers et de restauration","potentialAction":[{"@type":"SearchAction","target":{"@type":"EntryPoint","urlTemplate":"http:\/\/somo-sam.com\/?s={search_term_string}"},"query-input":{"@type":"PropertyValueSpecification","valueRequired":true,"valueName":"search_term_string"}}],"inLanguage":"fr-FR"}]}},"_links":{"self":[{"href":"https:\/\/somo-sam.com\/index.php?rest_route=\/wp\/v2\/product\/29130","targetHints":{"allow":["GET"]}}],"collection":[{"href":"https:\/\/somo-sam.com\/index.php?rest_route=\/wp\/v2\/product"}],"about":[{"href":"https:\/\/somo-sam.com\/index.php?rest_route=\/wp\/v2\/types\/product"}],"version-history":[{"count":1,"href":"https:\/\/somo-sam.com\/index.php?rest_route=\/wp\/v2\/product\/29130\/revisions"}],"predecessor-version":[{"id":29152,"href":"https:\/\/somo-sam.com\/index.php?rest_route=\/wp\/v2\/product\/29130\/revisions\/29152"}],"wp:featuredmedia":[{"embeddable":true,"href":"https:\/\/somo-sam.com\/index.php?rest_route=\/wp\/v2\/media\/29135"}],"wp:attachment":[{"href":"https:\/\/somo-sam.com\/index.php?rest_route=%2Fwp%2Fv2%2Fmedia&parent=29130"}],"wp:term":[{"taxonomy":"product_brand","embeddable":true,"href":"https:\/\/somo-sam.com\/index.php?rest_route=%2Fwp%2Fv2%2Fproduct_brand&post=29130"},{"taxonomy":"product_cat","embeddable":true,"href":"https:\/\/somo-sam.com\/index.php?rest_route=%2Fwp%2Fv2%2Fproduct_cat&post=29130"},{"taxonomy":"product_tag","embeddable":true,"href":"https:\/\/somo-sam.com\/index.php?rest_route=%2Fwp%2Fv2%2Fproduct_tag&post=29130"}],"curies":[{"name":"wp","href":"https:\/\/api.w.org\/{rel}","templated":true}]}}