{"id":29410,"date":"2025-02-26T18:15:50","date_gmt":"2025-02-26T17:15:50","guid":{"rendered":"https:\/\/somo-sam.com\/?post_type=product&#038;p=29410"},"modified":"2025-02-26T18:18:56","modified_gmt":"2025-02-26T17:18:56","slug":"minibar-avec-porte-noire-solide-40-litres","status":"publish","type":"product","link":"https:\/\/somo-sam.com\/?product=minibar-avec-porte-noire-solide-40-litres","title":{"rendered":"Minibar avec porte noire solide \u2013 40 litres"},"content":{"rendered":"<p data-start=\"102\" data-end=\"259\">Ce minibar, avec sa porte noire solide, offre un design sophistiqu\u00e9 et une capacit\u00e9 brute de 40 litres (net de 34 litres), parfait pour les chambres d\u2019h\u00f4tel.<\/p>\n<p data-start=\"261\" data-end=\"904\">Gr\u00e2ce \u00e0 sa classe \u00e9nerg\u00e9tique E, il garantit une op\u00e9ration efficace avec une consommation annuelle de 96 kWh et une consommation quotidienne de 0,263 kWh.<br data-start=\"415\" data-end=\"418\" \/>Silencieux \u00e0 0 dB, il ne d\u00e9rangera pas le sommeil des invit\u00e9s, tandis que la technologie de r\u00e9frig\u00e9ration R600a et le d\u00e9givrage automatique assurent que les boissons et snacks restent toujours frais.<br data-start=\"617\" data-end=\"620\" \/>Il fonctionne avec une puissance de 63W et une tension de 220-240V~ 50-60 Hz.<br data-start=\"697\" data-end=\"700\" \/>La porte r\u00e9versible offre une flexibilit\u00e9 d&#8217;installation, et l&#8217;\u00e9clairage int\u00e9rieur LED, associ\u00e9 aux 2 \u00e9tag\u00e8res internes et au rack sur le c\u00f4t\u00e9 de la porte, facilite l&#8217;organisation de l&#8217;espace int\u00e9rieur.<\/p>\n<p data-start=\"906\" data-end=\"1158\">\u00c9quip\u00e9 d&#8217;une certification CE, d&#8217;une prise Schuko et de pieds de fixation pour une installation facile, ce minibar est la solution id\u00e9ale pour ajouter une touche de classe aux chambres d\u2019h\u00f4tel, offrant ainsi une exp\u00e9rience plus confortable aux invit\u00e9s.<\/p>\n","protected":false},"excerpt":{"rendered":"<h2>Minibar avec porte noire solide \u2013 40 litres<\/h2>\n","protected":false},"featured_media":29432,"template":"","meta":{"_acf_changed":false,"_monsterinsights_skip_tracking":false,"_monsterinsights_sitenote_active":false,"_monsterinsights_sitenote_note":"","_monsterinsights_sitenote_category":0},"product_brand":[282],"product_cat":[250,252,65],"product_tag":[],"class_list":{"0":"post-29410","1":"product","2":"type-product","3":"status-publish","4":"has-post-thumbnail","6":"product_brand-stark","7":"product_cat-chambre","8":"product_cat-hotellerie","9":"product_cat-minibars","11":"first","12":"instock","13":"taxable","14":"shipping-taxable","15":"product-type-simple","16":"add-to-wishlist-after_add_to_cart"},"acf":[],"yoast_head":"<!-- This site is optimized with the Yoast SEO plugin v23.6 - https:\/\/yoast.com\/wordpress\/plugins\/seo\/ -->\n<title>Minibar avec porte noire solide \u2013 40 litres - SOMO S.A.M<\/title>\n<meta name=\"description\" content=\"\u00c9quip\u00e9 d&#039;une certification CE, d&#039;une prise Schuko et de pieds de fixation pour une installation facile, ce minibar est la solution id\u00e9ale pour ajouter une touche de classe aux chambres d\u2019h\u00f4tel, offrant ainsi une exp\u00e9rience plus confortable aux invit\u00e9s.\" \/>\n<meta name=\"robots\" content=\"index, follow, max-snippet:-1, max-image-preview:large, max-video-preview:-1\" \/>\n<link rel=\"canonical\" href=\"https:\/\/somo-sam.com\/?product=minibar-avec-porte-noire-solide-40-litres\" \/>\n<meta property=\"og:locale\" content=\"fr_FR\" \/>\n<meta property=\"og:type\" content=\"article\" \/>\n<meta property=\"og:title\" content=\"Minibar avec porte noire solide \u2013 40 litres - SOMO S.A.M\" \/>\n<meta property=\"og:description\" content=\"\u00c9quip\u00e9 d&#039;une certification CE, d&#039;une prise Schuko et de pieds de fixation pour une installation facile, ce minibar est la solution id\u00e9ale pour ajouter une touche de classe aux chambres d\u2019h\u00f4tel, offrant ainsi une exp\u00e9rience plus confortable aux invit\u00e9s.\" \/>\n<meta property=\"og:url\" content=\"https:\/\/somo-sam.com\/?product=minibar-avec-porte-noire-solide-40-litres\" \/>\n<meta property=\"og:site_name\" content=\"SOMO S.A.M\" \/>\n<meta property=\"article:modified_time\" content=\"2025-02-26T17:18:56+00:00\" \/>\n<meta property=\"og:image\" content=\"https:\/\/somo-sam.com\/wp-content\/uploads\/2025\/02\/Reference-E40N-3.png\" \/>\n\t<meta property=\"og:image:width\" content=\"1080\" \/>\n\t<meta property=\"og:image:height\" content=\"1080\" \/>\n\t<meta property=\"og:image:type\" content=\"image\/png\" \/>\n<meta name=\"twitter:card\" content=\"summary_large_image\" \/>\n<meta name=\"twitter:label1\" content=\"Dur\u00e9e de lecture estim\u00e9e\" \/>\n\t<meta name=\"twitter:data1\" content=\"2 minutes\" \/>\n<script type=\"application\/ld+json\" class=\"yoast-schema-graph\">{\"@context\":\"https:\/\/schema.org\",\"@graph\":[{\"@type\":\"WebPage\",\"@id\":\"https:\/\/somo-sam.com\/?product=minibar-avec-porte-noire-solide-40-litres\",\"url\":\"https:\/\/somo-sam.com\/?product=minibar-avec-porte-noire-solide-40-litres\",\"name\":\"Minibar avec porte noire solide \u2013 40 litres - SOMO S.A.M\",\"isPartOf\":{\"@id\":\"http:\/\/somo-sam.com\/#website\"},\"primaryImageOfPage\":{\"@id\":\"https:\/\/somo-sam.com\/?product=minibar-avec-porte-noire-solide-40-litres#primaryimage\"},\"image\":{\"@id\":\"https:\/\/somo-sam.com\/?product=minibar-avec-porte-noire-solide-40-litres#primaryimage\"},\"thumbnailUrl\":\"https:\/\/somo-sam.com\/wp-content\/uploads\/2025\/02\/Reference-E40N-3.png\",\"datePublished\":\"2025-02-26T17:15:50+00:00\",\"dateModified\":\"2025-02-26T17:18:56+00:00\",\"description\":\"\u00c9quip\u00e9 d'une certification CE, d'une prise Schuko et de pieds de fixation pour une installation facile, ce minibar est la solution id\u00e9ale pour ajouter une touche de classe aux chambres d\u2019h\u00f4tel, offrant ainsi une exp\u00e9rience plus confortable aux invit\u00e9s.\",\"breadcrumb\":{\"@id\":\"https:\/\/somo-sam.com\/?product=minibar-avec-porte-noire-solide-40-litres#breadcrumb\"},\"inLanguage\":\"fr-FR\",\"potentialAction\":[{\"@type\":\"ReadAction\",\"target\":[\"https:\/\/somo-sam.com\/?product=minibar-avec-porte-noire-solide-40-litres\"]}]},{\"@type\":\"ImageObject\",\"inLanguage\":\"fr-FR\",\"@id\":\"https:\/\/somo-sam.com\/?product=minibar-avec-porte-noire-solide-40-litres#primaryimage\",\"url\":\"https:\/\/somo-sam.com\/wp-content\/uploads\/2025\/02\/Reference-E40N-3.png\",\"contentUrl\":\"https:\/\/somo-sam.com\/wp-content\/uploads\/2025\/02\/Reference-E40N-3.png\",\"width\":1080,\"height\":1080},{\"@type\":\"BreadcrumbList\",\"@id\":\"https:\/\/somo-sam.com\/?product=minibar-avec-porte-noire-solide-40-litres#breadcrumb\",\"itemListElement\":[{\"@type\":\"ListItem\",\"position\":1,\"name\":\"Accueil\",\"item\":\"http:\/\/somo-sam.com\/\"},{\"@type\":\"ListItem\",\"position\":2,\"name\":\"Shop\",\"item\":\"https:\/\/somo-sam.com\/?page_id=413\"},{\"@type\":\"ListItem\",\"position\":3,\"name\":\"Minibar avec porte noire solide \u2013 40 litres\"}]},{\"@type\":\"WebSite\",\"@id\":\"http:\/\/somo-sam.com\/#website\",\"url\":\"http:\/\/somo-sam.com\/\",\"name\":\"SOMO S.A.M\",\"description\":\"Votre partenaire en \u00e9quipements h\u00f4teliers et de restauration\",\"potentialAction\":[{\"@type\":\"SearchAction\",\"target\":{\"@type\":\"EntryPoint\",\"urlTemplate\":\"http:\/\/somo-sam.com\/?s={search_term_string}\"},\"query-input\":{\"@type\":\"PropertyValueSpecification\",\"valueRequired\":true,\"valueName\":\"search_term_string\"}}],\"inLanguage\":\"fr-FR\"}]}<\/script>\n<!-- \/ Yoast SEO plugin. -->","yoast_head_json":{"title":"Minibar avec porte noire solide \u2013 40 litres - SOMO S.A.M","description":"\u00c9quip\u00e9 d'une certification CE, d'une prise Schuko et de pieds de fixation pour une installation facile, ce minibar est la solution id\u00e9ale pour ajouter une touche de classe aux chambres d\u2019h\u00f4tel, offrant ainsi une exp\u00e9rience plus confortable aux invit\u00e9s.","robots":{"index":"index","follow":"follow","max-snippet":"max-snippet:-1","max-image-preview":"max-image-preview:large","max-video-preview":"max-video-preview:-1"},"canonical":"https:\/\/somo-sam.com\/?product=minibar-avec-porte-noire-solide-40-litres","og_locale":"fr_FR","og_type":"article","og_title":"Minibar avec porte noire solide \u2013 40 litres - SOMO S.A.M","og_description":"\u00c9quip\u00e9 d'une certification CE, d'une prise Schuko et de pieds de fixation pour une installation facile, ce minibar est la solution id\u00e9ale pour ajouter une touche de classe aux chambres d\u2019h\u00f4tel, offrant ainsi une exp\u00e9rience plus confortable aux invit\u00e9s.","og_url":"https:\/\/somo-sam.com\/?product=minibar-avec-porte-noire-solide-40-litres","og_site_name":"SOMO S.A.M","article_modified_time":"2025-02-26T17:18:56+00:00","og_image":[{"width":1080,"height":1080,"url":"https:\/\/somo-sam.com\/wp-content\/uploads\/2025\/02\/Reference-E40N-3.png","type":"image\/png"}],"twitter_card":"summary_large_image","twitter_misc":{"Dur\u00e9e de lecture estim\u00e9e":"2 minutes"},"schema":{"@context":"https:\/\/schema.org","@graph":[{"@type":"WebPage","@id":"https:\/\/somo-sam.com\/?product=minibar-avec-porte-noire-solide-40-litres","url":"https:\/\/somo-sam.com\/?product=minibar-avec-porte-noire-solide-40-litres","name":"Minibar avec porte noire solide \u2013 40 litres - SOMO S.A.M","isPartOf":{"@id":"http:\/\/somo-sam.com\/#website"},"primaryImageOfPage":{"@id":"https:\/\/somo-sam.com\/?product=minibar-avec-porte-noire-solide-40-litres#primaryimage"},"image":{"@id":"https:\/\/somo-sam.com\/?product=minibar-avec-porte-noire-solide-40-litres#primaryimage"},"thumbnailUrl":"https:\/\/somo-sam.com\/wp-content\/uploads\/2025\/02\/Reference-E40N-3.png","datePublished":"2025-02-26T17:15:50+00:00","dateModified":"2025-02-26T17:18:56+00:00","description":"\u00c9quip\u00e9 d'une certification CE, d'une prise Schuko et de pieds de fixation pour une installation facile, ce minibar est la solution id\u00e9ale pour ajouter une touche de classe aux chambres d\u2019h\u00f4tel, offrant ainsi une exp\u00e9rience plus confortable aux invit\u00e9s.","breadcrumb":{"@id":"https:\/\/somo-sam.com\/?product=minibar-avec-porte-noire-solide-40-litres#breadcrumb"},"inLanguage":"fr-FR","potentialAction":[{"@type":"ReadAction","target":["https:\/\/somo-sam.com\/?product=minibar-avec-porte-noire-solide-40-litres"]}]},{"@type":"ImageObject","inLanguage":"fr-FR","@id":"https:\/\/somo-sam.com\/?product=minibar-avec-porte-noire-solide-40-litres#primaryimage","url":"https:\/\/somo-sam.com\/wp-content\/uploads\/2025\/02\/Reference-E40N-3.png","contentUrl":"https:\/\/somo-sam.com\/wp-content\/uploads\/2025\/02\/Reference-E40N-3.png","width":1080,"height":1080},{"@type":"BreadcrumbList","@id":"https:\/\/somo-sam.com\/?product=minibar-avec-porte-noire-solide-40-litres#breadcrumb","itemListElement":[{"@type":"ListItem","position":1,"name":"Accueil","item":"http:\/\/somo-sam.com\/"},{"@type":"ListItem","position":2,"name":"Shop","item":"https:\/\/somo-sam.com\/?page_id=413"},{"@type":"ListItem","position":3,"name":"Minibar avec porte noire solide \u2013 40 litres"}]},{"@type":"WebSite","@id":"http:\/\/somo-sam.com\/#website","url":"http:\/\/somo-sam.com\/","name":"SOMO S.A.M","description":"Votre partenaire en \u00e9quipements h\u00f4teliers et de restauration","potentialAction":[{"@type":"SearchAction","target":{"@type":"EntryPoint","urlTemplate":"http:\/\/somo-sam.com\/?s={search_term_string}"},"query-input":{"@type":"PropertyValueSpecification","valueRequired":true,"valueName":"search_term_string"}}],"inLanguage":"fr-FR"}]}},"_links":{"self":[{"href":"https:\/\/somo-sam.com\/index.php?rest_route=\/wp\/v2\/product\/29410","targetHints":{"allow":["GET"]}}],"collection":[{"href":"https:\/\/somo-sam.com\/index.php?rest_route=\/wp\/v2\/product"}],"about":[{"href":"https:\/\/somo-sam.com\/index.php?rest_route=\/wp\/v2\/types\/product"}],"version-history":[{"count":1,"href":"https:\/\/somo-sam.com\/index.php?rest_route=\/wp\/v2\/product\/29410\/revisions"}],"predecessor-version":[{"id":29425,"href":"https:\/\/somo-sam.com\/index.php?rest_route=\/wp\/v2\/product\/29410\/revisions\/29425"}],"wp:featuredmedia":[{"embeddable":true,"href":"https:\/\/somo-sam.com\/index.php?rest_route=\/wp\/v2\/media\/29432"}],"wp:attachment":[{"href":"https:\/\/somo-sam.com\/index.php?rest_route=%2Fwp%2Fv2%2Fmedia&parent=29410"}],"wp:term":[{"taxonomy":"product_brand","embeddable":true,"href":"https:\/\/somo-sam.com\/index.php?rest_route=%2Fwp%2Fv2%2Fproduct_brand&post=29410"},{"taxonomy":"product_cat","embeddable":true,"href":"https:\/\/somo-sam.com\/index.php?rest_route=%2Fwp%2Fv2%2Fproduct_cat&post=29410"},{"taxonomy":"product_tag","embeddable":true,"href":"https:\/\/somo-sam.com\/index.php?rest_route=%2Fwp%2Fv2%2Fproduct_tag&post=29410"}],"curies":[{"name":"wp","href":"https:\/\/api.w.org\/{rel}","templated":true}]}}