{"id":29435,"date":"2025-02-26T18:27:27","date_gmt":"2025-02-26T17:27:27","guid":{"rendered":"https:\/\/somo-sam.com\/?post_type=product&#038;p=29435"},"modified":"2025-02-26T18:27:27","modified_gmt":"2025-02-26T17:27:27","slug":"minibar-avec-porte-noire-solide-30-litres","status":"publish","type":"product","link":"https:\/\/somo-sam.com\/?product=minibar-avec-porte-noire-solide-30-litres","title":{"rendered":"Minibar avec porte noire solide \u2013 30 litres"},"content":{"rendered":"<p data-start=\"152\" data-end=\"298\">Ce minibar, avec sa finition noire et sa porte solide, offre un design \u00e9pur\u00e9 et une performance efficace, id\u00e9al pour les environnements h\u00f4teliers.<\/p>\n<p data-start=\"300\" data-end=\"709\">Avec une capacit\u00e9 brute de 30 litres et nette de 28 litres, il offre un espace suffisant pour stocker des boissons et des snacks, tout en les maintenant frais gr\u00e2ce \u00e0 son syst\u00e8me de r\u00e9frig\u00e9ration R600a et son d\u00e9givrage automatique.<br data-start=\"531\" data-end=\"534\" \/>Avec une puissance de 65W et une tension de 220V~ 50Hz, ce minibar fonctionne de mani\u00e8re ultra-silencieuse, \u00e0 0 dB, afin de ne pas d\u00e9ranger le sommeil ou le repos des invit\u00e9s.<\/p>\n<p data-start=\"711\" data-end=\"1156\">Sa classe \u00e9nerg\u00e9tique E garantit une efficacit\u00e9 \u00e9nerg\u00e9tique avec une consommation annuelle de 77 kWh et une consommation quotidienne de 0,203 kWh.<br data-start=\"857\" data-end=\"860\" \/>La porte r\u00e9versible offre une flexibilit\u00e9 d\u2019installation, tandis que l\u2019\u00e9clairage LED int\u00e9rieur am\u00e9liore la visibilit\u00e9 sans impacter la consommation d\u2019\u00e9nergie.<br data-start=\"1018\" data-end=\"1021\" \/>\u00c9quip\u00e9 d&#8217;une \u00e9tag\u00e8re interne pour organiser l&#8217;espace efficacement, un rack pratique sur le c\u00f4t\u00e9 de la porte augmente la fonctionnalit\u00e9.<\/p>\n<p data-start=\"1158\" data-end=\"1353\">La certification CE confirme sa fiabilit\u00e9 et sa s\u00e9curit\u00e9.<br data-start=\"1215\" data-end=\"1218\" \/>Complet avec prise Schuko et pieds de fixation pour une stabilit\u00e9 optimale, ce minibar est le choix parfait pour toute chambre d\u2019h\u00f4tel.<\/p>\n","protected":false},"excerpt":{"rendered":"<p>Ce minibar, avec sa finition noire et sa porte solide, offre un design \u00e9pur\u00e9 et une performance efficace, id\u00e9al pour<\/p>\n","protected":false},"featured_media":29436,"template":"","meta":{"_acf_changed":false,"_monsterinsights_skip_tracking":false,"_monsterinsights_sitenote_active":false,"_monsterinsights_sitenote_note":"","_monsterinsights_sitenote_category":0},"product_brand":[282],"product_cat":[250,252,65],"product_tag":[],"class_list":{"0":"post-29435","1":"product","2":"type-product","3":"status-publish","4":"has-post-thumbnail","6":"product_brand-stark","7":"product_cat-chambre","8":"product_cat-hotellerie","9":"product_cat-minibars","11":"first","12":"instock","13":"taxable","14":"shipping-taxable","15":"product-type-simple","16":"add-to-wishlist-after_add_to_cart"},"acf":[],"yoast_head":"<!-- This site is optimized with the Yoast SEO plugin v23.6 - https:\/\/yoast.com\/wordpress\/plugins\/seo\/ -->\n<title>Minibar avec porte noire solide \u2013 30 litres - SOMO S.A.M<\/title>\n<meta name=\"robots\" content=\"index, follow, max-snippet:-1, max-image-preview:large, max-video-preview:-1\" \/>\n<link rel=\"canonical\" href=\"https:\/\/somo-sam.com\/?product=minibar-avec-porte-noire-solide-30-litres\" \/>\n<meta property=\"og:locale\" content=\"fr_FR\" \/>\n<meta property=\"og:type\" content=\"article\" \/>\n<meta property=\"og:title\" content=\"Minibar avec porte noire solide \u2013 30 litres - SOMO S.A.M\" \/>\n<meta property=\"og:description\" content=\"Ce minibar, avec sa finition noire et sa porte solide, offre un design \u00e9pur\u00e9 et une performance efficace, id\u00e9al pour\" \/>\n<meta property=\"og:url\" content=\"https:\/\/somo-sam.com\/?product=minibar-avec-porte-noire-solide-30-litres\" \/>\n<meta property=\"og:site_name\" content=\"SOMO S.A.M\" \/>\n<meta property=\"og:image\" content=\"https:\/\/somo-sam.com\/wp-content\/uploads\/2025\/02\/Minibar-avec-porte-noire-solide-\u2013-30-litres.png\" \/>\n\t<meta property=\"og:image:width\" content=\"1080\" \/>\n\t<meta property=\"og:image:height\" content=\"1080\" \/>\n\t<meta property=\"og:image:type\" content=\"image\/png\" \/>\n<meta name=\"twitter:card\" content=\"summary_large_image\" \/>\n<meta name=\"twitter:label1\" content=\"Dur\u00e9e de lecture estim\u00e9e\" \/>\n\t<meta name=\"twitter:data1\" content=\"2 minutes\" \/>\n<script type=\"application\/ld+json\" class=\"yoast-schema-graph\">{\"@context\":\"https:\/\/schema.org\",\"@graph\":[{\"@type\":\"WebPage\",\"@id\":\"https:\/\/somo-sam.com\/?product=minibar-avec-porte-noire-solide-30-litres\",\"url\":\"https:\/\/somo-sam.com\/?product=minibar-avec-porte-noire-solide-30-litres\",\"name\":\"Minibar avec porte noire solide \u2013 30 litres - SOMO S.A.M\",\"isPartOf\":{\"@id\":\"http:\/\/somo-sam.com\/#website\"},\"primaryImageOfPage\":{\"@id\":\"https:\/\/somo-sam.com\/?product=minibar-avec-porte-noire-solide-30-litres#primaryimage\"},\"image\":{\"@id\":\"https:\/\/somo-sam.com\/?product=minibar-avec-porte-noire-solide-30-litres#primaryimage\"},\"thumbnailUrl\":\"https:\/\/somo-sam.com\/wp-content\/uploads\/2025\/02\/Minibar-avec-porte-noire-solide-\u2013-30-litres.png\",\"datePublished\":\"2025-02-26T17:27:27+00:00\",\"dateModified\":\"2025-02-26T17:27:27+00:00\",\"breadcrumb\":{\"@id\":\"https:\/\/somo-sam.com\/?product=minibar-avec-porte-noire-solide-30-litres#breadcrumb\"},\"inLanguage\":\"fr-FR\",\"potentialAction\":[{\"@type\":\"ReadAction\",\"target\":[\"https:\/\/somo-sam.com\/?product=minibar-avec-porte-noire-solide-30-litres\"]}]},{\"@type\":\"ImageObject\",\"inLanguage\":\"fr-FR\",\"@id\":\"https:\/\/somo-sam.com\/?product=minibar-avec-porte-noire-solide-30-litres#primaryimage\",\"url\":\"https:\/\/somo-sam.com\/wp-content\/uploads\/2025\/02\/Minibar-avec-porte-noire-solide-\u2013-30-litres.png\",\"contentUrl\":\"https:\/\/somo-sam.com\/wp-content\/uploads\/2025\/02\/Minibar-avec-porte-noire-solide-\u2013-30-litres.png\",\"width\":1080,\"height\":1080},{\"@type\":\"BreadcrumbList\",\"@id\":\"https:\/\/somo-sam.com\/?product=minibar-avec-porte-noire-solide-30-litres#breadcrumb\",\"itemListElement\":[{\"@type\":\"ListItem\",\"position\":1,\"name\":\"Accueil\",\"item\":\"http:\/\/somo-sam.com\/\"},{\"@type\":\"ListItem\",\"position\":2,\"name\":\"Shop\",\"item\":\"https:\/\/somo-sam.com\/?page_id=413\"},{\"@type\":\"ListItem\",\"position\":3,\"name\":\"Minibar avec porte noire solide \u2013 30 litres\"}]},{\"@type\":\"WebSite\",\"@id\":\"http:\/\/somo-sam.com\/#website\",\"url\":\"http:\/\/somo-sam.com\/\",\"name\":\"SOMO S.A.M\",\"description\":\"Votre partenaire en \u00e9quipements h\u00f4teliers et de restauration\",\"potentialAction\":[{\"@type\":\"SearchAction\",\"target\":{\"@type\":\"EntryPoint\",\"urlTemplate\":\"http:\/\/somo-sam.com\/?s={search_term_string}\"},\"query-input\":{\"@type\":\"PropertyValueSpecification\",\"valueRequired\":true,\"valueName\":\"search_term_string\"}}],\"inLanguage\":\"fr-FR\"}]}<\/script>\n<!-- \/ Yoast SEO plugin. -->","yoast_head_json":{"title":"Minibar avec porte noire solide \u2013 30 litres - SOMO S.A.M","robots":{"index":"index","follow":"follow","max-snippet":"max-snippet:-1","max-image-preview":"max-image-preview:large","max-video-preview":"max-video-preview:-1"},"canonical":"https:\/\/somo-sam.com\/?product=minibar-avec-porte-noire-solide-30-litres","og_locale":"fr_FR","og_type":"article","og_title":"Minibar avec porte noire solide \u2013 30 litres - SOMO S.A.M","og_description":"Ce minibar, avec sa finition noire et sa porte solide, offre un design \u00e9pur\u00e9 et une performance efficace, id\u00e9al pour","og_url":"https:\/\/somo-sam.com\/?product=minibar-avec-porte-noire-solide-30-litres","og_site_name":"SOMO S.A.M","og_image":[{"width":1080,"height":1080,"url":"https:\/\/somo-sam.com\/wp-content\/uploads\/2025\/02\/Minibar-avec-porte-noire-solide-\u2013-30-litres.png","type":"image\/png"}],"twitter_card":"summary_large_image","twitter_misc":{"Dur\u00e9e de lecture estim\u00e9e":"2 minutes"},"schema":{"@context":"https:\/\/schema.org","@graph":[{"@type":"WebPage","@id":"https:\/\/somo-sam.com\/?product=minibar-avec-porte-noire-solide-30-litres","url":"https:\/\/somo-sam.com\/?product=minibar-avec-porte-noire-solide-30-litres","name":"Minibar avec porte noire solide \u2013 30 litres - SOMO S.A.M","isPartOf":{"@id":"http:\/\/somo-sam.com\/#website"},"primaryImageOfPage":{"@id":"https:\/\/somo-sam.com\/?product=minibar-avec-porte-noire-solide-30-litres#primaryimage"},"image":{"@id":"https:\/\/somo-sam.com\/?product=minibar-avec-porte-noire-solide-30-litres#primaryimage"},"thumbnailUrl":"https:\/\/somo-sam.com\/wp-content\/uploads\/2025\/02\/Minibar-avec-porte-noire-solide-\u2013-30-litres.png","datePublished":"2025-02-26T17:27:27+00:00","dateModified":"2025-02-26T17:27:27+00:00","breadcrumb":{"@id":"https:\/\/somo-sam.com\/?product=minibar-avec-porte-noire-solide-30-litres#breadcrumb"},"inLanguage":"fr-FR","potentialAction":[{"@type":"ReadAction","target":["https:\/\/somo-sam.com\/?product=minibar-avec-porte-noire-solide-30-litres"]}]},{"@type":"ImageObject","inLanguage":"fr-FR","@id":"https:\/\/somo-sam.com\/?product=minibar-avec-porte-noire-solide-30-litres#primaryimage","url":"https:\/\/somo-sam.com\/wp-content\/uploads\/2025\/02\/Minibar-avec-porte-noire-solide-\u2013-30-litres.png","contentUrl":"https:\/\/somo-sam.com\/wp-content\/uploads\/2025\/02\/Minibar-avec-porte-noire-solide-\u2013-30-litres.png","width":1080,"height":1080},{"@type":"BreadcrumbList","@id":"https:\/\/somo-sam.com\/?product=minibar-avec-porte-noire-solide-30-litres#breadcrumb","itemListElement":[{"@type":"ListItem","position":1,"name":"Accueil","item":"http:\/\/somo-sam.com\/"},{"@type":"ListItem","position":2,"name":"Shop","item":"https:\/\/somo-sam.com\/?page_id=413"},{"@type":"ListItem","position":3,"name":"Minibar avec porte noire solide \u2013 30 litres"}]},{"@type":"WebSite","@id":"http:\/\/somo-sam.com\/#website","url":"http:\/\/somo-sam.com\/","name":"SOMO S.A.M","description":"Votre partenaire en \u00e9quipements h\u00f4teliers et de restauration","potentialAction":[{"@type":"SearchAction","target":{"@type":"EntryPoint","urlTemplate":"http:\/\/somo-sam.com\/?s={search_term_string}"},"query-input":{"@type":"PropertyValueSpecification","valueRequired":true,"valueName":"search_term_string"}}],"inLanguage":"fr-FR"}]}},"_links":{"self":[{"href":"https:\/\/somo-sam.com\/index.php?rest_route=\/wp\/v2\/product\/29435","targetHints":{"allow":["GET"]}}],"collection":[{"href":"https:\/\/somo-sam.com\/index.php?rest_route=\/wp\/v2\/product"}],"about":[{"href":"https:\/\/somo-sam.com\/index.php?rest_route=\/wp\/v2\/types\/product"}],"version-history":[{"count":1,"href":"https:\/\/somo-sam.com\/index.php?rest_route=\/wp\/v2\/product\/29435\/revisions"}],"predecessor-version":[{"id":29438,"href":"https:\/\/somo-sam.com\/index.php?rest_route=\/wp\/v2\/product\/29435\/revisions\/29438"}],"wp:featuredmedia":[{"embeddable":true,"href":"https:\/\/somo-sam.com\/index.php?rest_route=\/wp\/v2\/media\/29436"}],"wp:attachment":[{"href":"https:\/\/somo-sam.com\/index.php?rest_route=%2Fwp%2Fv2%2Fmedia&parent=29435"}],"wp:term":[{"taxonomy":"product_brand","embeddable":true,"href":"https:\/\/somo-sam.com\/index.php?rest_route=%2Fwp%2Fv2%2Fproduct_brand&post=29435"},{"taxonomy":"product_cat","embeddable":true,"href":"https:\/\/somo-sam.com\/index.php?rest_route=%2Fwp%2Fv2%2Fproduct_cat&post=29435"},{"taxonomy":"product_tag","embeddable":true,"href":"https:\/\/somo-sam.com\/index.php?rest_route=%2Fwp%2Fv2%2Fproduct_tag&post=29435"}],"curies":[{"name":"wp","href":"https:\/\/api.w.org\/{rel}","templated":true}]}}