{"id":29439,"date":"2025-02-26T18:39:36","date_gmt":"2025-02-26T17:39:36","guid":{"rendered":"https:\/\/somo-sam.com\/?post_type=product&#038;p=29439"},"modified":"2025-02-26T18:39:36","modified_gmt":"2025-02-26T17:39:36","slug":"minibar-avec-porte-en-verre-reversible-28-litres","status":"publish","type":"product","link":"https:\/\/somo-sam.com\/?product=minibar-avec-porte-en-verre-reversible-28-litres","title":{"rendered":"Minibar avec porte en verre r\u00e9versible \u2013 28 litres"},"content":{"rendered":"<p data-start=\"154\" data-end=\"301\">Ce minibar, avec sa porte en verre r\u00e9versible, offre non seulement une visibilit\u00e9 instantan\u00e9e du contenu mais aussi une touche \u00e9l\u00e9gante \u00e0 la pi\u00e8ce.<\/p>\n<p data-start=\"303\" data-end=\"673\">Avec une capacit\u00e9 brute de 28 litres et nette de 25 litres, il est parfait pour garder les boissons et snacks frais et pr\u00eats \u00e0 \u00eatre utilis\u00e9s.<br data-start=\"444\" data-end=\"447\" \/>Sa classe \u00e9nerg\u00e9tique D garantit une efficacit\u00e9 \u00e9nerg\u00e9tique, avec une consommation annuelle de seulement 61 kWh et une consommation quotidienne de 0,164 kWh, ce qui en fait une option durable pour les \u00e9tablissements h\u00f4teliers.<\/p>\n<p data-start=\"675\" data-end=\"1089\">Malgr\u00e9 son efficacit\u00e9, il fonctionne de mani\u00e8re totalement silencieuse \u00e0 0 dB, assurant que le repos des invit\u00e9s ne soit pas perturb\u00e9.<br data-start=\"809\" data-end=\"812\" \/>Il dispose d&#8217;un syst\u00e8me de r\u00e9frig\u00e9ration R600a et de la technologie Peltier, avec une puissance de 63W et une tension de 110-250V~ 50-60 Hz, s&#8217;adaptant ainsi \u00e0 divers environnements internationaux.<br data-start=\"1009\" data-end=\"1012\" \/>\u00c0 l&#8217;int\u00e9rieur, une \u00e9tag\u00e8re permet une organisation fonctionnelle de l&#8217;espace.<\/p>\n<p data-start=\"1091\" data-end=\"1294\">Certifi\u00e9 CE et livr\u00e9 avec des pieds de fixation et une prise Schuko, ce minibar est un choix id\u00e9al pour les h\u00f4tels, B&amp;B, r\u00e9sidences et complexes h\u00f4teliers cherchant \u00e0 allier fonctionnalit\u00e9 et esth\u00e9tique.<\/p>\n","protected":false},"excerpt":{"rendered":"<h3 data-start=\"94\" data-end=\"152\"><strong data-start=\"98\" data-end=\"152\">Minibar avec porte en verre r\u00e9versible \u2013 28 litres<\/strong><\/h3>\n","protected":false},"featured_media":29440,"template":"","meta":{"_acf_changed":false,"_monsterinsights_skip_tracking":false,"_monsterinsights_sitenote_active":false,"_monsterinsights_sitenote_note":"","_monsterinsights_sitenote_category":0},"product_brand":[282],"product_cat":[250,252,65],"product_tag":[],"class_list":{"0":"post-29439","1":"product","2":"type-product","3":"status-publish","4":"has-post-thumbnail","6":"product_brand-stark","7":"product_cat-chambre","8":"product_cat-hotellerie","9":"product_cat-minibars","11":"first","12":"instock","13":"taxable","14":"shipping-taxable","15":"product-type-simple","16":"add-to-wishlist-after_add_to_cart"},"acf":[],"yoast_head":"<!-- This site is optimized with the Yoast SEO plugin v23.6 - https:\/\/yoast.com\/wordpress\/plugins\/seo\/ -->\n<title>Minibar avec porte en verre r\u00e9versible \u2013 28 litres - SOMO S.A.M<\/title>\n<meta name=\"description\" content=\"Avec une capacit\u00e9 brute de 28 litres et nette de 25 litres, il est parfait pour garder les boissons et snacks frais et pr\u00eats \u00e0 \u00eatre utilis\u00e9s.Sa classe \u00e9nerg\u00e9tique D garantit une efficacit\u00e9 \u00e9nerg\u00e9tique, avec une consommation annuelle de seulement 61 kWh et une consommation quotidienne de 0,164 kWh\" \/>\n<meta name=\"robots\" content=\"index, follow, max-snippet:-1, max-image-preview:large, max-video-preview:-1\" \/>\n<link rel=\"canonical\" href=\"http:\/\/somo-sam.com\/?product=minibar-avec-porte-en-verre-reversible-28-litres\" \/>\n<meta property=\"og:locale\" content=\"fr_FR\" \/>\n<meta property=\"og:type\" content=\"article\" \/>\n<meta property=\"og:title\" content=\"Minibar avec porte en verre r\u00e9versible \u2013 28 litres - SOMO S.A.M\" \/>\n<meta property=\"og:description\" content=\"Avec une capacit\u00e9 brute de 28 litres et nette de 25 litres, il est parfait pour garder les boissons et snacks frais et pr\u00eats \u00e0 \u00eatre utilis\u00e9s.Sa classe \u00e9nerg\u00e9tique D garantit une efficacit\u00e9 \u00e9nerg\u00e9tique, avec une consommation annuelle de seulement 61 kWh et une consommation quotidienne de 0,164 kWh\" \/>\n<meta property=\"og:url\" content=\"http:\/\/somo-sam.com\/?product=minibar-avec-porte-en-verre-reversible-28-litres\" \/>\n<meta property=\"og:site_name\" content=\"SOMO S.A.M\" \/>\n<meta property=\"og:image\" content=\"http:\/\/somo-sam.com\/wp-content\/uploads\/2025\/02\/28vn.png\" \/>\n\t<meta property=\"og:image:width\" content=\"1080\" \/>\n\t<meta property=\"og:image:height\" content=\"1080\" \/>\n\t<meta property=\"og:image:type\" content=\"image\/png\" \/>\n<meta name=\"twitter:card\" content=\"summary_large_image\" \/>\n<meta name=\"twitter:label1\" content=\"Dur\u00e9e de lecture estim\u00e9e\" \/>\n\t<meta name=\"twitter:data1\" content=\"2 minutes\" \/>\n<script type=\"application\/ld+json\" class=\"yoast-schema-graph\">{\"@context\":\"https:\/\/schema.org\",\"@graph\":[{\"@type\":\"WebPage\",\"@id\":\"http:\/\/somo-sam.com\/?product=minibar-avec-porte-en-verre-reversible-28-litres\",\"url\":\"http:\/\/somo-sam.com\/?product=minibar-avec-porte-en-verre-reversible-28-litres\",\"name\":\"Minibar avec porte en verre r\u00e9versible \u2013 28 litres - SOMO S.A.M\",\"isPartOf\":{\"@id\":\"http:\/\/somo-sam.com\/#website\"},\"primaryImageOfPage\":{\"@id\":\"http:\/\/somo-sam.com\/?product=minibar-avec-porte-en-verre-reversible-28-litres#primaryimage\"},\"image\":{\"@id\":\"http:\/\/somo-sam.com\/?product=minibar-avec-porte-en-verre-reversible-28-litres#primaryimage\"},\"thumbnailUrl\":\"https:\/\/somo-sam.com\/wp-content\/uploads\/2025\/02\/28vn.png\",\"datePublished\":\"2025-02-26T17:39:36+00:00\",\"dateModified\":\"2025-02-26T17:39:36+00:00\",\"description\":\"Avec une capacit\u00e9 brute de 28 litres et nette de 25 litres, il est parfait pour garder les boissons et snacks frais et pr\u00eats \u00e0 \u00eatre utilis\u00e9s.Sa classe \u00e9nerg\u00e9tique D garantit une efficacit\u00e9 \u00e9nerg\u00e9tique, avec une consommation annuelle de seulement 61 kWh et une consommation quotidienne de 0,164 kWh\",\"breadcrumb\":{\"@id\":\"http:\/\/somo-sam.com\/?product=minibar-avec-porte-en-verre-reversible-28-litres#breadcrumb\"},\"inLanguage\":\"fr-FR\",\"potentialAction\":[{\"@type\":\"ReadAction\",\"target\":[\"http:\/\/somo-sam.com\/?product=minibar-avec-porte-en-verre-reversible-28-litres\"]}]},{\"@type\":\"ImageObject\",\"inLanguage\":\"fr-FR\",\"@id\":\"http:\/\/somo-sam.com\/?product=minibar-avec-porte-en-verre-reversible-28-litres#primaryimage\",\"url\":\"https:\/\/somo-sam.com\/wp-content\/uploads\/2025\/02\/28vn.png\",\"contentUrl\":\"https:\/\/somo-sam.com\/wp-content\/uploads\/2025\/02\/28vn.png\",\"width\":1080,\"height\":1080},{\"@type\":\"BreadcrumbList\",\"@id\":\"http:\/\/somo-sam.com\/?product=minibar-avec-porte-en-verre-reversible-28-litres#breadcrumb\",\"itemListElement\":[{\"@type\":\"ListItem\",\"position\":1,\"name\":\"Accueil\",\"item\":\"http:\/\/somo-sam.com\/\"},{\"@type\":\"ListItem\",\"position\":2,\"name\":\"Shop\",\"item\":\"https:\/\/somo-sam.com\/?page_id=413\"},{\"@type\":\"ListItem\",\"position\":3,\"name\":\"Minibar avec porte en verre r\u00e9versible \u2013 28 litres\"}]},{\"@type\":\"WebSite\",\"@id\":\"http:\/\/somo-sam.com\/#website\",\"url\":\"http:\/\/somo-sam.com\/\",\"name\":\"SOMO S.A.M\",\"description\":\"Votre partenaire en \u00e9quipements h\u00f4teliers et de restauration\",\"potentialAction\":[{\"@type\":\"SearchAction\",\"target\":{\"@type\":\"EntryPoint\",\"urlTemplate\":\"http:\/\/somo-sam.com\/?s={search_term_string}\"},\"query-input\":{\"@type\":\"PropertyValueSpecification\",\"valueRequired\":true,\"valueName\":\"search_term_string\"}}],\"inLanguage\":\"fr-FR\"}]}<\/script>\n<!-- \/ Yoast SEO plugin. -->","yoast_head_json":{"title":"Minibar avec porte en verre r\u00e9versible \u2013 28 litres - SOMO S.A.M","description":"Avec une capacit\u00e9 brute de 28 litres et nette de 25 litres, il est parfait pour garder les boissons et snacks frais et pr\u00eats \u00e0 \u00eatre utilis\u00e9s.Sa classe \u00e9nerg\u00e9tique D garantit une efficacit\u00e9 \u00e9nerg\u00e9tique, avec une consommation annuelle de seulement 61 kWh et une consommation quotidienne de 0,164 kWh","robots":{"index":"index","follow":"follow","max-snippet":"max-snippet:-1","max-image-preview":"max-image-preview:large","max-video-preview":"max-video-preview:-1"},"canonical":"http:\/\/somo-sam.com\/?product=minibar-avec-porte-en-verre-reversible-28-litres","og_locale":"fr_FR","og_type":"article","og_title":"Minibar avec porte en verre r\u00e9versible \u2013 28 litres - SOMO S.A.M","og_description":"Avec une capacit\u00e9 brute de 28 litres et nette de 25 litres, il est parfait pour garder les boissons et snacks frais et pr\u00eats \u00e0 \u00eatre utilis\u00e9s.Sa classe \u00e9nerg\u00e9tique D garantit une efficacit\u00e9 \u00e9nerg\u00e9tique, avec une consommation annuelle de seulement 61 kWh et une consommation quotidienne de 0,164 kWh","og_url":"http:\/\/somo-sam.com\/?product=minibar-avec-porte-en-verre-reversible-28-litres","og_site_name":"SOMO S.A.M","og_image":[{"width":1080,"height":1080,"url":"http:\/\/somo-sam.com\/wp-content\/uploads\/2025\/02\/28vn.png","type":"image\/png"}],"twitter_card":"summary_large_image","twitter_misc":{"Dur\u00e9e de lecture estim\u00e9e":"2 minutes"},"schema":{"@context":"https:\/\/schema.org","@graph":[{"@type":"WebPage","@id":"http:\/\/somo-sam.com\/?product=minibar-avec-porte-en-verre-reversible-28-litres","url":"http:\/\/somo-sam.com\/?product=minibar-avec-porte-en-verre-reversible-28-litres","name":"Minibar avec porte en verre r\u00e9versible \u2013 28 litres - SOMO S.A.M","isPartOf":{"@id":"http:\/\/somo-sam.com\/#website"},"primaryImageOfPage":{"@id":"http:\/\/somo-sam.com\/?product=minibar-avec-porte-en-verre-reversible-28-litres#primaryimage"},"image":{"@id":"http:\/\/somo-sam.com\/?product=minibar-avec-porte-en-verre-reversible-28-litres#primaryimage"},"thumbnailUrl":"https:\/\/somo-sam.com\/wp-content\/uploads\/2025\/02\/28vn.png","datePublished":"2025-02-26T17:39:36+00:00","dateModified":"2025-02-26T17:39:36+00:00","description":"Avec une capacit\u00e9 brute de 28 litres et nette de 25 litres, il est parfait pour garder les boissons et snacks frais et pr\u00eats \u00e0 \u00eatre utilis\u00e9s.Sa classe \u00e9nerg\u00e9tique D garantit une efficacit\u00e9 \u00e9nerg\u00e9tique, avec une consommation annuelle de seulement 61 kWh et une consommation quotidienne de 0,164 kWh","breadcrumb":{"@id":"http:\/\/somo-sam.com\/?product=minibar-avec-porte-en-verre-reversible-28-litres#breadcrumb"},"inLanguage":"fr-FR","potentialAction":[{"@type":"ReadAction","target":["http:\/\/somo-sam.com\/?product=minibar-avec-porte-en-verre-reversible-28-litres"]}]},{"@type":"ImageObject","inLanguage":"fr-FR","@id":"http:\/\/somo-sam.com\/?product=minibar-avec-porte-en-verre-reversible-28-litres#primaryimage","url":"https:\/\/somo-sam.com\/wp-content\/uploads\/2025\/02\/28vn.png","contentUrl":"https:\/\/somo-sam.com\/wp-content\/uploads\/2025\/02\/28vn.png","width":1080,"height":1080},{"@type":"BreadcrumbList","@id":"http:\/\/somo-sam.com\/?product=minibar-avec-porte-en-verre-reversible-28-litres#breadcrumb","itemListElement":[{"@type":"ListItem","position":1,"name":"Accueil","item":"http:\/\/somo-sam.com\/"},{"@type":"ListItem","position":2,"name":"Shop","item":"https:\/\/somo-sam.com\/?page_id=413"},{"@type":"ListItem","position":3,"name":"Minibar avec porte en verre r\u00e9versible \u2013 28 litres"}]},{"@type":"WebSite","@id":"http:\/\/somo-sam.com\/#website","url":"http:\/\/somo-sam.com\/","name":"SOMO S.A.M","description":"Votre partenaire en \u00e9quipements h\u00f4teliers et de restauration","potentialAction":[{"@type":"SearchAction","target":{"@type":"EntryPoint","urlTemplate":"http:\/\/somo-sam.com\/?s={search_term_string}"},"query-input":{"@type":"PropertyValueSpecification","valueRequired":true,"valueName":"search_term_string"}}],"inLanguage":"fr-FR"}]}},"_links":{"self":[{"href":"https:\/\/somo-sam.com\/index.php?rest_route=\/wp\/v2\/product\/29439","targetHints":{"allow":["GET"]}}],"collection":[{"href":"https:\/\/somo-sam.com\/index.php?rest_route=\/wp\/v2\/product"}],"about":[{"href":"https:\/\/somo-sam.com\/index.php?rest_route=\/wp\/v2\/types\/product"}],"version-history":[{"count":1,"href":"https:\/\/somo-sam.com\/index.php?rest_route=\/wp\/v2\/product\/29439\/revisions"}],"predecessor-version":[{"id":29444,"href":"https:\/\/somo-sam.com\/index.php?rest_route=\/wp\/v2\/product\/29439\/revisions\/29444"}],"wp:featuredmedia":[{"embeddable":true,"href":"https:\/\/somo-sam.com\/index.php?rest_route=\/wp\/v2\/media\/29440"}],"wp:attachment":[{"href":"https:\/\/somo-sam.com\/index.php?rest_route=%2Fwp%2Fv2%2Fmedia&parent=29439"}],"wp:term":[{"taxonomy":"product_brand","embeddable":true,"href":"https:\/\/somo-sam.com\/index.php?rest_route=%2Fwp%2Fv2%2Fproduct_brand&post=29439"},{"taxonomy":"product_cat","embeddable":true,"href":"https:\/\/somo-sam.com\/index.php?rest_route=%2Fwp%2Fv2%2Fproduct_cat&post=29439"},{"taxonomy":"product_tag","embeddable":true,"href":"https:\/\/somo-sam.com\/index.php?rest_route=%2Fwp%2Fv2%2Fproduct_tag&post=29439"}],"curies":[{"name":"wp","href":"https:\/\/api.w.org\/{rel}","templated":true}]}}