{"id":29445,"date":"2025-02-26T18:42:41","date_gmt":"2025-02-26T17:42:41","guid":{"rendered":"https:\/\/somo-sam.com\/?post_type=product&#038;p=29445"},"modified":"2025-02-26T18:42:42","modified_gmt":"2025-02-26T17:42:42","slug":"minibar-avec-porte-solide-noire-28-litres","status":"publish","type":"product","link":"https:\/\/somo-sam.com\/?product=minibar-avec-porte-solide-noire-28-litres","title":{"rendered":"Minibar avec porte solide noire \u2013 28 litres"},"content":{"rendered":"<p data-start=\"147\" data-end=\"313\">Ce minibar allie un design exceptionnel et une performance de qualit\u00e9, id\u00e9al pour les \u00e9tablissements h\u00f4teliers souhaitant offrir confort et praticit\u00e9 \u00e0 leurs invit\u00e9s.<\/p>\n<p data-start=\"315\" data-end=\"659\">La porte solide noire s\u2019int\u00e8gre facilement \u00e0 tous les styles, ajoutant une touche de classe \u00e0 la pi\u00e8ce.<br data-start=\"418\" data-end=\"421\" \/>Avec une capacit\u00e9 brute de 28 litres et nette de 25,5 litres, il offre un espace g\u00e9n\u00e9reux pour stocker des boissons et des snacks, tout en maintenant la temp\u00e9rature id\u00e9ale gr\u00e2ce au r\u00e9frig\u00e9rant R600a et au syst\u00e8me de d\u00e9givrage automatique.<\/p>\n<p data-start=\"661\" data-end=\"1003\">Sa classe \u00e9nerg\u00e9tique E (anciennement A+) assure un fonctionnement efficace, avec une consommation annuelle de seulement 78 kWh et une consommation quotidienne de 0,214 kWh.<br data-start=\"834\" data-end=\"837\" \/>Avec une puissance de 63W et une tension de 220-240V~ 50-60 Hz, il fonctionne en toute discr\u00e9tion avec un bruit de 0 dB, pour ne pas perturber le sommeil des invit\u00e9s.<\/p>\n<p data-start=\"1005\" data-end=\"1356\">\u00c9quip\u00e9 d\u2019un \u00e9clairage LED int\u00e9rieur pour une visibilit\u00e9 optimale, d\u2019une \u00e9tag\u00e8re int\u00e9rieure pour organiser l\u2019espace et d\u2019un porte-bouteilles sur le c\u00f4t\u00e9 de la porte pour plus de commodit\u00e9.<br data-start=\"1192\" data-end=\"1195\" \/>Sa porte r\u00e9versible s\u2019adapte \u00e0 n\u2019importe quelle disposition de chambre, et il dispose de pieds de fixation pour une stabilit\u00e9 optimale ainsi qu\u2019une prise Schuko.<\/p>\n<p data-start=\"1358\" data-end=\"1513\">Certifi\u00e9 CE, ce minibar est la solution id\u00e9ale pour apporter de la valeur ajout\u00e9e aux chambres d&#8217;h\u00f4tel, garantissant une exp\u00e9rience agr\u00e9able \u00e0 vos invit\u00e9s.<\/p>\n","protected":false},"excerpt":{"rendered":"<p>Ce minibar allie un design exceptionnel et une performance de qualit\u00e9, id\u00e9al pour les \u00e9tablissements h\u00f4teliers souhaitant offrir confort et<\/p>\n","protected":false},"featured_media":29436,"template":"","meta":{"_acf_changed":false,"_monsterinsights_skip_tracking":false,"_monsterinsights_sitenote_active":false,"_monsterinsights_sitenote_note":"","_monsterinsights_sitenote_category":0},"product_brand":[282],"product_cat":[250,252,65],"product_tag":[],"class_list":{"0":"post-29445","1":"product","2":"type-product","3":"status-publish","4":"has-post-thumbnail","6":"product_brand-stark","7":"product_cat-chambre","8":"product_cat-hotellerie","9":"product_cat-minibars","11":"first","12":"instock","13":"taxable","14":"shipping-taxable","15":"product-type-simple","16":"add-to-wishlist-after_add_to_cart"},"acf":[],"yoast_head":"<!-- This site is optimized with the Yoast SEO plugin v23.6 - https:\/\/yoast.com\/wordpress\/plugins\/seo\/ -->\n<title>Minibar avec porte solide noire \u2013 28 litres - SOMO S.A.M<\/title>\n<meta name=\"description\" content=\"Avec une capacit\u00e9 brute de 28 litres et nette de 25,5 litres, il offre un espace g\u00e9n\u00e9reux pour stocker des boissons et des snacks, tout en maintenant la temp\u00e9rature id\u00e9ale gr\u00e2ce au r\u00e9frig\u00e9rant R600a et au syst\u00e8me de d\u00e9givrage automatique.\" \/>\n<meta name=\"robots\" content=\"index, follow, max-snippet:-1, max-image-preview:large, max-video-preview:-1\" \/>\n<link rel=\"canonical\" href=\"https:\/\/somo-sam.com\/?product=minibar-avec-porte-solide-noire-28-litres\" \/>\n<meta property=\"og:locale\" content=\"fr_FR\" \/>\n<meta property=\"og:type\" content=\"article\" \/>\n<meta property=\"og:title\" content=\"Minibar avec porte solide noire \u2013 28 litres - SOMO S.A.M\" \/>\n<meta property=\"og:description\" content=\"Avec une capacit\u00e9 brute de 28 litres et nette de 25,5 litres, il offre un espace g\u00e9n\u00e9reux pour stocker des boissons et des snacks, tout en maintenant la temp\u00e9rature id\u00e9ale gr\u00e2ce au r\u00e9frig\u00e9rant R600a et au syst\u00e8me de d\u00e9givrage automatique.\" \/>\n<meta property=\"og:url\" content=\"https:\/\/somo-sam.com\/?product=minibar-avec-porte-solide-noire-28-litres\" \/>\n<meta property=\"og:site_name\" content=\"SOMO S.A.M\" \/>\n<meta property=\"article:modified_time\" content=\"2025-02-26T17:42:42+00:00\" \/>\n<meta property=\"og:image\" content=\"https:\/\/somo-sam.com\/wp-content\/uploads\/2025\/02\/Minibar-avec-porte-noire-solide-\u2013-30-litres.png\" \/>\n\t<meta property=\"og:image:width\" content=\"1080\" \/>\n\t<meta property=\"og:image:height\" content=\"1080\" \/>\n\t<meta property=\"og:image:type\" content=\"image\/png\" \/>\n<meta name=\"twitter:card\" content=\"summary_large_image\" \/>\n<meta name=\"twitter:label1\" content=\"Dur\u00e9e de lecture estim\u00e9e\" \/>\n\t<meta name=\"twitter:data1\" content=\"2 minutes\" \/>\n<script type=\"application\/ld+json\" class=\"yoast-schema-graph\">{\"@context\":\"https:\/\/schema.org\",\"@graph\":[{\"@type\":\"WebPage\",\"@id\":\"https:\/\/somo-sam.com\/?product=minibar-avec-porte-solide-noire-28-litres\",\"url\":\"https:\/\/somo-sam.com\/?product=minibar-avec-porte-solide-noire-28-litres\",\"name\":\"Minibar avec porte solide noire \u2013 28 litres - SOMO S.A.M\",\"isPartOf\":{\"@id\":\"http:\/\/somo-sam.com\/#website\"},\"primaryImageOfPage\":{\"@id\":\"https:\/\/somo-sam.com\/?product=minibar-avec-porte-solide-noire-28-litres#primaryimage\"},\"image\":{\"@id\":\"https:\/\/somo-sam.com\/?product=minibar-avec-porte-solide-noire-28-litres#primaryimage\"},\"thumbnailUrl\":\"https:\/\/somo-sam.com\/wp-content\/uploads\/2025\/02\/Minibar-avec-porte-noire-solide-\u2013-30-litres.png\",\"datePublished\":\"2025-02-26T17:42:41+00:00\",\"dateModified\":\"2025-02-26T17:42:42+00:00\",\"description\":\"Avec une capacit\u00e9 brute de 28 litres et nette de 25,5 litres, il offre un espace g\u00e9n\u00e9reux pour stocker des boissons et des snacks, tout en maintenant la temp\u00e9rature id\u00e9ale gr\u00e2ce au r\u00e9frig\u00e9rant R600a et au syst\u00e8me de d\u00e9givrage automatique.\",\"breadcrumb\":{\"@id\":\"https:\/\/somo-sam.com\/?product=minibar-avec-porte-solide-noire-28-litres#breadcrumb\"},\"inLanguage\":\"fr-FR\",\"potentialAction\":[{\"@type\":\"ReadAction\",\"target\":[\"https:\/\/somo-sam.com\/?product=minibar-avec-porte-solide-noire-28-litres\"]}]},{\"@type\":\"ImageObject\",\"inLanguage\":\"fr-FR\",\"@id\":\"https:\/\/somo-sam.com\/?product=minibar-avec-porte-solide-noire-28-litres#primaryimage\",\"url\":\"https:\/\/somo-sam.com\/wp-content\/uploads\/2025\/02\/Minibar-avec-porte-noire-solide-\u2013-30-litres.png\",\"contentUrl\":\"https:\/\/somo-sam.com\/wp-content\/uploads\/2025\/02\/Minibar-avec-porte-noire-solide-\u2013-30-litres.png\",\"width\":1080,\"height\":1080},{\"@type\":\"BreadcrumbList\",\"@id\":\"https:\/\/somo-sam.com\/?product=minibar-avec-porte-solide-noire-28-litres#breadcrumb\",\"itemListElement\":[{\"@type\":\"ListItem\",\"position\":1,\"name\":\"Accueil\",\"item\":\"http:\/\/somo-sam.com\/\"},{\"@type\":\"ListItem\",\"position\":2,\"name\":\"Shop\",\"item\":\"https:\/\/somo-sam.com\/?page_id=413\"},{\"@type\":\"ListItem\",\"position\":3,\"name\":\"Minibar avec porte solide noire \u2013 28 litres\"}]},{\"@type\":\"WebSite\",\"@id\":\"http:\/\/somo-sam.com\/#website\",\"url\":\"http:\/\/somo-sam.com\/\",\"name\":\"SOMO S.A.M\",\"description\":\"Votre partenaire en \u00e9quipements h\u00f4teliers et de restauration\",\"potentialAction\":[{\"@type\":\"SearchAction\",\"target\":{\"@type\":\"EntryPoint\",\"urlTemplate\":\"http:\/\/somo-sam.com\/?s={search_term_string}\"},\"query-input\":{\"@type\":\"PropertyValueSpecification\",\"valueRequired\":true,\"valueName\":\"search_term_string\"}}],\"inLanguage\":\"fr-FR\"}]}<\/script>\n<!-- \/ Yoast SEO plugin. -->","yoast_head_json":{"title":"Minibar avec porte solide noire \u2013 28 litres - SOMO S.A.M","description":"Avec une capacit\u00e9 brute de 28 litres et nette de 25,5 litres, il offre un espace g\u00e9n\u00e9reux pour stocker des boissons et des snacks, tout en maintenant la temp\u00e9rature id\u00e9ale gr\u00e2ce au r\u00e9frig\u00e9rant R600a et au syst\u00e8me de d\u00e9givrage automatique.","robots":{"index":"index","follow":"follow","max-snippet":"max-snippet:-1","max-image-preview":"max-image-preview:large","max-video-preview":"max-video-preview:-1"},"canonical":"https:\/\/somo-sam.com\/?product=minibar-avec-porte-solide-noire-28-litres","og_locale":"fr_FR","og_type":"article","og_title":"Minibar avec porte solide noire \u2013 28 litres - SOMO S.A.M","og_description":"Avec une capacit\u00e9 brute de 28 litres et nette de 25,5 litres, il offre un espace g\u00e9n\u00e9reux pour stocker des boissons et des snacks, tout en maintenant la temp\u00e9rature id\u00e9ale gr\u00e2ce au r\u00e9frig\u00e9rant R600a et au syst\u00e8me de d\u00e9givrage automatique.","og_url":"https:\/\/somo-sam.com\/?product=minibar-avec-porte-solide-noire-28-litres","og_site_name":"SOMO S.A.M","article_modified_time":"2025-02-26T17:42:42+00:00","og_image":[{"width":1080,"height":1080,"url":"https:\/\/somo-sam.com\/wp-content\/uploads\/2025\/02\/Minibar-avec-porte-noire-solide-\u2013-30-litres.png","type":"image\/png"}],"twitter_card":"summary_large_image","twitter_misc":{"Dur\u00e9e de lecture estim\u00e9e":"2 minutes"},"schema":{"@context":"https:\/\/schema.org","@graph":[{"@type":"WebPage","@id":"https:\/\/somo-sam.com\/?product=minibar-avec-porte-solide-noire-28-litres","url":"https:\/\/somo-sam.com\/?product=minibar-avec-porte-solide-noire-28-litres","name":"Minibar avec porte solide noire \u2013 28 litres - SOMO S.A.M","isPartOf":{"@id":"http:\/\/somo-sam.com\/#website"},"primaryImageOfPage":{"@id":"https:\/\/somo-sam.com\/?product=minibar-avec-porte-solide-noire-28-litres#primaryimage"},"image":{"@id":"https:\/\/somo-sam.com\/?product=minibar-avec-porte-solide-noire-28-litres#primaryimage"},"thumbnailUrl":"https:\/\/somo-sam.com\/wp-content\/uploads\/2025\/02\/Minibar-avec-porte-noire-solide-\u2013-30-litres.png","datePublished":"2025-02-26T17:42:41+00:00","dateModified":"2025-02-26T17:42:42+00:00","description":"Avec une capacit\u00e9 brute de 28 litres et nette de 25,5 litres, il offre un espace g\u00e9n\u00e9reux pour stocker des boissons et des snacks, tout en maintenant la temp\u00e9rature id\u00e9ale gr\u00e2ce au r\u00e9frig\u00e9rant R600a et au syst\u00e8me de d\u00e9givrage automatique.","breadcrumb":{"@id":"https:\/\/somo-sam.com\/?product=minibar-avec-porte-solide-noire-28-litres#breadcrumb"},"inLanguage":"fr-FR","potentialAction":[{"@type":"ReadAction","target":["https:\/\/somo-sam.com\/?product=minibar-avec-porte-solide-noire-28-litres"]}]},{"@type":"ImageObject","inLanguage":"fr-FR","@id":"https:\/\/somo-sam.com\/?product=minibar-avec-porte-solide-noire-28-litres#primaryimage","url":"https:\/\/somo-sam.com\/wp-content\/uploads\/2025\/02\/Minibar-avec-porte-noire-solide-\u2013-30-litres.png","contentUrl":"https:\/\/somo-sam.com\/wp-content\/uploads\/2025\/02\/Minibar-avec-porte-noire-solide-\u2013-30-litres.png","width":1080,"height":1080},{"@type":"BreadcrumbList","@id":"https:\/\/somo-sam.com\/?product=minibar-avec-porte-solide-noire-28-litres#breadcrumb","itemListElement":[{"@type":"ListItem","position":1,"name":"Accueil","item":"http:\/\/somo-sam.com\/"},{"@type":"ListItem","position":2,"name":"Shop","item":"https:\/\/somo-sam.com\/?page_id=413"},{"@type":"ListItem","position":3,"name":"Minibar avec porte solide noire \u2013 28 litres"}]},{"@type":"WebSite","@id":"http:\/\/somo-sam.com\/#website","url":"http:\/\/somo-sam.com\/","name":"SOMO S.A.M","description":"Votre partenaire en \u00e9quipements h\u00f4teliers et de restauration","potentialAction":[{"@type":"SearchAction","target":{"@type":"EntryPoint","urlTemplate":"http:\/\/somo-sam.com\/?s={search_term_string}"},"query-input":{"@type":"PropertyValueSpecification","valueRequired":true,"valueName":"search_term_string"}}],"inLanguage":"fr-FR"}]}},"_links":{"self":[{"href":"https:\/\/somo-sam.com\/index.php?rest_route=\/wp\/v2\/product\/29445","targetHints":{"allow":["GET"]}}],"collection":[{"href":"https:\/\/somo-sam.com\/index.php?rest_route=\/wp\/v2\/product"}],"about":[{"href":"https:\/\/somo-sam.com\/index.php?rest_route=\/wp\/v2\/types\/product"}],"version-history":[{"count":1,"href":"https:\/\/somo-sam.com\/index.php?rest_route=\/wp\/v2\/product\/29445\/revisions"}],"predecessor-version":[{"id":29446,"href":"https:\/\/somo-sam.com\/index.php?rest_route=\/wp\/v2\/product\/29445\/revisions\/29446"}],"wp:featuredmedia":[{"embeddable":true,"href":"https:\/\/somo-sam.com\/index.php?rest_route=\/wp\/v2\/media\/29436"}],"wp:attachment":[{"href":"https:\/\/somo-sam.com\/index.php?rest_route=%2Fwp%2Fv2%2Fmedia&parent=29445"}],"wp:term":[{"taxonomy":"product_brand","embeddable":true,"href":"https:\/\/somo-sam.com\/index.php?rest_route=%2Fwp%2Fv2%2Fproduct_brand&post=29445"},{"taxonomy":"product_cat","embeddable":true,"href":"https:\/\/somo-sam.com\/index.php?rest_route=%2Fwp%2Fv2%2Fproduct_cat&post=29445"},{"taxonomy":"product_tag","embeddable":true,"href":"https:\/\/somo-sam.com\/index.php?rest_route=%2Fwp%2Fv2%2Fproduct_tag&post=29445"}],"curies":[{"name":"wp","href":"https:\/\/api.w.org\/{rel}","templated":true}]}}