{"id":29457,"date":"2025-02-27T14:09:31","date_gmt":"2025-02-27T13:09:31","guid":{"rendered":"https:\/\/somo-sam.com\/?post_type=product&#038;p=29457"},"modified":"2025-02-27T14:09:31","modified_gmt":"2025-02-27T13:09:31","slug":"minibar-classic-porte-vitree-dometic","status":"publish","type":"product","link":"https:\/\/somo-sam.com\/?product=minibar-classic-porte-vitree-dometic","title":{"rendered":"Minibar Classic porte vitr\u00e9e DOMETIC"},"content":{"rendered":"<p><strong>Minibar Classic porte vitr\u00e9e DOMETIC RH429LDAG<br \/>\n<\/strong><br \/>\nC\u2019est un appareil compl\u00e8tement silencieux puisque sans moteur et compresseur gr\u00e2ce \u00e0 sa technologie par absorption<br \/>\nCompact et adaptable, le mod\u00e8le RH 429 LDAG peut \u00eatre utilis\u00e9 en tant que MiniBar avec pieds de 38 mm, ou peut \u00eatre encastr\u00e9 dans un meuble ( pour cela, il vous suffit de retirer les pieds ).<\/p>\n<p><strong>Options:<\/strong><br \/>\nSerrure, poign\u00e9e, glissi\u00e8re d\u2019entra\u00eenement de porte, syst\u00e8me de contr\u00f4le d\u2019ouverture de porte avec LED et t\u00e9l\u00e9commande, panneau d\u00e9coratif de porte interchangeable.<br \/>\nD\u00e9givrage automatique<br \/>\n<strong><br \/>\nPorte vitr\u00e9e et cadre inox<\/strong><br \/>\nJoint de porte magn\u00e9tique<br \/>\nClayette de porte modulable<\/p>\n","protected":false},"excerpt":{"rendered":"<p>Minibar Classic porte vitr\u00e9e DOMETIC RH429LDAG C\u2019est un appareil compl\u00e8tement silencieux puisque sans moteur et compresseur gr\u00e2ce \u00e0 sa technologie<\/p>\n","protected":false},"featured_media":29460,"template":"","meta":{"_acf_changed":false,"_monsterinsights_skip_tracking":false,"_monsterinsights_sitenote_active":false,"_monsterinsights_sitenote_note":"","_monsterinsights_sitenote_category":0},"product_brand":[281],"product_cat":[250,252,65],"product_tag":[],"class_list":{"0":"post-29457","1":"product","2":"type-product","3":"status-publish","4":"has-post-thumbnail","6":"product_brand-dometic","7":"product_cat-chambre","8":"product_cat-hotellerie","9":"product_cat-minibars","11":"first","12":"instock","13":"taxable","14":"shipping-taxable","15":"purchasable","16":"product-type-simple","17":"add-to-wishlist-after_add_to_cart"},"acf":[],"yoast_head":"<!-- This site is optimized with the Yoast SEO plugin v23.6 - https:\/\/yoast.com\/wordpress\/plugins\/seo\/ -->\n<title>Minibar Classic porte vitr\u00e9e DOMETIC - SOMO S.A.M<\/title>\n<meta name=\"description\" content=\"C\u2019est un appareil compl\u00e8tement silencieux puisque sans moteur et compresseur gr\u00e2ce \u00e0 sa technologie par absorptionCompact et adaptable, le mod\u00e8le RH 429 LDAG peut \u00eatre utilis\u00e9 en tant que MiniBar avec pieds de 38 mm, ou peut \u00eatre encastr\u00e9 dans un meuble ( pour cela, il vous suffit de retirer les pieds ).\" \/>\n<meta name=\"robots\" content=\"index, follow, max-snippet:-1, max-image-preview:large, max-video-preview:-1\" \/>\n<link rel=\"canonical\" href=\"https:\/\/somo-sam.com\/?product=minibar-classic-porte-vitree-dometic\" \/>\n<meta property=\"og:locale\" content=\"fr_FR\" \/>\n<meta property=\"og:type\" content=\"article\" \/>\n<meta property=\"og:title\" content=\"Minibar Classic porte vitr\u00e9e DOMETIC - SOMO S.A.M\" \/>\n<meta property=\"og:description\" content=\"C\u2019est un appareil compl\u00e8tement silencieux puisque sans moteur et compresseur gr\u00e2ce \u00e0 sa technologie par absorptionCompact et adaptable, le mod\u00e8le RH 429 LDAG peut \u00eatre utilis\u00e9 en tant que MiniBar avec pieds de 38 mm, ou peut \u00eatre encastr\u00e9 dans un meuble ( pour cela, il vous suffit de retirer les pieds ).\" \/>\n<meta property=\"og:url\" content=\"https:\/\/somo-sam.com\/?product=minibar-classic-porte-vitree-dometic\" \/>\n<meta property=\"og:site_name\" content=\"SOMO S.A.M\" \/>\n<meta property=\"og:image\" content=\"https:\/\/somo-sam.com\/wp-content\/uploads\/2025\/02\/Minibar-Classic-porte-vitree-DOMETIC-RH429LDAG.png\" \/>\n\t<meta property=\"og:image:width\" content=\"1080\" \/>\n\t<meta property=\"og:image:height\" content=\"1080\" \/>\n\t<meta property=\"og:image:type\" content=\"image\/png\" \/>\n<meta name=\"twitter:card\" content=\"summary_large_image\" \/>\n<meta name=\"twitter:label1\" content=\"Dur\u00e9e de lecture estim\u00e9e\" \/>\n\t<meta name=\"twitter:data1\" content=\"1 minute\" \/>\n<script type=\"application\/ld+json\" class=\"yoast-schema-graph\">{\"@context\":\"https:\/\/schema.org\",\"@graph\":[{\"@type\":\"WebPage\",\"@id\":\"https:\/\/somo-sam.com\/?product=minibar-classic-porte-vitree-dometic\",\"url\":\"https:\/\/somo-sam.com\/?product=minibar-classic-porte-vitree-dometic\",\"name\":\"Minibar Classic porte vitr\u00e9e DOMETIC - SOMO S.A.M\",\"isPartOf\":{\"@id\":\"http:\/\/somo-sam.com\/#website\"},\"primaryImageOfPage\":{\"@id\":\"https:\/\/somo-sam.com\/?product=minibar-classic-porte-vitree-dometic#primaryimage\"},\"image\":{\"@id\":\"https:\/\/somo-sam.com\/?product=minibar-classic-porte-vitree-dometic#primaryimage\"},\"thumbnailUrl\":\"https:\/\/somo-sam.com\/wp-content\/uploads\/2025\/02\/Minibar-Classic-porte-vitree-DOMETIC-RH429LDAG.png\",\"datePublished\":\"2025-02-27T13:09:31+00:00\",\"dateModified\":\"2025-02-27T13:09:31+00:00\",\"description\":\"C\u2019est un appareil compl\u00e8tement silencieux puisque sans moteur et compresseur gr\u00e2ce \u00e0 sa technologie par absorptionCompact et adaptable, le mod\u00e8le RH 429 LDAG peut \u00eatre utilis\u00e9 en tant que MiniBar avec pieds de 38 mm, ou peut \u00eatre encastr\u00e9 dans un meuble ( pour cela, il vous suffit de retirer les pieds ).\",\"breadcrumb\":{\"@id\":\"https:\/\/somo-sam.com\/?product=minibar-classic-porte-vitree-dometic#breadcrumb\"},\"inLanguage\":\"fr-FR\",\"potentialAction\":[{\"@type\":\"ReadAction\",\"target\":[\"https:\/\/somo-sam.com\/?product=minibar-classic-porte-vitree-dometic\"]}]},{\"@type\":\"ImageObject\",\"inLanguage\":\"fr-FR\",\"@id\":\"https:\/\/somo-sam.com\/?product=minibar-classic-porte-vitree-dometic#primaryimage\",\"url\":\"https:\/\/somo-sam.com\/wp-content\/uploads\/2025\/02\/Minibar-Classic-porte-vitree-DOMETIC-RH429LDAG.png\",\"contentUrl\":\"https:\/\/somo-sam.com\/wp-content\/uploads\/2025\/02\/Minibar-Classic-porte-vitree-DOMETIC-RH429LDAG.png\",\"width\":1080,\"height\":1080},{\"@type\":\"BreadcrumbList\",\"@id\":\"https:\/\/somo-sam.com\/?product=minibar-classic-porte-vitree-dometic#breadcrumb\",\"itemListElement\":[{\"@type\":\"ListItem\",\"position\":1,\"name\":\"Accueil\",\"item\":\"http:\/\/somo-sam.com\/\"},{\"@type\":\"ListItem\",\"position\":2,\"name\":\"Shop\",\"item\":\"https:\/\/somo-sam.com\/?page_id=413\"},{\"@type\":\"ListItem\",\"position\":3,\"name\":\"Minibar Classic porte vitr\u00e9e DOMETIC\"}]},{\"@type\":\"WebSite\",\"@id\":\"http:\/\/somo-sam.com\/#website\",\"url\":\"http:\/\/somo-sam.com\/\",\"name\":\"SOMO S.A.M\",\"description\":\"Votre partenaire en \u00e9quipements h\u00f4teliers et de restauration\",\"potentialAction\":[{\"@type\":\"SearchAction\",\"target\":{\"@type\":\"EntryPoint\",\"urlTemplate\":\"http:\/\/somo-sam.com\/?s={search_term_string}\"},\"query-input\":{\"@type\":\"PropertyValueSpecification\",\"valueRequired\":true,\"valueName\":\"search_term_string\"}}],\"inLanguage\":\"fr-FR\"}]}<\/script>\n<!-- \/ Yoast SEO plugin. -->","yoast_head_json":{"title":"Minibar Classic porte vitr\u00e9e DOMETIC - SOMO S.A.M","description":"C\u2019est un appareil compl\u00e8tement silencieux puisque sans moteur et compresseur gr\u00e2ce \u00e0 sa technologie par absorptionCompact et adaptable, le mod\u00e8le RH 429 LDAG peut \u00eatre utilis\u00e9 en tant que MiniBar avec pieds de 38 mm, ou peut \u00eatre encastr\u00e9 dans un meuble ( pour cela, il vous suffit de retirer les pieds ).","robots":{"index":"index","follow":"follow","max-snippet":"max-snippet:-1","max-image-preview":"max-image-preview:large","max-video-preview":"max-video-preview:-1"},"canonical":"https:\/\/somo-sam.com\/?product=minibar-classic-porte-vitree-dometic","og_locale":"fr_FR","og_type":"article","og_title":"Minibar Classic porte vitr\u00e9e DOMETIC - SOMO S.A.M","og_description":"C\u2019est un appareil compl\u00e8tement silencieux puisque sans moteur et compresseur gr\u00e2ce \u00e0 sa technologie par absorptionCompact et adaptable, le mod\u00e8le RH 429 LDAG peut \u00eatre utilis\u00e9 en tant que MiniBar avec pieds de 38 mm, ou peut \u00eatre encastr\u00e9 dans un meuble ( pour cela, il vous suffit de retirer les pieds ).","og_url":"https:\/\/somo-sam.com\/?product=minibar-classic-porte-vitree-dometic","og_site_name":"SOMO S.A.M","og_image":[{"width":1080,"height":1080,"url":"https:\/\/somo-sam.com\/wp-content\/uploads\/2025\/02\/Minibar-Classic-porte-vitree-DOMETIC-RH429LDAG.png","type":"image\/png"}],"twitter_card":"summary_large_image","twitter_misc":{"Dur\u00e9e de lecture estim\u00e9e":"1 minute"},"schema":{"@context":"https:\/\/schema.org","@graph":[{"@type":"WebPage","@id":"https:\/\/somo-sam.com\/?product=minibar-classic-porte-vitree-dometic","url":"https:\/\/somo-sam.com\/?product=minibar-classic-porte-vitree-dometic","name":"Minibar Classic porte vitr\u00e9e DOMETIC - SOMO S.A.M","isPartOf":{"@id":"http:\/\/somo-sam.com\/#website"},"primaryImageOfPage":{"@id":"https:\/\/somo-sam.com\/?product=minibar-classic-porte-vitree-dometic#primaryimage"},"image":{"@id":"https:\/\/somo-sam.com\/?product=minibar-classic-porte-vitree-dometic#primaryimage"},"thumbnailUrl":"https:\/\/somo-sam.com\/wp-content\/uploads\/2025\/02\/Minibar-Classic-porte-vitree-DOMETIC-RH429LDAG.png","datePublished":"2025-02-27T13:09:31+00:00","dateModified":"2025-02-27T13:09:31+00:00","description":"C\u2019est un appareil compl\u00e8tement silencieux puisque sans moteur et compresseur gr\u00e2ce \u00e0 sa technologie par absorptionCompact et adaptable, le mod\u00e8le RH 429 LDAG peut \u00eatre utilis\u00e9 en tant que MiniBar avec pieds de 38 mm, ou peut \u00eatre encastr\u00e9 dans un meuble ( pour cela, il vous suffit de retirer les pieds ).","breadcrumb":{"@id":"https:\/\/somo-sam.com\/?product=minibar-classic-porte-vitree-dometic#breadcrumb"},"inLanguage":"fr-FR","potentialAction":[{"@type":"ReadAction","target":["https:\/\/somo-sam.com\/?product=minibar-classic-porte-vitree-dometic"]}]},{"@type":"ImageObject","inLanguage":"fr-FR","@id":"https:\/\/somo-sam.com\/?product=minibar-classic-porte-vitree-dometic#primaryimage","url":"https:\/\/somo-sam.com\/wp-content\/uploads\/2025\/02\/Minibar-Classic-porte-vitree-DOMETIC-RH429LDAG.png","contentUrl":"https:\/\/somo-sam.com\/wp-content\/uploads\/2025\/02\/Minibar-Classic-porte-vitree-DOMETIC-RH429LDAG.png","width":1080,"height":1080},{"@type":"BreadcrumbList","@id":"https:\/\/somo-sam.com\/?product=minibar-classic-porte-vitree-dometic#breadcrumb","itemListElement":[{"@type":"ListItem","position":1,"name":"Accueil","item":"http:\/\/somo-sam.com\/"},{"@type":"ListItem","position":2,"name":"Shop","item":"https:\/\/somo-sam.com\/?page_id=413"},{"@type":"ListItem","position":3,"name":"Minibar Classic porte vitr\u00e9e DOMETIC"}]},{"@type":"WebSite","@id":"http:\/\/somo-sam.com\/#website","url":"http:\/\/somo-sam.com\/","name":"SOMO S.A.M","description":"Votre partenaire en \u00e9quipements h\u00f4teliers et de restauration","potentialAction":[{"@type":"SearchAction","target":{"@type":"EntryPoint","urlTemplate":"http:\/\/somo-sam.com\/?s={search_term_string}"},"query-input":{"@type":"PropertyValueSpecification","valueRequired":true,"valueName":"search_term_string"}}],"inLanguage":"fr-FR"}]}},"_links":{"self":[{"href":"https:\/\/somo-sam.com\/index.php?rest_route=\/wp\/v2\/product\/29457","targetHints":{"allow":["GET"]}}],"collection":[{"href":"https:\/\/somo-sam.com\/index.php?rest_route=\/wp\/v2\/product"}],"about":[{"href":"https:\/\/somo-sam.com\/index.php?rest_route=\/wp\/v2\/types\/product"}],"version-history":[{"count":1,"href":"https:\/\/somo-sam.com\/index.php?rest_route=\/wp\/v2\/product\/29457\/revisions"}],"predecessor-version":[{"id":29462,"href":"https:\/\/somo-sam.com\/index.php?rest_route=\/wp\/v2\/product\/29457\/revisions\/29462"}],"wp:featuredmedia":[{"embeddable":true,"href":"https:\/\/somo-sam.com\/index.php?rest_route=\/wp\/v2\/media\/29460"}],"wp:attachment":[{"href":"https:\/\/somo-sam.com\/index.php?rest_route=%2Fwp%2Fv2%2Fmedia&parent=29457"}],"wp:term":[{"taxonomy":"product_brand","embeddable":true,"href":"https:\/\/somo-sam.com\/index.php?rest_route=%2Fwp%2Fv2%2Fproduct_brand&post=29457"},{"taxonomy":"product_cat","embeddable":true,"href":"https:\/\/somo-sam.com\/index.php?rest_route=%2Fwp%2Fv2%2Fproduct_cat&post=29457"},{"taxonomy":"product_tag","embeddable":true,"href":"https:\/\/somo-sam.com\/index.php?rest_route=%2Fwp%2Fv2%2Fproduct_tag&post=29457"}],"curies":[{"name":"wp","href":"https:\/\/api.w.org\/{rel}","templated":true}]}}