{"id":29467,"date":"2025-02-27T14:25:50","date_gmt":"2025-02-27T13:25:50","guid":{"rendered":"https:\/\/somo-sam.com\/?post_type=product&#038;p=29467"},"modified":"2025-02-27T14:25:50","modified_gmt":"2025-02-27T13:25:50","slug":"seche-mains-a-lame-dair","status":"publish","type":"product","link":"https:\/\/somo-sam.com\/?product=seche-mains-a-lame-dair","title":{"rendered":"SECHE-MAINS A LAME D\u2019AIR"},"content":{"rendered":"<div class=\"flex max-w-full flex-col flex-grow\">\n<div class=\"min-h-8 text-message relative flex w-full flex-col items-end gap-2 whitespace-normal break-words text-start [.text-message+&amp;]:mt-5\" dir=\"auto\" data-message-author-role=\"assistant\" data-message-id=\"30b1ef21-45e9-42c1-8cfc-d6a76eb410c1\" data-message-model-slug=\"gpt-4o\">\n<div class=\"flex w-full flex-col gap-1 empty:hidden first:pt-[3px]\">\n<div class=\"markdown prose w-full break-words dark:prose-invert light\">\n<p data-start=\"0\" data-end=\"186\">Parfait pour les environnements h\u00f4teliers souhaitant am\u00e9liorer les standards d\u2019hygi\u00e8ne et de confort dans leurs salles de bains, ce s\u00e8che-mains \u00e9lectrique mural est la solution id\u00e9ale.<\/p>\n<p data-start=\"188\" data-end=\"452\">\u00c9quip\u00e9 d\u2019un bac r\u00e9cup\u00e9rateur pour \u00e9viter les \u00e9claboussures au sol, il assure un s\u00e9chage efficace en seulement 7 secondes gr\u00e2ce \u00e0 ses doubles lames d\u2019air.<br data-start=\"341\" data-end=\"344\" \/>Son activation par cellule photo\u00e9lectrique \u00e9limine tout contact direct, garantissant une hygi\u00e8ne optimale.<\/p>\n<p data-start=\"454\" data-end=\"716\">Dot\u00e9 d\u2019une prise Schuko, d\u2019une puissance de 2000 W et d\u2019un faible niveau sonore, il offre des performances \u00e9lev\u00e9es.<br data-start=\"569\" data-end=\"572\" \/>Facile \u00e0 installer gr\u00e2ce aux supports fournis, ce s\u00e8che-mains \u00e9lectrique est certifi\u00e9 CE et RoHS, attestant de sa s\u00e9curit\u00e9 et de sa fiabilit\u00e9.<\/p>\n<\/div>\n<\/div>\n<\/div>\n<\/div>\n<div class=\"mb-2 flex gap-3 empty:hidden -ml-2\">\n<div class=\"items-center justify-start rounded-xl p-1 flex\">\n<div class=\"flex items-center\">\n<div class=\"flex items-center pb-0\"><\/div>\n<\/div>\n<\/div>\n<\/div>\n","protected":false},"excerpt":{"rendered":"<p>Parfait pour les environnements h\u00f4teliers souhaitant am\u00e9liorer les standards d\u2019hygi\u00e8ne et de confort dans leurs salles de bains, ce s\u00e8che-mains<\/p>\n","protected":false},"featured_media":29472,"template":"","meta":{"_acf_changed":false,"_monsterinsights_skip_tracking":false,"_monsterinsights_sitenote_active":false,"_monsterinsights_sitenote_note":"","_monsterinsights_sitenote_category":0},"product_brand":[282],"product_cat":[252,254,255],"product_tag":[],"class_list":{"0":"post-29467","1":"product","2":"type-product","3":"status-publish","4":"has-post-thumbnail","6":"product_brand-stark","7":"product_cat-hotellerie","8":"product_cat-parties-communes","9":"product_cat-seche-mains-2","11":"first","12":"instock","13":"taxable","14":"shipping-taxable","15":"purchasable","16":"product-type-simple","17":"add-to-wishlist-after_add_to_cart"},"acf":[],"yoast_head":"<!-- This site is optimized with the Yoast SEO plugin v23.6 - https:\/\/yoast.com\/wordpress\/plugins\/seo\/ -->\n<title>SECHE-MAINS A LAME D\u2019AIR - SOMO S.A.M<\/title>\n<meta name=\"description\" content=\"Parfait pour les environnements h\u00f4teliers souhaitant am\u00e9liorer les standards d\u2019hygi\u00e8ne et de confort dans leurs salles de bains, ce s\u00e8che-mains \u00e9lectrique mural est la solution id\u00e9ale.\" \/>\n<meta name=\"robots\" content=\"index, follow, max-snippet:-1, max-image-preview:large, max-video-preview:-1\" \/>\n<link rel=\"canonical\" href=\"https:\/\/somo-sam.com\/?product=seche-mains-a-lame-dair\" \/>\n<meta property=\"og:locale\" content=\"fr_FR\" \/>\n<meta property=\"og:type\" content=\"article\" \/>\n<meta property=\"og:title\" content=\"SECHE-MAINS A LAME D\u2019AIR - SOMO S.A.M\" \/>\n<meta property=\"og:description\" content=\"Parfait pour les environnements h\u00f4teliers souhaitant am\u00e9liorer les standards d\u2019hygi\u00e8ne et de confort dans leurs salles de bains, ce s\u00e8che-mains \u00e9lectrique mural est la solution id\u00e9ale.\" \/>\n<meta property=\"og:url\" content=\"https:\/\/somo-sam.com\/?product=seche-mains-a-lame-dair\" \/>\n<meta property=\"og:site_name\" content=\"SOMO S.A.M\" \/>\n<meta property=\"og:image\" content=\"https:\/\/somo-sam.com\/wp-content\/uploads\/2025\/02\/SECHE-MAINS-A-LAME-DAIR.png\" \/>\n\t<meta property=\"og:image:width\" content=\"1080\" \/>\n\t<meta property=\"og:image:height\" content=\"1080\" \/>\n\t<meta property=\"og:image:type\" content=\"image\/png\" \/>\n<meta name=\"twitter:card\" content=\"summary_large_image\" \/>\n<meta name=\"twitter:label1\" content=\"Dur\u00e9e de lecture estim\u00e9e\" \/>\n\t<meta name=\"twitter:data1\" content=\"1 minute\" \/>\n<script type=\"application\/ld+json\" class=\"yoast-schema-graph\">{\"@context\":\"https:\/\/schema.org\",\"@graph\":[{\"@type\":\"WebPage\",\"@id\":\"https:\/\/somo-sam.com\/?product=seche-mains-a-lame-dair\",\"url\":\"https:\/\/somo-sam.com\/?product=seche-mains-a-lame-dair\",\"name\":\"SECHE-MAINS A LAME D\u2019AIR - SOMO S.A.M\",\"isPartOf\":{\"@id\":\"http:\/\/somo-sam.com\/#website\"},\"primaryImageOfPage\":{\"@id\":\"https:\/\/somo-sam.com\/?product=seche-mains-a-lame-dair#primaryimage\"},\"image\":{\"@id\":\"https:\/\/somo-sam.com\/?product=seche-mains-a-lame-dair#primaryimage\"},\"thumbnailUrl\":\"https:\/\/somo-sam.com\/wp-content\/uploads\/2025\/02\/SECHE-MAINS-A-LAME-DAIR.png\",\"datePublished\":\"2025-02-27T13:25:50+00:00\",\"dateModified\":\"2025-02-27T13:25:50+00:00\",\"description\":\"Parfait pour les environnements h\u00f4teliers souhaitant am\u00e9liorer les standards d\u2019hygi\u00e8ne et de confort dans leurs salles de bains, ce s\u00e8che-mains \u00e9lectrique mural est la solution id\u00e9ale.\",\"breadcrumb\":{\"@id\":\"https:\/\/somo-sam.com\/?product=seche-mains-a-lame-dair#breadcrumb\"},\"inLanguage\":\"fr-FR\",\"potentialAction\":[{\"@type\":\"ReadAction\",\"target\":[\"https:\/\/somo-sam.com\/?product=seche-mains-a-lame-dair\"]}]},{\"@type\":\"ImageObject\",\"inLanguage\":\"fr-FR\",\"@id\":\"https:\/\/somo-sam.com\/?product=seche-mains-a-lame-dair#primaryimage\",\"url\":\"https:\/\/somo-sam.com\/wp-content\/uploads\/2025\/02\/SECHE-MAINS-A-LAME-DAIR.png\",\"contentUrl\":\"https:\/\/somo-sam.com\/wp-content\/uploads\/2025\/02\/SECHE-MAINS-A-LAME-DAIR.png\",\"width\":1080,\"height\":1080},{\"@type\":\"BreadcrumbList\",\"@id\":\"https:\/\/somo-sam.com\/?product=seche-mains-a-lame-dair#breadcrumb\",\"itemListElement\":[{\"@type\":\"ListItem\",\"position\":1,\"name\":\"Accueil\",\"item\":\"http:\/\/somo-sam.com\/\"},{\"@type\":\"ListItem\",\"position\":2,\"name\":\"Shop\",\"item\":\"https:\/\/somo-sam.com\/?page_id=413\"},{\"@type\":\"ListItem\",\"position\":3,\"name\":\"SECHE-MAINS A LAME D\u2019AIR\"}]},{\"@type\":\"WebSite\",\"@id\":\"http:\/\/somo-sam.com\/#website\",\"url\":\"http:\/\/somo-sam.com\/\",\"name\":\"SOMO S.A.M\",\"description\":\"Votre partenaire en \u00e9quipements h\u00f4teliers et de restauration\",\"potentialAction\":[{\"@type\":\"SearchAction\",\"target\":{\"@type\":\"EntryPoint\",\"urlTemplate\":\"http:\/\/somo-sam.com\/?s={search_term_string}\"},\"query-input\":{\"@type\":\"PropertyValueSpecification\",\"valueRequired\":true,\"valueName\":\"search_term_string\"}}],\"inLanguage\":\"fr-FR\"}]}<\/script>\n<!-- \/ Yoast SEO plugin. -->","yoast_head_json":{"title":"SECHE-MAINS A LAME D\u2019AIR - SOMO S.A.M","description":"Parfait pour les environnements h\u00f4teliers souhaitant am\u00e9liorer les standards d\u2019hygi\u00e8ne et de confort dans leurs salles de bains, ce s\u00e8che-mains \u00e9lectrique mural est la solution id\u00e9ale.","robots":{"index":"index","follow":"follow","max-snippet":"max-snippet:-1","max-image-preview":"max-image-preview:large","max-video-preview":"max-video-preview:-1"},"canonical":"https:\/\/somo-sam.com\/?product=seche-mains-a-lame-dair","og_locale":"fr_FR","og_type":"article","og_title":"SECHE-MAINS A LAME D\u2019AIR - SOMO S.A.M","og_description":"Parfait pour les environnements h\u00f4teliers souhaitant am\u00e9liorer les standards d\u2019hygi\u00e8ne et de confort dans leurs salles de bains, ce s\u00e8che-mains \u00e9lectrique mural est la solution id\u00e9ale.","og_url":"https:\/\/somo-sam.com\/?product=seche-mains-a-lame-dair","og_site_name":"SOMO S.A.M","og_image":[{"width":1080,"height":1080,"url":"https:\/\/somo-sam.com\/wp-content\/uploads\/2025\/02\/SECHE-MAINS-A-LAME-DAIR.png","type":"image\/png"}],"twitter_card":"summary_large_image","twitter_misc":{"Dur\u00e9e de lecture estim\u00e9e":"1 minute"},"schema":{"@context":"https:\/\/schema.org","@graph":[{"@type":"WebPage","@id":"https:\/\/somo-sam.com\/?product=seche-mains-a-lame-dair","url":"https:\/\/somo-sam.com\/?product=seche-mains-a-lame-dair","name":"SECHE-MAINS A LAME D\u2019AIR - SOMO S.A.M","isPartOf":{"@id":"http:\/\/somo-sam.com\/#website"},"primaryImageOfPage":{"@id":"https:\/\/somo-sam.com\/?product=seche-mains-a-lame-dair#primaryimage"},"image":{"@id":"https:\/\/somo-sam.com\/?product=seche-mains-a-lame-dair#primaryimage"},"thumbnailUrl":"https:\/\/somo-sam.com\/wp-content\/uploads\/2025\/02\/SECHE-MAINS-A-LAME-DAIR.png","datePublished":"2025-02-27T13:25:50+00:00","dateModified":"2025-02-27T13:25:50+00:00","description":"Parfait pour les environnements h\u00f4teliers souhaitant am\u00e9liorer les standards d\u2019hygi\u00e8ne et de confort dans leurs salles de bains, ce s\u00e8che-mains \u00e9lectrique mural est la solution id\u00e9ale.","breadcrumb":{"@id":"https:\/\/somo-sam.com\/?product=seche-mains-a-lame-dair#breadcrumb"},"inLanguage":"fr-FR","potentialAction":[{"@type":"ReadAction","target":["https:\/\/somo-sam.com\/?product=seche-mains-a-lame-dair"]}]},{"@type":"ImageObject","inLanguage":"fr-FR","@id":"https:\/\/somo-sam.com\/?product=seche-mains-a-lame-dair#primaryimage","url":"https:\/\/somo-sam.com\/wp-content\/uploads\/2025\/02\/SECHE-MAINS-A-LAME-DAIR.png","contentUrl":"https:\/\/somo-sam.com\/wp-content\/uploads\/2025\/02\/SECHE-MAINS-A-LAME-DAIR.png","width":1080,"height":1080},{"@type":"BreadcrumbList","@id":"https:\/\/somo-sam.com\/?product=seche-mains-a-lame-dair#breadcrumb","itemListElement":[{"@type":"ListItem","position":1,"name":"Accueil","item":"http:\/\/somo-sam.com\/"},{"@type":"ListItem","position":2,"name":"Shop","item":"https:\/\/somo-sam.com\/?page_id=413"},{"@type":"ListItem","position":3,"name":"SECHE-MAINS A LAME D\u2019AIR"}]},{"@type":"WebSite","@id":"http:\/\/somo-sam.com\/#website","url":"http:\/\/somo-sam.com\/","name":"SOMO S.A.M","description":"Votre partenaire en \u00e9quipements h\u00f4teliers et de restauration","potentialAction":[{"@type":"SearchAction","target":{"@type":"EntryPoint","urlTemplate":"http:\/\/somo-sam.com\/?s={search_term_string}"},"query-input":{"@type":"PropertyValueSpecification","valueRequired":true,"valueName":"search_term_string"}}],"inLanguage":"fr-FR"}]}},"_links":{"self":[{"href":"https:\/\/somo-sam.com\/index.php?rest_route=\/wp\/v2\/product\/29467","targetHints":{"allow":["GET"]}}],"collection":[{"href":"https:\/\/somo-sam.com\/index.php?rest_route=\/wp\/v2\/product"}],"about":[{"href":"https:\/\/somo-sam.com\/index.php?rest_route=\/wp\/v2\/types\/product"}],"version-history":[{"count":1,"href":"https:\/\/somo-sam.com\/index.php?rest_route=\/wp\/v2\/product\/29467\/revisions"}],"predecessor-version":[{"id":29474,"href":"https:\/\/somo-sam.com\/index.php?rest_route=\/wp\/v2\/product\/29467\/revisions\/29474"}],"wp:featuredmedia":[{"embeddable":true,"href":"https:\/\/somo-sam.com\/index.php?rest_route=\/wp\/v2\/media\/29472"}],"wp:attachment":[{"href":"https:\/\/somo-sam.com\/index.php?rest_route=%2Fwp%2Fv2%2Fmedia&parent=29467"}],"wp:term":[{"taxonomy":"product_brand","embeddable":true,"href":"https:\/\/somo-sam.com\/index.php?rest_route=%2Fwp%2Fv2%2Fproduct_brand&post=29467"},{"taxonomy":"product_cat","embeddable":true,"href":"https:\/\/somo-sam.com\/index.php?rest_route=%2Fwp%2Fv2%2Fproduct_cat&post=29467"},{"taxonomy":"product_tag","embeddable":true,"href":"https:\/\/somo-sam.com\/index.php?rest_route=%2Fwp%2Fv2%2Fproduct_tag&post=29467"}],"curies":[{"name":"wp","href":"https:\/\/api.w.org\/{rel}","templated":true}]}}