{"id":29479,"date":"2025-02-27T14:33:04","date_gmt":"2025-02-27T13:33:04","guid":{"rendered":"https:\/\/somo-sam.com\/?post_type=product&#038;p=29479"},"modified":"2025-02-27T14:33:05","modified_gmt":"2025-02-27T13:33:05","slug":"seche-mains-traditionnel-t2100","status":"publish","type":"product","link":"https:\/\/somo-sam.com\/?product=seche-mains-traditionnel-t2100","title":{"rendered":"SECHE-MAINS TRADITIONNEL &#8211; T2100"},"content":{"rendered":"<p data-start=\"152\" data-end=\"320\">Id\u00e9al pour les \u00e9tablissements recherchant une solution simple et efficace pour leurs salles de bains, ce s\u00e8che-mains mural blanc allie fonctionnalit\u00e9 et design \u00e9pur\u00e9.<\/p>\n<p data-start=\"322\" data-end=\"553\">\u00c9quip\u00e9 d\u2019un support mural et d\u2019une activation par cellule photo\u00e9lectrique, il assure un s\u00e9chage hygi\u00e9nique sans contact direct.<br data-start=\"449\" data-end=\"452\" \/>Sa technologie garantit \u00e9galement un faible niveau sonore, am\u00e9liorant ainsi le confort des espaces.<\/p>\n<p data-start=\"555\" data-end=\"754\">Avec une puissance de 1800 W, il offre un s\u00e9chage rapide et efficace, en faisant une option pratique pour les h\u00f4tels, les complexes h\u00f4teliers et d\u2019autres \u00e9tablissements du secteur de l\u2019hospitalit\u00e9.<\/p>\n<p data-start=\"756\" data-end=\"890\">Ce s\u00e8che-mains d\u2019entr\u00e9e de gamme propose un service essentiel avec un design s\u2019adaptant \u00e0 tout style de salle de bains ou vestiaire.<\/p>\n<p>&nbsp;<\/p>\n","protected":false},"excerpt":{"rendered":"<p>Id\u00e9al pour les \u00e9tablissements recherchant une solution simple et efficace pour leurs salles de bains, ce s\u00e8che-mains mural blanc allie<\/p>\n","protected":false},"featured_media":29480,"template":"","meta":{"_acf_changed":false,"_monsterinsights_skip_tracking":false,"_monsterinsights_sitenote_active":false,"_monsterinsights_sitenote_note":"","_monsterinsights_sitenote_category":0},"product_brand":[282],"product_cat":[252,254,255],"product_tag":[],"class_list":{"0":"post-29479","1":"product","2":"type-product","3":"status-publish","4":"has-post-thumbnail","6":"product_brand-stark","7":"product_cat-hotellerie","8":"product_cat-parties-communes","9":"product_cat-seche-mains-2","11":"first","12":"instock","13":"taxable","14":"shipping-taxable","15":"purchasable","16":"product-type-simple","17":"add-to-wishlist-after_add_to_cart"},"acf":[],"yoast_head":"<!-- This site is optimized with the Yoast SEO plugin v23.6 - https:\/\/yoast.com\/wordpress\/plugins\/seo\/ -->\n<title>SECHE-MAINS TRADITIONNEL - T2100 - SOMO S.A.M<\/title>\n<meta name=\"description\" content=\"\u00c9quip\u00e9 d\u2019un support mural et d\u2019une activation par cellule photo\u00e9lectrique, il assure un s\u00e9chage hygi\u00e9nique sans contact direct.Sa technologie garantit \u00e9galement un faible niveau sonore, am\u00e9liorant ainsi le confort des espaces.\" \/>\n<meta name=\"robots\" content=\"index, follow, max-snippet:-1, max-image-preview:large, max-video-preview:-1\" \/>\n<link rel=\"canonical\" href=\"https:\/\/somo-sam.com\/?product=seche-mains-traditionnel-t2100\" \/>\n<meta property=\"og:locale\" content=\"fr_FR\" \/>\n<meta property=\"og:type\" content=\"article\" \/>\n<meta property=\"og:title\" content=\"SECHE-MAINS TRADITIONNEL - T2100 - SOMO S.A.M\" \/>\n<meta property=\"og:description\" content=\"\u00c9quip\u00e9 d\u2019un support mural et d\u2019une activation par cellule photo\u00e9lectrique, il assure un s\u00e9chage hygi\u00e9nique sans contact direct.Sa technologie garantit \u00e9galement un faible niveau sonore, am\u00e9liorant ainsi le confort des espaces.\" \/>\n<meta property=\"og:url\" content=\"https:\/\/somo-sam.com\/?product=seche-mains-traditionnel-t2100\" \/>\n<meta property=\"og:site_name\" content=\"SOMO S.A.M\" \/>\n<meta property=\"article:modified_time\" content=\"2025-02-27T13:33:05+00:00\" \/>\n<meta property=\"og:image\" content=\"https:\/\/somo-sam.com\/wp-content\/uploads\/2025\/02\/SECHE-MAINS-TRADITIONNEL-T2100.png\" \/>\n\t<meta property=\"og:image:width\" content=\"1080\" \/>\n\t<meta property=\"og:image:height\" content=\"1080\" \/>\n\t<meta property=\"og:image:type\" content=\"image\/png\" \/>\n<meta name=\"twitter:card\" content=\"summary_large_image\" \/>\n<meta name=\"twitter:label1\" content=\"Dur\u00e9e de lecture estim\u00e9e\" \/>\n\t<meta name=\"twitter:data1\" content=\"1 minute\" \/>\n<script type=\"application\/ld+json\" class=\"yoast-schema-graph\">{\"@context\":\"https:\/\/schema.org\",\"@graph\":[{\"@type\":\"WebPage\",\"@id\":\"https:\/\/somo-sam.com\/?product=seche-mains-traditionnel-t2100\",\"url\":\"https:\/\/somo-sam.com\/?product=seche-mains-traditionnel-t2100\",\"name\":\"SECHE-MAINS TRADITIONNEL - T2100 - SOMO S.A.M\",\"isPartOf\":{\"@id\":\"https:\/\/somo-sam.com\/#website\"},\"primaryImageOfPage\":{\"@id\":\"https:\/\/somo-sam.com\/?product=seche-mains-traditionnel-t2100#primaryimage\"},\"image\":{\"@id\":\"https:\/\/somo-sam.com\/?product=seche-mains-traditionnel-t2100#primaryimage\"},\"thumbnailUrl\":\"https:\/\/somo-sam.com\/wp-content\/uploads\/2025\/02\/SECHE-MAINS-TRADITIONNEL-T2100.png\",\"datePublished\":\"2025-02-27T13:33:04+00:00\",\"dateModified\":\"2025-02-27T13:33:05+00:00\",\"description\":\"\u00c9quip\u00e9 d\u2019un support mural et d\u2019une activation par cellule photo\u00e9lectrique, il assure un s\u00e9chage hygi\u00e9nique sans contact direct.Sa technologie garantit \u00e9galement un faible niveau sonore, am\u00e9liorant ainsi le confort des espaces.\",\"breadcrumb\":{\"@id\":\"https:\/\/somo-sam.com\/?product=seche-mains-traditionnel-t2100#breadcrumb\"},\"inLanguage\":\"fr-FR\",\"potentialAction\":[{\"@type\":\"ReadAction\",\"target\":[\"https:\/\/somo-sam.com\/?product=seche-mains-traditionnel-t2100\"]}]},{\"@type\":\"ImageObject\",\"inLanguage\":\"fr-FR\",\"@id\":\"https:\/\/somo-sam.com\/?product=seche-mains-traditionnel-t2100#primaryimage\",\"url\":\"https:\/\/somo-sam.com\/wp-content\/uploads\/2025\/02\/SECHE-MAINS-TRADITIONNEL-T2100.png\",\"contentUrl\":\"https:\/\/somo-sam.com\/wp-content\/uploads\/2025\/02\/SECHE-MAINS-TRADITIONNEL-T2100.png\",\"width\":1080,\"height\":1080},{\"@type\":\"BreadcrumbList\",\"@id\":\"https:\/\/somo-sam.com\/?product=seche-mains-traditionnel-t2100#breadcrumb\",\"itemListElement\":[{\"@type\":\"ListItem\",\"position\":1,\"name\":\"Accueil\",\"item\":\"https:\/\/somo-sam.com\/\"},{\"@type\":\"ListItem\",\"position\":2,\"name\":\"Shop\",\"item\":\"https:\/\/somo-sam.com\/?page_id=413\"},{\"@type\":\"ListItem\",\"position\":3,\"name\":\"SECHE-MAINS TRADITIONNEL &#8211; T2100\"}]},{\"@type\":\"WebSite\",\"@id\":\"https:\/\/somo-sam.com\/#website\",\"url\":\"https:\/\/somo-sam.com\/\",\"name\":\"SOMO S.A.M\",\"description\":\"Votre partenaire en \u00e9quipements h\u00f4teliers et de restauration\",\"potentialAction\":[{\"@type\":\"SearchAction\",\"target\":{\"@type\":\"EntryPoint\",\"urlTemplate\":\"https:\/\/somo-sam.com\/?s={search_term_string}\"},\"query-input\":{\"@type\":\"PropertyValueSpecification\",\"valueRequired\":true,\"valueName\":\"search_term_string\"}}],\"inLanguage\":\"fr-FR\"}]}<\/script>\n<!-- \/ Yoast SEO plugin. -->","yoast_head_json":{"title":"SECHE-MAINS TRADITIONNEL - T2100 - SOMO S.A.M","description":"\u00c9quip\u00e9 d\u2019un support mural et d\u2019une activation par cellule photo\u00e9lectrique, il assure un s\u00e9chage hygi\u00e9nique sans contact direct.Sa technologie garantit \u00e9galement un faible niveau sonore, am\u00e9liorant ainsi le confort des espaces.","robots":{"index":"index","follow":"follow","max-snippet":"max-snippet:-1","max-image-preview":"max-image-preview:large","max-video-preview":"max-video-preview:-1"},"canonical":"https:\/\/somo-sam.com\/?product=seche-mains-traditionnel-t2100","og_locale":"fr_FR","og_type":"article","og_title":"SECHE-MAINS TRADITIONNEL - T2100 - SOMO S.A.M","og_description":"\u00c9quip\u00e9 d\u2019un support mural et d\u2019une activation par cellule photo\u00e9lectrique, il assure un s\u00e9chage hygi\u00e9nique sans contact direct.Sa technologie garantit \u00e9galement un faible niveau sonore, am\u00e9liorant ainsi le confort des espaces.","og_url":"https:\/\/somo-sam.com\/?product=seche-mains-traditionnel-t2100","og_site_name":"SOMO S.A.M","article_modified_time":"2025-02-27T13:33:05+00:00","og_image":[{"width":1080,"height":1080,"url":"https:\/\/somo-sam.com\/wp-content\/uploads\/2025\/02\/SECHE-MAINS-TRADITIONNEL-T2100.png","type":"image\/png"}],"twitter_card":"summary_large_image","twitter_misc":{"Dur\u00e9e de lecture estim\u00e9e":"1 minute"},"schema":{"@context":"https:\/\/schema.org","@graph":[{"@type":"WebPage","@id":"https:\/\/somo-sam.com\/?product=seche-mains-traditionnel-t2100","url":"https:\/\/somo-sam.com\/?product=seche-mains-traditionnel-t2100","name":"SECHE-MAINS TRADITIONNEL - T2100 - SOMO S.A.M","isPartOf":{"@id":"https:\/\/somo-sam.com\/#website"},"primaryImageOfPage":{"@id":"https:\/\/somo-sam.com\/?product=seche-mains-traditionnel-t2100#primaryimage"},"image":{"@id":"https:\/\/somo-sam.com\/?product=seche-mains-traditionnel-t2100#primaryimage"},"thumbnailUrl":"https:\/\/somo-sam.com\/wp-content\/uploads\/2025\/02\/SECHE-MAINS-TRADITIONNEL-T2100.png","datePublished":"2025-02-27T13:33:04+00:00","dateModified":"2025-02-27T13:33:05+00:00","description":"\u00c9quip\u00e9 d\u2019un support mural et d\u2019une activation par cellule photo\u00e9lectrique, il assure un s\u00e9chage hygi\u00e9nique sans contact direct.Sa technologie garantit \u00e9galement un faible niveau sonore, am\u00e9liorant ainsi le confort des espaces.","breadcrumb":{"@id":"https:\/\/somo-sam.com\/?product=seche-mains-traditionnel-t2100#breadcrumb"},"inLanguage":"fr-FR","potentialAction":[{"@type":"ReadAction","target":["https:\/\/somo-sam.com\/?product=seche-mains-traditionnel-t2100"]}]},{"@type":"ImageObject","inLanguage":"fr-FR","@id":"https:\/\/somo-sam.com\/?product=seche-mains-traditionnel-t2100#primaryimage","url":"https:\/\/somo-sam.com\/wp-content\/uploads\/2025\/02\/SECHE-MAINS-TRADITIONNEL-T2100.png","contentUrl":"https:\/\/somo-sam.com\/wp-content\/uploads\/2025\/02\/SECHE-MAINS-TRADITIONNEL-T2100.png","width":1080,"height":1080},{"@type":"BreadcrumbList","@id":"https:\/\/somo-sam.com\/?product=seche-mains-traditionnel-t2100#breadcrumb","itemListElement":[{"@type":"ListItem","position":1,"name":"Accueil","item":"https:\/\/somo-sam.com\/"},{"@type":"ListItem","position":2,"name":"Shop","item":"https:\/\/somo-sam.com\/?page_id=413"},{"@type":"ListItem","position":3,"name":"SECHE-MAINS TRADITIONNEL &#8211; T2100"}]},{"@type":"WebSite","@id":"https:\/\/somo-sam.com\/#website","url":"https:\/\/somo-sam.com\/","name":"SOMO S.A.M","description":"Votre partenaire en \u00e9quipements h\u00f4teliers et de restauration","potentialAction":[{"@type":"SearchAction","target":{"@type":"EntryPoint","urlTemplate":"https:\/\/somo-sam.com\/?s={search_term_string}"},"query-input":{"@type":"PropertyValueSpecification","valueRequired":true,"valueName":"search_term_string"}}],"inLanguage":"fr-FR"}]}},"_links":{"self":[{"href":"https:\/\/somo-sam.com\/index.php?rest_route=\/wp\/v2\/product\/29479","targetHints":{"allow":["GET"]}}],"collection":[{"href":"https:\/\/somo-sam.com\/index.php?rest_route=\/wp\/v2\/product"}],"about":[{"href":"https:\/\/somo-sam.com\/index.php?rest_route=\/wp\/v2\/types\/product"}],"version-history":[{"count":1,"href":"https:\/\/somo-sam.com\/index.php?rest_route=\/wp\/v2\/product\/29479\/revisions"}],"predecessor-version":[{"id":29482,"href":"https:\/\/somo-sam.com\/index.php?rest_route=\/wp\/v2\/product\/29479\/revisions\/29482"}],"wp:featuredmedia":[{"embeddable":true,"href":"https:\/\/somo-sam.com\/index.php?rest_route=\/wp\/v2\/media\/29480"}],"wp:attachment":[{"href":"https:\/\/somo-sam.com\/index.php?rest_route=%2Fwp%2Fv2%2Fmedia&parent=29479"}],"wp:term":[{"taxonomy":"product_brand","embeddable":true,"href":"https:\/\/somo-sam.com\/index.php?rest_route=%2Fwp%2Fv2%2Fproduct_brand&post=29479"},{"taxonomy":"product_cat","embeddable":true,"href":"https:\/\/somo-sam.com\/index.php?rest_route=%2Fwp%2Fv2%2Fproduct_cat&post=29479"},{"taxonomy":"product_tag","embeddable":true,"href":"https:\/\/somo-sam.com\/index.php?rest_route=%2Fwp%2Fv2%2Fproduct_tag&post=29479"}],"curies":[{"name":"wp","href":"https:\/\/api.w.org\/{rel}","templated":true}]}}