{"id":29508,"date":"2025-02-27T15:58:50","date_gmt":"2025-02-27T14:58:50","guid":{"rendered":"https:\/\/somo-sam.com\/?post_type=product&#038;p=29508"},"modified":"2025-02-27T15:58:51","modified_gmt":"2025-02-27T14:58:51","slug":"coffre-a-poser-19l-code-electronique-avec-ecran-lcd","status":"publish","type":"product","link":"https:\/\/somo-sam.com\/?product=coffre-a-poser-19l-code-electronique-avec-ecran-lcd","title":{"rendered":"COFFRE \u00c0 POSER 19L &#8211; CODE \u00c9LECTRONIQUE AVEC \u00c9CRAN LCD"},"content":{"rendered":"<p data-start=\"199\" data-end=\"225\">\ud83d\udd39 <strong data-start=\"202\" data-end=\"223\">S\u00e9curit\u00e9 et acc\u00e8s<\/strong><\/p>\n<ul data-start=\"226\" data-end=\"388\">\n<li data-start=\"226\" data-end=\"259\">Code utilisateur \u00e0 4 chiffres<\/li>\n<li data-start=\"260\" data-end=\"299\">6 codes passe-partout hi\u00e9rarchiques<\/li>\n<li data-start=\"300\" data-end=\"345\">Blocage automatique apr\u00e8s 3 codes erron\u00e9s<\/li>\n<li data-start=\"346\" data-end=\"388\">Ouverture m\u00e9canique d\u2019urgence avec cl\u00e9<\/li>\n<\/ul>\n<p data-start=\"390\" data-end=\"430\">\ud83d\udd39 <strong data-start=\"393\" data-end=\"428\">Alimentation et fonctionnalit\u00e9s<\/strong><\/p>\n<ul data-start=\"431\" data-end=\"648\">\n<li data-start=\"431\" data-end=\"478\">Fonctionne avec des piles alcalines AA 1.5V<\/li>\n<li data-start=\"479\" data-end=\"514\">Affichage LCD r\u00e9tro\u00e9clair\u00e9 bleu<\/li>\n<li data-start=\"515\" data-end=\"599\">M\u00e9moire non volatile (les codes restent enregistr\u00e9s en cas de panne de batterie)<\/li>\n<li data-start=\"600\" data-end=\"648\">Syst\u00e8me d\u2019ouverture et de fermeture motoris\u00e9<\/li>\n<\/ul>\n<p data-start=\"650\" data-end=\"685\">\ud83d\udd39 <strong data-start=\"653\" data-end=\"683\">Robustesse et installation<\/strong><\/p>\n<ul data-start=\"686\" data-end=\"881\">\n<li data-start=\"686\" data-end=\"750\">Porte anti-effraction de 6 mm d\u2019\u00e9paisseur, d\u00e9coup\u00e9e au laser<\/li>\n<li data-start=\"751\" data-end=\"792\">2 p\u00eanes en acier de 17 mm de diam\u00e8tre<\/li>\n<li data-start=\"793\" data-end=\"881\">Pr\u00e9-perc\u00e9 au dos et \u00e0 la base pour une fixation s\u00e9curis\u00e9e (armoires, placards, etc.)<\/li>\n<\/ul>\n<p data-start=\"883\" data-end=\"914\">\ud83d\udd39 <strong data-start=\"886\" data-end=\"912\">Dimensions et garantie<\/strong><\/p>\n<ul data-start=\"915\" data-end=\"1017\">\n<li data-start=\"915\" data-end=\"939\"><strong data-start=\"917\" data-end=\"930\">Hauteur :<\/strong> 190 mm<\/li>\n<li data-start=\"940\" data-end=\"964\"><strong data-start=\"942\" data-end=\"955\">Largeur :<\/strong> 360 mm<\/li>\n<li data-start=\"965\" data-end=\"992\"><strong data-start=\"967\" data-end=\"983\">Profondeur :<\/strong> 410 mm<\/li>\n<li data-start=\"993\" data-end=\"1017\"><strong data-start=\"995\" data-end=\"1009\">Garantie :<\/strong> 2 ans<\/li>\n<\/ul>\n","protected":false},"excerpt":{"rendered":"<p>\ud83d\udd39 S\u00e9curit\u00e9 et acc\u00e8s Code utilisateur \u00e0 4 chiffres 6 codes passe-partout hi\u00e9rarchiques Blocage automatique apr\u00e8s 3 codes erron\u00e9s Ouverture<\/p>\n","protected":false},"featured_media":29509,"template":"","meta":{"_acf_changed":false,"_monsterinsights_skip_tracking":false,"_monsterinsights_sitenote_active":false,"_monsterinsights_sitenote_note":"","_monsterinsights_sitenote_category":0},"product_brand":[282],"product_cat":[250,35,252],"product_tag":[],"class_list":{"0":"post-29508","1":"product","2":"type-product","3":"status-publish","4":"has-post-thumbnail","6":"product_brand-stark","7":"product_cat-chambre","8":"product_cat-coffre-forts","9":"product_cat-hotellerie","11":"first","12":"instock","13":"taxable","14":"shipping-taxable","15":"purchasable","16":"product-type-simple","17":"add-to-wishlist-after_add_to_cart"},"acf":[],"yoast_head":"<!-- This site is optimized with the Yoast SEO plugin v23.6 - https:\/\/yoast.com\/wordpress\/plugins\/seo\/ -->\n<title>COFFRE \u00c0 POSER 19L - CODE \u00c9LECTRONIQUE AVEC \u00c9CRAN LCD - SOMO S.A.M<\/title>\n<meta name=\"description\" content=\"Code utilisateur \u00e0 4 chiffres6 codes passe-partout hi\u00e9rarchiquesBlocage automatique apr\u00e8s 3 codes erron\u00e9sOuverture m\u00e9canique d\u2019urgence avec cl\u00e9\" \/>\n<meta name=\"robots\" content=\"index, follow, max-snippet:-1, max-image-preview:large, max-video-preview:-1\" \/>\n<link rel=\"canonical\" href=\"https:\/\/somo-sam.com\/?product=coffre-a-poser-19l-code-electronique-avec-ecran-lcd\" \/>\n<meta property=\"og:locale\" content=\"fr_FR\" \/>\n<meta property=\"og:type\" content=\"article\" \/>\n<meta property=\"og:title\" content=\"COFFRE \u00c0 POSER 19L - CODE \u00c9LECTRONIQUE AVEC \u00c9CRAN LCD - SOMO S.A.M\" \/>\n<meta property=\"og:description\" content=\"Code utilisateur \u00e0 4 chiffres6 codes passe-partout hi\u00e9rarchiquesBlocage automatique apr\u00e8s 3 codes erron\u00e9sOuverture m\u00e9canique d\u2019urgence avec cl\u00e9\" \/>\n<meta property=\"og:url\" content=\"https:\/\/somo-sam.com\/?product=coffre-a-poser-19l-code-electronique-avec-ecran-lcd\" \/>\n<meta property=\"og:site_name\" content=\"SOMO S.A.M\" \/>\n<meta property=\"article:modified_time\" content=\"2025-02-27T14:58:51+00:00\" \/>\n<meta property=\"og:image\" content=\"https:\/\/somo-sam.com\/wp-content\/uploads\/2025\/02\/COFFRE-A-POSER-19L-CODE-ELECTRONIQUE-ECRAN-LCD.png\" \/>\n\t<meta property=\"og:image:width\" content=\"1080\" \/>\n\t<meta property=\"og:image:height\" content=\"1080\" \/>\n\t<meta property=\"og:image:type\" content=\"image\/png\" \/>\n<meta name=\"twitter:card\" content=\"summary_large_image\" \/>\n<meta name=\"twitter:label1\" content=\"Dur\u00e9e de lecture estim\u00e9e\" \/>\n\t<meta name=\"twitter:data1\" content=\"1 minute\" \/>\n<script type=\"application\/ld+json\" class=\"yoast-schema-graph\">{\"@context\":\"https:\/\/schema.org\",\"@graph\":[{\"@type\":\"WebPage\",\"@id\":\"https:\/\/somo-sam.com\/?product=coffre-a-poser-19l-code-electronique-avec-ecran-lcd\",\"url\":\"https:\/\/somo-sam.com\/?product=coffre-a-poser-19l-code-electronique-avec-ecran-lcd\",\"name\":\"COFFRE \u00c0 POSER 19L - CODE \u00c9LECTRONIQUE AVEC \u00c9CRAN LCD - SOMO S.A.M\",\"isPartOf\":{\"@id\":\"http:\/\/somo-sam.com\/#website\"},\"primaryImageOfPage\":{\"@id\":\"https:\/\/somo-sam.com\/?product=coffre-a-poser-19l-code-electronique-avec-ecran-lcd#primaryimage\"},\"image\":{\"@id\":\"https:\/\/somo-sam.com\/?product=coffre-a-poser-19l-code-electronique-avec-ecran-lcd#primaryimage\"},\"thumbnailUrl\":\"https:\/\/somo-sam.com\/wp-content\/uploads\/2025\/02\/COFFRE-A-POSER-19L-CODE-ELECTRONIQUE-ECRAN-LCD.png\",\"datePublished\":\"2025-02-27T14:58:50+00:00\",\"dateModified\":\"2025-02-27T14:58:51+00:00\",\"description\":\"Code utilisateur \u00e0 4 chiffres6 codes passe-partout hi\u00e9rarchiquesBlocage automatique apr\u00e8s 3 codes erron\u00e9sOuverture m\u00e9canique d\u2019urgence avec cl\u00e9\",\"breadcrumb\":{\"@id\":\"https:\/\/somo-sam.com\/?product=coffre-a-poser-19l-code-electronique-avec-ecran-lcd#breadcrumb\"},\"inLanguage\":\"fr-FR\",\"potentialAction\":[{\"@type\":\"ReadAction\",\"target\":[\"https:\/\/somo-sam.com\/?product=coffre-a-poser-19l-code-electronique-avec-ecran-lcd\"]}]},{\"@type\":\"ImageObject\",\"inLanguage\":\"fr-FR\",\"@id\":\"https:\/\/somo-sam.com\/?product=coffre-a-poser-19l-code-electronique-avec-ecran-lcd#primaryimage\",\"url\":\"https:\/\/somo-sam.com\/wp-content\/uploads\/2025\/02\/COFFRE-A-POSER-19L-CODE-ELECTRONIQUE-ECRAN-LCD.png\",\"contentUrl\":\"https:\/\/somo-sam.com\/wp-content\/uploads\/2025\/02\/COFFRE-A-POSER-19L-CODE-ELECTRONIQUE-ECRAN-LCD.png\",\"width\":1080,\"height\":1080},{\"@type\":\"BreadcrumbList\",\"@id\":\"https:\/\/somo-sam.com\/?product=coffre-a-poser-19l-code-electronique-avec-ecran-lcd#breadcrumb\",\"itemListElement\":[{\"@type\":\"ListItem\",\"position\":1,\"name\":\"Accueil\",\"item\":\"http:\/\/somo-sam.com\/\"},{\"@type\":\"ListItem\",\"position\":2,\"name\":\"Shop\",\"item\":\"https:\/\/somo-sam.com\/?page_id=413\"},{\"@type\":\"ListItem\",\"position\":3,\"name\":\"COFFRE \u00c0 POSER 19L &#8211; CODE \u00c9LECTRONIQUE AVEC \u00c9CRAN LCD\"}]},{\"@type\":\"WebSite\",\"@id\":\"http:\/\/somo-sam.com\/#website\",\"url\":\"http:\/\/somo-sam.com\/\",\"name\":\"SOMO S.A.M\",\"description\":\"Votre partenaire en \u00e9quipements h\u00f4teliers et de restauration\",\"potentialAction\":[{\"@type\":\"SearchAction\",\"target\":{\"@type\":\"EntryPoint\",\"urlTemplate\":\"http:\/\/somo-sam.com\/?s={search_term_string}\"},\"query-input\":{\"@type\":\"PropertyValueSpecification\",\"valueRequired\":true,\"valueName\":\"search_term_string\"}}],\"inLanguage\":\"fr-FR\"}]}<\/script>\n<!-- \/ Yoast SEO plugin. -->","yoast_head_json":{"title":"COFFRE \u00c0 POSER 19L - CODE \u00c9LECTRONIQUE AVEC \u00c9CRAN LCD - SOMO S.A.M","description":"Code utilisateur \u00e0 4 chiffres6 codes passe-partout hi\u00e9rarchiquesBlocage automatique apr\u00e8s 3 codes erron\u00e9sOuverture m\u00e9canique d\u2019urgence avec cl\u00e9","robots":{"index":"index","follow":"follow","max-snippet":"max-snippet:-1","max-image-preview":"max-image-preview:large","max-video-preview":"max-video-preview:-1"},"canonical":"https:\/\/somo-sam.com\/?product=coffre-a-poser-19l-code-electronique-avec-ecran-lcd","og_locale":"fr_FR","og_type":"article","og_title":"COFFRE \u00c0 POSER 19L - CODE \u00c9LECTRONIQUE AVEC \u00c9CRAN LCD - SOMO S.A.M","og_description":"Code utilisateur \u00e0 4 chiffres6 codes passe-partout hi\u00e9rarchiquesBlocage automatique apr\u00e8s 3 codes erron\u00e9sOuverture m\u00e9canique d\u2019urgence avec cl\u00e9","og_url":"https:\/\/somo-sam.com\/?product=coffre-a-poser-19l-code-electronique-avec-ecran-lcd","og_site_name":"SOMO S.A.M","article_modified_time":"2025-02-27T14:58:51+00:00","og_image":[{"width":1080,"height":1080,"url":"https:\/\/somo-sam.com\/wp-content\/uploads\/2025\/02\/COFFRE-A-POSER-19L-CODE-ELECTRONIQUE-ECRAN-LCD.png","type":"image\/png"}],"twitter_card":"summary_large_image","twitter_misc":{"Dur\u00e9e de lecture estim\u00e9e":"1 minute"},"schema":{"@context":"https:\/\/schema.org","@graph":[{"@type":"WebPage","@id":"https:\/\/somo-sam.com\/?product=coffre-a-poser-19l-code-electronique-avec-ecran-lcd","url":"https:\/\/somo-sam.com\/?product=coffre-a-poser-19l-code-electronique-avec-ecran-lcd","name":"COFFRE \u00c0 POSER 19L - CODE \u00c9LECTRONIQUE AVEC \u00c9CRAN LCD - SOMO S.A.M","isPartOf":{"@id":"http:\/\/somo-sam.com\/#website"},"primaryImageOfPage":{"@id":"https:\/\/somo-sam.com\/?product=coffre-a-poser-19l-code-electronique-avec-ecran-lcd#primaryimage"},"image":{"@id":"https:\/\/somo-sam.com\/?product=coffre-a-poser-19l-code-electronique-avec-ecran-lcd#primaryimage"},"thumbnailUrl":"https:\/\/somo-sam.com\/wp-content\/uploads\/2025\/02\/COFFRE-A-POSER-19L-CODE-ELECTRONIQUE-ECRAN-LCD.png","datePublished":"2025-02-27T14:58:50+00:00","dateModified":"2025-02-27T14:58:51+00:00","description":"Code utilisateur \u00e0 4 chiffres6 codes passe-partout hi\u00e9rarchiquesBlocage automatique apr\u00e8s 3 codes erron\u00e9sOuverture m\u00e9canique d\u2019urgence avec cl\u00e9","breadcrumb":{"@id":"https:\/\/somo-sam.com\/?product=coffre-a-poser-19l-code-electronique-avec-ecran-lcd#breadcrumb"},"inLanguage":"fr-FR","potentialAction":[{"@type":"ReadAction","target":["https:\/\/somo-sam.com\/?product=coffre-a-poser-19l-code-electronique-avec-ecran-lcd"]}]},{"@type":"ImageObject","inLanguage":"fr-FR","@id":"https:\/\/somo-sam.com\/?product=coffre-a-poser-19l-code-electronique-avec-ecran-lcd#primaryimage","url":"https:\/\/somo-sam.com\/wp-content\/uploads\/2025\/02\/COFFRE-A-POSER-19L-CODE-ELECTRONIQUE-ECRAN-LCD.png","contentUrl":"https:\/\/somo-sam.com\/wp-content\/uploads\/2025\/02\/COFFRE-A-POSER-19L-CODE-ELECTRONIQUE-ECRAN-LCD.png","width":1080,"height":1080},{"@type":"BreadcrumbList","@id":"https:\/\/somo-sam.com\/?product=coffre-a-poser-19l-code-electronique-avec-ecran-lcd#breadcrumb","itemListElement":[{"@type":"ListItem","position":1,"name":"Accueil","item":"http:\/\/somo-sam.com\/"},{"@type":"ListItem","position":2,"name":"Shop","item":"https:\/\/somo-sam.com\/?page_id=413"},{"@type":"ListItem","position":3,"name":"COFFRE \u00c0 POSER 19L &#8211; CODE \u00c9LECTRONIQUE AVEC \u00c9CRAN LCD"}]},{"@type":"WebSite","@id":"http:\/\/somo-sam.com\/#website","url":"http:\/\/somo-sam.com\/","name":"SOMO S.A.M","description":"Votre partenaire en \u00e9quipements h\u00f4teliers et de restauration","potentialAction":[{"@type":"SearchAction","target":{"@type":"EntryPoint","urlTemplate":"http:\/\/somo-sam.com\/?s={search_term_string}"},"query-input":{"@type":"PropertyValueSpecification","valueRequired":true,"valueName":"search_term_string"}}],"inLanguage":"fr-FR"}]}},"_links":{"self":[{"href":"https:\/\/somo-sam.com\/index.php?rest_route=\/wp\/v2\/product\/29508","targetHints":{"allow":["GET"]}}],"collection":[{"href":"https:\/\/somo-sam.com\/index.php?rest_route=\/wp\/v2\/product"}],"about":[{"href":"https:\/\/somo-sam.com\/index.php?rest_route=\/wp\/v2\/types\/product"}],"version-history":[{"count":1,"href":"https:\/\/somo-sam.com\/index.php?rest_route=\/wp\/v2\/product\/29508\/revisions"}],"predecessor-version":[{"id":29511,"href":"https:\/\/somo-sam.com\/index.php?rest_route=\/wp\/v2\/product\/29508\/revisions\/29511"}],"wp:featuredmedia":[{"embeddable":true,"href":"https:\/\/somo-sam.com\/index.php?rest_route=\/wp\/v2\/media\/29509"}],"wp:attachment":[{"href":"https:\/\/somo-sam.com\/index.php?rest_route=%2Fwp%2Fv2%2Fmedia&parent=29508"}],"wp:term":[{"taxonomy":"product_brand","embeddable":true,"href":"https:\/\/somo-sam.com\/index.php?rest_route=%2Fwp%2Fv2%2Fproduct_brand&post=29508"},{"taxonomy":"product_cat","embeddable":true,"href":"https:\/\/somo-sam.com\/index.php?rest_route=%2Fwp%2Fv2%2Fproduct_cat&post=29508"},{"taxonomy":"product_tag","embeddable":true,"href":"https:\/\/somo-sam.com\/index.php?rest_route=%2Fwp%2Fv2%2Fproduct_tag&post=29508"}],"curies":[{"name":"wp","href":"https:\/\/api.w.org\/{rel}","templated":true}]}}