{"id":29580,"date":"2025-02-28T15:49:19","date_gmt":"2025-02-28T14:49:19","guid":{"rendered":"https:\/\/somo-sam.com\/?post_type=product&#038;p=29580"},"modified":"2025-02-28T15:49:20","modified_gmt":"2025-02-28T14:49:20","slug":"le-ferme-porte-de-la-serie-635","status":"publish","type":"product","link":"https:\/\/somo-sam.com\/?product=le-ferme-porte-de-la-serie-635","title":{"rendered":"Le ferme-porte de la s\u00e9rie 635"},"content":{"rendered":"<p data-pm-slice=\"1 1 []\">Le ferme-porte de la s\u00e9rie 635 est une solution fiable et performante pour assurer la fermeture automatique des portes. Con\u00e7u avec un corps en aluminium robuste, il garantit une grande durabilit\u00e9 et une r\u00e9sistance optimale aux usages intensifs. Adapt\u00e9 aux portes standard comme aux portes coupe-feu, il est certifi\u00e9 par des laboratoires notifi\u00e9s pour une utilisation en toute s\u00e9curit\u00e9.<\/p>\n","protected":false},"excerpt":{"rendered":"<p>Le ferme-porte de la s\u00e9rie 635 est une solution fiable et performante pour assurer la fermeture automatique des portes. Con\u00e7u<\/p>\n","protected":false},"featured_media":29584,"template":"","meta":{"_acf_changed":false,"_monsterinsights_skip_tracking":false,"_monsterinsights_sitenote_active":false,"_monsterinsights_sitenote_note":"","_monsterinsights_sitenote_category":0},"product_brand":[283],"product_cat":[257,258,256],"product_tag":[],"class_list":{"0":"post-29580","1":"product","2":"type-product","3":"status-publish","4":"has-post-thumbnail","6":"product_brand-assa-abloy","7":"product_cat-ferme-portes","8":"product_cat-ferme-portes-produit","9":"product_cat-technique-fermeture","11":"first","12":"instock","13":"taxable","14":"shipping-taxable","15":"purchasable","16":"product-type-variable","17":"add-to-wishlist-after_add_to_cart"},"acf":[],"yoast_head":"<!-- This site is optimized with the Yoast SEO plugin v23.6 - https:\/\/yoast.com\/wordpress\/plugins\/seo\/ -->\n<title>Le ferme-porte de la s\u00e9rie 635 - SOMO S.A.M<\/title>\n<meta name=\"description\" content=\"Con\u00e7u avec un corps en aluminium robuste, il garantit une grande durabilit\u00e9 et une r\u00e9sistance optimale aux usages intensifs. Adapt\u00e9 aux portes standard comme aux portes coupe-feu, il est certifi\u00e9 par des laboratoires notifi\u00e9s pour une utilisation en toute s\u00e9curit\u00e9.\" \/>\n<meta name=\"robots\" content=\"index, follow, max-snippet:-1, max-image-preview:large, max-video-preview:-1\" \/>\n<link rel=\"canonical\" href=\"http:\/\/somo-sam.com\/?product=le-ferme-porte-de-la-serie-635\" \/>\n<meta property=\"og:locale\" content=\"fr_FR\" \/>\n<meta property=\"og:type\" content=\"article\" \/>\n<meta property=\"og:title\" content=\"Le ferme-porte de la s\u00e9rie 635 - SOMO S.A.M\" \/>\n<meta property=\"og:description\" content=\"Con\u00e7u avec un corps en aluminium robuste, il garantit une grande durabilit\u00e9 et une r\u00e9sistance optimale aux usages intensifs. Adapt\u00e9 aux portes standard comme aux portes coupe-feu, il est certifi\u00e9 par des laboratoires notifi\u00e9s pour une utilisation en toute s\u00e9curit\u00e9.\" \/>\n<meta property=\"og:url\" content=\"http:\/\/somo-sam.com\/?product=le-ferme-porte-de-la-serie-635\" \/>\n<meta property=\"og:site_name\" content=\"SOMO S.A.M\" \/>\n<meta property=\"article:modified_time\" content=\"2025-02-28T14:49:20+00:00\" \/>\n<meta property=\"og:image\" content=\"http:\/\/somo-sam.com\/wp-content\/uploads\/2025\/02\/serie-635.png\" \/>\n\t<meta property=\"og:image:width\" content=\"1080\" \/>\n\t<meta property=\"og:image:height\" content=\"1080\" \/>\n\t<meta property=\"og:image:type\" content=\"image\/png\" \/>\n<meta name=\"twitter:card\" content=\"summary_large_image\" \/>\n<meta name=\"twitter:label1\" content=\"Dur\u00e9e de lecture estim\u00e9e\" \/>\n\t<meta name=\"twitter:data1\" content=\"1 minute\" \/>\n<script type=\"application\/ld+json\" class=\"yoast-schema-graph\">{\"@context\":\"https:\/\/schema.org\",\"@graph\":[{\"@type\":\"WebPage\",\"@id\":\"http:\/\/somo-sam.com\/?product=le-ferme-porte-de-la-serie-635\",\"url\":\"http:\/\/somo-sam.com\/?product=le-ferme-porte-de-la-serie-635\",\"name\":\"Le ferme-porte de la s\u00e9rie 635 - SOMO S.A.M\",\"isPartOf\":{\"@id\":\"https:\/\/somo-sam.com\/#website\"},\"primaryImageOfPage\":{\"@id\":\"http:\/\/somo-sam.com\/?product=le-ferme-porte-de-la-serie-635#primaryimage\"},\"image\":{\"@id\":\"http:\/\/somo-sam.com\/?product=le-ferme-porte-de-la-serie-635#primaryimage\"},\"thumbnailUrl\":\"https:\/\/somo-sam.com\/wp-content\/uploads\/2025\/02\/serie-635.png\",\"datePublished\":\"2025-02-28T14:49:19+00:00\",\"dateModified\":\"2025-02-28T14:49:20+00:00\",\"description\":\"Con\u00e7u avec un corps en aluminium robuste, il garantit une grande durabilit\u00e9 et une r\u00e9sistance optimale aux usages intensifs. Adapt\u00e9 aux portes standard comme aux portes coupe-feu, il est certifi\u00e9 par des laboratoires notifi\u00e9s pour une utilisation en toute s\u00e9curit\u00e9.\",\"breadcrumb\":{\"@id\":\"http:\/\/somo-sam.com\/?product=le-ferme-porte-de-la-serie-635#breadcrumb\"},\"inLanguage\":\"fr-FR\",\"potentialAction\":[{\"@type\":\"ReadAction\",\"target\":[\"http:\/\/somo-sam.com\/?product=le-ferme-porte-de-la-serie-635\"]}]},{\"@type\":\"ImageObject\",\"inLanguage\":\"fr-FR\",\"@id\":\"http:\/\/somo-sam.com\/?product=le-ferme-porte-de-la-serie-635#primaryimage\",\"url\":\"https:\/\/somo-sam.com\/wp-content\/uploads\/2025\/02\/serie-635.png\",\"contentUrl\":\"https:\/\/somo-sam.com\/wp-content\/uploads\/2025\/02\/serie-635.png\",\"width\":1080,\"height\":1080},{\"@type\":\"BreadcrumbList\",\"@id\":\"http:\/\/somo-sam.com\/?product=le-ferme-porte-de-la-serie-635#breadcrumb\",\"itemListElement\":[{\"@type\":\"ListItem\",\"position\":1,\"name\":\"Accueil\",\"item\":\"https:\/\/somo-sam.com\/\"},{\"@type\":\"ListItem\",\"position\":2,\"name\":\"Shop\",\"item\":\"https:\/\/somo-sam.com\/?page_id=413\"},{\"@type\":\"ListItem\",\"position\":3,\"name\":\"Le ferme-porte de la s\u00e9rie 635\"}]},{\"@type\":\"WebSite\",\"@id\":\"https:\/\/somo-sam.com\/#website\",\"url\":\"https:\/\/somo-sam.com\/\",\"name\":\"SOMO S.A.M\",\"description\":\"Votre partenaire en \u00e9quipements h\u00f4teliers et de restauration\",\"potentialAction\":[{\"@type\":\"SearchAction\",\"target\":{\"@type\":\"EntryPoint\",\"urlTemplate\":\"https:\/\/somo-sam.com\/?s={search_term_string}\"},\"query-input\":{\"@type\":\"PropertyValueSpecification\",\"valueRequired\":true,\"valueName\":\"search_term_string\"}}],\"inLanguage\":\"fr-FR\"}]}<\/script>\n<!-- \/ Yoast SEO plugin. -->","yoast_head_json":{"title":"Le ferme-porte de la s\u00e9rie 635 - SOMO S.A.M","description":"Con\u00e7u avec un corps en aluminium robuste, il garantit une grande durabilit\u00e9 et une r\u00e9sistance optimale aux usages intensifs. Adapt\u00e9 aux portes standard comme aux portes coupe-feu, il est certifi\u00e9 par des laboratoires notifi\u00e9s pour une utilisation en toute s\u00e9curit\u00e9.","robots":{"index":"index","follow":"follow","max-snippet":"max-snippet:-1","max-image-preview":"max-image-preview:large","max-video-preview":"max-video-preview:-1"},"canonical":"http:\/\/somo-sam.com\/?product=le-ferme-porte-de-la-serie-635","og_locale":"fr_FR","og_type":"article","og_title":"Le ferme-porte de la s\u00e9rie 635 - SOMO S.A.M","og_description":"Con\u00e7u avec un corps en aluminium robuste, il garantit une grande durabilit\u00e9 et une r\u00e9sistance optimale aux usages intensifs. Adapt\u00e9 aux portes standard comme aux portes coupe-feu, il est certifi\u00e9 par des laboratoires notifi\u00e9s pour une utilisation en toute s\u00e9curit\u00e9.","og_url":"http:\/\/somo-sam.com\/?product=le-ferme-porte-de-la-serie-635","og_site_name":"SOMO S.A.M","article_modified_time":"2025-02-28T14:49:20+00:00","og_image":[{"width":1080,"height":1080,"url":"http:\/\/somo-sam.com\/wp-content\/uploads\/2025\/02\/serie-635.png","type":"image\/png"}],"twitter_card":"summary_large_image","twitter_misc":{"Dur\u00e9e de lecture estim\u00e9e":"1 minute"},"schema":{"@context":"https:\/\/schema.org","@graph":[{"@type":"WebPage","@id":"http:\/\/somo-sam.com\/?product=le-ferme-porte-de-la-serie-635","url":"http:\/\/somo-sam.com\/?product=le-ferme-porte-de-la-serie-635","name":"Le ferme-porte de la s\u00e9rie 635 - SOMO S.A.M","isPartOf":{"@id":"https:\/\/somo-sam.com\/#website"},"primaryImageOfPage":{"@id":"http:\/\/somo-sam.com\/?product=le-ferme-porte-de-la-serie-635#primaryimage"},"image":{"@id":"http:\/\/somo-sam.com\/?product=le-ferme-porte-de-la-serie-635#primaryimage"},"thumbnailUrl":"https:\/\/somo-sam.com\/wp-content\/uploads\/2025\/02\/serie-635.png","datePublished":"2025-02-28T14:49:19+00:00","dateModified":"2025-02-28T14:49:20+00:00","description":"Con\u00e7u avec un corps en aluminium robuste, il garantit une grande durabilit\u00e9 et une r\u00e9sistance optimale aux usages intensifs. Adapt\u00e9 aux portes standard comme aux portes coupe-feu, il est certifi\u00e9 par des laboratoires notifi\u00e9s pour une utilisation en toute s\u00e9curit\u00e9.","breadcrumb":{"@id":"http:\/\/somo-sam.com\/?product=le-ferme-porte-de-la-serie-635#breadcrumb"},"inLanguage":"fr-FR","potentialAction":[{"@type":"ReadAction","target":["http:\/\/somo-sam.com\/?product=le-ferme-porte-de-la-serie-635"]}]},{"@type":"ImageObject","inLanguage":"fr-FR","@id":"http:\/\/somo-sam.com\/?product=le-ferme-porte-de-la-serie-635#primaryimage","url":"https:\/\/somo-sam.com\/wp-content\/uploads\/2025\/02\/serie-635.png","contentUrl":"https:\/\/somo-sam.com\/wp-content\/uploads\/2025\/02\/serie-635.png","width":1080,"height":1080},{"@type":"BreadcrumbList","@id":"http:\/\/somo-sam.com\/?product=le-ferme-porte-de-la-serie-635#breadcrumb","itemListElement":[{"@type":"ListItem","position":1,"name":"Accueil","item":"https:\/\/somo-sam.com\/"},{"@type":"ListItem","position":2,"name":"Shop","item":"https:\/\/somo-sam.com\/?page_id=413"},{"@type":"ListItem","position":3,"name":"Le ferme-porte de la s\u00e9rie 635"}]},{"@type":"WebSite","@id":"https:\/\/somo-sam.com\/#website","url":"https:\/\/somo-sam.com\/","name":"SOMO S.A.M","description":"Votre partenaire en \u00e9quipements h\u00f4teliers et de restauration","potentialAction":[{"@type":"SearchAction","target":{"@type":"EntryPoint","urlTemplate":"https:\/\/somo-sam.com\/?s={search_term_string}"},"query-input":{"@type":"PropertyValueSpecification","valueRequired":true,"valueName":"search_term_string"}}],"inLanguage":"fr-FR"}]}},"_links":{"self":[{"href":"https:\/\/somo-sam.com\/index.php?rest_route=\/wp\/v2\/product\/29580","targetHints":{"allow":["GET"]}}],"collection":[{"href":"https:\/\/somo-sam.com\/index.php?rest_route=\/wp\/v2\/product"}],"about":[{"href":"https:\/\/somo-sam.com\/index.php?rest_route=\/wp\/v2\/types\/product"}],"version-history":[{"count":1,"href":"https:\/\/somo-sam.com\/index.php?rest_route=\/wp\/v2\/product\/29580\/revisions"}],"predecessor-version":[{"id":29586,"href":"https:\/\/somo-sam.com\/index.php?rest_route=\/wp\/v2\/product\/29580\/revisions\/29586"}],"wp:featuredmedia":[{"embeddable":true,"href":"https:\/\/somo-sam.com\/index.php?rest_route=\/wp\/v2\/media\/29584"}],"wp:attachment":[{"href":"https:\/\/somo-sam.com\/index.php?rest_route=%2Fwp%2Fv2%2Fmedia&parent=29580"}],"wp:term":[{"taxonomy":"product_brand","embeddable":true,"href":"https:\/\/somo-sam.com\/index.php?rest_route=%2Fwp%2Fv2%2Fproduct_brand&post=29580"},{"taxonomy":"product_cat","embeddable":true,"href":"https:\/\/somo-sam.com\/index.php?rest_route=%2Fwp%2Fv2%2Fproduct_cat&post=29580"},{"taxonomy":"product_tag","embeddable":true,"href":"https:\/\/somo-sam.com\/index.php?rest_route=%2Fwp%2Fv2%2Fproduct_tag&post=29580"}],"curies":[{"name":"wp","href":"https:\/\/api.w.org\/{rel}","templated":true}]}}