{"id":29587,"date":"2025-02-28T16:04:50","date_gmt":"2025-02-28T15:04:50","guid":{"rendered":"https:\/\/somo-sam.com\/?post_type=product&#038;p=29587"},"modified":"2025-02-28T16:04:51","modified_gmt":"2025-02-28T15:04:51","slug":"ferme-porte-serie-2240","status":"publish","type":"product","link":"https:\/\/somo-sam.com\/?product=ferme-porte-serie-2240","title":{"rendered":"Ferme-porte s\u00e9rie 2240"},"content":{"rendered":"<ul>\n<li data-start=\"144\" data-end=\"174\">Corps en aluminium robuste<\/li>\n<li data-start=\"175\" data-end=\"228\">Disponible avec bras \u00e0 glissi\u00e8re ou bras \u00e0 compas<\/li>\n<li data-start=\"229\" data-end=\"402\"><strong data-start=\"231\" data-end=\"249\">Force r\u00e9glable<\/strong> :\n<ul data-start=\"256\" data-end=\"402\">\n<li data-start=\"256\" data-end=\"319\"><strong data-start=\"258\" data-end=\"275\">Bras \u00e0 compas<\/strong> (EN2-3-4-5-6) pour portes jusqu\u2019\u00e0 1400 mm<\/li>\n<li data-start=\"322\" data-end=\"402\"><strong data-start=\"324\" data-end=\"344\">Bras \u00e0 glissi\u00e8re<\/strong> (EN1-2-3-4) pour portes jusqu\u2019\u00e0 1100 mm (max. 2 300 kg)<\/li>\n<\/ul>\n<\/li>\n<li data-start=\"403\" data-end=\"517\"><strong data-start=\"405\" data-end=\"422\">Certification<\/strong> : Conforme aux exigences des laboratoires notifi\u00e9s pour une utilisation sur portes coupe-feu<\/li>\n<li data-start=\"518\" data-end=\"638\"><strong data-start=\"520\" data-end=\"551\">Double vitesse de fermeture<\/strong> (initiale et \u00e0-coup final), r\u00e9glables ind\u00e9pendamment via deux valves thermostatiques<\/li>\n<li data-start=\"639\" data-end=\"706\"><strong data-start=\"641\" data-end=\"665\">Protection anti-abus<\/strong> : \u00c9quip\u00e9 de deux valves de surpression<\/li>\n<li data-start=\"707\" data-end=\"781\"><strong data-start=\"709\" data-end=\"723\">Durabilit\u00e9<\/strong> : Test\u00e9 \u00e0 2 000 000 de cycles selon la norme ANSI 156.4<\/li>\n<li data-start=\"782\" data-end=\"913\"><strong data-start=\"784\" data-end=\"812\">Pr\u00e9cision d\u2019installation<\/strong> :\n<ul data-start=\"819\" data-end=\"913\">\n<li data-start=\"819\" data-end=\"856\">Bras r\u00e9glable en hauteur (+14 mm)<\/li>\n<li data-start=\"859\" data-end=\"913\">Frein \u00e0 l\u2019ouverture int\u00e9gr\u00e9, r\u00e9glable de 80 \u00e0 180\u00b0<\/li>\n<\/ul>\n<\/li>\n<li data-start=\"914\" data-end=\"976\"><strong data-start=\"916\" data-end=\"940\">R\u00e9sistance thermique<\/strong> : Fonctionne entre -35\u00b0C et +50\u00b0C<\/li>\n<li data-start=\"977\" data-end=\"1063\"><strong data-start=\"979\" data-end=\"1001\">Options de montage<\/strong> : Compatible avec montage gauche, droit, ouvrant ou dormant<\/li>\n<li data-start=\"1064\" data-end=\"1115\"><strong data-start=\"1066\" data-end=\"1091\">Finitions disponibles<\/strong> : Argent, Blanc, Noir<\/li>\n<\/ul>\n","protected":false},"excerpt":{"rendered":"<p>Corps en aluminium robuste Disponible avec bras \u00e0 glissi\u00e8re ou bras \u00e0 compas Force r\u00e9glable : Bras \u00e0 compas (EN2-3-4-5-6)<\/p>\n","protected":false},"featured_media":29591,"template":"","meta":{"_acf_changed":false,"_monsterinsights_skip_tracking":false,"_monsterinsights_sitenote_active":false,"_monsterinsights_sitenote_note":"","_monsterinsights_sitenote_category":0},"product_brand":[283],"product_cat":[257,258,256],"product_tag":[],"class_list":{"0":"post-29587","1":"product","2":"type-product","3":"status-publish","4":"has-post-thumbnail","6":"product_brand-assa-abloy","7":"product_cat-ferme-portes","8":"product_cat-ferme-portes-produit","9":"product_cat-technique-fermeture","11":"first","12":"instock","13":"taxable","14":"shipping-taxable","15":"purchasable","16":"product-type-variable","17":"add-to-wishlist-after_add_to_cart"},"acf":[],"yoast_head":"<!-- This site is optimized with the Yoast SEO plugin v23.6 - https:\/\/yoast.com\/wordpress\/plugins\/seo\/ -->\n<title>Ferme-porte s\u00e9rie 2240 - SOMO S.A.M<\/title>\n<meta name=\"robots\" content=\"index, follow, max-snippet:-1, max-image-preview:large, max-video-preview:-1\" \/>\n<link rel=\"canonical\" href=\"https:\/\/somo-sam.com\/?product=ferme-porte-serie-2240\" \/>\n<meta property=\"og:locale\" content=\"fr_FR\" \/>\n<meta property=\"og:type\" content=\"article\" \/>\n<meta property=\"og:title\" content=\"Ferme-porte s\u00e9rie 2240 - SOMO S.A.M\" \/>\n<meta property=\"og:description\" content=\"Corps en aluminium robuste Disponible avec bras \u00e0 glissi\u00e8re ou bras \u00e0 compas Force r\u00e9glable : Bras \u00e0 compas (EN2-3-4-5-6)\" \/>\n<meta property=\"og:url\" content=\"https:\/\/somo-sam.com\/?product=ferme-porte-serie-2240\" \/>\n<meta property=\"og:site_name\" content=\"SOMO S.A.M\" \/>\n<meta property=\"article:modified_time\" content=\"2025-02-28T15:04:51+00:00\" \/>\n<meta property=\"og:image\" content=\"https:\/\/somo-sam.com\/wp-content\/uploads\/2025\/02\/serie-2240.png\" \/>\n\t<meta property=\"og:image:width\" content=\"1080\" \/>\n\t<meta property=\"og:image:height\" content=\"1080\" \/>\n\t<meta property=\"og:image:type\" content=\"image\/png\" \/>\n<meta name=\"twitter:card\" content=\"summary_large_image\" \/>\n<meta name=\"twitter:label1\" content=\"Dur\u00e9e de lecture estim\u00e9e\" \/>\n\t<meta name=\"twitter:data1\" content=\"1 minute\" \/>\n<script type=\"application\/ld+json\" class=\"yoast-schema-graph\">{\"@context\":\"https:\/\/schema.org\",\"@graph\":[{\"@type\":\"WebPage\",\"@id\":\"https:\/\/somo-sam.com\/?product=ferme-porte-serie-2240\",\"url\":\"https:\/\/somo-sam.com\/?product=ferme-porte-serie-2240\",\"name\":\"Ferme-porte s\u00e9rie 2240 - SOMO S.A.M\",\"isPartOf\":{\"@id\":\"http:\/\/somo-sam.com\/#website\"},\"primaryImageOfPage\":{\"@id\":\"https:\/\/somo-sam.com\/?product=ferme-porte-serie-2240#primaryimage\"},\"image\":{\"@id\":\"https:\/\/somo-sam.com\/?product=ferme-porte-serie-2240#primaryimage\"},\"thumbnailUrl\":\"https:\/\/somo-sam.com\/wp-content\/uploads\/2025\/02\/serie-2240.png\",\"datePublished\":\"2025-02-28T15:04:50+00:00\",\"dateModified\":\"2025-02-28T15:04:51+00:00\",\"breadcrumb\":{\"@id\":\"https:\/\/somo-sam.com\/?product=ferme-porte-serie-2240#breadcrumb\"},\"inLanguage\":\"fr-FR\",\"potentialAction\":[{\"@type\":\"ReadAction\",\"target\":[\"https:\/\/somo-sam.com\/?product=ferme-porte-serie-2240\"]}]},{\"@type\":\"ImageObject\",\"inLanguage\":\"fr-FR\",\"@id\":\"https:\/\/somo-sam.com\/?product=ferme-porte-serie-2240#primaryimage\",\"url\":\"https:\/\/somo-sam.com\/wp-content\/uploads\/2025\/02\/serie-2240.png\",\"contentUrl\":\"https:\/\/somo-sam.com\/wp-content\/uploads\/2025\/02\/serie-2240.png\",\"width\":1080,\"height\":1080},{\"@type\":\"BreadcrumbList\",\"@id\":\"https:\/\/somo-sam.com\/?product=ferme-porte-serie-2240#breadcrumb\",\"itemListElement\":[{\"@type\":\"ListItem\",\"position\":1,\"name\":\"Accueil\",\"item\":\"http:\/\/somo-sam.com\/\"},{\"@type\":\"ListItem\",\"position\":2,\"name\":\"Shop\",\"item\":\"https:\/\/somo-sam.com\/?page_id=413\"},{\"@type\":\"ListItem\",\"position\":3,\"name\":\"Ferme-porte s\u00e9rie 2240\"}]},{\"@type\":\"WebSite\",\"@id\":\"http:\/\/somo-sam.com\/#website\",\"url\":\"http:\/\/somo-sam.com\/\",\"name\":\"SOMO S.A.M\",\"description\":\"Votre partenaire en \u00e9quipements h\u00f4teliers et de restauration\",\"potentialAction\":[{\"@type\":\"SearchAction\",\"target\":{\"@type\":\"EntryPoint\",\"urlTemplate\":\"http:\/\/somo-sam.com\/?s={search_term_string}\"},\"query-input\":{\"@type\":\"PropertyValueSpecification\",\"valueRequired\":true,\"valueName\":\"search_term_string\"}}],\"inLanguage\":\"fr-FR\"}]}<\/script>\n<!-- \/ Yoast SEO plugin. -->","yoast_head_json":{"title":"Ferme-porte s\u00e9rie 2240 - SOMO S.A.M","robots":{"index":"index","follow":"follow","max-snippet":"max-snippet:-1","max-image-preview":"max-image-preview:large","max-video-preview":"max-video-preview:-1"},"canonical":"https:\/\/somo-sam.com\/?product=ferme-porte-serie-2240","og_locale":"fr_FR","og_type":"article","og_title":"Ferme-porte s\u00e9rie 2240 - SOMO S.A.M","og_description":"Corps en aluminium robuste Disponible avec bras \u00e0 glissi\u00e8re ou bras \u00e0 compas Force r\u00e9glable : Bras \u00e0 compas (EN2-3-4-5-6)","og_url":"https:\/\/somo-sam.com\/?product=ferme-porte-serie-2240","og_site_name":"SOMO S.A.M","article_modified_time":"2025-02-28T15:04:51+00:00","og_image":[{"width":1080,"height":1080,"url":"https:\/\/somo-sam.com\/wp-content\/uploads\/2025\/02\/serie-2240.png","type":"image\/png"}],"twitter_card":"summary_large_image","twitter_misc":{"Dur\u00e9e de lecture estim\u00e9e":"1 minute"},"schema":{"@context":"https:\/\/schema.org","@graph":[{"@type":"WebPage","@id":"https:\/\/somo-sam.com\/?product=ferme-porte-serie-2240","url":"https:\/\/somo-sam.com\/?product=ferme-porte-serie-2240","name":"Ferme-porte s\u00e9rie 2240 - SOMO S.A.M","isPartOf":{"@id":"http:\/\/somo-sam.com\/#website"},"primaryImageOfPage":{"@id":"https:\/\/somo-sam.com\/?product=ferme-porte-serie-2240#primaryimage"},"image":{"@id":"https:\/\/somo-sam.com\/?product=ferme-porte-serie-2240#primaryimage"},"thumbnailUrl":"https:\/\/somo-sam.com\/wp-content\/uploads\/2025\/02\/serie-2240.png","datePublished":"2025-02-28T15:04:50+00:00","dateModified":"2025-02-28T15:04:51+00:00","breadcrumb":{"@id":"https:\/\/somo-sam.com\/?product=ferme-porte-serie-2240#breadcrumb"},"inLanguage":"fr-FR","potentialAction":[{"@type":"ReadAction","target":["https:\/\/somo-sam.com\/?product=ferme-porte-serie-2240"]}]},{"@type":"ImageObject","inLanguage":"fr-FR","@id":"https:\/\/somo-sam.com\/?product=ferme-porte-serie-2240#primaryimage","url":"https:\/\/somo-sam.com\/wp-content\/uploads\/2025\/02\/serie-2240.png","contentUrl":"https:\/\/somo-sam.com\/wp-content\/uploads\/2025\/02\/serie-2240.png","width":1080,"height":1080},{"@type":"BreadcrumbList","@id":"https:\/\/somo-sam.com\/?product=ferme-porte-serie-2240#breadcrumb","itemListElement":[{"@type":"ListItem","position":1,"name":"Accueil","item":"http:\/\/somo-sam.com\/"},{"@type":"ListItem","position":2,"name":"Shop","item":"https:\/\/somo-sam.com\/?page_id=413"},{"@type":"ListItem","position":3,"name":"Ferme-porte s\u00e9rie 2240"}]},{"@type":"WebSite","@id":"http:\/\/somo-sam.com\/#website","url":"http:\/\/somo-sam.com\/","name":"SOMO S.A.M","description":"Votre partenaire en \u00e9quipements h\u00f4teliers et de restauration","potentialAction":[{"@type":"SearchAction","target":{"@type":"EntryPoint","urlTemplate":"http:\/\/somo-sam.com\/?s={search_term_string}"},"query-input":{"@type":"PropertyValueSpecification","valueRequired":true,"valueName":"search_term_string"}}],"inLanguage":"fr-FR"}]}},"_links":{"self":[{"href":"https:\/\/somo-sam.com\/index.php?rest_route=\/wp\/v2\/product\/29587","targetHints":{"allow":["GET"]}}],"collection":[{"href":"https:\/\/somo-sam.com\/index.php?rest_route=\/wp\/v2\/product"}],"about":[{"href":"https:\/\/somo-sam.com\/index.php?rest_route=\/wp\/v2\/types\/product"}],"version-history":[{"count":1,"href":"https:\/\/somo-sam.com\/index.php?rest_route=\/wp\/v2\/product\/29587\/revisions"}],"predecessor-version":[{"id":29599,"href":"https:\/\/somo-sam.com\/index.php?rest_route=\/wp\/v2\/product\/29587\/revisions\/29599"}],"wp:featuredmedia":[{"embeddable":true,"href":"https:\/\/somo-sam.com\/index.php?rest_route=\/wp\/v2\/media\/29591"}],"wp:attachment":[{"href":"https:\/\/somo-sam.com\/index.php?rest_route=%2Fwp%2Fv2%2Fmedia&parent=29587"}],"wp:term":[{"taxonomy":"product_brand","embeddable":true,"href":"https:\/\/somo-sam.com\/index.php?rest_route=%2Fwp%2Fv2%2Fproduct_brand&post=29587"},{"taxonomy":"product_cat","embeddable":true,"href":"https:\/\/somo-sam.com\/index.php?rest_route=%2Fwp%2Fv2%2Fproduct_cat&post=29587"},{"taxonomy":"product_tag","embeddable":true,"href":"https:\/\/somo-sam.com\/index.php?rest_route=%2Fwp%2Fv2%2Fproduct_tag&post=29587"}],"curies":[{"name":"wp","href":"https:\/\/api.w.org\/{rel}","templated":true}]}}