{"id":29674,"date":"2025-03-03T18:23:09","date_gmt":"2025-03-03T17:23:09","guid":{"rendered":"https:\/\/somo-sam.com\/?post_type=product&#038;p=29674"},"modified":"2025-03-03T18:23:09","modified_gmt":"2025-03-03T17:23:09","slug":"pivot-linteau-serie-dc6113","status":"publish","type":"product","link":"https:\/\/somo-sam.com\/?product=pivot-linteau-serie-dc6113","title":{"rendered":"PIVOT LINTEAU S\u00e9rie DC6113"},"content":{"rendered":"<p data-start=\"0\" data-end=\"358\">Le DC6113, un ferme-porte transomique ultra-compact, offre une solution id\u00e9ale pour concilier s\u00e9curit\u00e9, s\u00fbret\u00e9 et accessibilit\u00e9. Il r\u00e9pond au d\u00e9fi de garantir un acc\u00e8s facile pour tous, en particulier pour une population vieillissante et les personnes en situation de handicap, tout en maintenant la s\u00e9curit\u00e9 et en respectant les normes de s\u00e9curit\u00e9 incendie.<\/p>\n<p data-start=\"360\" data-end=\"718\">Le DC6113 respecte les derni\u00e8res normes, y compris la norme BS 8300-2:2018, le Document M approuv\u00e9 et la loi sur l&#8217;\u00e9galit\u00e9, ce qui en fait un choix parfait pour les architectes et les prescripteurs. Il est unique sur le march\u00e9 \u00e0 r\u00e9pondre \u00e0 la fois \u00e0 la norme BS 8300-2:2018 et au Document M \u00e0 la taille de puissance EN 3, id\u00e9ale pour les portes plus lourdes.<\/p>\n<p data-start=\"720\" data-end=\"1224\">Certifi\u00e9 CE, test\u00e9 selon les normes BS EN 1154 et BS EN 1634-1, il est \u00e9galement adapt\u00e9 \u00e0 la protection contre les incendies et la fum\u00e9e pour les portes en bois jusqu&#8217;\u00e0 60 minutes. Le ferme-porte est \u00e9quip\u00e9 de la technologie Cam-Motion\u00ae efficace, d\u2019un profil mince et de vannes thermodynamiques assurant une performance constante quelles que soient les temp\u00e9ratures. Facile \u00e0 installer et \u00e0 retrofiter, il propose des tailles de broche flexibles et des vitesses de fermeture et de verrouillage r\u00e9glables.<\/p>\n<p data-start=\"1226\" data-end=\"1492\" data-is-last-node=\"\" data-is-only-node=\"\">Eryl Jones, Directeur g\u00e9n\u00e9ral du groupe ASSA ABLOY Door Hardware, souligne que le DC6113 est une solution de premier choix pour garantir des environnements s\u00fbrs et inclusifs, en en faisant le meilleur choix pour respecter les normes r\u00e9centes et les bonnes pratiques.<\/p>\n","protected":false},"excerpt":{"rendered":"<p>Le DC6113, un ferme-porte transomique ultra-compact, offre une solution id\u00e9ale pour concilier s\u00e9curit\u00e9, s\u00fbret\u00e9 et accessibilit\u00e9. Il r\u00e9pond au d\u00e9fi<\/p>\n","protected":false},"featured_media":29675,"template":"","meta":{"_acf_changed":false,"_monsterinsights_skip_tracking":false,"_monsterinsights_sitenote_active":false,"_monsterinsights_sitenote_note":"","_monsterinsights_sitenote_category":0},"product_brand":[283],"product_cat":[257,259,256],"product_tag":[],"class_list":{"0":"post-29674","1":"product","2":"type-product","3":"status-publish","4":"has-post-thumbnail","6":"product_brand-assa-abloy","7":"product_cat-ferme-portes","8":"product_cat-pivots-linteau-et-accessoires","9":"product_cat-technique-fermeture","11":"first","12":"instock","13":"taxable","14":"shipping-taxable","15":"purchasable","16":"product-type-variable","17":"add-to-wishlist-after_add_to_cart"},"acf":[],"yoast_head":"<!-- This site is optimized with the Yoast SEO plugin v23.6 - https:\/\/yoast.com\/wordpress\/plugins\/seo\/ -->\n<title>PIVOT LINTEAU S\u00e9rie DC6113 - SOMO S.A.M<\/title>\n<meta name=\"description\" content=\"D\u00e9couvrez le ferme-porte transomique DC6113, une solution innovante alliant s\u00e9curit\u00e9, accessibilit\u00e9 et conformit\u00e9 aux normes. Id\u00e9al pour les b\u00e2timents publics, commerciaux et r\u00e9sidentiels\" \/>\n<meta name=\"robots\" content=\"index, follow, max-snippet:-1, max-image-preview:large, max-video-preview:-1\" \/>\n<link rel=\"canonical\" href=\"http:\/\/somo-sam.com\/?product=pivot-linteau-serie-dc6113\" \/>\n<meta property=\"og:locale\" content=\"fr_FR\" \/>\n<meta property=\"og:type\" content=\"article\" \/>\n<meta property=\"og:title\" content=\"PIVOT LINTEAU S\u00e9rie DC6113 - SOMO S.A.M\" \/>\n<meta property=\"og:description\" content=\"D\u00e9couvrez le ferme-porte transomique DC6113, une solution innovante alliant s\u00e9curit\u00e9, accessibilit\u00e9 et conformit\u00e9 aux normes. Id\u00e9al pour les b\u00e2timents publics, commerciaux et r\u00e9sidentiels\" \/>\n<meta property=\"og:url\" content=\"http:\/\/somo-sam.com\/?product=pivot-linteau-serie-dc6113\" \/>\n<meta property=\"og:site_name\" content=\"SOMO S.A.M\" \/>\n<meta property=\"og:image\" content=\"http:\/\/somo-sam.com\/wp-content\/uploads\/2025\/03\/PIVOT-LINTEAU.png\" \/>\n\t<meta property=\"og:image:width\" content=\"1080\" \/>\n\t<meta property=\"og:image:height\" content=\"1080\" \/>\n\t<meta property=\"og:image:type\" content=\"image\/png\" \/>\n<meta name=\"twitter:card\" content=\"summary_large_image\" \/>\n<meta name=\"twitter:label1\" content=\"Dur\u00e9e de lecture estim\u00e9e\" \/>\n\t<meta name=\"twitter:data1\" content=\"2 minutes\" \/>\n<script type=\"application\/ld+json\" class=\"yoast-schema-graph\">{\"@context\":\"https:\/\/schema.org\",\"@graph\":[{\"@type\":\"WebPage\",\"@id\":\"http:\/\/somo-sam.com\/?product=pivot-linteau-serie-dc6113\",\"url\":\"http:\/\/somo-sam.com\/?product=pivot-linteau-serie-dc6113\",\"name\":\"PIVOT LINTEAU S\u00e9rie DC6113 - SOMO S.A.M\",\"isPartOf\":{\"@id\":\"https:\/\/somo-sam.com\/#website\"},\"primaryImageOfPage\":{\"@id\":\"http:\/\/somo-sam.com\/?product=pivot-linteau-serie-dc6113#primaryimage\"},\"image\":{\"@id\":\"http:\/\/somo-sam.com\/?product=pivot-linteau-serie-dc6113#primaryimage\"},\"thumbnailUrl\":\"https:\/\/somo-sam.com\/wp-content\/uploads\/2025\/03\/PIVOT-LINTEAU.png\",\"datePublished\":\"2025-03-03T17:23:09+00:00\",\"dateModified\":\"2025-03-03T17:23:09+00:00\",\"description\":\"D\u00e9couvrez le ferme-porte transomique DC6113, une solution innovante alliant s\u00e9curit\u00e9, accessibilit\u00e9 et conformit\u00e9 aux normes. Id\u00e9al pour les b\u00e2timents publics, commerciaux et r\u00e9sidentiels\",\"breadcrumb\":{\"@id\":\"http:\/\/somo-sam.com\/?product=pivot-linteau-serie-dc6113#breadcrumb\"},\"inLanguage\":\"fr-FR\",\"potentialAction\":[{\"@type\":\"ReadAction\",\"target\":[\"http:\/\/somo-sam.com\/?product=pivot-linteau-serie-dc6113\"]}]},{\"@type\":\"ImageObject\",\"inLanguage\":\"fr-FR\",\"@id\":\"http:\/\/somo-sam.com\/?product=pivot-linteau-serie-dc6113#primaryimage\",\"url\":\"https:\/\/somo-sam.com\/wp-content\/uploads\/2025\/03\/PIVOT-LINTEAU.png\",\"contentUrl\":\"https:\/\/somo-sam.com\/wp-content\/uploads\/2025\/03\/PIVOT-LINTEAU.png\",\"width\":1080,\"height\":1080},{\"@type\":\"BreadcrumbList\",\"@id\":\"http:\/\/somo-sam.com\/?product=pivot-linteau-serie-dc6113#breadcrumb\",\"itemListElement\":[{\"@type\":\"ListItem\",\"position\":1,\"name\":\"Accueil\",\"item\":\"https:\/\/somo-sam.com\/\"},{\"@type\":\"ListItem\",\"position\":2,\"name\":\"Shop\",\"item\":\"https:\/\/somo-sam.com\/?page_id=413\"},{\"@type\":\"ListItem\",\"position\":3,\"name\":\"PIVOT LINTEAU S\u00e9rie DC6113\"}]},{\"@type\":\"WebSite\",\"@id\":\"https:\/\/somo-sam.com\/#website\",\"url\":\"https:\/\/somo-sam.com\/\",\"name\":\"SOMO S.A.M\",\"description\":\"Votre partenaire en \u00e9quipements h\u00f4teliers et de restauration\",\"potentialAction\":[{\"@type\":\"SearchAction\",\"target\":{\"@type\":\"EntryPoint\",\"urlTemplate\":\"https:\/\/somo-sam.com\/?s={search_term_string}\"},\"query-input\":{\"@type\":\"PropertyValueSpecification\",\"valueRequired\":true,\"valueName\":\"search_term_string\"}}],\"inLanguage\":\"fr-FR\"}]}<\/script>\n<!-- \/ Yoast SEO plugin. -->","yoast_head_json":{"title":"PIVOT LINTEAU S\u00e9rie DC6113 - SOMO S.A.M","description":"D\u00e9couvrez le ferme-porte transomique DC6113, une solution innovante alliant s\u00e9curit\u00e9, accessibilit\u00e9 et conformit\u00e9 aux normes. Id\u00e9al pour les b\u00e2timents publics, commerciaux et r\u00e9sidentiels","robots":{"index":"index","follow":"follow","max-snippet":"max-snippet:-1","max-image-preview":"max-image-preview:large","max-video-preview":"max-video-preview:-1"},"canonical":"http:\/\/somo-sam.com\/?product=pivot-linteau-serie-dc6113","og_locale":"fr_FR","og_type":"article","og_title":"PIVOT LINTEAU S\u00e9rie DC6113 - SOMO S.A.M","og_description":"D\u00e9couvrez le ferme-porte transomique DC6113, une solution innovante alliant s\u00e9curit\u00e9, accessibilit\u00e9 et conformit\u00e9 aux normes. Id\u00e9al pour les b\u00e2timents publics, commerciaux et r\u00e9sidentiels","og_url":"http:\/\/somo-sam.com\/?product=pivot-linteau-serie-dc6113","og_site_name":"SOMO S.A.M","og_image":[{"width":1080,"height":1080,"url":"http:\/\/somo-sam.com\/wp-content\/uploads\/2025\/03\/PIVOT-LINTEAU.png","type":"image\/png"}],"twitter_card":"summary_large_image","twitter_misc":{"Dur\u00e9e de lecture estim\u00e9e":"2 minutes"},"schema":{"@context":"https:\/\/schema.org","@graph":[{"@type":"WebPage","@id":"http:\/\/somo-sam.com\/?product=pivot-linteau-serie-dc6113","url":"http:\/\/somo-sam.com\/?product=pivot-linteau-serie-dc6113","name":"PIVOT LINTEAU S\u00e9rie DC6113 - SOMO S.A.M","isPartOf":{"@id":"https:\/\/somo-sam.com\/#website"},"primaryImageOfPage":{"@id":"http:\/\/somo-sam.com\/?product=pivot-linteau-serie-dc6113#primaryimage"},"image":{"@id":"http:\/\/somo-sam.com\/?product=pivot-linteau-serie-dc6113#primaryimage"},"thumbnailUrl":"https:\/\/somo-sam.com\/wp-content\/uploads\/2025\/03\/PIVOT-LINTEAU.png","datePublished":"2025-03-03T17:23:09+00:00","dateModified":"2025-03-03T17:23:09+00:00","description":"D\u00e9couvrez le ferme-porte transomique DC6113, une solution innovante alliant s\u00e9curit\u00e9, accessibilit\u00e9 et conformit\u00e9 aux normes. Id\u00e9al pour les b\u00e2timents publics, commerciaux et r\u00e9sidentiels","breadcrumb":{"@id":"http:\/\/somo-sam.com\/?product=pivot-linteau-serie-dc6113#breadcrumb"},"inLanguage":"fr-FR","potentialAction":[{"@type":"ReadAction","target":["http:\/\/somo-sam.com\/?product=pivot-linteau-serie-dc6113"]}]},{"@type":"ImageObject","inLanguage":"fr-FR","@id":"http:\/\/somo-sam.com\/?product=pivot-linteau-serie-dc6113#primaryimage","url":"https:\/\/somo-sam.com\/wp-content\/uploads\/2025\/03\/PIVOT-LINTEAU.png","contentUrl":"https:\/\/somo-sam.com\/wp-content\/uploads\/2025\/03\/PIVOT-LINTEAU.png","width":1080,"height":1080},{"@type":"BreadcrumbList","@id":"http:\/\/somo-sam.com\/?product=pivot-linteau-serie-dc6113#breadcrumb","itemListElement":[{"@type":"ListItem","position":1,"name":"Accueil","item":"https:\/\/somo-sam.com\/"},{"@type":"ListItem","position":2,"name":"Shop","item":"https:\/\/somo-sam.com\/?page_id=413"},{"@type":"ListItem","position":3,"name":"PIVOT LINTEAU S\u00e9rie DC6113"}]},{"@type":"WebSite","@id":"https:\/\/somo-sam.com\/#website","url":"https:\/\/somo-sam.com\/","name":"SOMO S.A.M","description":"Votre partenaire en \u00e9quipements h\u00f4teliers et de restauration","potentialAction":[{"@type":"SearchAction","target":{"@type":"EntryPoint","urlTemplate":"https:\/\/somo-sam.com\/?s={search_term_string}"},"query-input":{"@type":"PropertyValueSpecification","valueRequired":true,"valueName":"search_term_string"}}],"inLanguage":"fr-FR"}]}},"_links":{"self":[{"href":"https:\/\/somo-sam.com\/index.php?rest_route=\/wp\/v2\/product\/29674","targetHints":{"allow":["GET"]}}],"collection":[{"href":"https:\/\/somo-sam.com\/index.php?rest_route=\/wp\/v2\/product"}],"about":[{"href":"https:\/\/somo-sam.com\/index.php?rest_route=\/wp\/v2\/types\/product"}],"version-history":[{"count":1,"href":"https:\/\/somo-sam.com\/index.php?rest_route=\/wp\/v2\/product\/29674\/revisions"}],"predecessor-version":[{"id":29689,"href":"https:\/\/somo-sam.com\/index.php?rest_route=\/wp\/v2\/product\/29674\/revisions\/29689"}],"wp:featuredmedia":[{"embeddable":true,"href":"https:\/\/somo-sam.com\/index.php?rest_route=\/wp\/v2\/media\/29675"}],"wp:attachment":[{"href":"https:\/\/somo-sam.com\/index.php?rest_route=%2Fwp%2Fv2%2Fmedia&parent=29674"}],"wp:term":[{"taxonomy":"product_brand","embeddable":true,"href":"https:\/\/somo-sam.com\/index.php?rest_route=%2Fwp%2Fv2%2Fproduct_brand&post=29674"},{"taxonomy":"product_cat","embeddable":true,"href":"https:\/\/somo-sam.com\/index.php?rest_route=%2Fwp%2Fv2%2Fproduct_cat&post=29674"},{"taxonomy":"product_tag","embeddable":true,"href":"https:\/\/somo-sam.com\/index.php?rest_route=%2Fwp%2Fv2%2Fproduct_tag&post=29674"}],"curies":[{"name":"wp","href":"https:\/\/api.w.org\/{rel}","templated":true}]}}