{"id":29714,"date":"2025-03-04T13:21:54","date_gmt":"2025-03-04T12:21:54","guid":{"rendered":"https:\/\/somo-sam.com\/?post_type=product&#038;p=29714"},"modified":"2025-03-04T13:21:54","modified_gmt":"2025-03-04T12:21:54","slug":"ferme-portillons-avec-bras-a-glissiere-dc630","status":"publish","type":"product","link":"https:\/\/somo-sam.com\/?product=ferme-portillons-avec-bras-a-glissiere-dc630","title":{"rendered":"FERME-PORTILLONS AVEC BRAS A GLISSIERE DC630"},"content":{"rendered":"<p><strong>Caract\u00e9ristiques:<\/strong><\/p>\n<ul>\n<li>Compatible avec la plupart des barri\u00e8res pi\u00e9tonnes et de s\u00e9curit\u00e9<\/li>\n<li>Peut \u00eatre install\u00e9 de n&#8217;importe quel c\u00f4t\u00e9 du portail, derri\u00e8re la colonne<\/li>\n<li>\u00c9quip\u00e9 de la technologie CAM-Motion<\/li>\n<li>Design minimaliste et mince, mont\u00e9 verticalement derri\u00e8re la porte reste invisible<\/li>\n<li>Couvercle et rev\u00eatement de vis hautement r\u00e9sistants \u00e0 la corrosion<\/li>\n<li>R\u00e9sistance aux hautes temp\u00e9ratures (-30\u00b0C + 50\u00b0C)<\/li>\n<li>Vannes de vitesse de fermeture et de fermeture ind\u00e9pendantes<\/li>\n<li><strong>Finitions: Argent &#8211; Noir mat (RAL9004)<\/strong><\/li>\n<li>Largeur de portail jusqu&#8217;\u00e0 1300 mm\u00a0et poids 150 kg<\/li>\n<li>Avec pr\u00e9contrainte r\u00e9glable<\/li>\n<li><strong>Sens d&#8217;ouverture du portail : Gauche\/Droite<\/strong><\/li>\n<li>Vitesse de fermeture : Variable entre 130\u00b0 et 20\u00b0<\/li>\n<li>Vitesse de course finale : Variable entre 20\u00b0 et 0\u00b0<\/li>\n<li>Poids 2,7 kg<\/li>\n<li>Hauteur 64 mm<\/li>\n<li>Profondeur 58mm<\/li>\n<li>Longueur 272mm<\/li>\n<\/ul>\n","protected":false},"excerpt":{"rendered":"<h2>FERME-PORTILLONS AVEC BRAS A GLISSIERE DC630<\/h2>\n","protected":false},"featured_media":29719,"template":"","meta":{"_acf_changed":false,"_monsterinsights_skip_tracking":false,"_monsterinsights_sitenote_active":false,"_monsterinsights_sitenote_note":"","_monsterinsights_sitenote_category":0},"product_brand":[283],"product_cat":[45,256],"product_tag":[],"class_list":{"0":"post-29714","1":"product","2":"type-product","3":"status-publish","4":"has-post-thumbnail","6":"product_brand-assa-abloy","7":"product_cat-ferme-portillons","8":"product_cat-technique-fermeture","10":"first","11":"instock","12":"taxable","13":"shipping-taxable","14":"purchasable","15":"product-type-variable","16":"add-to-wishlist-after_add_to_cart"},"acf":[],"yoast_head":"<!-- This site is optimized with the Yoast SEO plugin v23.6 - https:\/\/yoast.com\/wordpress\/plugins\/seo\/ -->\n<title>FERME-PORTILLONS AVEC BRAS A GLISSIERE DC630 - SOMO S.A.M<\/title>\n<meta name=\"description\" content=\"Compatible avec la plupart des barri\u00e8res pi\u00e9tonnes et de s\u00e9curit\u00e9Peut \u00eatre install\u00e9 de n&#039;importe quel c\u00f4t\u00e9 du portail, derri\u00e8re la colonne\u00c9quip\u00e9 de la technologie CAM-Motion\" \/>\n<meta name=\"robots\" content=\"index, follow, max-snippet:-1, max-image-preview:large, max-video-preview:-1\" \/>\n<link rel=\"canonical\" href=\"https:\/\/somo-sam.com\/?product=ferme-portillons-avec-bras-a-glissiere-dc630\" \/>\n<meta property=\"og:locale\" content=\"fr_FR\" \/>\n<meta property=\"og:type\" content=\"article\" \/>\n<meta property=\"og:title\" content=\"FERME-PORTILLONS AVEC BRAS A GLISSIERE DC630 - SOMO S.A.M\" \/>\n<meta property=\"og:description\" content=\"Compatible avec la plupart des barri\u00e8res pi\u00e9tonnes et de s\u00e9curit\u00e9Peut \u00eatre install\u00e9 de n&#039;importe quel c\u00f4t\u00e9 du portail, derri\u00e8re la colonne\u00c9quip\u00e9 de la technologie CAM-Motion\" \/>\n<meta property=\"og:url\" content=\"https:\/\/somo-sam.com\/?product=ferme-portillons-avec-bras-a-glissiere-dc630\" \/>\n<meta property=\"og:site_name\" content=\"SOMO S.A.M\" \/>\n<meta property=\"og:image\" content=\"https:\/\/somo-sam.com\/wp-content\/uploads\/2025\/03\/FERME-PORTILLONS-AVEC-BRAS-A-GLISSIERE.png\" \/>\n\t<meta property=\"og:image:width\" content=\"1080\" \/>\n\t<meta property=\"og:image:height\" content=\"1080\" \/>\n\t<meta property=\"og:image:type\" content=\"image\/png\" \/>\n<meta name=\"twitter:card\" content=\"summary_large_image\" \/>\n<meta name=\"twitter:label1\" content=\"Dur\u00e9e de lecture estim\u00e9e\" \/>\n\t<meta name=\"twitter:data1\" content=\"1 minute\" \/>\n<script type=\"application\/ld+json\" class=\"yoast-schema-graph\">{\"@context\":\"https:\/\/schema.org\",\"@graph\":[{\"@type\":\"WebPage\",\"@id\":\"https:\/\/somo-sam.com\/?product=ferme-portillons-avec-bras-a-glissiere-dc630\",\"url\":\"https:\/\/somo-sam.com\/?product=ferme-portillons-avec-bras-a-glissiere-dc630\",\"name\":\"FERME-PORTILLONS AVEC BRAS A GLISSIERE DC630 - SOMO S.A.M\",\"isPartOf\":{\"@id\":\"http:\/\/somo-sam.com\/#website\"},\"primaryImageOfPage\":{\"@id\":\"https:\/\/somo-sam.com\/?product=ferme-portillons-avec-bras-a-glissiere-dc630#primaryimage\"},\"image\":{\"@id\":\"https:\/\/somo-sam.com\/?product=ferme-portillons-avec-bras-a-glissiere-dc630#primaryimage\"},\"thumbnailUrl\":\"https:\/\/somo-sam.com\/wp-content\/uploads\/2025\/03\/FERME-PORTILLONS-AVEC-BRAS-A-GLISSIERE.png\",\"datePublished\":\"2025-03-04T12:21:54+00:00\",\"dateModified\":\"2025-03-04T12:21:54+00:00\",\"description\":\"Compatible avec la plupart des barri\u00e8res pi\u00e9tonnes et de s\u00e9curit\u00e9Peut \u00eatre install\u00e9 de n'importe quel c\u00f4t\u00e9 du portail, derri\u00e8re la colonne\u00c9quip\u00e9 de la technologie CAM-Motion\",\"breadcrumb\":{\"@id\":\"https:\/\/somo-sam.com\/?product=ferme-portillons-avec-bras-a-glissiere-dc630#breadcrumb\"},\"inLanguage\":\"fr-FR\",\"potentialAction\":[{\"@type\":\"ReadAction\",\"target\":[\"https:\/\/somo-sam.com\/?product=ferme-portillons-avec-bras-a-glissiere-dc630\"]}]},{\"@type\":\"ImageObject\",\"inLanguage\":\"fr-FR\",\"@id\":\"https:\/\/somo-sam.com\/?product=ferme-portillons-avec-bras-a-glissiere-dc630#primaryimage\",\"url\":\"https:\/\/somo-sam.com\/wp-content\/uploads\/2025\/03\/FERME-PORTILLONS-AVEC-BRAS-A-GLISSIERE.png\",\"contentUrl\":\"https:\/\/somo-sam.com\/wp-content\/uploads\/2025\/03\/FERME-PORTILLONS-AVEC-BRAS-A-GLISSIERE.png\",\"width\":1080,\"height\":1080},{\"@type\":\"BreadcrumbList\",\"@id\":\"https:\/\/somo-sam.com\/?product=ferme-portillons-avec-bras-a-glissiere-dc630#breadcrumb\",\"itemListElement\":[{\"@type\":\"ListItem\",\"position\":1,\"name\":\"Accueil\",\"item\":\"http:\/\/somo-sam.com\/\"},{\"@type\":\"ListItem\",\"position\":2,\"name\":\"Shop\",\"item\":\"https:\/\/somo-sam.com\/?page_id=413\"},{\"@type\":\"ListItem\",\"position\":3,\"name\":\"FERME-PORTILLONS AVEC BRAS A GLISSIERE DC630\"}]},{\"@type\":\"WebSite\",\"@id\":\"http:\/\/somo-sam.com\/#website\",\"url\":\"http:\/\/somo-sam.com\/\",\"name\":\"SOMO S.A.M\",\"description\":\"Votre partenaire en \u00e9quipements h\u00f4teliers et de restauration\",\"potentialAction\":[{\"@type\":\"SearchAction\",\"target\":{\"@type\":\"EntryPoint\",\"urlTemplate\":\"http:\/\/somo-sam.com\/?s={search_term_string}\"},\"query-input\":{\"@type\":\"PropertyValueSpecification\",\"valueRequired\":true,\"valueName\":\"search_term_string\"}}],\"inLanguage\":\"fr-FR\"}]}<\/script>\n<!-- \/ Yoast SEO plugin. -->","yoast_head_json":{"title":"FERME-PORTILLONS AVEC BRAS A GLISSIERE DC630 - SOMO S.A.M","description":"Compatible avec la plupart des barri\u00e8res pi\u00e9tonnes et de s\u00e9curit\u00e9Peut \u00eatre install\u00e9 de n'importe quel c\u00f4t\u00e9 du portail, derri\u00e8re la colonne\u00c9quip\u00e9 de la technologie CAM-Motion","robots":{"index":"index","follow":"follow","max-snippet":"max-snippet:-1","max-image-preview":"max-image-preview:large","max-video-preview":"max-video-preview:-1"},"canonical":"https:\/\/somo-sam.com\/?product=ferme-portillons-avec-bras-a-glissiere-dc630","og_locale":"fr_FR","og_type":"article","og_title":"FERME-PORTILLONS AVEC BRAS A GLISSIERE DC630 - SOMO S.A.M","og_description":"Compatible avec la plupart des barri\u00e8res pi\u00e9tonnes et de s\u00e9curit\u00e9Peut \u00eatre install\u00e9 de n'importe quel c\u00f4t\u00e9 du portail, derri\u00e8re la colonne\u00c9quip\u00e9 de la technologie CAM-Motion","og_url":"https:\/\/somo-sam.com\/?product=ferme-portillons-avec-bras-a-glissiere-dc630","og_site_name":"SOMO S.A.M","og_image":[{"width":1080,"height":1080,"url":"https:\/\/somo-sam.com\/wp-content\/uploads\/2025\/03\/FERME-PORTILLONS-AVEC-BRAS-A-GLISSIERE.png","type":"image\/png"}],"twitter_card":"summary_large_image","twitter_misc":{"Dur\u00e9e de lecture estim\u00e9e":"1 minute"},"schema":{"@context":"https:\/\/schema.org","@graph":[{"@type":"WebPage","@id":"https:\/\/somo-sam.com\/?product=ferme-portillons-avec-bras-a-glissiere-dc630","url":"https:\/\/somo-sam.com\/?product=ferme-portillons-avec-bras-a-glissiere-dc630","name":"FERME-PORTILLONS AVEC BRAS A GLISSIERE DC630 - SOMO S.A.M","isPartOf":{"@id":"http:\/\/somo-sam.com\/#website"},"primaryImageOfPage":{"@id":"https:\/\/somo-sam.com\/?product=ferme-portillons-avec-bras-a-glissiere-dc630#primaryimage"},"image":{"@id":"https:\/\/somo-sam.com\/?product=ferme-portillons-avec-bras-a-glissiere-dc630#primaryimage"},"thumbnailUrl":"https:\/\/somo-sam.com\/wp-content\/uploads\/2025\/03\/FERME-PORTILLONS-AVEC-BRAS-A-GLISSIERE.png","datePublished":"2025-03-04T12:21:54+00:00","dateModified":"2025-03-04T12:21:54+00:00","description":"Compatible avec la plupart des barri\u00e8res pi\u00e9tonnes et de s\u00e9curit\u00e9Peut \u00eatre install\u00e9 de n'importe quel c\u00f4t\u00e9 du portail, derri\u00e8re la colonne\u00c9quip\u00e9 de la technologie CAM-Motion","breadcrumb":{"@id":"https:\/\/somo-sam.com\/?product=ferme-portillons-avec-bras-a-glissiere-dc630#breadcrumb"},"inLanguage":"fr-FR","potentialAction":[{"@type":"ReadAction","target":["https:\/\/somo-sam.com\/?product=ferme-portillons-avec-bras-a-glissiere-dc630"]}]},{"@type":"ImageObject","inLanguage":"fr-FR","@id":"https:\/\/somo-sam.com\/?product=ferme-portillons-avec-bras-a-glissiere-dc630#primaryimage","url":"https:\/\/somo-sam.com\/wp-content\/uploads\/2025\/03\/FERME-PORTILLONS-AVEC-BRAS-A-GLISSIERE.png","contentUrl":"https:\/\/somo-sam.com\/wp-content\/uploads\/2025\/03\/FERME-PORTILLONS-AVEC-BRAS-A-GLISSIERE.png","width":1080,"height":1080},{"@type":"BreadcrumbList","@id":"https:\/\/somo-sam.com\/?product=ferme-portillons-avec-bras-a-glissiere-dc630#breadcrumb","itemListElement":[{"@type":"ListItem","position":1,"name":"Accueil","item":"http:\/\/somo-sam.com\/"},{"@type":"ListItem","position":2,"name":"Shop","item":"https:\/\/somo-sam.com\/?page_id=413"},{"@type":"ListItem","position":3,"name":"FERME-PORTILLONS AVEC BRAS A GLISSIERE DC630"}]},{"@type":"WebSite","@id":"http:\/\/somo-sam.com\/#website","url":"http:\/\/somo-sam.com\/","name":"SOMO S.A.M","description":"Votre partenaire en \u00e9quipements h\u00f4teliers et de restauration","potentialAction":[{"@type":"SearchAction","target":{"@type":"EntryPoint","urlTemplate":"http:\/\/somo-sam.com\/?s={search_term_string}"},"query-input":{"@type":"PropertyValueSpecification","valueRequired":true,"valueName":"search_term_string"}}],"inLanguage":"fr-FR"}]}},"_links":{"self":[{"href":"https:\/\/somo-sam.com\/index.php?rest_route=\/wp\/v2\/product\/29714","targetHints":{"allow":["GET"]}}],"collection":[{"href":"https:\/\/somo-sam.com\/index.php?rest_route=\/wp\/v2\/product"}],"about":[{"href":"https:\/\/somo-sam.com\/index.php?rest_route=\/wp\/v2\/types\/product"}],"version-history":[{"count":1,"href":"https:\/\/somo-sam.com\/index.php?rest_route=\/wp\/v2\/product\/29714\/revisions"}],"predecessor-version":[{"id":29735,"href":"https:\/\/somo-sam.com\/index.php?rest_route=\/wp\/v2\/product\/29714\/revisions\/29735"}],"wp:featuredmedia":[{"embeddable":true,"href":"https:\/\/somo-sam.com\/index.php?rest_route=\/wp\/v2\/media\/29719"}],"wp:attachment":[{"href":"https:\/\/somo-sam.com\/index.php?rest_route=%2Fwp%2Fv2%2Fmedia&parent=29714"}],"wp:term":[{"taxonomy":"product_brand","embeddable":true,"href":"https:\/\/somo-sam.com\/index.php?rest_route=%2Fwp%2Fv2%2Fproduct_brand&post=29714"},{"taxonomy":"product_cat","embeddable":true,"href":"https:\/\/somo-sam.com\/index.php?rest_route=%2Fwp%2Fv2%2Fproduct_cat&post=29714"},{"taxonomy":"product_tag","embeddable":true,"href":"https:\/\/somo-sam.com\/index.php?rest_route=%2Fwp%2Fv2%2Fproduct_tag&post=29714"}],"curies":[{"name":"wp","href":"https:\/\/api.w.org\/{rel}","templated":true}]}}