{"id":29736,"date":"2025-03-04T14:42:11","date_gmt":"2025-03-04T13:42:11","guid":{"rendered":"https:\/\/somo-sam.com\/?post_type=product&#038;p=29736"},"modified":"2025-03-04T14:42:11","modified_gmt":"2025-03-04T13:42:11","slug":"opter-pour-une-securite-accrue","status":"publish","type":"product","link":"https:\/\/somo-sam.com\/?product=opter-pour-une-securite-accrue","title":{"rendered":"OPTER POUR UNE SECURITE ACCRUE"},"content":{"rendered":"<p>Le bras \u00e0 coulisse brevet\u00e9 \u00e9limine efficacement toutes les zones de cisaillement et d&#8217;\u00e9crasement pr\u00e9sentes dans les ferme-portes standards. Gr\u00e2ce au patin rallong\u00e9 (1), au bras courb\u00e9 (2), et \u00e0 une coulisse (3) de longueur sup\u00e9rieure \u00e0 l&#8217;excursion du patin, ce m\u00e9canisme garantit un fonctionnement s\u00e9curis\u00e9, prot\u00e9geant m\u00eame nos doigts. Ainsi, le ferme-portillon MAB respecte les normes de s\u00e9curit\u00e9 europ\u00e9ennes, notamment la norme NF EN 13-241-1, qui, \u00e0 travers une analyse approfondie des risques, recommande des solutions techniques permettant de pr\u00e9venir et d&#8217;\u00e9liminer tout danger potentiel li\u00e9 \u00e0 son fonctionnement.<\/p>\n","protected":false},"excerpt":{"rendered":"<p>Le bras \u00e0 coulisse brevet\u00e9 \u00e9limine efficacement toutes les zones de cisaillement et d&#8217;\u00e9crasement pr\u00e9sentes dans les ferme-portes standards. Gr\u00e2ce<\/p>\n","protected":false},"featured_media":29737,"template":"","meta":{"_acf_changed":false,"_monsterinsights_skip_tracking":false,"_monsterinsights_sitenote_active":false,"_monsterinsights_sitenote_note":"","_monsterinsights_sitenote_category":0},"product_brand":[],"product_cat":[45,256],"product_tag":[],"class_list":{"0":"post-29736","1":"product","2":"type-product","3":"status-publish","4":"has-post-thumbnail","6":"product_cat-ferme-portillons","7":"product_cat-technique-fermeture","9":"first","10":"instock","11":"taxable","12":"shipping-taxable","13":"product-type-simple","14":"add-to-wishlist-after_add_to_cart"},"acf":[],"yoast_head":"<!-- This site is optimized with the Yoast SEO plugin v23.6 - https:\/\/yoast.com\/wordpress\/plugins\/seo\/ -->\n<title>OPTER POUR UNE SECURITE ACCRUE - SOMO S.A.M<\/title>\n<meta name=\"robots\" content=\"index, follow, max-snippet:-1, max-image-preview:large, max-video-preview:-1\" \/>\n<link rel=\"canonical\" href=\"https:\/\/somo-sam.com\/?product=opter-pour-une-securite-accrue\" \/>\n<meta property=\"og:locale\" content=\"fr_FR\" \/>\n<meta property=\"og:type\" content=\"article\" \/>\n<meta property=\"og:title\" content=\"OPTER POUR UNE SECURITE ACCRUE - SOMO S.A.M\" \/>\n<meta property=\"og:description\" content=\"Le bras \u00e0 coulisse brevet\u00e9 \u00e9limine efficacement toutes les zones de cisaillement et d&#8217;\u00e9crasement pr\u00e9sentes dans les ferme-portes standards. Gr\u00e2ce\" \/>\n<meta property=\"og:url\" content=\"https:\/\/somo-sam.com\/?product=opter-pour-une-securite-accrue\" \/>\n<meta property=\"og:site_name\" content=\"SOMO S.A.M\" \/>\n<meta property=\"og:image\" content=\"https:\/\/somo-sam.com\/wp-content\/uploads\/2025\/03\/OPTER-POUR-UNE-SECURITE-ACCRUE.png\" \/>\n\t<meta property=\"og:image:width\" content=\"1080\" \/>\n\t<meta property=\"og:image:height\" content=\"1080\" \/>\n\t<meta property=\"og:image:type\" content=\"image\/png\" \/>\n<meta name=\"twitter:card\" content=\"summary_large_image\" \/>\n<meta name=\"twitter:label1\" content=\"Dur\u00e9e de lecture estim\u00e9e\" \/>\n\t<meta name=\"twitter:data1\" content=\"1 minute\" \/>\n<script type=\"application\/ld+json\" class=\"yoast-schema-graph\">{\"@context\":\"https:\/\/schema.org\",\"@graph\":[{\"@type\":\"WebPage\",\"@id\":\"https:\/\/somo-sam.com\/?product=opter-pour-une-securite-accrue\",\"url\":\"https:\/\/somo-sam.com\/?product=opter-pour-une-securite-accrue\",\"name\":\"OPTER POUR UNE SECURITE ACCRUE - SOMO S.A.M\",\"isPartOf\":{\"@id\":\"http:\/\/somo-sam.com\/#website\"},\"primaryImageOfPage\":{\"@id\":\"https:\/\/somo-sam.com\/?product=opter-pour-une-securite-accrue#primaryimage\"},\"image\":{\"@id\":\"https:\/\/somo-sam.com\/?product=opter-pour-une-securite-accrue#primaryimage\"},\"thumbnailUrl\":\"https:\/\/somo-sam.com\/wp-content\/uploads\/2025\/03\/OPTER-POUR-UNE-SECURITE-ACCRUE.png\",\"datePublished\":\"2025-03-04T13:42:11+00:00\",\"dateModified\":\"2025-03-04T13:42:11+00:00\",\"breadcrumb\":{\"@id\":\"https:\/\/somo-sam.com\/?product=opter-pour-une-securite-accrue#breadcrumb\"},\"inLanguage\":\"fr-FR\",\"potentialAction\":[{\"@type\":\"ReadAction\",\"target\":[\"https:\/\/somo-sam.com\/?product=opter-pour-une-securite-accrue\"]}]},{\"@type\":\"ImageObject\",\"inLanguage\":\"fr-FR\",\"@id\":\"https:\/\/somo-sam.com\/?product=opter-pour-une-securite-accrue#primaryimage\",\"url\":\"https:\/\/somo-sam.com\/wp-content\/uploads\/2025\/03\/OPTER-POUR-UNE-SECURITE-ACCRUE.png\",\"contentUrl\":\"https:\/\/somo-sam.com\/wp-content\/uploads\/2025\/03\/OPTER-POUR-UNE-SECURITE-ACCRUE.png\",\"width\":1080,\"height\":1080},{\"@type\":\"BreadcrumbList\",\"@id\":\"https:\/\/somo-sam.com\/?product=opter-pour-une-securite-accrue#breadcrumb\",\"itemListElement\":[{\"@type\":\"ListItem\",\"position\":1,\"name\":\"Accueil\",\"item\":\"http:\/\/somo-sam.com\/\"},{\"@type\":\"ListItem\",\"position\":2,\"name\":\"Shop\",\"item\":\"https:\/\/somo-sam.com\/?page_id=413\"},{\"@type\":\"ListItem\",\"position\":3,\"name\":\"OPTER POUR UNE SECURITE ACCRUE\"}]},{\"@type\":\"WebSite\",\"@id\":\"http:\/\/somo-sam.com\/#website\",\"url\":\"http:\/\/somo-sam.com\/\",\"name\":\"SOMO S.A.M\",\"description\":\"Votre partenaire en \u00e9quipements h\u00f4teliers et de restauration\",\"potentialAction\":[{\"@type\":\"SearchAction\",\"target\":{\"@type\":\"EntryPoint\",\"urlTemplate\":\"http:\/\/somo-sam.com\/?s={search_term_string}\"},\"query-input\":{\"@type\":\"PropertyValueSpecification\",\"valueRequired\":true,\"valueName\":\"search_term_string\"}}],\"inLanguage\":\"fr-FR\"}]}<\/script>\n<!-- \/ Yoast SEO plugin. -->","yoast_head_json":{"title":"OPTER POUR UNE SECURITE ACCRUE - SOMO S.A.M","robots":{"index":"index","follow":"follow","max-snippet":"max-snippet:-1","max-image-preview":"max-image-preview:large","max-video-preview":"max-video-preview:-1"},"canonical":"https:\/\/somo-sam.com\/?product=opter-pour-une-securite-accrue","og_locale":"fr_FR","og_type":"article","og_title":"OPTER POUR UNE SECURITE ACCRUE - SOMO S.A.M","og_description":"Le bras \u00e0 coulisse brevet\u00e9 \u00e9limine efficacement toutes les zones de cisaillement et d&#8217;\u00e9crasement pr\u00e9sentes dans les ferme-portes standards. Gr\u00e2ce","og_url":"https:\/\/somo-sam.com\/?product=opter-pour-une-securite-accrue","og_site_name":"SOMO S.A.M","og_image":[{"width":1080,"height":1080,"url":"https:\/\/somo-sam.com\/wp-content\/uploads\/2025\/03\/OPTER-POUR-UNE-SECURITE-ACCRUE.png","type":"image\/png"}],"twitter_card":"summary_large_image","twitter_misc":{"Dur\u00e9e de lecture estim\u00e9e":"1 minute"},"schema":{"@context":"https:\/\/schema.org","@graph":[{"@type":"WebPage","@id":"https:\/\/somo-sam.com\/?product=opter-pour-une-securite-accrue","url":"https:\/\/somo-sam.com\/?product=opter-pour-une-securite-accrue","name":"OPTER POUR UNE SECURITE ACCRUE - SOMO S.A.M","isPartOf":{"@id":"http:\/\/somo-sam.com\/#website"},"primaryImageOfPage":{"@id":"https:\/\/somo-sam.com\/?product=opter-pour-une-securite-accrue#primaryimage"},"image":{"@id":"https:\/\/somo-sam.com\/?product=opter-pour-une-securite-accrue#primaryimage"},"thumbnailUrl":"https:\/\/somo-sam.com\/wp-content\/uploads\/2025\/03\/OPTER-POUR-UNE-SECURITE-ACCRUE.png","datePublished":"2025-03-04T13:42:11+00:00","dateModified":"2025-03-04T13:42:11+00:00","breadcrumb":{"@id":"https:\/\/somo-sam.com\/?product=opter-pour-une-securite-accrue#breadcrumb"},"inLanguage":"fr-FR","potentialAction":[{"@type":"ReadAction","target":["https:\/\/somo-sam.com\/?product=opter-pour-une-securite-accrue"]}]},{"@type":"ImageObject","inLanguage":"fr-FR","@id":"https:\/\/somo-sam.com\/?product=opter-pour-une-securite-accrue#primaryimage","url":"https:\/\/somo-sam.com\/wp-content\/uploads\/2025\/03\/OPTER-POUR-UNE-SECURITE-ACCRUE.png","contentUrl":"https:\/\/somo-sam.com\/wp-content\/uploads\/2025\/03\/OPTER-POUR-UNE-SECURITE-ACCRUE.png","width":1080,"height":1080},{"@type":"BreadcrumbList","@id":"https:\/\/somo-sam.com\/?product=opter-pour-une-securite-accrue#breadcrumb","itemListElement":[{"@type":"ListItem","position":1,"name":"Accueil","item":"http:\/\/somo-sam.com\/"},{"@type":"ListItem","position":2,"name":"Shop","item":"https:\/\/somo-sam.com\/?page_id=413"},{"@type":"ListItem","position":3,"name":"OPTER POUR UNE SECURITE ACCRUE"}]},{"@type":"WebSite","@id":"http:\/\/somo-sam.com\/#website","url":"http:\/\/somo-sam.com\/","name":"SOMO S.A.M","description":"Votre partenaire en \u00e9quipements h\u00f4teliers et de restauration","potentialAction":[{"@type":"SearchAction","target":{"@type":"EntryPoint","urlTemplate":"http:\/\/somo-sam.com\/?s={search_term_string}"},"query-input":{"@type":"PropertyValueSpecification","valueRequired":true,"valueName":"search_term_string"}}],"inLanguage":"fr-FR"}]}},"_links":{"self":[{"href":"https:\/\/somo-sam.com\/index.php?rest_route=\/wp\/v2\/product\/29736","targetHints":{"allow":["GET"]}}],"collection":[{"href":"https:\/\/somo-sam.com\/index.php?rest_route=\/wp\/v2\/product"}],"about":[{"href":"https:\/\/somo-sam.com\/index.php?rest_route=\/wp\/v2\/types\/product"}],"version-history":[{"count":1,"href":"https:\/\/somo-sam.com\/index.php?rest_route=\/wp\/v2\/product\/29736\/revisions"}],"predecessor-version":[{"id":29739,"href":"https:\/\/somo-sam.com\/index.php?rest_route=\/wp\/v2\/product\/29736\/revisions\/29739"}],"wp:featuredmedia":[{"embeddable":true,"href":"https:\/\/somo-sam.com\/index.php?rest_route=\/wp\/v2\/media\/29737"}],"wp:attachment":[{"href":"https:\/\/somo-sam.com\/index.php?rest_route=%2Fwp%2Fv2%2Fmedia&parent=29736"}],"wp:term":[{"taxonomy":"product_brand","embeddable":true,"href":"https:\/\/somo-sam.com\/index.php?rest_route=%2Fwp%2Fv2%2Fproduct_brand&post=29736"},{"taxonomy":"product_cat","embeddable":true,"href":"https:\/\/somo-sam.com\/index.php?rest_route=%2Fwp%2Fv2%2Fproduct_cat&post=29736"},{"taxonomy":"product_tag","embeddable":true,"href":"https:\/\/somo-sam.com\/index.php?rest_route=%2Fwp%2Fv2%2Fproduct_tag&post=29736"}],"curies":[{"name":"wp","href":"https:\/\/api.w.org\/{rel}","templated":true}]}}