{"id":29745,"date":"2025-03-04T14:46:27","date_gmt":"2025-03-04T13:46:27","guid":{"rendered":"https:\/\/somo-sam.com\/?post_type=product&#038;p=29745"},"modified":"2025-03-04T14:46:27","modified_gmt":"2025-03-04T13:46:27","slug":"opte-pour-une-gamme-simple-et-complete","status":"publish","type":"product","link":"https:\/\/somo-sam.com\/?product=opte-pour-une-gamme-simple-et-complete","title":{"rendered":"OPTE POUR UNE GAMME SIMPLE ET COMPLETE"},"content":{"rendered":"<p data-start=\"0\" data-end=\"124\">Avec seulement trois mod\u00e8les, il est possible d&#8217;\u00e9quiper la quasi-totalit\u00e9 des portillons ajour\u00e9s disponibles sur le march\u00e9.<\/p>\n<ul data-start=\"126\" data-end=\"508\" data-is-last-node=\"\" data-is-only-node=\"\">\n<li data-start=\"126\" data-end=\"238\">Le mod\u00e8le 620C est recommand\u00e9 pour des portillons standards, jusqu&#8217;\u00e0 1000 mm de largeur et 2200 mm de hauteur.<\/li>\n<li data-start=\"239\" data-end=\"354\">Le mod\u00e8le 650C convient aux portillons de taille interm\u00e9diaire, jusqu&#8217;\u00e0 1250 mm de largeur et 2200 mm de hauteur.<\/li>\n<li data-start=\"355\" data-end=\"508\" data-is-last-node=\"\">Le mod\u00e8le 680C, gr\u00e2ce \u00e0 sa force r\u00e9glable, permet l&#8217;installation sur des portillons de grande taille, jusqu&#8217;\u00e0 1400 mm de largeur et 2800 mm de hauteur.<\/li>\n<\/ul>\n","protected":false},"excerpt":{"rendered":"<p>Avec seulement trois mod\u00e8les, il est possible d&#8217;\u00e9quiper la quasi-totalit\u00e9 des portillons ajour\u00e9s disponibles sur le march\u00e9. Le mod\u00e8le 620C<\/p>\n","protected":false},"featured_media":29746,"template":"","meta":{"_acf_changed":false,"_monsterinsights_skip_tracking":false,"_monsterinsights_sitenote_active":false,"_monsterinsights_sitenote_note":"","_monsterinsights_sitenote_category":0},"product_brand":[],"product_cat":[45,256],"product_tag":[],"class_list":{"0":"post-29745","1":"product","2":"type-product","3":"status-publish","4":"has-post-thumbnail","6":"product_cat-ferme-portillons","7":"product_cat-technique-fermeture","9":"first","10":"instock","11":"taxable","12":"shipping-taxable","13":"product-type-simple","14":"add-to-wishlist-after_add_to_cart"},"acf":[],"yoast_head":"<!-- This site is optimized with the Yoast SEO plugin v23.6 - https:\/\/yoast.com\/wordpress\/plugins\/seo\/ -->\n<title>OPTE POUR UNE GAMME SIMPLE ET COMPLETE - SOMO S.A.M<\/title>\n<meta name=\"robots\" content=\"index, follow, max-snippet:-1, max-image-preview:large, max-video-preview:-1\" \/>\n<link rel=\"canonical\" href=\"https:\/\/somo-sam.com\/?product=opte-pour-une-gamme-simple-et-complete\" \/>\n<meta property=\"og:locale\" content=\"fr_FR\" \/>\n<meta property=\"og:type\" content=\"article\" \/>\n<meta property=\"og:title\" content=\"OPTE POUR UNE GAMME SIMPLE ET COMPLETE - SOMO S.A.M\" \/>\n<meta property=\"og:description\" content=\"Avec seulement trois mod\u00e8les, il est possible d&#8217;\u00e9quiper la quasi-totalit\u00e9 des portillons ajour\u00e9s disponibles sur le march\u00e9. Le mod\u00e8le 620C\" \/>\n<meta property=\"og:url\" content=\"https:\/\/somo-sam.com\/?product=opte-pour-une-gamme-simple-et-complete\" \/>\n<meta property=\"og:site_name\" content=\"SOMO S.A.M\" \/>\n<meta property=\"og:image\" content=\"https:\/\/somo-sam.com\/wp-content\/uploads\/2025\/03\/OPTE-POUR-UNE-GAMME-SIMPLE-ET-COMPLETE.png\" \/>\n\t<meta property=\"og:image:width\" content=\"1080\" \/>\n\t<meta property=\"og:image:height\" content=\"1080\" \/>\n\t<meta property=\"og:image:type\" content=\"image\/png\" \/>\n<meta name=\"twitter:card\" content=\"summary_large_image\" \/>\n<meta name=\"twitter:label1\" content=\"Dur\u00e9e de lecture estim\u00e9e\" \/>\n\t<meta name=\"twitter:data1\" content=\"1 minute\" \/>\n<script type=\"application\/ld+json\" class=\"yoast-schema-graph\">{\"@context\":\"https:\/\/schema.org\",\"@graph\":[{\"@type\":\"WebPage\",\"@id\":\"https:\/\/somo-sam.com\/?product=opte-pour-une-gamme-simple-et-complete\",\"url\":\"https:\/\/somo-sam.com\/?product=opte-pour-une-gamme-simple-et-complete\",\"name\":\"OPTE POUR UNE GAMME SIMPLE ET COMPLETE - SOMO S.A.M\",\"isPartOf\":{\"@id\":\"http:\/\/somo-sam.com\/#website\"},\"primaryImageOfPage\":{\"@id\":\"https:\/\/somo-sam.com\/?product=opte-pour-une-gamme-simple-et-complete#primaryimage\"},\"image\":{\"@id\":\"https:\/\/somo-sam.com\/?product=opte-pour-une-gamme-simple-et-complete#primaryimage\"},\"thumbnailUrl\":\"https:\/\/somo-sam.com\/wp-content\/uploads\/2025\/03\/OPTE-POUR-UNE-GAMME-SIMPLE-ET-COMPLETE.png\",\"datePublished\":\"2025-03-04T13:46:27+00:00\",\"dateModified\":\"2025-03-04T13:46:27+00:00\",\"breadcrumb\":{\"@id\":\"https:\/\/somo-sam.com\/?product=opte-pour-une-gamme-simple-et-complete#breadcrumb\"},\"inLanguage\":\"fr-FR\",\"potentialAction\":[{\"@type\":\"ReadAction\",\"target\":[\"https:\/\/somo-sam.com\/?product=opte-pour-une-gamme-simple-et-complete\"]}]},{\"@type\":\"ImageObject\",\"inLanguage\":\"fr-FR\",\"@id\":\"https:\/\/somo-sam.com\/?product=opte-pour-une-gamme-simple-et-complete#primaryimage\",\"url\":\"https:\/\/somo-sam.com\/wp-content\/uploads\/2025\/03\/OPTE-POUR-UNE-GAMME-SIMPLE-ET-COMPLETE.png\",\"contentUrl\":\"https:\/\/somo-sam.com\/wp-content\/uploads\/2025\/03\/OPTE-POUR-UNE-GAMME-SIMPLE-ET-COMPLETE.png\",\"width\":1080,\"height\":1080},{\"@type\":\"BreadcrumbList\",\"@id\":\"https:\/\/somo-sam.com\/?product=opte-pour-une-gamme-simple-et-complete#breadcrumb\",\"itemListElement\":[{\"@type\":\"ListItem\",\"position\":1,\"name\":\"Accueil\",\"item\":\"http:\/\/somo-sam.com\/\"},{\"@type\":\"ListItem\",\"position\":2,\"name\":\"Shop\",\"item\":\"https:\/\/somo-sam.com\/?page_id=413\"},{\"@type\":\"ListItem\",\"position\":3,\"name\":\"OPTE POUR UNE GAMME SIMPLE ET COMPLETE\"}]},{\"@type\":\"WebSite\",\"@id\":\"http:\/\/somo-sam.com\/#website\",\"url\":\"http:\/\/somo-sam.com\/\",\"name\":\"SOMO S.A.M\",\"description\":\"Votre partenaire en \u00e9quipements h\u00f4teliers et de restauration\",\"potentialAction\":[{\"@type\":\"SearchAction\",\"target\":{\"@type\":\"EntryPoint\",\"urlTemplate\":\"http:\/\/somo-sam.com\/?s={search_term_string}\"},\"query-input\":{\"@type\":\"PropertyValueSpecification\",\"valueRequired\":true,\"valueName\":\"search_term_string\"}}],\"inLanguage\":\"fr-FR\"}]}<\/script>\n<!-- \/ Yoast SEO plugin. -->","yoast_head_json":{"title":"OPTE POUR UNE GAMME SIMPLE ET COMPLETE - SOMO S.A.M","robots":{"index":"index","follow":"follow","max-snippet":"max-snippet:-1","max-image-preview":"max-image-preview:large","max-video-preview":"max-video-preview:-1"},"canonical":"https:\/\/somo-sam.com\/?product=opte-pour-une-gamme-simple-et-complete","og_locale":"fr_FR","og_type":"article","og_title":"OPTE POUR UNE GAMME SIMPLE ET COMPLETE - SOMO S.A.M","og_description":"Avec seulement trois mod\u00e8les, il est possible d&#8217;\u00e9quiper la quasi-totalit\u00e9 des portillons ajour\u00e9s disponibles sur le march\u00e9. Le mod\u00e8le 620C","og_url":"https:\/\/somo-sam.com\/?product=opte-pour-une-gamme-simple-et-complete","og_site_name":"SOMO S.A.M","og_image":[{"width":1080,"height":1080,"url":"https:\/\/somo-sam.com\/wp-content\/uploads\/2025\/03\/OPTE-POUR-UNE-GAMME-SIMPLE-ET-COMPLETE.png","type":"image\/png"}],"twitter_card":"summary_large_image","twitter_misc":{"Dur\u00e9e de lecture estim\u00e9e":"1 minute"},"schema":{"@context":"https:\/\/schema.org","@graph":[{"@type":"WebPage","@id":"https:\/\/somo-sam.com\/?product=opte-pour-une-gamme-simple-et-complete","url":"https:\/\/somo-sam.com\/?product=opte-pour-une-gamme-simple-et-complete","name":"OPTE POUR UNE GAMME SIMPLE ET COMPLETE - SOMO S.A.M","isPartOf":{"@id":"http:\/\/somo-sam.com\/#website"},"primaryImageOfPage":{"@id":"https:\/\/somo-sam.com\/?product=opte-pour-une-gamme-simple-et-complete#primaryimage"},"image":{"@id":"https:\/\/somo-sam.com\/?product=opte-pour-une-gamme-simple-et-complete#primaryimage"},"thumbnailUrl":"https:\/\/somo-sam.com\/wp-content\/uploads\/2025\/03\/OPTE-POUR-UNE-GAMME-SIMPLE-ET-COMPLETE.png","datePublished":"2025-03-04T13:46:27+00:00","dateModified":"2025-03-04T13:46:27+00:00","breadcrumb":{"@id":"https:\/\/somo-sam.com\/?product=opte-pour-une-gamme-simple-et-complete#breadcrumb"},"inLanguage":"fr-FR","potentialAction":[{"@type":"ReadAction","target":["https:\/\/somo-sam.com\/?product=opte-pour-une-gamme-simple-et-complete"]}]},{"@type":"ImageObject","inLanguage":"fr-FR","@id":"https:\/\/somo-sam.com\/?product=opte-pour-une-gamme-simple-et-complete#primaryimage","url":"https:\/\/somo-sam.com\/wp-content\/uploads\/2025\/03\/OPTE-POUR-UNE-GAMME-SIMPLE-ET-COMPLETE.png","contentUrl":"https:\/\/somo-sam.com\/wp-content\/uploads\/2025\/03\/OPTE-POUR-UNE-GAMME-SIMPLE-ET-COMPLETE.png","width":1080,"height":1080},{"@type":"BreadcrumbList","@id":"https:\/\/somo-sam.com\/?product=opte-pour-une-gamme-simple-et-complete#breadcrumb","itemListElement":[{"@type":"ListItem","position":1,"name":"Accueil","item":"http:\/\/somo-sam.com\/"},{"@type":"ListItem","position":2,"name":"Shop","item":"https:\/\/somo-sam.com\/?page_id=413"},{"@type":"ListItem","position":3,"name":"OPTE POUR UNE GAMME SIMPLE ET COMPLETE"}]},{"@type":"WebSite","@id":"http:\/\/somo-sam.com\/#website","url":"http:\/\/somo-sam.com\/","name":"SOMO S.A.M","description":"Votre partenaire en \u00e9quipements h\u00f4teliers et de restauration","potentialAction":[{"@type":"SearchAction","target":{"@type":"EntryPoint","urlTemplate":"http:\/\/somo-sam.com\/?s={search_term_string}"},"query-input":{"@type":"PropertyValueSpecification","valueRequired":true,"valueName":"search_term_string"}}],"inLanguage":"fr-FR"}]}},"_links":{"self":[{"href":"https:\/\/somo-sam.com\/index.php?rest_route=\/wp\/v2\/product\/29745","targetHints":{"allow":["GET"]}}],"collection":[{"href":"https:\/\/somo-sam.com\/index.php?rest_route=\/wp\/v2\/product"}],"about":[{"href":"https:\/\/somo-sam.com\/index.php?rest_route=\/wp\/v2\/types\/product"}],"version-history":[{"count":1,"href":"https:\/\/somo-sam.com\/index.php?rest_route=\/wp\/v2\/product\/29745\/revisions"}],"predecessor-version":[{"id":29748,"href":"https:\/\/somo-sam.com\/index.php?rest_route=\/wp\/v2\/product\/29745\/revisions\/29748"}],"wp:featuredmedia":[{"embeddable":true,"href":"https:\/\/somo-sam.com\/index.php?rest_route=\/wp\/v2\/media\/29746"}],"wp:attachment":[{"href":"https:\/\/somo-sam.com\/index.php?rest_route=%2Fwp%2Fv2%2Fmedia&parent=29745"}],"wp:term":[{"taxonomy":"product_brand","embeddable":true,"href":"https:\/\/somo-sam.com\/index.php?rest_route=%2Fwp%2Fv2%2Fproduct_brand&post=29745"},{"taxonomy":"product_cat","embeddable":true,"href":"https:\/\/somo-sam.com\/index.php?rest_route=%2Fwp%2Fv2%2Fproduct_cat&post=29745"},{"taxonomy":"product_tag","embeddable":true,"href":"https:\/\/somo-sam.com\/index.php?rest_route=%2Fwp%2Fv2%2Fproduct_tag&post=29745"}],"curies":[{"name":"wp","href":"https:\/\/api.w.org\/{rel}","templated":true}]}}