{"id":29749,"date":"2025-03-04T14:48:15","date_gmt":"2025-03-04T13:48:15","guid":{"rendered":"https:\/\/somo-sam.com\/?post_type=product&#038;p=29749"},"modified":"2025-03-04T14:48:15","modified_gmt":"2025-03-04T13:48:15","slug":"opter-pour-la-simplicite-de-pose","status":"publish","type":"product","link":"https:\/\/somo-sam.com\/?product=opter-pour-la-simplicite-de-pose","title":{"rendered":"OPTER POUR LA SIMPLICITE DE POSE"},"content":{"rendered":"<p>Le kit ferme-portillon est fourni avec une plaque de montage sp\u00e9cialement con\u00e7ue pour permettre l&#8217;installation du corps m\u00eame sur des poteaux de dimensions r\u00e9duites. Gr\u00e2ce au jeu de vis auto-foreuses, l&#8217;installation se fait rapidement sur site, sans n\u00e9cessiter d&#8217;outils sp\u00e9cifiques, garantissant ainsi un montage efficace et simplifi\u00e9.<\/p>\n","protected":false},"excerpt":{"rendered":"<p>Le kit ferme-portillon est fourni avec une plaque de montage sp\u00e9cialement con\u00e7ue pour permettre l&#8217;installation du corps m\u00eame sur des<\/p>\n","protected":false},"featured_media":29750,"template":"","meta":{"_acf_changed":false,"_monsterinsights_skip_tracking":false,"_monsterinsights_sitenote_active":false,"_monsterinsights_sitenote_note":"","_monsterinsights_sitenote_category":0},"product_brand":[],"product_cat":[45,256],"product_tag":[],"class_list":{"0":"post-29749","1":"product","2":"type-product","3":"status-publish","4":"has-post-thumbnail","6":"product_cat-ferme-portillons","7":"product_cat-technique-fermeture","9":"first","10":"instock","11":"taxable","12":"shipping-taxable","13":"product-type-simple","14":"add-to-wishlist-after_add_to_cart"},"acf":[],"yoast_head":"<!-- This site is optimized with the Yoast SEO plugin v23.6 - https:\/\/yoast.com\/wordpress\/plugins\/seo\/ -->\n<title>OPTER POUR LA SIMPLICITE DE POSE - SOMO S.A.M<\/title>\n<meta name=\"robots\" content=\"index, follow, max-snippet:-1, max-image-preview:large, max-video-preview:-1\" \/>\n<link rel=\"canonical\" href=\"http:\/\/somo-sam.com\/?product=opter-pour-la-simplicite-de-pose\" \/>\n<meta property=\"og:locale\" content=\"fr_FR\" \/>\n<meta property=\"og:type\" content=\"article\" \/>\n<meta property=\"og:title\" content=\"OPTER POUR LA SIMPLICITE DE POSE - SOMO S.A.M\" \/>\n<meta property=\"og:description\" content=\"Le kit ferme-portillon est fourni avec une plaque de montage sp\u00e9cialement con\u00e7ue pour permettre l&#8217;installation du corps m\u00eame sur des\" \/>\n<meta property=\"og:url\" content=\"http:\/\/somo-sam.com\/?product=opter-pour-la-simplicite-de-pose\" \/>\n<meta property=\"og:site_name\" content=\"SOMO S.A.M\" \/>\n<meta property=\"og:image\" content=\"http:\/\/somo-sam.com\/wp-content\/uploads\/2025\/03\/OPTER-POUR-LA-SIMPLICITE-DE-POSE.png\" \/>\n\t<meta property=\"og:image:width\" content=\"1080\" \/>\n\t<meta property=\"og:image:height\" content=\"1080\" \/>\n\t<meta property=\"og:image:type\" content=\"image\/png\" \/>\n<meta name=\"twitter:card\" content=\"summary_large_image\" \/>\n<meta name=\"twitter:label1\" content=\"Dur\u00e9e de lecture estim\u00e9e\" \/>\n\t<meta name=\"twitter:data1\" content=\"1 minute\" \/>\n<script type=\"application\/ld+json\" class=\"yoast-schema-graph\">{\"@context\":\"https:\/\/schema.org\",\"@graph\":[{\"@type\":\"WebPage\",\"@id\":\"http:\/\/somo-sam.com\/?product=opter-pour-la-simplicite-de-pose\",\"url\":\"http:\/\/somo-sam.com\/?product=opter-pour-la-simplicite-de-pose\",\"name\":\"OPTER POUR LA SIMPLICITE DE POSE - SOMO S.A.M\",\"isPartOf\":{\"@id\":\"http:\/\/somo-sam.com\/#website\"},\"primaryImageOfPage\":{\"@id\":\"http:\/\/somo-sam.com\/?product=opter-pour-la-simplicite-de-pose#primaryimage\"},\"image\":{\"@id\":\"http:\/\/somo-sam.com\/?product=opter-pour-la-simplicite-de-pose#primaryimage\"},\"thumbnailUrl\":\"https:\/\/somo-sam.com\/wp-content\/uploads\/2025\/03\/OPTER-POUR-LA-SIMPLICITE-DE-POSE.png\",\"datePublished\":\"2025-03-04T13:48:15+00:00\",\"dateModified\":\"2025-03-04T13:48:15+00:00\",\"breadcrumb\":{\"@id\":\"http:\/\/somo-sam.com\/?product=opter-pour-la-simplicite-de-pose#breadcrumb\"},\"inLanguage\":\"fr-FR\",\"potentialAction\":[{\"@type\":\"ReadAction\",\"target\":[\"http:\/\/somo-sam.com\/?product=opter-pour-la-simplicite-de-pose\"]}]},{\"@type\":\"ImageObject\",\"inLanguage\":\"fr-FR\",\"@id\":\"http:\/\/somo-sam.com\/?product=opter-pour-la-simplicite-de-pose#primaryimage\",\"url\":\"https:\/\/somo-sam.com\/wp-content\/uploads\/2025\/03\/OPTER-POUR-LA-SIMPLICITE-DE-POSE.png\",\"contentUrl\":\"https:\/\/somo-sam.com\/wp-content\/uploads\/2025\/03\/OPTER-POUR-LA-SIMPLICITE-DE-POSE.png\",\"width\":1080,\"height\":1080},{\"@type\":\"BreadcrumbList\",\"@id\":\"http:\/\/somo-sam.com\/?product=opter-pour-la-simplicite-de-pose#breadcrumb\",\"itemListElement\":[{\"@type\":\"ListItem\",\"position\":1,\"name\":\"Accueil\",\"item\":\"http:\/\/somo-sam.com\/\"},{\"@type\":\"ListItem\",\"position\":2,\"name\":\"Shop\",\"item\":\"https:\/\/somo-sam.com\/?page_id=413\"},{\"@type\":\"ListItem\",\"position\":3,\"name\":\"OPTER POUR LA SIMPLICITE DE POSE\"}]},{\"@type\":\"WebSite\",\"@id\":\"http:\/\/somo-sam.com\/#website\",\"url\":\"http:\/\/somo-sam.com\/\",\"name\":\"SOMO S.A.M\",\"description\":\"Votre partenaire en \u00e9quipements h\u00f4teliers et de restauration\",\"potentialAction\":[{\"@type\":\"SearchAction\",\"target\":{\"@type\":\"EntryPoint\",\"urlTemplate\":\"http:\/\/somo-sam.com\/?s={search_term_string}\"},\"query-input\":{\"@type\":\"PropertyValueSpecification\",\"valueRequired\":true,\"valueName\":\"search_term_string\"}}],\"inLanguage\":\"fr-FR\"}]}<\/script>\n<!-- \/ Yoast SEO plugin. -->","yoast_head_json":{"title":"OPTER POUR LA SIMPLICITE DE POSE - SOMO S.A.M","robots":{"index":"index","follow":"follow","max-snippet":"max-snippet:-1","max-image-preview":"max-image-preview:large","max-video-preview":"max-video-preview:-1"},"canonical":"http:\/\/somo-sam.com\/?product=opter-pour-la-simplicite-de-pose","og_locale":"fr_FR","og_type":"article","og_title":"OPTER POUR LA SIMPLICITE DE POSE - SOMO S.A.M","og_description":"Le kit ferme-portillon est fourni avec une plaque de montage sp\u00e9cialement con\u00e7ue pour permettre l&#8217;installation du corps m\u00eame sur des","og_url":"http:\/\/somo-sam.com\/?product=opter-pour-la-simplicite-de-pose","og_site_name":"SOMO S.A.M","og_image":[{"width":1080,"height":1080,"url":"http:\/\/somo-sam.com\/wp-content\/uploads\/2025\/03\/OPTER-POUR-LA-SIMPLICITE-DE-POSE.png","type":"image\/png"}],"twitter_card":"summary_large_image","twitter_misc":{"Dur\u00e9e de lecture estim\u00e9e":"1 minute"},"schema":{"@context":"https:\/\/schema.org","@graph":[{"@type":"WebPage","@id":"http:\/\/somo-sam.com\/?product=opter-pour-la-simplicite-de-pose","url":"http:\/\/somo-sam.com\/?product=opter-pour-la-simplicite-de-pose","name":"OPTER POUR LA SIMPLICITE DE POSE - SOMO S.A.M","isPartOf":{"@id":"http:\/\/somo-sam.com\/#website"},"primaryImageOfPage":{"@id":"http:\/\/somo-sam.com\/?product=opter-pour-la-simplicite-de-pose#primaryimage"},"image":{"@id":"http:\/\/somo-sam.com\/?product=opter-pour-la-simplicite-de-pose#primaryimage"},"thumbnailUrl":"https:\/\/somo-sam.com\/wp-content\/uploads\/2025\/03\/OPTER-POUR-LA-SIMPLICITE-DE-POSE.png","datePublished":"2025-03-04T13:48:15+00:00","dateModified":"2025-03-04T13:48:15+00:00","breadcrumb":{"@id":"http:\/\/somo-sam.com\/?product=opter-pour-la-simplicite-de-pose#breadcrumb"},"inLanguage":"fr-FR","potentialAction":[{"@type":"ReadAction","target":["http:\/\/somo-sam.com\/?product=opter-pour-la-simplicite-de-pose"]}]},{"@type":"ImageObject","inLanguage":"fr-FR","@id":"http:\/\/somo-sam.com\/?product=opter-pour-la-simplicite-de-pose#primaryimage","url":"https:\/\/somo-sam.com\/wp-content\/uploads\/2025\/03\/OPTER-POUR-LA-SIMPLICITE-DE-POSE.png","contentUrl":"https:\/\/somo-sam.com\/wp-content\/uploads\/2025\/03\/OPTER-POUR-LA-SIMPLICITE-DE-POSE.png","width":1080,"height":1080},{"@type":"BreadcrumbList","@id":"http:\/\/somo-sam.com\/?product=opter-pour-la-simplicite-de-pose#breadcrumb","itemListElement":[{"@type":"ListItem","position":1,"name":"Accueil","item":"http:\/\/somo-sam.com\/"},{"@type":"ListItem","position":2,"name":"Shop","item":"https:\/\/somo-sam.com\/?page_id=413"},{"@type":"ListItem","position":3,"name":"OPTER POUR LA SIMPLICITE DE POSE"}]},{"@type":"WebSite","@id":"http:\/\/somo-sam.com\/#website","url":"http:\/\/somo-sam.com\/","name":"SOMO S.A.M","description":"Votre partenaire en \u00e9quipements h\u00f4teliers et de restauration","potentialAction":[{"@type":"SearchAction","target":{"@type":"EntryPoint","urlTemplate":"http:\/\/somo-sam.com\/?s={search_term_string}"},"query-input":{"@type":"PropertyValueSpecification","valueRequired":true,"valueName":"search_term_string"}}],"inLanguage":"fr-FR"}]}},"_links":{"self":[{"href":"https:\/\/somo-sam.com\/index.php?rest_route=\/wp\/v2\/product\/29749","targetHints":{"allow":["GET"]}}],"collection":[{"href":"https:\/\/somo-sam.com\/index.php?rest_route=\/wp\/v2\/product"}],"about":[{"href":"https:\/\/somo-sam.com\/index.php?rest_route=\/wp\/v2\/types\/product"}],"version-history":[{"count":1,"href":"https:\/\/somo-sam.com\/index.php?rest_route=\/wp\/v2\/product\/29749\/revisions"}],"predecessor-version":[{"id":29752,"href":"https:\/\/somo-sam.com\/index.php?rest_route=\/wp\/v2\/product\/29749\/revisions\/29752"}],"wp:featuredmedia":[{"embeddable":true,"href":"https:\/\/somo-sam.com\/index.php?rest_route=\/wp\/v2\/media\/29750"}],"wp:attachment":[{"href":"https:\/\/somo-sam.com\/index.php?rest_route=%2Fwp%2Fv2%2Fmedia&parent=29749"}],"wp:term":[{"taxonomy":"product_brand","embeddable":true,"href":"https:\/\/somo-sam.com\/index.php?rest_route=%2Fwp%2Fv2%2Fproduct_brand&post=29749"},{"taxonomy":"product_cat","embeddable":true,"href":"https:\/\/somo-sam.com\/index.php?rest_route=%2Fwp%2Fv2%2Fproduct_cat&post=29749"},{"taxonomy":"product_tag","embeddable":true,"href":"https:\/\/somo-sam.com\/index.php?rest_route=%2Fwp%2Fv2%2Fproduct_tag&post=29749"}],"curies":[{"name":"wp","href":"https:\/\/api.w.org\/{rel}","templated":true}]}}