{"id":29753,"date":"2025-03-04T15:05:23","date_gmt":"2025-03-04T14:05:23","guid":{"rendered":"https:\/\/somo-sam.com\/?post_type=product&#038;p=29753"},"modified":"2025-03-04T15:05:23","modified_gmt":"2025-03-04T14:05:23","slug":"ferme-portillon-620c","status":"publish","type":"product","link":"https:\/\/somo-sam.com\/?product=ferme-portillon-620c","title":{"rendered":"FERME-PORTILLON 620C"},"content":{"rendered":"<p>Le ferme-portillon MAB est \u00e9quip\u00e9 de deux vitesses de fermeture, initiale et \u00e0-coup final, r\u00e9glables ind\u00e9pendamment gr\u00e2ce \u00e0 deux valves thermostatiques. Cette fonctionnalit\u00e9 permet une personnalisation pr\u00e9cise de la fermeture du portillon, assurant un contr\u00f4le maximal et une utilisation confortable en toutes circonstances.<\/p>\n<p>Ce ferme-portillon est sp\u00e9cialement con\u00e7u pour r\u00e9sister aux conditions ext\u00e9rieures les plus rudes. Dot\u00e9 d&#8217;une huile thermostatique fonctionnant de -20\u00b0 \u00e0 40\u00b0 et d&#8217;une protection anti-rouille, il garantit une grande long\u00e9vit\u00e9. De plus, l&#8217;enduit de peinture \u00e0 forte r\u00e9sistance \u00e0 la corrosion ajoute une couche suppl\u00e9mentaire de durabilit\u00e9.<\/p>\n<p>L&#8217;installation du ferme-portillon MAB est facilit\u00e9e par son design r\u00e9versible droite-gauche et son syst\u00e8me de montage ne n\u00e9cessitant aucune soudure. Il s&#8217;adapte parfaitement aux portails sans panneaux avec ou sans barres saillantes, et peut \u00eatre utilis\u00e9 avec une serrure \u00e0 g\u00e2che \u00e9lectrique. Sa glissi\u00e8re anti-pincement assure \u00e9galement une s\u00e9curit\u00e9 accrue lors de l&#8217;utilisation.<\/p>\n<p>&nbsp;<\/p>\n","protected":false},"excerpt":{"rendered":"<p>Le ferme-portillon MAB est \u00e9quip\u00e9 de deux vitesses de fermeture, initiale et \u00e0-coup final, r\u00e9glables ind\u00e9pendamment gr\u00e2ce \u00e0 deux valves<\/p>\n","protected":false},"featured_media":29756,"template":"","meta":{"_acf_changed":false,"_monsterinsights_skip_tracking":false,"_monsterinsights_sitenote_active":false,"_monsterinsights_sitenote_note":"","_monsterinsights_sitenote_category":0},"product_brand":[],"product_cat":[45,256],"product_tag":[],"class_list":{"0":"post-29753","1":"product","2":"type-product","3":"status-publish","4":"has-post-thumbnail","6":"product_cat-ferme-portillons","7":"product_cat-technique-fermeture","9":"first","10":"instock","11":"taxable","12":"shipping-taxable","13":"purchasable","14":"product-type-variable","15":"add-to-wishlist-after_add_to_cart"},"acf":[],"yoast_head":"<!-- This site is optimized with the Yoast SEO plugin v23.6 - https:\/\/yoast.com\/wordpress\/plugins\/seo\/ -->\n<title>FERME-PORTILLON 620C - SOMO S.A.M<\/title>\n<meta name=\"robots\" content=\"index, follow, max-snippet:-1, max-image-preview:large, max-video-preview:-1\" \/>\n<link rel=\"canonical\" href=\"http:\/\/somo-sam.com\/?product=ferme-portillon-620c\" \/>\n<meta property=\"og:locale\" content=\"fr_FR\" \/>\n<meta property=\"og:type\" content=\"article\" \/>\n<meta property=\"og:title\" content=\"FERME-PORTILLON 620C - SOMO S.A.M\" \/>\n<meta property=\"og:description\" content=\"Le ferme-portillon MAB est \u00e9quip\u00e9 de deux vitesses de fermeture, initiale et \u00e0-coup final, r\u00e9glables ind\u00e9pendamment gr\u00e2ce \u00e0 deux valves\" \/>\n<meta property=\"og:url\" content=\"http:\/\/somo-sam.com\/?product=ferme-portillon-620c\" \/>\n<meta property=\"og:site_name\" content=\"SOMO S.A.M\" \/>\n<meta property=\"og:image\" content=\"http:\/\/somo-sam.com\/wp-content\/uploads\/2025\/03\/FERME-PORTILLON-620C-3.png\" \/>\n\t<meta property=\"og:image:width\" content=\"1080\" \/>\n\t<meta property=\"og:image:height\" content=\"1080\" \/>\n\t<meta property=\"og:image:type\" content=\"image\/png\" \/>\n<meta name=\"twitter:card\" content=\"summary_large_image\" \/>\n<meta name=\"twitter:label1\" content=\"Dur\u00e9e de lecture estim\u00e9e\" \/>\n\t<meta name=\"twitter:data1\" content=\"1 minute\" \/>\n<script type=\"application\/ld+json\" class=\"yoast-schema-graph\">{\"@context\":\"https:\/\/schema.org\",\"@graph\":[{\"@type\":\"WebPage\",\"@id\":\"http:\/\/somo-sam.com\/?product=ferme-portillon-620c\",\"url\":\"http:\/\/somo-sam.com\/?product=ferme-portillon-620c\",\"name\":\"FERME-PORTILLON 620C - SOMO S.A.M\",\"isPartOf\":{\"@id\":\"http:\/\/somo-sam.com\/#website\"},\"primaryImageOfPage\":{\"@id\":\"http:\/\/somo-sam.com\/?product=ferme-portillon-620c#primaryimage\"},\"image\":{\"@id\":\"http:\/\/somo-sam.com\/?product=ferme-portillon-620c#primaryimage\"},\"thumbnailUrl\":\"https:\/\/somo-sam.com\/wp-content\/uploads\/2025\/03\/FERME-PORTILLON-620C-3.png\",\"datePublished\":\"2025-03-04T14:05:23+00:00\",\"dateModified\":\"2025-03-04T14:05:23+00:00\",\"breadcrumb\":{\"@id\":\"http:\/\/somo-sam.com\/?product=ferme-portillon-620c#breadcrumb\"},\"inLanguage\":\"fr-FR\",\"potentialAction\":[{\"@type\":\"ReadAction\",\"target\":[\"http:\/\/somo-sam.com\/?product=ferme-portillon-620c\"]}]},{\"@type\":\"ImageObject\",\"inLanguage\":\"fr-FR\",\"@id\":\"http:\/\/somo-sam.com\/?product=ferme-portillon-620c#primaryimage\",\"url\":\"https:\/\/somo-sam.com\/wp-content\/uploads\/2025\/03\/FERME-PORTILLON-620C-3.png\",\"contentUrl\":\"https:\/\/somo-sam.com\/wp-content\/uploads\/2025\/03\/FERME-PORTILLON-620C-3.png\",\"width\":1080,\"height\":1080},{\"@type\":\"BreadcrumbList\",\"@id\":\"http:\/\/somo-sam.com\/?product=ferme-portillon-620c#breadcrumb\",\"itemListElement\":[{\"@type\":\"ListItem\",\"position\":1,\"name\":\"Accueil\",\"item\":\"http:\/\/somo-sam.com\/\"},{\"@type\":\"ListItem\",\"position\":2,\"name\":\"Shop\",\"item\":\"https:\/\/somo-sam.com\/?page_id=413\"},{\"@type\":\"ListItem\",\"position\":3,\"name\":\"FERME-PORTILLON 620C\"}]},{\"@type\":\"WebSite\",\"@id\":\"http:\/\/somo-sam.com\/#website\",\"url\":\"http:\/\/somo-sam.com\/\",\"name\":\"SOMO S.A.M\",\"description\":\"Votre partenaire en \u00e9quipements h\u00f4teliers et de restauration\",\"potentialAction\":[{\"@type\":\"SearchAction\",\"target\":{\"@type\":\"EntryPoint\",\"urlTemplate\":\"http:\/\/somo-sam.com\/?s={search_term_string}\"},\"query-input\":{\"@type\":\"PropertyValueSpecification\",\"valueRequired\":true,\"valueName\":\"search_term_string\"}}],\"inLanguage\":\"fr-FR\"}]}<\/script>\n<!-- \/ Yoast SEO plugin. -->","yoast_head_json":{"title":"FERME-PORTILLON 620C - SOMO S.A.M","robots":{"index":"index","follow":"follow","max-snippet":"max-snippet:-1","max-image-preview":"max-image-preview:large","max-video-preview":"max-video-preview:-1"},"canonical":"http:\/\/somo-sam.com\/?product=ferme-portillon-620c","og_locale":"fr_FR","og_type":"article","og_title":"FERME-PORTILLON 620C - SOMO S.A.M","og_description":"Le ferme-portillon MAB est \u00e9quip\u00e9 de deux vitesses de fermeture, initiale et \u00e0-coup final, r\u00e9glables ind\u00e9pendamment gr\u00e2ce \u00e0 deux valves","og_url":"http:\/\/somo-sam.com\/?product=ferme-portillon-620c","og_site_name":"SOMO S.A.M","og_image":[{"width":1080,"height":1080,"url":"http:\/\/somo-sam.com\/wp-content\/uploads\/2025\/03\/FERME-PORTILLON-620C-3.png","type":"image\/png"}],"twitter_card":"summary_large_image","twitter_misc":{"Dur\u00e9e de lecture estim\u00e9e":"1 minute"},"schema":{"@context":"https:\/\/schema.org","@graph":[{"@type":"WebPage","@id":"http:\/\/somo-sam.com\/?product=ferme-portillon-620c","url":"http:\/\/somo-sam.com\/?product=ferme-portillon-620c","name":"FERME-PORTILLON 620C - SOMO S.A.M","isPartOf":{"@id":"http:\/\/somo-sam.com\/#website"},"primaryImageOfPage":{"@id":"http:\/\/somo-sam.com\/?product=ferme-portillon-620c#primaryimage"},"image":{"@id":"http:\/\/somo-sam.com\/?product=ferme-portillon-620c#primaryimage"},"thumbnailUrl":"https:\/\/somo-sam.com\/wp-content\/uploads\/2025\/03\/FERME-PORTILLON-620C-3.png","datePublished":"2025-03-04T14:05:23+00:00","dateModified":"2025-03-04T14:05:23+00:00","breadcrumb":{"@id":"http:\/\/somo-sam.com\/?product=ferme-portillon-620c#breadcrumb"},"inLanguage":"fr-FR","potentialAction":[{"@type":"ReadAction","target":["http:\/\/somo-sam.com\/?product=ferme-portillon-620c"]}]},{"@type":"ImageObject","inLanguage":"fr-FR","@id":"http:\/\/somo-sam.com\/?product=ferme-portillon-620c#primaryimage","url":"https:\/\/somo-sam.com\/wp-content\/uploads\/2025\/03\/FERME-PORTILLON-620C-3.png","contentUrl":"https:\/\/somo-sam.com\/wp-content\/uploads\/2025\/03\/FERME-PORTILLON-620C-3.png","width":1080,"height":1080},{"@type":"BreadcrumbList","@id":"http:\/\/somo-sam.com\/?product=ferme-portillon-620c#breadcrumb","itemListElement":[{"@type":"ListItem","position":1,"name":"Accueil","item":"http:\/\/somo-sam.com\/"},{"@type":"ListItem","position":2,"name":"Shop","item":"https:\/\/somo-sam.com\/?page_id=413"},{"@type":"ListItem","position":3,"name":"FERME-PORTILLON 620C"}]},{"@type":"WebSite","@id":"http:\/\/somo-sam.com\/#website","url":"http:\/\/somo-sam.com\/","name":"SOMO S.A.M","description":"Votre partenaire en \u00e9quipements h\u00f4teliers et de restauration","potentialAction":[{"@type":"SearchAction","target":{"@type":"EntryPoint","urlTemplate":"http:\/\/somo-sam.com\/?s={search_term_string}"},"query-input":{"@type":"PropertyValueSpecification","valueRequired":true,"valueName":"search_term_string"}}],"inLanguage":"fr-FR"}]}},"_links":{"self":[{"href":"https:\/\/somo-sam.com\/index.php?rest_route=\/wp\/v2\/product\/29753","targetHints":{"allow":["GET"]}}],"collection":[{"href":"https:\/\/somo-sam.com\/index.php?rest_route=\/wp\/v2\/product"}],"about":[{"href":"https:\/\/somo-sam.com\/index.php?rest_route=\/wp\/v2\/types\/product"}],"version-history":[{"count":1,"href":"https:\/\/somo-sam.com\/index.php?rest_route=\/wp\/v2\/product\/29753\/revisions"}],"predecessor-version":[{"id":29765,"href":"https:\/\/somo-sam.com\/index.php?rest_route=\/wp\/v2\/product\/29753\/revisions\/29765"}],"wp:featuredmedia":[{"embeddable":true,"href":"https:\/\/somo-sam.com\/index.php?rest_route=\/wp\/v2\/media\/29756"}],"wp:attachment":[{"href":"https:\/\/somo-sam.com\/index.php?rest_route=%2Fwp%2Fv2%2Fmedia&parent=29753"}],"wp:term":[{"taxonomy":"product_brand","embeddable":true,"href":"https:\/\/somo-sam.com\/index.php?rest_route=%2Fwp%2Fv2%2Fproduct_brand&post=29753"},{"taxonomy":"product_cat","embeddable":true,"href":"https:\/\/somo-sam.com\/index.php?rest_route=%2Fwp%2Fv2%2Fproduct_cat&post=29753"},{"taxonomy":"product_tag","embeddable":true,"href":"https:\/\/somo-sam.com\/index.php?rest_route=%2Fwp%2Fv2%2Fproduct_tag&post=29753"}],"curies":[{"name":"wp","href":"https:\/\/api.w.org\/{rel}","templated":true}]}}