{"id":29777,"date":"2025-03-04T15:40:15","date_gmt":"2025-03-04T14:40:15","guid":{"rendered":"https:\/\/somo-sam.com\/?post_type=product&#038;p=29777"},"modified":"2025-03-04T15:53:34","modified_gmt":"2025-03-04T14:53:34","slug":"ferme-portillon-680c","status":"publish","type":"product","link":"https:\/\/somo-sam.com\/?product=ferme-portillon-680c","title":{"rendered":"FERME-PORTILLON 680C"},"content":{"rendered":"<p data-start=\"45\" data-end=\"80\"><strong data-start=\"47\" data-end=\"78\">Robustesse et compatibilit\u00e9<\/strong><\/p>\n<ul data-start=\"81\" data-end=\"227\">\n<li data-start=\"81\" data-end=\"135\">Corps en fonte, con\u00e7u pour une durabilit\u00e9 maximale<\/li>\n<li data-start=\"136\" data-end=\"227\">Compatible avec des portillons jusqu&#8217;\u00e0 <strong data-start=\"177\" data-end=\"199\">1400 mm de largeur<\/strong> et <strong data-start=\"203\" data-end=\"225\">2800 mm de hauteur<\/strong><\/li>\n<\/ul>\n<p data-start=\"229\" data-end=\"267\"><strong data-start=\"231\" data-end=\"265\">Contr\u00f4le et s\u00e9curit\u00e9 optimis\u00e9s<\/strong><\/p>\n<ul data-start=\"268\" data-end=\"538\">\n<li data-start=\"268\" data-end=\"402\"><strong data-start=\"270\" data-end=\"301\">Double r\u00e9glage de fermeture<\/strong> : vitesses initiale et \u00e0-coup final ajustables ind\u00e9pendamment gr\u00e2ce \u00e0 <strong data-start=\"372\" data-end=\"400\">2 valves thermostatiques<\/strong><\/li>\n<li data-start=\"403\" data-end=\"477\"><strong data-start=\"405\" data-end=\"450\">Frein \u00e0 l\u2019ouverture r\u00e9glable (Back Check)<\/strong> pour un contr\u00f4le optimal<\/li>\n<li data-start=\"478\" data-end=\"538\"><strong data-start=\"480\" data-end=\"508\">Glissi\u00e8re anti-pincement<\/strong> pour une s\u00e9curit\u00e9 renforc\u00e9e<\/li>\n<\/ul>\n<p data-start=\"540\" data-end=\"571\"><strong data-start=\"542\" data-end=\"569\">Fiabilit\u00e9 et r\u00e9sistance<\/strong><\/p>\n<ul data-start=\"572\" data-end=\"794\">\n<li data-start=\"572\" data-end=\"632\"><strong data-start=\"574\" data-end=\"602\">Test\u00e9 sur 500 000 cycles<\/strong> pour une long\u00e9vit\u00e9 garantie<\/li>\n<li data-start=\"633\" data-end=\"720\"><strong data-start=\"635\" data-end=\"659\">Huile thermostatique<\/strong> performante, adapt\u00e9e aux temp\u00e9ratures de <strong data-start=\"701\" data-end=\"718\">-20\u00b0C \u00e0 +40\u00b0C<\/strong><\/li>\n<li data-start=\"721\" data-end=\"794\"><strong data-start=\"723\" data-end=\"749\">Traitement antirouille<\/strong> pour une r\u00e9sistance accrue aux intemp\u00e9ries<\/li>\n<\/ul>\n<p data-start=\"796\" data-end=\"836\"><strong data-start=\"798\" data-end=\"834\">Installation rapide et adaptable<\/strong><\/p>\n<ul data-start=\"837\" data-end=\"1054\">\n<li data-start=\"837\" data-end=\"921\"><strong data-start=\"839\" data-end=\"860\">Vis auto-foreuses<\/strong> pour une pose simplifi\u00e9e, sans besoin d\u2019outils sp\u00e9cifiques<\/li>\n<li data-start=\"922\" data-end=\"977\">Compatible avec les <strong data-start=\"944\" data-end=\"975\">serrures \u00e0 g\u00e2che \u00e9lectrique<\/strong><\/li>\n<li data-start=\"978\" data-end=\"1054\"><strong data-start=\"980\" data-end=\"1002\">Montage r\u00e9versible<\/strong> : convient aux installations <strong data-start=\"1032\" data-end=\"1052\">gauche et droite<\/strong><\/li>\n<\/ul>\n","protected":false},"excerpt":{"rendered":"<h2>FERME-PORTILLON 680C<\/h2>\n","protected":false},"featured_media":29778,"template":"","meta":{"_acf_changed":false,"_monsterinsights_skip_tracking":false,"_monsterinsights_sitenote_active":false,"_monsterinsights_sitenote_note":"","_monsterinsights_sitenote_category":0},"product_brand":[283],"product_cat":[45,256],"product_tag":[],"class_list":{"0":"post-29777","1":"product","2":"type-product","3":"status-publish","4":"has-post-thumbnail","6":"product_brand-assa-abloy","7":"product_cat-ferme-portillons","8":"product_cat-technique-fermeture","10":"first","11":"instock","12":"taxable","13":"shipping-taxable","14":"purchasable","15":"product-type-variable","16":"add-to-wishlist-after_add_to_cart"},"acf":[],"yoast_head":"<!-- This site is optimized with the Yoast SEO plugin v23.6 - https:\/\/yoast.com\/wordpress\/plugins\/seo\/ -->\n<title>FERME-PORTILLON 680C - SOMO S.A.M<\/title>\n<meta name=\"robots\" content=\"index, follow, max-snippet:-1, max-image-preview:large, max-video-preview:-1\" \/>\n<link rel=\"canonical\" href=\"http:\/\/somo-sam.com\/?product=ferme-portillon-680c\" \/>\n<meta property=\"og:locale\" content=\"fr_FR\" \/>\n<meta property=\"og:type\" content=\"article\" \/>\n<meta property=\"og:title\" content=\"FERME-PORTILLON 680C - SOMO S.A.M\" \/>\n<meta property=\"og:description\" content=\"FERME-PORTILLON 680C\" \/>\n<meta property=\"og:url\" content=\"http:\/\/somo-sam.com\/?product=ferme-portillon-680c\" \/>\n<meta property=\"og:site_name\" content=\"SOMO S.A.M\" \/>\n<meta property=\"article:modified_time\" content=\"2025-03-04T14:53:34+00:00\" \/>\n<meta property=\"og:image\" content=\"http:\/\/somo-sam.com\/wp-content\/uploads\/2025\/03\/680C.png\" \/>\n\t<meta property=\"og:image:width\" content=\"1080\" \/>\n\t<meta property=\"og:image:height\" content=\"1080\" \/>\n\t<meta property=\"og:image:type\" content=\"image\/png\" \/>\n<meta name=\"twitter:card\" content=\"summary_large_image\" \/>\n<meta name=\"twitter:label1\" content=\"Dur\u00e9e de lecture estim\u00e9e\" \/>\n\t<meta name=\"twitter:data1\" content=\"1 minute\" \/>\n<script type=\"application\/ld+json\" class=\"yoast-schema-graph\">{\"@context\":\"https:\/\/schema.org\",\"@graph\":[{\"@type\":\"WebPage\",\"@id\":\"http:\/\/somo-sam.com\/?product=ferme-portillon-680c\",\"url\":\"http:\/\/somo-sam.com\/?product=ferme-portillon-680c\",\"name\":\"FERME-PORTILLON 680C - SOMO S.A.M\",\"isPartOf\":{\"@id\":\"http:\/\/somo-sam.com\/#website\"},\"primaryImageOfPage\":{\"@id\":\"http:\/\/somo-sam.com\/?product=ferme-portillon-680c#primaryimage\"},\"image\":{\"@id\":\"http:\/\/somo-sam.com\/?product=ferme-portillon-680c#primaryimage\"},\"thumbnailUrl\":\"https:\/\/somo-sam.com\/wp-content\/uploads\/2025\/03\/680C.png\",\"datePublished\":\"2025-03-04T14:40:15+00:00\",\"dateModified\":\"2025-03-04T14:53:34+00:00\",\"breadcrumb\":{\"@id\":\"http:\/\/somo-sam.com\/?product=ferme-portillon-680c#breadcrumb\"},\"inLanguage\":\"fr-FR\",\"potentialAction\":[{\"@type\":\"ReadAction\",\"target\":[\"http:\/\/somo-sam.com\/?product=ferme-portillon-680c\"]}]},{\"@type\":\"ImageObject\",\"inLanguage\":\"fr-FR\",\"@id\":\"http:\/\/somo-sam.com\/?product=ferme-portillon-680c#primaryimage\",\"url\":\"https:\/\/somo-sam.com\/wp-content\/uploads\/2025\/03\/680C.png\",\"contentUrl\":\"https:\/\/somo-sam.com\/wp-content\/uploads\/2025\/03\/680C.png\",\"width\":1080,\"height\":1080},{\"@type\":\"BreadcrumbList\",\"@id\":\"http:\/\/somo-sam.com\/?product=ferme-portillon-680c#breadcrumb\",\"itemListElement\":[{\"@type\":\"ListItem\",\"position\":1,\"name\":\"Accueil\",\"item\":\"http:\/\/somo-sam.com\/\"},{\"@type\":\"ListItem\",\"position\":2,\"name\":\"Shop\",\"item\":\"https:\/\/somo-sam.com\/?page_id=413\"},{\"@type\":\"ListItem\",\"position\":3,\"name\":\"FERME-PORTILLON 680C\"}]},{\"@type\":\"WebSite\",\"@id\":\"http:\/\/somo-sam.com\/#website\",\"url\":\"http:\/\/somo-sam.com\/\",\"name\":\"SOMO S.A.M\",\"description\":\"Votre partenaire en \u00e9quipements h\u00f4teliers et de restauration\",\"potentialAction\":[{\"@type\":\"SearchAction\",\"target\":{\"@type\":\"EntryPoint\",\"urlTemplate\":\"http:\/\/somo-sam.com\/?s={search_term_string}\"},\"query-input\":{\"@type\":\"PropertyValueSpecification\",\"valueRequired\":true,\"valueName\":\"search_term_string\"}}],\"inLanguage\":\"fr-FR\"}]}<\/script>\n<!-- \/ Yoast SEO plugin. -->","yoast_head_json":{"title":"FERME-PORTILLON 680C - SOMO S.A.M","robots":{"index":"index","follow":"follow","max-snippet":"max-snippet:-1","max-image-preview":"max-image-preview:large","max-video-preview":"max-video-preview:-1"},"canonical":"http:\/\/somo-sam.com\/?product=ferme-portillon-680c","og_locale":"fr_FR","og_type":"article","og_title":"FERME-PORTILLON 680C - SOMO S.A.M","og_description":"FERME-PORTILLON 680C","og_url":"http:\/\/somo-sam.com\/?product=ferme-portillon-680c","og_site_name":"SOMO S.A.M","article_modified_time":"2025-03-04T14:53:34+00:00","og_image":[{"width":1080,"height":1080,"url":"http:\/\/somo-sam.com\/wp-content\/uploads\/2025\/03\/680C.png","type":"image\/png"}],"twitter_card":"summary_large_image","twitter_misc":{"Dur\u00e9e de lecture estim\u00e9e":"1 minute"},"schema":{"@context":"https:\/\/schema.org","@graph":[{"@type":"WebPage","@id":"http:\/\/somo-sam.com\/?product=ferme-portillon-680c","url":"http:\/\/somo-sam.com\/?product=ferme-portillon-680c","name":"FERME-PORTILLON 680C - SOMO S.A.M","isPartOf":{"@id":"http:\/\/somo-sam.com\/#website"},"primaryImageOfPage":{"@id":"http:\/\/somo-sam.com\/?product=ferme-portillon-680c#primaryimage"},"image":{"@id":"http:\/\/somo-sam.com\/?product=ferme-portillon-680c#primaryimage"},"thumbnailUrl":"https:\/\/somo-sam.com\/wp-content\/uploads\/2025\/03\/680C.png","datePublished":"2025-03-04T14:40:15+00:00","dateModified":"2025-03-04T14:53:34+00:00","breadcrumb":{"@id":"http:\/\/somo-sam.com\/?product=ferme-portillon-680c#breadcrumb"},"inLanguage":"fr-FR","potentialAction":[{"@type":"ReadAction","target":["http:\/\/somo-sam.com\/?product=ferme-portillon-680c"]}]},{"@type":"ImageObject","inLanguage":"fr-FR","@id":"http:\/\/somo-sam.com\/?product=ferme-portillon-680c#primaryimage","url":"https:\/\/somo-sam.com\/wp-content\/uploads\/2025\/03\/680C.png","contentUrl":"https:\/\/somo-sam.com\/wp-content\/uploads\/2025\/03\/680C.png","width":1080,"height":1080},{"@type":"BreadcrumbList","@id":"http:\/\/somo-sam.com\/?product=ferme-portillon-680c#breadcrumb","itemListElement":[{"@type":"ListItem","position":1,"name":"Accueil","item":"http:\/\/somo-sam.com\/"},{"@type":"ListItem","position":2,"name":"Shop","item":"https:\/\/somo-sam.com\/?page_id=413"},{"@type":"ListItem","position":3,"name":"FERME-PORTILLON 680C"}]},{"@type":"WebSite","@id":"http:\/\/somo-sam.com\/#website","url":"http:\/\/somo-sam.com\/","name":"SOMO S.A.M","description":"Votre partenaire en \u00e9quipements h\u00f4teliers et de restauration","potentialAction":[{"@type":"SearchAction","target":{"@type":"EntryPoint","urlTemplate":"http:\/\/somo-sam.com\/?s={search_term_string}"},"query-input":{"@type":"PropertyValueSpecification","valueRequired":true,"valueName":"search_term_string"}}],"inLanguage":"fr-FR"}]}},"_links":{"self":[{"href":"https:\/\/somo-sam.com\/index.php?rest_route=\/wp\/v2\/product\/29777","targetHints":{"allow":["GET"]}}],"collection":[{"href":"https:\/\/somo-sam.com\/index.php?rest_route=\/wp\/v2\/product"}],"about":[{"href":"https:\/\/somo-sam.com\/index.php?rest_route=\/wp\/v2\/types\/product"}],"version-history":[{"count":1,"href":"https:\/\/somo-sam.com\/index.php?rest_route=\/wp\/v2\/product\/29777\/revisions"}],"predecessor-version":[{"id":29786,"href":"https:\/\/somo-sam.com\/index.php?rest_route=\/wp\/v2\/product\/29777\/revisions\/29786"}],"wp:featuredmedia":[{"embeddable":true,"href":"https:\/\/somo-sam.com\/index.php?rest_route=\/wp\/v2\/media\/29778"}],"wp:attachment":[{"href":"https:\/\/somo-sam.com\/index.php?rest_route=%2Fwp%2Fv2%2Fmedia&parent=29777"}],"wp:term":[{"taxonomy":"product_brand","embeddable":true,"href":"https:\/\/somo-sam.com\/index.php?rest_route=%2Fwp%2Fv2%2Fproduct_brand&post=29777"},{"taxonomy":"product_cat","embeddable":true,"href":"https:\/\/somo-sam.com\/index.php?rest_route=%2Fwp%2Fv2%2Fproduct_cat&post=29777"},{"taxonomy":"product_tag","embeddable":true,"href":"https:\/\/somo-sam.com\/index.php?rest_route=%2Fwp%2Fv2%2Fproduct_tag&post=29777"}],"curies":[{"name":"wp","href":"https:\/\/api.w.org\/{rel}","templated":true}]}}