{"id":29797,"date":"2025-03-05T12:17:54","date_gmt":"2025-03-05T11:17:54","guid":{"rendered":"https:\/\/somo-sam.com\/?post_type=product&#038;p=29797"},"modified":"2025-03-05T12:17:55","modified_gmt":"2025-03-05T11:17:55","slug":"hh300-charniere-equerre-pour-porte-verre","status":"publish","type":"product","link":"https:\/\/somo-sam.com\/?product=hh300-charniere-equerre-pour-porte-verre","title":{"rendered":"HH300 &#8211; CHARNIERE EQUERRE POUR PORTE VERRE"},"content":{"rendered":"<p data-start=\"0\" data-end=\"177\">HH300 Paumelle hydraulique d\u2019angle \u00e0 fermeture automatique avec technologie Cam-Motion\u00ae, adapt\u00e9e aux portes en verre int\u00e9rieures jusqu\u2019\u00e0 1000 mm de largeur et 100 kg de poids.<\/p>\n<p data-start=\"179\" data-end=\"441\">La vitesse de fermeture est contr\u00f4l\u00e9e par deux valves ind\u00e9pendantes facilement r\u00e9glables, garantissant une fermeture en douceur ou une action de verrouillage puissante, assurant ainsi une fermeture correcte m\u00eame en pr\u00e9sence de serrures difficiles \u00e0 enclencher.<\/p>\n<p data-start=\"443\" data-end=\"585\">Les r\u00e9glages peuvent \u00eatre effectu\u00e9s dans toutes les directions pour compenser les probl\u00e8mes de niveau du sol sans avoir \u00e0 d\u00e9monter la porte.<\/p>\n<p data-start=\"587\" data-end=\"604\"><strong data-start=\"587\" data-end=\"602\">Variantes :<\/strong><\/p>\n<ul data-start=\"605\" data-end=\"669\">\n<li data-start=\"605\" data-end=\"617\">Standard<\/li>\n<li data-start=\"618\" data-end=\"669\">Avec dispositif de maintien en position ouverte<\/li>\n<\/ul>\n<p data-start=\"671\" data-end=\"710\" data-is-last-node=\"\" data-is-only-node=\"\"><strong data-start=\"671\" data-end=\"686\">Finitions :<\/strong> Acier inoxydable satin\u00e9<\/p>\n","protected":false},"excerpt":{"rendered":"<h2>HH300 &#8211; CHARNIERE EQUERRE POUR PORTE VERRE<\/h2>\n","protected":false},"featured_media":29798,"template":"","meta":{"_acf_changed":false,"_monsterinsights_skip_tracking":false,"_monsterinsights_sitenote_active":false,"_monsterinsights_sitenote_note":"","_monsterinsights_sitenote_category":0},"product_brand":[283],"product_cat":[260,256],"product_tag":[],"class_list":{"0":"post-29797","1":"product","2":"type-product","3":"status-publish","4":"has-post-thumbnail","6":"product_brand-assa-abloy","7":"product_cat-charniere","8":"product_cat-technique-fermeture","10":"first","11":"instock","12":"taxable","13":"shipping-taxable","14":"purchasable","15":"product-type-variable","16":"add-to-wishlist-after_add_to_cart"},"acf":[],"yoast_head":"<!-- This site is optimized with the Yoast SEO plugin v23.6 - https:\/\/yoast.com\/wordpress\/plugins\/seo\/ -->\n<title>HH300 - CHARNIERE EQUERRE POUR PORTE VERRE - SOMO S.A.M<\/title>\n<meta name=\"description\" content=\"HH300 Paumelle hydraulique d\u2019angle \u00e0 fermeture automatique avec technologie Cam-Motion\u00ae, adapt\u00e9e aux portes en verre int\u00e9rieures jusqu\u2019\u00e0 1000 mm de largeur et 100 kg de poids.\" \/>\n<meta name=\"robots\" content=\"index, follow, max-snippet:-1, max-image-preview:large, max-video-preview:-1\" \/>\n<link rel=\"canonical\" href=\"https:\/\/somo-sam.com\/?product=hh300-charniere-equerre-pour-porte-verre\" \/>\n<meta property=\"og:locale\" content=\"fr_FR\" \/>\n<meta property=\"og:type\" content=\"article\" \/>\n<meta property=\"og:title\" content=\"HH300 - CHARNIERE EQUERRE POUR PORTE VERRE - SOMO S.A.M\" \/>\n<meta property=\"og:description\" content=\"HH300 Paumelle hydraulique d\u2019angle \u00e0 fermeture automatique avec technologie Cam-Motion\u00ae, adapt\u00e9e aux portes en verre int\u00e9rieures jusqu\u2019\u00e0 1000 mm de largeur et 100 kg de poids.\" \/>\n<meta property=\"og:url\" content=\"https:\/\/somo-sam.com\/?product=hh300-charniere-equerre-pour-porte-verre\" \/>\n<meta property=\"og:site_name\" content=\"SOMO S.A.M\" \/>\n<meta property=\"article:modified_time\" content=\"2025-03-05T11:17:55+00:00\" \/>\n<meta property=\"og:image\" content=\"https:\/\/somo-sam.com\/wp-content\/uploads\/2025\/03\/hh300-silver_1x1.webp\" \/>\n\t<meta property=\"og:image:width\" content=\"760\" \/>\n\t<meta property=\"og:image:height\" content=\"760\" \/>\n\t<meta property=\"og:image:type\" content=\"image\/webp\" \/>\n<meta name=\"twitter:card\" content=\"summary_large_image\" \/>\n<meta name=\"twitter:label1\" content=\"Dur\u00e9e de lecture estim\u00e9e\" \/>\n\t<meta name=\"twitter:data1\" content=\"1 minute\" \/>\n<script type=\"application\/ld+json\" class=\"yoast-schema-graph\">{\"@context\":\"https:\/\/schema.org\",\"@graph\":[{\"@type\":\"WebPage\",\"@id\":\"https:\/\/somo-sam.com\/?product=hh300-charniere-equerre-pour-porte-verre\",\"url\":\"https:\/\/somo-sam.com\/?product=hh300-charniere-equerre-pour-porte-verre\",\"name\":\"HH300 - CHARNIERE EQUERRE POUR PORTE VERRE - SOMO S.A.M\",\"isPartOf\":{\"@id\":\"http:\/\/somo-sam.com\/#website\"},\"primaryImageOfPage\":{\"@id\":\"https:\/\/somo-sam.com\/?product=hh300-charniere-equerre-pour-porte-verre#primaryimage\"},\"image\":{\"@id\":\"https:\/\/somo-sam.com\/?product=hh300-charniere-equerre-pour-porte-verre#primaryimage\"},\"thumbnailUrl\":\"https:\/\/somo-sam.com\/wp-content\/uploads\/2025\/03\/hh300-silver_1x1.webp\",\"datePublished\":\"2025-03-05T11:17:54+00:00\",\"dateModified\":\"2025-03-05T11:17:55+00:00\",\"description\":\"HH300 Paumelle hydraulique d\u2019angle \u00e0 fermeture automatique avec technologie Cam-Motion\u00ae, adapt\u00e9e aux portes en verre int\u00e9rieures jusqu\u2019\u00e0 1000 mm de largeur et 100 kg de poids.\",\"breadcrumb\":{\"@id\":\"https:\/\/somo-sam.com\/?product=hh300-charniere-equerre-pour-porte-verre#breadcrumb\"},\"inLanguage\":\"fr-FR\",\"potentialAction\":[{\"@type\":\"ReadAction\",\"target\":[\"https:\/\/somo-sam.com\/?product=hh300-charniere-equerre-pour-porte-verre\"]}]},{\"@type\":\"ImageObject\",\"inLanguage\":\"fr-FR\",\"@id\":\"https:\/\/somo-sam.com\/?product=hh300-charniere-equerre-pour-porte-verre#primaryimage\",\"url\":\"https:\/\/somo-sam.com\/wp-content\/uploads\/2025\/03\/hh300-silver_1x1.webp\",\"contentUrl\":\"https:\/\/somo-sam.com\/wp-content\/uploads\/2025\/03\/hh300-silver_1x1.webp\",\"width\":760,\"height\":760},{\"@type\":\"BreadcrumbList\",\"@id\":\"https:\/\/somo-sam.com\/?product=hh300-charniere-equerre-pour-porte-verre#breadcrumb\",\"itemListElement\":[{\"@type\":\"ListItem\",\"position\":1,\"name\":\"Accueil\",\"item\":\"http:\/\/somo-sam.com\/\"},{\"@type\":\"ListItem\",\"position\":2,\"name\":\"Shop\",\"item\":\"https:\/\/somo-sam.com\/?page_id=413\"},{\"@type\":\"ListItem\",\"position\":3,\"name\":\"HH300 &#8211; CHARNIERE EQUERRE POUR PORTE VERRE\"}]},{\"@type\":\"WebSite\",\"@id\":\"http:\/\/somo-sam.com\/#website\",\"url\":\"http:\/\/somo-sam.com\/\",\"name\":\"SOMO S.A.M\",\"description\":\"Votre partenaire en \u00e9quipements h\u00f4teliers et de restauration\",\"potentialAction\":[{\"@type\":\"SearchAction\",\"target\":{\"@type\":\"EntryPoint\",\"urlTemplate\":\"http:\/\/somo-sam.com\/?s={search_term_string}\"},\"query-input\":{\"@type\":\"PropertyValueSpecification\",\"valueRequired\":true,\"valueName\":\"search_term_string\"}}],\"inLanguage\":\"fr-FR\"}]}<\/script>\n<!-- \/ Yoast SEO plugin. -->","yoast_head_json":{"title":"HH300 - CHARNIERE EQUERRE POUR PORTE VERRE - SOMO S.A.M","description":"HH300 Paumelle hydraulique d\u2019angle \u00e0 fermeture automatique avec technologie Cam-Motion\u00ae, adapt\u00e9e aux portes en verre int\u00e9rieures jusqu\u2019\u00e0 1000 mm de largeur et 100 kg de poids.","robots":{"index":"index","follow":"follow","max-snippet":"max-snippet:-1","max-image-preview":"max-image-preview:large","max-video-preview":"max-video-preview:-1"},"canonical":"https:\/\/somo-sam.com\/?product=hh300-charniere-equerre-pour-porte-verre","og_locale":"fr_FR","og_type":"article","og_title":"HH300 - CHARNIERE EQUERRE POUR PORTE VERRE - SOMO S.A.M","og_description":"HH300 Paumelle hydraulique d\u2019angle \u00e0 fermeture automatique avec technologie Cam-Motion\u00ae, adapt\u00e9e aux portes en verre int\u00e9rieures jusqu\u2019\u00e0 1000 mm de largeur et 100 kg de poids.","og_url":"https:\/\/somo-sam.com\/?product=hh300-charniere-equerre-pour-porte-verre","og_site_name":"SOMO S.A.M","article_modified_time":"2025-03-05T11:17:55+00:00","og_image":[{"width":760,"height":760,"url":"https:\/\/somo-sam.com\/wp-content\/uploads\/2025\/03\/hh300-silver_1x1.webp","type":"image\/webp"}],"twitter_card":"summary_large_image","twitter_misc":{"Dur\u00e9e de lecture estim\u00e9e":"1 minute"},"schema":{"@context":"https:\/\/schema.org","@graph":[{"@type":"WebPage","@id":"https:\/\/somo-sam.com\/?product=hh300-charniere-equerre-pour-porte-verre","url":"https:\/\/somo-sam.com\/?product=hh300-charniere-equerre-pour-porte-verre","name":"HH300 - CHARNIERE EQUERRE POUR PORTE VERRE - SOMO S.A.M","isPartOf":{"@id":"http:\/\/somo-sam.com\/#website"},"primaryImageOfPage":{"@id":"https:\/\/somo-sam.com\/?product=hh300-charniere-equerre-pour-porte-verre#primaryimage"},"image":{"@id":"https:\/\/somo-sam.com\/?product=hh300-charniere-equerre-pour-porte-verre#primaryimage"},"thumbnailUrl":"https:\/\/somo-sam.com\/wp-content\/uploads\/2025\/03\/hh300-silver_1x1.webp","datePublished":"2025-03-05T11:17:54+00:00","dateModified":"2025-03-05T11:17:55+00:00","description":"HH300 Paumelle hydraulique d\u2019angle \u00e0 fermeture automatique avec technologie Cam-Motion\u00ae, adapt\u00e9e aux portes en verre int\u00e9rieures jusqu\u2019\u00e0 1000 mm de largeur et 100 kg de poids.","breadcrumb":{"@id":"https:\/\/somo-sam.com\/?product=hh300-charniere-equerre-pour-porte-verre#breadcrumb"},"inLanguage":"fr-FR","potentialAction":[{"@type":"ReadAction","target":["https:\/\/somo-sam.com\/?product=hh300-charniere-equerre-pour-porte-verre"]}]},{"@type":"ImageObject","inLanguage":"fr-FR","@id":"https:\/\/somo-sam.com\/?product=hh300-charniere-equerre-pour-porte-verre#primaryimage","url":"https:\/\/somo-sam.com\/wp-content\/uploads\/2025\/03\/hh300-silver_1x1.webp","contentUrl":"https:\/\/somo-sam.com\/wp-content\/uploads\/2025\/03\/hh300-silver_1x1.webp","width":760,"height":760},{"@type":"BreadcrumbList","@id":"https:\/\/somo-sam.com\/?product=hh300-charniere-equerre-pour-porte-verre#breadcrumb","itemListElement":[{"@type":"ListItem","position":1,"name":"Accueil","item":"http:\/\/somo-sam.com\/"},{"@type":"ListItem","position":2,"name":"Shop","item":"https:\/\/somo-sam.com\/?page_id=413"},{"@type":"ListItem","position":3,"name":"HH300 &#8211; CHARNIERE EQUERRE POUR PORTE VERRE"}]},{"@type":"WebSite","@id":"http:\/\/somo-sam.com\/#website","url":"http:\/\/somo-sam.com\/","name":"SOMO S.A.M","description":"Votre partenaire en \u00e9quipements h\u00f4teliers et de restauration","potentialAction":[{"@type":"SearchAction","target":{"@type":"EntryPoint","urlTemplate":"http:\/\/somo-sam.com\/?s={search_term_string}"},"query-input":{"@type":"PropertyValueSpecification","valueRequired":true,"valueName":"search_term_string"}}],"inLanguage":"fr-FR"}]}},"_links":{"self":[{"href":"https:\/\/somo-sam.com\/index.php?rest_route=\/wp\/v2\/product\/29797","targetHints":{"allow":["GET"]}}],"collection":[{"href":"https:\/\/somo-sam.com\/index.php?rest_route=\/wp\/v2\/product"}],"about":[{"href":"https:\/\/somo-sam.com\/index.php?rest_route=\/wp\/v2\/types\/product"}],"version-history":[{"count":1,"href":"https:\/\/somo-sam.com\/index.php?rest_route=\/wp\/v2\/product\/29797\/revisions"}],"predecessor-version":[{"id":29818,"href":"https:\/\/somo-sam.com\/index.php?rest_route=\/wp\/v2\/product\/29797\/revisions\/29818"}],"wp:featuredmedia":[{"embeddable":true,"href":"https:\/\/somo-sam.com\/index.php?rest_route=\/wp\/v2\/media\/29798"}],"wp:attachment":[{"href":"https:\/\/somo-sam.com\/index.php?rest_route=%2Fwp%2Fv2%2Fmedia&parent=29797"}],"wp:term":[{"taxonomy":"product_brand","embeddable":true,"href":"https:\/\/somo-sam.com\/index.php?rest_route=%2Fwp%2Fv2%2Fproduct_brand&post=29797"},{"taxonomy":"product_cat","embeddable":true,"href":"https:\/\/somo-sam.com\/index.php?rest_route=%2Fwp%2Fv2%2Fproduct_cat&post=29797"},{"taxonomy":"product_tag","embeddable":true,"href":"https:\/\/somo-sam.com\/index.php?rest_route=%2Fwp%2Fv2%2Fproduct_tag&post=29797"}],"curies":[{"name":"wp","href":"https:\/\/api.w.org\/{rel}","templated":true}]}}