{"id":29819,"date":"2025-03-05T12:57:35","date_gmt":"2025-03-05T11:57:35","guid":{"rendered":"https:\/\/somo-sam.com\/?post_type=product&#038;p=29819"},"modified":"2025-03-05T12:57:36","modified_gmt":"2025-03-05T11:57:36","slug":"pivot-de-sol-serie-4200","status":"publish","type":"product","link":"https:\/\/somo-sam.com\/?product=pivot-de-sol-serie-4200","title":{"rendered":"PIVOT DE SOL S\u00e9rie 4200"},"content":{"rendered":"<p data-start=\"91\" data-end=\"177\"><strong data-start=\"91\" data-end=\"177\">Pivots de sol en fonte avec plaque inox pour portes \u00e0 double action jusqu\u2019\u00e0 100 kg<\/strong><\/p>\n<ul data-start=\"179\" data-end=\"1173\">\n<li data-start=\"179\" data-end=\"349\"><strong data-start=\"181\" data-end=\"205\">Polyvalence de force<\/strong> : Un seul corps pour trois forces fixes diff\u00e9rentes (EN2-3-4), adapt\u00e9 pour des portes avec des largeurs maximales de 800 mm, 950 mm et 1100 mm.<\/li>\n<li data-start=\"350\" data-end=\"497\"><strong data-start=\"352\" data-end=\"371\">R\u00e9glages pr\u00e9cis<\/strong> : Deux vitesses de fermeture r\u00e9glables ind\u00e9pendamment (vitesse initiale et \u00e0-coup final) gr\u00e2ce \u00e0 deux valves thermostatiques.<\/li>\n<li data-start=\"498\" data-end=\"643\"><strong data-start=\"500\" data-end=\"522\">Normes de s\u00e9curit\u00e9<\/strong> : Certifi\u00e9 par des laboratoires europ\u00e9ens pour une utilisation sur portes coupe-feu (conformes aux normes 4232 et 4242).<\/li>\n<li data-start=\"644\" data-end=\"722\"><strong data-start=\"646\" data-end=\"669\">Protection optimale<\/strong> : Traitement antirouille pour une durabilit\u00e9 accrue.<\/li>\n<li data-start=\"723\" data-end=\"794\"><strong data-start=\"725\" data-end=\"749\">Plage de temp\u00e9rature<\/strong> : Contr\u00f4le hydraulique fiable jusqu\u2019\u00e0 175\u00b0C.<\/li>\n<li data-start=\"795\" data-end=\"870\" data-is-only-node=\"\"><strong data-start=\"797\" data-end=\"816\">Options d\u2019arr\u00eat<\/strong> : Arr\u00eat \u00e0 90\u00b0 ou 105\u00b0 selon le besoin, ou sans arr\u00eat.<\/li>\n<li data-start=\"871\" data-end=\"961\"><strong data-start=\"873\" data-end=\"911\">Compatibilit\u00e9 avec diff\u00e9rents axes<\/strong> : Choix entre axes fran\u00e7ais, italien ou allemand.<\/li>\n<li data-start=\"962\" data-end=\"1046\"><strong data-start=\"964\" data-end=\"989\">Installation flexible<\/strong> : Montage possible \u00e0 gauche, \u00e0 droite ou en va-et-vient.<\/li>\n<li data-start=\"1047\" data-end=\"1173\"><strong data-start=\"1049\" data-end=\"1073\">Finitions de qualit\u00e9<\/strong> : Disponible en inox, laiton ou satin, pour une adaptation parfaite \u00e0 l&#8217;esth\u00e9tique de votre projet.<\/li>\n<\/ul>\n","protected":false},"excerpt":{"rendered":"<h2>PIVOT DE SOL S\u00e9rie 4200<\/h2>\n","protected":false},"featured_media":29820,"template":"","meta":{"_acf_changed":false,"_monsterinsights_skip_tracking":false,"_monsterinsights_sitenote_active":false,"_monsterinsights_sitenote_note":"","_monsterinsights_sitenote_category":0},"product_brand":[283],"product_cat":[49,256],"product_tag":[],"class_list":{"0":"post-29819","1":"product","2":"type-product","3":"status-publish","4":"has-post-thumbnail","6":"product_brand-assa-abloy","7":"product_cat-pivotsdesol","8":"product_cat-technique-fermeture","10":"first","11":"instock","12":"taxable","13":"shipping-taxable","14":"purchasable","15":"product-type-variable","16":"add-to-wishlist-after_add_to_cart"},"acf":[],"yoast_head":"<!-- This site is optimized with the Yoast SEO plugin v23.6 - https:\/\/yoast.com\/wordpress\/plugins\/seo\/ -->\n<title>PIVOT DE SOL S\u00e9rie 4200 - SOMO S.A.M<\/title>\n<meta name=\"robots\" content=\"index, follow, max-snippet:-1, max-image-preview:large, max-video-preview:-1\" \/>\n<link rel=\"canonical\" href=\"https:\/\/somo-sam.com\/?product=pivot-de-sol-serie-4200\" \/>\n<meta property=\"og:locale\" content=\"fr_FR\" \/>\n<meta property=\"og:type\" content=\"article\" \/>\n<meta property=\"og:title\" content=\"PIVOT DE SOL S\u00e9rie 4200 - SOMO S.A.M\" \/>\n<meta property=\"og:description\" content=\"PIVOT DE SOL S\u00e9rie 4200\" \/>\n<meta property=\"og:url\" content=\"https:\/\/somo-sam.com\/?product=pivot-de-sol-serie-4200\" \/>\n<meta property=\"og:site_name\" content=\"SOMO S.A.M\" \/>\n<meta property=\"article:modified_time\" content=\"2025-03-05T11:57:36+00:00\" \/>\n<meta property=\"og:image\" content=\"https:\/\/somo-sam.com\/wp-content\/uploads\/2025\/03\/pivot-de-sol-4200.png\" \/>\n\t<meta property=\"og:image:width\" content=\"1080\" \/>\n\t<meta property=\"og:image:height\" content=\"1080\" \/>\n\t<meta property=\"og:image:type\" content=\"image\/png\" \/>\n<meta name=\"twitter:card\" content=\"summary_large_image\" \/>\n<meta name=\"twitter:label1\" content=\"Dur\u00e9e de lecture estim\u00e9e\" \/>\n\t<meta name=\"twitter:data1\" content=\"1 minute\" \/>\n<script type=\"application\/ld+json\" class=\"yoast-schema-graph\">{\"@context\":\"https:\/\/schema.org\",\"@graph\":[{\"@type\":\"WebPage\",\"@id\":\"https:\/\/somo-sam.com\/?product=pivot-de-sol-serie-4200\",\"url\":\"https:\/\/somo-sam.com\/?product=pivot-de-sol-serie-4200\",\"name\":\"PIVOT DE SOL S\u00e9rie 4200 - SOMO S.A.M\",\"isPartOf\":{\"@id\":\"https:\/\/somo-sam.com\/#website\"},\"primaryImageOfPage\":{\"@id\":\"https:\/\/somo-sam.com\/?product=pivot-de-sol-serie-4200#primaryimage\"},\"image\":{\"@id\":\"https:\/\/somo-sam.com\/?product=pivot-de-sol-serie-4200#primaryimage\"},\"thumbnailUrl\":\"https:\/\/somo-sam.com\/wp-content\/uploads\/2025\/03\/pivot-de-sol-4200.png\",\"datePublished\":\"2025-03-05T11:57:35+00:00\",\"dateModified\":\"2025-03-05T11:57:36+00:00\",\"breadcrumb\":{\"@id\":\"https:\/\/somo-sam.com\/?product=pivot-de-sol-serie-4200#breadcrumb\"},\"inLanguage\":\"fr-FR\",\"potentialAction\":[{\"@type\":\"ReadAction\",\"target\":[\"https:\/\/somo-sam.com\/?product=pivot-de-sol-serie-4200\"]}]},{\"@type\":\"ImageObject\",\"inLanguage\":\"fr-FR\",\"@id\":\"https:\/\/somo-sam.com\/?product=pivot-de-sol-serie-4200#primaryimage\",\"url\":\"https:\/\/somo-sam.com\/wp-content\/uploads\/2025\/03\/pivot-de-sol-4200.png\",\"contentUrl\":\"https:\/\/somo-sam.com\/wp-content\/uploads\/2025\/03\/pivot-de-sol-4200.png\",\"width\":1080,\"height\":1080},{\"@type\":\"BreadcrumbList\",\"@id\":\"https:\/\/somo-sam.com\/?product=pivot-de-sol-serie-4200#breadcrumb\",\"itemListElement\":[{\"@type\":\"ListItem\",\"position\":1,\"name\":\"Accueil\",\"item\":\"https:\/\/somo-sam.com\/\"},{\"@type\":\"ListItem\",\"position\":2,\"name\":\"Shop\",\"item\":\"https:\/\/somo-sam.com\/?page_id=413\"},{\"@type\":\"ListItem\",\"position\":3,\"name\":\"PIVOT DE SOL S\u00e9rie 4200\"}]},{\"@type\":\"WebSite\",\"@id\":\"https:\/\/somo-sam.com\/#website\",\"url\":\"https:\/\/somo-sam.com\/\",\"name\":\"SOMO S.A.M\",\"description\":\"Votre partenaire en \u00e9quipements h\u00f4teliers et de restauration\",\"potentialAction\":[{\"@type\":\"SearchAction\",\"target\":{\"@type\":\"EntryPoint\",\"urlTemplate\":\"https:\/\/somo-sam.com\/?s={search_term_string}\"},\"query-input\":{\"@type\":\"PropertyValueSpecification\",\"valueRequired\":true,\"valueName\":\"search_term_string\"}}],\"inLanguage\":\"fr-FR\"}]}<\/script>\n<!-- \/ Yoast SEO plugin. -->","yoast_head_json":{"title":"PIVOT DE SOL S\u00e9rie 4200 - SOMO S.A.M","robots":{"index":"index","follow":"follow","max-snippet":"max-snippet:-1","max-image-preview":"max-image-preview:large","max-video-preview":"max-video-preview:-1"},"canonical":"https:\/\/somo-sam.com\/?product=pivot-de-sol-serie-4200","og_locale":"fr_FR","og_type":"article","og_title":"PIVOT DE SOL S\u00e9rie 4200 - SOMO S.A.M","og_description":"PIVOT DE SOL S\u00e9rie 4200","og_url":"https:\/\/somo-sam.com\/?product=pivot-de-sol-serie-4200","og_site_name":"SOMO S.A.M","article_modified_time":"2025-03-05T11:57:36+00:00","og_image":[{"width":1080,"height":1080,"url":"https:\/\/somo-sam.com\/wp-content\/uploads\/2025\/03\/pivot-de-sol-4200.png","type":"image\/png"}],"twitter_card":"summary_large_image","twitter_misc":{"Dur\u00e9e de lecture estim\u00e9e":"1 minute"},"schema":{"@context":"https:\/\/schema.org","@graph":[{"@type":"WebPage","@id":"https:\/\/somo-sam.com\/?product=pivot-de-sol-serie-4200","url":"https:\/\/somo-sam.com\/?product=pivot-de-sol-serie-4200","name":"PIVOT DE SOL S\u00e9rie 4200 - SOMO S.A.M","isPartOf":{"@id":"https:\/\/somo-sam.com\/#website"},"primaryImageOfPage":{"@id":"https:\/\/somo-sam.com\/?product=pivot-de-sol-serie-4200#primaryimage"},"image":{"@id":"https:\/\/somo-sam.com\/?product=pivot-de-sol-serie-4200#primaryimage"},"thumbnailUrl":"https:\/\/somo-sam.com\/wp-content\/uploads\/2025\/03\/pivot-de-sol-4200.png","datePublished":"2025-03-05T11:57:35+00:00","dateModified":"2025-03-05T11:57:36+00:00","breadcrumb":{"@id":"https:\/\/somo-sam.com\/?product=pivot-de-sol-serie-4200#breadcrumb"},"inLanguage":"fr-FR","potentialAction":[{"@type":"ReadAction","target":["https:\/\/somo-sam.com\/?product=pivot-de-sol-serie-4200"]}]},{"@type":"ImageObject","inLanguage":"fr-FR","@id":"https:\/\/somo-sam.com\/?product=pivot-de-sol-serie-4200#primaryimage","url":"https:\/\/somo-sam.com\/wp-content\/uploads\/2025\/03\/pivot-de-sol-4200.png","contentUrl":"https:\/\/somo-sam.com\/wp-content\/uploads\/2025\/03\/pivot-de-sol-4200.png","width":1080,"height":1080},{"@type":"BreadcrumbList","@id":"https:\/\/somo-sam.com\/?product=pivot-de-sol-serie-4200#breadcrumb","itemListElement":[{"@type":"ListItem","position":1,"name":"Accueil","item":"https:\/\/somo-sam.com\/"},{"@type":"ListItem","position":2,"name":"Shop","item":"https:\/\/somo-sam.com\/?page_id=413"},{"@type":"ListItem","position":3,"name":"PIVOT DE SOL S\u00e9rie 4200"}]},{"@type":"WebSite","@id":"https:\/\/somo-sam.com\/#website","url":"https:\/\/somo-sam.com\/","name":"SOMO S.A.M","description":"Votre partenaire en \u00e9quipements h\u00f4teliers et de restauration","potentialAction":[{"@type":"SearchAction","target":{"@type":"EntryPoint","urlTemplate":"https:\/\/somo-sam.com\/?s={search_term_string}"},"query-input":{"@type":"PropertyValueSpecification","valueRequired":true,"valueName":"search_term_string"}}],"inLanguage":"fr-FR"}]}},"_links":{"self":[{"href":"https:\/\/somo-sam.com\/index.php?rest_route=\/wp\/v2\/product\/29819","targetHints":{"allow":["GET"]}}],"collection":[{"href":"https:\/\/somo-sam.com\/index.php?rest_route=\/wp\/v2\/product"}],"about":[{"href":"https:\/\/somo-sam.com\/index.php?rest_route=\/wp\/v2\/types\/product"}],"version-history":[{"count":1,"href":"https:\/\/somo-sam.com\/index.php?rest_route=\/wp\/v2\/product\/29819\/revisions"}],"predecessor-version":[{"id":29835,"href":"https:\/\/somo-sam.com\/index.php?rest_route=\/wp\/v2\/product\/29819\/revisions\/29835"}],"wp:featuredmedia":[{"embeddable":true,"href":"https:\/\/somo-sam.com\/index.php?rest_route=\/wp\/v2\/media\/29820"}],"wp:attachment":[{"href":"https:\/\/somo-sam.com\/index.php?rest_route=%2Fwp%2Fv2%2Fmedia&parent=29819"}],"wp:term":[{"taxonomy":"product_brand","embeddable":true,"href":"https:\/\/somo-sam.com\/index.php?rest_route=%2Fwp%2Fv2%2Fproduct_brand&post=29819"},{"taxonomy":"product_cat","embeddable":true,"href":"https:\/\/somo-sam.com\/index.php?rest_route=%2Fwp%2Fv2%2Fproduct_cat&post=29819"},{"taxonomy":"product_tag","embeddable":true,"href":"https:\/\/somo-sam.com\/index.php?rest_route=%2Fwp%2Fv2%2Fproduct_tag&post=29819"}],"curies":[{"name":"wp","href":"https:\/\/api.w.org\/{rel}","templated":true}]}}