{"id":29836,"date":"2025-03-05T14:32:20","date_gmt":"2025-03-05T13:32:20","guid":{"rendered":"https:\/\/somo-sam.com\/?post_type=product&#038;p=29836"},"modified":"2025-03-05T14:32:20","modified_gmt":"2025-03-05T13:32:20","slug":"serie-7100-pivots-de-sol-force-axe-fixe","status":"publish","type":"product","link":"https:\/\/somo-sam.com\/?product=serie-7100-pivots-de-sol-force-axe-fixe","title":{"rendered":"S\u00e9rie 7100 -Pivots de sol, Force &#038; Axe fixe"},"content":{"rendered":"<p data-start=\"70\" data-end=\"159\"><strong data-start=\"70\" data-end=\"159\">S\u00e9rie 7100 -Pivots de sol, Force &amp; Axe fixe avec technologie Cam-Motion\u00ae pour portes jusqu\u2019\u00e0 100 kg<\/strong><\/p>\n<p data-start=\"161\" data-end=\"436\">La s\u00e9rie 7100 est un ferme-porte \u00e0 ressort de sol \u00e9quip\u00e9 de la technologie Cam-Motion\u00ae adapt\u00e9e pour des portes allant jusqu\u2019\u00e0 100 kg. Elle est id\u00e9ale pour les portes int\u00e9rieures commerciales et r\u00e9sidentielles gr\u00e2ce \u00e0 sa taille compacte et sa faible force d\u2019ouverture requise.<\/p>\n<ul data-start=\"438\" data-end=\"1420\">\n<li data-start=\"438\" data-end=\"501\"><strong data-start=\"440\" data-end=\"467\">Force de fermeture fixe<\/strong> : 1\/2\/3 selon les normes EN 1154.<\/li>\n<li data-start=\"502\" data-end=\"670\"><strong data-start=\"504\" data-end=\"524\">Design universel<\/strong> : Convient aux portes \u00e0 ouverture \u00e0 gauche et \u00e0 droite, ainsi qu&#8217;aux portes \u00e0 un ou deux vantaux. Adapt\u00e9 pour les portes en bois, m\u00e9tal et verre.<\/li>\n<li data-start=\"671\" data-end=\"967\"><strong data-start=\"673\" data-end=\"693\">R\u00e9glages faciles<\/strong> : Peut \u00eatre ajust\u00e9 dans toutes les directions pour r\u00e9soudre les probl\u00e8mes de niveau de sol sans n\u00e9cessit\u00e9 de retirer la porte. La large gamme de r\u00e9glages verticaux permet de r\u00e9soudre les probl\u00e8mes de friction excessive des portes sans avoir besoin de broche suppl\u00e9mentaire.<\/li>\n<li data-start=\"968\" data-end=\"1108\"><strong data-start=\"970\" data-end=\"1025\">Fermeture douce ou action de verrouillage puissante<\/strong> : Garantit une fermeture correcte m\u00eame pour les serrures difficiles \u00e0 verrouiller.<\/li>\n<li data-start=\"1109\" data-end=\"1257\"><strong data-start=\"1111\" data-end=\"1145\">Vitesse de fermeture contr\u00f4l\u00e9e<\/strong> : Deux valves ind\u00e9pendantes non critiques facilement r\u00e9glables permettent de contr\u00f4ler la vitesse de fermeture.<\/li>\n<li data-start=\"1258\" data-end=\"1315\"><strong data-start=\"1260\" data-end=\"1280\">Axes disponibles<\/strong> : Italiens (standard) et Fran\u00e7ais.<\/li>\n<li data-start=\"1316\" data-end=\"1420\" data-is-only-node=\"\"><strong data-start=\"1318\" data-end=\"1357\">Finitions des plaques de couverture<\/strong> : Acier inoxydable poli, acier inoxydable satin\u00e9, laiton poli.<\/li>\n<\/ul>\n","protected":false},"excerpt":{"rendered":"<h2><strong data-start=\"70\" data-end=\"159\">S\u00e9rie 7100 -Pivots de sol, Force &amp; Axe fixe<\/strong><\/h2>\n","protected":false},"featured_media":29837,"template":"","meta":{"_acf_changed":false,"_monsterinsights_skip_tracking":false,"_monsterinsights_sitenote_active":false,"_monsterinsights_sitenote_note":"","_monsterinsights_sitenote_category":0},"product_brand":[283],"product_cat":[49,256],"product_tag":[],"class_list":{"0":"post-29836","1":"product","2":"type-product","3":"status-publish","4":"has-post-thumbnail","6":"product_brand-assa-abloy","7":"product_cat-pivotsdesol","8":"product_cat-technique-fermeture","10":"first","11":"instock","12":"taxable","13":"shipping-taxable","14":"purchasable","15":"product-type-variable","16":"add-to-wishlist-after_add_to_cart"},"acf":[],"yoast_head":"<!-- This site is optimized with the Yoast SEO plugin v23.6 - https:\/\/yoast.com\/wordpress\/plugins\/seo\/ -->\n<title>S\u00e9rie 7100 -Pivots de sol, Force &amp; Axe fixe - SOMO S.A.M<\/title>\n<meta name=\"description\" content=\"La s\u00e9rie 7100 est un ferme-porte \u00e0 ressort de sol \u00e9quip\u00e9 de la technologie Cam-Motion\u00ae adapt\u00e9e pour des portes allant jusqu\u2019\u00e0 100 kg. Elle est id\u00e9ale pour les portes int\u00e9rieures commerciales et r\u00e9sidentielles gr\u00e2ce \u00e0 sa taille compacte et sa faible force d\u2019ouverture requise.\" \/>\n<meta name=\"robots\" content=\"index, follow, max-snippet:-1, max-image-preview:large, max-video-preview:-1\" \/>\n<link rel=\"canonical\" href=\"https:\/\/somo-sam.com\/?product=serie-7100-pivots-de-sol-force-axe-fixe\" \/>\n<meta property=\"og:locale\" content=\"fr_FR\" \/>\n<meta property=\"og:type\" content=\"article\" \/>\n<meta property=\"og:title\" content=\"S\u00e9rie 7100 -Pivots de sol, Force &amp; Axe fixe - SOMO S.A.M\" \/>\n<meta property=\"og:description\" content=\"La s\u00e9rie 7100 est un ferme-porte \u00e0 ressort de sol \u00e9quip\u00e9 de la technologie Cam-Motion\u00ae adapt\u00e9e pour des portes allant jusqu\u2019\u00e0 100 kg. Elle est id\u00e9ale pour les portes int\u00e9rieures commerciales et r\u00e9sidentielles gr\u00e2ce \u00e0 sa taille compacte et sa faible force d\u2019ouverture requise.\" \/>\n<meta property=\"og:url\" content=\"https:\/\/somo-sam.com\/?product=serie-7100-pivots-de-sol-force-axe-fixe\" \/>\n<meta property=\"og:site_name\" content=\"SOMO S.A.M\" \/>\n<meta property=\"og:image\" content=\"https:\/\/somo-sam.com\/wp-content\/uploads\/2025\/03\/SERIE-7100-FORCE-AXE-FIXE-2.png\" \/>\n\t<meta property=\"og:image:width\" content=\"1080\" \/>\n\t<meta property=\"og:image:height\" content=\"1080\" \/>\n\t<meta property=\"og:image:type\" content=\"image\/png\" \/>\n<meta name=\"twitter:card\" content=\"summary_large_image\" \/>\n<meta name=\"twitter:label1\" content=\"Dur\u00e9e de lecture estim\u00e9e\" \/>\n\t<meta name=\"twitter:data1\" content=\"2 minutes\" \/>\n<script type=\"application\/ld+json\" class=\"yoast-schema-graph\">{\"@context\":\"https:\/\/schema.org\",\"@graph\":[{\"@type\":\"WebPage\",\"@id\":\"https:\/\/somo-sam.com\/?product=serie-7100-pivots-de-sol-force-axe-fixe\",\"url\":\"https:\/\/somo-sam.com\/?product=serie-7100-pivots-de-sol-force-axe-fixe\",\"name\":\"S\u00e9rie 7100 -Pivots de sol, Force & Axe fixe - SOMO S.A.M\",\"isPartOf\":{\"@id\":\"http:\/\/somo-sam.com\/#website\"},\"primaryImageOfPage\":{\"@id\":\"https:\/\/somo-sam.com\/?product=serie-7100-pivots-de-sol-force-axe-fixe#primaryimage\"},\"image\":{\"@id\":\"https:\/\/somo-sam.com\/?product=serie-7100-pivots-de-sol-force-axe-fixe#primaryimage\"},\"thumbnailUrl\":\"https:\/\/somo-sam.com\/wp-content\/uploads\/2025\/03\/SERIE-7100-FORCE-AXE-FIXE-2.png\",\"datePublished\":\"2025-03-05T13:32:20+00:00\",\"dateModified\":\"2025-03-05T13:32:20+00:00\",\"description\":\"La s\u00e9rie 7100 est un ferme-porte \u00e0 ressort de sol \u00e9quip\u00e9 de la technologie Cam-Motion\u00ae adapt\u00e9e pour des portes allant jusqu\u2019\u00e0 100 kg. Elle est id\u00e9ale pour les portes int\u00e9rieures commerciales et r\u00e9sidentielles gr\u00e2ce \u00e0 sa taille compacte et sa faible force d\u2019ouverture requise.\",\"breadcrumb\":{\"@id\":\"https:\/\/somo-sam.com\/?product=serie-7100-pivots-de-sol-force-axe-fixe#breadcrumb\"},\"inLanguage\":\"fr-FR\",\"potentialAction\":[{\"@type\":\"ReadAction\",\"target\":[\"https:\/\/somo-sam.com\/?product=serie-7100-pivots-de-sol-force-axe-fixe\"]}]},{\"@type\":\"ImageObject\",\"inLanguage\":\"fr-FR\",\"@id\":\"https:\/\/somo-sam.com\/?product=serie-7100-pivots-de-sol-force-axe-fixe#primaryimage\",\"url\":\"https:\/\/somo-sam.com\/wp-content\/uploads\/2025\/03\/SERIE-7100-FORCE-AXE-FIXE-2.png\",\"contentUrl\":\"https:\/\/somo-sam.com\/wp-content\/uploads\/2025\/03\/SERIE-7100-FORCE-AXE-FIXE-2.png\",\"width\":1080,\"height\":1080},{\"@type\":\"BreadcrumbList\",\"@id\":\"https:\/\/somo-sam.com\/?product=serie-7100-pivots-de-sol-force-axe-fixe#breadcrumb\",\"itemListElement\":[{\"@type\":\"ListItem\",\"position\":1,\"name\":\"Accueil\",\"item\":\"http:\/\/somo-sam.com\/\"},{\"@type\":\"ListItem\",\"position\":2,\"name\":\"Shop\",\"item\":\"https:\/\/somo-sam.com\/?page_id=413\"},{\"@type\":\"ListItem\",\"position\":3,\"name\":\"S\u00e9rie 7100 -Pivots de sol, Force &#038; Axe fixe\"}]},{\"@type\":\"WebSite\",\"@id\":\"http:\/\/somo-sam.com\/#website\",\"url\":\"http:\/\/somo-sam.com\/\",\"name\":\"SOMO S.A.M\",\"description\":\"Votre partenaire en \u00e9quipements h\u00f4teliers et de restauration\",\"potentialAction\":[{\"@type\":\"SearchAction\",\"target\":{\"@type\":\"EntryPoint\",\"urlTemplate\":\"http:\/\/somo-sam.com\/?s={search_term_string}\"},\"query-input\":{\"@type\":\"PropertyValueSpecification\",\"valueRequired\":true,\"valueName\":\"search_term_string\"}}],\"inLanguage\":\"fr-FR\"}]}<\/script>\n<!-- \/ Yoast SEO plugin. -->","yoast_head_json":{"title":"S\u00e9rie 7100 -Pivots de sol, Force & Axe fixe - SOMO S.A.M","description":"La s\u00e9rie 7100 est un ferme-porte \u00e0 ressort de sol \u00e9quip\u00e9 de la technologie Cam-Motion\u00ae adapt\u00e9e pour des portes allant jusqu\u2019\u00e0 100 kg. Elle est id\u00e9ale pour les portes int\u00e9rieures commerciales et r\u00e9sidentielles gr\u00e2ce \u00e0 sa taille compacte et sa faible force d\u2019ouverture requise.","robots":{"index":"index","follow":"follow","max-snippet":"max-snippet:-1","max-image-preview":"max-image-preview:large","max-video-preview":"max-video-preview:-1"},"canonical":"https:\/\/somo-sam.com\/?product=serie-7100-pivots-de-sol-force-axe-fixe","og_locale":"fr_FR","og_type":"article","og_title":"S\u00e9rie 7100 -Pivots de sol, Force & Axe fixe - SOMO S.A.M","og_description":"La s\u00e9rie 7100 est un ferme-porte \u00e0 ressort de sol \u00e9quip\u00e9 de la technologie Cam-Motion\u00ae adapt\u00e9e pour des portes allant jusqu\u2019\u00e0 100 kg. Elle est id\u00e9ale pour les portes int\u00e9rieures commerciales et r\u00e9sidentielles gr\u00e2ce \u00e0 sa taille compacte et sa faible force d\u2019ouverture requise.","og_url":"https:\/\/somo-sam.com\/?product=serie-7100-pivots-de-sol-force-axe-fixe","og_site_name":"SOMO S.A.M","og_image":[{"width":1080,"height":1080,"url":"https:\/\/somo-sam.com\/wp-content\/uploads\/2025\/03\/SERIE-7100-FORCE-AXE-FIXE-2.png","type":"image\/png"}],"twitter_card":"summary_large_image","twitter_misc":{"Dur\u00e9e de lecture estim\u00e9e":"2 minutes"},"schema":{"@context":"https:\/\/schema.org","@graph":[{"@type":"WebPage","@id":"https:\/\/somo-sam.com\/?product=serie-7100-pivots-de-sol-force-axe-fixe","url":"https:\/\/somo-sam.com\/?product=serie-7100-pivots-de-sol-force-axe-fixe","name":"S\u00e9rie 7100 -Pivots de sol, Force & Axe fixe - SOMO S.A.M","isPartOf":{"@id":"http:\/\/somo-sam.com\/#website"},"primaryImageOfPage":{"@id":"https:\/\/somo-sam.com\/?product=serie-7100-pivots-de-sol-force-axe-fixe#primaryimage"},"image":{"@id":"https:\/\/somo-sam.com\/?product=serie-7100-pivots-de-sol-force-axe-fixe#primaryimage"},"thumbnailUrl":"https:\/\/somo-sam.com\/wp-content\/uploads\/2025\/03\/SERIE-7100-FORCE-AXE-FIXE-2.png","datePublished":"2025-03-05T13:32:20+00:00","dateModified":"2025-03-05T13:32:20+00:00","description":"La s\u00e9rie 7100 est un ferme-porte \u00e0 ressort de sol \u00e9quip\u00e9 de la technologie Cam-Motion\u00ae adapt\u00e9e pour des portes allant jusqu\u2019\u00e0 100 kg. Elle est id\u00e9ale pour les portes int\u00e9rieures commerciales et r\u00e9sidentielles gr\u00e2ce \u00e0 sa taille compacte et sa faible force d\u2019ouverture requise.","breadcrumb":{"@id":"https:\/\/somo-sam.com\/?product=serie-7100-pivots-de-sol-force-axe-fixe#breadcrumb"},"inLanguage":"fr-FR","potentialAction":[{"@type":"ReadAction","target":["https:\/\/somo-sam.com\/?product=serie-7100-pivots-de-sol-force-axe-fixe"]}]},{"@type":"ImageObject","inLanguage":"fr-FR","@id":"https:\/\/somo-sam.com\/?product=serie-7100-pivots-de-sol-force-axe-fixe#primaryimage","url":"https:\/\/somo-sam.com\/wp-content\/uploads\/2025\/03\/SERIE-7100-FORCE-AXE-FIXE-2.png","contentUrl":"https:\/\/somo-sam.com\/wp-content\/uploads\/2025\/03\/SERIE-7100-FORCE-AXE-FIXE-2.png","width":1080,"height":1080},{"@type":"BreadcrumbList","@id":"https:\/\/somo-sam.com\/?product=serie-7100-pivots-de-sol-force-axe-fixe#breadcrumb","itemListElement":[{"@type":"ListItem","position":1,"name":"Accueil","item":"http:\/\/somo-sam.com\/"},{"@type":"ListItem","position":2,"name":"Shop","item":"https:\/\/somo-sam.com\/?page_id=413"},{"@type":"ListItem","position":3,"name":"S\u00e9rie 7100 -Pivots de sol, Force &#038; Axe fixe"}]},{"@type":"WebSite","@id":"http:\/\/somo-sam.com\/#website","url":"http:\/\/somo-sam.com\/","name":"SOMO S.A.M","description":"Votre partenaire en \u00e9quipements h\u00f4teliers et de restauration","potentialAction":[{"@type":"SearchAction","target":{"@type":"EntryPoint","urlTemplate":"http:\/\/somo-sam.com\/?s={search_term_string}"},"query-input":{"@type":"PropertyValueSpecification","valueRequired":true,"valueName":"search_term_string"}}],"inLanguage":"fr-FR"}]}},"_links":{"self":[{"href":"https:\/\/somo-sam.com\/index.php?rest_route=\/wp\/v2\/product\/29836","targetHints":{"allow":["GET"]}}],"collection":[{"href":"https:\/\/somo-sam.com\/index.php?rest_route=\/wp\/v2\/product"}],"about":[{"href":"https:\/\/somo-sam.com\/index.php?rest_route=\/wp\/v2\/types\/product"}],"version-history":[{"count":1,"href":"https:\/\/somo-sam.com\/index.php?rest_route=\/wp\/v2\/product\/29836\/revisions"}],"predecessor-version":[{"id":29861,"href":"https:\/\/somo-sam.com\/index.php?rest_route=\/wp\/v2\/product\/29836\/revisions\/29861"}],"wp:featuredmedia":[{"embeddable":true,"href":"https:\/\/somo-sam.com\/index.php?rest_route=\/wp\/v2\/media\/29837"}],"wp:attachment":[{"href":"https:\/\/somo-sam.com\/index.php?rest_route=%2Fwp%2Fv2%2Fmedia&parent=29836"}],"wp:term":[{"taxonomy":"product_brand","embeddable":true,"href":"https:\/\/somo-sam.com\/index.php?rest_route=%2Fwp%2Fv2%2Fproduct_brand&post=29836"},{"taxonomy":"product_cat","embeddable":true,"href":"https:\/\/somo-sam.com\/index.php?rest_route=%2Fwp%2Fv2%2Fproduct_cat&post=29836"},{"taxonomy":"product_tag","embeddable":true,"href":"https:\/\/somo-sam.com\/index.php?rest_route=%2Fwp%2Fv2%2Fproduct_tag&post=29836"}],"curies":[{"name":"wp","href":"https:\/\/api.w.org\/{rel}","templated":true}]}}