{"id":29899,"date":"2025-03-10T12:01:45","date_gmt":"2025-03-10T11:01:45","guid":{"rendered":"https:\/\/somo-sam.com\/?post_type=product&#038;p=29899"},"modified":"2025-03-10T12:01:46","modified_gmt":"2025-03-10T11:01:46","slug":"serie-7700-force-reglable","status":"publish","type":"product","link":"https:\/\/somo-sam.com\/?product=serie-7700-force-reglable","title":{"rendered":"SERIE 7700 FORCE REGLABLE"},"content":{"rendered":"<p data-start=\"0\" data-end=\"209\">La S\u00e9rie 7700 est un ferme-porte \u00e0 encastrer avec technologie Cam-Motion\u00ae, certifi\u00e9 pour les portes coupe-feu jusqu\u2019\u00e0 170 kg (version sans maintien en position ouverte uniquement) et conforme au marquage CE.<\/p>\n<p data-start=\"211\" data-end=\"407\">Sa force de fermeture est r\u00e9glable de 2 \u00e0 4 selon la norme EN 1154. Son design universel permet une installation sur des portes droites et gauches, ainsi que sur des portes \u00e0 un ou deux vantaux.<\/p>\n<p data-start=\"409\" data-end=\"599\">Adapt\u00e9 aux portes en bois, m\u00e9tal et verre, il est id\u00e9al pour les portes int\u00e9rieures r\u00e9sidentielles gr\u00e2ce \u00e0 sa force d\u2019ouverture et de fermeture ajustable, facilitant ainsi son utilisation.<\/p>\n<p data-start=\"601\" data-end=\"778\">Les r\u00e9glages peuvent \u00eatre effectu\u00e9s facilement dans toutes les directions \u00e0 l\u2019int\u00e9rieur du bo\u00eetier de scellement, permettant d\u2019apporter des corrections sans d\u00e9monter la porte.<\/p>\n<p data-start=\"780\" data-end=\"1047\">Son action de fermeture douce ou de verrouillage puissant garantit une fermeture efficace, m\u00eame avec des serrures difficiles \u00e0 enclencher. La vitesse de fermeture et l\u2019\u00e0-coup final sont r\u00e9gl\u00e9s par deux soupapes ind\u00e9pendantes et non critiques, facilement ajustables.<\/p>\n<p data-start=\"1049\" data-end=\"1178\">\u00c9quip\u00e9 d\u2019une soupape de surpression, il propose \u00e9galement une gamme de pivots interchangeables (italien, fran\u00e7ais et allemand).<\/p>\n<p data-start=\"1180\" data-end=\"1280\" data-is-last-node=\"\" data-is-only-node=\"\">Finitions des plaques de recouvrement : Acier inoxydable poli, Acier inoxydable satin\u00e9, Laiton poli.<\/p>\n","protected":false},"excerpt":{"rendered":"<p>La S\u00e9rie 7700 est un ferme-porte \u00e0 encastrer avec technologie Cam-Motion\u00ae, certifi\u00e9 pour les portes coupe-feu jusqu\u2019\u00e0 170 kg (version<\/p>\n","protected":false},"featured_media":29900,"template":"","meta":{"_acf_changed":false,"_monsterinsights_skip_tracking":false,"_monsterinsights_sitenote_active":false,"_monsterinsights_sitenote_note":"","_monsterinsights_sitenote_category":0},"product_brand":[283],"product_cat":[49,256],"product_tag":[],"class_list":{"0":"post-29899","1":"product","2":"type-product","3":"status-publish","4":"has-post-thumbnail","6":"product_brand-assa-abloy","7":"product_cat-pivotsdesol","8":"product_cat-technique-fermeture","10":"first","11":"instock","12":"taxable","13":"shipping-taxable","14":"purchasable","15":"product-type-variable","16":"add-to-wishlist-after_add_to_cart"},"acf":[],"yoast_head":"<!-- This site is optimized with the Yoast SEO plugin v23.6 - https:\/\/yoast.com\/wordpress\/plugins\/seo\/ -->\n<title>SERIE 7700 FORCE REGLABLE - SOMO S.A.M<\/title>\n<meta name=\"description\" content=\"La S\u00e9rie 7700 est un ferme-porte \u00e0 encastrer avec technologie Cam-Motion\u00ae, certifi\u00e9 pour les portes coupe-feu jusqu\u2019\u00e0 170 kg.\" \/>\n<meta name=\"robots\" content=\"index, follow, max-snippet:-1, max-image-preview:large, max-video-preview:-1\" \/>\n<link rel=\"canonical\" href=\"https:\/\/somo-sam.com\/?product=serie-7700-force-reglable\" \/>\n<meta property=\"og:locale\" content=\"fr_FR\" \/>\n<meta property=\"og:type\" content=\"article\" \/>\n<meta property=\"og:title\" content=\"SERIE 7700 FORCE REGLABLE - SOMO S.A.M\" \/>\n<meta property=\"og:description\" content=\"La S\u00e9rie 7700 est un ferme-porte \u00e0 encastrer avec technologie Cam-Motion\u00ae, certifi\u00e9 pour les portes coupe-feu jusqu\u2019\u00e0 170 kg.\" \/>\n<meta property=\"og:url\" content=\"https:\/\/somo-sam.com\/?product=serie-7700-force-reglable\" \/>\n<meta property=\"og:site_name\" content=\"SOMO S.A.M\" \/>\n<meta property=\"article:modified_time\" content=\"2025-03-10T11:01:46+00:00\" \/>\n<meta property=\"og:image\" content=\"https:\/\/somo-sam.com\/wp-content\/uploads\/2025\/03\/SERIE-7700-FORCE-REGLABLE.png\" \/>\n\t<meta property=\"og:image:width\" content=\"1080\" \/>\n\t<meta property=\"og:image:height\" content=\"1080\" \/>\n\t<meta property=\"og:image:type\" content=\"image\/png\" \/>\n<meta name=\"twitter:card\" content=\"summary_large_image\" \/>\n<meta name=\"twitter:label1\" content=\"Dur\u00e9e de lecture estim\u00e9e\" \/>\n\t<meta name=\"twitter:data1\" content=\"2 minutes\" \/>\n<script type=\"application\/ld+json\" class=\"yoast-schema-graph\">{\"@context\":\"https:\/\/schema.org\",\"@graph\":[{\"@type\":\"WebPage\",\"@id\":\"https:\/\/somo-sam.com\/?product=serie-7700-force-reglable\",\"url\":\"https:\/\/somo-sam.com\/?product=serie-7700-force-reglable\",\"name\":\"SERIE 7700 FORCE REGLABLE - SOMO S.A.M\",\"isPartOf\":{\"@id\":\"https:\/\/somo-sam.com\/#website\"},\"primaryImageOfPage\":{\"@id\":\"https:\/\/somo-sam.com\/?product=serie-7700-force-reglable#primaryimage\"},\"image\":{\"@id\":\"https:\/\/somo-sam.com\/?product=serie-7700-force-reglable#primaryimage\"},\"thumbnailUrl\":\"https:\/\/somo-sam.com\/wp-content\/uploads\/2025\/03\/SERIE-7700-FORCE-REGLABLE.png\",\"datePublished\":\"2025-03-10T11:01:45+00:00\",\"dateModified\":\"2025-03-10T11:01:46+00:00\",\"description\":\"La S\u00e9rie 7700 est un ferme-porte \u00e0 encastrer avec technologie Cam-Motion\u00ae, certifi\u00e9 pour les portes coupe-feu jusqu\u2019\u00e0 170 kg.\",\"breadcrumb\":{\"@id\":\"https:\/\/somo-sam.com\/?product=serie-7700-force-reglable#breadcrumb\"},\"inLanguage\":\"fr-FR\",\"potentialAction\":[{\"@type\":\"ReadAction\",\"target\":[\"https:\/\/somo-sam.com\/?product=serie-7700-force-reglable\"]}]},{\"@type\":\"ImageObject\",\"inLanguage\":\"fr-FR\",\"@id\":\"https:\/\/somo-sam.com\/?product=serie-7700-force-reglable#primaryimage\",\"url\":\"https:\/\/somo-sam.com\/wp-content\/uploads\/2025\/03\/SERIE-7700-FORCE-REGLABLE.png\",\"contentUrl\":\"https:\/\/somo-sam.com\/wp-content\/uploads\/2025\/03\/SERIE-7700-FORCE-REGLABLE.png\",\"width\":1080,\"height\":1080},{\"@type\":\"BreadcrumbList\",\"@id\":\"https:\/\/somo-sam.com\/?product=serie-7700-force-reglable#breadcrumb\",\"itemListElement\":[{\"@type\":\"ListItem\",\"position\":1,\"name\":\"Accueil\",\"item\":\"https:\/\/somo-sam.com\/\"},{\"@type\":\"ListItem\",\"position\":2,\"name\":\"Shop\",\"item\":\"https:\/\/somo-sam.com\/?page_id=413\"},{\"@type\":\"ListItem\",\"position\":3,\"name\":\"SERIE 7700 FORCE REGLABLE\"}]},{\"@type\":\"WebSite\",\"@id\":\"https:\/\/somo-sam.com\/#website\",\"url\":\"https:\/\/somo-sam.com\/\",\"name\":\"SOMO S.A.M\",\"description\":\"Votre partenaire en \u00e9quipements h\u00f4teliers et de restauration\",\"potentialAction\":[{\"@type\":\"SearchAction\",\"target\":{\"@type\":\"EntryPoint\",\"urlTemplate\":\"https:\/\/somo-sam.com\/?s={search_term_string}\"},\"query-input\":{\"@type\":\"PropertyValueSpecification\",\"valueRequired\":true,\"valueName\":\"search_term_string\"}}],\"inLanguage\":\"fr-FR\"}]}<\/script>\n<!-- \/ Yoast SEO plugin. -->","yoast_head_json":{"title":"SERIE 7700 FORCE REGLABLE - SOMO S.A.M","description":"La S\u00e9rie 7700 est un ferme-porte \u00e0 encastrer avec technologie Cam-Motion\u00ae, certifi\u00e9 pour les portes coupe-feu jusqu\u2019\u00e0 170 kg.","robots":{"index":"index","follow":"follow","max-snippet":"max-snippet:-1","max-image-preview":"max-image-preview:large","max-video-preview":"max-video-preview:-1"},"canonical":"https:\/\/somo-sam.com\/?product=serie-7700-force-reglable","og_locale":"fr_FR","og_type":"article","og_title":"SERIE 7700 FORCE REGLABLE - SOMO S.A.M","og_description":"La S\u00e9rie 7700 est un ferme-porte \u00e0 encastrer avec technologie Cam-Motion\u00ae, certifi\u00e9 pour les portes coupe-feu jusqu\u2019\u00e0 170 kg.","og_url":"https:\/\/somo-sam.com\/?product=serie-7700-force-reglable","og_site_name":"SOMO S.A.M","article_modified_time":"2025-03-10T11:01:46+00:00","og_image":[{"width":1080,"height":1080,"url":"https:\/\/somo-sam.com\/wp-content\/uploads\/2025\/03\/SERIE-7700-FORCE-REGLABLE.png","type":"image\/png"}],"twitter_card":"summary_large_image","twitter_misc":{"Dur\u00e9e de lecture estim\u00e9e":"2 minutes"},"schema":{"@context":"https:\/\/schema.org","@graph":[{"@type":"WebPage","@id":"https:\/\/somo-sam.com\/?product=serie-7700-force-reglable","url":"https:\/\/somo-sam.com\/?product=serie-7700-force-reglable","name":"SERIE 7700 FORCE REGLABLE - SOMO S.A.M","isPartOf":{"@id":"https:\/\/somo-sam.com\/#website"},"primaryImageOfPage":{"@id":"https:\/\/somo-sam.com\/?product=serie-7700-force-reglable#primaryimage"},"image":{"@id":"https:\/\/somo-sam.com\/?product=serie-7700-force-reglable#primaryimage"},"thumbnailUrl":"https:\/\/somo-sam.com\/wp-content\/uploads\/2025\/03\/SERIE-7700-FORCE-REGLABLE.png","datePublished":"2025-03-10T11:01:45+00:00","dateModified":"2025-03-10T11:01:46+00:00","description":"La S\u00e9rie 7700 est un ferme-porte \u00e0 encastrer avec technologie Cam-Motion\u00ae, certifi\u00e9 pour les portes coupe-feu jusqu\u2019\u00e0 170 kg.","breadcrumb":{"@id":"https:\/\/somo-sam.com\/?product=serie-7700-force-reglable#breadcrumb"},"inLanguage":"fr-FR","potentialAction":[{"@type":"ReadAction","target":["https:\/\/somo-sam.com\/?product=serie-7700-force-reglable"]}]},{"@type":"ImageObject","inLanguage":"fr-FR","@id":"https:\/\/somo-sam.com\/?product=serie-7700-force-reglable#primaryimage","url":"https:\/\/somo-sam.com\/wp-content\/uploads\/2025\/03\/SERIE-7700-FORCE-REGLABLE.png","contentUrl":"https:\/\/somo-sam.com\/wp-content\/uploads\/2025\/03\/SERIE-7700-FORCE-REGLABLE.png","width":1080,"height":1080},{"@type":"BreadcrumbList","@id":"https:\/\/somo-sam.com\/?product=serie-7700-force-reglable#breadcrumb","itemListElement":[{"@type":"ListItem","position":1,"name":"Accueil","item":"https:\/\/somo-sam.com\/"},{"@type":"ListItem","position":2,"name":"Shop","item":"https:\/\/somo-sam.com\/?page_id=413"},{"@type":"ListItem","position":3,"name":"SERIE 7700 FORCE REGLABLE"}]},{"@type":"WebSite","@id":"https:\/\/somo-sam.com\/#website","url":"https:\/\/somo-sam.com\/","name":"SOMO S.A.M","description":"Votre partenaire en \u00e9quipements h\u00f4teliers et de restauration","potentialAction":[{"@type":"SearchAction","target":{"@type":"EntryPoint","urlTemplate":"https:\/\/somo-sam.com\/?s={search_term_string}"},"query-input":{"@type":"PropertyValueSpecification","valueRequired":true,"valueName":"search_term_string"}}],"inLanguage":"fr-FR"}]}},"_links":{"self":[{"href":"https:\/\/somo-sam.com\/index.php?rest_route=\/wp\/v2\/product\/29899","targetHints":{"allow":["GET"]}}],"collection":[{"href":"https:\/\/somo-sam.com\/index.php?rest_route=\/wp\/v2\/product"}],"about":[{"href":"https:\/\/somo-sam.com\/index.php?rest_route=\/wp\/v2\/types\/product"}],"version-history":[{"count":1,"href":"https:\/\/somo-sam.com\/index.php?rest_route=\/wp\/v2\/product\/29899\/revisions"}],"predecessor-version":[{"id":29913,"href":"https:\/\/somo-sam.com\/index.php?rest_route=\/wp\/v2\/product\/29899\/revisions\/29913"}],"wp:featuredmedia":[{"embeddable":true,"href":"https:\/\/somo-sam.com\/index.php?rest_route=\/wp\/v2\/media\/29900"}],"wp:attachment":[{"href":"https:\/\/somo-sam.com\/index.php?rest_route=%2Fwp%2Fv2%2Fmedia&parent=29899"}],"wp:term":[{"taxonomy":"product_brand","embeddable":true,"href":"https:\/\/somo-sam.com\/index.php?rest_route=%2Fwp%2Fv2%2Fproduct_brand&post=29899"},{"taxonomy":"product_cat","embeddable":true,"href":"https:\/\/somo-sam.com\/index.php?rest_route=%2Fwp%2Fv2%2Fproduct_cat&post=29899"},{"taxonomy":"product_tag","embeddable":true,"href":"https:\/\/somo-sam.com\/index.php?rest_route=%2Fwp%2Fv2%2Fproduct_tag&post=29899"}],"curies":[{"name":"wp","href":"https:\/\/api.w.org\/{rel}","templated":true}]}}